{"id":1023,"date":"2018-06-22T11:53:15","date_gmt":"2018-06-22T09:53:15","guid":{"rendered":"https:\/\/www.fst.uha.fr\/?page_id=1023"},"modified":"2024-08-27T15:20:58","modified_gmt":"2024-08-27T13:20:58","slug":"scolarite","status":"publish","type":"page","link":"https:\/\/www.fst.uha.fr\/index.php\/scolarite\/","title":{"rendered":"Scolarit\u00e9"},"content":{"rendered":"<hr \/>\n<p><img loading=\"lazy\" decoding=\"async\" class=\"alignnone size-full wp-image-1091\" src=\"https:\/\/www.fst.uha.fr\/wp-content\/uploads\/2018\/06\/Scol.png\" alt=\"\" width=\"1920\" height=\"501\" srcset=\"https:\/\/www.fst.uha.fr\/wp-content\/uploads\/2018\/06\/Scol.png 1920w, https:\/\/www.fst.uha.fr\/wp-content\/uploads\/2018\/06\/Scol-300x78.png 300w, https:\/\/www.fst.uha.fr\/wp-content\/uploads\/2018\/06\/Scol-768x200.png 768w, https:\/\/www.fst.uha.fr\/wp-content\/uploads\/2018\/06\/Scol-1024x267.png 1024w\" sizes=\"auto, (max-width: 1920px) 100vw, 1920px\" \/><\/p>\n<p><span style=\"color: #3366ff;\"><strong>La scolarit\u00e9 du b\u00e2timent K est ouverte tous les matins de 7h45 \u00e0 12h.<\/strong><\/span><\/p>\n<p><span style=\"color: #3366ff;\"><strong>La scolarit\u00e9 du b\u00e2timent O est ouverte tous les jours sur rendez-vous de 7h30 \u00e0 12h.<\/strong><\/span><\/p>\n<p><span style=\"color: #3366ff;\"><strong>La scolarit\u00e9 du b\u00e2timent I est ouverte tous les jours du lundi au vendredi de 8h15 \u00e0 12h et de 13h45 \u00e0 16h30.<\/strong><\/span><\/p>\n<p>&nbsp;<\/p>\n<h4>Liste des gestionnaires de scolarit\u00e9 en fonction de la formation\u00a0 :<\/h4>\n<table style=\"height: 422px;\" width=\"1306\">\n<tbody>\n<tr>\n<td style=\"text-align: center;\" colspan=\"2\" width=\"1091\"><strong>LICENCES<\/strong><\/td>\n<\/tr>\n<tr>\n<td width=\"521\">M\u00e9thodes Informatiques Appliqu\u00e9es \u00e0 la Gestion des Entreprises (MIAGE) (*)<\/td>\n<td width=\"570\">Patricia BONT\u00c9<\/td>\n<\/tr>\n<tr>\n<td>Math\u00e9matiques<\/td>\n<td width=\"570\">L1 : Catherine KEMPF \u00a0\u00a0\u00a0 L2 : Hasiba DOUAKHA \u00a0\u00a0\u00a0\u00a0\u00a0\u00a0 L3 : Hasiba DOUAKHA<\/td>\n<\/tr>\n<tr>\n<td>Informatique<\/td>\n<td width=\"570\">L1 : Catherine KEMPF\u00a0\u00a0\u00a0\u00a0 L2 : Hasiba DOUAKHA \u00a0\u00a0\u00a0\u00a0\u00a0\u00a0 L3 : Patricia BONT\u00c9<\/td>\n<\/tr>\n<tr>\n<td><\/td>\n<td><\/td>\n<\/tr>\n<tr>\n<td>Physique<\/td>\n<td width=\"570\">L1 : Catherine KEMPF \u00a0\u00a0\u00a0\u00a0 L2 : Sylvie MUNCH\u00a0\u00a0\u00a0\u00a0\u00a0\u00a0\u00a0\u00a0\u00a0\u00a0\u00a0\u00a0 L3 : Sol\u00e8ne MOUNIS<\/td>\n<\/tr>\n<tr>\n<td>Chimie<\/td>\n<td width=\"570\">L1 : Catherine KEMPF \u00a0\u00a0\u00a0\u00a0 L2 : Sylvie MUNCH\u00a0\u00a0\u00a0\u00a0\u00a0\u00a0\u00a0\u00a0\u00a0\u00a0\u00a0\u00a0 L3 : Sol\u00e8ne MOUNIS<\/td>\n<\/tr>\n<tr>\n<td width=\"521\">Environnement, S\u00e9curit\u00e9, Risques<\/td>\n<td>L1 : Catherine KEMPF \u00a0\u00a0\u00a0\u00a0 L2 : Sylvie MUNCH\u00a0\u00a0\u00a0 L3 : Evelyne BUYLE<\/td>\n<\/tr>\n<tr>\n<td>Regio Chimica*<\/td>\n<td width=\"570\">L1 : R\u00e9gine GSCHWINDENMANN \u00a0\u00a0\u00a0\u00a0 L2 : Sylvie MUNCH\u00a0\u00a0\u00a0\u00a0 L3 : Sol\u00e8ne MOUNIS<\/td>\n<\/tr>\n<tr>\n<td>Physchem Parcours renforc\u00e9 (*)<\/td>\n<td width=\"570\">L1 : Sylvie MUNCH \u00a0\u00a0\u00a0 L2 : Sylvie MUNCH\u00a0\u00a0\u00a0\u00a0\u00a0\u00a0\u00a0\u00a0\u00a0\u00a0\u00a0\u00a0 L3 : Sol\u00e8ne MOUNIS<\/td>\n<\/tr>\n<tr>\n<td width=\"521\">SPI Electronique, Energie \u00e9lectrique et Automatique<\/td>\n<td>L1 : Catherine KEMPF\u00a0\u00a0 L2 : Sylvie MUNCH\u00a0\u00a0 L3 : R\u00e9gine GSCHWINDENMANN<\/td>\n<\/tr>\n<tr>\n<td>SPI\u00a0M\u00e9canique<\/td>\n<td>L1 : Catherine KEMPF\u00a0\u00a0 L2 : Sylvie MUNCH\u00a0\u00a0 L3 : Marie-Jos\u00e9e DEBUYSER<\/td>\n<\/tr>\n<tr>\n<td>L1 2A<\/td>\n<td>St\u00e9phanie MAIRE<\/td>\n<\/tr>\n<\/tbody>\n<\/table>\n<p>&nbsp;<\/p>\n<table style=\"height: 78px;\" width=\"838\">\n<tbody>\n<tr>\n<td style=\"text-align: center;\" colspan=\"2\" width=\"1091\"><strong>LICENCE STAPS<\/strong><\/td>\n<\/tr>\n<tr>\n<td width=\"521\">Parcours Activit\u00e9s Physiques Adapt\u00e9es et Sant\u00e9<\/td>\n<td>Aur\u00e9lie NAZE<\/td>\n<\/tr>\n<\/tbody>\n<\/table>\n<p>&nbsp;<\/p>\n<table style=\"height: 277px;\" width=\"700\">\n<tbody>\n<tr>\n<td style=\"text-align: center;\" colspan=\"2\" width=\"1091\"><strong>MASTERS<\/strong><\/td>\n<\/tr>\n<tr>\n<td width=\"521\">Master \u00ab\u00a0Chimie mol\u00e9culaire et macro-mol\u00e9culaire\u00a0\u00bb<\/td>\n<td>Evelyne BUYLE<\/td>\n<\/tr>\n<tr>\n<td width=\"521\">Master 1 \u00ab\u00a0EEA &#8211; Automatique et Informatique Industrielle<\/td>\n<td>Sylvie MUNCH<\/td>\n<\/tr>\n<tr>\n<td>Master \u00ab\u00a0Informatique et mobilit\u00e9\u00a0\u00bb<\/td>\n<td>Patricia BONT\u00c9<\/td>\n<\/tr>\n<tr>\n<td width=\"521\">Master \u00ab\u00a0Ing\u00e9nierie math\u00e9matique et Data Science\u00a0\u00bb<\/td>\n<td>Patricia BONT\u00c9<\/td>\n<\/tr>\n<tr>\n<td>Master \u00ab\u00a0MIAGE\u00a0\u00bb<\/td>\n<td>Patricia BONT\u00c9<\/td>\n<\/tr>\n<tr>\n<td width=\"521\">Masters \u00ab\u00a0Risques et Environnement\u00a0\u00bb<\/td>\n<td>Evelyne BUYLE<\/td>\n<\/tr>\n<tr>\n<td width=\"521\">Master \u00ab\u00a0Formulation de Mat\u00e9riaux et Fonctionnalisation de Surfaces\u00a0\u00bb<\/td>\n<td>Sylvie MUNCH<\/td>\n<\/tr>\n<\/tbody>\n<\/table>\n<h2>Demande d&rsquo;attestation<\/h2>\n<hr \/>\n<p><a href=\"https:\/\/www.fst.uha.fr\/wp-content\/uploads\/2020\/08\/Demande-certificat-scolarite\u0301.docx\" target=\"_blank\" rel=\"noopener noreferrer\">Certificat de scolarit\u00e9<\/a><\/p>\n<p><a href=\"https:\/\/www.fst.uha.fr\/wp-content\/uploads\/2020\/08\/Demande-duplicata-relev\u00e9-notes.docx\" target=\"_blank\" rel=\"noopener noreferrer\">Duplicata de relev\u00e9 de notes<\/a><\/p>\n<p><a href=\"https:\/\/www.fst.uha.fr\/wp-content\/uploads\/2020\/08\/Demande-duplicata-attestation-r\u00e9ussite.docx\" target=\"_blank\" rel=\"noopener noreferrer\">Duplicata d&rsquo;attestation de r\u00e9ussite<\/a><\/p>\n<h2>Contacts<\/h2>\n<hr \/>\n<div class=\"su-row\"><div class=\"su-column su-column-size-1-3\"><div class=\"su-column-inner su-u-clearfix su-u-trim\">\n<h5><strong>B\u00e2timent K<\/strong><\/h5>\n<p><strong>St\u00e9phanie MAIRE <\/strong> <em>Responsable<\/em><br \/>\n<a href=\"mailto:stephanie.maire@uha.fr\">stephanie.maire@uha.fr<\/a><\/p>\n<p><strong>Sylvie MUNCH <\/strong>(sauf mercredi)<br \/>\n<a href=\"mailto:sylvie.munch@uha.fr\">sylvie.munch@uha.fr<\/a><\/p>\n<p><strong>Catherine KEMPF<\/strong> (sauf vendredi)<br \/>\n<a href=\"mailto:catherine.kempf@uha.fr\">catherine.kempf@uha.fr<\/a><\/p>\n<p><strong>Hasiba DOUAKHA<\/strong> (sauf mercredi)<br \/>\n<a href=\"mailto:hasiba.douakha@uha.fr\">hasiba.douakha@uha.fr<\/a><\/p>\n<p><strong>R\u00e9gine GSCHWINDENMANN <\/strong>(sauf mercredi)<br \/>\n<a href=\"mailto:regine.gschwindenmann@uha.fr\">regine.gschwindenmann@uha.fr<\/a><\/p>\n<p><strong>Sol\u00e8ne MOUNIS<br \/>\n<\/strong><a href=\"mailto:solene.mounis@uha.fr\">solene.mounis@uha.fr<\/a><\/p>\n<p><strong>Aur\u00e9lie NAZE<\/strong><br \/>\n<a href=\"mailto:aurelie.naze@uha.fr\">aurelie.naze@uha.fr<\/a><\/p>\n<\/div><\/div>\n<div class=\"su-column su-column-size-1-3\"><div class=\"su-column-inner su-u-clearfix su-u-trim\">\n<h5><strong>Scolarit\u00e9 Risques et environnement (B\u00e2timent O)<br \/>\n<\/strong><\/h5>\n<p><strong>Evelyne BUYLE<\/strong><br \/>\n<a href=\"mailto:evelyne.buyle@uha.fr\">evelyne.buyle@uha.fr <\/a><\/p>\n<\/div><\/div>\n<div class=\"su-column su-column-size-1-3\"><div class=\"su-column-inner su-u-clearfix su-u-trim\">\n<h5><strong>Scolarit\u00e9 MIAGE \/ Info (B\u00e2timent I)<br \/>\n<\/strong><\/h5>\n<p><strong>Patricia BONTE<\/strong><br \/>\n<a href=\"mailto:patricia.bonte@uha.fr\">patricia.bonte@uha.fr<\/a><\/p>\n<\/div><\/div><\/div>\n<hr \/>\n<p>&nbsp;<\/p>\n<p>&nbsp;<\/p>\n<p>&nbsp;<\/p>\n","protected":false},"excerpt":{"rendered":"<p>La scolarit\u00e9 du b\u00e2timent K est ouverte tous les matins de 7h45 \u00e0 12h. La scolarit\u00e9 du b\u00e2timent O est ouverte tous les jours sur rendez-vous de 7h30 \u00e0 12h. La scolarit\u00e9 du b\u00e2timent I est ouverte tous les jours du lundi au vendredi de 8h15 \u00e0 12h et de 13h45 \u00e0 16h30. &nbsp; Liste [&hellip;]<\/p>\n","protected":false},"author":1,"featured_media":1093,"parent":0,"menu_order":0,"comment_status":"closed","ping_status":"closed","template":"","meta":{"footnotes":""},"categories":[14],"tags":[],"class_list":["post-1023","page","type-page","status-publish","has-post-thumbnail","hentry","category-etudiants"],"yoast_head":"<!-- This site is optimized with the Yoast SEO plugin v27.0 - https:\/\/yoast.com\/product\/yoast-seo-wordpress\/ -->\n<title>Scolarit\u00e9 - FST - Facult\u00e9 des Sciences de Mulhouse<\/title>\n<meta name=\"robots\" content=\"index, follow, max-snippet:-1, max-image-preview:large, max-video-preview:-1\" \/>\n<link rel=\"canonical\" href=\"https:\/\/www.fst.uha.fr\/index.php\/scolarite\/\" \/>\n<meta property=\"og:locale\" content=\"fr_FR\" \/>\n<meta property=\"og:type\" content=\"article\" \/>\n<meta property=\"og:title\" content=\"Scolarit\u00e9 - FST - Facult\u00e9 des Sciences de Mulhouse\" \/>\n<meta property=\"og:description\" content=\"La scolarit\u00e9 du b\u00e2timent K est ouverte tous les matins de 7h45 \u00e0 12h. La scolarit\u00e9 du b\u00e2timent O est ouverte tous les jours sur rendez-vous de 7h30 \u00e0 12h. La scolarit\u00e9 du b\u00e2timent I est ouverte tous les jours du lundi au vendredi de 8h15 \u00e0 12h et de 13h45 \u00e0 16h30. &nbsp; Liste [&hellip;]\" \/>\n<meta property=\"og:url\" content=\"https:\/\/www.fst.uha.fr\/index.php\/scolarite\/\" \/>\n<meta property=\"og:site_name\" content=\"FST - Facult\u00e9 des Sciences et Techniques | Universit\u00e9 de Haute-Alsace\" \/>\n<meta property=\"article:modified_time\" content=\"2024-08-27T13:20:58+00:00\" \/>\n<meta property=\"og:image\" content=\"https:\/\/www.fst.uha.fr\/wp-content\/uploads\/2018\/06\/AdobeStock_82241350-683x1024.jpg\" \/>\n\t<meta property=\"og:image:width\" content=\"683\" \/>\n\t<meta property=\"og:image:height\" content=\"1024\" \/>\n\t<meta property=\"og:image:type\" content=\"image\/jpeg\" \/>\n<meta name=\"twitter:card\" content=\"summary_large_image\" \/>\n<meta name=\"twitter:label1\" content=\"Dur\u00e9e de lecture estim\u00e9e\" \/>\n\t<meta name=\"twitter:data1\" content=\"3 minutes\" \/>\n<script type=\"application\/ld+json\" class=\"yoast-schema-graph\">{\"@context\":\"https:\/\/schema.org\",\"@graph\":[{\"@type\":\"WebPage\",\"@id\":\"https:\/\/www.fst.uha.fr\/index.php\/scolarite\/\",\"url\":\"https:\/\/www.fst.uha.fr\/index.php\/scolarite\/\",\"name\":\"Scolarit\u00e9 - FST - Facult\u00e9 des Sciences de Mulhouse\",\"isPartOf\":{\"@id\":\"https:\/\/www.fst.uha.fr\/#website\"},\"primaryImageOfPage\":{\"@id\":\"https:\/\/www.fst.uha.fr\/index.php\/scolarite\/#primaryimage\"},\"image\":{\"@id\":\"https:\/\/www.fst.uha.fr\/index.php\/scolarite\/#primaryimage\"},\"thumbnailUrl\":\"https:\/\/www.fst.uha.fr\/wp-content\/uploads\/2018\/06\/AdobeStock_82241350.jpg\",\"datePublished\":\"2018-06-22T09:53:15+00:00\",\"dateModified\":\"2024-08-27T13:20:58+00:00\",\"breadcrumb\":{\"@id\":\"https:\/\/www.fst.uha.fr\/index.php\/scolarite\/#breadcrumb\"},\"inLanguage\":\"fr-FR\",\"potentialAction\":[{\"@type\":\"ReadAction\",\"target\":[\"https:\/\/www.fst.uha.fr\/index.php\/scolarite\/\"]}]},{\"@type\":\"ImageObject\",\"inLanguage\":\"fr-FR\",\"@id\":\"https:\/\/www.fst.uha.fr\/index.php\/scolarite\/#primaryimage\",\"url\":\"https:\/\/www.fst.uha.fr\/wp-content\/uploads\/2018\/06\/AdobeStock_82241350.jpg\",\"contentUrl\":\"https:\/\/www.fst.uha.fr\/wp-content\/uploads\/2018\/06\/AdobeStock_82241350.jpg\",\"width\":3744,\"height\":5616,\"caption\":\"Portrait of attractive female designer in office.\"},{\"@type\":\"BreadcrumbList\",\"@id\":\"https:\/\/www.fst.uha.fr\/index.php\/scolarite\/#breadcrumb\",\"itemListElement\":[{\"@type\":\"ListItem\",\"position\":1,\"name\":\"Accueil\",\"item\":\"https:\/\/www.fst.uha.fr\/\"},{\"@type\":\"ListItem\",\"position\":2,\"name\":\"Scolarit\u00e9\"}]},{\"@type\":\"WebSite\",\"@id\":\"https:\/\/www.fst.uha.fr\/#website\",\"url\":\"https:\/\/www.fst.uha.fr\/\",\"name\":\"FST - Facult\u00e9 des Sciences et Techniques | Universit\u00e9 de Haute-Alsace\",\"description\":\"Campus Illberg | Universit\u00e9 de Haute-Alsace\",\"potentialAction\":[{\"@type\":\"SearchAction\",\"target\":{\"@type\":\"EntryPoint\",\"urlTemplate\":\"https:\/\/www.fst.uha.fr\/?s={search_term_string}\"},\"query-input\":{\"@type\":\"PropertyValueSpecification\",\"valueRequired\":true,\"valueName\":\"search_term_string\"}}],\"inLanguage\":\"fr-FR\"}]}<\/script>\n<!-- \/ Yoast SEO plugin. -->","yoast_head_json":{"title":"Scolarit\u00e9 - FST - Facult\u00e9 des Sciences de Mulhouse","robots":{"index":"index","follow":"follow","max-snippet":"max-snippet:-1","max-image-preview":"max-image-preview:large","max-video-preview":"max-video-preview:-1"},"canonical":"https:\/\/www.fst.uha.fr\/index.php\/scolarite\/","og_locale":"fr_FR","og_type":"article","og_title":"Scolarit\u00e9 - FST - Facult\u00e9 des Sciences de Mulhouse","og_description":"La scolarit\u00e9 du b\u00e2timent K est ouverte tous les matins de 7h45 \u00e0 12h. La scolarit\u00e9 du b\u00e2timent O est ouverte tous les jours sur rendez-vous de 7h30 \u00e0 12h. La scolarit\u00e9 du b\u00e2timent I est ouverte tous les jours du lundi au vendredi de 8h15 \u00e0 12h et de 13h45 \u00e0 16h30. &nbsp; Liste [&hellip;]","og_url":"https:\/\/www.fst.uha.fr\/index.php\/scolarite\/","og_site_name":"FST - Facult\u00e9 des Sciences et Techniques | Universit\u00e9 de Haute-Alsace","article_modified_time":"2024-08-27T13:20:58+00:00","og_image":[{"width":683,"height":1024,"url":"https:\/\/www.fst.uha.fr\/wp-content\/uploads\/2018\/06\/AdobeStock_82241350-683x1024.jpg","type":"image\/jpeg"}],"twitter_card":"summary_large_image","twitter_misc":{"Dur\u00e9e de lecture estim\u00e9e":"3 minutes"},"schema":{"@context":"https:\/\/schema.org","@graph":[{"@type":"WebPage","@id":"https:\/\/www.fst.uha.fr\/index.php\/scolarite\/","url":"https:\/\/www.fst.uha.fr\/index.php\/scolarite\/","name":"Scolarit\u00e9 - FST - Facult\u00e9 des Sciences de Mulhouse","isPartOf":{"@id":"https:\/\/www.fst.uha.fr\/#website"},"primaryImageOfPage":{"@id":"https:\/\/www.fst.uha.fr\/index.php\/scolarite\/#primaryimage"},"image":{"@id":"https:\/\/www.fst.uha.fr\/index.php\/scolarite\/#primaryimage"},"thumbnailUrl":"https:\/\/www.fst.uha.fr\/wp-content\/uploads\/2018\/06\/AdobeStock_82241350.jpg","datePublished":"2018-06-22T09:53:15+00:00","dateModified":"2024-08-27T13:20:58+00:00","breadcrumb":{"@id":"https:\/\/www.fst.uha.fr\/index.php\/scolarite\/#breadcrumb"},"inLanguage":"fr-FR","potentialAction":[{"@type":"ReadAction","target":["https:\/\/www.fst.uha.fr\/index.php\/scolarite\/"]}]},{"@type":"ImageObject","inLanguage":"fr-FR","@id":"https:\/\/www.fst.uha.fr\/index.php\/scolarite\/#primaryimage","url":"https:\/\/www.fst.uha.fr\/wp-content\/uploads\/2018\/06\/AdobeStock_82241350.jpg","contentUrl":"https:\/\/www.fst.uha.fr\/wp-content\/uploads\/2018\/06\/AdobeStock_82241350.jpg","width":3744,"height":5616,"caption":"Portrait of attractive female designer in office."},{"@type":"BreadcrumbList","@id":"https:\/\/www.fst.uha.fr\/index.php\/scolarite\/#breadcrumb","itemListElement":[{"@type":"ListItem","position":1,"name":"Accueil","item":"https:\/\/www.fst.uha.fr\/"},{"@type":"ListItem","position":2,"name":"Scolarit\u00e9"}]},{"@type":"WebSite","@id":"https:\/\/www.fst.uha.fr\/#website","url":"https:\/\/www.fst.uha.fr\/","name":"FST - Facult\u00e9 des Sciences et Techniques | Universit\u00e9 de Haute-Alsace","description":"Campus Illberg | Universit\u00e9 de Haute-Alsace","potentialAction":[{"@type":"SearchAction","target":{"@type":"EntryPoint","urlTemplate":"https:\/\/www.fst.uha.fr\/?s={search_term_string}"},"query-input":{"@type":"PropertyValueSpecification","valueRequired":true,"valueName":"search_term_string"}}],"inLanguage":"fr-FR"}]}},"_links":{"self":[{"href":"https:\/\/www.fst.uha.fr\/index.php\/wp-json\/wp\/v2\/pages\/1023","targetHints":{"allow":["GET"]}}],"collection":[{"href":"https:\/\/www.fst.uha.fr\/index.php\/wp-json\/wp\/v2\/pages"}],"about":[{"href":"https:\/\/www.fst.uha.fr\/index.php\/wp-json\/wp\/v2\/types\/page"}],"author":[{"embeddable":true,"href":"https:\/\/www.fst.uha.fr\/index.php\/wp-json\/wp\/v2\/users\/1"}],"replies":[{"embeddable":true,"href":"https:\/\/www.fst.uha.fr\/index.php\/wp-json\/wp\/v2\/comments?post=1023"}],"version-history":[{"count":32,"href":"https:\/\/www.fst.uha.fr\/index.php\/wp-json\/wp\/v2\/pages\/1023\/revisions"}],"predecessor-version":[{"id":4572,"href":"https:\/\/www.fst.uha.fr\/index.php\/wp-json\/wp\/v2\/pages\/1023\/revisions\/4572"}],"wp:featuredmedia":[{"embeddable":true,"href":"https:\/\/www.fst.uha.fr\/index.php\/wp-json\/wp\/v2\/media\/1093"}],"wp:attachment":[{"href":"https:\/\/www.fst.uha.fr\/index.php\/wp-json\/wp\/v2\/media?parent=1023"}],"wp:term":[{"taxonomy":"category","embeddable":true,"href":"https:\/\/www.fst.uha.fr\/index.php\/wp-json\/wp\/v2\/categories?post=1023"},{"taxonomy":"post_tag","embeddable":true,"href":"https:\/\/www.fst.uha.fr\/index.php\/wp-json\/wp\/v2\/tags?post=1023"}],"curies":[{"name":"wp","href":"https:\/\/api.w.org\/{rel}","templated":true}]}}