{"id":103,"date":"2018-04-25T15:00:19","date_gmt":"2018-04-25T13:00:19","guid":{"rendered":"https:\/\/www.fst.uha.fr\/?page_id=103"},"modified":"2024-03-04T09:29:05","modified_gmt":"2024-03-04T08:29:05","slug":"stage-insertion-professionnelle","status":"publish","type":"page","link":"https:\/\/www.fst.uha.fr\/index.php\/formations\/stage-insertion-professionnelle\/","title":{"rendered":"Stage &#038; insertion professionnelle"},"content":{"rendered":"<p><img loading=\"lazy\" decoding=\"async\" class=\"alignnone size-full wp-image-978\" src=\"https:\/\/www.fst.uha.fr\/wp-content\/uploads\/2018\/06\/sTAGE.png\" alt=\"\" width=\"1920\" height=\"501\" srcset=\"https:\/\/www.fst.uha.fr\/wp-content\/uploads\/2018\/06\/sTAGE.png 1920w, https:\/\/www.fst.uha.fr\/wp-content\/uploads\/2018\/06\/sTAGE-300x78.png 300w, https:\/\/www.fst.uha.fr\/wp-content\/uploads\/2018\/06\/sTAGE-768x200.png 768w, https:\/\/www.fst.uha.fr\/wp-content\/uploads\/2018\/06\/sTAGE-1024x267.png 1024w\" sizes=\"auto, (max-width: 1920px) 100vw, 1920px\" \/><\/p>\n<p>Le stage en entreprise permet \u00e0 un \u00e9tudiant de compl\u00e9ter sa formation par une immersion dans le milieu professionnel. Encadr\u00e9 par un ma\u00eetre de stage, l\u2019\u00e9tudiant stagiaire r\u00e9alise une ou des missions en rapport avec le dipl\u00f4me pr\u00e9par\u00e9.<\/p>\n<div class=\"su-row\">\n<div class=\"su-column su-column-size-2-3\"><div class=\"su-column-inner su-u-clearfix su-u-trim\">\n<h2>Offres de stage et d\u2019emploi<\/h2>\n<p>L&rsquo;Universit\u00e9 de Haute-Alsace propose une plateforme Jobteaser sur laquelle les entreprises peuvent diffuser directement aupr\u00e8s des \u00e9tudiants leurs offres d&#8217;emplois et de stages.<br \/>\n<a href=\"https:\/\/uha.jobteaser.com\/\" class=\"su-button su-button-style-default\" style=\"color:#FFFFFF;background-color:#004996;border-color:#003b78;border-radius:5px\" target=\"_blank\" rel=\"noopener noreferrer\"><span style=\"color:#FFFFFF;padding:6px 16px;font-size:13px;line-height:20px;border-color:#4d80b6;border-radius:5px;text-shadow:none\"><i class=\"sui sui-link\" style=\"font-size:13px;color:#FFFFFF\"><\/i> Acc\u00e9der \u00e0 la plateforme Jobteaser UHA<\/span><\/a>\n<div class=\"su-accordion su-u-trim\">\n<div class=\"su-spoiler su-spoiler-style-fancy su-spoiler-icon-plus-circle su-spoiler-closed\" data-scroll-offset=\"0\" data-anchor-in-url=\"no\"><div class=\"su-spoiler-title\" tabindex=\"0\" role=\"button\"><span class=\"su-spoiler-icon\"><\/span>Quelques liens utiles<\/div><div class=\"su-spoiler-content su-u-clearfix su-u-trim\">\n<p>Consultez r\u00e9guli\u00e8rement diff\u00e9rents sites sp\u00e9cialis\u00e9s afin de trouver l\u2019offre qui vous correspond !<\/p>\n<p><strong>Trouver un stage en France :<\/strong><\/p>\n<ul>\n<li><a href=\"http:\/\/www.apec.fr\/\" target=\"_blank\" rel=\"noopener noreferrer\">Apec<\/a>,<\/li>\n<li><a href=\"http:\/\/www.kapstages.com\/\">Kapstages<\/a>,<\/li>\n<li><a href=\"http:\/\/www.stages-alsace.net\/\" target=\"_blank\" rel=\"noopener noreferrer\">Stages-alsace<\/a>,<\/li>\n<li><a href=\"http:\/\/www.cidj.com\/offres-de-stage\" target=\"_blank\" rel=\"noopener noreferrer\">CIDJ<\/a>,<\/li>\n<li><a href=\"http:\/\/www.iquesta.com\/\" target=\"_blank\" rel=\"noopener noreferrer\">IQuesta<\/a>,<\/li>\n<li><a href=\"http:\/\/www.teli.asso.fr\/\" target=\"_blank\" rel=\"noopener noreferrer\">Teli asso<\/a>,<\/li>\n<li><a href=\"https:\/\/joblift.fr\/\">joblift,<\/a><\/li>\n<li><a href=\"https:\/\/www.hellowork.com\/fr-fr\/stage.html\" target=\"_blank\" rel=\"noopener\">HelloWork<\/a>,<\/li>\n<li><a href=\"http:\/\/www.placeojeunes.com\/\">PlaceOJeunes<\/a><\/li>\n<\/ul>\n<p><strong>Trouvez un stage \u00e0 l\u2019\u00e9tranger<\/strong> :<\/p>\n<ul>\n<li><a href=\"http:\/\/www.euroguidance-france.org\/fr\/\" target=\"_blank\" rel=\"noopener noreferrer\">Euroguidance<\/a>,<\/li>\n<li><a href=\"http:\/\/www.universityjobs.com\/\" target=\"_blank\" rel=\"noopener noreferrer\">University jobs<\/a>,<\/li>\n<li><a href=\"http:\/\/erasmusintern.org\/\" target=\"_blank\" rel=\"noopener noreferrer\">Erasmusintern<\/a>,<\/li>\n<li><a href=\"http:\/\/www.diplomatie.gouv.fr\/\" target=\"_blank\" rel=\"noopener noreferrer\">France diplomatie<\/a>,<\/li>\n<li><a href=\"http:\/\/www.easyexpat.com\/\" target=\"_blank\" rel=\"noopener noreferrer\">Easyexpat<\/a>,<\/li>\n<li><a href=\"http:\/\/www.europractice.com\/\" target=\"_blank\" rel=\"noopener noreferrer\">Europractic<\/a>,<\/li>\n<li><a href=\"https:\/\/www.placement-uk.com\/\" target=\"_blank\" rel=\"noopener noreferrer\">Placement UK<\/a>,<\/li>\n<li><a href=\"https:\/\/joblift.fr\/\" target=\"_blank\" rel=\"noopener noreferrer\">joblift<\/a><\/li>\n<\/ul>\n<p><a href=\"https:\/\/www.europelanguagejobs.com\/\">Plateforme de recrutement en ligne pour emplois et stages, sp\u00e9cialis\u00e9e dans les postes \u00e0 travers toute l\u2019Europe<\/a>, dont la plupart sont multilingues ou requi\u00e8rent des langues \u00e9trang\u00e8res<\/p>\n<ul>\n<li>Stage en <strong>Espagne<\/strong> : <a href=\"http:\/\/www.dialogo.es\/\" target=\"_blank\" rel=\"noopener noreferrer\">Dialogo<\/a><\/li>\n<li>Stage au <strong>Royaume-Uni<\/strong> : <a href=\"http:\/\/www.placement-uk.com\/\">Placement-uk<\/a><\/li>\n<li>Stage en <strong>Allemagne<\/strong> : <a href=\"http:\/\/www.connexion-emploi.com\/fr\" target=\"_blank\" rel=\"noopener noreferrer\">Connexion emploi<\/a>, <a href=\"http:\/\/jobboerse.arbeitsagentur.de\/vamJB\/startseite.html?kgr=as&amp;aa=1&amp;m=1&amp;vorschlagsfunktionaktiv=true\" target=\"_blank\" rel=\"noopener noreferrer\">Jobboerse arbeitsagentur<\/a>, <a href=\"http:\/\/reussirsansfrontiere.eu\/\">R\u00e9ussir sans fronti\u00e8re <\/a>, <a href=\"http:\/\/www.euroguidance-france.org\/stages-jobs-emplois\/stages\/\">Euroguidance ,<\/a><\/li>\n<li>Stage en <strong>Suisse<\/strong> : <a href=\"http:\/\/www.students.ch\/fr\/?ref=logo-home\" target=\"_blank\" rel=\"noopener noreferrer\">Students<\/a>, <a href=\"http:\/\/www.euroguidance-france.org\/wp-content\/uploads\/2014\/07\/emploisstages-Allemagne-CIDAL.pdf\">Euroguidance<\/a><\/li>\n<\/ul>\n<\/div><\/div>\n<div class=\"su-spoiler su-spoiler-style-fancy su-spoiler-icon-plus-circle su-spoiler-closed\" data-scroll-offset=\"0\" data-anchor-in-url=\"no\"><div class=\"su-spoiler-title\" tabindex=\"0\" role=\"button\"><span class=\"su-spoiler-icon\"><\/span>Des sites sp\u00e9cialis\u00e9s par secteurs<\/div><div class=\"su-spoiler-content su-u-clearfix su-u-trim\">\n<p>Emplois tous secteurs en France et \u00e0 l\u2019\u00e9tranger : <a href=\"https:\/\/joblift.fr\/\">joblift<\/a><\/p>\n<p>Site sp\u00e9cialiste des professions des <strong>TIC Internet<\/strong>, <strong>cr\u00e9ation num\u00e9rique<\/strong>,<strong> DVD<\/strong>, <strong>jeux vid\u00e9o<\/strong>\u2026 ainsi que les fonctions supports : <a href=\"http:\/\/www.graphic-jobs.com\/\">graphic-jobs<\/a><\/p>\n<p>Emploi dans le <strong>fonction publique<\/strong> (vous pouvez y trouver des id\u00e9es de stages et des contacts) : <a href=\"https:\/\/choisirleservicepublic.gouv.fr\/nos-offres\/\" target=\"_blank\" rel=\"noopener\">Biep<\/a><\/p>\n<p>Offres en <strong>R&amp;D<\/strong>, <strong>marketing<\/strong>, <strong>logistique<\/strong> et fonctions supports : <a href=\"http:\/\/www.pierre-fabre.com\/fr\">Pierre-fabre<\/a> (rubrique Ressources humaines) <a href=\"http:\/\/www.cea.fr\/emploi\/\">CEA<\/a><\/p>\n<p>Offres de stages\/emplois dans le domaine <strong>informatique <\/strong>et du<strong> web<\/strong> : <a href=\"http:\/\/www.lesjeudis.com\/\">Les jeudis<\/a>,<a href=\"http:\/\/emploi.alsacreations.com\/\"> alsacr\u00e9ation<\/a><\/p>\n<p>Offres dans le secteur <strong>a\u00e9ronautique,<\/strong> <strong>transport<\/strong>, <strong>automobile<\/strong>, <strong>d\u00e9fense<\/strong> : <a href=\"https:\/\/www.3ds.com\/fr\/careers\/jobs\">3ds<\/a>, <a href=\"http:\/\/www.utc.com\/Careers\/Campus-Recruiting\/Pages\/default.aspx\">UTC<\/a>, <a href=\"https:\/\/jobs.groupe-psa.com\/offre-de-emploi\/liste-offres.aspx?mode=layer&amp;lcid=1036&amp;facet_JobDescription_Contract=579&amp;facet_JobDescription_Contract=1871\">Stellantis Stages<\/a>,<a href=\"http:\/\/www.aerocontact.com\/emploi-aeronautique\/offres-emploi-aeronautique.php?contrat=11\"> Aerocontact<\/a><\/p>\n<p>Offres dans <strong>l\u2019industrie<\/strong> :<\/p>\n<ul>\n<li class=\"\"><a href=\"http:\/\/www.les-industries-technologiques.fr\/\" target=\"_blank\" rel=\"noopener noreferrer\">Les industries technologiques<\/a><\/li>\n<li class=\"\"><a href=\"http:\/\/emploi.techniques-ingenieur.fr\/\">Espace emplois technique ingenieur<\/a><\/li>\n<li class=\"\"><a href=\"http:\/\/www.airemploi.org\/\">A<\/a><a href=\"http:\/\/www.airemploi.org\/\" target=\"_blank\" rel=\"noopener noreferrer\">ir emploi<\/a><\/li>\n<li class=\"\"><a href=\"http:\/\/www.afim.asso.fr\/\">Association afim<\/a><\/li>\n<li class=\"\"><a href=\"http:\/\/www.societechimiquedefrance.fr\/\">S<\/a><a href=\"http:\/\/www.societechimiquedefrance.fr\/\" target=\"_blank\" rel=\"noopener noreferrer\">oci\u00e9t\u00e9 chimique de france<\/a><\/li>\n<li class=\"\"><a href=\"https:\/\/www.emploi-plasturgie.org\/\">Plasturgie recrute<\/a><\/li>\n<li class=\"\"><a href=\"http:\/\/www.emploi.leem.org\/\">IEEM 1<sup>er<\/sup> site de l\u2019emploi pharmaceutique<\/a><\/li>\n<li class=\"\"><a href=\"http:\/\/www.expectra.fr\/\">E<\/a><a href=\"http:\/\/www.expectra.fr\/\" target=\"_blank\" rel=\"noopener noreferrer\">xpectra<\/a><\/li>\n<\/ul>\n<p>Volontariat international en entreprise : <a href=\"https:\/\/mon-vie-via.businessfrance.fr\/offres\" target=\"_blank\" rel=\"noopener noreferrer\">Business France-Export et son r\u00e9seau mondial<\/a> (VIE)<\/p>\n<p>Stages dans le domaine <strong>scientifique<\/strong> : niveau Bac+5 : <a href=\"http:\/\/www.cea.fr\/\">Le CEA<\/a><\/p>\n<p>Pour bac+5 et doctorant : <a href=\"https:\/\/www.abg.asso.fr\/fr\/candidatOffres\">Association Bernard-Gregory<\/a><\/p>\n<p>Les emplois \/ stages \u201cverts\u201d : <strong>management, environnemental<\/strong>, <strong>\u00e9nergies renouvelables<\/strong>\u2026 : <a href=\"http:\/\/www.bonial.fr\/Emplois-Verts\/\" target=\"_blank\" rel=\"noopener noreferrer\">B<\/a><a href=\"http:\/\/www.bonial.fr\/Emplois-Verts\/\">onial emplois verts<\/a><\/p>\n<p>Les emplois en France et \u00e0 l\u2019\u00e9tranger poss\u00e9dant une <strong>connaissance linguistique et une comp\u00e9tence technique<\/strong> pour le compte de PME ou de soci\u00e9t\u00e9s internationales : <a href=\"https:\/\/www.misterbilingue.com\/fr\" target=\"_blank\" rel=\"noopener\">Mister Bilingue<\/a>, <a href=\"https:\/\/uk.indeed.com\/\" target=\"_blank\" rel=\"noopener\">UK Indeed<\/a><\/p>\n<p>Stage et emploi dans la fonction Publique Territoriale : <a href=\"http:\/\/www.lagazettedescommunes.com\/rubriques\/emploi-carriere\/\">La gazette<\/a>, <a href=\"http:\/\/www.fonction-publique.gouv.fr\/la-fonction-publique-territoriale\">Portail de la fonction publique<\/a><\/p>\n<p>Les stages au <strong>Minist\u00e8re de la D\u00e9fense<\/strong>, divers domaines : <strong>physique<\/strong>, <strong>informatique<\/strong>, <strong>traduction<\/strong>, <strong>histoire<\/strong>, <strong>administration<\/strong>, <strong>droit<\/strong>, <strong>info-comm<\/strong>, <strong>archivistique<\/strong>\u2026 : <a href=\"http:\/\/www.defense.gouv.fr\/caj\/espace-jeunes\/stages\/stages\" target=\"_blank\" rel=\"noopener noreferrer\">S<\/a><a href=\"https:\/\/stages.defense.gouv.fr\/\">tage arm\u00e9es-jeunesse<\/a><\/p>\n<\/div><\/div>\n<\/div>\n<\/div><\/div>\n<div class=\"su-column su-column-size-1-3\"><div class=\"su-column-inner su-u-clearfix su-u-trim\">\n<h2>Contact<\/h2>\n<p><strong>Bureau d\u2019Aide \u00e0 l\u2019Insertion Professionnelle et des Stages (BAIPS)<\/strong><br \/>\nMaison de l\u2019\u00c9tudiant, rez-de-chauss\u00e9e<br \/>\n1 rue Alfred Werner, 68093 MULHOUSE Cedex<br \/>\nT\u00e9l. : <a href=\"tel:0389336681\">+33 (0)3 89 33 66 81<\/a><br \/>\nCourriel : <a href=\"mailto:baips@uha.fr\">baips@uha.fr<\/a><\/p>\n<p>N\u2019h\u00e9sitez pas \u00e0 prendre rendez-vous pour une entrevue !<\/p>\n<h2>Horaires<\/h2>\n<ul>\n<li>le lundi, mardi et jeudi de 9h \u00e0 12h et de 13h \u00e0 17h<\/li>\n<li>le mercredi uniquement de 9h \u00e0 12h<\/li>\n<li>le vendredi de 10h \u00e0 12h et de 13h \u00e0 17h<\/li>\n<\/ul>\n<h2>Liens utiles<\/h2>\n<ul>\n<li><a href=\"http:\/\/erasmusintern.org\/\" target=\"_blank\" rel=\"noopener noreferrer\">Nouvelle plateforme d\u2019offres de stage en Europe<\/a><\/li>\n<li><a href=\"http:\/\/www.enseignementsup-recherche.gouv.fr\/cid83003\/stages-etudiants-les-nouveaux-droits-des-stagiaires.html\">Droits et devoirs du stagiaire<\/a><\/li>\n<\/ul>\n<\/div><\/div>\n<\/div>\n","protected":false},"excerpt":{"rendered":"<p>Le stage en entreprise permet \u00e0 un \u00e9tudiant de compl\u00e9ter sa formation par une immersion dans le milieu professionnel. Encadr\u00e9 par un ma\u00eetre de stage, l\u2019\u00e9tudiant stagiaire r\u00e9alise une ou des missions en rapport avec le dipl\u00f4me pr\u00e9par\u00e9.<\/p>\n","protected":false},"author":1,"featured_media":980,"parent":22,"menu_order":0,"comment_status":"closed","ping_status":"closed","template":"","meta":{"footnotes":""},"categories":[9,14],"tags":[],"class_list":["post-103","page","type-page","status-publish","has-post-thumbnail","hentry","category-entreprises","category-etudiants"],"yoast_head":"<!-- This site is optimized with the Yoast SEO plugin v27.0 - https:\/\/yoast.com\/product\/yoast-seo-wordpress\/ -->\n<title>Stage &amp; insertion professionnelle - FST Mulhouse<\/title>\n<meta name=\"description\" content=\"Retrouvez dans cette pages plusieurs astuces pour vous aider dans votre recherche d&#039;emploi ou de stage.\" \/>\n<meta name=\"robots\" content=\"index, follow, max-snippet:-1, max-image-preview:large, max-video-preview:-1\" \/>\n<link rel=\"canonical\" href=\"https:\/\/www.fst.uha.fr\/index.php\/formations\/stage-insertion-professionnelle\/\" \/>\n<meta property=\"og:locale\" content=\"fr_FR\" \/>\n<meta property=\"og:type\" content=\"article\" \/>\n<meta property=\"og:title\" content=\"Stage &amp; insertion professionnelle - FST Mulhouse\" \/>\n<meta property=\"og:description\" content=\"Retrouvez dans cette pages plusieurs astuces pour vous aider dans votre recherche d&#039;emploi ou de stage.\" \/>\n<meta property=\"og:url\" content=\"https:\/\/www.fst.uha.fr\/index.php\/formations\/stage-insertion-professionnelle\/\" \/>\n<meta property=\"og:site_name\" content=\"FST - Facult\u00e9 des Sciences et Techniques | Universit\u00e9 de Haute-Alsace\" \/>\n<meta property=\"article:modified_time\" content=\"2024-03-04T08:29:05+00:00\" \/>\n<meta property=\"og:image\" content=\"https:\/\/www.fst.uha.fr\/wp-content\/uploads\/2018\/06\/AdobeStock_79636929-1024x683.jpeg\" \/>\n\t<meta property=\"og:image:width\" content=\"1024\" \/>\n\t<meta property=\"og:image:height\" content=\"683\" \/>\n\t<meta property=\"og:image:type\" content=\"image\/jpeg\" \/>\n<meta name=\"twitter:card\" content=\"summary_large_image\" \/>\n<meta name=\"twitter:label1\" content=\"Dur\u00e9e de lecture estim\u00e9e\" \/>\n\t<meta name=\"twitter:data1\" content=\"3 minutes\" \/>\n<script type=\"application\/ld+json\" class=\"yoast-schema-graph\">{\"@context\":\"https:\/\/schema.org\",\"@graph\":[{\"@type\":\"WebPage\",\"@id\":\"https:\/\/www.fst.uha.fr\/index.php\/formations\/stage-insertion-professionnelle\/\",\"url\":\"https:\/\/www.fst.uha.fr\/index.php\/formations\/stage-insertion-professionnelle\/\",\"name\":\"Stage & insertion professionnelle - FST Mulhouse\",\"isPartOf\":{\"@id\":\"https:\/\/www.fst.uha.fr\/#website\"},\"primaryImageOfPage\":{\"@id\":\"https:\/\/www.fst.uha.fr\/index.php\/formations\/stage-insertion-professionnelle\/#primaryimage\"},\"image\":{\"@id\":\"https:\/\/www.fst.uha.fr\/index.php\/formations\/stage-insertion-professionnelle\/#primaryimage\"},\"thumbnailUrl\":\"https:\/\/www.fst.uha.fr\/wp-content\/uploads\/2018\/06\/AdobeStock_79636929.jpeg\",\"datePublished\":\"2018-04-25T13:00:19+00:00\",\"dateModified\":\"2024-03-04T08:29:05+00:00\",\"description\":\"Retrouvez dans cette pages plusieurs astuces pour vous aider dans votre recherche d'emploi ou de stage.\",\"breadcrumb\":{\"@id\":\"https:\/\/www.fst.uha.fr\/index.php\/formations\/stage-insertion-professionnelle\/#breadcrumb\"},\"inLanguage\":\"fr-FR\",\"potentialAction\":[{\"@type\":\"ReadAction\",\"target\":[\"https:\/\/www.fst.uha.fr\/index.php\/formations\/stage-insertion-professionnelle\/\"]}]},{\"@type\":\"ImageObject\",\"inLanguage\":\"fr-FR\",\"@id\":\"https:\/\/www.fst.uha.fr\/index.php\/formations\/stage-insertion-professionnelle\/#primaryimage\",\"url\":\"https:\/\/www.fst.uha.fr\/wp-content\/uploads\/2018\/06\/AdobeStock_79636929.jpeg\",\"contentUrl\":\"https:\/\/www.fst.uha.fr\/wp-content\/uploads\/2018\/06\/AdobeStock_79636929.jpeg\",\"width\":5184,\"height\":3456,\"caption\":\"Smiling student with pink eyeglasses\"},{\"@type\":\"BreadcrumbList\",\"@id\":\"https:\/\/www.fst.uha.fr\/index.php\/formations\/stage-insertion-professionnelle\/#breadcrumb\",\"itemListElement\":[{\"@type\":\"ListItem\",\"position\":1,\"name\":\"Accueil\",\"item\":\"https:\/\/www.fst.uha.fr\/\"},{\"@type\":\"ListItem\",\"position\":2,\"name\":\"Nos formations\",\"item\":\"https:\/\/www.fst.uha.fr\/index.php\/formations\/\"},{\"@type\":\"ListItem\",\"position\":3,\"name\":\"Stage &#038; insertion professionnelle\"}]},{\"@type\":\"WebSite\",\"@id\":\"https:\/\/www.fst.uha.fr\/#website\",\"url\":\"https:\/\/www.fst.uha.fr\/\",\"name\":\"FST - Facult\u00e9 des Sciences et Techniques | Universit\u00e9 de Haute-Alsace\",\"description\":\"Campus Illberg | Universit\u00e9 de Haute-Alsace\",\"potentialAction\":[{\"@type\":\"SearchAction\",\"target\":{\"@type\":\"EntryPoint\",\"urlTemplate\":\"https:\/\/www.fst.uha.fr\/?s={search_term_string}\"},\"query-input\":{\"@type\":\"PropertyValueSpecification\",\"valueRequired\":true,\"valueName\":\"search_term_string\"}}],\"inLanguage\":\"fr-FR\"}]}<\/script>\n<!-- \/ Yoast SEO plugin. -->","yoast_head_json":{"title":"Stage & insertion professionnelle - FST Mulhouse","description":"Retrouvez dans cette pages plusieurs astuces pour vous aider dans votre recherche d'emploi ou de stage.","robots":{"index":"index","follow":"follow","max-snippet":"max-snippet:-1","max-image-preview":"max-image-preview:large","max-video-preview":"max-video-preview:-1"},"canonical":"https:\/\/www.fst.uha.fr\/index.php\/formations\/stage-insertion-professionnelle\/","og_locale":"fr_FR","og_type":"article","og_title":"Stage & insertion professionnelle - FST Mulhouse","og_description":"Retrouvez dans cette pages plusieurs astuces pour vous aider dans votre recherche d'emploi ou de stage.","og_url":"https:\/\/www.fst.uha.fr\/index.php\/formations\/stage-insertion-professionnelle\/","og_site_name":"FST - Facult\u00e9 des Sciences et Techniques | Universit\u00e9 de Haute-Alsace","article_modified_time":"2024-03-04T08:29:05+00:00","og_image":[{"width":1024,"height":683,"url":"https:\/\/www.fst.uha.fr\/wp-content\/uploads\/2018\/06\/AdobeStock_79636929-1024x683.jpeg","type":"image\/jpeg"}],"twitter_card":"summary_large_image","twitter_misc":{"Dur\u00e9e de lecture estim\u00e9e":"3 minutes"},"schema":{"@context":"https:\/\/schema.org","@graph":[{"@type":"WebPage","@id":"https:\/\/www.fst.uha.fr\/index.php\/formations\/stage-insertion-professionnelle\/","url":"https:\/\/www.fst.uha.fr\/index.php\/formations\/stage-insertion-professionnelle\/","name":"Stage & insertion professionnelle - FST Mulhouse","isPartOf":{"@id":"https:\/\/www.fst.uha.fr\/#website"},"primaryImageOfPage":{"@id":"https:\/\/www.fst.uha.fr\/index.php\/formations\/stage-insertion-professionnelle\/#primaryimage"},"image":{"@id":"https:\/\/www.fst.uha.fr\/index.php\/formations\/stage-insertion-professionnelle\/#primaryimage"},"thumbnailUrl":"https:\/\/www.fst.uha.fr\/wp-content\/uploads\/2018\/06\/AdobeStock_79636929.jpeg","datePublished":"2018-04-25T13:00:19+00:00","dateModified":"2024-03-04T08:29:05+00:00","description":"Retrouvez dans cette pages plusieurs astuces pour vous aider dans votre recherche d'emploi ou de stage.","breadcrumb":{"@id":"https:\/\/www.fst.uha.fr\/index.php\/formations\/stage-insertion-professionnelle\/#breadcrumb"},"inLanguage":"fr-FR","potentialAction":[{"@type":"ReadAction","target":["https:\/\/www.fst.uha.fr\/index.php\/formations\/stage-insertion-professionnelle\/"]}]},{"@type":"ImageObject","inLanguage":"fr-FR","@id":"https:\/\/www.fst.uha.fr\/index.php\/formations\/stage-insertion-professionnelle\/#primaryimage","url":"https:\/\/www.fst.uha.fr\/wp-content\/uploads\/2018\/06\/AdobeStock_79636929.jpeg","contentUrl":"https:\/\/www.fst.uha.fr\/wp-content\/uploads\/2018\/06\/AdobeStock_79636929.jpeg","width":5184,"height":3456,"caption":"Smiling student with pink eyeglasses"},{"@type":"BreadcrumbList","@id":"https:\/\/www.fst.uha.fr\/index.php\/formations\/stage-insertion-professionnelle\/#breadcrumb","itemListElement":[{"@type":"ListItem","position":1,"name":"Accueil","item":"https:\/\/www.fst.uha.fr\/"},{"@type":"ListItem","position":2,"name":"Nos formations","item":"https:\/\/www.fst.uha.fr\/index.php\/formations\/"},{"@type":"ListItem","position":3,"name":"Stage &#038; insertion professionnelle"}]},{"@type":"WebSite","@id":"https:\/\/www.fst.uha.fr\/#website","url":"https:\/\/www.fst.uha.fr\/","name":"FST - Facult\u00e9 des Sciences et Techniques | Universit\u00e9 de Haute-Alsace","description":"Campus Illberg | Universit\u00e9 de Haute-Alsace","potentialAction":[{"@type":"SearchAction","target":{"@type":"EntryPoint","urlTemplate":"https:\/\/www.fst.uha.fr\/?s={search_term_string}"},"query-input":{"@type":"PropertyValueSpecification","valueRequired":true,"valueName":"search_term_string"}}],"inLanguage":"fr-FR"}]}},"_links":{"self":[{"href":"https:\/\/www.fst.uha.fr\/index.php\/wp-json\/wp\/v2\/pages\/103","targetHints":{"allow":["GET"]}}],"collection":[{"href":"https:\/\/www.fst.uha.fr\/index.php\/wp-json\/wp\/v2\/pages"}],"about":[{"href":"https:\/\/www.fst.uha.fr\/index.php\/wp-json\/wp\/v2\/types\/page"}],"author":[{"embeddable":true,"href":"https:\/\/www.fst.uha.fr\/index.php\/wp-json\/wp\/v2\/users\/1"}],"replies":[{"embeddable":true,"href":"https:\/\/www.fst.uha.fr\/index.php\/wp-json\/wp\/v2\/comments?post=103"}],"version-history":[{"count":23,"href":"https:\/\/www.fst.uha.fr\/index.php\/wp-json\/wp\/v2\/pages\/103\/revisions"}],"predecessor-version":[{"id":4419,"href":"https:\/\/www.fst.uha.fr\/index.php\/wp-json\/wp\/v2\/pages\/103\/revisions\/4419"}],"up":[{"embeddable":true,"href":"https:\/\/www.fst.uha.fr\/index.php\/wp-json\/wp\/v2\/pages\/22"}],"wp:featuredmedia":[{"embeddable":true,"href":"https:\/\/www.fst.uha.fr\/index.php\/wp-json\/wp\/v2\/media\/980"}],"wp:attachment":[{"href":"https:\/\/www.fst.uha.fr\/index.php\/wp-json\/wp\/v2\/media?parent=103"}],"wp:term":[{"taxonomy":"category","embeddable":true,"href":"https:\/\/www.fst.uha.fr\/index.php\/wp-json\/wp\/v2\/categories?post=103"},{"taxonomy":"post_tag","embeddable":true,"href":"https:\/\/www.fst.uha.fr\/index.php\/wp-json\/wp\/v2\/tags?post=103"}],"curies":[{"name":"wp","href":"https:\/\/api.w.org\/{rel}","templated":true}]}}