{"id":1095,"date":"2023-07-10T13:02:32","date_gmt":"2023-07-10T11:02:32","guid":{"rendered":"https:\/\/www.fst.uha.fr\/?page_id=1095"},"modified":"2025-10-20T15:11:40","modified_gmt":"2025-10-20T13:11:40","slug":"livret-etudiant","status":"publish","type":"page","link":"https:\/\/www.fst.uha.fr\/index.php\/livret-etudiant\/","title":{"rendered":"Livrets \u00e9tudiants"},"content":{"rendered":"<p>Retrouvez ci-dessous l&rsquo;int\u00e9gralit\u00e9 des livrets \u00e9tudiants de l&rsquo;ann\u00e9e 2025\/2026 : <strong>(en cours de mise \u00e0 jour)<\/strong><\/p>\n<p><a href=\"https:\/\/www.fst.uha.fr\/wp-content\/uploads\/2025\/09\/Livret-FST-L1-sciences-2025-26.docx.pdf\" target=\"_blank\" rel=\"noopener\">L1 Chimie<\/a><\/p>\n<p><a href=\"https:\/\/www.fst.uha.fr\/wp-content\/uploads\/2025\/09\/Livret-FST-L1-sciences-2025-26.docx.pdf\" target=\"_blank\" rel=\"noopener\">L1 Physique<\/a><\/p>\n<p><a href=\"https:\/\/www.fst.uha.fr\/wp-content\/uploads\/2025\/10\/Livret-L1-Regio-Chimica-2025-2026.pdf\" target=\"_blank\" rel=\"noopener\">L1_Regio_Chimica<\/a><\/p>\n<p><a href=\"https:\/\/www.fst.uha.fr\/wp-content\/uploads\/2025\/09\/Livret-FST-L1-sciences-2025-26.docx.pdf\" target=\"_blank\" rel=\"noopener\">L1 Risques et environnement<\/a><\/p>\n<p><a href=\"https:\/\/www.fst.uha.fr\/wp-content\/uploads\/2025\/09\/Livret-FST-L1-sciences-2025-26.docx.pdf\" target=\"_blank\" rel=\"noopener\">L1 EEA<\/a><\/p>\n<p><a href=\"https:\/\/www.fst.uha.fr\/wp-content\/uploads\/2025\/09\/Livret-FST-L1-sciences-2025-26.docx.pdf\" target=\"_blank\" rel=\"noopener\">L1 Maths<\/a><\/p>\n<p><a href=\"https:\/\/www.fst.uha.fr\/wp-content\/uploads\/2025\/09\/Livret-FST-L1-sciences-2025-26.docx.pdf\" target=\"_blank\" rel=\"noopener\">L1 Informatique<\/a><\/p>\n<p><a href=\"https:\/\/www.fst.uha.fr\/wp-content\/uploads\/2025\/09\/Livret-FST-L1-sciences-2025-26.docx.pdf\" target=\"_blank\" rel=\"noopener\">L1 MIAGE<\/a><\/p>\n<p><a href=\"https:\/\/www.fst.uha.fr\/wp-content\/uploads\/2025\/09\/livret-fst-L1-2A-1-25-26.pdf\" target=\"_blank\" rel=\"noopener\">L1_2A_1<\/a><\/p>\n<p><a href=\"https:\/\/www.fst.uha.fr\/wp-content\/uploads\/2025\/09\/livret-fst-L1-2A-2-25-26.pdf\" target=\"_blank\" rel=\"noopener\">L1_2A_2<\/a><\/p>\n<p><a href=\"https:\/\/www.fst.uha.fr\/wp-content\/uploads\/2025\/09\/livret-L1-STAPS-2025-2026.pdf\" target=\"_blank\" rel=\"noopener\">L1_STAPS<\/a><\/p>\n<p><a href=\"https:\/\/www.fst.uha.fr\/wp-content\/uploads\/2025\/09\/livret-L2-STAPS-2025-2026.pdf\" target=\"_blank\" rel=\"noopener\">L2 STAPS<\/a><\/p>\n<p><a href=\"https:\/\/www.fst.uha.fr\/wp-content\/uploads\/2025\/09\/Livret-FST-L1-sciences-2025-26.docx.pdf\" target=\"_blank\" rel=\"noopener\">L1_Physique_Chimie_RENFORCE<\/a><\/p>\n<p><a href=\"https:\/\/www.fst.uha.fr\/wp-content\/uploads\/2025\/09\/livret-L2-PC-2025-2026.pdf\" target=\"_blank\" rel=\"noopener\">L2_Physique-Chimie<\/a><\/p>\n<p><a href=\"https:\/\/www.fst.uha.fr\/wp-content\/uploads\/2025\/09\/livret-L2-Renfort-PC-2025-2026.pdf\" target=\"_blank\" rel=\"noopener\">L2_Physique_Chimie_RENFORCE<\/a><\/p>\n<p><a href=\"https:\/\/www.fst.uha.fr\/wp-content\/uploads\/2025\/10\/livret-L2-Maths-2025-2026.pdf\" target=\"_blank\" rel=\"noopener\">L2_Maths<\/a><\/p>\n<p><a href=\"https:\/\/www.fst.uha.fr\/wp-content\/uploads\/2025\/10\/Livret-L2-INFO-2025-2026.pdf\" target=\"_blank\" rel=\"noopener\">L2_Info<\/a><\/p>\n<p><a href=\"https:\/\/www.fst.uha.fr\/wp-content\/uploads\/2025\/09\/livret-L2-EEA-2025-2026.pdf\" target=\"_blank\" rel=\"noopener\">L2_EEA<\/a><\/p>\n<p><a href=\"https:\/\/www.fst.uha.fr\/wp-content\/uploads\/2025\/09\/Livret-L3-Mecanique-2025-2026.pdf\" target=\"_blank\" rel=\"noopener\">L3_M\u00e9canique<\/a><\/p>\n<p><a href=\"https:\/\/www.fst.uha.fr\/wp-content\/uploads\/2025\/09\/Livret-de-letudiant-L3-Physique-2025-26.pdf\" target=\"_blank\" rel=\"noopener\">L3_Physique<\/a><\/p>\n<p><a href=\"https:\/\/www.fst.uha.fr\/wp-content\/uploads\/2025\/10\/livret-L3-Maths-2025-2026.pdf\" target=\"_blank\" rel=\"noopener\">L3_Maths<\/a><\/p>\n<p><a href=\"https:\/\/www.fst.uha.fr\/wp-content\/uploads\/2025\/09\/livret-L3-EEA-2025-2026.pdf\" target=\"_blank\" rel=\"noopener\">L3_EEA<\/a><\/p>\n<p><a href=\"https:\/\/www.fst.uha.fr\/wp-content\/uploads\/2025\/09\/Livret-de-letudiant-L3-Chimie-2025-26.pdf\" target=\"_blank\" rel=\"noopener\">L3_Chimie<\/a><\/p>\n<p>L3_Info_Miage<\/p>\n<p><a href=\"https:\/\/www.fst.uha.fr\/wp-content\/uploads\/2025\/09\/livret-L3-STAPS-2025-2026.pdf\" target=\"_blank\" rel=\"noopener\">L3_STAPS<\/a><\/p>\n<p>&nbsp;<\/p>\n<h4>Masters :<\/h4>\n<p><a href=\"https:\/\/www.fst.uha.fr\/wp-content\/uploads\/2025\/09\/livret-M1-EEA-2025-2026.pdf\" target=\"_blank\" rel=\"noopener\">M1_EEA<\/a><\/p>\n<p><a href=\"https:\/\/www.fst.uha.fr\/wp-content\/uploads\/2025\/09\/livret-M1-SGM-2025-2026.pdf\" target=\"_blank\" rel=\"noopener\">M1_SGM<\/a><\/p>\n<p>M1_CHIMIE<\/p>\n<p><a href=\"https:\/\/www.fst.uha.fr\/wp-content\/uploads\/2025\/09\/Livret-de-letudiant-M1-IMDS-2025-2026.pdf\" target=\"_blank\" rel=\"noopener\">M1 IMDS<\/a><\/p>\n<p>M2_CHIMIE<\/p>\n<p><a href=\"https:\/\/www.fst.uha.fr\/wp-content\/uploads\/2025\/09\/livret-M2-SGM-CMFS-2025-2026.pdf\" target=\"_blank\" rel=\"noopener\">M2 SGM CMFS<\/a><\/p>\n<p><a href=\"https:\/\/www.fst.uha.fr\/wp-content\/uploads\/2025\/09\/Livret-de-letudiant-M2-IMDS-2025-2026.pdf\" target=\"_blank\" rel=\"noopener\">M2 IMDS<\/a><\/p>\n<p>&nbsp;<\/p>\n<h4>Dipl\u00f4me Universitaire (DU) :<\/h4>\n<p><a href=\"https:\/\/www.fst.uha.fr\/wp-content\/uploads\/2025\/01\/MCC-DU-Ouverture-et-Competences.xlsx\" target=\"_blank\" rel=\"noopener\">MCC DU Ouverture et Comp\u00e9tences<\/a><\/p>\n<h2>PLAGIAT<\/h2>\n<hr \/>\n<p>Veuillez trouver ci-joint le <a href=\"https:\/\/www.fst.uha.fr\/wp-content\/uploads\/2020\/08\/Document-plagiat.pdf\" target=\"_blank\" rel=\"noopener noreferrer\">formulaire d&rsquo;information sur le plagiat<\/a>.<\/p>\n","protected":false},"excerpt":{"rendered":"<p>Retrouvez ci-dessous l&rsquo;int\u00e9gralit\u00e9 des livrets \u00e9tudiants de l&rsquo;ann\u00e9e 2025\/2026 : (en cours de mise \u00e0 jour) L1 Chimie L1 Physique L1_Regio_Chimica L1 Risques et environnement L1 EEA L1 Maths L1 Informatique L1 MIAGE L1_2A_1 L1_2A_2 L1_STAPS L2 STAPS L1_Physique_Chimie_RENFORCE L2_Physique-Chimie L2_Physique_Chimie_RENFORCE L2_Maths L2_Info L2_EEA L3_M\u00e9canique L3_Physique L3_Maths L3_EEA L3_Chimie L3_Info_Miage L3_STAPS &nbsp; Masters : M1_EEA [&hellip;]<\/p>\n","protected":false},"author":1,"featured_media":1096,"parent":0,"menu_order":0,"comment_status":"closed","ping_status":"closed","template":"","meta":{"footnotes":""},"categories":[14],"tags":[],"class_list":["post-1095","page","type-page","status-publish","has-post-thumbnail","hentry","category-etudiants"],"yoast_head":"<!-- This site is optimized with the Yoast SEO plugin v27.0 - https:\/\/yoast.com\/product\/yoast-seo-wordpress\/ -->\n<title>Livrets \u00e9tudiants - FST - Facult\u00e9 des Sciences de Mulhouse<\/title>\n<meta name=\"robots\" content=\"index, follow, max-snippet:-1, max-image-preview:large, max-video-preview:-1\" \/>\n<link rel=\"canonical\" href=\"https:\/\/www.fst.uha.fr\/index.php\/livret-etudiant\/\" \/>\n<meta property=\"og:locale\" content=\"fr_FR\" \/>\n<meta property=\"og:type\" content=\"article\" \/>\n<meta property=\"og:title\" content=\"Livrets \u00e9tudiants - FST - Facult\u00e9 des Sciences de Mulhouse\" \/>\n<meta property=\"og:description\" content=\"Retrouvez ci-dessous l&rsquo;int\u00e9gralit\u00e9 des livrets \u00e9tudiants de l&rsquo;ann\u00e9e 2025\/2026 : (en cours de mise \u00e0 jour) L1 Chimie L1 Physique L1_Regio_Chimica L1 Risques et environnement L1 EEA L1 Maths L1 Informatique L1 MIAGE L1_2A_1 L1_2A_2 L1_STAPS L2 STAPS L1_Physique_Chimie_RENFORCE L2_Physique-Chimie L2_Physique_Chimie_RENFORCE L2_Maths L2_Info L2_EEA L3_M\u00e9canique L3_Physique L3_Maths L3_EEA L3_Chimie L3_Info_Miage L3_STAPS &nbsp; Masters : M1_EEA [&hellip;]\" \/>\n<meta property=\"og:url\" content=\"https:\/\/www.fst.uha.fr\/index.php\/livret-etudiant\/\" \/>\n<meta property=\"og:site_name\" content=\"FST - Facult\u00e9 des Sciences et Techniques | Universit\u00e9 de Haute-Alsace\" \/>\n<meta property=\"article:modified_time\" content=\"2025-10-20T13:11:40+00:00\" \/>\n<meta property=\"og:image\" content=\"https:\/\/www.fst.uha.fr\/wp-content\/uploads\/2018\/06\/writing-923882_1920.jpg\" \/>\n\t<meta property=\"og:image:width\" content=\"1920\" \/>\n\t<meta property=\"og:image:height\" content=\"1280\" \/>\n\t<meta property=\"og:image:type\" content=\"image\/jpeg\" \/>\n<meta name=\"twitter:card\" content=\"summary_large_image\" \/>\n<meta name=\"twitter:label1\" content=\"Dur\u00e9e de lecture estim\u00e9e\" \/>\n\t<meta name=\"twitter:data1\" content=\"1 minute\" \/>\n<script type=\"application\/ld+json\" class=\"yoast-schema-graph\">{\"@context\":\"https:\/\/schema.org\",\"@graph\":[{\"@type\":\"WebPage\",\"@id\":\"https:\/\/www.fst.uha.fr\/index.php\/livret-etudiant\/\",\"url\":\"https:\/\/www.fst.uha.fr\/index.php\/livret-etudiant\/\",\"name\":\"Livrets \u00e9tudiants - FST - Facult\u00e9 des Sciences de Mulhouse\",\"isPartOf\":{\"@id\":\"https:\/\/www.fst.uha.fr\/#website\"},\"primaryImageOfPage\":{\"@id\":\"https:\/\/www.fst.uha.fr\/index.php\/livret-etudiant\/#primaryimage\"},\"image\":{\"@id\":\"https:\/\/www.fst.uha.fr\/index.php\/livret-etudiant\/#primaryimage\"},\"thumbnailUrl\":\"https:\/\/www.fst.uha.fr\/wp-content\/uploads\/2018\/06\/writing-923882_1920.jpg\",\"datePublished\":\"2023-07-10T11:02:32+00:00\",\"dateModified\":\"2025-10-20T13:11:40+00:00\",\"breadcrumb\":{\"@id\":\"https:\/\/www.fst.uha.fr\/index.php\/livret-etudiant\/#breadcrumb\"},\"inLanguage\":\"fr-FR\",\"potentialAction\":[{\"@type\":\"ReadAction\",\"target\":[\"https:\/\/www.fst.uha.fr\/index.php\/livret-etudiant\/\"]}]},{\"@type\":\"ImageObject\",\"inLanguage\":\"fr-FR\",\"@id\":\"https:\/\/www.fst.uha.fr\/index.php\/livret-etudiant\/#primaryimage\",\"url\":\"https:\/\/www.fst.uha.fr\/wp-content\/uploads\/2018\/06\/writing-923882_1920.jpg\",\"contentUrl\":\"https:\/\/www.fst.uha.fr\/wp-content\/uploads\/2018\/06\/writing-923882_1920.jpg\",\"width\":1920,\"height\":1280},{\"@type\":\"BreadcrumbList\",\"@id\":\"https:\/\/www.fst.uha.fr\/index.php\/livret-etudiant\/#breadcrumb\",\"itemListElement\":[{\"@type\":\"ListItem\",\"position\":1,\"name\":\"Accueil\",\"item\":\"https:\/\/www.fst.uha.fr\/\"},{\"@type\":\"ListItem\",\"position\":2,\"name\":\"Livrets \u00e9tudiants\"}]},{\"@type\":\"WebSite\",\"@id\":\"https:\/\/www.fst.uha.fr\/#website\",\"url\":\"https:\/\/www.fst.uha.fr\/\",\"name\":\"FST - Facult\u00e9 des Sciences et Techniques | Universit\u00e9 de Haute-Alsace\",\"description\":\"Campus Illberg | Universit\u00e9 de Haute-Alsace\",\"potentialAction\":[{\"@type\":\"SearchAction\",\"target\":{\"@type\":\"EntryPoint\",\"urlTemplate\":\"https:\/\/www.fst.uha.fr\/?s={search_term_string}\"},\"query-input\":{\"@type\":\"PropertyValueSpecification\",\"valueRequired\":true,\"valueName\":\"search_term_string\"}}],\"inLanguage\":\"fr-FR\"}]}<\/script>\n<!-- \/ Yoast SEO plugin. -->","yoast_head_json":{"title":"Livrets \u00e9tudiants - FST - Facult\u00e9 des Sciences de Mulhouse","robots":{"index":"index","follow":"follow","max-snippet":"max-snippet:-1","max-image-preview":"max-image-preview:large","max-video-preview":"max-video-preview:-1"},"canonical":"https:\/\/www.fst.uha.fr\/index.php\/livret-etudiant\/","og_locale":"fr_FR","og_type":"article","og_title":"Livrets \u00e9tudiants - FST - Facult\u00e9 des Sciences de Mulhouse","og_description":"Retrouvez ci-dessous l&rsquo;int\u00e9gralit\u00e9 des livrets \u00e9tudiants de l&rsquo;ann\u00e9e 2025\/2026 : (en cours de mise \u00e0 jour) L1 Chimie L1 Physique L1_Regio_Chimica L1 Risques et environnement L1 EEA L1 Maths L1 Informatique L1 MIAGE L1_2A_1 L1_2A_2 L1_STAPS L2 STAPS L1_Physique_Chimie_RENFORCE L2_Physique-Chimie L2_Physique_Chimie_RENFORCE L2_Maths L2_Info L2_EEA L3_M\u00e9canique L3_Physique L3_Maths L3_EEA L3_Chimie L3_Info_Miage L3_STAPS &nbsp; Masters : M1_EEA [&hellip;]","og_url":"https:\/\/www.fst.uha.fr\/index.php\/livret-etudiant\/","og_site_name":"FST - Facult\u00e9 des Sciences et Techniques | Universit\u00e9 de Haute-Alsace","article_modified_time":"2025-10-20T13:11:40+00:00","og_image":[{"width":1920,"height":1280,"url":"https:\/\/www.fst.uha.fr\/wp-content\/uploads\/2018\/06\/writing-923882_1920.jpg","type":"image\/jpeg"}],"twitter_card":"summary_large_image","twitter_misc":{"Dur\u00e9e de lecture estim\u00e9e":"1 minute"},"schema":{"@context":"https:\/\/schema.org","@graph":[{"@type":"WebPage","@id":"https:\/\/www.fst.uha.fr\/index.php\/livret-etudiant\/","url":"https:\/\/www.fst.uha.fr\/index.php\/livret-etudiant\/","name":"Livrets \u00e9tudiants - FST - Facult\u00e9 des Sciences de Mulhouse","isPartOf":{"@id":"https:\/\/www.fst.uha.fr\/#website"},"primaryImageOfPage":{"@id":"https:\/\/www.fst.uha.fr\/index.php\/livret-etudiant\/#primaryimage"},"image":{"@id":"https:\/\/www.fst.uha.fr\/index.php\/livret-etudiant\/#primaryimage"},"thumbnailUrl":"https:\/\/www.fst.uha.fr\/wp-content\/uploads\/2018\/06\/writing-923882_1920.jpg","datePublished":"2023-07-10T11:02:32+00:00","dateModified":"2025-10-20T13:11:40+00:00","breadcrumb":{"@id":"https:\/\/www.fst.uha.fr\/index.php\/livret-etudiant\/#breadcrumb"},"inLanguage":"fr-FR","potentialAction":[{"@type":"ReadAction","target":["https:\/\/www.fst.uha.fr\/index.php\/livret-etudiant\/"]}]},{"@type":"ImageObject","inLanguage":"fr-FR","@id":"https:\/\/www.fst.uha.fr\/index.php\/livret-etudiant\/#primaryimage","url":"https:\/\/www.fst.uha.fr\/wp-content\/uploads\/2018\/06\/writing-923882_1920.jpg","contentUrl":"https:\/\/www.fst.uha.fr\/wp-content\/uploads\/2018\/06\/writing-923882_1920.jpg","width":1920,"height":1280},{"@type":"BreadcrumbList","@id":"https:\/\/www.fst.uha.fr\/index.php\/livret-etudiant\/#breadcrumb","itemListElement":[{"@type":"ListItem","position":1,"name":"Accueil","item":"https:\/\/www.fst.uha.fr\/"},{"@type":"ListItem","position":2,"name":"Livrets \u00e9tudiants"}]},{"@type":"WebSite","@id":"https:\/\/www.fst.uha.fr\/#website","url":"https:\/\/www.fst.uha.fr\/","name":"FST - Facult\u00e9 des Sciences et Techniques | Universit\u00e9 de Haute-Alsace","description":"Campus Illberg | Universit\u00e9 de Haute-Alsace","potentialAction":[{"@type":"SearchAction","target":{"@type":"EntryPoint","urlTemplate":"https:\/\/www.fst.uha.fr\/?s={search_term_string}"},"query-input":{"@type":"PropertyValueSpecification","valueRequired":true,"valueName":"search_term_string"}}],"inLanguage":"fr-FR"}]}},"_links":{"self":[{"href":"https:\/\/www.fst.uha.fr\/index.php\/wp-json\/wp\/v2\/pages\/1095","targetHints":{"allow":["GET"]}}],"collection":[{"href":"https:\/\/www.fst.uha.fr\/index.php\/wp-json\/wp\/v2\/pages"}],"about":[{"href":"https:\/\/www.fst.uha.fr\/index.php\/wp-json\/wp\/v2\/types\/page"}],"author":[{"embeddable":true,"href":"https:\/\/www.fst.uha.fr\/index.php\/wp-json\/wp\/v2\/users\/1"}],"replies":[{"embeddable":true,"href":"https:\/\/www.fst.uha.fr\/index.php\/wp-json\/wp\/v2\/comments?post=1095"}],"version-history":[{"count":76,"href":"https:\/\/www.fst.uha.fr\/index.php\/wp-json\/wp\/v2\/pages\/1095\/revisions"}],"predecessor-version":[{"id":5303,"href":"https:\/\/www.fst.uha.fr\/index.php\/wp-json\/wp\/v2\/pages\/1095\/revisions\/5303"}],"wp:featuredmedia":[{"embeddable":true,"href":"https:\/\/www.fst.uha.fr\/index.php\/wp-json\/wp\/v2\/media\/1096"}],"wp:attachment":[{"href":"https:\/\/www.fst.uha.fr\/index.php\/wp-json\/wp\/v2\/media?parent=1095"}],"wp:term":[{"taxonomy":"category","embeddable":true,"href":"https:\/\/www.fst.uha.fr\/index.php\/wp-json\/wp\/v2\/categories?post=1095"},{"taxonomy":"post_tag","embeddable":true,"href":"https:\/\/www.fst.uha.fr\/index.php\/wp-json\/wp\/v2\/tags?post=1095"}],"curies":[{"name":"wp","href":"https:\/\/api.w.org\/{rel}","templated":true}]}}