{"id":11,"date":"2018-04-10T09:30:37","date_gmt":"2018-04-10T07:30:37","guid":{"rendered":"https:\/\/www.fst.uha.fr\/?page_id=11"},"modified":"2021-07-15T15:20:46","modified_gmt":"2021-07-15T13:20:46","slug":"plan-du-site","status":"publish","type":"page","link":"https:\/\/www.fst.uha.fr\/index.php\/plan-du-site\/","title":{"rendered":"Plan du site"},"content":{"rendered":"<div class=\"menu-menu-principal-fst-container\"><ul id=\"menu-menu-principal-fst\" class=\"menu\"><li id=\"menu-item-37\" class=\"menu-item menu-item-type-post_type menu-item-object-page menu-item-has-children menu-item-37\"><a href=\"https:\/\/www.fst.uha.fr\/index.php\/fst\/\">FST<\/a>\n<ul class=\"sub-menu\">\n\t<li id=\"menu-item-416\" class=\"menu-item menu-item-type-taxonomy menu-item-object-category menu-item-416\"><a href=\"https:\/\/www.fst.uha.fr\/index.php\/category\/actualites\/\">Actualit\u00e9s<\/a><\/li>\n\t<li id=\"menu-item-131\" class=\"menu-item menu-item-type-post_type menu-item-object-page menu-item-131\"><a href=\"https:\/\/www.fst.uha.fr\/index.php\/fst\/partenariats-2\/\">Partenariats<\/a><\/li>\n\t<li id=\"menu-item-4532\" class=\"menu-item menu-item-type-post_type menu-item-object-page menu-item-4532\"><a href=\"https:\/\/www.fst.uha.fr\/index.php\/fst\/taxe-dapprentissage\/\">Taxe d\u2019apprentissage 2025<\/a><\/li>\n\t<li id=\"menu-item-122\" class=\"menu-item menu-item-type-post_type menu-item-object-page menu-item-122\"><a href=\"https:\/\/www.fst.uha.fr\/index.php\/fst\/temoignages\/\">T\u00e9moignages<\/a><\/li>\n\t<li id=\"menu-item-145\" class=\"menu-item menu-item-type-post_type menu-item-object-page menu-item-145\"><a href=\"https:\/\/www.fst.uha.fr\/index.php\/fst\/universite-de-haute-alsace\/\">Universit\u00e9 de Haute-Alsace<\/a><\/li>\n\t<li id=\"menu-item-704\" class=\"menu-item menu-item-type-post_type menu-item-object-page menu-item-704\"><a href=\"https:\/\/www.fst.uha.fr\/index.php\/fst\/developpement-durable\/\">D\u00e9veloppement durable<\/a><\/li>\n\t<li id=\"menu-item-4917\" class=\"menu-item menu-item-type-post_type menu-item-object-page menu-item-4917\"><a href=\"https:\/\/www.fst.uha.fr\/index.php\/campus-des-metiers-et-des-qualifications\/\">Campus des m\u00e9tiers et des qualifications agroalimentaire d\u2019excellence Grand Est<\/a><\/li>\n<\/ul>\n<\/li>\n<li id=\"menu-item-36\" class=\"menu-item menu-item-type-post_type menu-item-object-page menu-item-has-children menu-item-36\"><a href=\"https:\/\/www.fst.uha.fr\/index.php\/formations\/\">Formations<\/a>\n<ul class=\"sub-menu\">\n\t<li id=\"menu-item-482\" class=\"menu-item menu-item-type-custom menu-item-object-custom menu-item-has-children menu-item-482\"><a href=\"https:\/\/www.fst.uha.fr\/index.php\/formations#licences\">Licences<\/a>\n\t<ul class=\"sub-menu\">\n\t\t<li id=\"menu-item-91\" class=\"menu-item menu-item-type-post_type menu-item-object-page menu-item-91\"><a href=\"https:\/\/www.fst.uha.fr\/index.php\/formations\/licences\/licence-physique\/\">Licence de Physique<\/a><\/li>\n\t\t<li id=\"menu-item-90\" class=\"menu-item menu-item-type-post_type menu-item-object-page menu-item-90\"><a href=\"https:\/\/www.fst.uha.fr\/index.php\/formations\/licences\/licence-chimie\/\">Licence de Chimie<\/a><\/li>\n\t\t<li id=\"menu-item-169\" class=\"menu-item menu-item-type-post_type menu-item-object-page menu-item-169\"><a href=\"https:\/\/www.fst.uha.fr\/index.php\/formations\/licences\/licence-regio-chimica\/\">Licence Regio Chimica<\/a><\/li>\n\t\t<li id=\"menu-item-625\" class=\"menu-item menu-item-type-post_type menu-item-object-page menu-item-625\"><a href=\"https:\/\/www.fst.uha.fr\/index.php\/formations\/licences\/licence-renforcee-physchem\/\">Licence renforc\u00e9e Physchem<\/a><\/li>\n\t\t<li id=\"menu-item-178\" class=\"menu-item menu-item-type-post_type menu-item-object-page menu-item-178\"><a href=\"https:\/\/www.fst.uha.fr\/index.php\/formations\/licences\/licence-environnement-securite-risques\/\">Licence Environnement, S\u00e9curit\u00e9, Risque<\/a><\/li>\n\t\t<li id=\"menu-item-181\" class=\"menu-item menu-item-type-post_type menu-item-object-page menu-item-181\"><a href=\"https:\/\/www.fst.uha.fr\/index.php\/formations\/licences\/licence-de-mathematiques\/\">Licence de Math\u00e9matiques<\/a><\/li>\n\t\t<li id=\"menu-item-180\" class=\"menu-item menu-item-type-post_type menu-item-object-page menu-item-180\"><a href=\"https:\/\/www.fst.uha.fr\/index.php\/formations\/licences\/licence-dinformatique\/\">Licence d\u2019Informatique \/ MIAGE<\/a><\/li>\n\t\t<li id=\"menu-item-163\" class=\"menu-item menu-item-type-post_type menu-item-object-page menu-item-163\"><a href=\"https:\/\/www.fst.uha.fr\/index.php\/formations\/licences\/licence-eea\/\">Licence \u00c9lectronique, \u00c9nergie \u00e9lectrique et Automatique<\/a><\/li>\n\t\t<li id=\"menu-item-176\" class=\"menu-item menu-item-type-post_type menu-item-object-page menu-item-176\"><a href=\"https:\/\/www.fst.uha.fr\/index.php\/formations\/licences\/licence-mecanique\/\">Licence M\u00e9canique<\/a><\/li>\n\t\t<li id=\"menu-item-1656\" class=\"menu-item menu-item-type-post_type menu-item-object-page menu-item-1656\"><a href=\"https:\/\/www.fst.uha.fr\/index.php\/formations\/licences\/licence-sciences-et-techniques-des-activites-physiques-et-sportives-staps\/\">Licence STAPS<\/a><\/li>\n\t\t<li id=\"menu-item-4182\" class=\"menu-item menu-item-type-post_type menu-item-object-page menu-item-4182\"><a href=\"https:\/\/www.fst.uha.fr\/index.php\/formations\/licences\/licence-sciences-de-la-vie-agronomie-agroalimentaire\/\">Licence 3 Sciences de la vie \u2013 parcours Agronomie, Agroalimentaire<\/a><\/li>\n\t\t<li id=\"menu-item-4209\" class=\"menu-item menu-item-type-post_type menu-item-object-page menu-item-4209\"><a href=\"https:\/\/www.fst.uha.fr\/index.php\/formations\/licences\/licence-professionnelle-valorisation-des-agroressources-vins-avenir\/\">Licence Professionnelle Vins d\u2019Avenir &#8211; \u0152nologie et viticulture<\/a><\/li>\n\t\t<li id=\"menu-item-4553\" class=\"menu-item menu-item-type-post_type menu-item-object-page menu-item-4553\"><a href=\"https:\/\/www.fst.uha.fr\/index.php\/formations\/licences\/licence-professionnelle-valorisation-des-agroressources-parcours-bieres-et-spiritueux\/\">Licence Professionnelle Bi\u00e8res et Spiritueux<\/a><\/li>\n\t\t<li id=\"menu-item-4797\" class=\"menu-item menu-item-type-post_type menu-item-object-page menu-item-4797\"><a href=\"https:\/\/www.fst.uha.fr\/index.php\/formations\/licences\/uha-4-0-licence-professionnelle-metiers-de-linformatique-conception-developpement-et-tests-de-logiciels\/\">UHA 4.0 Licence Professionnelle M\u00e9tiers de l\u2019Informatique : Conception, d\u00e9veloppement et tests de logiciels<\/a><\/li>\n\t<\/ul>\n<\/li>\n\t<li id=\"menu-item-483\" class=\"menu-item menu-item-type-custom menu-item-object-custom menu-item-has-children menu-item-483\"><a href=\"https:\/\/www.fst.uha.fr\/index.php\/formations#masters\">Masters<\/a>\n\t<ul class=\"sub-menu\">\n\t\t<li id=\"menu-item-216\" class=\"menu-item menu-item-type-post_type menu-item-object-page menu-item-216\"><a href=\"https:\/\/www.fst.uha.fr\/index.php\/formations\/masters\/master-de-chimie-moleculaire-et-macro-moleculaire\/\">Master Synth\u00e8se et Formulation des Produits de la Chimie<\/a><\/li>\n\t\t<li id=\"menu-item-211\" class=\"menu-item menu-item-type-post_type menu-item-object-page menu-item-211\"><a href=\"https:\/\/www.fst.uha.fr\/index.php\/formations\/masters\/master-automatique-et-informatique-industrielle-systemes-embarques\/\">Master \u00c9lectronique, \u00c9nergie \u00e9lectrique, Automatique<\/a><\/li>\n\t\t<li id=\"menu-item-215\" class=\"menu-item menu-item-type-post_type menu-item-object-page menu-item-215\"><a href=\"https:\/\/www.fst.uha.fr\/index.php\/formations\/masters\/master-informatique-et-mobilite\/\">Master Informatique et Mobilit\u00e9<\/a><\/li>\n\t\t<li id=\"menu-item-214\" class=\"menu-item menu-item-type-post_type menu-item-object-page menu-item-214\"><a href=\"https:\/\/www.fst.uha.fr\/index.php\/formations\/masters\/master-miage\/\">Master MIAGE<\/a><\/li>\n\t\t<li id=\"menu-item-210\" class=\"menu-item menu-item-type-post_type menu-item-object-page menu-item-210\"><a href=\"https:\/\/www.fst.uha.fr\/index.php\/formations\/masters\/master-ingenierie-mathematique-et-data-science\/\">Master Ing\u00e9nierie Math\u00e9matique et Data Science<\/a><\/li>\n\t\t<li id=\"menu-item-209\" class=\"menu-item menu-item-type-post_type menu-item-object-page menu-item-209\"><a href=\"https:\/\/www.fst.uha.fr\/index.php\/formations\/masters\/master-risques-technologiques-securite\/\">Master Risques technologiques, s\u00e9curit\u00e9<\/a><\/li>\n\t\t<li id=\"menu-item-208\" class=\"menu-item menu-item-type-post_type menu-item-object-page menu-item-208\"><a href=\"https:\/\/www.fst.uha.fr\/index.php\/formations\/masters\/master-ingenierie-environnementale-et-energies-nouvelles\/\">Master Ing\u00e9nierie environnementale et \u00c9nergies Nouvelles<\/a><\/li>\n\t\t<li id=\"menu-item-207\" class=\"menu-item menu-item-type-post_type menu-item-object-page menu-item-207\"><a href=\"https:\/\/www.fst.uha.fr\/index.php\/formations\/masters\/master-gestion-des-risques-de-securite-civile\/\">Master Gestion des Risques de S\u00e9curit\u00e9 Civile<\/a><\/li>\n\t\t<li id=\"menu-item-213\" class=\"menu-item menu-item-type-post_type menu-item-object-page menu-item-213\"><a href=\"https:\/\/www.fst.uha.fr\/index.php\/formations\/masters\/sciences-et-genie-des-materiaux\/\">Master Sciences et G\u00e9nie des Mat\u00e9riaux<\/a><\/li>\n\t\t<li id=\"menu-item-4210\" class=\"menu-item menu-item-type-post_type menu-item-object-page menu-item-4210\"><a href=\"https:\/\/www.fst.uha.fr\/index.php\/formations\/masters\/master-st2ae-viticulture-durable\/\">Master ST2AE \u2013 parcours Viticulture Durable<\/a><\/li>\n\t\t<li id=\"menu-item-4208\" class=\"menu-item menu-item-type-post_type menu-item-object-page menu-item-4208\"><a href=\"https:\/\/www.fst.uha.fr\/index.php\/formations\/masters\/master-st2ae-sciences-agronomiques-et-environnementales\/\">Master ST2AE \u2013 parcours Sciences Agronomiques et Environnementales<\/a><\/li>\n\t\t<li id=\"menu-item-4206\" class=\"menu-item menu-item-type-post_type menu-item-object-page menu-item-4206\"><a href=\"https:\/\/www.fst.uha.fr\/index.php\/formations\/masters\/master-st2ae-sciences-alimentaires-et-qualite\/\">Master ST2AE \u2013 parcours Sciences Alimentaires et Qualit\u00e9<\/a><\/li>\n\t\t<li id=\"menu-item-4207\" class=\"menu-item menu-item-type-post_type menu-item-object-page menu-item-4207\"><a href=\"https:\/\/www.fst.uha.fr\/index.php\/formations\/masters\/master-st2ae-franco-allemand-oenologie-et-viticulture\/\">Master ST2AE \u2013 parcours franco-allemand \u0152nologie et Viticulture (MoVE)<\/a><\/li>\n\t<\/ul>\n<\/li>\n\t<li id=\"menu-item-120\" class=\"menu-item menu-item-type-post_type menu-item-object-page menu-item-120\"><a href=\"https:\/\/www.fst.uha.fr\/index.php\/formations\/formations-transfrontalieres\/\">Formations transfrontali\u00e8res<\/a><\/li>\n\t<li id=\"menu-item-119\" class=\"menu-item menu-item-type-post_type menu-item-object-page menu-item-119\"><a href=\"https:\/\/www.fst.uha.fr\/index.php\/formations\/formations-par-apprentissage\/\">Formations par apprentissage<\/a><\/li>\n\t<li id=\"menu-item-999\" class=\"menu-item menu-item-type-post_type menu-item-object-page menu-item-999\"><a href=\"https:\/\/www.fst.uha.fr\/index.php\/formations\/reglementation\/\">R\u00e8glementation &#038; documents importants<\/a><\/li>\n\t<li id=\"menu-item-104\" class=\"menu-item menu-item-type-post_type menu-item-object-page menu-item-104\"><a href=\"https:\/\/www.fst.uha.fr\/index.php\/formations\/stage-insertion-professionnelle\/\">Stage &#038; insertion professionnelle<\/a><\/li>\n\t<li id=\"menu-item-2652\" class=\"menu-item menu-item-type-post_type menu-item-object-page menu-item-2652\"><a href=\"https:\/\/www.fst.uha.fr\/index.php\/du\/\">DU UHA 4.0<\/a><\/li>\n\t<li id=\"menu-item-4605\" class=\"menu-item menu-item-type-post_type menu-item-object-page menu-item-4605\"><a href=\"https:\/\/www.fst.uha.fr\/?page_id=4592\">DU Production et commercialisation brassicoles, bi\u00e9rologie<\/a><\/li>\n\t<li id=\"menu-item-118\" class=\"menu-item menu-item-type-post_type menu-item-object-page menu-item-118\"><a href=\"https:\/\/www.fst.uha.fr\/index.php\/formations\/inscriptions-bourses\/\">Inscriptions &#038; bourses<\/a><\/li>\n<\/ul>\n<\/li>\n<li id=\"menu-item-35\" class=\"menu-item menu-item-type-post_type menu-item-object-page menu-item-35\"><a href=\"https:\/\/www.fst.uha.fr\/index.php\/recherche\/\">Recherche<\/a><\/li>\n<li id=\"menu-item-34\" class=\"menu-item menu-item-type-post_type menu-item-object-page menu-item-has-children menu-item-34\"><a href=\"https:\/\/www.fst.uha.fr\/index.php\/international\/\">International<\/a>\n<ul class=\"sub-menu\">\n\t<li id=\"menu-item-680\" class=\"menu-item menu-item-type-post_type menu-item-object-page menu-item-680\"><a href=\"https:\/\/www.fst.uha.fr\/index.php\/international\/formations-internationales\/\">Formations internationales<\/a><\/li>\n\t<li id=\"menu-item-130\" class=\"menu-item menu-item-type-post_type menu-item-object-page menu-item-130\"><a href=\"https:\/\/www.fst.uha.fr\/index.php\/international\/venir-etudier-a-la-fst\/\">Venir \u00e9tudier \u00e0 la FST<\/a><\/li>\n\t<li id=\"menu-item-129\" class=\"menu-item menu-item-type-post_type menu-item-object-page menu-item-129\"><a href=\"https:\/\/www.fst.uha.fr\/index.php\/international\/partir-a-letranger-via-la-fst\/\">Partir \u00e0 l\u2019\u00e9tranger<\/a><\/li>\n<\/ul>\n<\/li>\n<li id=\"menu-item-33\" class=\"menu-item menu-item-type-post_type menu-item-object-page menu-item-has-children menu-item-33\"><a href=\"https:\/\/www.fst.uha.fr\/index.php\/vie-etudiante\/\">Vie \u00e9tudiante<\/a>\n<ul class=\"sub-menu\">\n\t<li id=\"menu-item-148\" class=\"menu-item menu-item-type-post_type menu-item-object-page menu-item-148\"><a href=\"https:\/\/www.fst.uha.fr\/index.php\/vie-etudiante\/associations-etudiantes\/\">Associations \u00e9tudiantes<\/a><\/li>\n\t<li id=\"menu-item-147\" class=\"menu-item menu-item-type-post_type menu-item-object-page menu-item-147\"><a href=\"https:\/\/www.fst.uha.fr\/index.php\/vie-etudiante\/vivre-a-mulhouse\/\">Vivre \u00e0 Mulhouse<\/a><\/li>\n\t<li id=\"menu-item-150\" class=\"menu-item menu-item-type-post_type menu-item-object-page menu-item-150\"><a href=\"https:\/\/www.fst.uha.fr\/index.php\/vie-etudiante\/logement-et-restauration\/\">Logement et restauration<\/a><\/li>\n\t<li id=\"menu-item-146\" class=\"menu-item menu-item-type-post_type menu-item-object-page menu-item-146\"><a href=\"https:\/\/www.fst.uha.fr\/index.php\/vie-etudiante\/le-campus-de-lillberg\/\">Le campus de l\u2019Illberg<\/a><\/li>\n\t<li id=\"menu-item-3018\" class=\"menu-item menu-item-type-post_type menu-item-object-page menu-item-3018\"><a href=\"https:\/\/www.fst.uha.fr\/index.php\/formations\/inscriptions-bourses\/\">Inscriptions &#038; bourses<\/a><\/li>\n<\/ul>\n<\/li>\n<li id=\"menu-item-32\" class=\"menu-item menu-item-type-post_type menu-item-object-page menu-item-has-children menu-item-32\"><a href=\"https:\/\/www.fst.uha.fr\/index.php\/contact-acces\/\">Contact &#038; acc\u00e8s<\/a>\n<ul class=\"sub-menu\">\n\t<li id=\"menu-item-909\" class=\"menu-item menu-item-type-post_type menu-item-object-page menu-item-909\"><a href=\"https:\/\/www.fst.uha.fr\/index.php\/contact-acces\/organigramme\/\">Organigramme<\/a><\/li>\n<\/ul>\n<\/li>\n<\/ul><\/div>\n<div class=\"menu-menu-pied-de-page-container\"><ul id=\"menu-menu-pied-de-page\" class=\"menu\"><li id=\"menu-item-1116\" class=\"menu-item menu-item-type-custom menu-item-object-custom menu-item-1116\"><a href=\"https:\/\/e-services.uha.fr\/fr\/index.html\">E-services<\/a><\/li>\n<li id=\"menu-item-2832\" class=\"menu-item menu-item-type-post_type menu-item-object-page menu-item-privacy-policy menu-item-2832\"><a rel=\"privacy-policy\" href=\"https:\/\/www.fst.uha.fr\/index.php\/protection-des-donnees\/\">Protection des donn\u00e9es<\/a><\/li>\n<li id=\"menu-item-19\" class=\"menu-item menu-item-type-post_type menu-item-object-page menu-item-19\"><a href=\"https:\/\/www.fst.uha.fr\/index.php\/mentions-legales\/\">Mentions l\u00e9gales<\/a><\/li>\n<li id=\"menu-item-18\" class=\"menu-item menu-item-type-post_type menu-item-object-page menu-item-18\"><a href=\"https:\/\/www.fst.uha.fr\/index.php\/accessibilite\/\">Accessibilit\u00e9<\/a><\/li>\n<li id=\"menu-item-17\" class=\"menu-item menu-item-type-post_type menu-item-object-page menu-item-17\"><a href=\"https:\/\/www.fst.uha.fr\/index.php\/plan-du-site\/\">Plan du site<\/a><\/li>\n<\/ul><\/div>\n","protected":false},"excerpt":{"rendered":"","protected":false},"author":1,"featured_media":0,"parent":0,"menu_order":0,"comment_status":"closed","ping_status":"closed","template":"","meta":{"footnotes":""},"categories":[],"tags":[],"class_list":["post-11","page","type-page","status-publish","hentry"],"yoast_head":"<!-- This site is optimized with the Yoast SEO plugin v27.0 - https:\/\/yoast.com\/product\/yoast-seo-wordpress\/ -->\n<title>Plan du site - FST - Facult\u00e9 des Sciences et Techniques | Universit\u00e9 de Haute-Alsace<\/title>\n<meta name=\"robots\" content=\"index, follow, max-snippet:-1, max-image-preview:large, max-video-preview:-1\" \/>\n<link rel=\"canonical\" href=\"https:\/\/www.fst.uha.fr\/index.php\/plan-du-site\/\" \/>\n<meta property=\"og:locale\" content=\"fr_FR\" \/>\n<meta property=\"og:type\" content=\"article\" \/>\n<meta property=\"og:title\" content=\"Plan du site - FST - Facult\u00e9 des Sciences et Techniques | Universit\u00e9 de Haute-Alsace\" \/>\n<meta property=\"og:url\" content=\"https:\/\/www.fst.uha.fr\/index.php\/plan-du-site\/\" \/>\n<meta property=\"og:site_name\" content=\"FST - Facult\u00e9 des Sciences et Techniques | Universit\u00e9 de Haute-Alsace\" \/>\n<meta property=\"article:modified_time\" content=\"2021-07-15T13:20:46+00:00\" \/>\n<meta name=\"twitter:card\" content=\"summary_large_image\" \/>\n<script type=\"application\/ld+json\" class=\"yoast-schema-graph\">{\"@context\":\"https:\/\/schema.org\",\"@graph\":[{\"@type\":\"WebPage\",\"@id\":\"https:\/\/www.fst.uha.fr\/index.php\/plan-du-site\/\",\"url\":\"https:\/\/www.fst.uha.fr\/index.php\/plan-du-site\/\",\"name\":\"Plan du site - FST - Facult\u00e9 des Sciences et Techniques | Universit\u00e9 de Haute-Alsace\",\"isPartOf\":{\"@id\":\"https:\/\/www.fst.uha.fr\/#website\"},\"datePublished\":\"2018-04-10T07:30:37+00:00\",\"dateModified\":\"2021-07-15T13:20:46+00:00\",\"breadcrumb\":{\"@id\":\"https:\/\/www.fst.uha.fr\/index.php\/plan-du-site\/#breadcrumb\"},\"inLanguage\":\"fr-FR\",\"potentialAction\":[{\"@type\":\"ReadAction\",\"target\":[\"https:\/\/www.fst.uha.fr\/index.php\/plan-du-site\/\"]}]},{\"@type\":\"BreadcrumbList\",\"@id\":\"https:\/\/www.fst.uha.fr\/index.php\/plan-du-site\/#breadcrumb\",\"itemListElement\":[{\"@type\":\"ListItem\",\"position\":1,\"name\":\"Accueil\",\"item\":\"https:\/\/www.fst.uha.fr\/\"},{\"@type\":\"ListItem\",\"position\":2,\"name\":\"Plan du site\"}]},{\"@type\":\"WebSite\",\"@id\":\"https:\/\/www.fst.uha.fr\/#website\",\"url\":\"https:\/\/www.fst.uha.fr\/\",\"name\":\"FST - Facult\u00e9 des Sciences et Techniques | Universit\u00e9 de Haute-Alsace\",\"description\":\"Campus Illberg | Universit\u00e9 de Haute-Alsace\",\"potentialAction\":[{\"@type\":\"SearchAction\",\"target\":{\"@type\":\"EntryPoint\",\"urlTemplate\":\"https:\/\/www.fst.uha.fr\/?s={search_term_string}\"},\"query-input\":{\"@type\":\"PropertyValueSpecification\",\"valueRequired\":true,\"valueName\":\"search_term_string\"}}],\"inLanguage\":\"fr-FR\"}]}<\/script>\n<!-- \/ Yoast SEO plugin. -->","yoast_head_json":{"title":"Plan du site - FST - Facult\u00e9 des Sciences et Techniques | Universit\u00e9 de Haute-Alsace","robots":{"index":"index","follow":"follow","max-snippet":"max-snippet:-1","max-image-preview":"max-image-preview:large","max-video-preview":"max-video-preview:-1"},"canonical":"https:\/\/www.fst.uha.fr\/index.php\/plan-du-site\/","og_locale":"fr_FR","og_type":"article","og_title":"Plan du site - FST - Facult\u00e9 des Sciences et Techniques | Universit\u00e9 de Haute-Alsace","og_url":"https:\/\/www.fst.uha.fr\/index.php\/plan-du-site\/","og_site_name":"FST - Facult\u00e9 des Sciences et Techniques | Universit\u00e9 de Haute-Alsace","article_modified_time":"2021-07-15T13:20:46+00:00","twitter_card":"summary_large_image","schema":{"@context":"https:\/\/schema.org","@graph":[{"@type":"WebPage","@id":"https:\/\/www.fst.uha.fr\/index.php\/plan-du-site\/","url":"https:\/\/www.fst.uha.fr\/index.php\/plan-du-site\/","name":"Plan du site - FST - Facult\u00e9 des Sciences et Techniques | Universit\u00e9 de Haute-Alsace","isPartOf":{"@id":"https:\/\/www.fst.uha.fr\/#website"},"datePublished":"2018-04-10T07:30:37+00:00","dateModified":"2021-07-15T13:20:46+00:00","breadcrumb":{"@id":"https:\/\/www.fst.uha.fr\/index.php\/plan-du-site\/#breadcrumb"},"inLanguage":"fr-FR","potentialAction":[{"@type":"ReadAction","target":["https:\/\/www.fst.uha.fr\/index.php\/plan-du-site\/"]}]},{"@type":"BreadcrumbList","@id":"https:\/\/www.fst.uha.fr\/index.php\/plan-du-site\/#breadcrumb","itemListElement":[{"@type":"ListItem","position":1,"name":"Accueil","item":"https:\/\/www.fst.uha.fr\/"},{"@type":"ListItem","position":2,"name":"Plan du site"}]},{"@type":"WebSite","@id":"https:\/\/www.fst.uha.fr\/#website","url":"https:\/\/www.fst.uha.fr\/","name":"FST - Facult\u00e9 des Sciences et Techniques | Universit\u00e9 de Haute-Alsace","description":"Campus Illberg | Universit\u00e9 de Haute-Alsace","potentialAction":[{"@type":"SearchAction","target":{"@type":"EntryPoint","urlTemplate":"https:\/\/www.fst.uha.fr\/?s={search_term_string}"},"query-input":{"@type":"PropertyValueSpecification","valueRequired":true,"valueName":"search_term_string"}}],"inLanguage":"fr-FR"}]}},"_links":{"self":[{"href":"https:\/\/www.fst.uha.fr\/index.php\/wp-json\/wp\/v2\/pages\/11","targetHints":{"allow":["GET"]}}],"collection":[{"href":"https:\/\/www.fst.uha.fr\/index.php\/wp-json\/wp\/v2\/pages"}],"about":[{"href":"https:\/\/www.fst.uha.fr\/index.php\/wp-json\/wp\/v2\/types\/page"}],"author":[{"embeddable":true,"href":"https:\/\/www.fst.uha.fr\/index.php\/wp-json\/wp\/v2\/users\/1"}],"replies":[{"embeddable":true,"href":"https:\/\/www.fst.uha.fr\/index.php\/wp-json\/wp\/v2\/comments?post=11"}],"version-history":[{"count":5,"href":"https:\/\/www.fst.uha.fr\/index.php\/wp-json\/wp\/v2\/pages\/11\/revisions"}],"predecessor-version":[{"id":2951,"href":"https:\/\/www.fst.uha.fr\/index.php\/wp-json\/wp\/v2\/pages\/11\/revisions\/2951"}],"wp:attachment":[{"href":"https:\/\/www.fst.uha.fr\/index.php\/wp-json\/wp\/v2\/media?parent=11"}],"wp:term":[{"taxonomy":"category","embeddable":true,"href":"https:\/\/www.fst.uha.fr\/index.php\/wp-json\/wp\/v2\/categories?post=11"},{"taxonomy":"post_tag","embeddable":true,"href":"https:\/\/www.fst.uha.fr\/index.php\/wp-json\/wp\/v2\/tags?post=11"}],"curies":[{"name":"wp","href":"https:\/\/api.w.org\/{rel}","templated":true}]}}