{"id":113,"date":"2018-04-25T15:03:50","date_gmt":"2018-04-25T13:03:50","guid":{"rendered":"https:\/\/www.fst.uha.fr\/?page_id=113"},"modified":"2024-05-31T10:00:14","modified_gmt":"2024-05-31T08:00:14","slug":"temoignages","status":"publish","type":"page","link":"https:\/\/www.fst.uha.fr\/index.php\/fst\/temoignages\/","title":{"rendered":"T\u00e9moignages"},"content":{"rendered":"<p><img loading=\"lazy\" decoding=\"async\" class=\"alignnone size-full wp-image-848\" src=\"https:\/\/www.fst.uha.fr\/wp-content\/uploads\/2018\/06\/anciens.png\" alt=\"\" width=\"1920\" height=\"501\" srcset=\"https:\/\/www.fst.uha.fr\/wp-content\/uploads\/2018\/06\/anciens.png 1920w, https:\/\/www.fst.uha.fr\/wp-content\/uploads\/2018\/06\/anciens-300x78.png 300w, https:\/\/www.fst.uha.fr\/wp-content\/uploads\/2018\/06\/anciens-768x200.png 768w, https:\/\/www.fst.uha.fr\/wp-content\/uploads\/2018\/06\/anciens-1024x267.png 1024w\" sizes=\"auto, (max-width: 1920px) 100vw, 1920px\" \/><\/p>\n<p>Ils ont choisi d&rsquo;\u00e9tudier \u00e0 la FST et relatent leur exp\u00e9rience. Comme eux, choisissez la FST pour vos \u00e9tudes sup\u00e9rieures.<br \/>\n<div class=\"su-row\">\n<div class=\"su-column su-column-size-1-2\"><div class=\"su-column-inner su-u-clearfix su-u-trim\">\n<div class=\"su-quote su-quote-style-default su-quote-has-cite\"><div class=\"su-quote-inner su-u-clearfix su-u-trim\">Le choix d\u2019un cursus franco-allemand s\u2019est impos\u00e9 \u00e0 moi comme une \u00e9vidence afin de rester en contact avec mon identit\u00e9 franco-allemande. La licence transfrontali\u00e8re <a href=\"https:\/\/www.fst.uha.fr\/index.php\/formations\/licences\/licence-regio-chimica-2\/\">Regio Chimica<\/a> m\u2019a s\u00e9duit de par son offre innovante de d\u00e9veloppement conjoint de l\u2019interculturalit\u00e9 et d\u2019un c\u0153ur de m\u00e9tier de science dure : la chimie. Ce concept m\u2019a convenu \u00e0 tel point que je souhaite faire aujourd\u2019hui de ce bagage interculturel, dont l\u2019utilit\u00e9 s\u2019\u00e9tend bien au-del\u00e0 du contexte franco-allemand, un \u00e9l\u00e9ment central et structurant de mon portfolio de comp\u00e9tences professionnelles et personnelles.<span class=\"su-quote-cite\">Ilja Lange, dipl\u00f4m\u00e9 Regio Chimica en 2013<\/span><\/div><\/div>\n<div class=\"su-quote su-quote-style-default su-quote-has-cite\"><div class=\"su-quote-inner su-u-clearfix su-u-trim\">L\u2019exp\u00e9rience que j\u2019ai v\u00e9cue dans le cadre du cursus <a href=\"https:\/\/www.fst.uha.fr\/index.php\/formations\/licences\/licence-regio-chimica-2\/\">Regio Chimica<\/a>, au sein d\u2019un groupe bilingue d\u2019\u00e9tudiants, peut se r\u00e9sumer \u00e0 un qualificatif : passionnante. J\u2019ai beaucoup appris sur la culture allemande et certainement autant sur moi-m\u00eame et sur ma propre culture. Apr\u00e8s ces trois ann\u00e9es d\u2019\u00e9tudes, je peux affirmer que je me sens \u00e0 l\u2019aise en France tout comme en Allemagne, mais aussi que je poss\u00e8de les outils interculturels n\u00e9cessaires pour me confronter \u00e0 une nouvelle culture.<span class=\"su-quote-cite\">Pauline Bentz, dipl\u00f4m\u00e9e Regio Chimica en 2013<\/span><\/div><\/div>\n<\/div><\/div>\n<div class=\"su-column su-column-size-1-2\"><div class=\"su-column-inner su-u-clearfix su-u-trim\">\n<div class=\"su-quote su-quote-style-default su-quote-has-cite\"><div class=\"su-quote-inner su-u-clearfix su-u-trim\">La formation <a href=\"https:\/\/www.fst.uha.fr\/index.php\/formations\/licences\/licence-dinformatique\/\">MIAGE<\/a> de Mulhouse permet aux jeunes dipl\u00f4m\u00e9s une adaptation rapide au sein de l\u2019entreprise gr\u00e2ce au stage de fin d\u2019\u00e9tude qui permet un aper\u00e7u de ce qui les attend mais aussi gr\u00e2ce \u00e0 l\u2019enseignement qui y est prodigu\u00e9. [&#8230;] Pour ma part mon poste actuel est Ing\u00e9nieur d\u2019\u00e9tudes chez PSA Peugeot Citro\u00ebn dans un domaine fort int\u00e9ressant qu\u2019est la logistique des Flux Constituants (les pi\u00e8ces). Mon quotidien s\u2019articule autour de la conception, du d\u00e9veloppement et de la maintenance d\u2019une application r\u00e9f\u00e9rentielle de flux logistiques.<span class=\"su-quote-cite\">Gilles BRETZNER (promotion miage 2004) Ing\u00e9nieur d\u2019\u00e9tudes chez PSA Peugeot Citro\u00ebn<\/span><\/div><\/div>\n<\/div><\/div>\n<\/div>\nVous \u00eates un ancien \u00e9tudiant ? D\u00e9posez vous aussi <a href=\"https:\/\/www.fst.uha.fr\/index.php\/deposer-un-temoignage\/\">votre t\u00e9moignage<\/a> !<\/p>\n<p>&nbsp;<\/p>\n<h2>Portraits d&rsquo;\u00e9tudiants dipl\u00f4m\u00e9s<\/h2>\n<p>&nbsp;<\/p>\n<div class=\"su-row\">\n<div class=\"su-column su-column-size-1-4\"><div class=\"su-column-inner su-u-clearfix su-u-trim\">\n<p style=\"text-align: center;\"><a href=\"https:\/\/www.fst.uha.fr\/wp-content\/uploads\/2022\/03\/portrait_chimie.pdf\" target=\"_blank\" rel=\"noopener\"><img loading=\"lazy\" decoding=\"async\" class=\"alignnone size-full wp-image-3246\" src=\"https:\/\/www.fst.uha.fr\/wp-content\/uploads\/2022\/03\/laura.png\" alt=\"\" width=\"160\" height=\"170\" \/><\/a><br \/>\n<strong>Laura Mourot<br \/>\nChimiste M\u00e9dicinale<br \/>\n<\/strong><\/p>\n<p style=\"text-align: left;\"><\/div><\/div>\n<div class=\"su-column su-column-size-1-4\"><div class=\"su-column-inner su-u-clearfix su-u-trim\">\n<p style=\"text-align: center;\"><a href=\"https:\/\/www.fst.uha.fr\/wp-content\/uploads\/2022\/03\/Portrait_SGM.pdf\" target=\"_blank\" rel=\"noopener\"><img loading=\"lazy\" decoding=\"async\" class=\"alignnone size-full wp-image-3244\" src=\"https:\/\/www.fst.uha.fr\/wp-content\/uploads\/2022\/03\/alicia.png\" alt=\"\" width=\"160\" height=\"170\" \/><\/a><br \/>\n<strong>Alicia Henry<\/strong><br \/>\n<strong>Responsable P\u00f4le Mat\u00e9riaux<\/strong><\/p>\n<\/div><\/div>\n<div class=\"su-column su-column-size-1-4\"><div class=\"su-column-inner su-u-clearfix su-u-trim\">\n<p style=\"text-align: center;\"><a href=\"https:\/\/www.fst.uha.fr\/wp-content\/uploads\/2022\/03\/portrait_xavier.pdf\" target=\"_blank\" rel=\"noopener\"><img loading=\"lazy\" decoding=\"async\" class=\"alignnone size-full wp-image-3251\" src=\"https:\/\/www.fst.uha.fr\/wp-content\/uploads\/2022\/03\/xavier.png\" alt=\"\" width=\"160\" height=\"170\" \/><\/a><br \/>\n<strong>Xavier Claude<\/strong><br \/>\n<strong>Responsable Environnement<\/strong><\/p>\n<\/div><\/div>\n<div class=\"su-column su-column-size-1-4\"><div class=\"su-column-inner su-u-clearfix su-u-trim\">\n<p style=\"text-align: center;\"><a href=\"https:\/\/www.fst.uha.fr\/wp-content\/uploads\/2022\/03\/modele_portrait_sophie.pdf\" target=\"_blank\" rel=\"noopener\"><img loading=\"lazy\" decoding=\"async\" class=\"alignnone size-full wp-image-3250\" src=\"https:\/\/www.fst.uha.fr\/wp-content\/uploads\/2022\/03\/sophie.png\" alt=\"\" width=\"160\" height=\"170\" \/><\/a><br \/>\n<strong>Sophie Gaume<\/strong><br \/>\n<strong>Energy Manager<\/strong><\/p>\n<\/div><\/div>\n<\/div>\n<div class=\"su-row\">\n<div class=\"su-column su-column-size-1-4\"><div class=\"su-column-inner su-u-clearfix su-u-trim\">\n<p style=\"text-align: center;\"><a href=\"https:\/\/www.fst.uha.fr\/wp-content\/uploads\/2022\/03\/portrait_IM5.pdf\" target=\"_blank\" rel=\"noopener\"><img loading=\"lazy\" decoding=\"async\" class=\"alignnone size-full wp-image-3245\" src=\"https:\/\/www.fst.uha.fr\/wp-content\/uploads\/2022\/03\/julien.png\" alt=\"\" width=\"160\" height=\"170\" \/><\/a><br \/>\n<strong>Julien Weissenberger<br \/>\nIng\u00e9nieur Consultant<br \/>\n<\/strong><\/p>\n<\/div><\/div>\n<div class=\"su-column su-column-size-1-4\"><div class=\"su-column-inner su-u-clearfix su-u-trim\">\n<p style=\"text-align: center;\"><a href=\"https:\/\/www.fst.uha.fr\/wp-content\/uploads\/2022\/03\/portrait_IM3.pdf\" target=\"_blank\" rel=\"noopener\"><img loading=\"lazy\" decoding=\"async\" class=\"alignnone size-full wp-image-3247\" src=\"https:\/\/www.fst.uha.fr\/wp-content\/uploads\/2022\/03\/roy.png\" alt=\"\" width=\"160\" height=\"170\" \/><\/a><br \/>\n<strong>Roy Rabenaivo<\/strong><br \/>\n<strong>Analyste d\u00e9veloppeur<\/strong><\/p>\n<\/div><\/div>\n<div class=\"su-column su-column-size-1-4\"><div class=\"su-column-inner su-u-clearfix su-u-trim\">\n<p style=\"text-align: center;\"><a href=\"https:\/\/www.fst.uha.fr\/wp-content\/uploads\/2022\/03\/portrait_IM4.pdf\" target=\"_blank\" rel=\"noopener\"><img loading=\"lazy\" decoding=\"async\" class=\"alignnone size-full wp-image-3243\" src=\"https:\/\/www.fst.uha.fr\/wp-content\/uploads\/2022\/03\/abed.png\" alt=\"\" width=\"160\" height=\"170\" \/><\/a><br \/>\n<strong>Abed Hocine<\/strong><br \/>\n<strong>D\u00e9veloppeur Web<\/strong><\/p>\n<\/div><\/div>\n<div class=\"su-column su-column-size-1-4\"><div class=\"su-column-inner su-u-clearfix su-u-trim\">\n<p style=\"text-align: center;\"><a href=\"https:\/\/www.fst.uha.fr\/wp-content\/uploads\/2022\/03\/portrait_IM1.pdf\" target=\"_blank\" rel=\"noopener\"><img loading=\"lazy\" decoding=\"async\" class=\"alignnone size-full wp-image-3249\" src=\"https:\/\/www.fst.uha.fr\/wp-content\/uploads\/2022\/03\/sirine.png\" alt=\"\" width=\"160\" height=\"170\" \/><\/a><br \/>\n<strong>Sirine Ben Abdesslem<\/strong><br \/>\n<strong>Junior digital PMO &amp; Middle-East<\/strong><\/p>\n<\/div><\/div>\n<\/div>\n<div class=\"su-row\">\n<div class=\"su-column su-column-size-1-4\"><div class=\"su-column-inner su-u-clearfix su-u-trim\">\n<p style=\"text-align: center;\"><a href=\"https:\/\/www.fst.uha.fr\/wp-content\/uploads\/2022\/03\/portrait_IM2.pdf\" target=\"_blank\" rel=\"noopener\"><img loading=\"lazy\" decoding=\"async\" class=\"alignnone size-full wp-image-3248\" src=\"https:\/\/www.fst.uha.fr\/wp-content\/uploads\/2022\/03\/salah.png\" alt=\"\" width=\"160\" height=\"170\" \/><\/a><br \/>\n<strong>Salah Eddine Belmabrouk<\/strong><br \/>\n<strong>Application development<\/strong><\/p>\n<\/div><\/div>\n<div class=\"su-column su-column-size-1-4\"><div class=\"su-column-inner su-u-clearfix su-u-trim\">\n<p style=\"text-align: center;\"><a href=\"https:\/\/www.fst.uha.fr\/wp-content\/uploads\/2024\/05\/portrait-fst-grenier-1.pdf\"><img loading=\"lazy\" decoding=\"async\" class=\"alignnone size-full wp-image-3248\" src=\"https:\/\/www.fst.uha.fr\/wp-content\/uploads\/2024\/03\/IMG_2022-scaled-e1711536011249.jpg\" alt=\"\" width=\"160\" height=\"170\" \/><\/a><br \/>\n<strong>Cl\u00e9ment Grenier<\/strong><br \/>\n<strong>Consultant data scientist<\/strong><\/p>\n<\/div><\/div>\n<\/div>\n","protected":false},"excerpt":{"rendered":"<p>Ils ont choisi d&rsquo;\u00e9tudier \u00e0 la FST et relatent leur exp\u00e9rience. Comme eux, choisissez la FST pour vos \u00e9tudes sup\u00e9rieures. Vous \u00eates un ancien \u00e9tudiant ? D\u00e9posez vous aussi votre t\u00e9moignage ! &nbsp; Portraits d&rsquo;\u00e9tudiants dipl\u00f4m\u00e9s &nbsp;<\/p>\n","protected":false},"author":1,"featured_media":450,"parent":20,"menu_order":0,"comment_status":"closed","ping_status":"closed","template":"","meta":{"footnotes":""},"categories":[8],"tags":[],"class_list":["post-113","page","type-page","status-publish","has-post-thumbnail","hentry","category-anciens-etudiants"],"yoast_head":"<!-- This site is optimized with the Yoast SEO plugin v27.0 - https:\/\/yoast.com\/product\/yoast-seo-wordpress\/ -->\n<title>T\u00e9moignages d&#039;anciens \u00e9tudiants - FST - Mulhouse<\/title>\n<meta name=\"description\" content=\"D\u00e9couvrez ici les t\u00e9moignages des anciens \u00e9tudiants de la facult\u00e9 des sciences de Mulhouse\" \/>\n<meta name=\"robots\" content=\"index, follow, max-snippet:-1, max-image-preview:large, max-video-preview:-1\" \/>\n<link rel=\"canonical\" href=\"https:\/\/www.fst.uha.fr\/index.php\/fst\/temoignages\/\" \/>\n<meta property=\"og:locale\" content=\"fr_FR\" \/>\n<meta property=\"og:type\" content=\"article\" \/>\n<meta property=\"og:title\" content=\"T\u00e9moignages d&#039;anciens \u00e9tudiants - FST - Mulhouse\" \/>\n<meta property=\"og:description\" content=\"D\u00e9couvrez ici les t\u00e9moignages des anciens \u00e9tudiants de la facult\u00e9 des sciences de Mulhouse\" \/>\n<meta property=\"og:url\" content=\"https:\/\/www.fst.uha.fr\/index.php\/fst\/temoignages\/\" \/>\n<meta property=\"og:site_name\" content=\"FST - Facult\u00e9 des Sciences et Techniques | Universit\u00e9 de Haute-Alsace\" \/>\n<meta property=\"article:modified_time\" content=\"2024-05-31T08:00:14+00:00\" \/>\n<meta property=\"og:image\" content=\"https:\/\/www.fst.uha.fr\/wp-content\/uploads\/2018\/05\/ACeremonie-diplome-master-2018-52-1024x679.jpg\" \/>\n\t<meta property=\"og:image:width\" content=\"1024\" \/>\n\t<meta property=\"og:image:height\" content=\"679\" \/>\n\t<meta property=\"og:image:type\" content=\"image\/jpeg\" \/>\n<meta name=\"twitter:card\" content=\"summary_large_image\" \/>\n<meta name=\"twitter:label1\" content=\"Dur\u00e9e de lecture estim\u00e9e\" \/>\n\t<meta name=\"twitter:data1\" content=\"5 minutes\" \/>\n<script type=\"application\/ld+json\" class=\"yoast-schema-graph\">{\"@context\":\"https:\/\/schema.org\",\"@graph\":[{\"@type\":\"WebPage\",\"@id\":\"https:\/\/www.fst.uha.fr\/index.php\/fst\/temoignages\/\",\"url\":\"https:\/\/www.fst.uha.fr\/index.php\/fst\/temoignages\/\",\"name\":\"T\u00e9moignages d'anciens \u00e9tudiants - FST - Mulhouse\",\"isPartOf\":{\"@id\":\"https:\/\/www.fst.uha.fr\/#website\"},\"primaryImageOfPage\":{\"@id\":\"https:\/\/www.fst.uha.fr\/index.php\/fst\/temoignages\/#primaryimage\"},\"image\":{\"@id\":\"https:\/\/www.fst.uha.fr\/index.php\/fst\/temoignages\/#primaryimage\"},\"thumbnailUrl\":\"https:\/\/www.fst.uha.fr\/wp-content\/uploads\/2018\/05\/ACeremonie-diplome-master-2018-52.jpg\",\"datePublished\":\"2018-04-25T13:03:50+00:00\",\"dateModified\":\"2024-05-31T08:00:14+00:00\",\"description\":\"D\u00e9couvrez ici les t\u00e9moignages des anciens \u00e9tudiants de la facult\u00e9 des sciences de Mulhouse\",\"breadcrumb\":{\"@id\":\"https:\/\/www.fst.uha.fr\/index.php\/fst\/temoignages\/#breadcrumb\"},\"inLanguage\":\"fr-FR\",\"potentialAction\":[{\"@type\":\"ReadAction\",\"target\":[\"https:\/\/www.fst.uha.fr\/index.php\/fst\/temoignages\/\"]}]},{\"@type\":\"ImageObject\",\"inLanguage\":\"fr-FR\",\"@id\":\"https:\/\/www.fst.uha.fr\/index.php\/fst\/temoignages\/#primaryimage\",\"url\":\"https:\/\/www.fst.uha.fr\/wp-content\/uploads\/2018\/05\/ACeremonie-diplome-master-2018-52.jpg\",\"contentUrl\":\"https:\/\/www.fst.uha.fr\/wp-content\/uploads\/2018\/05\/ACeremonie-diplome-master-2018-52.jpg\",\"width\":4948,\"height\":3280},{\"@type\":\"BreadcrumbList\",\"@id\":\"https:\/\/www.fst.uha.fr\/index.php\/fst\/temoignages\/#breadcrumb\",\"itemListElement\":[{\"@type\":\"ListItem\",\"position\":1,\"name\":\"Accueil\",\"item\":\"https:\/\/www.fst.uha.fr\/\"},{\"@type\":\"ListItem\",\"position\":2,\"name\":\"FST\",\"item\":\"https:\/\/www.fst.uha.fr\/index.php\/fst\/\"},{\"@type\":\"ListItem\",\"position\":3,\"name\":\"T\u00e9moignages\"}]},{\"@type\":\"WebSite\",\"@id\":\"https:\/\/www.fst.uha.fr\/#website\",\"url\":\"https:\/\/www.fst.uha.fr\/\",\"name\":\"FST - Facult\u00e9 des Sciences et Techniques | Universit\u00e9 de Haute-Alsace\",\"description\":\"Campus Illberg | Universit\u00e9 de Haute-Alsace\",\"potentialAction\":[{\"@type\":\"SearchAction\",\"target\":{\"@type\":\"EntryPoint\",\"urlTemplate\":\"https:\/\/www.fst.uha.fr\/?s={search_term_string}\"},\"query-input\":{\"@type\":\"PropertyValueSpecification\",\"valueRequired\":true,\"valueName\":\"search_term_string\"}}],\"inLanguage\":\"fr-FR\"}]}<\/script>\n<!-- \/ Yoast SEO plugin. -->","yoast_head_json":{"title":"T\u00e9moignages d'anciens \u00e9tudiants - FST - Mulhouse","description":"D\u00e9couvrez ici les t\u00e9moignages des anciens \u00e9tudiants de la facult\u00e9 des sciences de Mulhouse","robots":{"index":"index","follow":"follow","max-snippet":"max-snippet:-1","max-image-preview":"max-image-preview:large","max-video-preview":"max-video-preview:-1"},"canonical":"https:\/\/www.fst.uha.fr\/index.php\/fst\/temoignages\/","og_locale":"fr_FR","og_type":"article","og_title":"T\u00e9moignages d'anciens \u00e9tudiants - FST - Mulhouse","og_description":"D\u00e9couvrez ici les t\u00e9moignages des anciens \u00e9tudiants de la facult\u00e9 des sciences de Mulhouse","og_url":"https:\/\/www.fst.uha.fr\/index.php\/fst\/temoignages\/","og_site_name":"FST - Facult\u00e9 des Sciences et Techniques | Universit\u00e9 de Haute-Alsace","article_modified_time":"2024-05-31T08:00:14+00:00","og_image":[{"width":1024,"height":679,"url":"https:\/\/www.fst.uha.fr\/wp-content\/uploads\/2018\/05\/ACeremonie-diplome-master-2018-52-1024x679.jpg","type":"image\/jpeg"}],"twitter_card":"summary_large_image","twitter_misc":{"Dur\u00e9e de lecture estim\u00e9e":"5 minutes"},"schema":{"@context":"https:\/\/schema.org","@graph":[{"@type":"WebPage","@id":"https:\/\/www.fst.uha.fr\/index.php\/fst\/temoignages\/","url":"https:\/\/www.fst.uha.fr\/index.php\/fst\/temoignages\/","name":"T\u00e9moignages d'anciens \u00e9tudiants - FST - Mulhouse","isPartOf":{"@id":"https:\/\/www.fst.uha.fr\/#website"},"primaryImageOfPage":{"@id":"https:\/\/www.fst.uha.fr\/index.php\/fst\/temoignages\/#primaryimage"},"image":{"@id":"https:\/\/www.fst.uha.fr\/index.php\/fst\/temoignages\/#primaryimage"},"thumbnailUrl":"https:\/\/www.fst.uha.fr\/wp-content\/uploads\/2018\/05\/ACeremonie-diplome-master-2018-52.jpg","datePublished":"2018-04-25T13:03:50+00:00","dateModified":"2024-05-31T08:00:14+00:00","description":"D\u00e9couvrez ici les t\u00e9moignages des anciens \u00e9tudiants de la facult\u00e9 des sciences de Mulhouse","breadcrumb":{"@id":"https:\/\/www.fst.uha.fr\/index.php\/fst\/temoignages\/#breadcrumb"},"inLanguage":"fr-FR","potentialAction":[{"@type":"ReadAction","target":["https:\/\/www.fst.uha.fr\/index.php\/fst\/temoignages\/"]}]},{"@type":"ImageObject","inLanguage":"fr-FR","@id":"https:\/\/www.fst.uha.fr\/index.php\/fst\/temoignages\/#primaryimage","url":"https:\/\/www.fst.uha.fr\/wp-content\/uploads\/2018\/05\/ACeremonie-diplome-master-2018-52.jpg","contentUrl":"https:\/\/www.fst.uha.fr\/wp-content\/uploads\/2018\/05\/ACeremonie-diplome-master-2018-52.jpg","width":4948,"height":3280},{"@type":"BreadcrumbList","@id":"https:\/\/www.fst.uha.fr\/index.php\/fst\/temoignages\/#breadcrumb","itemListElement":[{"@type":"ListItem","position":1,"name":"Accueil","item":"https:\/\/www.fst.uha.fr\/"},{"@type":"ListItem","position":2,"name":"FST","item":"https:\/\/www.fst.uha.fr\/index.php\/fst\/"},{"@type":"ListItem","position":3,"name":"T\u00e9moignages"}]},{"@type":"WebSite","@id":"https:\/\/www.fst.uha.fr\/#website","url":"https:\/\/www.fst.uha.fr\/","name":"FST - Facult\u00e9 des Sciences et Techniques | Universit\u00e9 de Haute-Alsace","description":"Campus Illberg | Universit\u00e9 de Haute-Alsace","potentialAction":[{"@type":"SearchAction","target":{"@type":"EntryPoint","urlTemplate":"https:\/\/www.fst.uha.fr\/?s={search_term_string}"},"query-input":{"@type":"PropertyValueSpecification","valueRequired":true,"valueName":"search_term_string"}}],"inLanguage":"fr-FR"}]}},"_links":{"self":[{"href":"https:\/\/www.fst.uha.fr\/index.php\/wp-json\/wp\/v2\/pages\/113","targetHints":{"allow":["GET"]}}],"collection":[{"href":"https:\/\/www.fst.uha.fr\/index.php\/wp-json\/wp\/v2\/pages"}],"about":[{"href":"https:\/\/www.fst.uha.fr\/index.php\/wp-json\/wp\/v2\/types\/page"}],"author":[{"embeddable":true,"href":"https:\/\/www.fst.uha.fr\/index.php\/wp-json\/wp\/v2\/users\/1"}],"replies":[{"embeddable":true,"href":"https:\/\/www.fst.uha.fr\/index.php\/wp-json\/wp\/v2\/comments?post=113"}],"version-history":[{"count":14,"href":"https:\/\/www.fst.uha.fr\/index.php\/wp-json\/wp\/v2\/pages\/113\/revisions"}],"predecessor-version":[{"id":4571,"href":"https:\/\/www.fst.uha.fr\/index.php\/wp-json\/wp\/v2\/pages\/113\/revisions\/4571"}],"up":[{"embeddable":true,"href":"https:\/\/www.fst.uha.fr\/index.php\/wp-json\/wp\/v2\/pages\/20"}],"wp:featuredmedia":[{"embeddable":true,"href":"https:\/\/www.fst.uha.fr\/index.php\/wp-json\/wp\/v2\/media\/450"}],"wp:attachment":[{"href":"https:\/\/www.fst.uha.fr\/index.php\/wp-json\/wp\/v2\/media?parent=113"}],"wp:term":[{"taxonomy":"category","embeddable":true,"href":"https:\/\/www.fst.uha.fr\/index.php\/wp-json\/wp\/v2\/categories?post=113"},{"taxonomy":"post_tag","embeddable":true,"href":"https:\/\/www.fst.uha.fr\/index.php\/wp-json\/wp\/v2\/tags?post=113"}],"curies":[{"name":"wp","href":"https:\/\/api.w.org\/{rel}","templated":true}]}}