{"id":1145,"date":"2018-06-29T10:48:24","date_gmt":"2018-06-29T08:48:24","guid":{"rendered":"https:\/\/www.fst.uha.fr\/?page_id=1145"},"modified":"2018-06-29T10:53:32","modified_gmt":"2018-06-29T08:53:32","slug":"faire-un-don","status":"publish","type":"page","link":"https:\/\/www.fst.uha.fr\/index.php\/faire-un-don\/","title":{"rendered":"Faire un don"},"content":{"rendered":"<p>La Fondation partenariale Haute-Alsace (FHPA), lanc\u00e9e en 2013, g\u00e9n\u00e8re les projets de demain. Elle est reconnue d\u2019utilit\u00e9 publique par l\u2019article 719-13 du Code de l\u2019\u00c9ducation et d\u2019int\u00e9r\u00eat g\u00e9n\u00e9ral. Toutes ses activit\u00e9s sont non-lucratives et sa gestion se fait par des administrateurs b\u00e9n\u00e9voles non r\u00e9mun\u00e9r\u00e9s.<img loading=\"lazy\" decoding=\"async\" class=\" wp-image-1147 alignright\" src=\"https:\/\/www.fst.uha.fr\/wp-content\/uploads\/2018\/06\/LOGO_FONDATION_UHA-768x392.png\" alt=\"\" width=\"368\" height=\"188\" srcset=\"https:\/\/www.fst.uha.fr\/wp-content\/uploads\/2018\/06\/LOGO_FONDATION_UHA-768x392.png 768w, https:\/\/www.fst.uha.fr\/wp-content\/uploads\/2018\/06\/LOGO_FONDATION_UHA-768x392-300x153.png 300w\" sizes=\"auto, (max-width: 368px) 100vw, 368px\" \/><\/p>\n<p><strong>Plus de 90% des dons servent \u00e0 alimenter directement le programme d\u2019actions de la Fondation.<\/strong><\/p>\n<p>Vous partagez nos valeurs\u00a0:<\/p>\n<ul>\n<li>Proximit\u00e9 entre les partenaires<\/li>\n<li>Pragmatisme dans l\u2019action<\/li>\n<li>Ouverture et synergies entre le monde socio-\u00e9conomique et l\u2019Universit\u00e9<\/li>\n<li>R\u00e9ussir ensemble<\/li>\n<\/ul>\n<p>Rejoignez la Fondation Partenariale Haute-Alsace !<\/p>\n<p><a href=\"http:\/\/www.uha.fr\/luha\/fondation-partenariale-haute-alsace\/devenir-mecene\/\">Obtenir plus d&rsquo;informations <\/a><\/p>\n<div class=\"su-column su-column-size-1-2\">\n<div class=\"su-column-inner su-clearfix\">\n<h2>Je fais un don<\/h2>\n<p>La Fondation a obtenu un rescrit positif de l\u2019administration fiscale d\u00e9but f\u00e9vrier 2015.<\/p>\n<div class=\"su-tabs su-tabs-style-default\" data-active=\"1\">\n<h4 class=\"su-tabs-nav\"><span class=\"su-tabs-current\" data-url=\"\" data-target=\"blank\">Particuliers<\/span><\/h4>\n<div class=\"su-tabs-panes\">\n<div class=\"su-tabs-pane su-clearfix\">Vous pouvez b\u00e9n\u00e9ficier d\u2019une r\u00e9duction d\u2019imp\u00f4t \u00e9gale \u00e0 66% du montant des versements dans la limite de 20% du revenu imposable (les particuliers soumis \u00e0 l\u2019ISF b\u00e9n\u00e9ficient d\u2019une d\u00e9duction de 75% du montant du don, dans la limite de 50 000 \u20ac).<\/div>\n<\/div>\n<\/div>\n<\/div>\n<\/div>\n<div>\n<div><\/div>\n<h4 class=\"su-tabs-nav\"><span class=\"su-tabs-current\" data-url=\"\" data-target=\"blank\">Entreprises<\/span><\/h4>\n<div class=\"su-tabs-panes\">\n<div class=\"su-tabs-pane su-clearfix\">Vous pouvez b\u00e9n\u00e9ficier d\u2019une r\u00e9duction d\u2019imp\u00f4t \u00e9gale \u00e0 60% du montant des versements dans la limite de 5 pour mille du chiffre d\u2019affaires (art. 238bis du code g\u00e9n\u00e9ral des imp\u00f4ts).<\/div>\n<\/div>\n<\/div>\n<div class=\"su-column su-column-size-1-2\">\n<div class=\"su-column-inner su-clearfix\">\n<h2>Envoi de dons<\/h2>\n<ul>\n<li>Vous pouvez envoyer vos dons par ch\u00e8que accompagn\u00e9s d\u2019un formulaire \u00e0 l\u2019adresse suivante : 2 rue des Fr\u00e8res Lumi\u00e8re, 68093 MULHOUSE CEDEX<\/li>\n<\/ul>\n<a href=\"https:\/\/www.helloasso.com\/don\/associations\/fondation-partenariale-haute-alsace\" class=\"su-button su-button-style-default\" style=\"color:#FFFFFF;background-color:#2D89EF;border-color:#246ec0;border-radius:5px\" target=\"_blank\" rel=\"noopener noreferrer\"><span style=\"color:#FFFFFF;padding:6px 16px;font-size:13px;line-height:20px;border-color:#6cadf4;border-radius:5px;text-shadow:none\"><i class=\"sui sui-child\" style=\"font-size:13px;color:#FFFFFF\"><\/i> Faire un don (merci)<\/span><\/a>\n<\/div>\n<\/div>\n","protected":false},"excerpt":{"rendered":"<p>La Fondation partenariale Haute-Alsace (FHPA), lanc\u00e9e en 2013, g\u00e9n\u00e8re les projets de demain. Elle est reconnue d\u2019utilit\u00e9 publique par l\u2019article 719-13 du Code de l\u2019\u00c9ducation et d\u2019int\u00e9r\u00eat g\u00e9n\u00e9ral. Toutes ses activit\u00e9s sont non-lucratives et sa gestion se fait par des administrateurs b\u00e9n\u00e9voles non r\u00e9mun\u00e9r\u00e9s. Plus de 90% des dons servent \u00e0 alimenter directement le programme [&hellip;]<\/p>\n","protected":false},"author":1,"featured_media":1155,"parent":0,"menu_order":0,"comment_status":"closed","ping_status":"closed","template":"","meta":{"footnotes":""},"categories":[9],"tags":[],"class_list":["post-1145","page","type-page","status-publish","has-post-thumbnail","hentry","category-entreprises"],"yoast_head":"<!-- This site is optimized with the Yoast SEO plugin v27.0 - https:\/\/yoast.com\/product\/yoast-seo-wordpress\/ -->\n<title>Faire un don - FST - Facult\u00e9 des Sciences de Mulhouse<\/title>\n<meta name=\"robots\" content=\"index, follow, max-snippet:-1, max-image-preview:large, max-video-preview:-1\" \/>\n<link rel=\"canonical\" href=\"https:\/\/www.fst.uha.fr\/index.php\/faire-un-don\/\" \/>\n<meta property=\"og:locale\" content=\"fr_FR\" \/>\n<meta property=\"og:type\" content=\"article\" \/>\n<meta property=\"og:title\" content=\"Faire un don - FST - Facult\u00e9 des Sciences de Mulhouse\" \/>\n<meta property=\"og:description\" content=\"La Fondation partenariale Haute-Alsace (FHPA), lanc\u00e9e en 2013, g\u00e9n\u00e8re les projets de demain. Elle est reconnue d\u2019utilit\u00e9 publique par l\u2019article 719-13 du Code de l\u2019\u00c9ducation et d\u2019int\u00e9r\u00eat g\u00e9n\u00e9ral. Toutes ses activit\u00e9s sont non-lucratives et sa gestion se fait par des administrateurs b\u00e9n\u00e9voles non r\u00e9mun\u00e9r\u00e9s. Plus de 90% des dons servent \u00e0 alimenter directement le programme [&hellip;]\" \/>\n<meta property=\"og:url\" content=\"https:\/\/www.fst.uha.fr\/index.php\/faire-un-don\/\" \/>\n<meta property=\"og:site_name\" content=\"FST - Facult\u00e9 des Sciences et Techniques | Universit\u00e9 de Haute-Alsace\" \/>\n<meta property=\"article:modified_time\" content=\"2018-06-29T08:53:32+00:00\" \/>\n<meta property=\"og:image\" content=\"https:\/\/www.fst.uha.fr\/wp-content\/uploads\/2018\/06\/AdobeStock_67495988miage-1024x683.jpeg\" \/>\n\t<meta property=\"og:image:width\" content=\"1024\" \/>\n\t<meta property=\"og:image:height\" content=\"683\" \/>\n\t<meta property=\"og:image:type\" content=\"image\/jpeg\" \/>\n<meta name=\"twitter:card\" content=\"summary_large_image\" \/>\n<meta name=\"twitter:label1\" content=\"Dur\u00e9e de lecture estim\u00e9e\" \/>\n\t<meta name=\"twitter:data1\" content=\"1 minute\" \/>\n<script type=\"application\/ld+json\" class=\"yoast-schema-graph\">{\"@context\":\"https:\/\/schema.org\",\"@graph\":[{\"@type\":\"WebPage\",\"@id\":\"https:\/\/www.fst.uha.fr\/index.php\/faire-un-don\/\",\"url\":\"https:\/\/www.fst.uha.fr\/index.php\/faire-un-don\/\",\"name\":\"Faire un don - FST - Facult\u00e9 des Sciences de Mulhouse\",\"isPartOf\":{\"@id\":\"https:\/\/www.fst.uha.fr\/#website\"},\"primaryImageOfPage\":{\"@id\":\"https:\/\/www.fst.uha.fr\/index.php\/faire-un-don\/#primaryimage\"},\"image\":{\"@id\":\"https:\/\/www.fst.uha.fr\/index.php\/faire-un-don\/#primaryimage\"},\"thumbnailUrl\":\"https:\/\/www.fst.uha.fr\/wp-content\/uploads\/2018\/06\/AdobeStock_67495988miage.jpeg\",\"datePublished\":\"2018-06-29T08:48:24+00:00\",\"dateModified\":\"2018-06-29T08:53:32+00:00\",\"breadcrumb\":{\"@id\":\"https:\/\/www.fst.uha.fr\/index.php\/faire-un-don\/#breadcrumb\"},\"inLanguage\":\"fr-FR\",\"potentialAction\":[{\"@type\":\"ReadAction\",\"target\":[\"https:\/\/www.fst.uha.fr\/index.php\/faire-un-don\/\"]}]},{\"@type\":\"ImageObject\",\"inLanguage\":\"fr-FR\",\"@id\":\"https:\/\/www.fst.uha.fr\/index.php\/faire-un-don\/#primaryimage\",\"url\":\"https:\/\/www.fst.uha.fr\/wp-content\/uploads\/2018\/06\/AdobeStock_67495988miage.jpeg\",\"contentUrl\":\"https:\/\/www.fst.uha.fr\/wp-content\/uploads\/2018\/06\/AdobeStock_67495988miage.jpeg\",\"width\":3800,\"height\":2533,\"caption\":\"Female smiling student outdoors in the evening with friends\"},{\"@type\":\"BreadcrumbList\",\"@id\":\"https:\/\/www.fst.uha.fr\/index.php\/faire-un-don\/#breadcrumb\",\"itemListElement\":[{\"@type\":\"ListItem\",\"position\":1,\"name\":\"Accueil\",\"item\":\"https:\/\/www.fst.uha.fr\/\"},{\"@type\":\"ListItem\",\"position\":2,\"name\":\"Faire un don\"}]},{\"@type\":\"WebSite\",\"@id\":\"https:\/\/www.fst.uha.fr\/#website\",\"url\":\"https:\/\/www.fst.uha.fr\/\",\"name\":\"FST - Facult\u00e9 des Sciences et Techniques | Universit\u00e9 de Haute-Alsace\",\"description\":\"Campus Illberg | Universit\u00e9 de Haute-Alsace\",\"potentialAction\":[{\"@type\":\"SearchAction\",\"target\":{\"@type\":\"EntryPoint\",\"urlTemplate\":\"https:\/\/www.fst.uha.fr\/?s={search_term_string}\"},\"query-input\":{\"@type\":\"PropertyValueSpecification\",\"valueRequired\":true,\"valueName\":\"search_term_string\"}}],\"inLanguage\":\"fr-FR\"}]}<\/script>\n<!-- \/ Yoast SEO plugin. -->","yoast_head_json":{"title":"Faire un don - FST - Facult\u00e9 des Sciences de Mulhouse","robots":{"index":"index","follow":"follow","max-snippet":"max-snippet:-1","max-image-preview":"max-image-preview:large","max-video-preview":"max-video-preview:-1"},"canonical":"https:\/\/www.fst.uha.fr\/index.php\/faire-un-don\/","og_locale":"fr_FR","og_type":"article","og_title":"Faire un don - FST - Facult\u00e9 des Sciences de Mulhouse","og_description":"La Fondation partenariale Haute-Alsace (FHPA), lanc\u00e9e en 2013, g\u00e9n\u00e8re les projets de demain. Elle est reconnue d\u2019utilit\u00e9 publique par l\u2019article 719-13 du Code de l\u2019\u00c9ducation et d\u2019int\u00e9r\u00eat g\u00e9n\u00e9ral. Toutes ses activit\u00e9s sont non-lucratives et sa gestion se fait par des administrateurs b\u00e9n\u00e9voles non r\u00e9mun\u00e9r\u00e9s. Plus de 90% des dons servent \u00e0 alimenter directement le programme [&hellip;]","og_url":"https:\/\/www.fst.uha.fr\/index.php\/faire-un-don\/","og_site_name":"FST - Facult\u00e9 des Sciences et Techniques | Universit\u00e9 de Haute-Alsace","article_modified_time":"2018-06-29T08:53:32+00:00","og_image":[{"width":1024,"height":683,"url":"https:\/\/www.fst.uha.fr\/wp-content\/uploads\/2018\/06\/AdobeStock_67495988miage-1024x683.jpeg","type":"image\/jpeg"}],"twitter_card":"summary_large_image","twitter_misc":{"Dur\u00e9e de lecture estim\u00e9e":"1 minute"},"schema":{"@context":"https:\/\/schema.org","@graph":[{"@type":"WebPage","@id":"https:\/\/www.fst.uha.fr\/index.php\/faire-un-don\/","url":"https:\/\/www.fst.uha.fr\/index.php\/faire-un-don\/","name":"Faire un don - FST - Facult\u00e9 des Sciences de Mulhouse","isPartOf":{"@id":"https:\/\/www.fst.uha.fr\/#website"},"primaryImageOfPage":{"@id":"https:\/\/www.fst.uha.fr\/index.php\/faire-un-don\/#primaryimage"},"image":{"@id":"https:\/\/www.fst.uha.fr\/index.php\/faire-un-don\/#primaryimage"},"thumbnailUrl":"https:\/\/www.fst.uha.fr\/wp-content\/uploads\/2018\/06\/AdobeStock_67495988miage.jpeg","datePublished":"2018-06-29T08:48:24+00:00","dateModified":"2018-06-29T08:53:32+00:00","breadcrumb":{"@id":"https:\/\/www.fst.uha.fr\/index.php\/faire-un-don\/#breadcrumb"},"inLanguage":"fr-FR","potentialAction":[{"@type":"ReadAction","target":["https:\/\/www.fst.uha.fr\/index.php\/faire-un-don\/"]}]},{"@type":"ImageObject","inLanguage":"fr-FR","@id":"https:\/\/www.fst.uha.fr\/index.php\/faire-un-don\/#primaryimage","url":"https:\/\/www.fst.uha.fr\/wp-content\/uploads\/2018\/06\/AdobeStock_67495988miage.jpeg","contentUrl":"https:\/\/www.fst.uha.fr\/wp-content\/uploads\/2018\/06\/AdobeStock_67495988miage.jpeg","width":3800,"height":2533,"caption":"Female smiling student outdoors in the evening with friends"},{"@type":"BreadcrumbList","@id":"https:\/\/www.fst.uha.fr\/index.php\/faire-un-don\/#breadcrumb","itemListElement":[{"@type":"ListItem","position":1,"name":"Accueil","item":"https:\/\/www.fst.uha.fr\/"},{"@type":"ListItem","position":2,"name":"Faire un don"}]},{"@type":"WebSite","@id":"https:\/\/www.fst.uha.fr\/#website","url":"https:\/\/www.fst.uha.fr\/","name":"FST - Facult\u00e9 des Sciences et Techniques | Universit\u00e9 de Haute-Alsace","description":"Campus Illberg | Universit\u00e9 de Haute-Alsace","potentialAction":[{"@type":"SearchAction","target":{"@type":"EntryPoint","urlTemplate":"https:\/\/www.fst.uha.fr\/?s={search_term_string}"},"query-input":{"@type":"PropertyValueSpecification","valueRequired":true,"valueName":"search_term_string"}}],"inLanguage":"fr-FR"}]}},"_links":{"self":[{"href":"https:\/\/www.fst.uha.fr\/index.php\/wp-json\/wp\/v2\/pages\/1145","targetHints":{"allow":["GET"]}}],"collection":[{"href":"https:\/\/www.fst.uha.fr\/index.php\/wp-json\/wp\/v2\/pages"}],"about":[{"href":"https:\/\/www.fst.uha.fr\/index.php\/wp-json\/wp\/v2\/types\/page"}],"author":[{"embeddable":true,"href":"https:\/\/www.fst.uha.fr\/index.php\/wp-json\/wp\/v2\/users\/1"}],"replies":[{"embeddable":true,"href":"https:\/\/www.fst.uha.fr\/index.php\/wp-json\/wp\/v2\/comments?post=1145"}],"version-history":[{"count":6,"href":"https:\/\/www.fst.uha.fr\/index.php\/wp-json\/wp\/v2\/pages\/1145\/revisions"}],"predecessor-version":[{"id":1153,"href":"https:\/\/www.fst.uha.fr\/index.php\/wp-json\/wp\/v2\/pages\/1145\/revisions\/1153"}],"wp:featuredmedia":[{"embeddable":true,"href":"https:\/\/www.fst.uha.fr\/index.php\/wp-json\/wp\/v2\/media\/1155"}],"wp:attachment":[{"href":"https:\/\/www.fst.uha.fr\/index.php\/wp-json\/wp\/v2\/media?parent=1145"}],"wp:term":[{"taxonomy":"category","embeddable":true,"href":"https:\/\/www.fst.uha.fr\/index.php\/wp-json\/wp\/v2\/categories?post=1145"},{"taxonomy":"post_tag","embeddable":true,"href":"https:\/\/www.fst.uha.fr\/index.php\/wp-json\/wp\/v2\/tags?post=1145"}],"curies":[{"name":"wp","href":"https:\/\/api.w.org\/{rel}","templated":true}]}}