{"id":123,"date":"2018-04-25T15:07:54","date_gmt":"2018-04-25T13:07:54","guid":{"rendered":"https:\/\/www.fst.uha.fr\/?page_id=123"},"modified":"2018-07-13T12:02:09","modified_gmt":"2018-07-13T10:02:09","slug":"partenariats-2","status":"publish","type":"page","link":"https:\/\/www.fst.uha.fr\/index.php\/fst\/partenariats-2\/","title":{"rendered":"Partenariats"},"content":{"rendered":"<p><img loading=\"lazy\" decoding=\"async\" class=\"alignnone size-full wp-image-1031\" src=\"https:\/\/www.fst.uha.fr\/wp-content\/uploads\/2018\/06\/partenariats.png\" alt=\"\" width=\"1920\" height=\"501\" srcset=\"https:\/\/www.fst.uha.fr\/wp-content\/uploads\/2018\/06\/partenariats.png 1920w, https:\/\/www.fst.uha.fr\/wp-content\/uploads\/2018\/06\/partenariats-300x78.png 300w, https:\/\/www.fst.uha.fr\/wp-content\/uploads\/2018\/06\/partenariats-768x200.png 768w, https:\/\/www.fst.uha.fr\/wp-content\/uploads\/2018\/06\/partenariats-1024x267.png 1024w\" sizes=\"auto, (max-width: 1920px) 100vw, 1920px\" \/><\/p>\n<p><span class=\"ILfuVd yZ8quc\">Au fil des ann\u00e9es, la Facult\u00e9 des Sciences et Techniques de Mulhouse a eu la chance de s&rsquo;associer avec diff\u00e9rents partenaires dans le cadre de nombreux projets. On peut y retrouver notamment des vulgarisateurs scientifiques, des partenaires internationaux, des syndicats, des services d\u00e9partementaux, des partenaires culturels ou encore d&rsquo;autres composantes de l&rsquo;Universit\u00e9 de Haute-Alsace.<br \/>\n<\/span><\/p>\n<p>&nbsp;<\/p>\n<div class=\"su-tabs su-tabs-style-default su-tabs-mobile-stack\" data-active=\"1\" data-scroll-offset=\"0\" data-anchor-in-url=\"no\"><div class=\"su-tabs-nav\"><span class=\"\" data-url=\"\" data-target=\"blank\" tabindex=\"0\" role=\"button\">Vulgarisateurs scientifiques<\/span><span class=\"\" data-url=\"\" data-target=\"blank\" tabindex=\"0\" role=\"button\">Partenaires internationaux<\/span><span class=\"\" data-url=\"\" data-target=\"blank\" tabindex=\"0\" role=\"button\">Syndicats et services d\u00e9partementaux<\/span><span class=\"\" data-url=\"\" data-target=\"blank\" tabindex=\"0\" role=\"button\">Partenaires culturels<\/span><\/div><div class=\"su-tabs-panes\"><div class=\"su-tabs-pane su-u-clearfix su-u-trim\" data-title=\"Vulgarisateurs scientifiques\">\n<h2>Vulgarisateurs scientifiques :<\/h2>\n<div class=\"su-service\"><div class=\"su-service-title\" style=\"padding-left:46px;min-height:32px;line-height:32px\"><i class=\"sui sui-handshake-o\" style=\"font-size:32px;color:#004996\"><\/i> Nef des Sciences de Mulhouse<\/div><div class=\"su-service-content su-u-clearfix su-u-trim\" style=\"padding-left:46px\">Centre de science ayant pour mission de d\u00e9velopper la culture scientifique, technique et industrielle, c\u2019est-\u00e0-dire de rendre accessibles au plus grand nombre et notamment aux jeunes, les sciences, les techniques et les industries, toutes disciplines confondues, ainsi que de contribuer au dialogue Science &amp; Soci\u00e9t\u00e9.<br \/>\n<a href=\"http:\/\/www.nef-sciences.fr\/\">En savoir plus<\/a><\/div><\/div>\n<div class=\"su-service\"><div class=\"su-service-title\" style=\"padding-left:46px;min-height:32px;line-height:32px\"><i class=\"sui sui-handshake-o\" style=\"font-size:32px;color:#004996\"><\/i> Accompagnement en sciences et technologie \u00e0 l'\u00e9cole primaire (ASTEP)<\/div><div class=\"su-service-content su-u-clearfix su-u-trim\" style=\"padding-left:46px\">\n<p>Il a pour objectif de d\u00e9velopper dans les classes un enseignement reposant sur la d\u00e9marche d&rsquo;investigation. L&rsquo;ASTEP favorise l&rsquo;engagement de scientifiques et d&rsquo;\u00e9tudiant\u2022e\u2022s aux c\u00f4t\u00e9s des enseignants de l&rsquo;\u00e9cole primaire et de leurs \u00e9l\u00e8ves pour les aider dans cette voie.<br \/>\n<a href=\"https:\/\/www.fondation-lamap.org\/fr\/astep\">En savoir plus<\/a><\/div><\/div>\n<div class=\"su-service\"><div class=\"su-service-title\" style=\"padding-left:46px;min-height:32px;line-height:32px\"><i class=\"sui sui-handshake-o\" style=\"font-size:32px;color:#004996\"><\/i> Maison pour la Science en Alsace<\/div><div class=\"su-service-content su-u-clearfix su-u-trim\" style=\"padding-left:46px\">Depuis 2012, la Maison pour la Science en Alsace accueille les professeurs des \u00e9coles et des coll\u00e8ges alsaciens. En partenariat avec l\u2019<a href=\"http:\/\/www.unistra.fr\/\">Universit\u00e9 de Strasbourg<\/a> et le <a href=\"http:\/\/www.ac-strasbourg.fr\/\">Rectorat de l\u2019Acad\u00e9mie de Strasbourg<\/a>, elle vise \u00e0 rapprocher les enseignants du monde scientifique. Dans cette perspective, ses actions sont le fruit d\u2019une collaboration entre intervenants du milieu de la recherche et de l\u2019enseignement.<br \/>\n<a href=\"http:\/\/www.maisons-pour-la-science.org\/fr\/alsace\">Maison pour la Science en Alsace<\/a><\/div><\/div>\n<\/div>\n<div class=\"su-tabs-pane su-u-clearfix su-u-trim\" data-title=\"Partenaires internationaux\">\n<h2>Partenaires internationaux<\/h2>\n<div class=\"su-service\"><div class=\"su-service-title\" style=\"padding-left:46px;min-height:32px;line-height:32px\"><i class=\"sui sui-handshake-o\" style=\"font-size:32px;color:#004996\"><\/i> Eucor - Le Campus europ\u00e9en<\/div><div class=\"su-service-content su-u-clearfix su-u-trim\" style=\"padding-left:46px\">Regroupant les universit\u00e9s de <a href=\"http:\/\/www.kit.edu\/english\/index.php\">Karlsruhe<\/a>, <a href=\"http:\/\/www.unistra.fr\/index.php?id=accueil&amp;utm_source=unistra_fr&amp;utm_medium=unistra_fr_homepage\">Strasbourg<\/a>, <a href=\"http:\/\/www.uni-freiburg.de\/?set_language=en\">Fribourg<\/a>, <a href=\"http:\/\/www.uha.fr\/\">Mulhouse<\/a> et <a href=\"https:\/\/www.unibas.ch\/en.html\">B\u00e2le<\/a>, il offre \u00e0 ses acteurs, \u00e9tudiants et enseignants, des opportunit\u00e9s in\u00e9gal\u00e9es d\u2019ouverture (cours, stage, \u00e9change\u2026).<br \/>\n<a href=\"http:\/\/www.eucor-uni.org\/fr\">En savoir plus<\/a><\/div><\/div>\n<div class=\"su-service\"><div class=\"su-service-title\" style=\"padding-left:46px;min-height:32px;line-height:32px\"><i class=\"sui sui-handshake-o\" style=\"font-size:32px;color:#004996\"><\/i> NovaTris - Centre de comp\u00e9tences transfrontali\u00e8res<\/div><div class=\"su-service-content su-u-clearfix su-u-trim\" style=\"padding-left:46px\">Le Centre de comp\u00e9tences transfrontali\u00e8res NovaTris est un service de l\u2019<a href=\"http:\/\/www.uha.fr\/\">Universit\u00e9 de Haute-Alsace<\/a>, dont la mission est de soutenir le d\u00e9veloppement de formations initiales et continues \u00e0 caract\u00e8re transfrontalier.<br \/>\n<a href=\"http:\/\/www.novatris.uha.fr\/\">En savoir plus<\/a><br \/>\n<\/div><\/div>\n<div class=\"su-service\"><div class=\"su-service-title\" style=\"padding-left:46px;min-height:32px;line-height:32px\"><i class=\"sui sui-handshake-o\" style=\"font-size:32px;color:#004996\"><\/i> Campus France<\/div><div class=\"su-service-content su-u-clearfix su-u-trim\" style=\"padding-left:46px\">Campus France est une agence fran\u00e7aise pour la promotion de l\u2019enseignement sup\u00e9rieur, l\u2019accueil et la mobilit\u00e9 internationale. Elle est l\u2019interface des formations pour le recrutement d\u2019\u00e9tudiants \u00e9trangers et des laboratoires pour la mise en place de partenariats interuniversitaires.<br \/>\n<a href=\"https:\/\/www.campusfrance.org\/fr\">En savoir plus<\/a><\/div><\/div>\n<\/div>\n<div class=\"su-tabs-pane su-u-clearfix su-u-trim\" data-title=\"Syndicats et services d\u00e9partementaux\">\n<h2>Syndicats et services d\u00e9partementaux<\/h2>\n<div class=\"su-service\"><div class=\"su-service-title\" style=\"padding-left:46px;min-height:32px;line-height:32px\"><i class=\"sui sui-handshake-o\" style=\"font-size:32px;color:#004996\"><\/i> Syntec Num\u00e9rique<\/div><div class=\"su-service-content su-u-clearfix su-u-trim\" style=\"padding-left:46px\">Il s&rsquo;agit d&rsquo;un syndicat professionnel regroupant entre autres les sp\u00e9cialis\u00e9s de l&rsquo;ing\u00e9nierie, du num\u00e9rique et du conseil, il soutient les formations professionnelles de la FST dans ce secteur au travers de forums par exemple.<br \/>\n<a href=\"https:\/\/www.syntec.fr\/\">En savoir plus<\/a><\/div><\/div>\n<div class=\"su-service\"><div class=\"su-service-title\" style=\"padding-left:46px;min-height:32px;line-height:32px\"><i class=\"sui sui-handshake-o\" style=\"font-size:32px;color:#004996\"><\/i> SDIS - Service D\u00e9partemental Incendie Secours<\/div><div class=\"su-service-content su-u-clearfix su-u-trim\" style=\"padding-left:46px\">Le d\u00e9partement environnement et son laboratoire (GRE) de la facult\u00e9 est historiquement impliqu\u00e9 dans la formation des officiers sapeurs pompiers. Ainsi, la facult\u00e9 a, au cours des ann\u00e9es, tiss\u00e9 des liens \u00e9troits avec les services d\u00e9partementaux d\u2019incendie et de secours (SDIS) charg\u00e9 de la gestion des sapeurs-pompiers au niveau du d\u00e9partement.<br \/>\n<a href=\"http:\/\/www.pompiers68.fr\/\">En savoir plus<\/a><\/div><\/div>\n<\/div>\n<div class=\"su-tabs-pane su-u-clearfix su-u-trim\" data-title=\"Partenaires culturels\">\n<h2>Partenaires culturels<\/h2>\n<div class=\"su-service\"><div class=\"su-service-title\" style=\"padding-left:46px;min-height:32px;line-height:32px\"><i class=\"sui sui-handshake-o\" style=\"font-size:32px;color:#004996\"><\/i> Club d'\u00e9checs Philidor Mulhouse<\/div><div class=\"su-service-content su-u-clearfix su-u-trim\" style=\"padding-left:46px\">Club d\u2019\u00e9checs de renomm\u00e9e nationale plusieurs fois titr\u00e9s. La FST a souhait\u00e9, \u00e0 travers ce partenariat, mettre en avant les qualit\u00e9s inh\u00e9rentes aux \u00e9checs, concentration et r\u00e9flexion, qui sont des atouts pour la bonne r\u00e9ussite des \u00e9tudiants.<br \/>\n<a href=\"http:\/\/philidor-mulhouse.net\/\">En savoir plus<\/a><\/div><\/div>\n<div class=\"su-service\"><div class=\"su-service-title\" style=\"padding-left:46px;min-height:32px;line-height:32px\"><img loading=\"lazy\" decoding=\"async\" src=\"https:\/\/www.fst.uha.fr\/wp-content\/uploads\/2018\/07\/picto-logo-01.png\" width=\"32\" height=\"32\" alt=\"Service Universitaire de l&#039;Action Culturelle (SUAC) de l&#039;UHA\" style=\"width:32px;height:32px\" \/> Service Universitaire de l'Action Culturelle (SUAC) de l'UHA<\/div><div class=\"su-service-content su-u-clearfix su-u-trim\" style=\"padding-left:46px\">C&rsquo;est un lieu ouvert de r\u00e9flexions, de rencontres et d\u2019\u00e9changes, qui engage dans la r\u00e9alisation de projets la communaut\u00e9 universitaire dans son ensemble ainsi que les partenaires culturels et institutionnels de la r\u00e9gion. Il collabore avec la FST notamment pour l\u2019organisation d\u2019expositions et d\u2019\u00e9v\u00e9nements culturels.<br \/>\n<a href=\"http:\/\/www.culture.uha.fr\/\">En savoir plus<\/a><\/div><\/div>\n<\/div><\/div><\/div>\n<p>La Facult\u00e9 des Sciences et Techniques a \u00e9galement tiss\u00e9 des liens privil\u00e9gi\u00e9s avec d&rsquo;autres \u00e9coles de l&rsquo;Universit\u00e9 de Haute-Alsace :<\/p>\n<div class=\"su-row\">\n<div class=\"su-column su-column-size-1-2\"><div class=\"su-column-inner su-u-clearfix su-u-trim\">\n<div class=\"su-service\"><div class=\"su-service-title\" style=\"padding-left:46px;min-height:32px;line-height:32px\"><img loading=\"lazy\" decoding=\"async\" src=\"https:\/\/www.fst.uha.fr\/wp-content\/uploads\/2018\/07\/picto-logo-01.png\" width=\"32\" height=\"32\" alt=\"\u00c9cole Nationale Sup\u00e9rieur de Chimie de Mulhouse (ENSCMu)\" style=\"width:32px;height:32px\" \/> \u00c9cole Nationale Sup\u00e9rieur de Chimie de Mulhouse (ENSCMu)<\/div><div class=\"su-service-content su-u-clearfix su-u-trim\" style=\"padding-left:46px\">L&rsquo;ENSCMu, premi\u00e8re \u00e9cole de chimie de France, est aujourd\u2019hui l&rsquo;une des \u00e9coles de l&rsquo;<a href=\"http:\/\/www.uha.fr\/\">Universit\u00e9 de Haute-Alsace<\/a>. La mixit\u00e9 de ses enseignants et de ses formations assure les bases solides des relations avec la FST qui peuvent b\u00e9n\u00e9ficier aux \u00e9tudiants.<br \/>\n<a href=\"http:\/\/www.enscmu.uha.fr\/\">En savoir plus<\/a><\/div><\/div>\n<\/div><\/div>\n<div class=\"su-column su-column-size-1-2\"><div class=\"su-column-inner su-u-clearfix su-u-trim\">\n<div class=\"su-service\"><div class=\"su-service-title\" style=\"padding-left:46px;min-height:32px;line-height:32px\"><img loading=\"lazy\" decoding=\"async\" src=\"https:\/\/www.fst.uha.fr\/wp-content\/uploads\/2018\/07\/picto-logo-01.png\" width=\"32\" height=\"32\" alt=\"\u00c9cole Nationale Sup\u00e9rieur d&#039;Ing\u00e9nieurs Sud-Alsace (ENSISA)\" style=\"width:32px;height:32px\" \/> \u00c9cole Nationale Sup\u00e9rieur d'Ing\u00e9nieurs Sud-Alsace (ENSISA)<\/div><div class=\"su-service-content su-u-clearfix su-u-trim\" style=\"padding-left:46px\">L&rsquo;ENSISA est une \u00e9cole de l&rsquo;<a href=\"http:\/\/www.uha.fr\/\">Universit\u00e9 de Haute-Alsace<\/a>. De par sa proximit\u00e9 th\u00e9matique et g\u00e9ographique, elle offre une passerelle pour les \u00e9tudiants dans le champ num\u00e9rique et industrie du futur.<br \/>\n<a href=\"http:\/\/www.ensisa.uha.fr\/\">En savoir plus<\/a><\/div><\/div>\n<\/div><\/div>\n<\/div>\n","protected":false},"excerpt":{"rendered":"<p>Au fil des ann\u00e9es, la Facult\u00e9 des Sciences et Techniques de Mulhouse a eu la chance de s&rsquo;associer avec diff\u00e9rents partenaires dans le cadre de nombreux projets. On peut y retrouver notamment des vulgarisateurs scientifiques, des partenaires internationaux, des syndicats, des services d\u00e9partementaux, des partenaires culturels ou encore d&rsquo;autres composantes de l&rsquo;Universit\u00e9 de Haute-Alsace. &nbsp; [&hellip;]<\/p>\n","protected":false},"author":1,"featured_media":0,"parent":20,"menu_order":0,"comment_status":"closed","ping_status":"closed","template":"","meta":{"footnotes":""},"categories":[],"tags":[],"class_list":["post-123","page","type-page","status-publish","hentry"],"yoast_head":"<!-- This site is optimized with the Yoast SEO plugin v27.0 - https:\/\/yoast.com\/product\/yoast-seo-wordpress\/ -->\n<title>Partenariats - FST- Facult\u00e9 des Sciences et Techniques de Mulhouse<\/title>\n<meta name=\"robots\" content=\"index, follow, max-snippet:-1, max-image-preview:large, max-video-preview:-1\" \/>\n<link rel=\"canonical\" href=\"https:\/\/www.fst.uha.fr\/index.php\/fst\/partenariats-2\/\" \/>\n<meta property=\"og:locale\" content=\"fr_FR\" \/>\n<meta property=\"og:type\" content=\"article\" \/>\n<meta property=\"og:title\" content=\"Partenariats - FST- Facult\u00e9 des Sciences et Techniques de Mulhouse\" \/>\n<meta property=\"og:description\" content=\"Au fil des ann\u00e9es, la Facult\u00e9 des Sciences et Techniques de Mulhouse a eu la chance de s&rsquo;associer avec diff\u00e9rents partenaires dans le cadre de nombreux projets. On peut y retrouver notamment des vulgarisateurs scientifiques, des partenaires internationaux, des syndicats, des services d\u00e9partementaux, des partenaires culturels ou encore d&rsquo;autres composantes de l&rsquo;Universit\u00e9 de Haute-Alsace. &nbsp; [&hellip;]\" \/>\n<meta property=\"og:url\" content=\"https:\/\/www.fst.uha.fr\/index.php\/fst\/partenariats-2\/\" \/>\n<meta property=\"og:site_name\" content=\"FST - Facult\u00e9 des Sciences et Techniques | Universit\u00e9 de Haute-Alsace\" \/>\n<meta property=\"article:modified_time\" content=\"2018-07-13T10:02:09+00:00\" \/>\n<meta property=\"og:image\" content=\"https:\/\/www.fst.uha.fr\/wp-content\/uploads\/2018\/06\/partenariats.png\" \/>\n<meta name=\"twitter:card\" content=\"summary_large_image\" \/>\n<meta name=\"twitter:label1\" content=\"Dur\u00e9e de lecture estim\u00e9e\" \/>\n\t<meta name=\"twitter:data1\" content=\"5 minutes\" \/>\n<script type=\"application\/ld+json\" class=\"yoast-schema-graph\">{\"@context\":\"https:\/\/schema.org\",\"@graph\":[{\"@type\":\"WebPage\",\"@id\":\"https:\/\/www.fst.uha.fr\/index.php\/fst\/partenariats-2\/\",\"url\":\"https:\/\/www.fst.uha.fr\/index.php\/fst\/partenariats-2\/\",\"name\":\"Partenariats - FST- Facult\u00e9 des Sciences et Techniques de Mulhouse\",\"isPartOf\":{\"@id\":\"https:\/\/www.fst.uha.fr\/#website\"},\"primaryImageOfPage\":{\"@id\":\"https:\/\/www.fst.uha.fr\/index.php\/fst\/partenariats-2\/#primaryimage\"},\"image\":{\"@id\":\"https:\/\/www.fst.uha.fr\/index.php\/fst\/partenariats-2\/#primaryimage\"},\"thumbnailUrl\":\"https:\/\/www.fst.uha.fr\/wp-content\/uploads\/2018\/06\/partenariats.png\",\"datePublished\":\"2018-04-25T13:07:54+00:00\",\"dateModified\":\"2018-07-13T10:02:09+00:00\",\"breadcrumb\":{\"@id\":\"https:\/\/www.fst.uha.fr\/index.php\/fst\/partenariats-2\/#breadcrumb\"},\"inLanguage\":\"fr-FR\",\"potentialAction\":[{\"@type\":\"ReadAction\",\"target\":[\"https:\/\/www.fst.uha.fr\/index.php\/fst\/partenariats-2\/\"]}]},{\"@type\":\"ImageObject\",\"inLanguage\":\"fr-FR\",\"@id\":\"https:\/\/www.fst.uha.fr\/index.php\/fst\/partenariats-2\/#primaryimage\",\"url\":\"https:\/\/www.fst.uha.fr\/wp-content\/uploads\/2018\/06\/partenariats.png\",\"contentUrl\":\"https:\/\/www.fst.uha.fr\/wp-content\/uploads\/2018\/06\/partenariats.png\",\"width\":1920,\"height\":501},{\"@type\":\"BreadcrumbList\",\"@id\":\"https:\/\/www.fst.uha.fr\/index.php\/fst\/partenariats-2\/#breadcrumb\",\"itemListElement\":[{\"@type\":\"ListItem\",\"position\":1,\"name\":\"Accueil\",\"item\":\"https:\/\/www.fst.uha.fr\/\"},{\"@type\":\"ListItem\",\"position\":2,\"name\":\"FST\",\"item\":\"https:\/\/www.fst.uha.fr\/index.php\/fst\/\"},{\"@type\":\"ListItem\",\"position\":3,\"name\":\"Partenariats\"}]},{\"@type\":\"WebSite\",\"@id\":\"https:\/\/www.fst.uha.fr\/#website\",\"url\":\"https:\/\/www.fst.uha.fr\/\",\"name\":\"FST - Facult\u00e9 des Sciences et Techniques | Universit\u00e9 de Haute-Alsace\",\"description\":\"Campus Illberg | Universit\u00e9 de Haute-Alsace\",\"potentialAction\":[{\"@type\":\"SearchAction\",\"target\":{\"@type\":\"EntryPoint\",\"urlTemplate\":\"https:\/\/www.fst.uha.fr\/?s={search_term_string}\"},\"query-input\":{\"@type\":\"PropertyValueSpecification\",\"valueRequired\":true,\"valueName\":\"search_term_string\"}}],\"inLanguage\":\"fr-FR\"}]}<\/script>\n<!-- \/ Yoast SEO plugin. -->","yoast_head_json":{"title":"Partenariats - FST- Facult\u00e9 des Sciences et Techniques de Mulhouse","robots":{"index":"index","follow":"follow","max-snippet":"max-snippet:-1","max-image-preview":"max-image-preview:large","max-video-preview":"max-video-preview:-1"},"canonical":"https:\/\/www.fst.uha.fr\/index.php\/fst\/partenariats-2\/","og_locale":"fr_FR","og_type":"article","og_title":"Partenariats - FST- Facult\u00e9 des Sciences et Techniques de Mulhouse","og_description":"Au fil des ann\u00e9es, la Facult\u00e9 des Sciences et Techniques de Mulhouse a eu la chance de s&rsquo;associer avec diff\u00e9rents partenaires dans le cadre de nombreux projets. On peut y retrouver notamment des vulgarisateurs scientifiques, des partenaires internationaux, des syndicats, des services d\u00e9partementaux, des partenaires culturels ou encore d&rsquo;autres composantes de l&rsquo;Universit\u00e9 de Haute-Alsace. &nbsp; [&hellip;]","og_url":"https:\/\/www.fst.uha.fr\/index.php\/fst\/partenariats-2\/","og_site_name":"FST - Facult\u00e9 des Sciences et Techniques | Universit\u00e9 de Haute-Alsace","article_modified_time":"2018-07-13T10:02:09+00:00","og_image":[{"url":"https:\/\/www.fst.uha.fr\/wp-content\/uploads\/2018\/06\/partenariats.png","type":"","width":"","height":""}],"twitter_card":"summary_large_image","twitter_misc":{"Dur\u00e9e de lecture estim\u00e9e":"5 minutes"},"schema":{"@context":"https:\/\/schema.org","@graph":[{"@type":"WebPage","@id":"https:\/\/www.fst.uha.fr\/index.php\/fst\/partenariats-2\/","url":"https:\/\/www.fst.uha.fr\/index.php\/fst\/partenariats-2\/","name":"Partenariats - FST- Facult\u00e9 des Sciences et Techniques de Mulhouse","isPartOf":{"@id":"https:\/\/www.fst.uha.fr\/#website"},"primaryImageOfPage":{"@id":"https:\/\/www.fst.uha.fr\/index.php\/fst\/partenariats-2\/#primaryimage"},"image":{"@id":"https:\/\/www.fst.uha.fr\/index.php\/fst\/partenariats-2\/#primaryimage"},"thumbnailUrl":"https:\/\/www.fst.uha.fr\/wp-content\/uploads\/2018\/06\/partenariats.png","datePublished":"2018-04-25T13:07:54+00:00","dateModified":"2018-07-13T10:02:09+00:00","breadcrumb":{"@id":"https:\/\/www.fst.uha.fr\/index.php\/fst\/partenariats-2\/#breadcrumb"},"inLanguage":"fr-FR","potentialAction":[{"@type":"ReadAction","target":["https:\/\/www.fst.uha.fr\/index.php\/fst\/partenariats-2\/"]}]},{"@type":"ImageObject","inLanguage":"fr-FR","@id":"https:\/\/www.fst.uha.fr\/index.php\/fst\/partenariats-2\/#primaryimage","url":"https:\/\/www.fst.uha.fr\/wp-content\/uploads\/2018\/06\/partenariats.png","contentUrl":"https:\/\/www.fst.uha.fr\/wp-content\/uploads\/2018\/06\/partenariats.png","width":1920,"height":501},{"@type":"BreadcrumbList","@id":"https:\/\/www.fst.uha.fr\/index.php\/fst\/partenariats-2\/#breadcrumb","itemListElement":[{"@type":"ListItem","position":1,"name":"Accueil","item":"https:\/\/www.fst.uha.fr\/"},{"@type":"ListItem","position":2,"name":"FST","item":"https:\/\/www.fst.uha.fr\/index.php\/fst\/"},{"@type":"ListItem","position":3,"name":"Partenariats"}]},{"@type":"WebSite","@id":"https:\/\/www.fst.uha.fr\/#website","url":"https:\/\/www.fst.uha.fr\/","name":"FST - Facult\u00e9 des Sciences et Techniques | Universit\u00e9 de Haute-Alsace","description":"Campus Illberg | Universit\u00e9 de Haute-Alsace","potentialAction":[{"@type":"SearchAction","target":{"@type":"EntryPoint","urlTemplate":"https:\/\/www.fst.uha.fr\/?s={search_term_string}"},"query-input":{"@type":"PropertyValueSpecification","valueRequired":true,"valueName":"search_term_string"}}],"inLanguage":"fr-FR"}]}},"_links":{"self":[{"href":"https:\/\/www.fst.uha.fr\/index.php\/wp-json\/wp\/v2\/pages\/123","targetHints":{"allow":["GET"]}}],"collection":[{"href":"https:\/\/www.fst.uha.fr\/index.php\/wp-json\/wp\/v2\/pages"}],"about":[{"href":"https:\/\/www.fst.uha.fr\/index.php\/wp-json\/wp\/v2\/types\/page"}],"author":[{"embeddable":true,"href":"https:\/\/www.fst.uha.fr\/index.php\/wp-json\/wp\/v2\/users\/1"}],"replies":[{"embeddable":true,"href":"https:\/\/www.fst.uha.fr\/index.php\/wp-json\/wp\/v2\/comments?post=123"}],"version-history":[{"count":26,"href":"https:\/\/www.fst.uha.fr\/index.php\/wp-json\/wp\/v2\/pages\/123\/revisions"}],"predecessor-version":[{"id":1028,"href":"https:\/\/www.fst.uha.fr\/index.php\/wp-json\/wp\/v2\/pages\/123\/revisions\/1028"}],"up":[{"embeddable":true,"href":"https:\/\/www.fst.uha.fr\/index.php\/wp-json\/wp\/v2\/pages\/20"}],"wp:attachment":[{"href":"https:\/\/www.fst.uha.fr\/index.php\/wp-json\/wp\/v2\/media?parent=123"}],"wp:term":[{"taxonomy":"category","embeddable":true,"href":"https:\/\/www.fst.uha.fr\/index.php\/wp-json\/wp\/v2\/categories?post=123"},{"taxonomy":"post_tag","embeddable":true,"href":"https:\/\/www.fst.uha.fr\/index.php\/wp-json\/wp\/v2\/tags?post=123"}],"curies":[{"name":"wp","href":"https:\/\/api.w.org\/{rel}","templated":true}]}}