{"id":125,"date":"2018-04-25T15:08:45","date_gmt":"2018-04-25T13:08:45","guid":{"rendered":"https:\/\/www.fst.uha.fr\/?page_id=125"},"modified":"2023-06-02T14:50:34","modified_gmt":"2023-06-02T12:50:34","slug":"venir-etudier-a-la-fst","status":"publish","type":"page","link":"https:\/\/www.fst.uha.fr\/index.php\/international\/venir-etudier-a-la-fst\/","title":{"rendered":"Venir \u00e9tudier \u00e0 la FST"},"content":{"rendered":"<p><img loading=\"lazy\" decoding=\"async\" class=\"alignnone size-full wp-image-837\" src=\"https:\/\/www.fst.uha.fr\/wp-content\/uploads\/2018\/06\/dzazedzdza.png\" alt=\"\" width=\"1920\" height=\"501\" srcset=\"https:\/\/www.fst.uha.fr\/wp-content\/uploads\/2018\/06\/dzazedzdza.png 1920w, https:\/\/www.fst.uha.fr\/wp-content\/uploads\/2018\/06\/dzazedzdza-300x78.png 300w, https:\/\/www.fst.uha.fr\/wp-content\/uploads\/2018\/06\/dzazedzdza-768x200.png 768w, https:\/\/www.fst.uha.fr\/wp-content\/uploads\/2018\/06\/dzazedzdza-1024x267.png 1024w\" sizes=\"auto, (max-width: 1920px) 100vw, 1920px\" \/><\/p>\n<p>\u00c0 l\u2019<a href=\"http:\/\/www.uha.fr\/\">Universit\u00e9 de Haute-Alsace<\/a>, les facult\u00e9s et les \u00e9coles d&rsquo;ing\u00e9nieurs ont d\u00e9velopp\u00e9 de nombreux partenariats gr\u00e2ce \u00e0 des accords sign\u00e9s avec les pays du monde entier. Cette opportunit\u00e9 offre aux \u00e9tudiant\u2022e\u2022s la possibilit\u00e9 d\u2019avoir un dipl\u00f4me de l\u2019Universit\u00e9 s&rsquo;ils viennent en dehors d\u2019un programme d\u2019\u00e9change ou de suivre des modules s&rsquo;ils viennent dans le cadre d\u2019une mobilit\u00e9 encadr\u00e9e.<\/p>\n<p>La Facult\u00e9 des Sciences et Techniques de l&rsquo;Universit\u00e9 de Haute-Alsace accueille des \u00e9tudiant\u2022e\u2022s \u00e9tranger\u2022e\u2022s dans ses nombreuses formations de niveau Licence et Master en :<\/p>\n<ul>\n<li>Math\u00e9matiques,<\/li>\n<li>Informatique (avec notamment une Licence en partenariat avec l\u2019Allemagne),<\/li>\n<li>\u00c9lectrique, \u00c9nergie \u00e9lectrique et Automatique (avec notamment 2 Licences trinationales en collaboration avec l\u2019Allemagne et la Suisse),<\/li>\n<li>Physique,<\/li>\n<li>Chimie (avec notamment une Licence franco-allemande),<\/li>\n<li>Risques et environnement,<\/li>\n<li>Sciences et Techniques des Activit\u00e9s Physiques et Sportives (STAPS) parcours Activit\u00e9s Physiques Adapt\u00e9es et Sant\u00e9 (APA-S)<\/li>\n<\/ul>\n<h2>Informations<\/h2>\n<ul>\n<li>Si vous venez \u00e9tudier \u00e0 la FST dans le cadre des \u00e9changes Erasmus+, pour la d\u00e9marche \u00e0 suivre, consultez le site web de l&rsquo;UHA : <a href=\"http:\/\/www.uha.fr\/linternational\/mobilites\/venir-etudier-a-luha\/en-programme-dechange\/\">Venir \u00e9tudier \u00e0 l&rsquo;UHA dans le cadre d&rsquo;un programme d&rsquo;\u00e9change &#8211; Come and study at the UHA in the scope of an exchange or mobility programme<\/a>.<\/li>\n<li>Si vous venez \u00e9tudier \u00e0 la FST hors programme d&rsquo;\u00e9change ou de mobilit\u00e9, pour la d\u00e9marche \u00e0 suivre, consultez le site web de l&rsquo;UHA : <a href=\"http:\/\/www.uha.fr\/linternational\/mobilites\/venir-etudier-a-luha\/hors-programme-dechange\/\">Venir \u00e9tudier \u00e0 l&rsquo;UHA hors programme d&rsquo;\u00e9change ou de mobilit\u00e9 &#8211; Come and study at the UHA outside of an exchange or mobility programme<\/a>.<\/li>\n<\/ul>\n<p>Vous d\u00e9sirez des informations sur la vie \u00e9tudiante \u00e0 Mulhouse ainsi que son co\u00fbt, consultez notre rubrique <a href=\"https:\/\/www.fst.uha.fr\/index.php\/vie-etudiante\/\">vie \u00e9tudiante.<\/a><\/p>\n<h2>Inscriptions<\/h2>\n<p>Pour vous inscrire \u00e0 la Facult\u00e9 des Sciences et Techniques de Mulhouse, rendez-vous sur le <a href=\"https:\/\/www.campusfrance.org\/fr\">site web de Campus France.<\/a><\/p>\n<p>La FST met \u00e0 disposition des <a href=\"https:\/\/www.fst.uha.fr\/index.php\/international\/\" target=\"_blank\" rel=\"noopener\">r\u00e9f\u00e9rents<\/a> accueil \u00e9tudiants internationaux pour r\u00e9pondre \u00e0 vos questions.<\/p>\n","protected":false},"excerpt":{"rendered":"<p>\u00c0 l\u2019Universit\u00e9 de Haute-Alsace, les facult\u00e9s et les \u00e9coles d&rsquo;ing\u00e9nieurs ont d\u00e9velopp\u00e9 de nombreux partenariats gr\u00e2ce \u00e0 des accords sign\u00e9s avec les pays du monde entier. Cette opportunit\u00e9 offre aux \u00e9tudiant\u2022e\u2022s la possibilit\u00e9 d\u2019avoir un dipl\u00f4me de l\u2019Universit\u00e9 s&rsquo;ils viennent en dehors d\u2019un programme d\u2019\u00e9change ou de suivre des modules s&rsquo;ils viennent dans le cadre [&hellip;]<\/p>\n","protected":false},"author":1,"featured_media":1080,"parent":26,"menu_order":0,"comment_status":"closed","ping_status":"closed","template":"","meta":{"footnotes":""},"categories":[7],"tags":[],"class_list":["post-125","page","type-page","status-publish","has-post-thumbnail","hentry","category-futurs-etudiants"],"yoast_head":"<!-- This site is optimized with the Yoast SEO plugin v27.0 - https:\/\/yoast.com\/product\/yoast-seo-wordpress\/ -->\n<title>Venir \u00e9tudier \u00e0 la FST - FST - Facult\u00e9 des Sciences de Mulhouse<\/title>\n<meta name=\"robots\" content=\"index, follow, max-snippet:-1, max-image-preview:large, max-video-preview:-1\" \/>\n<link rel=\"canonical\" href=\"https:\/\/www.fst.uha.fr\/index.php\/international\/venir-etudier-a-la-fst\/\" \/>\n<meta property=\"og:locale\" content=\"fr_FR\" \/>\n<meta property=\"og:type\" content=\"article\" \/>\n<meta property=\"og:title\" content=\"Venir \u00e9tudier \u00e0 la FST - FST - Facult\u00e9 des Sciences de Mulhouse\" \/>\n<meta property=\"og:description\" content=\"\u00c0 l\u2019Universit\u00e9 de Haute-Alsace, les facult\u00e9s et les \u00e9coles d&rsquo;ing\u00e9nieurs ont d\u00e9velopp\u00e9 de nombreux partenariats gr\u00e2ce \u00e0 des accords sign\u00e9s avec les pays du monde entier. Cette opportunit\u00e9 offre aux \u00e9tudiant\u2022e\u2022s la possibilit\u00e9 d\u2019avoir un dipl\u00f4me de l\u2019Universit\u00e9 s&rsquo;ils viennent en dehors d\u2019un programme d\u2019\u00e9change ou de suivre des modules s&rsquo;ils viennent dans le cadre [&hellip;]\" \/>\n<meta property=\"og:url\" content=\"https:\/\/www.fst.uha.fr\/index.php\/international\/venir-etudier-a-la-fst\/\" \/>\n<meta property=\"og:site_name\" content=\"FST - Facult\u00e9 des Sciences et Techniques | Universit\u00e9 de Haute-Alsace\" \/>\n<meta property=\"article:modified_time\" content=\"2023-06-02T12:50:34+00:00\" \/>\n<meta property=\"og:image\" content=\"https:\/\/www.fst.uha.fr\/wp-content\/uploads\/2018\/06\/AdobeStock_79320226.jpeg\" \/>\n\t<meta property=\"og:image:width\" content=\"2526\" \/>\n\t<meta property=\"og:image:height\" content=\"2526\" \/>\n\t<meta property=\"og:image:type\" content=\"image\/jpeg\" \/>\n<meta name=\"twitter:card\" content=\"summary_large_image\" \/>\n<meta name=\"twitter:label1\" content=\"Dur\u00e9e de lecture estim\u00e9e\" \/>\n\t<meta name=\"twitter:data1\" content=\"2 minutes\" \/>\n<script type=\"application\/ld+json\" class=\"yoast-schema-graph\">{\"@context\":\"https:\/\/schema.org\",\"@graph\":[{\"@type\":\"WebPage\",\"@id\":\"https:\/\/www.fst.uha.fr\/index.php\/international\/venir-etudier-a-la-fst\/\",\"url\":\"https:\/\/www.fst.uha.fr\/index.php\/international\/venir-etudier-a-la-fst\/\",\"name\":\"Venir \u00e9tudier \u00e0 la FST - FST - Facult\u00e9 des Sciences de Mulhouse\",\"isPartOf\":{\"@id\":\"https:\/\/www.fst.uha.fr\/#website\"},\"primaryImageOfPage\":{\"@id\":\"https:\/\/www.fst.uha.fr\/index.php\/international\/venir-etudier-a-la-fst\/#primaryimage\"},\"image\":{\"@id\":\"https:\/\/www.fst.uha.fr\/index.php\/international\/venir-etudier-a-la-fst\/#primaryimage\"},\"thumbnailUrl\":\"https:\/\/www.fst.uha.fr\/wp-content\/uploads\/2018\/06\/AdobeStock_79320226.jpeg\",\"datePublished\":\"2018-04-25T13:08:45+00:00\",\"dateModified\":\"2023-06-02T12:50:34+00:00\",\"breadcrumb\":{\"@id\":\"https:\/\/www.fst.uha.fr\/index.php\/international\/venir-etudier-a-la-fst\/#breadcrumb\"},\"inLanguage\":\"fr-FR\",\"potentialAction\":[{\"@type\":\"ReadAction\",\"target\":[\"https:\/\/www.fst.uha.fr\/index.php\/international\/venir-etudier-a-la-fst\/\"]}]},{\"@type\":\"ImageObject\",\"inLanguage\":\"fr-FR\",\"@id\":\"https:\/\/www.fst.uha.fr\/index.php\/international\/venir-etudier-a-la-fst\/#primaryimage\",\"url\":\"https:\/\/www.fst.uha.fr\/wp-content\/uploads\/2018\/06\/AdobeStock_79320226.jpeg\",\"contentUrl\":\"https:\/\/www.fst.uha.fr\/wp-content\/uploads\/2018\/06\/AdobeStock_79320226.jpeg\",\"width\":2526,\"height\":2526},{\"@type\":\"BreadcrumbList\",\"@id\":\"https:\/\/www.fst.uha.fr\/index.php\/international\/venir-etudier-a-la-fst\/#breadcrumb\",\"itemListElement\":[{\"@type\":\"ListItem\",\"position\":1,\"name\":\"Accueil\",\"item\":\"https:\/\/www.fst.uha.fr\/\"},{\"@type\":\"ListItem\",\"position\":2,\"name\":\"International\",\"item\":\"https:\/\/www.fst.uha.fr\/index.php\/international\/\"},{\"@type\":\"ListItem\",\"position\":3,\"name\":\"Venir \u00e9tudier \u00e0 la FST\"}]},{\"@type\":\"WebSite\",\"@id\":\"https:\/\/www.fst.uha.fr\/#website\",\"url\":\"https:\/\/www.fst.uha.fr\/\",\"name\":\"FST - Facult\u00e9 des Sciences et Techniques | Universit\u00e9 de Haute-Alsace\",\"description\":\"Campus Illberg | Universit\u00e9 de Haute-Alsace\",\"potentialAction\":[{\"@type\":\"SearchAction\",\"target\":{\"@type\":\"EntryPoint\",\"urlTemplate\":\"https:\/\/www.fst.uha.fr\/?s={search_term_string}\"},\"query-input\":{\"@type\":\"PropertyValueSpecification\",\"valueRequired\":true,\"valueName\":\"search_term_string\"}}],\"inLanguage\":\"fr-FR\"}]}<\/script>\n<!-- \/ Yoast SEO plugin. -->","yoast_head_json":{"title":"Venir \u00e9tudier \u00e0 la FST - FST - Facult\u00e9 des Sciences de Mulhouse","robots":{"index":"index","follow":"follow","max-snippet":"max-snippet:-1","max-image-preview":"max-image-preview:large","max-video-preview":"max-video-preview:-1"},"canonical":"https:\/\/www.fst.uha.fr\/index.php\/international\/venir-etudier-a-la-fst\/","og_locale":"fr_FR","og_type":"article","og_title":"Venir \u00e9tudier \u00e0 la FST - FST - Facult\u00e9 des Sciences de Mulhouse","og_description":"\u00c0 l\u2019Universit\u00e9 de Haute-Alsace, les facult\u00e9s et les \u00e9coles d&rsquo;ing\u00e9nieurs ont d\u00e9velopp\u00e9 de nombreux partenariats gr\u00e2ce \u00e0 des accords sign\u00e9s avec les pays du monde entier. Cette opportunit\u00e9 offre aux \u00e9tudiant\u2022e\u2022s la possibilit\u00e9 d\u2019avoir un dipl\u00f4me de l\u2019Universit\u00e9 s&rsquo;ils viennent en dehors d\u2019un programme d\u2019\u00e9change ou de suivre des modules s&rsquo;ils viennent dans le cadre [&hellip;]","og_url":"https:\/\/www.fst.uha.fr\/index.php\/international\/venir-etudier-a-la-fst\/","og_site_name":"FST - Facult\u00e9 des Sciences et Techniques | Universit\u00e9 de Haute-Alsace","article_modified_time":"2023-06-02T12:50:34+00:00","og_image":[{"width":2526,"height":2526,"url":"https:\/\/www.fst.uha.fr\/wp-content\/uploads\/2018\/06\/AdobeStock_79320226.jpeg","type":"image\/jpeg"}],"twitter_card":"summary_large_image","twitter_misc":{"Dur\u00e9e de lecture estim\u00e9e":"2 minutes"},"schema":{"@context":"https:\/\/schema.org","@graph":[{"@type":"WebPage","@id":"https:\/\/www.fst.uha.fr\/index.php\/international\/venir-etudier-a-la-fst\/","url":"https:\/\/www.fst.uha.fr\/index.php\/international\/venir-etudier-a-la-fst\/","name":"Venir \u00e9tudier \u00e0 la FST - FST - Facult\u00e9 des Sciences de Mulhouse","isPartOf":{"@id":"https:\/\/www.fst.uha.fr\/#website"},"primaryImageOfPage":{"@id":"https:\/\/www.fst.uha.fr\/index.php\/international\/venir-etudier-a-la-fst\/#primaryimage"},"image":{"@id":"https:\/\/www.fst.uha.fr\/index.php\/international\/venir-etudier-a-la-fst\/#primaryimage"},"thumbnailUrl":"https:\/\/www.fst.uha.fr\/wp-content\/uploads\/2018\/06\/AdobeStock_79320226.jpeg","datePublished":"2018-04-25T13:08:45+00:00","dateModified":"2023-06-02T12:50:34+00:00","breadcrumb":{"@id":"https:\/\/www.fst.uha.fr\/index.php\/international\/venir-etudier-a-la-fst\/#breadcrumb"},"inLanguage":"fr-FR","potentialAction":[{"@type":"ReadAction","target":["https:\/\/www.fst.uha.fr\/index.php\/international\/venir-etudier-a-la-fst\/"]}]},{"@type":"ImageObject","inLanguage":"fr-FR","@id":"https:\/\/www.fst.uha.fr\/index.php\/international\/venir-etudier-a-la-fst\/#primaryimage","url":"https:\/\/www.fst.uha.fr\/wp-content\/uploads\/2018\/06\/AdobeStock_79320226.jpeg","contentUrl":"https:\/\/www.fst.uha.fr\/wp-content\/uploads\/2018\/06\/AdobeStock_79320226.jpeg","width":2526,"height":2526},{"@type":"BreadcrumbList","@id":"https:\/\/www.fst.uha.fr\/index.php\/international\/venir-etudier-a-la-fst\/#breadcrumb","itemListElement":[{"@type":"ListItem","position":1,"name":"Accueil","item":"https:\/\/www.fst.uha.fr\/"},{"@type":"ListItem","position":2,"name":"International","item":"https:\/\/www.fst.uha.fr\/index.php\/international\/"},{"@type":"ListItem","position":3,"name":"Venir \u00e9tudier \u00e0 la FST"}]},{"@type":"WebSite","@id":"https:\/\/www.fst.uha.fr\/#website","url":"https:\/\/www.fst.uha.fr\/","name":"FST - Facult\u00e9 des Sciences et Techniques | Universit\u00e9 de Haute-Alsace","description":"Campus Illberg | Universit\u00e9 de Haute-Alsace","potentialAction":[{"@type":"SearchAction","target":{"@type":"EntryPoint","urlTemplate":"https:\/\/www.fst.uha.fr\/?s={search_term_string}"},"query-input":{"@type":"PropertyValueSpecification","valueRequired":true,"valueName":"search_term_string"}}],"inLanguage":"fr-FR"}]}},"_links":{"self":[{"href":"https:\/\/www.fst.uha.fr\/index.php\/wp-json\/wp\/v2\/pages\/125","targetHints":{"allow":["GET"]}}],"collection":[{"href":"https:\/\/www.fst.uha.fr\/index.php\/wp-json\/wp\/v2\/pages"}],"about":[{"href":"https:\/\/www.fst.uha.fr\/index.php\/wp-json\/wp\/v2\/types\/page"}],"author":[{"embeddable":true,"href":"https:\/\/www.fst.uha.fr\/index.php\/wp-json\/wp\/v2\/users\/1"}],"replies":[{"embeddable":true,"href":"https:\/\/www.fst.uha.fr\/index.php\/wp-json\/wp\/v2\/comments?post=125"}],"version-history":[{"count":17,"href":"https:\/\/www.fst.uha.fr\/index.php\/wp-json\/wp\/v2\/pages\/125\/revisions"}],"predecessor-version":[{"id":3747,"href":"https:\/\/www.fst.uha.fr\/index.php\/wp-json\/wp\/v2\/pages\/125\/revisions\/3747"}],"up":[{"embeddable":true,"href":"https:\/\/www.fst.uha.fr\/index.php\/wp-json\/wp\/v2\/pages\/26"}],"wp:featuredmedia":[{"embeddable":true,"href":"https:\/\/www.fst.uha.fr\/index.php\/wp-json\/wp\/v2\/media\/1080"}],"wp:attachment":[{"href":"https:\/\/www.fst.uha.fr\/index.php\/wp-json\/wp\/v2\/media?parent=125"}],"wp:term":[{"taxonomy":"category","embeddable":true,"href":"https:\/\/www.fst.uha.fr\/index.php\/wp-json\/wp\/v2\/categories?post=125"},{"taxonomy":"post_tag","embeddable":true,"href":"https:\/\/www.fst.uha.fr\/index.php\/wp-json\/wp\/v2\/tags?post=125"}],"curies":[{"name":"wp","href":"https:\/\/api.w.org\/{rel}","templated":true}]}}