{"id":127,"date":"2018-04-25T15:10:39","date_gmt":"2018-04-25T13:10:39","guid":{"rendered":"https:\/\/www.fst.uha.fr\/?page_id=127"},"modified":"2026-02-17T14:33:24","modified_gmt":"2026-02-17T13:33:24","slug":"partir-a-letranger-via-la-fst","status":"publish","type":"page","link":"https:\/\/www.fst.uha.fr\/index.php\/international\/partir-a-letranger-via-la-fst\/","title":{"rendered":"Partir \u00e0 l&rsquo;\u00e9tranger"},"content":{"rendered":"<p><img loading=\"lazy\" decoding=\"async\" class=\"alignnone size-full wp-image-1131\" src=\"https:\/\/www.fst.uha.fr\/wp-content\/uploads\/2018\/06\/internationaldsfsd.png\" alt=\"\" width=\"1920\" height=\"501\" srcset=\"https:\/\/www.fst.uha.fr\/wp-content\/uploads\/2018\/06\/internationaldsfsd.png 1920w, https:\/\/www.fst.uha.fr\/wp-content\/uploads\/2018\/06\/internationaldsfsd-300x78.png 300w, https:\/\/www.fst.uha.fr\/wp-content\/uploads\/2018\/06\/internationaldsfsd-768x200.png 768w, https:\/\/www.fst.uha.fr\/wp-content\/uploads\/2018\/06\/internationaldsfsd-1024x267.png 1024w\" sizes=\"auto, (max-width: 1920px) 100vw, 1920px\" \/><\/p>\n<p>Vous souhaitez partir \u00e9tudier \u00e0 l&rsquo;\u00e9tranger ? Suivez notre guide.<\/p>\n<div class=\"su-row\"><div class=\"su-column su-column-size-2-3\"><div class=\"su-column-inner su-u-clearfix su-u-trim\">\n<h5><img loading=\"lazy\" decoding=\"async\" class=\"size-full wp-image-692 alignleft\" src=\"https:\/\/www.fst.uha.fr\/wp-content\/uploads\/2018\/06\/erasmus-e1528729350576.jpg\" alt=\"\" width=\"320\" height=\"213\" \/>Dans un programme d\u2019\u00e9change<\/h5>\n<p>Le principe d\u2019un programme d\u2019\u00e9change est le suivant (sauf mentions sp\u00e9ciales dans certaines conventions) : vous vous inscrivez et vous payez les droits d\u2019inscription dans votre universit\u00e9 d\u2019origine (UHA), vous \u00e9tablissez un contrat p\u00e9dagogique qui vous permettra de valider les cours et examens pass\u00e9s \u00e0 l\u2019\u00e9tranger en obtenant votre dipl\u00f4me \u00e0 l\u2019UHA. Le syst\u00e8me ECTS (European Credits Transfert System) facilite la reconnaissance acad\u00e9mique des p\u00e9riodes d\u2019\u00e9tudes entre les \u00e9tablissements partenaires.<\/p>\n<div class=\"su-spoiler su-spoiler-style-fancy su-spoiler-icon-plus-circle su-spoiler-closed\" data-scroll-offset=\"0\" data-anchor-in-url=\"no\"><div class=\"su-spoiler-title\" tabindex=\"0\" role=\"button\"><span class=\"su-spoiler-icon\"><\/span>Programme Erasmus+<\/div><div class=\"su-spoiler-content su-u-clearfix su-u-trim\">\n<p>Bien comprendre ce qu&rsquo;est Erasmus+ et comment s&rsquo;inscrire :<\/p>\n<span class=\"su-lightbox\" data-mfp-src=\"https:\/\/www.youtube-nocookie.com\/embed\/g-TdwBQTDMY\" data-mfp-type=\"iframe\" data-mobile=\"yes\"><img loading=\"lazy\" decoding=\"async\" class=\"aligncenter wp-image-2821 size-large\" src=\"https:\/\/www.fst.uha.fr\/wp-content\/uploads\/2021\/03\/erasmus-1-1024x539.jpg\" alt=\"Erasmus\" width=\"750\" height=\"395\" srcset=\"https:\/\/www.fst.uha.fr\/wp-content\/uploads\/2021\/03\/erasmus-1-1024x539.jpg 1024w, https:\/\/www.fst.uha.fr\/wp-content\/uploads\/2021\/03\/erasmus-1-300x158.jpg 300w, https:\/\/www.fst.uha.fr\/wp-content\/uploads\/2021\/03\/erasmus-1-768x404.jpg 768w, https:\/\/www.fst.uha.fr\/wp-content\/uploads\/2021\/03\/erasmus-1.jpg 1278w\" sizes=\"auto, (max-width: 750px) 100vw, 750px\" \/><\/span>\n<p>Le programme Erasmus + favorise les actions de mobilit\u00e9 en Europe et \u00e0 l&rsquo;international pour les \u00e9tudiants (p\u00e9riodes d&rsquo;\u00e9tudes ou de stage), le personnel enseignant, ainsi que l&rsquo;ensemble des personnels des \u00e9tablissements d&rsquo;enseignement sup\u00e9rieur.<br \/>\n<a href=\"https:\/\/info.erasmusplus.fr\/erasmus\/qu-est-ce-qu-erasmus\/les-secteurs\/135-enseignement-superieur.html\">Obtenir plus d\u2019informations concernant Erasmus+<\/a><\/p>\n<p><strong>Attention<\/strong> : concernant la constitution de votre dossier d&rsquo;inscriptions nous vous conseillons de vous y prendre <strong>au minimum un an \u00e0 l&rsquo;avance<\/strong> afin d&rsquo;\u00eatre s\u00fbr de partir dans les temps.<\/p>\n<h2>Accords de la FST<\/h2>\n<p>La FST entretient des accords avec de nombreuses universit\u00e9s \u00e0 travers le monde. Les accords de coop\u00e9rations sont sign\u00e9s pour des disciplines pr\u00e9cises.<\/p>\n<p>Notre facult\u00e9 poss\u00e8de de nombreux partenariat internationaux, avec notamment des pays tels que\u00a0:<\/p>\n<ul>\n<li>Allemagne (Berlin, Dortmund, Fribourg),<\/li>\n<li>Espagne (Almeria, Madrid)<\/li>\n<li>Estonie (Tallin)<\/li>\n<li>Gr\u00e8ce (Thessaloniki)<\/li>\n<li>Italie (Cagliari)<\/li>\n<li>Portugal (Lisbonne)<\/li>\n<li>Roumanie (Bucarest, Ia\u015fi)<\/li>\n<li>Turquie (Ankara, Istanbul)<\/li>\n<li>Canada (Valleyfield, Montr\u00e9al)<\/li>\n<li>USA (University of South Florida, Tampa)<\/li>\n<\/ul>\n<p>L&rsquo;<a href=\"http:\/\/www.uha.fr\/\">Universit\u00e9 de Haute-Alsace<\/a> entretient \u00e9galement beaucoup d&rsquo;accords avec de nombreuses universit\u00e9s \u00e0 travers le monde, cependant ces derni\u00e8res ne sont pas exclusivement scientifiques.<\/p>\n<p>Retrouvez la <a href=\"http:\/\/www.uha.fr\/linternational\/mobilites\/partir-a-letranger\/universites-partenaires\/\">liste compl\u00e8te de ces universit\u00e9s<\/a><br \/>\n<\/div><\/div>\n<h2>Pourquoi partir ?<\/h2>\n<ul>\n<li>Am\u00e9liorer ses comp\u00e9tences<\/li>\n<li>D\u00e9couvrir une nouvelle culture<\/li>\n<li>D\u00e9velopper de nouvelles pratiques p\u00e9dagogiques<\/li>\n<li>Enrichir son CV<\/li>\n<li>Am\u00e9liorer son niveau de langue<\/li>\n<li>Poursuivre son cursus universitaire : les notes obtenues sont valid\u00e9es dans le cadre du dipl\u00f4me<\/li>\n<\/ul>\n<\/div><\/div>\n<div class=\"su-column su-column-size-1-3\"><div class=\"su-column-inner su-u-clearfix su-u-trim\">\n<h2>Contact\u00a0:<\/h2>\n<p><strong>M. Abdenacer MAKHLOUF<\/strong><br \/>\nProfesseur Coordonnateur des relations internationales<br \/>\nCourriel : <a href=\"mailto:abdenacer.makhlouf@uha.fr\">abdenacer.makhlouf@uha.fr<\/a><br \/>\n<div class=\"su-divider su-divider-style-default\" style=\"margin:15px 0;border-width:3px;border-color:#999999\"><\/div>\n<strong>Mme Sabah AMATRUDA<\/strong><br \/>\nAssistante de direction FST<br \/>\nCourriel : <a href=\"mailto:sabah.amatruda@uha.fr\" target=\"_blank\" rel=\"noopener\">sabah.amatruda@uha.fr<\/a><br \/>\n<div class=\"su-divider su-divider-style-default\" style=\"margin:15px 0;border-width:3px;border-color:#999999\"><\/div>\nN&rsquo;h\u00e9sitez pas \u00e9galement \u00e0 consulter la rubrique <a href=\"http:\/\/www.uha.fr\/fr\/linternational\/mobilit%C3%A9s\/partir-%C3%A0-l%E2%80%99%C3%A9tranger\">international<\/a> du site web de l\u2019UHA.<br \/>\n<\/div><\/div><\/div>\n<h2>Liens Transfrontalier<\/h2>\n<p>\u00c9tant \u00e9tablie sur un territoire \u00e0 vocation transfrontali\u00e8re forte, l&rsquo;<a href=\"http:\/\/www.uha.fr\/\">Universit\u00e9 de Haute-Alsace<\/a> entretient des relations importantes avec ses voisines suisses et allemandes.<\/p>\n<h3>Eucor &#8211; Le Campus europ\u00e9en<\/h3>\n<p><img loading=\"lazy\" decoding=\"async\" class=\"wp-image-691 aligncenter\" src=\"https:\/\/www.fst.uha.fr\/wp-content\/uploads\/2018\/06\/EUCOR-F.jpg\" alt=\"\" width=\"324\" height=\"133\" \/><br \/>\nDepuis vingt ans, l\u2019Universit\u00e9 de Haute-Alsace est membre de groupement trinational Eucor &#8211; Le Campus europ\u00e9en qui comporte cinq universit\u00e9s du Rhin Sup\u00e9rieur, dans la r\u00e9gion frontali\u00e8re entre l\u2019Allemagne, la France et la Suisse. Ses membres sont l\u2019<a href=\"https:\/\/www.unibas.ch\/en.html\">Universit\u00e9 de B\u00e2le<\/a>, l\u2019<a href=\"http:\/\/www3.unifr.ch\/home\/fr\/\">Universit\u00e9 de Fribourg<\/a>, l\u2019<a href=\"http:\/\/www.uha.fr\/\">Universit\u00e9 de Haute-Alsace<\/a>, l\u2019<a href=\"http:\/\/www.unistra.fr\/index.php?id=accueil&amp;utm_source=unistra_fr&amp;utm_medium=unistra_fr_homepage\">Universit\u00e9 de Strasbourg<\/a> et l\u2019<a href=\"https:\/\/www.kit.edu\/english\/index.php\">Institut de Technologie de Karlsruhe<\/a> (KIT).<br \/>\n<a href=\"http:\/\/www.uha.fr\/fr\/linternational\/transfrontalier\/eucor-le-campus-europ%C3%A9en\">En savoir plus<\/a><\/p>\n","protected":false},"excerpt":{"rendered":"<p>Vous souhaitez partir \u00e9tudier \u00e0 l&rsquo;\u00e9tranger ? Suivez notre guide. Liens Transfrontalier \u00c9tant \u00e9tablie sur un territoire \u00e0 vocation transfrontali\u00e8re forte, l&rsquo;Universit\u00e9 de Haute-Alsace entretient des relations importantes avec ses voisines suisses et allemandes. Eucor &#8211; Le Campus europ\u00e9en Depuis vingt ans, l\u2019Universit\u00e9 de Haute-Alsace est membre de groupement trinational Eucor &#8211; Le Campus europ\u00e9en [&hellip;]<\/p>\n","protected":false},"author":1,"featured_media":0,"parent":26,"menu_order":0,"comment_status":"closed","ping_status":"closed","template":"","meta":{"footnotes":""},"categories":[],"tags":[],"class_list":["post-127","page","type-page","status-publish","hentry"],"yoast_head":"<!-- This site is optimized with the Yoast SEO plugin v27.0 - https:\/\/yoast.com\/product\/yoast-seo-wordpress\/ -->\n<title>Partir \u00e0 l&#039;\u00e9tranger - FST - Facult\u00e9 des Sciences et Techniques de Mulhouse<\/title>\n<meta name=\"description\" content=\"Vous souhaitez partir \u00e9tudier \u00e0 l&#039;\u00e9tranger ? retrouvez toutes les informations sur cette page.\" \/>\n<meta name=\"robots\" content=\"index, follow, max-snippet:-1, max-image-preview:large, max-video-preview:-1\" \/>\n<link rel=\"canonical\" href=\"https:\/\/www.fst.uha.fr\/index.php\/international\/partir-a-letranger-via-la-fst\/\" \/>\n<meta property=\"og:locale\" content=\"fr_FR\" \/>\n<meta property=\"og:type\" content=\"article\" \/>\n<meta property=\"og:title\" content=\"Partir \u00e0 l&#039;\u00e9tranger - FST - Facult\u00e9 des Sciences et Techniques de Mulhouse\" \/>\n<meta property=\"og:description\" content=\"Vous souhaitez partir \u00e9tudier \u00e0 l&#039;\u00e9tranger ? retrouvez toutes les informations sur cette page.\" \/>\n<meta property=\"og:url\" content=\"https:\/\/www.fst.uha.fr\/index.php\/international\/partir-a-letranger-via-la-fst\/\" \/>\n<meta property=\"og:site_name\" content=\"FST - Facult\u00e9 des Sciences et Techniques | Universit\u00e9 de Haute-Alsace\" \/>\n<meta property=\"article:modified_time\" content=\"2026-02-17T13:33:24+00:00\" \/>\n<meta property=\"og:image\" content=\"https:\/\/www.fst.uha.fr\/wp-content\/uploads\/2018\/06\/internationaldsfsd.png\" \/>\n\t<meta property=\"og:image:width\" content=\"1920\" \/>\n\t<meta property=\"og:image:height\" content=\"501\" \/>\n\t<meta property=\"og:image:type\" content=\"image\/png\" \/>\n<meta name=\"twitter:card\" content=\"summary_large_image\" \/>\n<meta name=\"twitter:label1\" content=\"Dur\u00e9e de lecture estim\u00e9e\" \/>\n\t<meta name=\"twitter:data1\" content=\"4 minutes\" \/>\n<script type=\"application\/ld+json\" class=\"yoast-schema-graph\">{\"@context\":\"https:\/\/schema.org\",\"@graph\":[{\"@type\":\"WebPage\",\"@id\":\"https:\/\/www.fst.uha.fr\/index.php\/international\/partir-a-letranger-via-la-fst\/\",\"url\":\"https:\/\/www.fst.uha.fr\/index.php\/international\/partir-a-letranger-via-la-fst\/\",\"name\":\"Partir \u00e0 l'\u00e9tranger - FST - Facult\u00e9 des Sciences et Techniques de Mulhouse\",\"isPartOf\":{\"@id\":\"https:\/\/www.fst.uha.fr\/#website\"},\"primaryImageOfPage\":{\"@id\":\"https:\/\/www.fst.uha.fr\/index.php\/international\/partir-a-letranger-via-la-fst\/#primaryimage\"},\"image\":{\"@id\":\"https:\/\/www.fst.uha.fr\/index.php\/international\/partir-a-letranger-via-la-fst\/#primaryimage\"},\"thumbnailUrl\":\"https:\/\/www.fst.uha.fr\/wp-content\/uploads\/2018\/06\/internationaldsfsd.png\",\"datePublished\":\"2018-04-25T13:10:39+00:00\",\"dateModified\":\"2026-02-17T13:33:24+00:00\",\"description\":\"Vous souhaitez partir \u00e9tudier \u00e0 l'\u00e9tranger ? retrouvez toutes les informations sur cette page.\",\"breadcrumb\":{\"@id\":\"https:\/\/www.fst.uha.fr\/index.php\/international\/partir-a-letranger-via-la-fst\/#breadcrumb\"},\"inLanguage\":\"fr-FR\",\"potentialAction\":[{\"@type\":\"ReadAction\",\"target\":[\"https:\/\/www.fst.uha.fr\/index.php\/international\/partir-a-letranger-via-la-fst\/\"]}]},{\"@type\":\"ImageObject\",\"inLanguage\":\"fr-FR\",\"@id\":\"https:\/\/www.fst.uha.fr\/index.php\/international\/partir-a-letranger-via-la-fst\/#primaryimage\",\"url\":\"https:\/\/www.fst.uha.fr\/wp-content\/uploads\/2018\/06\/internationaldsfsd.png\",\"contentUrl\":\"https:\/\/www.fst.uha.fr\/wp-content\/uploads\/2018\/06\/internationaldsfsd.png\"},{\"@type\":\"BreadcrumbList\",\"@id\":\"https:\/\/www.fst.uha.fr\/index.php\/international\/partir-a-letranger-via-la-fst\/#breadcrumb\",\"itemListElement\":[{\"@type\":\"ListItem\",\"position\":1,\"name\":\"Accueil\",\"item\":\"https:\/\/www.fst.uha.fr\/\"},{\"@type\":\"ListItem\",\"position\":2,\"name\":\"International\",\"item\":\"https:\/\/www.fst.uha.fr\/index.php\/international\/\"},{\"@type\":\"ListItem\",\"position\":3,\"name\":\"Partir \u00e0 l&rsquo;\u00e9tranger\"}]},{\"@type\":\"WebSite\",\"@id\":\"https:\/\/www.fst.uha.fr\/#website\",\"url\":\"https:\/\/www.fst.uha.fr\/\",\"name\":\"FST - Facult\u00e9 des Sciences et Techniques | Universit\u00e9 de Haute-Alsace\",\"description\":\"Campus Illberg | Universit\u00e9 de Haute-Alsace\",\"potentialAction\":[{\"@type\":\"SearchAction\",\"target\":{\"@type\":\"EntryPoint\",\"urlTemplate\":\"https:\/\/www.fst.uha.fr\/?s={search_term_string}\"},\"query-input\":{\"@type\":\"PropertyValueSpecification\",\"valueRequired\":true,\"valueName\":\"search_term_string\"}}],\"inLanguage\":\"fr-FR\"}]}<\/script>\n<!-- \/ Yoast SEO plugin. -->","yoast_head_json":{"title":"Partir \u00e0 l'\u00e9tranger - FST - Facult\u00e9 des Sciences et Techniques de Mulhouse","description":"Vous souhaitez partir \u00e9tudier \u00e0 l'\u00e9tranger ? retrouvez toutes les informations sur cette page.","robots":{"index":"index","follow":"follow","max-snippet":"max-snippet:-1","max-image-preview":"max-image-preview:large","max-video-preview":"max-video-preview:-1"},"canonical":"https:\/\/www.fst.uha.fr\/index.php\/international\/partir-a-letranger-via-la-fst\/","og_locale":"fr_FR","og_type":"article","og_title":"Partir \u00e0 l'\u00e9tranger - FST - Facult\u00e9 des Sciences et Techniques de Mulhouse","og_description":"Vous souhaitez partir \u00e9tudier \u00e0 l'\u00e9tranger ? retrouvez toutes les informations sur cette page.","og_url":"https:\/\/www.fst.uha.fr\/index.php\/international\/partir-a-letranger-via-la-fst\/","og_site_name":"FST - Facult\u00e9 des Sciences et Techniques | Universit\u00e9 de Haute-Alsace","article_modified_time":"2026-02-17T13:33:24+00:00","og_image":[{"width":1920,"height":501,"url":"https:\/\/www.fst.uha.fr\/wp-content\/uploads\/2018\/06\/internationaldsfsd.png","type":"image\/png"}],"twitter_card":"summary_large_image","twitter_misc":{"Dur\u00e9e de lecture estim\u00e9e":"4 minutes"},"schema":{"@context":"https:\/\/schema.org","@graph":[{"@type":"WebPage","@id":"https:\/\/www.fst.uha.fr\/index.php\/international\/partir-a-letranger-via-la-fst\/","url":"https:\/\/www.fst.uha.fr\/index.php\/international\/partir-a-letranger-via-la-fst\/","name":"Partir \u00e0 l'\u00e9tranger - FST - Facult\u00e9 des Sciences et Techniques de Mulhouse","isPartOf":{"@id":"https:\/\/www.fst.uha.fr\/#website"},"primaryImageOfPage":{"@id":"https:\/\/www.fst.uha.fr\/index.php\/international\/partir-a-letranger-via-la-fst\/#primaryimage"},"image":{"@id":"https:\/\/www.fst.uha.fr\/index.php\/international\/partir-a-letranger-via-la-fst\/#primaryimage"},"thumbnailUrl":"https:\/\/www.fst.uha.fr\/wp-content\/uploads\/2018\/06\/internationaldsfsd.png","datePublished":"2018-04-25T13:10:39+00:00","dateModified":"2026-02-17T13:33:24+00:00","description":"Vous souhaitez partir \u00e9tudier \u00e0 l'\u00e9tranger ? retrouvez toutes les informations sur cette page.","breadcrumb":{"@id":"https:\/\/www.fst.uha.fr\/index.php\/international\/partir-a-letranger-via-la-fst\/#breadcrumb"},"inLanguage":"fr-FR","potentialAction":[{"@type":"ReadAction","target":["https:\/\/www.fst.uha.fr\/index.php\/international\/partir-a-letranger-via-la-fst\/"]}]},{"@type":"ImageObject","inLanguage":"fr-FR","@id":"https:\/\/www.fst.uha.fr\/index.php\/international\/partir-a-letranger-via-la-fst\/#primaryimage","url":"https:\/\/www.fst.uha.fr\/wp-content\/uploads\/2018\/06\/internationaldsfsd.png","contentUrl":"https:\/\/www.fst.uha.fr\/wp-content\/uploads\/2018\/06\/internationaldsfsd.png"},{"@type":"BreadcrumbList","@id":"https:\/\/www.fst.uha.fr\/index.php\/international\/partir-a-letranger-via-la-fst\/#breadcrumb","itemListElement":[{"@type":"ListItem","position":1,"name":"Accueil","item":"https:\/\/www.fst.uha.fr\/"},{"@type":"ListItem","position":2,"name":"International","item":"https:\/\/www.fst.uha.fr\/index.php\/international\/"},{"@type":"ListItem","position":3,"name":"Partir \u00e0 l&rsquo;\u00e9tranger"}]},{"@type":"WebSite","@id":"https:\/\/www.fst.uha.fr\/#website","url":"https:\/\/www.fst.uha.fr\/","name":"FST - Facult\u00e9 des Sciences et Techniques | Universit\u00e9 de Haute-Alsace","description":"Campus Illberg | Universit\u00e9 de Haute-Alsace","potentialAction":[{"@type":"SearchAction","target":{"@type":"EntryPoint","urlTemplate":"https:\/\/www.fst.uha.fr\/?s={search_term_string}"},"query-input":{"@type":"PropertyValueSpecification","valueRequired":true,"valueName":"search_term_string"}}],"inLanguage":"fr-FR"}]}},"_links":{"self":[{"href":"https:\/\/www.fst.uha.fr\/index.php\/wp-json\/wp\/v2\/pages\/127","targetHints":{"allow":["GET"]}}],"collection":[{"href":"https:\/\/www.fst.uha.fr\/index.php\/wp-json\/wp\/v2\/pages"}],"about":[{"href":"https:\/\/www.fst.uha.fr\/index.php\/wp-json\/wp\/v2\/types\/page"}],"author":[{"embeddable":true,"href":"https:\/\/www.fst.uha.fr\/index.php\/wp-json\/wp\/v2\/users\/1"}],"replies":[{"embeddable":true,"href":"https:\/\/www.fst.uha.fr\/index.php\/wp-json\/wp\/v2\/comments?post=127"}],"version-history":[{"count":26,"href":"https:\/\/www.fst.uha.fr\/index.php\/wp-json\/wp\/v2\/pages\/127\/revisions"}],"predecessor-version":[{"id":5399,"href":"https:\/\/www.fst.uha.fr\/index.php\/wp-json\/wp\/v2\/pages\/127\/revisions\/5399"}],"up":[{"embeddable":true,"href":"https:\/\/www.fst.uha.fr\/index.php\/wp-json\/wp\/v2\/pages\/26"}],"wp:attachment":[{"href":"https:\/\/www.fst.uha.fr\/index.php\/wp-json\/wp\/v2\/media?parent=127"}],"wp:term":[{"taxonomy":"category","embeddable":true,"href":"https:\/\/www.fst.uha.fr\/index.php\/wp-json\/wp\/v2\/categories?post=127"},{"taxonomy":"post_tag","embeddable":true,"href":"https:\/\/www.fst.uha.fr\/index.php\/wp-json\/wp\/v2\/tags?post=127"}],"curies":[{"name":"wp","href":"https:\/\/api.w.org\/{rel}","templated":true}]}}