{"id":132,"date":"2018-04-25T15:49:51","date_gmt":"2018-04-25T13:49:51","guid":{"rendered":"https:\/\/www.fst.uha.fr\/?page_id=132"},"modified":"2025-04-30T13:39:29","modified_gmt":"2025-04-30T11:39:29","slug":"associations-etudiantes","status":"publish","type":"page","link":"https:\/\/www.fst.uha.fr\/index.php\/vie-etudiante\/associations-etudiantes\/","title":{"rendered":"Associations \u00e9tudiantes"},"content":{"rendered":"<h5><img loading=\"lazy\" decoding=\"async\" class=\"alignnone size-full wp-image-852\" src=\"https:\/\/www.fst.uha.fr\/wp-content\/uploads\/2018\/06\/assos.png\" alt=\"\" width=\"1920\" height=\"501\" srcset=\"https:\/\/www.fst.uha.fr\/wp-content\/uploads\/2018\/06\/assos.png 1920w, https:\/\/www.fst.uha.fr\/wp-content\/uploads\/2018\/06\/assos-300x78.png 300w, https:\/\/www.fst.uha.fr\/wp-content\/uploads\/2018\/06\/assos-768x200.png 768w, https:\/\/www.fst.uha.fr\/wp-content\/uploads\/2018\/06\/assos-1024x267.png 1024w\" sizes=\"auto, (max-width: 1920px) 100vw, 1920px\" \/><\/h5>\n<p>D\u00e9couvrez les associations rattach\u00e9es \u00e0 la FST :<br \/>\n<div class=\"su-row\">\n<div class=\"su-column su-column-size-1-2\"><div class=\"su-column-inner su-u-clearfix su-u-trim\">\n<p><img loading=\"lazy\" decoding=\"async\" class=\"alignleft wp-image-4997 size-thumbnail\" src=\"https:\/\/www.fst.uha.fr\/wp-content\/uploads\/2025\/04\/LOGO-AMICALE-FST-1-150x150.png\" alt=\"Logo de l'association FST &quot;La ruche&quot;\" width=\"150\" height=\"150\" srcset=\"https:\/\/www.fst.uha.fr\/wp-content\/uploads\/2025\/04\/LOGO-AMICALE-FST-1-150x150.png 150w, https:\/\/www.fst.uha.fr\/wp-content\/uploads\/2025\/04\/LOGO-AMICALE-FST-1-300x300.png 300w, https:\/\/www.fst.uha.fr\/wp-content\/uploads\/2025\/04\/LOGO-AMICALE-FST-1.png 500w\" sizes=\"auto, (max-width: 150px) 100vw, 150px\" \/><strong>La Ruche<\/strong><br \/>\nInstagram : <a href=\"https:\/\/www.instagram.com\/laruche_fst\/\" target=\"_blank\" rel=\"noopener\">@laruche_fst<\/a><br \/>\nAdresse : FST &#8211; 18 rue des Fr\u00e8res Lumi\u00e8re, 68093 MULHOUSE Cedex<br \/>\nActivit\u00e9s : Gestion de la caf\u00e9t\u00e9ria de la FST, cr\u00e9ation et gestion d&rsquo;\u00e9v\u00e8nements \u00e9tudiant.<\/p>\n<\/div><\/div>\n<div class=\"su-column su-column-size-1-2\"><div class=\"su-column-inner su-u-clearfix su-u-trim\">\n<p><img loading=\"lazy\" decoding=\"async\" class=\"size-thumbnail wp-image-669 alignleft\" src=\"https:\/\/www.fst.uha.fr\/wp-content\/uploads\/2018\/06\/22366265_1801207096559068_6001613001434152024_n-150x150.png\" alt=\"\" width=\"150\" height=\"150\" srcset=\"https:\/\/www.fst.uha.fr\/wp-content\/uploads\/2018\/06\/22366265_1801207096559068_6001613001434152024_n-150x150.png 150w, https:\/\/www.fst.uha.fr\/wp-content\/uploads\/2018\/06\/22366265_1801207096559068_6001613001434152024_n-300x300.png 300w, https:\/\/www.fst.uha.fr\/wp-content\/uploads\/2018\/06\/22366265_1801207096559068_6001613001434152024_n-768x768.png 768w, https:\/\/www.fst.uha.fr\/wp-content\/uploads\/2018\/06\/22366265_1801207096559068_6001613001434152024_n.png 904w\" sizes=\"auto, (max-width: 150px) 100vw, 150px\" \/><strong>MIAGE Mulhouse Association (MMA)<\/strong><br \/>\nFacebook : <a href=\"https:\/\/www.facebook.com\/MiageMulhouseAssociation\">MiageMulhouseAssociation<\/a><br \/>\nSite web : <a href=\"http:\/\/www.mma.fst.uha.fr\">www.mma.fst.uha.fr<\/a><br \/>\nAdresse : ENSISA Lumi\u00e8re &#8211; 12 rue des Fr\u00e8res Lumi\u00e8re, 68093 MULHOUSE Cedex<br \/>\nActivit\u00e9s : r\u00e9unir les \u00e9tudiants miagistes des diff\u00e9rentes promotions, organiser des soir\u00e9es et rallyes, r\u00e9aliser des annales, etc&#8230;<\/p>\n<p>&nbsp;<\/p>\n<\/div><\/div>\n<\/div>\n<p><strong><img loading=\"lazy\" decoding=\"async\" class=\"alignleft wp-image-5005 size-thumbnail\" src=\"https:\/\/www.fst.uha.fr\/wp-content\/uploads\/2025\/04\/logo-amicale-staps-150x150.jpeg\" alt=\"Logo de l'amicale STAPS\" width=\"150\" height=\"150\" srcset=\"https:\/\/www.fst.uha.fr\/wp-content\/uploads\/2025\/04\/logo-amicale-staps-150x150.jpeg 150w, https:\/\/www.fst.uha.fr\/wp-content\/uploads\/2025\/04\/logo-amicale-staps-300x300.jpeg 300w, https:\/\/www.fst.uha.fr\/wp-content\/uploads\/2025\/04\/logo-amicale-staps-1024x1024.jpeg 1024w, https:\/\/www.fst.uha.fr\/wp-content\/uploads\/2025\/04\/logo-amicale-staps-768x768.jpeg 768w, https:\/\/www.fst.uha.fr\/wp-content\/uploads\/2025\/04\/logo-amicale-staps-1536x1536.jpeg 1536w, https:\/\/www.fst.uha.fr\/wp-content\/uploads\/2025\/04\/logo-amicale-staps.jpeg 1800w\" sizes=\"auto, (max-width: 150px) 100vw, 150px\" \/>Amicale STAPS<br \/>\n<\/strong>Instagram : <a href=\"https:\/\/www.instagram.com\/amicale.staps.mulhouse\/\" target=\"_blank\" rel=\"noopener\">@amicale.staps.mulhouse<\/a><br \/>\nAdresse : FST &#8211; 18 rue des Fr\u00e8res Lumi\u00e8re, 68093 MULHOUSE Cedex<br \/>\nActivit\u00e9s : r\u00e9unir les \u00e9tudiants de Staps des diff\u00e9rentes promotions, organiser des soir\u00e9es et rallyes, r\u00e9aliser des annales, etc&#8230;<\/p>\n<p>&nbsp;<\/p>\n<p>D&rsquo;autres associations existent sur le campus, qui peuvent int\u00e9resser les \u00e9tudiants de la FST.<\/p>\n<p><a href=\"http:\/\/www.uha.fr\/la-vie-universitaire\/vie-etudiante\/bureau-de-la-vie-etudiante-bve\/\">En savoir plus<\/a><\/p>\n","protected":false},"excerpt":{"rendered":"<p>D\u00e9couvrez les associations rattach\u00e9es \u00e0 la FST : Amicale STAPS Instagram : @amicale.staps.mulhouse Adresse : FST &#8211; 18 rue des Fr\u00e8res Lumi\u00e8re, 68093 MULHOUSE Cedex Activit\u00e9s : r\u00e9unir les \u00e9tudiants de Staps des diff\u00e9rentes promotions, organiser des soir\u00e9es et rallyes, r\u00e9aliser des annales, etc&#8230; &nbsp; D&rsquo;autres associations existent sur le campus, qui peuvent int\u00e9resser les [&hellip;]<\/p>\n","protected":false},"author":1,"featured_media":0,"parent":28,"menu_order":0,"comment_status":"closed","ping_status":"closed","template":"","meta":{"footnotes":""},"categories":[],"tags":[],"class_list":["post-132","page","type-page","status-publish","hentry"],"yoast_head":"<!-- This site is optimized with the Yoast SEO plugin v27.0 - https:\/\/yoast.com\/product\/yoast-seo-wordpress\/ -->\n<title>Associations \u00e9tudiantes - FST - Facult\u00e9 des Sciences et Techniques | Universit\u00e9 de Haute-Alsace<\/title>\n<meta name=\"robots\" content=\"index, follow, max-snippet:-1, max-image-preview:large, max-video-preview:-1\" \/>\n<link rel=\"canonical\" href=\"https:\/\/www.fst.uha.fr\/index.php\/vie-etudiante\/associations-etudiantes\/\" \/>\n<meta property=\"og:locale\" content=\"fr_FR\" \/>\n<meta property=\"og:type\" content=\"article\" \/>\n<meta property=\"og:title\" content=\"Associations \u00e9tudiantes - FST - Facult\u00e9 des Sciences et Techniques | Universit\u00e9 de Haute-Alsace\" \/>\n<meta property=\"og:description\" content=\"D\u00e9couvrez les associations rattach\u00e9es \u00e0 la FST : Amicale STAPS Instagram : @amicale.staps.mulhouse Adresse : FST &#8211; 18 rue des Fr\u00e8res Lumi\u00e8re, 68093 MULHOUSE Cedex Activit\u00e9s : r\u00e9unir les \u00e9tudiants de Staps des diff\u00e9rentes promotions, organiser des soir\u00e9es et rallyes, r\u00e9aliser des annales, etc&#8230; &nbsp; D&rsquo;autres associations existent sur le campus, qui peuvent int\u00e9resser les [&hellip;]\" \/>\n<meta property=\"og:url\" content=\"https:\/\/www.fst.uha.fr\/index.php\/vie-etudiante\/associations-etudiantes\/\" \/>\n<meta property=\"og:site_name\" content=\"FST - Facult\u00e9 des Sciences et Techniques | Universit\u00e9 de Haute-Alsace\" \/>\n<meta property=\"article:modified_time\" content=\"2025-04-30T11:39:29+00:00\" \/>\n<meta property=\"og:image\" content=\"https:\/\/www.fst.uha.fr\/wp-content\/uploads\/2018\/06\/assos.png\" \/>\n\t<meta property=\"og:image:width\" content=\"1920\" \/>\n\t<meta property=\"og:image:height\" content=\"501\" \/>\n\t<meta property=\"og:image:type\" content=\"image\/png\" \/>\n<meta name=\"twitter:card\" content=\"summary_large_image\" \/>\n<meta name=\"twitter:label1\" content=\"Dur\u00e9e de lecture estim\u00e9e\" \/>\n\t<meta name=\"twitter:data1\" content=\"2 minutes\" \/>\n<script type=\"application\/ld+json\" class=\"yoast-schema-graph\">{\"@context\":\"https:\/\/schema.org\",\"@graph\":[{\"@type\":\"WebPage\",\"@id\":\"https:\/\/www.fst.uha.fr\/index.php\/vie-etudiante\/associations-etudiantes\/\",\"url\":\"https:\/\/www.fst.uha.fr\/index.php\/vie-etudiante\/associations-etudiantes\/\",\"name\":\"Associations \u00e9tudiantes - FST - Facult\u00e9 des Sciences et Techniques | Universit\u00e9 de Haute-Alsace\",\"isPartOf\":{\"@id\":\"https:\/\/www.fst.uha.fr\/#website\"},\"primaryImageOfPage\":{\"@id\":\"https:\/\/www.fst.uha.fr\/index.php\/vie-etudiante\/associations-etudiantes\/#primaryimage\"},\"image\":{\"@id\":\"https:\/\/www.fst.uha.fr\/index.php\/vie-etudiante\/associations-etudiantes\/#primaryimage\"},\"thumbnailUrl\":\"https:\/\/www.fst.uha.fr\/wp-content\/uploads\/2018\/06\/assos.png\",\"datePublished\":\"2018-04-25T13:49:51+00:00\",\"dateModified\":\"2025-04-30T11:39:29+00:00\",\"breadcrumb\":{\"@id\":\"https:\/\/www.fst.uha.fr\/index.php\/vie-etudiante\/associations-etudiantes\/#breadcrumb\"},\"inLanguage\":\"fr-FR\",\"potentialAction\":[{\"@type\":\"ReadAction\",\"target\":[\"https:\/\/www.fst.uha.fr\/index.php\/vie-etudiante\/associations-etudiantes\/\"]}]},{\"@type\":\"ImageObject\",\"inLanguage\":\"fr-FR\",\"@id\":\"https:\/\/www.fst.uha.fr\/index.php\/vie-etudiante\/associations-etudiantes\/#primaryimage\",\"url\":\"https:\/\/www.fst.uha.fr\/wp-content\/uploads\/2018\/06\/assos.png\",\"contentUrl\":\"https:\/\/www.fst.uha.fr\/wp-content\/uploads\/2018\/06\/assos.png\",\"width\":1920,\"height\":501},{\"@type\":\"BreadcrumbList\",\"@id\":\"https:\/\/www.fst.uha.fr\/index.php\/vie-etudiante\/associations-etudiantes\/#breadcrumb\",\"itemListElement\":[{\"@type\":\"ListItem\",\"position\":1,\"name\":\"Accueil\",\"item\":\"https:\/\/www.fst.uha.fr\/\"},{\"@type\":\"ListItem\",\"position\":2,\"name\":\"Vie \u00e9tudiante\",\"item\":\"https:\/\/www.fst.uha.fr\/index.php\/vie-etudiante\/\"},{\"@type\":\"ListItem\",\"position\":3,\"name\":\"Associations \u00e9tudiantes\"}]},{\"@type\":\"WebSite\",\"@id\":\"https:\/\/www.fst.uha.fr\/#website\",\"url\":\"https:\/\/www.fst.uha.fr\/\",\"name\":\"FST - Facult\u00e9 des Sciences et Techniques | Universit\u00e9 de Haute-Alsace\",\"description\":\"Campus Illberg | Universit\u00e9 de Haute-Alsace\",\"potentialAction\":[{\"@type\":\"SearchAction\",\"target\":{\"@type\":\"EntryPoint\",\"urlTemplate\":\"https:\/\/www.fst.uha.fr\/?s={search_term_string}\"},\"query-input\":{\"@type\":\"PropertyValueSpecification\",\"valueRequired\":true,\"valueName\":\"search_term_string\"}}],\"inLanguage\":\"fr-FR\"}]}<\/script>\n<!-- \/ Yoast SEO plugin. -->","yoast_head_json":{"title":"Associations \u00e9tudiantes - FST - Facult\u00e9 des Sciences et Techniques | Universit\u00e9 de Haute-Alsace","robots":{"index":"index","follow":"follow","max-snippet":"max-snippet:-1","max-image-preview":"max-image-preview:large","max-video-preview":"max-video-preview:-1"},"canonical":"https:\/\/www.fst.uha.fr\/index.php\/vie-etudiante\/associations-etudiantes\/","og_locale":"fr_FR","og_type":"article","og_title":"Associations \u00e9tudiantes - FST - Facult\u00e9 des Sciences et Techniques | Universit\u00e9 de Haute-Alsace","og_description":"D\u00e9couvrez les associations rattach\u00e9es \u00e0 la FST : Amicale STAPS Instagram : @amicale.staps.mulhouse Adresse : FST &#8211; 18 rue des Fr\u00e8res Lumi\u00e8re, 68093 MULHOUSE Cedex Activit\u00e9s : r\u00e9unir les \u00e9tudiants de Staps des diff\u00e9rentes promotions, organiser des soir\u00e9es et rallyes, r\u00e9aliser des annales, etc&#8230; &nbsp; D&rsquo;autres associations existent sur le campus, qui peuvent int\u00e9resser les [&hellip;]","og_url":"https:\/\/www.fst.uha.fr\/index.php\/vie-etudiante\/associations-etudiantes\/","og_site_name":"FST - Facult\u00e9 des Sciences et Techniques | Universit\u00e9 de Haute-Alsace","article_modified_time":"2025-04-30T11:39:29+00:00","og_image":[{"width":1920,"height":501,"url":"https:\/\/www.fst.uha.fr\/wp-content\/uploads\/2018\/06\/assos.png","type":"image\/png"}],"twitter_card":"summary_large_image","twitter_misc":{"Dur\u00e9e de lecture estim\u00e9e":"2 minutes"},"schema":{"@context":"https:\/\/schema.org","@graph":[{"@type":"WebPage","@id":"https:\/\/www.fst.uha.fr\/index.php\/vie-etudiante\/associations-etudiantes\/","url":"https:\/\/www.fst.uha.fr\/index.php\/vie-etudiante\/associations-etudiantes\/","name":"Associations \u00e9tudiantes - FST - Facult\u00e9 des Sciences et Techniques | Universit\u00e9 de Haute-Alsace","isPartOf":{"@id":"https:\/\/www.fst.uha.fr\/#website"},"primaryImageOfPage":{"@id":"https:\/\/www.fst.uha.fr\/index.php\/vie-etudiante\/associations-etudiantes\/#primaryimage"},"image":{"@id":"https:\/\/www.fst.uha.fr\/index.php\/vie-etudiante\/associations-etudiantes\/#primaryimage"},"thumbnailUrl":"https:\/\/www.fst.uha.fr\/wp-content\/uploads\/2018\/06\/assos.png","datePublished":"2018-04-25T13:49:51+00:00","dateModified":"2025-04-30T11:39:29+00:00","breadcrumb":{"@id":"https:\/\/www.fst.uha.fr\/index.php\/vie-etudiante\/associations-etudiantes\/#breadcrumb"},"inLanguage":"fr-FR","potentialAction":[{"@type":"ReadAction","target":["https:\/\/www.fst.uha.fr\/index.php\/vie-etudiante\/associations-etudiantes\/"]}]},{"@type":"ImageObject","inLanguage":"fr-FR","@id":"https:\/\/www.fst.uha.fr\/index.php\/vie-etudiante\/associations-etudiantes\/#primaryimage","url":"https:\/\/www.fst.uha.fr\/wp-content\/uploads\/2018\/06\/assos.png","contentUrl":"https:\/\/www.fst.uha.fr\/wp-content\/uploads\/2018\/06\/assos.png","width":1920,"height":501},{"@type":"BreadcrumbList","@id":"https:\/\/www.fst.uha.fr\/index.php\/vie-etudiante\/associations-etudiantes\/#breadcrumb","itemListElement":[{"@type":"ListItem","position":1,"name":"Accueil","item":"https:\/\/www.fst.uha.fr\/"},{"@type":"ListItem","position":2,"name":"Vie \u00e9tudiante","item":"https:\/\/www.fst.uha.fr\/index.php\/vie-etudiante\/"},{"@type":"ListItem","position":3,"name":"Associations \u00e9tudiantes"}]},{"@type":"WebSite","@id":"https:\/\/www.fst.uha.fr\/#website","url":"https:\/\/www.fst.uha.fr\/","name":"FST - Facult\u00e9 des Sciences et Techniques | Universit\u00e9 de Haute-Alsace","description":"Campus Illberg | Universit\u00e9 de Haute-Alsace","potentialAction":[{"@type":"SearchAction","target":{"@type":"EntryPoint","urlTemplate":"https:\/\/www.fst.uha.fr\/?s={search_term_string}"},"query-input":{"@type":"PropertyValueSpecification","valueRequired":true,"valueName":"search_term_string"}}],"inLanguage":"fr-FR"}]}},"_links":{"self":[{"href":"https:\/\/www.fst.uha.fr\/index.php\/wp-json\/wp\/v2\/pages\/132","targetHints":{"allow":["GET"]}}],"collection":[{"href":"https:\/\/www.fst.uha.fr\/index.php\/wp-json\/wp\/v2\/pages"}],"about":[{"href":"https:\/\/www.fst.uha.fr\/index.php\/wp-json\/wp\/v2\/types\/page"}],"author":[{"embeddable":true,"href":"https:\/\/www.fst.uha.fr\/index.php\/wp-json\/wp\/v2\/users\/1"}],"replies":[{"embeddable":true,"href":"https:\/\/www.fst.uha.fr\/index.php\/wp-json\/wp\/v2\/comments?post=132"}],"version-history":[{"count":32,"href":"https:\/\/www.fst.uha.fr\/index.php\/wp-json\/wp\/v2\/pages\/132\/revisions"}],"predecessor-version":[{"id":5006,"href":"https:\/\/www.fst.uha.fr\/index.php\/wp-json\/wp\/v2\/pages\/132\/revisions\/5006"}],"up":[{"embeddable":true,"href":"https:\/\/www.fst.uha.fr\/index.php\/wp-json\/wp\/v2\/pages\/28"}],"wp:attachment":[{"href":"https:\/\/www.fst.uha.fr\/index.php\/wp-json\/wp\/v2\/media?parent=132"}],"wp:term":[{"taxonomy":"category","embeddable":true,"href":"https:\/\/www.fst.uha.fr\/index.php\/wp-json\/wp\/v2\/categories?post=132"},{"taxonomy":"post_tag","embeddable":true,"href":"https:\/\/www.fst.uha.fr\/index.php\/wp-json\/wp\/v2\/tags?post=132"}],"curies":[{"name":"wp","href":"https:\/\/api.w.org\/{rel}","templated":true}]}}