{"id":135,"date":"2018-04-25T15:51:35","date_gmt":"2018-04-25T13:51:35","guid":{"rendered":"https:\/\/www.fst.uha.fr\/?page_id=135"},"modified":"2018-08-29T10:14:23","modified_gmt":"2018-08-29T08:14:23","slug":"vivre-a-mulhouse","status":"publish","type":"page","link":"https:\/\/www.fst.uha.fr\/index.php\/vie-etudiante\/vivre-a-mulhouse\/","title":{"rendered":"Vivre \u00e0 Mulhouse"},"content":{"rendered":"<p><img loading=\"lazy\" decoding=\"async\" class=\"alignnone size-full wp-image-765\" src=\"https:\/\/www.fst.uha.fr\/wp-content\/uploads\/2018\/06\/dfsdqc.png\" alt=\"\" width=\"1920\" height=\"501\" srcset=\"https:\/\/www.fst.uha.fr\/wp-content\/uploads\/2018\/06\/dfsdqc.png 1920w, https:\/\/www.fst.uha.fr\/wp-content\/uploads\/2018\/06\/dfsdqc-300x78.png 300w, https:\/\/www.fst.uha.fr\/wp-content\/uploads\/2018\/06\/dfsdqc-768x200.png 768w, https:\/\/www.fst.uha.fr\/wp-content\/uploads\/2018\/06\/dfsdqc-1024x267.png 1024w\" sizes=\"auto, (max-width: 1920px) 100vw, 1920px\" \/><\/p>\n<p>Par sa situation g\u00e9ographique au carrefour de l\u2019Allemagne, de la Suisse et de la France, Mulhouse est id\u00e9alement plac\u00e9e et proche de grandes villes comme Strasbourg et Colmar pour la France, mais aussi B\u00e2le ou Zurich pour la Suisse ou encore Fribourg pour l\u2019Allemagne.<\/p>\n<p>La r\u00e9gion mulhousienne est riche d\u2019un patrimoine culturel exceptionnel, avec notamment\u00a0des mus\u00e9es uniques comme la <a href=\"https:\/\/www.citedelautomobile.com\/\">cit\u00e9 de l\u2019Automobile<\/a> qui abrite la 1<sup>\u00e8re<\/sup> collection automobile au monde, la <a href=\"http:\/\/www.citedutrain.com\/\">cit\u00e9 du Train<\/a> consid\u00e9r\u00e9e comme le plus grand mus\u00e9e ferroviaire d\u2019Europe, son <a href=\"http:\/\/www.zoo-mulhouse.com\/\">parc zoologique et botanique<\/a> d\u00e9tenant le label national \u00ab\u00a0Jardin remarquable\u00a0\u00bb, mais aussi\u00a0: l\u2019<a href=\"http:\/\/www.ecomusee.alsace\/fr\/\">\u00e9comus\u00e9e d\u2019Alsace<\/a>, le <a href=\"https:\/\/www.edf.fr\/groupe-edf\/espaces-dedies\/l-energie-de-a-a-z\/musee-edf-electropolis\/le-musee\">mus\u00e9e \u00c9lectropolis<\/a>, le <a href=\"https:\/\/www.noel-mulhouse.fr\/\">march\u00e9 de No\u00ebl<\/a>, le <a href=\"http:\/\/www.musees-mulhouse.fr\/musee-historique\/\">mus\u00e9e historique<\/a> de la ville, le temple Saint-\u00c9tienne et plein d\u2019autres&#8230; De plus, la ville accueille de nombreux festivals et \u00e9v\u00e9nements culturels multiples tels que le <a href=\"http:\/\/www.scenesderue.fr\/\">festival Sc\u00e8nes de rue<\/a>, le <a href=\"http:\/\/www.festival-meteo.fr\/\">festival M\u00e9t\u00e9o<\/a>, le carnaval de Mulhouse, le <a href=\"https:\/\/generiq-festival.com\/mulhouse\/\">festival G\u00e9N\u00e9RIQ<\/a>, le <a href=\"http:\/\/www.chipozik.com\/\">festival Chipo\u2019zik<\/a> (organis\u00e9 par les \u00e9tudiants de l&rsquo;<a href=\"http:\/\/www.uha.fr\/\">Universit\u00e9 de Haute-Alsace<\/a> sur le Campus Illberg chaque ann\u00e9e)\u2026 La ville poss\u00e8de \u00e9galement plusieurs salles de spectacles ainsi que plusieurs th\u00e9\u00e2tres et cin\u00e9mas.<\/p>\n<p>L\u2019acc\u00e8s \u00e0 la nature est tr\u00e8s facile \u00e0 Mulhouse, que ce soit \u00e0 travers les huit parcs ou bien les six squares de la ville, les havres de verdures y sont pr\u00e9sents. La ville de Mulhouse se situe en Alsace, une r\u00e9gion avec une grande diversit\u00e9 de paysages\u00a0: plaines, vignobles, massifs montagneux (Vosges, mais aussi \u00e0 proximit\u00e9 de la For\u00eat-noire et du Jura suisse). Les activit\u00e9s sportives dans ces montagnes peuvent \u00eatre pratiqu\u00e9es toute l\u2019ann\u00e9e, avec notamment du ski ou de la randonn\u00e9e.<\/p>\n<p>Le sport est tr\u00e8s pr\u00e9sent \u00e0 Mulhouse avec de grandes \u00e9quipes telles que l\u2019<a href=\"http:\/\/www.aspttmulhousevolley.fr\/\">ASPTT<\/a> (volley-ball), les <a href=\"http:\/\/scorpionsmulhouse.fr\/\">Scorpions<\/a> (hockey sur glace) ou encore le <a href=\"https:\/\/www.facebook.com\/fcmulhousebasket\/\">FC Mulhouse Basket<\/a>. La ville comporte un nombre cons\u00e9quent de clubs et permet \u00e9galement de pratiquer gratuitement des loisirs sportifs r\u00e9cr\u00e9atifs, sans encadrement et en dehors du cadre associatif.<\/p>\n<p><strong>Les habitants et visiteurs de la ville de Mulhouse b\u00e9n\u00e9ficient d\u2019une grande accessibilit\u00e9 avec notamment\u00a0:<\/strong><\/p>\n<ul>\n<li>un a\u00e9roport international \u00ab Basel-Mulhouse-Freiburg \u00bb: 100 destinations vers les hubs europ\u00e9ens et mondiaux avec plus de 7 millions de voyageurs par an (chiffre 2015)<\/li>\n<li>deux lignes de TGV : B\u00e2le \u00e0 20 min, Freiburg \u00e0 40 min, Strasbourg \u00e0 45 min, Zurich \u00e0 1h30, Paris \u00e0 2h40<\/li>\n<li>deux autoroutes A35 et A36 (Strasbourg-B\u00e2le et Lyon-Fribourg)<\/li>\n<li>3 lignes de tramway<\/li>\n<li>25 lignes de bus<\/li>\n<li>1 tram-train menant jusqu\u2019au pied des montagnes<\/li>\n<li>plus de 360 km de pistes cyclables<\/li>\n<\/ul>\n<p><strong>Mulhouse est une place \u00e9conomique dynamique et riche en opportunit\u00e9s qui a su attirer de grands groupes mondiaux implant\u00e9s dans des secteurs aussi vari\u00e9s que\u00a0:<\/strong><\/p>\n<ul>\n<li>l\u2019automobile (2<sup>\u00e8me<\/sup> site mondial de production de PSA Peugeot-Citro\u00ebn)<\/li>\n<li>la m\u00e9canique (NSC Schlumberger)<\/li>\n<li>la chimie (Solvay)<\/li>\n<li>l\u2019\u00e9nergie (Endress Hauser)<\/li>\n<li>l\u2019a\u00e9ronautique (Jet aviation)<\/li>\n<\/ul>\n<p>Le territoire mulhousien a su \u00e9galement renouveler son \u00e9conomie autour de domaines d\u2019excellence en s\u2019appuyant sur le num\u00e9rique et son \u00e9cosyst\u00e8me de l\u2019innovation.<br \/>\nCette dynamique se traduit notamment par le d\u00e9veloppement de start-up et de centres de recherche dans les biotechnologies (Cell Prothera), le num\u00e9rique (Activis, BeamPulse, Kimoce) et les mat\u00e9riaux (M\u00e4der Research).<\/p>\n<div class=\"su-custom-gallery su-custom-gallery-align-left su-custom-gallery-title-always\"><div class=\"su-custom-gallery-slide\" style=\"width:760px;height:580px\"><a href=\"https:\/\/www.fst.uha.fr\/wp-content\/uploads\/2018\/06\/Cit\u00c7-auto.jpg\" target=\"_blank\" title=\"Cit\u00e9 de l&rsquo;auto\"><img loading=\"lazy\" decoding=\"async\" src=\"https:\/\/www.fst.uha.fr\/wp-content\/uploads\/2018\/06\/Cit\u00c7-auto-760x580.jpg\" alt=\"Cit\u00e9 de l&rsquo;auto\" width=\"760\" height=\"580\" \/><span class=\"su-custom-gallery-title\">Cit\u00e9 de l&rsquo;auto<\/span><\/a><\/div><div class=\"su-custom-gallery-slide\" style=\"width:760px;height:580px\"><a href=\"https:\/\/www.fst.uha.fr\/wp-content\/uploads\/2018\/06\/Place-de-la-paix@e033x.png\" target=\"_blank\" title=\"Place de la paix\"><img loading=\"lazy\" decoding=\"async\" src=\"https:\/\/www.fst.uha.fr\/wp-content\/uploads\/2018\/06\/Place-de-la-paix@e033x-760x580.png\" alt=\"Place de la paix\" width=\"760\" height=\"580\" \/><span class=\"su-custom-gallery-title\">Place de la paix<\/span><\/a><\/div><div class=\"su-custom-gallery-slide\" style=\"width:760px;height:580px\"><a href=\"https:\/\/www.fst.uha.fr\/wp-content\/uploads\/2018\/06\/noel@033x.png\" target=\"_blank\" title=\"Le march\u00e9 de no\u00ebl\"><img loading=\"lazy\" decoding=\"async\" src=\"https:\/\/www.fst.uha.fr\/wp-content\/uploads\/2018\/06\/noel@033x-760x580.png\" alt=\"Le march\u00e9 de no\u00ebl\" width=\"760\" height=\"580\" \/><span class=\"su-custom-gallery-title\">Le march\u00e9 de no\u00ebl<\/span><\/a><\/div><div class=\"su-custom-gallery-slide\" style=\"width:760px;height:580px\"><a href=\"https:\/\/www.fst.uha.fr\/wp-content\/uploads\/2018\/06\/CHL_2903@033x.png\" target=\"_blank\" title=\"l&rsquo;Ill\"><img loading=\"lazy\" decoding=\"async\" src=\"https:\/\/www.fst.uha.fr\/wp-content\/uploads\/2018\/06\/CHL_2903@033x-760x580.png\" alt=\"l&rsquo;Ill\" width=\"760\" height=\"580\" \/><span class=\"su-custom-gallery-title\">l&rsquo;Ill<\/span><\/a><\/div><div class=\"su-custom-gallery-slide\" style=\"width:760px;height:580px\"><a href=\"https:\/\/www.fst.uha.fr\/wp-content\/uploads\/2018\/06\/porte_jeune@033x.png\" target=\"_blank\" title=\"Porte jeune\"><img loading=\"lazy\" decoding=\"async\" src=\"https:\/\/www.fst.uha.fr\/wp-content\/uploads\/2018\/06\/porte_jeune@033x-760x580.png\" alt=\"Porte jeune\" width=\"760\" height=\"580\" \/><span class=\"su-custom-gallery-title\">Porte jeune<\/span><\/a><\/div><div class=\"su-custom-gallery-slide\" style=\"width:760px;height:580px\"><a href=\"https:\/\/www.fst.uha.fr\/wp-content\/uploads\/2018\/06\/Place-r\u00c7union@033x.png\" target=\"_blank\" title=\"Place de la r\u00e9union\"><img loading=\"lazy\" decoding=\"async\" src=\"https:\/\/www.fst.uha.fr\/wp-content\/uploads\/2018\/06\/Place-r\u00c7union@033x-760x580.png\" alt=\"Place de la r\u00e9union\" width=\"760\" height=\"580\" \/><span class=\"su-custom-gallery-title\">Place de la r\u00e9union<\/span><\/a><\/div><div class=\"su-custom-gallery-slide\" style=\"width:760px;height:580px\"><a href=\"https:\/\/www.fst.uha.fr\/wp-content\/uploads\/2018\/06\/porte_jeune-2@033x.jpg\" target=\"_blank\" title=\"Porte jeune\"><img loading=\"lazy\" decoding=\"async\" src=\"https:\/\/www.fst.uha.fr\/wp-content\/uploads\/2018\/06\/porte_jeune-2@033x-760x580.jpg\" alt=\"Porte jeune\" width=\"760\" height=\"580\" \/><span class=\"su-custom-gallery-title\">Porte jeune<\/span><\/a><\/div><div class=\"su-custom-gallery-slide\" style=\"width:760px;height:580px\"><a href=\"https:\/\/www.fst.uha.fr\/wp-content\/uploads\/2018\/06\/place_r\u00c7union@033x.png\" target=\"_blank\" title=\"Place de la r\u00e9union\"><img loading=\"lazy\" decoding=\"async\" src=\"https:\/\/www.fst.uha.fr\/wp-content\/uploads\/2018\/06\/place_r\u00c7union@033x-760x580.png\" alt=\"Place de la r\u00e9union\" width=\"760\" height=\"580\" \/><span class=\"su-custom-gallery-title\">Place de la r\u00e9union<\/span><\/a><\/div><div class=\"su-clear\"><\/div><\/div>\n","protected":false},"excerpt":{"rendered":"<p>Par sa situation g\u00e9ographique au carrefour de l\u2019Allemagne, de la Suisse et de la France, Mulhouse est id\u00e9alement plac\u00e9e et proche de grandes villes comme Strasbourg et Colmar pour la France, mais aussi B\u00e2le ou Zurich pour la Suisse ou encore Fribourg pour l\u2019Allemagne. La r\u00e9gion mulhousienne est riche d\u2019un patrimoine culturel exceptionnel, avec notamment\u00a0des [&hellip;]<\/p>\n","protected":false},"author":1,"featured_media":929,"parent":28,"menu_order":0,"comment_status":"closed","ping_status":"closed","template":"","meta":{"footnotes":""},"categories":[7,10],"tags":[],"class_list":["post-135","page","type-page","status-publish","has-post-thumbnail","hentry","category-futurs-etudiants","category-parents"],"yoast_head":"<!-- This site is optimized with the Yoast SEO plugin v27.0 - https:\/\/yoast.com\/product\/yoast-seo-wordpress\/ -->\n<title>Vivre \u00e0 Mulhouse - FST - Facult\u00e9 des Sciences de Mulhouse<\/title>\n<meta name=\"robots\" content=\"index, follow, max-snippet:-1, max-image-preview:large, max-video-preview:-1\" \/>\n<link rel=\"canonical\" href=\"https:\/\/www.fst.uha.fr\/index.php\/vie-etudiante\/vivre-a-mulhouse\/\" \/>\n<meta property=\"og:locale\" content=\"fr_FR\" \/>\n<meta property=\"og:type\" content=\"article\" \/>\n<meta property=\"og:title\" content=\"Vivre \u00e0 Mulhouse - FST - Facult\u00e9 des Sciences de Mulhouse\" \/>\n<meta property=\"og:description\" content=\"Par sa situation g\u00e9ographique au carrefour de l\u2019Allemagne, de la Suisse et de la France, Mulhouse est id\u00e9alement plac\u00e9e et proche de grandes villes comme Strasbourg et Colmar pour la France, mais aussi B\u00e2le ou Zurich pour la Suisse ou encore Fribourg pour l\u2019Allemagne. La r\u00e9gion mulhousienne est riche d\u2019un patrimoine culturel exceptionnel, avec notamment\u00a0des [&hellip;]\" \/>\n<meta property=\"og:url\" content=\"https:\/\/www.fst.uha.fr\/index.php\/vie-etudiante\/vivre-a-mulhouse\/\" \/>\n<meta property=\"og:site_name\" content=\"FST - Facult\u00e9 des Sciences et Techniques | Universit\u00e9 de Haute-Alsace\" \/>\n<meta property=\"article:modified_time\" content=\"2018-08-29T08:14:23+00:00\" \/>\n<meta property=\"og:image\" content=\"https:\/\/www.fst.uha.fr\/wp-content\/uploads\/2018\/06\/porte_jeune@033x-1024x681.png\" \/>\n\t<meta property=\"og:image:width\" content=\"1024\" \/>\n\t<meta property=\"og:image:height\" content=\"681\" \/>\n\t<meta property=\"og:image:type\" content=\"image\/png\" \/>\n<meta name=\"twitter:card\" content=\"summary_large_image\" \/>\n<meta name=\"twitter:label1\" content=\"Dur\u00e9e de lecture estim\u00e9e\" \/>\n\t<meta name=\"twitter:data1\" content=\"3 minutes\" \/>\n<script type=\"application\/ld+json\" class=\"yoast-schema-graph\">{\"@context\":\"https:\/\/schema.org\",\"@graph\":[{\"@type\":\"WebPage\",\"@id\":\"https:\/\/www.fst.uha.fr\/index.php\/vie-etudiante\/vivre-a-mulhouse\/\",\"url\":\"https:\/\/www.fst.uha.fr\/index.php\/vie-etudiante\/vivre-a-mulhouse\/\",\"name\":\"Vivre \u00e0 Mulhouse - FST - Facult\u00e9 des Sciences de Mulhouse\",\"isPartOf\":{\"@id\":\"https:\/\/www.fst.uha.fr\/#website\"},\"primaryImageOfPage\":{\"@id\":\"https:\/\/www.fst.uha.fr\/index.php\/vie-etudiante\/vivre-a-mulhouse\/#primaryimage\"},\"image\":{\"@id\":\"https:\/\/www.fst.uha.fr\/index.php\/vie-etudiante\/vivre-a-mulhouse\/#primaryimage\"},\"thumbnailUrl\":\"https:\/\/www.fst.uha.fr\/wp-content\/uploads\/2018\/06\/porte_jeune@033x.png\",\"datePublished\":\"2018-04-25T13:51:35+00:00\",\"dateModified\":\"2018-08-29T08:14:23+00:00\",\"breadcrumb\":{\"@id\":\"https:\/\/www.fst.uha.fr\/index.php\/vie-etudiante\/vivre-a-mulhouse\/#breadcrumb\"},\"inLanguage\":\"fr-FR\",\"potentialAction\":[{\"@type\":\"ReadAction\",\"target\":[\"https:\/\/www.fst.uha.fr\/index.php\/vie-etudiante\/vivre-a-mulhouse\/\"]}]},{\"@type\":\"ImageObject\",\"inLanguage\":\"fr-FR\",\"@id\":\"https:\/\/www.fst.uha.fr\/index.php\/vie-etudiante\/vivre-a-mulhouse\/#primaryimage\",\"url\":\"https:\/\/www.fst.uha.fr\/wp-content\/uploads\/2018\/06\/porte_jeune@033x.png\",\"contentUrl\":\"https:\/\/www.fst.uha.fr\/wp-content\/uploads\/2018\/06\/porte_jeune@033x.png\",\"width\":1628,\"height\":1083},{\"@type\":\"BreadcrumbList\",\"@id\":\"https:\/\/www.fst.uha.fr\/index.php\/vie-etudiante\/vivre-a-mulhouse\/#breadcrumb\",\"itemListElement\":[{\"@type\":\"ListItem\",\"position\":1,\"name\":\"Accueil\",\"item\":\"https:\/\/www.fst.uha.fr\/\"},{\"@type\":\"ListItem\",\"position\":2,\"name\":\"Vie \u00e9tudiante\",\"item\":\"https:\/\/www.fst.uha.fr\/index.php\/vie-etudiante\/\"},{\"@type\":\"ListItem\",\"position\":3,\"name\":\"Vivre \u00e0 Mulhouse\"}]},{\"@type\":\"WebSite\",\"@id\":\"https:\/\/www.fst.uha.fr\/#website\",\"url\":\"https:\/\/www.fst.uha.fr\/\",\"name\":\"FST - Facult\u00e9 des Sciences et Techniques | Universit\u00e9 de Haute-Alsace\",\"description\":\"Campus Illberg | Universit\u00e9 de Haute-Alsace\",\"potentialAction\":[{\"@type\":\"SearchAction\",\"target\":{\"@type\":\"EntryPoint\",\"urlTemplate\":\"https:\/\/www.fst.uha.fr\/?s={search_term_string}\"},\"query-input\":{\"@type\":\"PropertyValueSpecification\",\"valueRequired\":true,\"valueName\":\"search_term_string\"}}],\"inLanguage\":\"fr-FR\"}]}<\/script>\n<!-- \/ Yoast SEO plugin. -->","yoast_head_json":{"title":"Vivre \u00e0 Mulhouse - FST - Facult\u00e9 des Sciences de Mulhouse","robots":{"index":"index","follow":"follow","max-snippet":"max-snippet:-1","max-image-preview":"max-image-preview:large","max-video-preview":"max-video-preview:-1"},"canonical":"https:\/\/www.fst.uha.fr\/index.php\/vie-etudiante\/vivre-a-mulhouse\/","og_locale":"fr_FR","og_type":"article","og_title":"Vivre \u00e0 Mulhouse - FST - Facult\u00e9 des Sciences de Mulhouse","og_description":"Par sa situation g\u00e9ographique au carrefour de l\u2019Allemagne, de la Suisse et de la France, Mulhouse est id\u00e9alement plac\u00e9e et proche de grandes villes comme Strasbourg et Colmar pour la France, mais aussi B\u00e2le ou Zurich pour la Suisse ou encore Fribourg pour l\u2019Allemagne. La r\u00e9gion mulhousienne est riche d\u2019un patrimoine culturel exceptionnel, avec notamment\u00a0des [&hellip;]","og_url":"https:\/\/www.fst.uha.fr\/index.php\/vie-etudiante\/vivre-a-mulhouse\/","og_site_name":"FST - Facult\u00e9 des Sciences et Techniques | Universit\u00e9 de Haute-Alsace","article_modified_time":"2018-08-29T08:14:23+00:00","og_image":[{"width":1024,"height":681,"url":"https:\/\/www.fst.uha.fr\/wp-content\/uploads\/2018\/06\/porte_jeune@033x-1024x681.png","type":"image\/png"}],"twitter_card":"summary_large_image","twitter_misc":{"Dur\u00e9e de lecture estim\u00e9e":"3 minutes"},"schema":{"@context":"https:\/\/schema.org","@graph":[{"@type":"WebPage","@id":"https:\/\/www.fst.uha.fr\/index.php\/vie-etudiante\/vivre-a-mulhouse\/","url":"https:\/\/www.fst.uha.fr\/index.php\/vie-etudiante\/vivre-a-mulhouse\/","name":"Vivre \u00e0 Mulhouse - FST - Facult\u00e9 des Sciences de Mulhouse","isPartOf":{"@id":"https:\/\/www.fst.uha.fr\/#website"},"primaryImageOfPage":{"@id":"https:\/\/www.fst.uha.fr\/index.php\/vie-etudiante\/vivre-a-mulhouse\/#primaryimage"},"image":{"@id":"https:\/\/www.fst.uha.fr\/index.php\/vie-etudiante\/vivre-a-mulhouse\/#primaryimage"},"thumbnailUrl":"https:\/\/www.fst.uha.fr\/wp-content\/uploads\/2018\/06\/porte_jeune@033x.png","datePublished":"2018-04-25T13:51:35+00:00","dateModified":"2018-08-29T08:14:23+00:00","breadcrumb":{"@id":"https:\/\/www.fst.uha.fr\/index.php\/vie-etudiante\/vivre-a-mulhouse\/#breadcrumb"},"inLanguage":"fr-FR","potentialAction":[{"@type":"ReadAction","target":["https:\/\/www.fst.uha.fr\/index.php\/vie-etudiante\/vivre-a-mulhouse\/"]}]},{"@type":"ImageObject","inLanguage":"fr-FR","@id":"https:\/\/www.fst.uha.fr\/index.php\/vie-etudiante\/vivre-a-mulhouse\/#primaryimage","url":"https:\/\/www.fst.uha.fr\/wp-content\/uploads\/2018\/06\/porte_jeune@033x.png","contentUrl":"https:\/\/www.fst.uha.fr\/wp-content\/uploads\/2018\/06\/porte_jeune@033x.png","width":1628,"height":1083},{"@type":"BreadcrumbList","@id":"https:\/\/www.fst.uha.fr\/index.php\/vie-etudiante\/vivre-a-mulhouse\/#breadcrumb","itemListElement":[{"@type":"ListItem","position":1,"name":"Accueil","item":"https:\/\/www.fst.uha.fr\/"},{"@type":"ListItem","position":2,"name":"Vie \u00e9tudiante","item":"https:\/\/www.fst.uha.fr\/index.php\/vie-etudiante\/"},{"@type":"ListItem","position":3,"name":"Vivre \u00e0 Mulhouse"}]},{"@type":"WebSite","@id":"https:\/\/www.fst.uha.fr\/#website","url":"https:\/\/www.fst.uha.fr\/","name":"FST - Facult\u00e9 des Sciences et Techniques | Universit\u00e9 de Haute-Alsace","description":"Campus Illberg | Universit\u00e9 de Haute-Alsace","potentialAction":[{"@type":"SearchAction","target":{"@type":"EntryPoint","urlTemplate":"https:\/\/www.fst.uha.fr\/?s={search_term_string}"},"query-input":{"@type":"PropertyValueSpecification","valueRequired":true,"valueName":"search_term_string"}}],"inLanguage":"fr-FR"}]}},"_links":{"self":[{"href":"https:\/\/www.fst.uha.fr\/index.php\/wp-json\/wp\/v2\/pages\/135","targetHints":{"allow":["GET"]}}],"collection":[{"href":"https:\/\/www.fst.uha.fr\/index.php\/wp-json\/wp\/v2\/pages"}],"about":[{"href":"https:\/\/www.fst.uha.fr\/index.php\/wp-json\/wp\/v2\/types\/page"}],"author":[{"embeddable":true,"href":"https:\/\/www.fst.uha.fr\/index.php\/wp-json\/wp\/v2\/users\/1"}],"replies":[{"embeddable":true,"href":"https:\/\/www.fst.uha.fr\/index.php\/wp-json\/wp\/v2\/comments?post=135"}],"version-history":[{"count":17,"href":"https:\/\/www.fst.uha.fr\/index.php\/wp-json\/wp\/v2\/pages\/135\/revisions"}],"predecessor-version":[{"id":1522,"href":"https:\/\/www.fst.uha.fr\/index.php\/wp-json\/wp\/v2\/pages\/135\/revisions\/1522"}],"up":[{"embeddable":true,"href":"https:\/\/www.fst.uha.fr\/index.php\/wp-json\/wp\/v2\/pages\/28"}],"wp:featuredmedia":[{"embeddable":true,"href":"https:\/\/www.fst.uha.fr\/index.php\/wp-json\/wp\/v2\/media\/929"}],"wp:attachment":[{"href":"https:\/\/www.fst.uha.fr\/index.php\/wp-json\/wp\/v2\/media?parent=135"}],"wp:term":[{"taxonomy":"category","embeddable":true,"href":"https:\/\/www.fst.uha.fr\/index.php\/wp-json\/wp\/v2\/categories?post=135"},{"taxonomy":"post_tag","embeddable":true,"href":"https:\/\/www.fst.uha.fr\/index.php\/wp-json\/wp\/v2\/tags?post=135"}],"curies":[{"name":"wp","href":"https:\/\/api.w.org\/{rel}","templated":true}]}}