{"id":143,"date":"2018-05-25T15:53:13","date_gmt":"2018-05-25T13:53:13","guid":{"rendered":"https:\/\/www.fst.uha.fr\/?page_id=143"},"modified":"2018-07-19T11:16:43","modified_gmt":"2018-07-19T09:16:43","slug":"universite-de-haute-alsace","status":"publish","type":"page","link":"https:\/\/www.fst.uha.fr\/index.php\/fst\/universite-de-haute-alsace\/","title":{"rendered":"Universit\u00e9 de Haute-Alsace"},"content":{"rendered":"<p><img loading=\"lazy\" decoding=\"async\" class=\"alignnone size-full wp-image-1492\" src=\"https:\/\/www.fst.uha.fr\/wp-content\/uploads\/2018\/07\/UHQ.png\" alt=\"\" width=\"1920\" height=\"501\" srcset=\"https:\/\/www.fst.uha.fr\/wp-content\/uploads\/2018\/07\/UHQ.png 1920w, https:\/\/www.fst.uha.fr\/wp-content\/uploads\/2018\/07\/UHQ-300x78.png 300w, https:\/\/www.fst.uha.fr\/wp-content\/uploads\/2018\/07\/UHQ-768x200.png 768w, https:\/\/www.fst.uha.fr\/wp-content\/uploads\/2018\/07\/UHQ-1024x267.png 1024w\" sizes=\"auto, (max-width: 1920px) 100vw, 1920px\" \/><br \/>\nLes campus de l&rsquo;<a href=\"http:\/\/www.uha.fr\/\">Universit\u00e9 de Haute-Alsace<\/a> sont implant\u00e9s \u00e0 Mulhouse et Colmar, au c\u0153ur de la R\u00e9gion Alsace, pays des trois fronti\u00e8res. Une position privil\u00e9gi\u00e9e pour b\u00e9n\u00e9ficier d&rsquo;un environnement historique et culturel trinational, \u00e0 proximit\u00e9 imm\u00e9diate de B\u00e2le (Suisse) et de Fribourg (Allemagne). Un point de d\u00e9part id\u00e9al pour d\u00e9couvrir les charmes du Haut-Rhin, de l&rsquo;Alsace ainsi que le relief vari\u00e9 des Vosges, du Jura Suisse et de la For\u00eat Noire.<\/p>\n<p>P\u00f4le d&rsquo;enseignement et de recherche pluridisciplinaires, l&rsquo;UHA se caract\u00e9rise par la diversit\u00e9, l&rsquo;innovation et la forte professionnalisation de ses formations, en relation \u00e9troite avec l\u2019environnement \u00e9conomique national et international. En effet, l&rsquo;UHA s&rsquo;attache \u00e0 cr\u00e9er des projets innovants et de nombreux partenariats permettant \u00e0 ses \u00e9tudiants de mieux pr\u00e9parer leur insertion professionnelle : <a href=\"http:\/\/www.uha.fr\/luha\/learning-center\/\">Learning Center<\/a>, <a href=\"http:\/\/www.uha.fr\/luha\/mieux-connaitre-luha\/projet-elan-eveil-a-la-liberte-et-a-lautonomie-dans-un-monde-numerique\/\">\u00c9LAN &#8211; \u00c9veil \u00e0 la Libert\u00e9 et \u00e0 l&rsquo;Autonomie dans un monde Num\u00e9rique<\/a>, <a href=\"http:\/\/www.disrupt40.fr\/\">Disrupt 4.0<\/a>, <a href=\"http:\/\/www.uha.fr\/linternational\/transfrontalier\/novatris\/\">NovaTris<\/a>, <a href=\"http:\/\/www.uha.fr\/linternational\/transfrontalier\/eucor-le-campus-europeen\/\">Eucor &#8211; Le Campus europ\u00e9en<\/a>, etc. Ses formations s\u2019adossent \u00e0 des laboratoires de recherche de haut niveau et accueille pr\u00e8s de 9 700 \u00e9tudiants,\u00a0550 enseignants-chercheurs et\u00a013 laboratoires dont 2 UMR avec le CNRS.<\/p>\n<p>Situ\u00e9e au c\u0153ur des trois fronti\u00e8res, l\u2019UHA exploite sa situation g\u00e9ographique pour d\u00e9velopper des formations d\u2019excellence binationales, trinationales et internationales avec ses partenaires, dans les domaines suivants :<\/p>\n<ul>\n<li>Sciences et technologies<\/li>\n<li>Chimie \/ mat\u00e9riaux<\/li>\n<li>Management<\/li>\n<li>\u00c9conomie, gestion<\/li>\n<li>Formation de professeurs<\/li>\n<li>Histoire<\/li>\n<\/ul>\n<p>Pour plus d\u2019informations, rendez-vous sur le <a href=\"http:\/\/www.uha.fr\/\">site web de l\u2019UHA<\/a><\/p>\n","protected":false},"excerpt":{"rendered":"<p>Les campus de l&rsquo;Universit\u00e9 de Haute-Alsace sont implant\u00e9s \u00e0 Mulhouse et Colmar, au c\u0153ur de la R\u00e9gion Alsace, pays des trois fronti\u00e8res. Une position privil\u00e9gi\u00e9e pour b\u00e9n\u00e9ficier d&rsquo;un environnement historique et culturel trinational, \u00e0 proximit\u00e9 imm\u00e9diate de B\u00e2le (Suisse) et de Fribourg (Allemagne). Un point de d\u00e9part id\u00e9al pour d\u00e9couvrir les charmes du Haut-Rhin, de [&hellip;]<\/p>\n","protected":false},"author":1,"featured_media":780,"parent":20,"menu_order":0,"comment_status":"closed","ping_status":"closed","template":"","meta":{"footnotes":""},"categories":[10],"tags":[],"class_list":["post-143","page","type-page","status-publish","has-post-thumbnail","hentry","category-parents"],"yoast_head":"<!-- This site is optimized with the Yoast SEO plugin v27.0 - https:\/\/yoast.com\/product\/yoast-seo-wordpress\/ -->\n<title>Universit\u00e9 de Haute-Alsace - FST - Facult\u00e9 des Sciences et Techniques | Universit\u00e9 de Haute-Alsace<\/title>\n<meta name=\"description\" content=\"Les campus de l&#039;Universit\u00e9 de Haute-Alsace sont implant\u00e9s \u00e0 Mulhouse et Colmar, au c\u0153ur de la R\u00e9gion Alsace, pays des trois fronti\u00e8res\" \/>\n<meta name=\"robots\" content=\"index, follow, max-snippet:-1, max-image-preview:large, max-video-preview:-1\" \/>\n<link rel=\"canonical\" href=\"https:\/\/www.fst.uha.fr\/index.php\/fst\/universite-de-haute-alsace\/\" \/>\n<meta property=\"og:locale\" content=\"fr_FR\" \/>\n<meta property=\"og:type\" content=\"article\" \/>\n<meta property=\"og:title\" content=\"Universit\u00e9 de Haute-Alsace - FST - Facult\u00e9 des Sciences et Techniques | Universit\u00e9 de Haute-Alsace\" \/>\n<meta property=\"og:description\" content=\"Les campus de l&#039;Universit\u00e9 de Haute-Alsace sont implant\u00e9s \u00e0 Mulhouse et Colmar, au c\u0153ur de la R\u00e9gion Alsace, pays des trois fronti\u00e8res\" \/>\n<meta property=\"og:url\" content=\"https:\/\/www.fst.uha.fr\/index.php\/fst\/universite-de-haute-alsace\/\" \/>\n<meta property=\"og:site_name\" content=\"FST - Facult\u00e9 des Sciences et Techniques | Universit\u00e9 de Haute-Alsace\" \/>\n<meta property=\"article:modified_time\" content=\"2018-07-19T09:16:43+00:00\" \/>\n<meta property=\"og:image\" content=\"https:\/\/www.fst.uha.fr\/wp-content\/uploads\/2018\/06\/Uhacampus.jpg\" \/>\n\t<meta property=\"og:image:width\" content=\"1000\" \/>\n\t<meta property=\"og:image:height\" content=\"668\" \/>\n\t<meta property=\"og:image:type\" content=\"image\/jpeg\" \/>\n<meta name=\"twitter:card\" content=\"summary_large_image\" \/>\n<meta name=\"twitter:label1\" content=\"Dur\u00e9e de lecture estim\u00e9e\" \/>\n\t<meta name=\"twitter:data1\" content=\"1 minute\" \/>\n<script type=\"application\/ld+json\" class=\"yoast-schema-graph\">{\"@context\":\"https:\/\/schema.org\",\"@graph\":[{\"@type\":\"WebPage\",\"@id\":\"https:\/\/www.fst.uha.fr\/index.php\/fst\/universite-de-haute-alsace\/\",\"url\":\"https:\/\/www.fst.uha.fr\/index.php\/fst\/universite-de-haute-alsace\/\",\"name\":\"Universit\u00e9 de Haute-Alsace - FST - Facult\u00e9 des Sciences et Techniques | Universit\u00e9 de Haute-Alsace\",\"isPartOf\":{\"@id\":\"https:\/\/www.fst.uha.fr\/#website\"},\"primaryImageOfPage\":{\"@id\":\"https:\/\/www.fst.uha.fr\/index.php\/fst\/universite-de-haute-alsace\/#primaryimage\"},\"image\":{\"@id\":\"https:\/\/www.fst.uha.fr\/index.php\/fst\/universite-de-haute-alsace\/#primaryimage\"},\"thumbnailUrl\":\"https:\/\/www.fst.uha.fr\/wp-content\/uploads\/2018\/06\/Uhacampus.jpg\",\"datePublished\":\"2018-05-25T13:53:13+00:00\",\"dateModified\":\"2018-07-19T09:16:43+00:00\",\"description\":\"Les campus de l'Universit\u00e9 de Haute-Alsace sont implant\u00e9s \u00e0 Mulhouse et Colmar, au c\u0153ur de la R\u00e9gion Alsace, pays des trois fronti\u00e8res\",\"breadcrumb\":{\"@id\":\"https:\/\/www.fst.uha.fr\/index.php\/fst\/universite-de-haute-alsace\/#breadcrumb\"},\"inLanguage\":\"fr-FR\",\"potentialAction\":[{\"@type\":\"ReadAction\",\"target\":[\"https:\/\/www.fst.uha.fr\/index.php\/fst\/universite-de-haute-alsace\/\"]}]},{\"@type\":\"ImageObject\",\"inLanguage\":\"fr-FR\",\"@id\":\"https:\/\/www.fst.uha.fr\/index.php\/fst\/universite-de-haute-alsace\/#primaryimage\",\"url\":\"https:\/\/www.fst.uha.fr\/wp-content\/uploads\/2018\/06\/Uhacampus.jpg\",\"contentUrl\":\"https:\/\/www.fst.uha.fr\/wp-content\/uploads\/2018\/06\/Uhacampus.jpg\",\"width\":1000,\"height\":668},{\"@type\":\"BreadcrumbList\",\"@id\":\"https:\/\/www.fst.uha.fr\/index.php\/fst\/universite-de-haute-alsace\/#breadcrumb\",\"itemListElement\":[{\"@type\":\"ListItem\",\"position\":1,\"name\":\"Accueil\",\"item\":\"https:\/\/www.fst.uha.fr\/\"},{\"@type\":\"ListItem\",\"position\":2,\"name\":\"FST\",\"item\":\"https:\/\/www.fst.uha.fr\/index.php\/fst\/\"},{\"@type\":\"ListItem\",\"position\":3,\"name\":\"Universit\u00e9 de Haute-Alsace\"}]},{\"@type\":\"WebSite\",\"@id\":\"https:\/\/www.fst.uha.fr\/#website\",\"url\":\"https:\/\/www.fst.uha.fr\/\",\"name\":\"FST - Facult\u00e9 des Sciences et Techniques | Universit\u00e9 de Haute-Alsace\",\"description\":\"Campus Illberg | Universit\u00e9 de Haute-Alsace\",\"potentialAction\":[{\"@type\":\"SearchAction\",\"target\":{\"@type\":\"EntryPoint\",\"urlTemplate\":\"https:\/\/www.fst.uha.fr\/?s={search_term_string}\"},\"query-input\":{\"@type\":\"PropertyValueSpecification\",\"valueRequired\":true,\"valueName\":\"search_term_string\"}}],\"inLanguage\":\"fr-FR\"}]}<\/script>\n<!-- \/ Yoast SEO plugin. -->","yoast_head_json":{"title":"Universit\u00e9 de Haute-Alsace - FST - Facult\u00e9 des Sciences et Techniques | Universit\u00e9 de Haute-Alsace","description":"Les campus de l'Universit\u00e9 de Haute-Alsace sont implant\u00e9s \u00e0 Mulhouse et Colmar, au c\u0153ur de la R\u00e9gion Alsace, pays des trois fronti\u00e8res","robots":{"index":"index","follow":"follow","max-snippet":"max-snippet:-1","max-image-preview":"max-image-preview:large","max-video-preview":"max-video-preview:-1"},"canonical":"https:\/\/www.fst.uha.fr\/index.php\/fst\/universite-de-haute-alsace\/","og_locale":"fr_FR","og_type":"article","og_title":"Universit\u00e9 de Haute-Alsace - FST - Facult\u00e9 des Sciences et Techniques | Universit\u00e9 de Haute-Alsace","og_description":"Les campus de l'Universit\u00e9 de Haute-Alsace sont implant\u00e9s \u00e0 Mulhouse et Colmar, au c\u0153ur de la R\u00e9gion Alsace, pays des trois fronti\u00e8res","og_url":"https:\/\/www.fst.uha.fr\/index.php\/fst\/universite-de-haute-alsace\/","og_site_name":"FST - Facult\u00e9 des Sciences et Techniques | Universit\u00e9 de Haute-Alsace","article_modified_time":"2018-07-19T09:16:43+00:00","og_image":[{"width":1000,"height":668,"url":"https:\/\/www.fst.uha.fr\/wp-content\/uploads\/2018\/06\/Uhacampus.jpg","type":"image\/jpeg"}],"twitter_card":"summary_large_image","twitter_misc":{"Dur\u00e9e de lecture estim\u00e9e":"1 minute"},"schema":{"@context":"https:\/\/schema.org","@graph":[{"@type":"WebPage","@id":"https:\/\/www.fst.uha.fr\/index.php\/fst\/universite-de-haute-alsace\/","url":"https:\/\/www.fst.uha.fr\/index.php\/fst\/universite-de-haute-alsace\/","name":"Universit\u00e9 de Haute-Alsace - FST - Facult\u00e9 des Sciences et Techniques | Universit\u00e9 de Haute-Alsace","isPartOf":{"@id":"https:\/\/www.fst.uha.fr\/#website"},"primaryImageOfPage":{"@id":"https:\/\/www.fst.uha.fr\/index.php\/fst\/universite-de-haute-alsace\/#primaryimage"},"image":{"@id":"https:\/\/www.fst.uha.fr\/index.php\/fst\/universite-de-haute-alsace\/#primaryimage"},"thumbnailUrl":"https:\/\/www.fst.uha.fr\/wp-content\/uploads\/2018\/06\/Uhacampus.jpg","datePublished":"2018-05-25T13:53:13+00:00","dateModified":"2018-07-19T09:16:43+00:00","description":"Les campus de l'Universit\u00e9 de Haute-Alsace sont implant\u00e9s \u00e0 Mulhouse et Colmar, au c\u0153ur de la R\u00e9gion Alsace, pays des trois fronti\u00e8res","breadcrumb":{"@id":"https:\/\/www.fst.uha.fr\/index.php\/fst\/universite-de-haute-alsace\/#breadcrumb"},"inLanguage":"fr-FR","potentialAction":[{"@type":"ReadAction","target":["https:\/\/www.fst.uha.fr\/index.php\/fst\/universite-de-haute-alsace\/"]}]},{"@type":"ImageObject","inLanguage":"fr-FR","@id":"https:\/\/www.fst.uha.fr\/index.php\/fst\/universite-de-haute-alsace\/#primaryimage","url":"https:\/\/www.fst.uha.fr\/wp-content\/uploads\/2018\/06\/Uhacampus.jpg","contentUrl":"https:\/\/www.fst.uha.fr\/wp-content\/uploads\/2018\/06\/Uhacampus.jpg","width":1000,"height":668},{"@type":"BreadcrumbList","@id":"https:\/\/www.fst.uha.fr\/index.php\/fst\/universite-de-haute-alsace\/#breadcrumb","itemListElement":[{"@type":"ListItem","position":1,"name":"Accueil","item":"https:\/\/www.fst.uha.fr\/"},{"@type":"ListItem","position":2,"name":"FST","item":"https:\/\/www.fst.uha.fr\/index.php\/fst\/"},{"@type":"ListItem","position":3,"name":"Universit\u00e9 de Haute-Alsace"}]},{"@type":"WebSite","@id":"https:\/\/www.fst.uha.fr\/#website","url":"https:\/\/www.fst.uha.fr\/","name":"FST - Facult\u00e9 des Sciences et Techniques | Universit\u00e9 de Haute-Alsace","description":"Campus Illberg | Universit\u00e9 de Haute-Alsace","potentialAction":[{"@type":"SearchAction","target":{"@type":"EntryPoint","urlTemplate":"https:\/\/www.fst.uha.fr\/?s={search_term_string}"},"query-input":{"@type":"PropertyValueSpecification","valueRequired":true,"valueName":"search_term_string"}}],"inLanguage":"fr-FR"}]}},"_links":{"self":[{"href":"https:\/\/www.fst.uha.fr\/index.php\/wp-json\/wp\/v2\/pages\/143","targetHints":{"allow":["GET"]}}],"collection":[{"href":"https:\/\/www.fst.uha.fr\/index.php\/wp-json\/wp\/v2\/pages"}],"about":[{"href":"https:\/\/www.fst.uha.fr\/index.php\/wp-json\/wp\/v2\/types\/page"}],"author":[{"embeddable":true,"href":"https:\/\/www.fst.uha.fr\/index.php\/wp-json\/wp\/v2\/users\/1"}],"replies":[{"embeddable":true,"href":"https:\/\/www.fst.uha.fr\/index.php\/wp-json\/wp\/v2\/comments?post=143"}],"version-history":[{"count":13,"href":"https:\/\/www.fst.uha.fr\/index.php\/wp-json\/wp\/v2\/pages\/143\/revisions"}],"predecessor-version":[{"id":1512,"href":"https:\/\/www.fst.uha.fr\/index.php\/wp-json\/wp\/v2\/pages\/143\/revisions\/1512"}],"up":[{"embeddable":true,"href":"https:\/\/www.fst.uha.fr\/index.php\/wp-json\/wp\/v2\/pages\/20"}],"wp:featuredmedia":[{"embeddable":true,"href":"https:\/\/www.fst.uha.fr\/index.php\/wp-json\/wp\/v2\/media\/780"}],"wp:attachment":[{"href":"https:\/\/www.fst.uha.fr\/index.php\/wp-json\/wp\/v2\/media?parent=143"}],"wp:term":[{"taxonomy":"category","embeddable":true,"href":"https:\/\/www.fst.uha.fr\/index.php\/wp-json\/wp\/v2\/categories?post=143"},{"taxonomy":"post_tag","embeddable":true,"href":"https:\/\/www.fst.uha.fr\/index.php\/wp-json\/wp\/v2\/tags?post=143"}],"curies":[{"name":"wp","href":"https:\/\/api.w.org\/{rel}","templated":true}]}}