{"id":152,"date":"2018-04-25T15:58:06","date_gmt":"2018-04-25T13:58:06","guid":{"rendered":"https:\/\/www.fst.uha.fr\/?page_id=152"},"modified":"2026-01-23T09:54:04","modified_gmt":"2026-01-23T08:54:04","slug":"licence-de-mathematiques","status":"publish","type":"page","link":"https:\/\/www.fst.uha.fr\/index.php\/formations\/licences\/licence-de-mathematiques\/","title":{"rendered":"Licence de Math\u00e9matiques"},"content":{"rendered":"<p><a href=\"https:\/\/www.fst.uha.fr\/index.php\/formations\/\">Licences<\/a> &gt; <strong>Licence de Math\u00e9matiques<\/strong><\/p>\n<p>Lien vers la <a href=\"https:\/\/dossier.parcoursup.fr\/Candidats\/public\/fiches\/afficherFicheFormation?g_ta_cod=44307&amp;typeBac=1\" target=\"_blank\" rel=\"noopener noreferrer\">formation sur PARCOURSUP 2026<\/a><\/p>\n<p><img loading=\"lazy\" decoding=\"async\" class=\"alignnone wp-image-5155 size-full\" src=\"https:\/\/www.fst.uha.fr\/wp-content\/uploads\/2025\/09\/banniere-maths.jpg\" alt=\"\" width=\"1920\" height=\"500\" srcset=\"https:\/\/www.fst.uha.fr\/wp-content\/uploads\/2025\/09\/banniere-maths.jpg 1920w, https:\/\/www.fst.uha.fr\/wp-content\/uploads\/2025\/09\/banniere-maths-300x78.jpg 300w, https:\/\/www.fst.uha.fr\/wp-content\/uploads\/2025\/09\/banniere-maths-1024x267.jpg 1024w, https:\/\/www.fst.uha.fr\/wp-content\/uploads\/2025\/09\/banniere-maths-768x200.jpg 768w, https:\/\/www.fst.uha.fr\/wp-content\/uploads\/2025\/09\/banniere-maths-1536x400.jpg 1536w\" sizes=\"auto, (max-width: 1920px) 100vw, 1920px\" \/><\/p>\n<div class=\"su-row\"><div class=\"su-column su-column-size-3-4\"><div class=\"su-column-inner su-u-clearfix su-u-trim\">\n<h2>Pr\u00e9sentation<\/h2>\n<p>Ce parcours est celui d\u2019une licence de Math\u00e9matiques qui donne les connaissances et d\u00e9veloppe les comp\u00e9tences d\u2019un socle solide en Math\u00e9matiques, mais \u00e9galement en Math\u00e9matiques appliqu\u00e9es et en Informatique notamment en Algorithmique et Programmation.<br \/>\nLa formation inclut un enseignement de langues (anglais et allemand) tout au long du cursus, et d\u2019autres enseignements transversaux et d\u2019ouverture.<\/p>\n<h2>Objectifs<\/h2>\n<p>Cette licence pr\u00e9pare l\u2019acc\u00e8s \u00e0 un grand nombre de Masters visant diff\u00e9rents m\u00e9tiers li\u00e9s aux Math\u00e9matiques, ainsi qu\u2019\u00e0 certaines \u00e9coles d\u2019ing\u00e9nieurs.<br \/>\nLa formation permet aux \u00e9tudiants d\u2019acqu\u00e9rir les diff\u00e9rentes comp\u00e9tences th\u00e9oriques et pratiques dans diff\u00e9rents domaines des Math\u00e9matiques, mais \u00e9galement en Informatique (Algorithmique et Programmation).<br \/>\n<div class=\"su-accordion su-u-trim\">\n<div class=\"su-spoiler su-spoiler-style-fancy su-spoiler-icon-plus-circle su-spoiler-closed\" data-scroll-offset=\"0\" data-anchor-in-url=\"no\"><div class=\"su-spoiler-title\" tabindex=\"0\" role=\"button\"><span class=\"su-spoiler-icon\"><\/span>Admission<\/div><div class=\"su-spoiler-content su-u-clearfix su-u-trim\">\n<p>Pour l\u2019entr\u00e9e en licence 1\u00e8re ann\u00e9e, il est recommand\u00e9 d\u2019avoir suivi les cours de sp\u00e9cialit\u00e9 maths en Premi\u00e8re et Terminale. L\u2019option Maths expertes est conseill\u00e9e mais n\u2019est pas exig\u00e9e.<\/p>\n<p>Lien vers la formation sur PARCOURSUP : <a href=\"https:\/\/dossier.parcoursup.fr\/Candidats\/public\/fiches\/afficherFicheFormation?g_ta_cod=44307&amp;typeBac=1\" target=\"_blank\" rel=\"noopener noreferrer\">Cliquer ici.<\/a><\/p>\n<p>Admission en L2 et L3 uniquement par dossier \u00e9lectronique sur la plateforme <a href=\"https:\/\/ecandidat.uha.fr\" target=\"_blank\" rel=\"noopener\">e-candidat.uha.fr<\/a>.<\/p>\n<p>pour :<\/p>\n<ul>\n<li>les \u00e9tudiants sortant de classes pr\u00e9paratoires aux grandes \u00e9coles (CPGE),<\/li>\n<li>les \u00e9tudiants ayant un cursus universitaire scientifique,<\/li>\n<li>les \u00e9tudiants \u00e9trangers issus d\u2019universit\u00e9s \u00e0 l\u2019\u00e9tranger, via Erasmus+ ou Campus France (proc\u00e9dure \u00ab \u00c9tudes en France \u00bb).<\/li>\n<\/ul>\n<\/div><\/div>\n<div class=\"su-spoiler su-spoiler-style-fancy su-spoiler-icon-plus-circle su-spoiler-closed\" data-scroll-offset=\"0\" data-anchor-in-url=\"no\"><div class=\"su-spoiler-title\" tabindex=\"0\" role=\"button\"><span class=\"su-spoiler-icon\"><\/span>Poursuite d\u2019\u00e9tudes<\/div><div class=\"su-spoiler-content su-u-clearfix su-u-trim\">\n<p>Selon son projet professionnel, l\u2019\u00e9tudiant dipl\u00f4m\u00e9 a la possibilit\u00e9 de poursuivre ses \u00e9tudes en :<\/p>\n<ul>\n<li><a href=\"https:\/\/www.fst.uha.fr\/index.php\/formations\/masters\/master-ingenierie-mathematique-et-data-science\/\">Master Ing\u00e9nierie Math\u00e9matique et Data Science <\/a><\/li>\n<li>Master Ing\u00e9nierie Math\u00e9matique et Data Science<\/li>\n<li>Masters de Math\u00e9matiques appliqu\u00e9es<\/li>\n<li>Masters de Math\u00e9matiques (financi\u00e8res, Statistiques, Biostatistique, Actuariat, Calcul scientifique\u2026)<\/li>\n<li>Master de Math\u00e9matiques fondamentales<\/li>\n<li>\u00c9coles d\u2019ing\u00e9nieurs (sur dossiers ou concours).<\/li>\n<\/ul>\n<p>Les d\u00e9bouch\u00e9s concernent les m\u00e9tiers des math\u00e9matiques tels que :<\/p>\n<ul>\n<li>Enseignement<\/li>\n<li>Recherche<\/li>\n<li>Ing\u00e9nieur calcul<\/li>\n<li>Ing\u00e9nieur d\u2019\u00e9tudes statistiques<\/li>\n<li>Ing\u00e9nieur en assurance<\/li>\n<li>Ing\u00e9nieur traitement de l\u2019image<\/li>\n<li>Responsable Data Management<\/li>\n<li>Finance, banque, Actuariat, assurances<\/li>\n<li>Sant\u00e9 pharmacie, biostatisticien<\/li>\n<li>Industrie (automobile, a\u00e9ronautique, transport ferroviaire, \u00e9nergie\u2026)<\/li>\n<li>T\u00e9l\u00e9communications<\/li>\n<li>M\u00e9tiers d\u2019ing\u00e9nieurs<\/li>\n<li>\u2026<\/li>\n<\/ul>\n<\/div><\/div>\n<div class=\"su-spoiler su-spoiler-style-fancy su-spoiler-icon-plus-circle su-spoiler-closed\" data-scroll-offset=\"0\" data-anchor-in-url=\"no\"><div class=\"su-spoiler-title\" tabindex=\"0\" role=\"button\"><span class=\"su-spoiler-icon\"><\/span>Modalit\u00e9s d\u2019enseignements<\/div><div class=\"su-spoiler-content su-u-clearfix su-u-trim\">Cette formation est organis\u00e9e sur 6 semestres sur le campus universitaire Illberg de Mulhouse. Chaque semestre est compose\u0301 d\u2019UE (Unite\u0301s d\u2019enseignement) auxquelles des cre\u0301dits ECTS (Equivalent Cre\u0301dit Transfert System) sont attribue\u0301s : 30 ECTS au total par semestre. La licence sera de\u0301livre\u0301e apre\u0300s l\u2019obtention de 180 ECTS.<\/p>\n<p>Tous les intervenants dans les unit\u00e9s d\u2019enseignement disciplinaires sont des enseignants-chercheurs (Professeurs ou Ma\u00eetre de Conf\u00e9rences) membres de l\u2019<a href=\"http:\/\/www.irimas.uha.fr\/\">Institut de Recherche en Informatique Math\u00e9matiques Automatique et Signal (IRIMAS)<\/a>.<\/p>\n<p>Chaque unit\u00e9 d\u2019enseignement de la premi\u00e8re ann\u00e9e se d\u00e9roule en Cours Int\u00e9gr\u00e9s dans un groupe (40 \u00e9tudiants au maximum) et est dispens\u00e9e par un seul enseignant-chercheur.<br \/>\nEn 2<sup>\u00e8me<\/sup> et 3<sup>\u00e8me<\/sup> ann\u00e9es les enseignements sont en Cours Magistraux (CM) et Travaux Dirig\u00e9s (TD) assur\u00e9s par un ou deux enseignants-chercheurs, toujours en petits effectifs. Des projets tuteur\u00e9s sont propos\u00e9s.<br \/>\n<\/div><\/div>\n<div class=\"su-spoiler su-spoiler-style-fancy su-spoiler-icon-plus-circle su-spoiler-closed\" data-scroll-offset=\"0\" data-anchor-in-url=\"no\"><div class=\"su-spoiler-title\" tabindex=\"0\" role=\"button\"><span class=\"su-spoiler-icon\"><\/span>Programme<\/div><div class=\"su-spoiler-content su-u-clearfix su-u-trim\">Les 3 ann\u00e9es contiennent des enseignements \u00e0 dominante Majeure Math\u00e9matique et mineure Informatique.<\/p>\n<p>La 1<sup>\u00e8re<\/sup> ann\u00e9e est enti\u00e8rement commune au parcours Informatique. \u00c0 l\u2019issue de cette ann\u00e9e, l\u2019\u00e9tudiant peut choisir de continuer dans ce parcours de Math\u00e9matiques ou bien dans celui de l\u2019Informatique. Les programmes de Math\u00e9matiques sont constitu\u00e9s essentiellement de r\u00e9visions et d\u2019approfondissement du programme de la terminale S et vont progressivement vers de nouvelles connaissances \u00e0 acqu\u00e9rir notamment en Alg\u00e8bre lin\u00e9aire et Analyse.<\/p>\n<p>La 2<sup>\u00e8me<\/sup> ann\u00e9e consolide les connaissances et comp\u00e9tences en Math\u00e9matiques (Analyse, Alg\u00e8bre, G\u00e9om\u00e9trie, Probabilit\u00e9s et Statistiques) mais aussi en Informatique (Algorithmique, Programmation, Bases structures et analyses de Donn\u00e9es). Une bonne partie de ces enseignements reste commune au parcours Informatique. Une sp\u00e9cialisation progressive en Math\u00e9matiques appara\u00eet d\u00e8s cette ann\u00e9e.<\/p>\n<p>La 3<sup>\u00e8me<\/sup> ann\u00e9e se consacre essentiellement aux connaissances Math\u00e9matiques (Alg\u00e8bre, topologie m\u00e9trique, Calcul diff\u00e9rentiel, Probabilit\u00e9s, G\u00e9om\u00e9trie) et Math\u00e9matiques appliqu\u00e9es. Tout en gardant une unit\u00e9 d\u2019enseignement d\u2019Informatique par semestre (Algorithmique et graphes), la formation se sp\u00e9cialise en Math\u00e9matiques. Ceci pour pr\u00e9parer l\u2019\u00e9tudiant \u00e0 poursuivre des \u00e9tudes dans diff\u00e9rents masters (enseignement, math\u00e9matiques appliqu\u00e9es ou math\u00e9matiques fondamentales\u2026).<br \/>\n<\/div><\/div>\n<div class=\"su-spoiler su-spoiler-style-fancy su-spoiler-icon-plus-circle su-spoiler-closed\" data-scroll-offset=\"0\" data-anchor-in-url=\"no\"><div class=\"su-spoiler-title\" tabindex=\"0\" role=\"button\"><span class=\"su-spoiler-icon\"><\/span>Stage<\/div><div class=\"su-spoiler-content su-u-clearfix su-u-trim\">Un stage (ou exp\u00e9rience professionnelle) d\u2019une dur\u00e9e de 2 semaines au moins est \u00e0 r\u00e9aliser en 2<sup>\u00e8me<\/sup> ann\u00e9e. Ce dernier peut se d\u00e9rouler en entreprise, collectivit\u00e9, laboratoire de recherche, \u00e9tablissement scolaire\u2026<\/p>\n<p>L\u2019\u00e9tudiant a la possibilit\u00e9, s\u2019il le d\u00e9sire, d\u2019effectuer son stage \u00e0 l\u2019\u00e9tranger.<br \/>\n<\/div><\/div>\n<div class=\"su-spoiler su-spoiler-style-fancy su-spoiler-icon-plus-circle su-spoiler-closed\" data-scroll-offset=\"0\" data-anchor-in-url=\"no\"><div class=\"su-spoiler-title\" tabindex=\"0\" role=\"button\"><span class=\"su-spoiler-icon\"><\/span>Ouverture \u00e0 l\u2019international<\/div><div class=\"su-spoiler-content su-u-clearfix su-u-trim\">L\u2019\u00e9tudiant a la possibilit\u00e9 d\u2019effectuer un semestre ou une ann\u00e9e \u00e0 l\u2019\u00e9tranger dans le cadre des programmes CREPUQ (pour le Qu\u00e9bec) et <a href=\"https:\/\/www.fst.uha.fr\/index.php\/international\/\">Erasmus+<\/a>. L\u2019Universit\u00e9 dispose d\u2019un grand nombre d\u2019accords avec des universit\u00e9s en Allemagne, Belgique, Espagne, Italie, Su\u00e8de\u2026<br \/>\nL\u2019\u00e9tudiant b\u00e9n\u00e9ficiera d\u2019une bourse et d\u2019une validation automatique des cr\u00e9dits acquis \u00e0 l\u2019\u00e9tranger.<\/p>\n<p>Dans le cadre d&rsquo;<a href=\"https:\/\/www.fst.uha.fr\/index.php\/international\/\">Eucor &#8211; Le Campus europ\u00e9en<\/a>, l\u2019\u00e9tudiant peut, s\u2019il le souhaite, suivre une UE libre en Allemagne.<\/p>\n<p>Pour plus de renseignements, consultez la rubrique <a href=\"https:\/\/www.fst.uha.fr\/index.php\/international\/\">International<\/a><\/p>\n<\/div><\/div>\n<div class=\"su-spoiler su-spoiler-style-fancy su-spoiler-icon-plus-circle su-spoiler-closed\" data-scroll-offset=\"0\" data-anchor-in-url=\"no\"><div class=\"su-spoiler-title\" tabindex=\"0\" role=\"button\"><span class=\"su-spoiler-icon\"><\/span>Les plus de la formation<\/div><div class=\"su-spoiler-content su-u-clearfix su-u-trim\">\n<ul>\n<li>Le taux de placement des dipl\u00f4m\u00e9s sortants de cursus Math\u00e9matiques est le plus \u00e9lev\u00e9 parmi toutes les disciplines, il se rapproche des 100%.<\/li>\n<li>Tr\u00e8s bons r\u00e9sultats de nos dipl\u00f4m\u00e9s durant leur poursuite d\u2019\u00e9tudes (Masters, &#8230;).<\/li>\n<li>Les nombreuses possibilit\u00e9s de poursuites d\u2019\u00e9tudes et les d\u00e9bouch\u00e9s correspondants (voir Poursuites d&rsquo;\u00e9tudes).<\/li>\n<li>\u00c9quipe p\u00e9dagogique dynamique et tr\u00e8s impliqu\u00e9e constitu\u00e9e d\u2019enseignants-chercheurs membres de l\u2019Institut de Recherche en Informatique, Math\u00e9matiques, Automatique et Signal (IRIMAS).<\/li>\n<li>Promotions \u00e0 petits effectifs (actuellement 20 \u00e9tudiants en 2<sup>\u00e8me<\/sup> ann\u00e9e et 15 en 3<sup>\u00e8me<\/sup> ann\u00e9e).<\/li>\n<li>Les enseignements de premi\u00e8re ann\u00e9e se d\u00e9roulent en petits groupes (Cours int\u00e9gr\u00e9) avec un seul enseignant.<\/li>\n<li>Un enseignant r\u00e9f\u00e9rent accompagne chaque \u00e9tudiant qui le souhaite tout au long de sa 1<sup>\u00e8re<\/sup> ann\u00e9e.<\/li>\n<li>Un tutorat est organis\u00e9 pour les \u00e9tudiants de 1<sup>\u00e8re<\/sup> ann\u00e9e qui le souhaitent.<\/li>\n<li>Possibilit\u00e9 d\u2019effectuer un ou deux semestres \u00e0 l\u2019\u00e9tranger dans le cadre des programmes Erasmus+ (pour l\u2019Europe) ou CREPUQ (pour le Qu\u00e9bec).<\/li>\n<\/ul>\n<\/div><\/div>\n<\/div>\n<\/div><\/div>\n<div class=\"su-column su-column-size-1-4\"><div class=\"su-column-inner su-u-clearfix su-u-trim\">\n<p><img loading=\"lazy\" decoding=\"async\" class=\"alignnone size-medium wp-image-3575\" src=\"https:\/\/www.fst.uha.fr\/wp-content\/uploads\/2022\/12\/DL_01_DNL_blanc-260x300.png\" alt=\"\" width=\"260\" height=\"300\" srcset=\"https:\/\/www.fst.uha.fr\/wp-content\/uploads\/2022\/12\/DL_01_DNL_blanc-260x300.png 260w, https:\/\/www.fst.uha.fr\/wp-content\/uploads\/2022\/12\/DL_01_DNL_blanc.png 600w\" sizes=\"auto, (max-width: 260px) 100vw, 260px\" \/><\/p>\n<h2>Responsable<\/h2>\n<p>Monsieur Mohamed El Amine HADJAR<br \/>\n<a href=\"mailto:mohamed.hadjar@uha.fr\">mohamed.hadjar@uha.fr<\/a><br \/>\n<div class=\"su-divider su-divider-style-default\" style=\"margin:15px 0;border-width:3px;border-color:#999999\"><\/div>\n<h4><strong>Scolarit\u00e9<\/strong><\/h4>\n<p>Madame Hasiba DOUAKHA<br \/>\nCourriel : <a href=\"mailto:hasiba.douakha@uha.fr\">hasiba.douakha@uha.fr<\/a><br \/>\nT\u00e9l. : <a href=\"tel:0389336263\">+33 (0)3 89 33 62 63<\/a><div class=\"su-divider su-divider-style-default\" style=\"margin:15px 0;border-width:3px;border-color:#999999\"><\/div>\n<h2>En savoir plus<\/h2>\n<ul>\n<li>Programme d\u00e9taill\u00e9 de la licence de Math\u00e9matiques<\/li>\n<li><a href=\"https:\/\/www.fst.uha.fr\/wp-content\/uploads\/2025\/12\/Plaquette-Licence-Maths.pdf\" target=\"_blank\" rel=\"noopener\">Plaquette licence de math\u00e9matiques<\/a><\/li>\n<li>Comp\u00e9tences du dipl\u00f4m\u00e9<\/li>\n<li>Les comp\u00e9tences du parcours math\u00e9matiques<\/li>\n<li><a href=\"http:\/\/www.onisep.fr\/Publications\/Zoom\/Les-metiers-des-mathematiques-et-de-l-informatique\">Les m\u00e9tiers des math\u00e9matiques et de l&rsquo;informatique<\/a><\/li>\n<li><a href=\"https:\/\/www.faq2sciences.fr\">Tester votre niveau en math\u00e9matiques <\/a><\/li>\n<li><a href=\"https:\/\/www.francecompetences.fr\/recherche\/rncp\/40113\/\" target=\"_blank\" rel=\"noopener\">Certification RNCP \u2013 France comp\u00e9tences<\/a><\/li>\n<\/ul>\n<\/div><\/div><\/div>\n","protected":false},"excerpt":{"rendered":"<p>Licences &gt; Licence de Math\u00e9matiques Lien vers la formation sur PARCOURSUP 2026<\/p>\n","protected":false},"author":1,"featured_media":0,"parent":85,"menu_order":0,"comment_status":"closed","ping_status":"closed","template":"","meta":{"footnotes":""},"categories":[],"tags":[],"class_list":["post-152","page","type-page","status-publish","hentry"],"yoast_head":"<!-- This site is optimized with the Yoast SEO plugin v27.0 - https:\/\/yoast.com\/product\/yoast-seo-wordpress\/ -->\n<title>Licence de Math\u00e9matiques - FST - Facult\u00e9 des Sciences et Techniques | Universit\u00e9 de Haute-Alsace<\/title>\n<meta name=\"robots\" content=\"index, follow, max-snippet:-1, max-image-preview:large, max-video-preview:-1\" \/>\n<link rel=\"canonical\" href=\"https:\/\/www.fst.uha.fr\/index.php\/formations\/licences\/licence-de-mathematiques\/\" \/>\n<meta property=\"og:locale\" content=\"fr_FR\" \/>\n<meta property=\"og:type\" content=\"article\" \/>\n<meta property=\"og:title\" content=\"Licence de Math\u00e9matiques - FST - Facult\u00e9 des Sciences et Techniques | Universit\u00e9 de Haute-Alsace\" \/>\n<meta property=\"og:description\" content=\"Licences &gt; Licence de Math\u00e9matiques Lien vers la formation sur PARCOURSUP 2026\" \/>\n<meta property=\"og:url\" content=\"https:\/\/www.fst.uha.fr\/index.php\/formations\/licences\/licence-de-mathematiques\/\" \/>\n<meta property=\"og:site_name\" content=\"FST - Facult\u00e9 des Sciences et Techniques | Universit\u00e9 de Haute-Alsace\" \/>\n<meta property=\"article:modified_time\" content=\"2026-01-23T08:54:04+00:00\" \/>\n<meta property=\"og:image\" content=\"https:\/\/www.fst.uha.fr\/wp-content\/uploads\/2025\/09\/banniere-maths.jpg\" \/>\n\t<meta property=\"og:image:width\" content=\"1920\" \/>\n\t<meta property=\"og:image:height\" content=\"500\" \/>\n\t<meta property=\"og:image:type\" content=\"image\/jpeg\" \/>\n<meta name=\"twitter:card\" content=\"summary_large_image\" \/>\n<meta name=\"twitter:label1\" content=\"Dur\u00e9e de lecture estim\u00e9e\" \/>\n\t<meta name=\"twitter:data1\" content=\"6 minutes\" \/>\n<script type=\"application\/ld+json\" class=\"yoast-schema-graph\">{\"@context\":\"https:\/\/schema.org\",\"@graph\":[{\"@type\":\"WebPage\",\"@id\":\"https:\/\/www.fst.uha.fr\/index.php\/formations\/licences\/licence-de-mathematiques\/\",\"url\":\"https:\/\/www.fst.uha.fr\/index.php\/formations\/licences\/licence-de-mathematiques\/\",\"name\":\"Licence de Math\u00e9matiques - FST - Facult\u00e9 des Sciences et Techniques | Universit\u00e9 de Haute-Alsace\",\"isPartOf\":{\"@id\":\"https:\/\/www.fst.uha.fr\/#website\"},\"primaryImageOfPage\":{\"@id\":\"https:\/\/www.fst.uha.fr\/index.php\/formations\/licences\/licence-de-mathematiques\/#primaryimage\"},\"image\":{\"@id\":\"https:\/\/www.fst.uha.fr\/index.php\/formations\/licences\/licence-de-mathematiques\/#primaryimage\"},\"thumbnailUrl\":\"https:\/\/www.fst.uha.fr\/wp-content\/uploads\/2025\/09\/banniere-maths.jpg\",\"datePublished\":\"2018-04-25T13:58:06+00:00\",\"dateModified\":\"2026-01-23T08:54:04+00:00\",\"breadcrumb\":{\"@id\":\"https:\/\/www.fst.uha.fr\/index.php\/formations\/licences\/licence-de-mathematiques\/#breadcrumb\"},\"inLanguage\":\"fr-FR\",\"potentialAction\":[{\"@type\":\"ReadAction\",\"target\":[\"https:\/\/www.fst.uha.fr\/index.php\/formations\/licences\/licence-de-mathematiques\/\"]}]},{\"@type\":\"ImageObject\",\"inLanguage\":\"fr-FR\",\"@id\":\"https:\/\/www.fst.uha.fr\/index.php\/formations\/licences\/licence-de-mathematiques\/#primaryimage\",\"url\":\"https:\/\/www.fst.uha.fr\/wp-content\/uploads\/2025\/09\/banniere-maths.jpg\",\"contentUrl\":\"https:\/\/www.fst.uha.fr\/wp-content\/uploads\/2025\/09\/banniere-maths.jpg\",\"width\":1920,\"height\":500},{\"@type\":\"BreadcrumbList\",\"@id\":\"https:\/\/www.fst.uha.fr\/index.php\/formations\/licences\/licence-de-mathematiques\/#breadcrumb\",\"itemListElement\":[{\"@type\":\"ListItem\",\"position\":1,\"name\":\"Accueil\",\"item\":\"https:\/\/www.fst.uha.fr\/\"},{\"@type\":\"ListItem\",\"position\":2,\"name\":\"Nos formations\",\"item\":\"https:\/\/www.fst.uha.fr\/index.php\/formations\/\"},{\"@type\":\"ListItem\",\"position\":3,\"name\":\"Licences\",\"item\":\"https:\/\/www.fst.uha.fr\/index.php\/formations\/licences\/\"},{\"@type\":\"ListItem\",\"position\":4,\"name\":\"Licence de Math\u00e9matiques\"}]},{\"@type\":\"WebSite\",\"@id\":\"https:\/\/www.fst.uha.fr\/#website\",\"url\":\"https:\/\/www.fst.uha.fr\/\",\"name\":\"FST - Facult\u00e9 des Sciences et Techniques | Universit\u00e9 de Haute-Alsace\",\"description\":\"Campus Illberg | Universit\u00e9 de Haute-Alsace\",\"potentialAction\":[{\"@type\":\"SearchAction\",\"target\":{\"@type\":\"EntryPoint\",\"urlTemplate\":\"https:\/\/www.fst.uha.fr\/?s={search_term_string}\"},\"query-input\":{\"@type\":\"PropertyValueSpecification\",\"valueRequired\":true,\"valueName\":\"search_term_string\"}}],\"inLanguage\":\"fr-FR\"}]}<\/script>\n<!-- \/ Yoast SEO plugin. -->","yoast_head_json":{"title":"Licence de Math\u00e9matiques - FST - Facult\u00e9 des Sciences et Techniques | Universit\u00e9 de Haute-Alsace","robots":{"index":"index","follow":"follow","max-snippet":"max-snippet:-1","max-image-preview":"max-image-preview:large","max-video-preview":"max-video-preview:-1"},"canonical":"https:\/\/www.fst.uha.fr\/index.php\/formations\/licences\/licence-de-mathematiques\/","og_locale":"fr_FR","og_type":"article","og_title":"Licence de Math\u00e9matiques - FST - Facult\u00e9 des Sciences et Techniques | Universit\u00e9 de Haute-Alsace","og_description":"Licences &gt; Licence de Math\u00e9matiques Lien vers la formation sur PARCOURSUP 2026","og_url":"https:\/\/www.fst.uha.fr\/index.php\/formations\/licences\/licence-de-mathematiques\/","og_site_name":"FST - Facult\u00e9 des Sciences et Techniques | Universit\u00e9 de Haute-Alsace","article_modified_time":"2026-01-23T08:54:04+00:00","og_image":[{"width":1920,"height":500,"url":"https:\/\/www.fst.uha.fr\/wp-content\/uploads\/2025\/09\/banniere-maths.jpg","type":"image\/jpeg"}],"twitter_card":"summary_large_image","twitter_misc":{"Dur\u00e9e de lecture estim\u00e9e":"6 minutes"},"schema":{"@context":"https:\/\/schema.org","@graph":[{"@type":"WebPage","@id":"https:\/\/www.fst.uha.fr\/index.php\/formations\/licences\/licence-de-mathematiques\/","url":"https:\/\/www.fst.uha.fr\/index.php\/formations\/licences\/licence-de-mathematiques\/","name":"Licence de Math\u00e9matiques - FST - Facult\u00e9 des Sciences et Techniques | Universit\u00e9 de Haute-Alsace","isPartOf":{"@id":"https:\/\/www.fst.uha.fr\/#website"},"primaryImageOfPage":{"@id":"https:\/\/www.fst.uha.fr\/index.php\/formations\/licences\/licence-de-mathematiques\/#primaryimage"},"image":{"@id":"https:\/\/www.fst.uha.fr\/index.php\/formations\/licences\/licence-de-mathematiques\/#primaryimage"},"thumbnailUrl":"https:\/\/www.fst.uha.fr\/wp-content\/uploads\/2025\/09\/banniere-maths.jpg","datePublished":"2018-04-25T13:58:06+00:00","dateModified":"2026-01-23T08:54:04+00:00","breadcrumb":{"@id":"https:\/\/www.fst.uha.fr\/index.php\/formations\/licences\/licence-de-mathematiques\/#breadcrumb"},"inLanguage":"fr-FR","potentialAction":[{"@type":"ReadAction","target":["https:\/\/www.fst.uha.fr\/index.php\/formations\/licences\/licence-de-mathematiques\/"]}]},{"@type":"ImageObject","inLanguage":"fr-FR","@id":"https:\/\/www.fst.uha.fr\/index.php\/formations\/licences\/licence-de-mathematiques\/#primaryimage","url":"https:\/\/www.fst.uha.fr\/wp-content\/uploads\/2025\/09\/banniere-maths.jpg","contentUrl":"https:\/\/www.fst.uha.fr\/wp-content\/uploads\/2025\/09\/banniere-maths.jpg","width":1920,"height":500},{"@type":"BreadcrumbList","@id":"https:\/\/www.fst.uha.fr\/index.php\/formations\/licences\/licence-de-mathematiques\/#breadcrumb","itemListElement":[{"@type":"ListItem","position":1,"name":"Accueil","item":"https:\/\/www.fst.uha.fr\/"},{"@type":"ListItem","position":2,"name":"Nos formations","item":"https:\/\/www.fst.uha.fr\/index.php\/formations\/"},{"@type":"ListItem","position":3,"name":"Licences","item":"https:\/\/www.fst.uha.fr\/index.php\/formations\/licences\/"},{"@type":"ListItem","position":4,"name":"Licence de Math\u00e9matiques"}]},{"@type":"WebSite","@id":"https:\/\/www.fst.uha.fr\/#website","url":"https:\/\/www.fst.uha.fr\/","name":"FST - Facult\u00e9 des Sciences et Techniques | Universit\u00e9 de Haute-Alsace","description":"Campus Illberg | Universit\u00e9 de Haute-Alsace","potentialAction":[{"@type":"SearchAction","target":{"@type":"EntryPoint","urlTemplate":"https:\/\/www.fst.uha.fr\/?s={search_term_string}"},"query-input":{"@type":"PropertyValueSpecification","valueRequired":true,"valueName":"search_term_string"}}],"inLanguage":"fr-FR"}]}},"_links":{"self":[{"href":"https:\/\/www.fst.uha.fr\/index.php\/wp-json\/wp\/v2\/pages\/152","targetHints":{"allow":["GET"]}}],"collection":[{"href":"https:\/\/www.fst.uha.fr\/index.php\/wp-json\/wp\/v2\/pages"}],"about":[{"href":"https:\/\/www.fst.uha.fr\/index.php\/wp-json\/wp\/v2\/types\/page"}],"author":[{"embeddable":true,"href":"https:\/\/www.fst.uha.fr\/index.php\/wp-json\/wp\/v2\/users\/1"}],"replies":[{"embeddable":true,"href":"https:\/\/www.fst.uha.fr\/index.php\/wp-json\/wp\/v2\/comments?post=152"}],"version-history":[{"count":48,"href":"https:\/\/www.fst.uha.fr\/index.php\/wp-json\/wp\/v2\/pages\/152\/revisions"}],"predecessor-version":[{"id":5388,"href":"https:\/\/www.fst.uha.fr\/index.php\/wp-json\/wp\/v2\/pages\/152\/revisions\/5388"}],"up":[{"embeddable":true,"href":"https:\/\/www.fst.uha.fr\/index.php\/wp-json\/wp\/v2\/pages\/85"}],"wp:attachment":[{"href":"https:\/\/www.fst.uha.fr\/index.php\/wp-json\/wp\/v2\/media?parent=152"}],"wp:term":[{"taxonomy":"category","embeddable":true,"href":"https:\/\/www.fst.uha.fr\/index.php\/wp-json\/wp\/v2\/categories?post=152"},{"taxonomy":"post_tag","embeddable":true,"href":"https:\/\/www.fst.uha.fr\/index.php\/wp-json\/wp\/v2\/tags?post=152"}],"curies":[{"name":"wp","href":"https:\/\/api.w.org\/{rel}","templated":true}]}}