{"id":154,"date":"2018-04-25T15:58:22","date_gmt":"2018-04-25T13:58:22","guid":{"rendered":"https:\/\/www.fst.uha.fr\/?page_id=154"},"modified":"2026-05-12T10:20:20","modified_gmt":"2026-05-12T08:20:20","slug":"licence-dinformatique","status":"publish","type":"page","link":"https:\/\/www.fst.uha.fr\/index.php\/formations\/licences\/licence-dinformatique\/","title":{"rendered":"Licence d&rsquo;Informatique \/ MIAGE"},"content":{"rendered":"<p><a href=\"https:\/\/www.fst.uha.fr\/index.php\/formations\/\">Licences<\/a> &gt; <strong>Licence d&rsquo;Informatique \/ MIAGE<br \/>\n<\/strong><\/p>\n<p>Lien vers la <a href=\"https:\/\/dossier.parcoursup.fr\/Candidats\/public\/fiches\/afficherFicheFormation?g_ta_cod=15248&amp;typeBac=0\" target=\"_blank\" rel=\"noopener noreferrer\">formation sur PARCOURSUP 2026<\/a><\/p>\n<p><img loading=\"lazy\" decoding=\"async\" class=\"alignnone size-full wp-image-343\" src=\"https:\/\/www.fst.uha.fr\/wp-content\/uploads\/2018\/04\/info.png\" alt=\"\" width=\"1920\" height=\"501\" srcset=\"https:\/\/www.fst.uha.fr\/wp-content\/uploads\/2018\/04\/info.png 1920w, https:\/\/www.fst.uha.fr\/wp-content\/uploads\/2018\/04\/info-300x78.png 300w, https:\/\/www.fst.uha.fr\/wp-content\/uploads\/2018\/04\/info-768x200.png 768w, https:\/\/www.fst.uha.fr\/wp-content\/uploads\/2018\/04\/info-1024x267.png 1024w\" sizes=\"auto, (max-width: 1920px) 100vw, 1920px\" \/><\/p>\n<div class=\"su-row\"><div class=\"su-column su-column-size-3-4\"><div class=\"su-column-inner su-u-clearfix su-u-trim\">\n<h2>Pr\u00e9sentation<\/h2>\n<p>La licence d&rsquo;informatique propose une formation universitaire formant des \u00e9tudiants ayant une bonne culture de base disciplinaire en informatique (notamment en algorithmique et programmation), en math\u00e9matiques et poss\u00e9dant des comp\u00e9tences transversales en m\u00e9thodologie, communication et langues \u00e9trang\u00e8res (anglais et allemand).<\/p>\n<h2>Objectifs<\/h2>\n<p>Les deux parcours (Informatique, MIAGE) proposent une formation de haut niveau en informatique, permettant \u00e0 un \u00e9tudiant dipl\u00f4m\u00e9 soit de poursuivre ses \u00e9tudes en Master, soit de s&rsquo;int\u00e9grer dans la vie active.<\/p>\n<p>Ils forment des informaticiens poss\u00e9dant, en plus d&rsquo;une bonne culture de base en informatique et en math\u00e9matiques, de solides comp\u00e9tences th\u00e9oriques et pratiques dans les principaux domaines de l\u2019informatique suivants : algorithmique et programmation, d\u00e9veloppement logiciel, conception et gestion de bases de donn\u00e9es.<\/p>\n<ul>\n<li>Le parcours Informatique renforce et \u00e9tend la culture de base en informatique th\u00e9orique des \u00e9tudiants.<\/li>\n<li>Le parcours MIAGE leur apporte des comp\u00e9tences suppl\u00e9mentaires en gestion des entreprises.<\/li>\n<\/ul>\n<p>L&rsquo;objectif principal est la poursuite d&rsquo;\u00e9tude en Master (voir section Poursuite d\u2019\u00e9tudes)<br \/>\n<div class=\"su-accordion su-u-trim\">\n<div class=\"su-spoiler su-spoiler-style-fancy su-spoiler-icon-plus-circle su-spoiler-closed\" data-scroll-offset=\"0\" data-anchor-in-url=\"no\"><div class=\"su-spoiler-title\" tabindex=\"0\" role=\"button\"><span class=\"su-spoiler-icon\"><\/span>Admission<\/div><div class=\"su-spoiler-content su-u-clearfix su-u-trim\">\n<p>La L1 est accessible aux \u00e9tudiants titulaires d\u2019un baccalaur\u00e9at g\u00e9n\u00e9ral de type scientifique.<\/p>\n<p>Lien vers la formation sur PARCOURSUP 2026 :<a href=\"https:\/\/dossier.parcoursup.fr\/Candidats\/public\/fiches\/afficherFicheFormation?g_ta_cod=15248&amp;typeBac=0\" target=\"_blank\" rel=\"noopener noreferrer\"> Cliquer ici.<\/a><\/p>\n<ul>\n<li>accessibles aux \u00e9tudiants \u00e9trangers \u00e9tudiant \u00e0 l\u2019\u00e9tranger via une candidature <a href=\"https:\/\/www.campusfrance.org\/fr\">Campus France<\/a>.<\/li>\n<\/ul>\n<p>La L2 et la L3 sont \u00e9galement accessibles aux \u00e9tudiants de licences d\u2019universit\u00e9s fran\u00e7aises (mention ou parcours informatique)<\/p>\n<p>Mais sont aussi accessibles aux \u00e9tudiants ayant un BTS ou un DUT informatique :<\/p>\n<ul>\n<li>en L2 : BTS IRIS, BTS SIO, DUT R&amp;T, DUT Informatique<\/li>\n<li>en L3 : DUT Informatique<\/li>\n<\/ul>\n<p>uniquement par dossier \u00e9lectronique sur la plateforme <a href=\"https:\/\/ecandidat.uha.fr\" target=\"_blank\" rel=\"noopener\">e-candidat.uha.fr<\/a> (p\u00e9riode de candidature de mi avril \u00e0 fin mai 2023).<\/p>\n<p>La MIAGE est une formation s\u00e9lective et l\u2019entr\u00e9e en L3 parcours MIAGE se fait sur dossier de candidature, m\u00eame pour les \u00e9tudiants venant du L2 de la licence.<\/p>\n<\/div><\/div>\n<div class=\"su-spoiler su-spoiler-style-fancy su-spoiler-icon-plus-circle su-spoiler-closed\" data-scroll-offset=\"0\" data-anchor-in-url=\"no\"><div class=\"su-spoiler-title\" tabindex=\"0\" role=\"button\"><span class=\"su-spoiler-icon\"><\/span>Poursuite d\u2019\u00e9tudes<\/div><div class=\"su-spoiler-content su-u-clearfix su-u-trim\">La poursuite naturelle d\u2019\u00e9tudes est la poursuite d&rsquo;\u00e9tudes en Master :<\/p>\n<ul>\n<li>parcours Informatique : Master MIAGE, Master Informatique, notamment le parcours IM (Informatique Mobilit\u00e9) du Master Informatique co-acr\u00e9dit\u00e9 avec l&rsquo;<a href=\"http:\/\/www.unistra.fr\/index.php?id=accueil&amp;utm_source=unistra_fr&amp;utm_medium=unistra_fr_homepage\">Unistra<\/a>,<\/li>\n<li>parcours MIAGE : Master MIAGE \u2013 notamment celui de la FST, parcours IM du Master Informatique<\/li>\n<\/ul>\n<p>Les \u00e9tudiants qui souhaitent faire des \u00e9tudes courtes ont la possibilit\u00e9 d&rsquo;int\u00e9grer une Licence Professionnelle apr\u00e8s le L2 (en particulier la Licence Professionnelle Webdesigner-Webd\u00e9veloppeur de l\u2019<a href=\"http:\/\/www.iutmulhouse.uha.fr\/\">IUT de Mulhouse<\/a>) ou d&rsquo;int\u00e9grer le monde du travail apr\u00e8s le stage en entreprise de fin d&rsquo;\u00e9tudes de L3.<br \/>\n<\/div><\/div>\n<div class=\"su-spoiler su-spoiler-style-fancy su-spoiler-icon-plus-circle su-spoiler-closed\" data-scroll-offset=\"0\" data-anchor-in-url=\"no\"><div class=\"su-spoiler-title\" tabindex=\"0\" role=\"button\"><span class=\"su-spoiler-icon\"><\/span>Modalit\u00e9s d\u2019enseignements<\/div><div class=\"su-spoiler-content su-u-clearfix su-u-trim\">Les parcours Informatiques sont organis\u00e9s en pr\u00e9sentiel. Les modalit\u00e9s pr\u00e9cises d&rsquo;enseignement varient selon les UE.<\/p>\n<p>Les enseignements de la L1 ont lieu principalement sous forme d&rsquo;enseignements int\u00e9gr\u00e9s (les \u00e9tudiants sont r\u00e9partis en groupes de TD et le cours est distill\u00e9 par petites \u00e9tapes au fur et \u00e0 mesure des besoins p\u00e9dagogiques). Les enseignements en informatique comprennent syst\u00e9matiquement des TP sur machine.<\/p>\n<p>Les enseignements de la L2 et de la L3 ont lieu sous des modalit\u00e9s diverses : enseignement int\u00e9gr\u00e9, enseignement cours\/TD\/TP, p\u00e9dagogie par projet, classe invers\u00e9e, jeu s\u00e9rieux\u2026 Ils comportent aussi des projets tutor\u00e9s obligatoires. Les enseignements en informatique comprennent syst\u00e9matiquement des s\u00e9ances sur machine et certains enseignements en math\u00e9matiques vont comporter des s\u00e9ances d\u2019utilisation de logiciels scientifiques (de calcul formel p.ex.).<br \/>\n<\/div><\/div>\n<div class=\"su-spoiler su-spoiler-style-fancy su-spoiler-icon-plus-circle su-spoiler-closed\" data-scroll-offset=\"0\" data-anchor-in-url=\"no\"><div class=\"su-spoiler-title\" tabindex=\"0\" role=\"button\"><span class=\"su-spoiler-icon\"><\/span>Programme<\/div><div class=\"su-spoiler-content su-u-clearfix su-u-trim\">Les parcours sont organis\u00e9s pendant les trois ann\u00e9es \u00e0 la FST suivant un sch\u00e9ma de sp\u00e9cialisation progressive :<\/p>\n<ul>\n<li>L1 : la premi\u00e8re ann\u00e9e est commune \u00e0 tous les parcours de la mention Informatique (parcours informatiques et parcours math\u00e9matiques) et comporte un socle commun avec les autres mentions de licences scientifiques de la FST ; ce socle commun comprend des mati\u00e8res scientifiques (math\u00e9matiques, informatique, physique) et des mati\u00e8res transversales (m\u00e9thodologie, expression, langues)<\/li>\n<li>L2 : lors de cette deuxi\u00e8me ann\u00e9e, une s\u00e9paration s&rsquo;op\u00e8re entre le parcours Math\u00e9matiques et les parcours informatiques (Informatique et MIAGE) ; ils partagent un socle commun important d\u2019UE en informatique, math\u00e9matiques et mati\u00e8res transversales, et comportent chacun des UE sp\u00e9cifiques<\/li>\n<li>L3 : lors de cette troisi\u00e8me ann\u00e9e, une s\u00e9paration s&rsquo;op\u00e8re entre le parcours Informatique et le parcours MIAGE ; ils partagent un socle commun important d\u2019UE d\u2019informatique et d\u2019UE transversales ; le parcours Informatique comporte en plus des UE d\u2019informatique et le parcours MIAGE comporte en plus des UE de gestion.<\/li>\n<\/ul>\n<\/div><\/div>\n<div class=\"su-spoiler su-spoiler-style-fancy su-spoiler-icon-plus-circle su-spoiler-closed\" data-scroll-offset=\"0\" data-anchor-in-url=\"no\"><div class=\"su-spoiler-title\" tabindex=\"0\" role=\"button\"><span class=\"su-spoiler-icon\"><\/span>Stage<\/div><div class=\"su-spoiler-content su-u-clearfix su-u-trim\">Le parcours Informatique comporte en fin de L3 un stage obligatoire en laboratoire de recherche ou en entreprise d&rsquo;une dur\u00e9e de deux \u00e0 quatre mois.<\/p>\n<p>Le parcours MIAGE comporte lui en fin de L3 un stage obligatoire en entreprise d&rsquo;une dur\u00e9e de trois \u00e0 quatre mois.<br \/>\n<\/div><\/div>\n<\/div>\n<\/div><\/div>\n<div class=\"su-column su-column-size-1-4\"><div class=\"su-column-inner su-u-clearfix su-u-trim\">\n<p><img loading=\"lazy\" decoding=\"async\" class=\"alignnone size-medium wp-image-3575\" src=\"https:\/\/www.fst.uha.fr\/wp-content\/uploads\/2022\/12\/DL_01_DNL_blanc-260x300.png\" alt=\"\" width=\"260\" height=\"300\" srcset=\"https:\/\/www.fst.uha.fr\/wp-content\/uploads\/2022\/12\/DL_01_DNL_blanc-260x300.png 260w, https:\/\/www.fst.uha.fr\/wp-content\/uploads\/2022\/12\/DL_01_DNL_blanc.png 600w\" sizes=\"auto, (max-width: 260px) 100vw, 260px\" \/><\/p>\n<h4>Campus Illberg &#8211; Mulhouse<\/h4>\n<h2>Responsable<\/h2>\n<p>Monsieur St\u00e9phane RIVIERE (parcours informatique)<br \/>\nCourriel : <a href=\"mailto:stephane.riviere@uha.fr\">stephane.riviere@uha.fr<\/a><\/p>\n<p>Monsieur Bruno ADAM (parcours MIAGE)<br \/>\nCourriel : <a href=\"mailto:bruno.adam@uha.fr\" target=\"_blank\" rel=\"noopener\">bruno.adam@uha.fr<\/a><br \/>\n<div class=\"su-divider su-divider-style-default\" style=\"margin:15px 0;border-width:3px;border-color:#999999\"><\/div>\n<h2>Scolarit\u00e9<\/h2>\n<p>Madame Patricia BONTE<br \/>\nCourriel : <a href=\"mailto:patricia.bonte@uha.fr\">patricia.bonte@uha.fr\u00a0<\/a><br \/>\nT\u00e9l. : <a href=\"tel:0389336086\">+33 (0)3 89 33 60 86<\/a><div class=\"su-divider su-divider-style-default\" style=\"margin:15px 0;border-width:3px;border-color:#999999\"><\/div>\n<h2>En savoir plus<\/h2>\n<ul>\n<li><a href=\"https:\/\/www.fst.uha.fr\/wp-content\/uploads\/2025\/01\/Plaquette-Licence-infomiage.pdf\" target=\"_blank\" rel=\"noopener noreferrer\">Plaquette de licence informatique \/ MIAGE<\/a><\/li>\n<li><a href=\"https:\/\/www.fst.uha.fr\/wp-content\/uploads\/2018\/06\/Programme-d\u00e9taill\u00e9-licence-MIAGE.pdf\">Programme d\u00e9taill\u00e9 de la licence Informatique parcours MIAGE<\/a><\/li>\n<li><a href=\"https:\/\/www.fst.uha.fr\/wp-content\/uploads\/2019\/03\/Programme-d\u00e9taill\u00e9-licence-Informatique.pdf\">Programme d\u00e9taill\u00e9 de la licence Informatique parcours Informatique<\/a><\/li>\n<li><a href=\"http:\/\/www.miage.fst.uha.fr\/formation\/licence-3\/\">Site internet <\/a><\/li>\n<li><a href=\"https:\/\/www.francecompetences.fr\/recherche\/rncp\/40116\/\" target=\"_blank\" rel=\"noopener\">Certification RNCP \u2013 France comp\u00e9tences<\/a><\/li>\n<\/ul>\n<\/div><\/div><\/div>\n","protected":false},"excerpt":{"rendered":"<p>Licences &gt; Licence d&rsquo;Informatique \/ MIAGE Lien vers la formation sur PARCOURSUP 2026<\/p>\n","protected":false},"author":1,"featured_media":0,"parent":85,"menu_order":0,"comment_status":"closed","ping_status":"closed","template":"","meta":{"footnotes":""},"categories":[],"tags":[],"class_list":["post-154","page","type-page","status-publish","hentry"],"yoast_head":"<!-- This site is optimized with the Yoast SEO plugin v27.4 - https:\/\/yoast.com\/product\/yoast-seo-wordpress\/ -->\n<title>Licence d&#039;Informatique \/ MIAGE - FST - Facult\u00e9 des Sciences et Techniques | Universit\u00e9 de Haute-Alsace<\/title>\n<meta name=\"robots\" content=\"index, follow, max-snippet:-1, max-image-preview:large, max-video-preview:-1\" \/>\n<link rel=\"canonical\" href=\"https:\/\/www.fst.uha.fr\/index.php\/formations\/licences\/licence-dinformatique\/\" \/>\n<meta property=\"og:locale\" content=\"fr_FR\" \/>\n<meta property=\"og:type\" content=\"article\" \/>\n<meta property=\"og:title\" content=\"Licence d&#039;Informatique \/ MIAGE - FST - Facult\u00e9 des Sciences et Techniques | Universit\u00e9 de Haute-Alsace\" \/>\n<meta property=\"og:description\" content=\"Licences &gt; Licence d&rsquo;Informatique \/ MIAGE Lien vers la formation sur PARCOURSUP 2026\" \/>\n<meta property=\"og:url\" content=\"https:\/\/www.fst.uha.fr\/index.php\/formations\/licences\/licence-dinformatique\/\" \/>\n<meta property=\"og:site_name\" content=\"FST - Facult\u00e9 des Sciences et Techniques | Universit\u00e9 de Haute-Alsace\" \/>\n<meta property=\"article:modified_time\" content=\"2026-05-12T08:20:20+00:00\" \/>\n<meta property=\"og:image\" content=\"https:\/\/www.fst.uha.fr\/wp-content\/uploads\/2018\/04\/info.png\" \/>\n\t<meta property=\"og:image:width\" content=\"1920\" \/>\n\t<meta property=\"og:image:height\" content=\"501\" \/>\n\t<meta property=\"og:image:type\" content=\"image\/png\" \/>\n<meta name=\"twitter:card\" content=\"summary_large_image\" \/>\n<meta name=\"twitter:label1\" content=\"Dur\u00e9e de lecture estim\u00e9e\" \/>\n\t<meta name=\"twitter:data1\" content=\"5 minutes\" \/>\n<script type=\"application\/ld+json\" class=\"yoast-schema-graph\">{\"@context\":\"https:\\\/\\\/schema.org\",\"@graph\":[{\"@type\":\"WebPage\",\"@id\":\"https:\\\/\\\/www.fst.uha.fr\\\/index.php\\\/formations\\\/licences\\\/licence-dinformatique\\\/\",\"url\":\"https:\\\/\\\/www.fst.uha.fr\\\/index.php\\\/formations\\\/licences\\\/licence-dinformatique\\\/\",\"name\":\"Licence d'Informatique \\\/ MIAGE - FST - Facult\u00e9 des Sciences et Techniques | Universit\u00e9 de Haute-Alsace\",\"isPartOf\":{\"@id\":\"https:\\\/\\\/www.fst.uha.fr\\\/#website\"},\"primaryImageOfPage\":{\"@id\":\"https:\\\/\\\/www.fst.uha.fr\\\/index.php\\\/formations\\\/licences\\\/licence-dinformatique\\\/#primaryimage\"},\"image\":{\"@id\":\"https:\\\/\\\/www.fst.uha.fr\\\/index.php\\\/formations\\\/licences\\\/licence-dinformatique\\\/#primaryimage\"},\"thumbnailUrl\":\"https:\\\/\\\/www.fst.uha.fr\\\/wp-content\\\/uploads\\\/2018\\\/04\\\/info.png\",\"datePublished\":\"2018-04-25T13:58:22+00:00\",\"dateModified\":\"2026-05-12T08:20:20+00:00\",\"breadcrumb\":{\"@id\":\"https:\\\/\\\/www.fst.uha.fr\\\/index.php\\\/formations\\\/licences\\\/licence-dinformatique\\\/#breadcrumb\"},\"inLanguage\":\"fr-FR\",\"potentialAction\":[{\"@type\":\"ReadAction\",\"target\":[\"https:\\\/\\\/www.fst.uha.fr\\\/index.php\\\/formations\\\/licences\\\/licence-dinformatique\\\/\"]}]},{\"@type\":\"ImageObject\",\"inLanguage\":\"fr-FR\",\"@id\":\"https:\\\/\\\/www.fst.uha.fr\\\/index.php\\\/formations\\\/licences\\\/licence-dinformatique\\\/#primaryimage\",\"url\":\"https:\\\/\\\/www.fst.uha.fr\\\/wp-content\\\/uploads\\\/2018\\\/04\\\/info.png\",\"contentUrl\":\"https:\\\/\\\/www.fst.uha.fr\\\/wp-content\\\/uploads\\\/2018\\\/04\\\/info.png\"},{\"@type\":\"BreadcrumbList\",\"@id\":\"https:\\\/\\\/www.fst.uha.fr\\\/index.php\\\/formations\\\/licences\\\/licence-dinformatique\\\/#breadcrumb\",\"itemListElement\":[{\"@type\":\"ListItem\",\"position\":1,\"name\":\"Accueil\",\"item\":\"https:\\\/\\\/www.fst.uha.fr\\\/\"},{\"@type\":\"ListItem\",\"position\":2,\"name\":\"Nos formations\",\"item\":\"https:\\\/\\\/www.fst.uha.fr\\\/index.php\\\/formations\\\/\"},{\"@type\":\"ListItem\",\"position\":3,\"name\":\"Licences\",\"item\":\"https:\\\/\\\/www.fst.uha.fr\\\/index.php\\\/formations\\\/licences\\\/\"},{\"@type\":\"ListItem\",\"position\":4,\"name\":\"Licence d&rsquo;Informatique \\\/ MIAGE\"}]},{\"@type\":\"WebSite\",\"@id\":\"https:\\\/\\\/www.fst.uha.fr\\\/#website\",\"url\":\"https:\\\/\\\/www.fst.uha.fr\\\/\",\"name\":\"FST - Facult\u00e9 des Sciences et Techniques | Universit\u00e9 de Haute-Alsace\",\"description\":\"Campus Illberg | Universit\u00e9 de Haute-Alsace\",\"potentialAction\":[{\"@type\":\"SearchAction\",\"target\":{\"@type\":\"EntryPoint\",\"urlTemplate\":\"https:\\\/\\\/www.fst.uha.fr\\\/?s={search_term_string}\"},\"query-input\":{\"@type\":\"PropertyValueSpecification\",\"valueRequired\":true,\"valueName\":\"search_term_string\"}}],\"inLanguage\":\"fr-FR\"}]}<\/script>\n<!-- \/ Yoast SEO plugin. -->","yoast_head_json":{"title":"Licence d'Informatique \/ MIAGE - FST - Facult\u00e9 des Sciences et Techniques | Universit\u00e9 de Haute-Alsace","robots":{"index":"index","follow":"follow","max-snippet":"max-snippet:-1","max-image-preview":"max-image-preview:large","max-video-preview":"max-video-preview:-1"},"canonical":"https:\/\/www.fst.uha.fr\/index.php\/formations\/licences\/licence-dinformatique\/","og_locale":"fr_FR","og_type":"article","og_title":"Licence d'Informatique \/ MIAGE - FST - Facult\u00e9 des Sciences et Techniques | Universit\u00e9 de Haute-Alsace","og_description":"Licences &gt; Licence d&rsquo;Informatique \/ MIAGE Lien vers la formation sur PARCOURSUP 2026","og_url":"https:\/\/www.fst.uha.fr\/index.php\/formations\/licences\/licence-dinformatique\/","og_site_name":"FST - Facult\u00e9 des Sciences et Techniques | Universit\u00e9 de Haute-Alsace","article_modified_time":"2026-05-12T08:20:20+00:00","og_image":[{"width":1920,"height":501,"url":"https:\/\/www.fst.uha.fr\/wp-content\/uploads\/2018\/04\/info.png","type":"image\/png"}],"twitter_card":"summary_large_image","twitter_misc":{"Dur\u00e9e de lecture estim\u00e9e":"5 minutes"},"schema":{"@context":"https:\/\/schema.org","@graph":[{"@type":"WebPage","@id":"https:\/\/www.fst.uha.fr\/index.php\/formations\/licences\/licence-dinformatique\/","url":"https:\/\/www.fst.uha.fr\/index.php\/formations\/licences\/licence-dinformatique\/","name":"Licence d'Informatique \/ MIAGE - FST - Facult\u00e9 des Sciences et Techniques | Universit\u00e9 de Haute-Alsace","isPartOf":{"@id":"https:\/\/www.fst.uha.fr\/#website"},"primaryImageOfPage":{"@id":"https:\/\/www.fst.uha.fr\/index.php\/formations\/licences\/licence-dinformatique\/#primaryimage"},"image":{"@id":"https:\/\/www.fst.uha.fr\/index.php\/formations\/licences\/licence-dinformatique\/#primaryimage"},"thumbnailUrl":"https:\/\/www.fst.uha.fr\/wp-content\/uploads\/2018\/04\/info.png","datePublished":"2018-04-25T13:58:22+00:00","dateModified":"2026-05-12T08:20:20+00:00","breadcrumb":{"@id":"https:\/\/www.fst.uha.fr\/index.php\/formations\/licences\/licence-dinformatique\/#breadcrumb"},"inLanguage":"fr-FR","potentialAction":[{"@type":"ReadAction","target":["https:\/\/www.fst.uha.fr\/index.php\/formations\/licences\/licence-dinformatique\/"]}]},{"@type":"ImageObject","inLanguage":"fr-FR","@id":"https:\/\/www.fst.uha.fr\/index.php\/formations\/licences\/licence-dinformatique\/#primaryimage","url":"https:\/\/www.fst.uha.fr\/wp-content\/uploads\/2018\/04\/info.png","contentUrl":"https:\/\/www.fst.uha.fr\/wp-content\/uploads\/2018\/04\/info.png"},{"@type":"BreadcrumbList","@id":"https:\/\/www.fst.uha.fr\/index.php\/formations\/licences\/licence-dinformatique\/#breadcrumb","itemListElement":[{"@type":"ListItem","position":1,"name":"Accueil","item":"https:\/\/www.fst.uha.fr\/"},{"@type":"ListItem","position":2,"name":"Nos formations","item":"https:\/\/www.fst.uha.fr\/index.php\/formations\/"},{"@type":"ListItem","position":3,"name":"Licences","item":"https:\/\/www.fst.uha.fr\/index.php\/formations\/licences\/"},{"@type":"ListItem","position":4,"name":"Licence d&rsquo;Informatique \/ MIAGE"}]},{"@type":"WebSite","@id":"https:\/\/www.fst.uha.fr\/#website","url":"https:\/\/www.fst.uha.fr\/","name":"FST - Facult\u00e9 des Sciences et Techniques | Universit\u00e9 de Haute-Alsace","description":"Campus Illberg | Universit\u00e9 de Haute-Alsace","potentialAction":[{"@type":"SearchAction","target":{"@type":"EntryPoint","urlTemplate":"https:\/\/www.fst.uha.fr\/?s={search_term_string}"},"query-input":{"@type":"PropertyValueSpecification","valueRequired":true,"valueName":"search_term_string"}}],"inLanguage":"fr-FR"}]}},"_links":{"self":[{"href":"https:\/\/www.fst.uha.fr\/index.php\/wp-json\/wp\/v2\/pages\/154","targetHints":{"allow":["GET"]}}],"collection":[{"href":"https:\/\/www.fst.uha.fr\/index.php\/wp-json\/wp\/v2\/pages"}],"about":[{"href":"https:\/\/www.fst.uha.fr\/index.php\/wp-json\/wp\/v2\/types\/page"}],"author":[{"embeddable":true,"href":"https:\/\/www.fst.uha.fr\/index.php\/wp-json\/wp\/v2\/users\/1"}],"replies":[{"embeddable":true,"href":"https:\/\/www.fst.uha.fr\/index.php\/wp-json\/wp\/v2\/comments?post=154"}],"version-history":[{"count":41,"href":"https:\/\/www.fst.uha.fr\/index.php\/wp-json\/wp\/v2\/pages\/154\/revisions"}],"predecessor-version":[{"id":5513,"href":"https:\/\/www.fst.uha.fr\/index.php\/wp-json\/wp\/v2\/pages\/154\/revisions\/5513"}],"up":[{"embeddable":true,"href":"https:\/\/www.fst.uha.fr\/index.php\/wp-json\/wp\/v2\/pages\/85"}],"wp:attachment":[{"href":"https:\/\/www.fst.uha.fr\/index.php\/wp-json\/wp\/v2\/media?parent=154"}],"wp:term":[{"taxonomy":"category","embeddable":true,"href":"https:\/\/www.fst.uha.fr\/index.php\/wp-json\/wp\/v2\/categories?post=154"},{"taxonomy":"post_tag","embeddable":true,"href":"https:\/\/www.fst.uha.fr\/index.php\/wp-json\/wp\/v2\/tags?post=154"}],"curies":[{"name":"wp","href":"https:\/\/api.w.org\/{rel}","templated":true}]}}