{"id":160,"date":"2018-04-25T16:00:03","date_gmt":"2018-04-25T14:00:03","guid":{"rendered":"https:\/\/www.fst.uha.fr\/?page_id=160"},"modified":"2026-01-23T09:53:49","modified_gmt":"2026-01-23T08:53:49","slug":"licence-environnement-securite-risques","status":"publish","type":"page","link":"https:\/\/www.fst.uha.fr\/index.php\/formations\/licences\/licence-environnement-securite-risques\/","title":{"rendered":"Licence Environnement, S\u00e9curit\u00e9, Risque"},"content":{"rendered":"<p><a href=\"https:\/\/www.fst.uha.fr\/index.php\/formations\/\">Licences<\/a> &gt; <strong>Licence d&rsquo;Environnement, S\u00e9curit\u00e9, Risque<\/strong><\/p>\n<p>Lien vers la <a href=\"https:\/\/dossier.parcoursup.fr\/Candidats\/public\/fiches\/afficherFicheFormation?g_ta_cod=8157&amp;typeBac=0\" target=\"_blank\" rel=\"noopener noreferrer\">formation sur PARCOURSUP 2026<\/a><\/p>\n<p><img loading=\"lazy\" decoding=\"async\" class=\"alignnone size-full wp-image-371\" src=\"https:\/\/www.fst.uha.fr\/wp-content\/uploads\/2018\/04\/ESR-2.png\" alt=\"\" width=\"1920\" height=\"501\" srcset=\"https:\/\/www.fst.uha.fr\/wp-content\/uploads\/2018\/04\/ESR-2.png 1920w, https:\/\/www.fst.uha.fr\/wp-content\/uploads\/2018\/04\/ESR-2-300x78.png 300w, https:\/\/www.fst.uha.fr\/wp-content\/uploads\/2018\/04\/ESR-2-768x200.png 768w, https:\/\/www.fst.uha.fr\/wp-content\/uploads\/2018\/04\/ESR-2-1024x267.png 1024w\" sizes=\"auto, (max-width: 1920px) 100vw, 1920px\" \/><\/p>\n<div class=\"su-row\"><div class=\"su-column su-column-size-3-4\"><div class=\"su-column-inner su-u-clearfix su-u-trim\">\n<h2>Pr\u00e9sentation<\/h2>\n<p>Depuis les ann\u00e9es 1970, au fil des catastrophes industrielles, la r\u00e9glementation s\u2019est d\u00e9velopp\u00e9e et avec elle les m\u00e9tiers li\u00e9s aux domaines de l\u2019expertise technique des proc\u00e9d\u00e9s afin de prot\u00e9ger les salari\u00e9s et l\u2019environnement des sites.<\/p>\n<p>La licence de Physique Chimie mention Environnement S\u00e9curit\u00e9 Risque pr\u00e9pare l\u2019int\u00e9gration des \u00e9tudiants dans ce domaine d\u2019activit\u00e9.<br \/>\nCe parcours est ouvert en formation initiale (FI) ainsi qu&rsquo;en formation par apprentissage (FA).<\/p>\n<h2>Objectifs<\/h2>\n<p>L&rsquo;objectif du parcours ESR de la licence de Physique-Chimie est de donner aux \u00e9tudiants une solide formation dans le domaine de la Chimie, de l\u2019environnement, des risques technologiques et de la s\u00e9curit\u00e9 dans des installations industrielles. Ces mati\u00e8res sont indissociables et indispensables pour l\u2019orientation des \u00e9tudiants apr\u00e8s la Licence vers une admission dans le master risque et environnement de l\u2019UHA ou vers le monde de l\u2019entreprise.<br \/>\n<div class=\"su-accordion su-u-trim\">\n<div class=\"su-spoiler su-spoiler-style-fancy su-spoiler-icon-plus-circle su-spoiler-closed\" data-scroll-offset=\"0\" data-anchor-in-url=\"no\"><div class=\"su-spoiler-title\" tabindex=\"0\" role=\"button\"><span class=\"su-spoiler-icon\"><\/span>Admission<\/div><div class=\"su-spoiler-content su-u-clearfix su-u-trim\">Il est possible d\u2019int\u00e9grer la Licence PC\/ESR :<\/p>\n<ul>\n<li>en L1 : lien vers la formation sur PARCOURSUP 2026 :<a href=\"https:\/\/dossier.parcoursup.fr\/Candidats\/public\/fiches\/afficherFicheFormation?g_ta_cod=8157&amp;typeBac=0\" target=\"_blank\" rel=\"noopener noreferrer\"> Cliquer ici.<\/a><\/li>\n<\/ul>\n<p>(Le choix de parcours se fera lors de l\u2019inscription p\u00e9dagogique \u00e0 l\u2019universit\u00e9)<\/p>\n<ul>\n<li>en L2 et L3 : admission uniquement par dossier \u00e9lectronique sur la plateforme <a href=\"https:\/\/ecandidat.uha.fr\" target=\"_blank\" rel=\"noopener\">e-candidat.uha.fr<\/a>.<\/li>\n<\/ul>\n<p>Pour les candidats de nationalit\u00e9 \u00e9trang\u00e8re, passage par la proc\u00e9dure <a href=\"https:\/\/www.campusfrance.org\/fr\">Campus France<\/a>.<\/p>\n<p>Profil d\u2019un entrant en L2 : Validation de l\u2019ann\u00e9e de L1 Sciences et Technologies, Classes Pr\u00e9pa 1<sup>\u00e8re<\/sup> ann\u00e9e, BTS Chimie, BTSA, DUT G\u00e9nie Biologique,\u2026<\/p>\n<p>Profil d\u2019un entrant en L3 : DUT Chimie, Mesures Physiques, HSE, BTS Chimie, Classes Pr\u00e9pa 2<sup>nde<\/sup> ann\u00e9e,\u2026<br \/>\n<\/div><\/div>\n<div class=\"su-spoiler su-spoiler-style-fancy su-spoiler-icon-plus-circle su-spoiler-closed\" data-scroll-offset=\"0\" data-anchor-in-url=\"no\"><div class=\"su-spoiler-title\" tabindex=\"0\" role=\"button\"><span class=\"su-spoiler-icon\"><\/span>Poursuite d\u2019\u00e9tudes<\/div><div class=\"su-spoiler-content su-u-clearfix su-u-trim\">\u00c0 l\u2019issue de la licence ESR, les \u00e9tudiants peuvent poursuivre leurs cursus de formation en Master dans le domaine de l\u2019Environnement, de la S\u00e9curit\u00e9 et du Risque tel que le Master Risques technologiques et Environnement de la Facult\u00e9 des Sciences et Techniques.<br \/>\n<\/div><\/div>\n<div class=\"su-spoiler su-spoiler-style-fancy su-spoiler-icon-plus-circle su-spoiler-closed\" data-scroll-offset=\"0\" data-anchor-in-url=\"no\"><div class=\"su-spoiler-title\" tabindex=\"0\" role=\"button\"><span class=\"su-spoiler-icon\"><\/span>Modalit\u00e9s d\u2019enseignements<\/div><div class=\"su-spoiler-content su-u-clearfix su-u-trim\">Les enseignements se d\u00e9composent en cours, TD, TP et Projet.<\/p>\n<p>L\u2019effectif moyen de ce parcours est de 20 \u00e0 25 \u00e9tudiants, ce qui favorise un enseignement interactif et des \u00e9changes facilit\u00e9s avec les diff\u00e9rents intervenants.<br \/>\n<\/div><\/div>\n<div class=\"su-spoiler su-spoiler-style-fancy su-spoiler-icon-plus-circle su-spoiler-closed\" data-scroll-offset=\"0\" data-anchor-in-url=\"no\"><div class=\"su-spoiler-title\" tabindex=\"0\" role=\"button\"><span class=\"su-spoiler-icon\"><\/span>Programme<\/div><div class=\"su-spoiler-content su-u-clearfix su-u-trim\">Au cours des 6 semestres que comporte la licence, l\u2019acquisition des comp\u00e9tences est progressive, la part de l\u2019enseignement des domaines de l\u2019environnement du risque et de la s\u00e9curit\u00e9 devient de plus en plus importante alors que celle en chimie diminue.<\/p>\n<p>Le parcours ESR n\u00e9cessite une ma\u00eetrise parfaite des bases de physique, chimie et math\u00e9matiques que les \u00e9tudiants acqui\u00e8rent majoritairement en L1 et L2.<\/p>\n<p>Ces derniers abordent des notions sp\u00e9cifiques au parcours risque et environnement en L2 et s\u2019y consacrent presque exclusivement en L3.<\/p>\n<p>Les cours et travaux pratiques touchent ainsi \u00e0 des domaines de plus en plus sp\u00e9cialis\u00e9s dispens\u00e9 \u00e0 la fois par des enseignants-chercheurs et des intervenants professionnels exer\u00e7ant dans les entreprises ou institutions du domaine.<\/p>\n<p>&nbsp;<\/p>\n<\/div><\/div>\n<div class=\"su-spoiler su-spoiler-style-fancy su-spoiler-icon-plus-circle su-spoiler-closed\" data-scroll-offset=\"0\" data-anchor-in-url=\"no\"><div class=\"su-spoiler-title\" tabindex=\"0\" role=\"button\"><span class=\"su-spoiler-icon\"><\/span>Stage<\/div><div class=\"su-spoiler-content su-u-clearfix su-u-trim\">Le parcours PC\/ESR est ouvert en apprentissage ainsi qu&rsquo;en formation initiale avec un stage de 10 semaines en entreprise, collectivit\u00e9, laboratoire de recherche, \u2026, en fonction du projet professionnel de l\u2019\u00e9tudiant qui est planifi\u00e9 au semestre 6. L\u2019\u00e9tudiant \u00e0 la possibilit\u00e9 s&rsquo;il le d\u00e9sire, d\u2019effectuer son stage \u00e0 l\u2019\u00e9tranger.<br \/>\n<\/div><\/div>\n<div class=\"su-spoiler su-spoiler-style-fancy su-spoiler-icon-plus-circle su-spoiler-closed\" data-scroll-offset=\"0\" data-anchor-in-url=\"no\"><div class=\"su-spoiler-title\" tabindex=\"0\" role=\"button\"><span class=\"su-spoiler-icon\"><\/span>Les plus de la formation<\/div><div class=\"su-spoiler-content su-u-clearfix su-u-trim\">De nombreux professionnels interviennent au sein du parcours, et plus particuli\u00e8rement dans les mati\u00e8res telles que la communication, l\u2019organisation des secours et la gestion de crise, la gestion de la formation, les techniques d\u2019audit\u2026<br \/>\n<\/div><\/div>\n<\/div>\n<\/div><\/div>\n<div class=\"su-column su-column-size-1-4\"><div class=\"su-column-inner su-u-clearfix su-u-trim\">\n<h2>Responsable<\/h2>\n<p>Monsieur Gontrand LEYSSENS<br \/>\nCourriel : <a href=\"mailto:gontrand.leyssens@uha.fr\">gontrand.leyssens@uha.fr<\/a><br \/>\n<div class=\"su-divider su-divider-style-default\" style=\"margin:15px 0;border-width:3px;border-color:#999999\"><\/div>\n<h2>Scolarit\u00e9<\/h2>\n<p>Madame Evelyne BUYLE<br \/>\nCourriel : <a href=\"mailto:evelyne.buylef@uha.fr\">evelyne.buyle@uha.fr\u00a0<\/a><br \/>\nT\u00e9l. : <a href=\"tel:0389336155\">+33 (0)3 89 33 61 55<\/a><div class=\"su-divider su-divider-style-default\" style=\"margin:15px 0;border-width:3px;border-color:#999999\"><\/div>\n<h2>En savoir plus<\/h2>\n<ul>\n<li><a href=\"https:\/\/www.fst.uha.fr\/wp-content\/uploads\/2025\/01\/Plaquette-Licence-risques.pdf\">Plaquette de la licence ESR<\/a><\/li>\n<li><a href=\"https:\/\/www.fst.uha.fr\/wp-content\/uploads\/2018\/06\/Programme-d\u00e9taill\u00e9-licence-ESR-1-1.pdf\">Programme d\u00e9taill\u00e9 de la licence ESR<\/a><\/li>\n<li><a href=\"https:\/\/www.francecompetences.fr\/recherche\/rncp\/38979\/\" target=\"_blank\" rel=\"noopener\">Certification RNCP \u2013 France comp\u00e9tences<\/a><\/li>\n<\/ul>\n<span class=\"su-lightbox\" data-mfp-src=\"https:\/\/www.youtube-nocookie.com\/embed\/q2mHJGp6qEE\" data-mfp-type=\"iframe\" data-mobile=\"yes\">\n<p><img loading=\"lazy\" decoding=\"async\" class=\"wp-image-3291 aligncenter\" src=\"https:\/\/www.fst.uha.fr\/wp-content\/uploads\/2022\/04\/miniature-physique-chimie-environnement.jpg\" alt=\"Licence Physique Chimie Environnement\" width=\"589\" height=\"310\" srcset=\"https:\/\/www.fst.uha.fr\/wp-content\/uploads\/2022\/04\/miniature-physique-chimie-environnement.jpg 1278w, https:\/\/www.fst.uha.fr\/wp-content\/uploads\/2022\/04\/miniature-physique-chimie-environnement-300x158.jpg 300w, https:\/\/www.fst.uha.fr\/wp-content\/uploads\/2022\/04\/miniature-physique-chimie-environnement-1024x539.jpg 1024w, https:\/\/www.fst.uha.fr\/wp-content\/uploads\/2022\/04\/miniature-physique-chimie-environnement-768x404.jpg 768w\" sizes=\"auto, (max-width: 589px) 100vw, 589px\" \/><\/p>\n<\/span>\n<\/div><\/div><\/div>\n","protected":false},"excerpt":{"rendered":"<p>Licences &gt; Licence d&rsquo;Environnement, S\u00e9curit\u00e9, Risque Lien vers la formation sur PARCOURSUP 2026<\/p>\n","protected":false},"author":1,"featured_media":0,"parent":85,"menu_order":0,"comment_status":"closed","ping_status":"closed","template":"","meta":{"footnotes":""},"categories":[],"tags":[],"class_list":["post-160","page","type-page","status-publish","hentry"],"yoast_head":"<!-- This site is optimized with the Yoast SEO plugin v27.4 - https:\/\/yoast.com\/product\/yoast-seo-wordpress\/ -->\n<title>Licence Environnement, S\u00e9curit\u00e9, Risque - FST - Facult\u00e9 des Sciences et Techniques | Universit\u00e9 de Haute-Alsace<\/title>\n<meta name=\"robots\" content=\"index, follow, max-snippet:-1, max-image-preview:large, max-video-preview:-1\" \/>\n<link rel=\"canonical\" href=\"https:\/\/www.fst.uha.fr\/index.php\/formations\/licences\/licence-environnement-securite-risques\/\" \/>\n<meta property=\"og:locale\" content=\"fr_FR\" \/>\n<meta property=\"og:type\" content=\"article\" \/>\n<meta property=\"og:title\" content=\"Licence Environnement, S\u00e9curit\u00e9, Risque - FST - Facult\u00e9 des Sciences et Techniques | Universit\u00e9 de Haute-Alsace\" \/>\n<meta property=\"og:description\" content=\"Licences &gt; Licence d&rsquo;Environnement, S\u00e9curit\u00e9, Risque Lien vers la formation sur PARCOURSUP 2026\" \/>\n<meta property=\"og:url\" content=\"https:\/\/www.fst.uha.fr\/index.php\/formations\/licences\/licence-environnement-securite-risques\/\" \/>\n<meta property=\"og:site_name\" content=\"FST - Facult\u00e9 des Sciences et Techniques | Universit\u00e9 de Haute-Alsace\" \/>\n<meta property=\"article:modified_time\" content=\"2026-01-23T08:53:49+00:00\" \/>\n<meta property=\"og:image\" content=\"https:\/\/www.fst.uha.fr\/wp-content\/uploads\/2018\/04\/ESR-2.png\" \/>\n\t<meta property=\"og:image:width\" content=\"1920\" \/>\n\t<meta property=\"og:image:height\" content=\"501\" \/>\n\t<meta property=\"og:image:type\" content=\"image\/png\" \/>\n<meta name=\"twitter:card\" content=\"summary_large_image\" \/>\n<meta name=\"twitter:label1\" content=\"Dur\u00e9e de lecture estim\u00e9e\" \/>\n\t<meta name=\"twitter:data1\" content=\"4 minutes\" \/>\n<script type=\"application\/ld+json\" class=\"yoast-schema-graph\">{\"@context\":\"https:\\\/\\\/schema.org\",\"@graph\":[{\"@type\":\"WebPage\",\"@id\":\"https:\\\/\\\/www.fst.uha.fr\\\/index.php\\\/formations\\\/licences\\\/licence-environnement-securite-risques\\\/\",\"url\":\"https:\\\/\\\/www.fst.uha.fr\\\/index.php\\\/formations\\\/licences\\\/licence-environnement-securite-risques\\\/\",\"name\":\"Licence Environnement, S\u00e9curit\u00e9, Risque - FST - Facult\u00e9 des Sciences et Techniques | Universit\u00e9 de Haute-Alsace\",\"isPartOf\":{\"@id\":\"https:\\\/\\\/www.fst.uha.fr\\\/#website\"},\"primaryImageOfPage\":{\"@id\":\"https:\\\/\\\/www.fst.uha.fr\\\/index.php\\\/formations\\\/licences\\\/licence-environnement-securite-risques\\\/#primaryimage\"},\"image\":{\"@id\":\"https:\\\/\\\/www.fst.uha.fr\\\/index.php\\\/formations\\\/licences\\\/licence-environnement-securite-risques\\\/#primaryimage\"},\"thumbnailUrl\":\"https:\\\/\\\/www.fst.uha.fr\\\/wp-content\\\/uploads\\\/2018\\\/04\\\/ESR-2.png\",\"datePublished\":\"2018-04-25T14:00:03+00:00\",\"dateModified\":\"2026-01-23T08:53:49+00:00\",\"breadcrumb\":{\"@id\":\"https:\\\/\\\/www.fst.uha.fr\\\/index.php\\\/formations\\\/licences\\\/licence-environnement-securite-risques\\\/#breadcrumb\"},\"inLanguage\":\"fr-FR\",\"potentialAction\":[{\"@type\":\"ReadAction\",\"target\":[\"https:\\\/\\\/www.fst.uha.fr\\\/index.php\\\/formations\\\/licences\\\/licence-environnement-securite-risques\\\/\"]}]},{\"@type\":\"ImageObject\",\"inLanguage\":\"fr-FR\",\"@id\":\"https:\\\/\\\/www.fst.uha.fr\\\/index.php\\\/formations\\\/licences\\\/licence-environnement-securite-risques\\\/#primaryimage\",\"url\":\"https:\\\/\\\/www.fst.uha.fr\\\/wp-content\\\/uploads\\\/2018\\\/04\\\/ESR-2.png\",\"contentUrl\":\"https:\\\/\\\/www.fst.uha.fr\\\/wp-content\\\/uploads\\\/2018\\\/04\\\/ESR-2.png\"},{\"@type\":\"BreadcrumbList\",\"@id\":\"https:\\\/\\\/www.fst.uha.fr\\\/index.php\\\/formations\\\/licences\\\/licence-environnement-securite-risques\\\/#breadcrumb\",\"itemListElement\":[{\"@type\":\"ListItem\",\"position\":1,\"name\":\"Accueil\",\"item\":\"https:\\\/\\\/www.fst.uha.fr\\\/\"},{\"@type\":\"ListItem\",\"position\":2,\"name\":\"Nos formations\",\"item\":\"https:\\\/\\\/www.fst.uha.fr\\\/index.php\\\/formations\\\/\"},{\"@type\":\"ListItem\",\"position\":3,\"name\":\"Licences\",\"item\":\"https:\\\/\\\/www.fst.uha.fr\\\/index.php\\\/formations\\\/licences\\\/\"},{\"@type\":\"ListItem\",\"position\":4,\"name\":\"Licence Environnement, S\u00e9curit\u00e9, Risque\"}]},{\"@type\":\"WebSite\",\"@id\":\"https:\\\/\\\/www.fst.uha.fr\\\/#website\",\"url\":\"https:\\\/\\\/www.fst.uha.fr\\\/\",\"name\":\"FST - Facult\u00e9 des Sciences et Techniques | Universit\u00e9 de Haute-Alsace\",\"description\":\"Campus Illberg | Universit\u00e9 de Haute-Alsace\",\"potentialAction\":[{\"@type\":\"SearchAction\",\"target\":{\"@type\":\"EntryPoint\",\"urlTemplate\":\"https:\\\/\\\/www.fst.uha.fr\\\/?s={search_term_string}\"},\"query-input\":{\"@type\":\"PropertyValueSpecification\",\"valueRequired\":true,\"valueName\":\"search_term_string\"}}],\"inLanguage\":\"fr-FR\"}]}<\/script>\n<!-- \/ Yoast SEO plugin. -->","yoast_head_json":{"title":"Licence Environnement, S\u00e9curit\u00e9, Risque - FST - Facult\u00e9 des Sciences et Techniques | Universit\u00e9 de Haute-Alsace","robots":{"index":"index","follow":"follow","max-snippet":"max-snippet:-1","max-image-preview":"max-image-preview:large","max-video-preview":"max-video-preview:-1"},"canonical":"https:\/\/www.fst.uha.fr\/index.php\/formations\/licences\/licence-environnement-securite-risques\/","og_locale":"fr_FR","og_type":"article","og_title":"Licence Environnement, S\u00e9curit\u00e9, Risque - FST - Facult\u00e9 des Sciences et Techniques | Universit\u00e9 de Haute-Alsace","og_description":"Licences &gt; Licence d&rsquo;Environnement, S\u00e9curit\u00e9, Risque Lien vers la formation sur PARCOURSUP 2026","og_url":"https:\/\/www.fst.uha.fr\/index.php\/formations\/licences\/licence-environnement-securite-risques\/","og_site_name":"FST - Facult\u00e9 des Sciences et Techniques | Universit\u00e9 de Haute-Alsace","article_modified_time":"2026-01-23T08:53:49+00:00","og_image":[{"width":1920,"height":501,"url":"https:\/\/www.fst.uha.fr\/wp-content\/uploads\/2018\/04\/ESR-2.png","type":"image\/png"}],"twitter_card":"summary_large_image","twitter_misc":{"Dur\u00e9e de lecture estim\u00e9e":"4 minutes"},"schema":{"@context":"https:\/\/schema.org","@graph":[{"@type":"WebPage","@id":"https:\/\/www.fst.uha.fr\/index.php\/formations\/licences\/licence-environnement-securite-risques\/","url":"https:\/\/www.fst.uha.fr\/index.php\/formations\/licences\/licence-environnement-securite-risques\/","name":"Licence Environnement, S\u00e9curit\u00e9, Risque - FST - Facult\u00e9 des Sciences et Techniques | Universit\u00e9 de Haute-Alsace","isPartOf":{"@id":"https:\/\/www.fst.uha.fr\/#website"},"primaryImageOfPage":{"@id":"https:\/\/www.fst.uha.fr\/index.php\/formations\/licences\/licence-environnement-securite-risques\/#primaryimage"},"image":{"@id":"https:\/\/www.fst.uha.fr\/index.php\/formations\/licences\/licence-environnement-securite-risques\/#primaryimage"},"thumbnailUrl":"https:\/\/www.fst.uha.fr\/wp-content\/uploads\/2018\/04\/ESR-2.png","datePublished":"2018-04-25T14:00:03+00:00","dateModified":"2026-01-23T08:53:49+00:00","breadcrumb":{"@id":"https:\/\/www.fst.uha.fr\/index.php\/formations\/licences\/licence-environnement-securite-risques\/#breadcrumb"},"inLanguage":"fr-FR","potentialAction":[{"@type":"ReadAction","target":["https:\/\/www.fst.uha.fr\/index.php\/formations\/licences\/licence-environnement-securite-risques\/"]}]},{"@type":"ImageObject","inLanguage":"fr-FR","@id":"https:\/\/www.fst.uha.fr\/index.php\/formations\/licences\/licence-environnement-securite-risques\/#primaryimage","url":"https:\/\/www.fst.uha.fr\/wp-content\/uploads\/2018\/04\/ESR-2.png","contentUrl":"https:\/\/www.fst.uha.fr\/wp-content\/uploads\/2018\/04\/ESR-2.png"},{"@type":"BreadcrumbList","@id":"https:\/\/www.fst.uha.fr\/index.php\/formations\/licences\/licence-environnement-securite-risques\/#breadcrumb","itemListElement":[{"@type":"ListItem","position":1,"name":"Accueil","item":"https:\/\/www.fst.uha.fr\/"},{"@type":"ListItem","position":2,"name":"Nos formations","item":"https:\/\/www.fst.uha.fr\/index.php\/formations\/"},{"@type":"ListItem","position":3,"name":"Licences","item":"https:\/\/www.fst.uha.fr\/index.php\/formations\/licences\/"},{"@type":"ListItem","position":4,"name":"Licence Environnement, S\u00e9curit\u00e9, Risque"}]},{"@type":"WebSite","@id":"https:\/\/www.fst.uha.fr\/#website","url":"https:\/\/www.fst.uha.fr\/","name":"FST - Facult\u00e9 des Sciences et Techniques | Universit\u00e9 de Haute-Alsace","description":"Campus Illberg | Universit\u00e9 de Haute-Alsace","potentialAction":[{"@type":"SearchAction","target":{"@type":"EntryPoint","urlTemplate":"https:\/\/www.fst.uha.fr\/?s={search_term_string}"},"query-input":{"@type":"PropertyValueSpecification","valueRequired":true,"valueName":"search_term_string"}}],"inLanguage":"fr-FR"}]}},"_links":{"self":[{"href":"https:\/\/www.fst.uha.fr\/index.php\/wp-json\/wp\/v2\/pages\/160","targetHints":{"allow":["GET"]}}],"collection":[{"href":"https:\/\/www.fst.uha.fr\/index.php\/wp-json\/wp\/v2\/pages"}],"about":[{"href":"https:\/\/www.fst.uha.fr\/index.php\/wp-json\/wp\/v2\/types\/page"}],"author":[{"embeddable":true,"href":"https:\/\/www.fst.uha.fr\/index.php\/wp-json\/wp\/v2\/users\/1"}],"replies":[{"embeddable":true,"href":"https:\/\/www.fst.uha.fr\/index.php\/wp-json\/wp\/v2\/comments?post=160"}],"version-history":[{"count":31,"href":"https:\/\/www.fst.uha.fr\/index.php\/wp-json\/wp\/v2\/pages\/160\/revisions"}],"predecessor-version":[{"id":5387,"href":"https:\/\/www.fst.uha.fr\/index.php\/wp-json\/wp\/v2\/pages\/160\/revisions\/5387"}],"up":[{"embeddable":true,"href":"https:\/\/www.fst.uha.fr\/index.php\/wp-json\/wp\/v2\/pages\/85"}],"wp:attachment":[{"href":"https:\/\/www.fst.uha.fr\/index.php\/wp-json\/wp\/v2\/media?parent=160"}],"wp:term":[{"taxonomy":"category","embeddable":true,"href":"https:\/\/www.fst.uha.fr\/index.php\/wp-json\/wp\/v2\/categories?post=160"},{"taxonomy":"post_tag","embeddable":true,"href":"https:\/\/www.fst.uha.fr\/index.php\/wp-json\/wp\/v2\/tags?post=160"}],"curies":[{"name":"wp","href":"https:\/\/api.w.org\/{rel}","templated":true}]}}