{"id":162,"date":"2018-04-25T16:00:30","date_gmt":"2018-04-25T14:00:30","guid":{"rendered":"https:\/\/www.fst.uha.fr\/?page_id=162"},"modified":"2026-01-23T09:54:36","modified_gmt":"2026-01-23T08:54:36","slug":"licence-eea","status":"publish","type":"page","link":"https:\/\/www.fst.uha.fr\/index.php\/formations\/licences\/licence-eea\/","title":{"rendered":"Licence \u00c9lectronique, \u00c9nergie \u00e9lectrique et Automatique"},"content":{"rendered":"<p><a href=\"https:\/\/www.fst.uha.fr\/index.php\/formations\/\">Licences<\/a> &gt; <strong>Licence \u00c9lectronique, \u00c9nergie \u00e9lectrique et Automatique<\/strong><\/p>\n<p>Lien vers la <a href=\"https:\/\/dossier.parcoursup.fr\/Candidats\/public\/fiches\/afficherFicheFormation?g_ta_cod=44214&amp;typeBac=0\" target=\"_blank\" rel=\"noopener noreferrer\">formation sur PARCOURSUP 2026<\/a><\/p>\n<p><img loading=\"lazy\" decoding=\"async\" class=\"alignnone size-full wp-image-402\" src=\"https:\/\/www.fst.uha.fr\/wp-content\/uploads\/2018\/04\/LEEA.png\" alt=\"\" width=\"1920\" height=\"501\" srcset=\"https:\/\/www.fst.uha.fr\/wp-content\/uploads\/2018\/04\/LEEA.png 1920w, https:\/\/www.fst.uha.fr\/wp-content\/uploads\/2018\/04\/LEEA-300x78.png 300w, https:\/\/www.fst.uha.fr\/wp-content\/uploads\/2018\/04\/LEEA-768x200.png 768w, https:\/\/www.fst.uha.fr\/wp-content\/uploads\/2018\/04\/LEEA-1024x267.png 1024w\" sizes=\"auto, (max-width: 1920px) 100vw, 1920px\" \/><\/p>\n<div class=\"su-row\"><div class=\"su-column su-column-size-3-4\"><div class=\"su-column-inner su-u-clearfix su-u-trim\">\n<h2>Pr\u00e9sentation<\/h2>\n<p>Cette licence propose d\u2019acqu\u00e9rir de solides comp\u00e9tences th\u00e9oriques dans les domaines de l\u2019\u00c9lectronique, \u00c9nergie \u00e9lectrique et Automatique (EEA) et appliqu\u00e9es aux syst\u00e8mes intelligents,Ce dipl\u00f4me de licence permet d\u2019une part une poursuite d\u2019\u00e9tudes en Master ou en \u00e9coles d\u2019ing\u00e9nieurs, couvrant le large spectre des activit\u00e9s de l\u2019EEA. Et d\u2019autre part d\u2019int\u00e9grer le monde professionnel.<\/p>\n<p>La formation s\u2019organise autour d\u2019enseignements th\u00e9oriques et pratiques auxquels s\u2019ajoutent des projets pluri-disciplinaires qui permettent de sensibiliser l\u2019\u00e9tudiant aux probl\u00e9matiques de laboratoire et industrielle. De nombreuses mutualisations avec les autres licences de la FST ou le d\u00e9partement GEII de l\u2019IUT permettent aux \u00e9tudiants de compl\u00e9ter leur formation et, le cas \u00e9ch\u00e9ant, de se r\u00e9orienter.<\/p>\n<p>La licence EEA est partenaire de la formation trinational ICS en proposant un parcours d\u00e9di\u00e9.<\/p>\n<h2>Objectifs<\/h2>\n<p>Cette formation permet d\u2019acqu\u00e9rir de solides comp\u00e9tences dans les m\u00e9tier de l\u2019\u00e9lectronique, des \u00e9nergies \u00e9lectriques, de l\u2019automatique et de l\u2019informatique industrielle. Elle s\u2019inscrit parfaitement dans le d\u00e9veloppement de l\u2019industrie du futur.<\/p>\n<p><span class=\"fontstyle0\">La formation s&rsquo;organise autour d&rsquo;enseignements th\u00e9oriques et pratiques auxquels s&rsquo;ajoutent des projets pluri-disciplinaires qui permettent de sensibiliser l&rsquo;\u00e9tudiant aux probl\u00e9matiques de laboratoire et industrielles. De nombreuses mutualisations avec les autres licences de la<br \/>\nFST ou le d\u00e9partement GEII de l&rsquo;IUT permettent aux \u00e9tudiants de compl\u00e9ter leur formation et, le cas \u00e9ch\u00e9ant, de se r\u00e9orienter.<\/span><\/p>\n<div class=\"su-accordion su-u-trim\">\n<div class=\"su-spoiler su-spoiler-style-fancy su-spoiler-icon-plus-circle su-spoiler-closed\" data-scroll-offset=\"0\" data-anchor-in-url=\"no\"><div class=\"su-spoiler-title\" tabindex=\"0\" role=\"button\"><span class=\"su-spoiler-icon\"><\/span>Admission<\/div><div class=\"su-spoiler-content su-u-clearfix su-u-trim\">La L1 est accessible aux d\u00e9tenteurs du bac (Scientifique ou technique).<\/p>\n<p>Lien vers la formation sur PARCOURSUP 2026 : <a href=\"https:\/\/dossier.parcoursup.fr\/Candidats\/public\/fiches\/afficherFicheFormation?g_ta_cod=44214&amp;typeBac=0\" target=\"_blank\" rel=\"noopener noreferrer\">Cliquer ici<\/a>.<\/p>\n<p>La L3 est accessible aux Bac+2 (DUT, BTS) uniquement par dossier \u00e9lectronique sur la plateforme <a href=\"https:\/\/ecandidat.uha.fr\" target=\"_blank\" rel=\"noopener\">e-candidat.uha.fr<\/a> (p\u00e9riode de candidature de mi avril \u00e0 fin mai 2023).<\/p>\n<p>La L3 est ouverte \u00e0 l\u2019international via <a href=\"https:\/\/www.campusfrance.org\/fr\">Campus France<\/a>.<br \/>\n<\/div><\/div>\n<div class=\"su-spoiler su-spoiler-style-fancy su-spoiler-icon-plus-circle su-spoiler-closed\" data-scroll-offset=\"0\" data-anchor-in-url=\"no\"><div class=\"su-spoiler-title\" tabindex=\"0\" role=\"button\"><span class=\"su-spoiler-icon\"><\/span>Poursuite d\u2019\u00e9tudes<\/div><div class=\"su-spoiler-content su-u-clearfix su-u-trim\">La licence EEA permet de poursuivre en master, <a href=\"https:\/\/www.fst.uha.fr\/index.php\/formations\/\">EEA<\/a> notamment, d\u2019int\u00e9grer des \u00e9coles d\u2019ing\u00e9nieur ou de s\u2019orienter vers une licence professionnelle.<br \/>\n<\/div><\/div>\n<div class=\"su-spoiler su-spoiler-style-fancy su-spoiler-icon-plus-circle su-spoiler-closed\" data-scroll-offset=\"0\" data-anchor-in-url=\"no\"><div class=\"su-spoiler-title\" tabindex=\"0\" role=\"button\"><span class=\"su-spoiler-icon\"><\/span>Modalit\u00e9s d\u2019enseignements<\/div><div class=\"su-spoiler-content su-u-clearfix su-u-trim\">Les enseignements se d\u00e9clinent sous la forme de cours, de travaux dirig\u00e9s et de travaux pratiques.<\/p>\n<p>Les comp\u00e9tences acquises sont mise \u0153uvres au cours de projets.<br \/>\n<\/div><\/div>\n<div class=\"su-spoiler su-spoiler-style-fancy su-spoiler-icon-plus-circle su-spoiler-closed\" data-scroll-offset=\"0\" data-anchor-in-url=\"no\"><div class=\"su-spoiler-title\" tabindex=\"0\" role=\"button\"><span class=\"su-spoiler-icon\"><\/span>Programme<\/div><div class=\"su-spoiler-content su-u-clearfix su-u-trim\">La premi\u00e8re ann\u00e9e est commune aux deux parcours de la licence SPI, EEA et m\u00e9canique. Elle permet d\u2019asseoir une base solide en sciences (math\u00e9matiques appliqu\u00e9es, loi fondamentale de la physique, etc.)<\/p>\n<p>En deuxi\u00e8me ann\u00e9e, l\u2019\u00e9tudiant approfondit les concepts fondamentaux et commence \u00e0 se sp\u00e9cialiser en choisissant des modules sp\u00e9cifiques (robotique mobile, logique s\u00e9quentielle par exemple).<\/p>\n<p>La troisi\u00e8me ann\u00e9e est sp\u00e9cifique au parcours. L\u2019\u00e9tudiant apprendra l\u2019instrumentation, la mod\u00e9lisation, l\u2019asservissement, les micro-contr\u00f4leurs, etc.<br \/>\n<\/div><\/div>\n<div class=\"su-spoiler su-spoiler-style-fancy su-spoiler-icon-plus-circle su-spoiler-closed\" data-scroll-offset=\"0\" data-anchor-in-url=\"no\"><div class=\"su-spoiler-title\" tabindex=\"0\" role=\"button\"><span class=\"su-spoiler-icon\"><\/span>Stage<\/div><div class=\"su-spoiler-content su-u-clearfix su-u-trim\">Un stage de 8 semaines est inscrit au programme de la deuxi\u00e8me ann\u00e9e.<br \/>\n<\/div><\/div><div class=\"su-spoiler su-spoiler-style-fancy su-spoiler-icon-plus-circle su-spoiler-closed\" data-scroll-offset=\"0\" data-anchor-in-url=\"no\"><div class=\"su-spoiler-title\" tabindex=\"0\" role=\"button\"><span class=\"su-spoiler-icon\"><\/span>Ouverture \u00e0 l'international<\/div><div class=\"su-spoiler-content su-u-clearfix su-u-trim\">Dans le cadre d&rsquo;<a href=\"http:\/\/www.eucor-uni.org\/\">Eucor &#8211; Le Campus europ\u00e9en<\/a>, les \u00e9tudiants de l\u2019<a href=\"http:\/\/www.uha.fr\/\">Universit\u00e9 de Haute-Alsace<\/a> peuvent exercer une UE libre en Allemagne.<\/p>\n<p>Une formation trinationnale en EEA \u2013 Information Communication System (ICS) &#8211; est propos\u00e9e en partenariat avec les <a href=\"http:\/\/www.iutmulhouse.uha.fr\/\">IUT de Mulhouse<\/a> et de <a href=\"http:\/\/www.iutcolmar.uha.fr\/\">Colmar<\/a> et des universit\u00e9s en Allemagne et en Suisse.<br \/>\n<\/div><\/div>\n<\/div>\n<\/div><\/div>\n<div class=\"su-column su-column-size-1-4\"><div class=\"su-column-inner su-u-clearfix su-u-trim\">\n<p><img loading=\"lazy\" decoding=\"async\" class=\"alignnone size-medium wp-image-3575\" src=\"https:\/\/www.fst.uha.fr\/wp-content\/uploads\/2022\/12\/DL_01_DNL_blanc-260x300.png\" alt=\"\" width=\"260\" height=\"300\" srcset=\"https:\/\/www.fst.uha.fr\/wp-content\/uploads\/2022\/12\/DL_01_DNL_blanc-260x300.png 260w, https:\/\/www.fst.uha.fr\/wp-content\/uploads\/2022\/12\/DL_01_DNL_blanc.png 600w\" sizes=\"auto, (max-width: 260px) 100vw, 260px\" \/><\/p>\n<h2>Responsable<\/h2>\n<p>Monsieur Abderazik BIROUCHE<br \/>\nCourriel : <a href=\"mailto:Abderazik.birouche@uha.fr\">Abderazik.birouche@uha.fr<\/a><br \/>\n<div class=\"su-divider su-divider-style-default\" style=\"margin:15px 0;border-width:3px;border-color:#999999\"><\/div>\n<h2>Scolarit\u00e9<\/h2>\n<p>Madame R\u00e9gine GSCHWINDENMANN<br \/>\nCourriel : <a href=\"mailto:regine.gschwindenmann@uha.fr\">regine.gschwindenmann@uha.fr <\/a><br \/>\nT\u00e9l. : <a href=\"tel:0389336212\">+33 (0)3 89 33 62 12<\/a><div class=\"su-divider su-divider-style-default\" style=\"margin:15px 0;border-width:3px;border-color:#999999\"><\/div>\n<h2>En savoir plus<\/h2>\n<ul>\n<li><a href=\"https:\/\/www.fst.uha.fr\/wp-content\/uploads\/2025\/01\/Plaquette-Licence-EEA.pdf\" target=\"_blank\" rel=\"noopener noreferrer\">Plaquette de licence EEA<\/a><\/li>\n<li><a href=\"https:\/\/www.fst.uha.fr\/wp-content\/uploads\/2018\/06\/Programme-d\u00e9taill\u00e9-licence-EEA.pdf\">Programme d\u00e9taill\u00e9 de la licence EEA<\/a><\/li>\n<li><a href=\"https:\/\/www.francecompetences.fr\/recherche\/rncp\/38980\/\" target=\"_blank\" rel=\"noopener\">Certification RNCP \u2013 France comp\u00e9tences<\/a><\/li>\n<\/ul>\n<\/div><\/div><\/div>\n","protected":false},"excerpt":{"rendered":"<p>Licences &gt; Licence \u00c9lectronique, \u00c9nergie \u00e9lectrique et Automatique Lien vers la formation sur PARCOURSUP 2026<\/p>\n","protected":false},"author":1,"featured_media":0,"parent":85,"menu_order":0,"comment_status":"closed","ping_status":"closed","template":"","meta":{"footnotes":""},"categories":[],"tags":[],"class_list":["post-162","page","type-page","status-publish","hentry"],"yoast_head":"<!-- This site is optimized with the Yoast SEO plugin v27.0 - https:\/\/yoast.com\/product\/yoast-seo-wordpress\/ -->\n<title>Licence \u00c9lectronique, \u00c9nergie \u00e9lectrique et Automatique - FST - Facult\u00e9 des Sciences et Techniques | Universit\u00e9 de Haute-Alsace<\/title>\n<meta name=\"robots\" content=\"index, follow, max-snippet:-1, max-image-preview:large, max-video-preview:-1\" \/>\n<link rel=\"canonical\" href=\"https:\/\/www.fst.uha.fr\/index.php\/formations\/licences\/licence-eea\/\" \/>\n<meta property=\"og:locale\" content=\"fr_FR\" \/>\n<meta property=\"og:type\" content=\"article\" \/>\n<meta property=\"og:title\" content=\"Licence \u00c9lectronique, \u00c9nergie \u00e9lectrique et Automatique - FST - Facult\u00e9 des Sciences et Techniques | Universit\u00e9 de Haute-Alsace\" \/>\n<meta property=\"og:description\" content=\"Licences &gt; Licence \u00c9lectronique, \u00c9nergie \u00e9lectrique et Automatique Lien vers la formation sur PARCOURSUP 2026\" \/>\n<meta property=\"og:url\" content=\"https:\/\/www.fst.uha.fr\/index.php\/formations\/licences\/licence-eea\/\" \/>\n<meta property=\"og:site_name\" content=\"FST - Facult\u00e9 des Sciences et Techniques | Universit\u00e9 de Haute-Alsace\" \/>\n<meta property=\"article:modified_time\" content=\"2026-01-23T08:54:36+00:00\" \/>\n<meta property=\"og:image\" content=\"https:\/\/www.fst.uha.fr\/wp-content\/uploads\/2018\/04\/LEEA.png\" \/>\n\t<meta property=\"og:image:width\" content=\"1920\" \/>\n\t<meta property=\"og:image:height\" content=\"501\" \/>\n\t<meta property=\"og:image:type\" content=\"image\/png\" \/>\n<meta name=\"twitter:card\" content=\"summary_large_image\" \/>\n<meta name=\"twitter:label1\" content=\"Dur\u00e9e de lecture estim\u00e9e\" \/>\n\t<meta name=\"twitter:data1\" content=\"4 minutes\" \/>\n<script type=\"application\/ld+json\" class=\"yoast-schema-graph\">{\"@context\":\"https:\/\/schema.org\",\"@graph\":[{\"@type\":\"WebPage\",\"@id\":\"https:\/\/www.fst.uha.fr\/index.php\/formations\/licences\/licence-eea\/\",\"url\":\"https:\/\/www.fst.uha.fr\/index.php\/formations\/licences\/licence-eea\/\",\"name\":\"Licence \u00c9lectronique, \u00c9nergie \u00e9lectrique et Automatique - FST - Facult\u00e9 des Sciences et Techniques | Universit\u00e9 de Haute-Alsace\",\"isPartOf\":{\"@id\":\"https:\/\/www.fst.uha.fr\/#website\"},\"primaryImageOfPage\":{\"@id\":\"https:\/\/www.fst.uha.fr\/index.php\/formations\/licences\/licence-eea\/#primaryimage\"},\"image\":{\"@id\":\"https:\/\/www.fst.uha.fr\/index.php\/formations\/licences\/licence-eea\/#primaryimage\"},\"thumbnailUrl\":\"https:\/\/www.fst.uha.fr\/wp-content\/uploads\/2018\/04\/LEEA.png\",\"datePublished\":\"2018-04-25T14:00:30+00:00\",\"dateModified\":\"2026-01-23T08:54:36+00:00\",\"breadcrumb\":{\"@id\":\"https:\/\/www.fst.uha.fr\/index.php\/formations\/licences\/licence-eea\/#breadcrumb\"},\"inLanguage\":\"fr-FR\",\"potentialAction\":[{\"@type\":\"ReadAction\",\"target\":[\"https:\/\/www.fst.uha.fr\/index.php\/formations\/licences\/licence-eea\/\"]}]},{\"@type\":\"ImageObject\",\"inLanguage\":\"fr-FR\",\"@id\":\"https:\/\/www.fst.uha.fr\/index.php\/formations\/licences\/licence-eea\/#primaryimage\",\"url\":\"https:\/\/www.fst.uha.fr\/wp-content\/uploads\/2018\/04\/LEEA.png\",\"contentUrl\":\"https:\/\/www.fst.uha.fr\/wp-content\/uploads\/2018\/04\/LEEA.png\"},{\"@type\":\"BreadcrumbList\",\"@id\":\"https:\/\/www.fst.uha.fr\/index.php\/formations\/licences\/licence-eea\/#breadcrumb\",\"itemListElement\":[{\"@type\":\"ListItem\",\"position\":1,\"name\":\"Accueil\",\"item\":\"https:\/\/www.fst.uha.fr\/\"},{\"@type\":\"ListItem\",\"position\":2,\"name\":\"Nos formations\",\"item\":\"https:\/\/www.fst.uha.fr\/index.php\/formations\/\"},{\"@type\":\"ListItem\",\"position\":3,\"name\":\"Licences\",\"item\":\"https:\/\/www.fst.uha.fr\/index.php\/formations\/licences\/\"},{\"@type\":\"ListItem\",\"position\":4,\"name\":\"Licence \u00c9lectronique, \u00c9nergie \u00e9lectrique et Automatique\"}]},{\"@type\":\"WebSite\",\"@id\":\"https:\/\/www.fst.uha.fr\/#website\",\"url\":\"https:\/\/www.fst.uha.fr\/\",\"name\":\"FST - Facult\u00e9 des Sciences et Techniques | Universit\u00e9 de Haute-Alsace\",\"description\":\"Campus Illberg | Universit\u00e9 de Haute-Alsace\",\"potentialAction\":[{\"@type\":\"SearchAction\",\"target\":{\"@type\":\"EntryPoint\",\"urlTemplate\":\"https:\/\/www.fst.uha.fr\/?s={search_term_string}\"},\"query-input\":{\"@type\":\"PropertyValueSpecification\",\"valueRequired\":true,\"valueName\":\"search_term_string\"}}],\"inLanguage\":\"fr-FR\"}]}<\/script>\n<!-- \/ Yoast SEO plugin. -->","yoast_head_json":{"title":"Licence \u00c9lectronique, \u00c9nergie \u00e9lectrique et Automatique - FST - Facult\u00e9 des Sciences et Techniques | Universit\u00e9 de Haute-Alsace","robots":{"index":"index","follow":"follow","max-snippet":"max-snippet:-1","max-image-preview":"max-image-preview:large","max-video-preview":"max-video-preview:-1"},"canonical":"https:\/\/www.fst.uha.fr\/index.php\/formations\/licences\/licence-eea\/","og_locale":"fr_FR","og_type":"article","og_title":"Licence \u00c9lectronique, \u00c9nergie \u00e9lectrique et Automatique - FST - Facult\u00e9 des Sciences et Techniques | Universit\u00e9 de Haute-Alsace","og_description":"Licences &gt; Licence \u00c9lectronique, \u00c9nergie \u00e9lectrique et Automatique Lien vers la formation sur PARCOURSUP 2026","og_url":"https:\/\/www.fst.uha.fr\/index.php\/formations\/licences\/licence-eea\/","og_site_name":"FST - Facult\u00e9 des Sciences et Techniques | Universit\u00e9 de Haute-Alsace","article_modified_time":"2026-01-23T08:54:36+00:00","og_image":[{"width":1920,"height":501,"url":"https:\/\/www.fst.uha.fr\/wp-content\/uploads\/2018\/04\/LEEA.png","type":"image\/png"}],"twitter_card":"summary_large_image","twitter_misc":{"Dur\u00e9e de lecture estim\u00e9e":"4 minutes"},"schema":{"@context":"https:\/\/schema.org","@graph":[{"@type":"WebPage","@id":"https:\/\/www.fst.uha.fr\/index.php\/formations\/licences\/licence-eea\/","url":"https:\/\/www.fst.uha.fr\/index.php\/formations\/licences\/licence-eea\/","name":"Licence \u00c9lectronique, \u00c9nergie \u00e9lectrique et Automatique - FST - Facult\u00e9 des Sciences et Techniques | Universit\u00e9 de Haute-Alsace","isPartOf":{"@id":"https:\/\/www.fst.uha.fr\/#website"},"primaryImageOfPage":{"@id":"https:\/\/www.fst.uha.fr\/index.php\/formations\/licences\/licence-eea\/#primaryimage"},"image":{"@id":"https:\/\/www.fst.uha.fr\/index.php\/formations\/licences\/licence-eea\/#primaryimage"},"thumbnailUrl":"https:\/\/www.fst.uha.fr\/wp-content\/uploads\/2018\/04\/LEEA.png","datePublished":"2018-04-25T14:00:30+00:00","dateModified":"2026-01-23T08:54:36+00:00","breadcrumb":{"@id":"https:\/\/www.fst.uha.fr\/index.php\/formations\/licences\/licence-eea\/#breadcrumb"},"inLanguage":"fr-FR","potentialAction":[{"@type":"ReadAction","target":["https:\/\/www.fst.uha.fr\/index.php\/formations\/licences\/licence-eea\/"]}]},{"@type":"ImageObject","inLanguage":"fr-FR","@id":"https:\/\/www.fst.uha.fr\/index.php\/formations\/licences\/licence-eea\/#primaryimage","url":"https:\/\/www.fst.uha.fr\/wp-content\/uploads\/2018\/04\/LEEA.png","contentUrl":"https:\/\/www.fst.uha.fr\/wp-content\/uploads\/2018\/04\/LEEA.png"},{"@type":"BreadcrumbList","@id":"https:\/\/www.fst.uha.fr\/index.php\/formations\/licences\/licence-eea\/#breadcrumb","itemListElement":[{"@type":"ListItem","position":1,"name":"Accueil","item":"https:\/\/www.fst.uha.fr\/"},{"@type":"ListItem","position":2,"name":"Nos formations","item":"https:\/\/www.fst.uha.fr\/index.php\/formations\/"},{"@type":"ListItem","position":3,"name":"Licences","item":"https:\/\/www.fst.uha.fr\/index.php\/formations\/licences\/"},{"@type":"ListItem","position":4,"name":"Licence \u00c9lectronique, \u00c9nergie \u00e9lectrique et Automatique"}]},{"@type":"WebSite","@id":"https:\/\/www.fst.uha.fr\/#website","url":"https:\/\/www.fst.uha.fr\/","name":"FST - Facult\u00e9 des Sciences et Techniques | Universit\u00e9 de Haute-Alsace","description":"Campus Illberg | Universit\u00e9 de Haute-Alsace","potentialAction":[{"@type":"SearchAction","target":{"@type":"EntryPoint","urlTemplate":"https:\/\/www.fst.uha.fr\/?s={search_term_string}"},"query-input":{"@type":"PropertyValueSpecification","valueRequired":true,"valueName":"search_term_string"}}],"inLanguage":"fr-FR"}]}},"_links":{"self":[{"href":"https:\/\/www.fst.uha.fr\/index.php\/wp-json\/wp\/v2\/pages\/162","targetHints":{"allow":["GET"]}}],"collection":[{"href":"https:\/\/www.fst.uha.fr\/index.php\/wp-json\/wp\/v2\/pages"}],"about":[{"href":"https:\/\/www.fst.uha.fr\/index.php\/wp-json\/wp\/v2\/types\/page"}],"author":[{"embeddable":true,"href":"https:\/\/www.fst.uha.fr\/index.php\/wp-json\/wp\/v2\/users\/1"}],"replies":[{"embeddable":true,"href":"https:\/\/www.fst.uha.fr\/index.php\/wp-json\/wp\/v2\/comments?post=162"}],"version-history":[{"count":35,"href":"https:\/\/www.fst.uha.fr\/index.php\/wp-json\/wp\/v2\/pages\/162\/revisions"}],"predecessor-version":[{"id":5390,"href":"https:\/\/www.fst.uha.fr\/index.php\/wp-json\/wp\/v2\/pages\/162\/revisions\/5390"}],"up":[{"embeddable":true,"href":"https:\/\/www.fst.uha.fr\/index.php\/wp-json\/wp\/v2\/pages\/85"}],"wp:attachment":[{"href":"https:\/\/www.fst.uha.fr\/index.php\/wp-json\/wp\/v2\/media?parent=162"}],"wp:term":[{"taxonomy":"category","embeddable":true,"href":"https:\/\/www.fst.uha.fr\/index.php\/wp-json\/wp\/v2\/categories?post=162"},{"taxonomy":"post_tag","embeddable":true,"href":"https:\/\/www.fst.uha.fr\/index.php\/wp-json\/wp\/v2\/tags?post=162"}],"curies":[{"name":"wp","href":"https:\/\/api.w.org\/{rel}","templated":true}]}}