{"id":166,"date":"2018-04-25T16:01:36","date_gmt":"2018-04-25T14:01:36","guid":{"rendered":"https:\/\/www.fst.uha.fr\/?page_id=166"},"modified":"2025-03-13T15:19:28","modified_gmt":"2025-03-13T14:19:28","slug":"licence-mecanique","status":"publish","type":"page","link":"https:\/\/www.fst.uha.fr\/index.php\/formations\/licences\/licence-mecanique\/","title":{"rendered":"Licence 3 SPI : M\u00e9canique"},"content":{"rendered":"<p><a href=\"https:\/\/www.fst.uha.fr\/index.php\/formations\/\">Licences<\/a> &gt; <strong>Licence 3 SPI : M\u00e9canique<\/strong><\/p>\n<p><img loading=\"lazy\" decoding=\"async\" class=\"alignnone wp-image-3614\" src=\"https:\/\/www.fst.uha.fr\/wp-content\/uploads\/2022\/12\/bandeau_meca_2022-300x79.png\" alt=\"\" width=\"1064\" height=\"280\" srcset=\"https:\/\/www.fst.uha.fr\/wp-content\/uploads\/2022\/12\/bandeau_meca_2022-300x79.png 300w, https:\/\/www.fst.uha.fr\/wp-content\/uploads\/2022\/12\/bandeau_meca_2022-1024x268.png 1024w, https:\/\/www.fst.uha.fr\/wp-content\/uploads\/2022\/12\/bandeau_meca_2022-768x201.png 768w\" sizes=\"auto, (max-width: 1064px) 100vw, 1064px\" \/><\/p>\n<div class=\"su-row\"><div class=\"su-column su-column-size-3-4\"><div class=\"su-column-inner su-u-clearfix su-u-trim\">\n<h2>Pr\u00e9sentation<\/h2>\n<p>Cette formation permet d\u2019acqu\u00e9rir des comp\u00e9tences pour r\u00e9fl\u00e9chir et d\u00e9velopper l\u2019industrie du futur.<br \/>\n<strong>La licence 3 SPI M\u00e9canique s\u2019arr\u00eatera en juin 2026. L&rsquo;ann\u00e9e 2025-2026 sera la derni\u00e8re ann\u00e9e vous permettant de valider la licence SPI M\u00e9canique.<\/strong><\/p>\n<h2>Objectifs<\/h2>\n<p>L&rsquo;objectif de ce parcours est de donner aux \u00e9tudiants une formation g\u00e9n\u00e9rale en m\u00e9canique et g\u00e9nie m\u00e9canique. Cette mention permet de se diriger vers le domaine de la recherche ou de l&rsquo;enseignement technologique et vers des emplois de cadres dans le secteur de la m\u00e9canique.<br \/>\n<div class=\"su-accordion su-u-trim\">\n<div class=\"su-spoiler su-spoiler-style-fancy su-spoiler-icon-plus-circle su-spoiler-closed\" data-scroll-offset=\"0\" data-anchor-in-url=\"no\"><div class=\"su-spoiler-title\" tabindex=\"0\" role=\"button\"><span class=\"su-spoiler-icon\"><\/span>Admission<\/div><div class=\"su-spoiler-content su-u-clearfix su-u-trim\">\n<p><strong>L\u2019acc\u00e8s en Licence Sciences et Technologies \u00e0 la rentr\u00e9e 2025 ne sera accessible qu\u2019en licence 3 SPI.<\/strong><\/p>\n<p>L\u2019entr\u00e9e en 3<sup>\u00e8me<\/sup> ann\u00e9e est ouverte aux bac+2 uniquement par dossier \u00e9lectronique sur la plateforme <a href=\"https:\/\/ecandidat.uha.fr\" target=\"_blank\" rel=\"noopener\">e-candidat.uha.fr<\/a> (p\u00e9riode de candidature de mi avril \u00e0 fin mai 2025) et \u00e0 l&rsquo;international via <a href=\"https:\/\/www.campusfrance.org\/fr\" target=\"_blank\" rel=\"noopener\">Campus France<\/a>.<br \/>\n<strong>La licence 3 SPI M\u00e9canique s\u2019arr\u00eatera en juin 2026. L&rsquo;ann\u00e9e 2025-2026 sera la derni\u00e8re ann\u00e9e vous permettant de valider la licence SPI M\u00e9canique.<\/strong><\/p>\n<p>Des passerelles existent permettant aux \u00e9tudiants de BTS, DUT, \u00e9l\u00e8ves ing\u00e9nieurs en r\u00e9orientation, d\u2019int\u00e9grer la Licence.<br \/>\n<\/div><\/div>\n<div class=\"su-spoiler su-spoiler-style-fancy su-spoiler-icon-plus-circle su-spoiler-closed\" data-scroll-offset=\"0\" data-anchor-in-url=\"no\"><div class=\"su-spoiler-title\" tabindex=\"0\" role=\"button\"><span class=\"su-spoiler-icon\"><\/span>Poursuite d\u2019\u00e9tudes<\/div><div class=\"su-spoiler-content su-u-clearfix su-u-trim\">La vocation premi\u00e8re de cette mention de licence SPI est de <strong>permettre aux \u00e9tudiants de poursuivre dans un cycle de master ou d&rsquo;int\u00e9grer une premi\u00e8re ann\u00e9e d\u2019\u00e9cole d\u2019ing\u00e9nieur<\/strong>, comme par exemple l\u2019<a href=\"http:\/\/www.ensisa.uha.fr\/accueil\/etudes\/ecole-ingenieur-mecanique\/\">ENSISA<\/a> au sein de l\u2019UHA,<\/p>\n<\/div><\/div>\n<div class=\"su-spoiler su-spoiler-style-fancy su-spoiler-icon-plus-circle su-spoiler-closed\" data-scroll-offset=\"0\" data-anchor-in-url=\"no\"><div class=\"su-spoiler-title\" tabindex=\"0\" role=\"button\"><span class=\"su-spoiler-icon\"><\/span>Modalit\u00e9s d\u2019enseignements<\/div><div class=\"su-spoiler-content su-u-clearfix su-u-trim\">La licence 3 est organis\u00e9e en 2 semestres : chaque semestre compte 30 cr\u00e9dits ECTS (Equivalent Credit Transfert System) et est compos\u00e9 d&rsquo;unit\u00e9s d&rsquo;enseignement (UE). <strong>La licence sera d\u00e9livr\u00e9e par l&rsquo;obtention de 60 cr\u00e9dits.<\/strong><\/p>\n<p>Les enseignements se d\u00e9clinent sous la forme de cours, de travaux dirig\u00e9s et de travaux pratiques. Les comp\u00e9tences acquises sont mises en \u0153uvre au cours de projets.<br \/>\n<\/div><\/div>\n<div class=\"su-spoiler su-spoiler-style-fancy su-spoiler-icon-plus-circle su-spoiler-closed\" data-scroll-offset=\"0\" data-anchor-in-url=\"no\"><div class=\"su-spoiler-title\" tabindex=\"0\" role=\"button\"><span class=\"su-spoiler-icon\"><\/span>Programme<\/div><div class=\"su-spoiler-content su-u-clearfix su-u-trim\">\n<p>La formation permet de se sp\u00e9cialiser progressivement en m\u00e9canique durant le 5<sup>\u00e8me<\/sup> semestre avec des enseignements sp\u00e9cifiques tels que la propulsion, la transmission de puissance ou encore la m\u00e9canique de la liaison au sol.<\/p>\n<p>Cette 3<sup>\u00e8me<\/sup> ann\u00e9e permet \u00e9galement aux \u00e9tudiants d\u2019approfondir leurs connaissances dans diff\u00e9rents domaines comme le g\u00e9nie m\u00e9canique, les syst\u00e8mes m\u00e9caniques ou encore l\u2019\u00e9tude des mat\u00e9riaux.<\/p>\n<\/div><\/div>\n<\/div>\n<\/div><\/div>\n<div class=\"su-column su-column-size-1-4\"><div class=\"su-column-inner su-u-clearfix su-u-trim\">\n<p>&nbsp;<\/p>\n<p><img loading=\"lazy\" decoding=\"async\" class=\"size-medium wp-image-3575 aligncenter\" src=\"https:\/\/www.fst.uha.fr\/wp-content\/uploads\/2022\/12\/DL_01_DNL_blanc-260x300.png\" alt=\"\" width=\"260\" height=\"300\" srcset=\"https:\/\/www.fst.uha.fr\/wp-content\/uploads\/2022\/12\/DL_01_DNL_blanc-260x300.png 260w, https:\/\/www.fst.uha.fr\/wp-content\/uploads\/2022\/12\/DL_01_DNL_blanc.png 600w\" sizes=\"auto, (max-width: 260px) 100vw, 260px\" \/><\/p>\n<h2>Responsable<\/h2>\n<p>Monsieur Andr\u00e9 HOFFMANN<br \/>\nCourriel : <a href=\"mailto:andre.hoffmann@uha.fr\" target=\"_blank\" rel=\"noopener\">andre.hoffmann@uha.fr<\/a><\/p>\n<h2>Scolarit\u00e9 et admission (Renseignements et Dossiers)<\/h2>\n<p>Madame R\u00e9gine GSCHWINDENMANN<br \/>\n<span id=\"OBJ_PREFIX_DWT727_ZmEmailObjectHandler\" class=\"Object\" role=\"link\"><span id=\"OBJ_PREFIX_DWT746_ZmEmailObjectHandler\" class=\"Object-hover\" role=\"link\"><a href=\"mailto:regine.gschwindenmann@uha.fr\" target=\"_blank\" rel=\"noopener\">regine.gschwindenmann@uha.fr<\/a><\/span><\/span><\/p>\n<p><span id=\"OBJ_PREFIX_DWT727_ZmEmailObjectHandler\" class=\"Object\" role=\"link\"><span id=\"OBJ_PREFIX_DWT746_ZmEmailObjectHandler\" class=\"Object-hover\" role=\"link\"><\/span><\/span>T\u00e9l. : <a href=\"callto:+33 (0)389 33 62 12\">03 89 33 62 12<\/a><\/p>\n<h2>En savoir plus<\/h2>\n<ul>\n<li><a href=\"https:\/\/www.fst.uha.fr\/wp-content\/uploads\/2024\/02\/Licence-SPI-parcours-Mecanique-1.pdf\">Plaquette de licence M\u00e9canique<\/a><\/li>\n<li><a href=\"https:\/\/www.fst.uha.fr\/wp-content\/uploads\/2022\/12\/Programme-detaille-licence-mecanique.pdf\">Programme d\u00e9taill\u00e9 de la licence M\u00e9canique<\/a><\/li>\n<li><a href=\"https:\/\/www.francecompetences.fr\/recherche\/rncp\/38980\/\" target=\"_blank\" rel=\"noopener\">Certification RNCP \u2013 France comp\u00e9tences<\/a><\/li>\n<\/ul>\n<\/div><\/div><\/div>\n","protected":false},"excerpt":{"rendered":"<p>Licences &gt; Licence 3 SPI : M\u00e9canique<\/p>\n","protected":false},"author":1,"featured_media":0,"parent":85,"menu_order":0,"comment_status":"closed","ping_status":"closed","template":"","meta":{"footnotes":""},"categories":[],"tags":[],"class_list":["post-166","page","type-page","status-publish","hentry"],"yoast_head":"<!-- This site is optimized with the Yoast SEO plugin v27.0 - https:\/\/yoast.com\/product\/yoast-seo-wordpress\/ -->\n<title>Licence 3 SPI : M\u00e9canique - FST - Facult\u00e9 des Sciences et Techniques | Universit\u00e9 de Haute-Alsace<\/title>\n<meta name=\"robots\" content=\"index, follow, max-snippet:-1, max-image-preview:large, max-video-preview:-1\" \/>\n<link rel=\"canonical\" href=\"https:\/\/www.fst.uha.fr\/index.php\/formations\/licences\/licence-mecanique\/\" \/>\n<meta property=\"og:locale\" content=\"fr_FR\" \/>\n<meta property=\"og:type\" content=\"article\" \/>\n<meta property=\"og:title\" content=\"Licence 3 SPI : M\u00e9canique - FST - Facult\u00e9 des Sciences et Techniques | Universit\u00e9 de Haute-Alsace\" \/>\n<meta property=\"og:description\" content=\"Licences &gt; Licence 3 SPI : M\u00e9canique\" \/>\n<meta property=\"og:url\" content=\"https:\/\/www.fst.uha.fr\/index.php\/formations\/licences\/licence-mecanique\/\" \/>\n<meta property=\"og:site_name\" content=\"FST - Facult\u00e9 des Sciences et Techniques | Universit\u00e9 de Haute-Alsace\" \/>\n<meta property=\"article:modified_time\" content=\"2025-03-13T14:19:28+00:00\" \/>\n<meta property=\"og:image\" content=\"https:\/\/www.fst.uha.fr\/wp-content\/uploads\/2022\/12\/bandeau_meca_2022-1024x268.png\" \/>\n\t<meta property=\"og:image:width\" content=\"1024\" \/>\n\t<meta property=\"og:image:height\" content=\"268\" \/>\n\t<meta property=\"og:image:type\" content=\"image\/png\" \/>\n<meta name=\"twitter:card\" content=\"summary_large_image\" \/>\n<meta name=\"twitter:label1\" content=\"Dur\u00e9e de lecture estim\u00e9e\" \/>\n\t<meta name=\"twitter:data1\" content=\"3 minutes\" \/>\n<script type=\"application\/ld+json\" class=\"yoast-schema-graph\">{\"@context\":\"https:\/\/schema.org\",\"@graph\":[{\"@type\":\"WebPage\",\"@id\":\"https:\/\/www.fst.uha.fr\/index.php\/formations\/licences\/licence-mecanique\/\",\"url\":\"https:\/\/www.fst.uha.fr\/index.php\/formations\/licences\/licence-mecanique\/\",\"name\":\"Licence 3 SPI : M\u00e9canique - FST - Facult\u00e9 des Sciences et Techniques | Universit\u00e9 de Haute-Alsace\",\"isPartOf\":{\"@id\":\"https:\/\/www.fst.uha.fr\/#website\"},\"primaryImageOfPage\":{\"@id\":\"https:\/\/www.fst.uha.fr\/index.php\/formations\/licences\/licence-mecanique\/#primaryimage\"},\"image\":{\"@id\":\"https:\/\/www.fst.uha.fr\/index.php\/formations\/licences\/licence-mecanique\/#primaryimage\"},\"thumbnailUrl\":\"https:\/\/www.fst.uha.fr\/wp-content\/uploads\/2022\/12\/bandeau_meca_2022-300x79.png\",\"datePublished\":\"2018-04-25T14:01:36+00:00\",\"dateModified\":\"2025-03-13T14:19:28+00:00\",\"breadcrumb\":{\"@id\":\"https:\/\/www.fst.uha.fr\/index.php\/formations\/licences\/licence-mecanique\/#breadcrumb\"},\"inLanguage\":\"fr-FR\",\"potentialAction\":[{\"@type\":\"ReadAction\",\"target\":[\"https:\/\/www.fst.uha.fr\/index.php\/formations\/licences\/licence-mecanique\/\"]}]},{\"@type\":\"ImageObject\",\"inLanguage\":\"fr-FR\",\"@id\":\"https:\/\/www.fst.uha.fr\/index.php\/formations\/licences\/licence-mecanique\/#primaryimage\",\"url\":\"https:\/\/www.fst.uha.fr\/wp-content\/uploads\/2022\/12\/bandeau_meca_2022.png\",\"contentUrl\":\"https:\/\/www.fst.uha.fr\/wp-content\/uploads\/2022\/12\/bandeau_meca_2022.png\",\"width\":7500,\"height\":1963},{\"@type\":\"BreadcrumbList\",\"@id\":\"https:\/\/www.fst.uha.fr\/index.php\/formations\/licences\/licence-mecanique\/#breadcrumb\",\"itemListElement\":[{\"@type\":\"ListItem\",\"position\":1,\"name\":\"Accueil\",\"item\":\"https:\/\/www.fst.uha.fr\/\"},{\"@type\":\"ListItem\",\"position\":2,\"name\":\"Nos formations\",\"item\":\"https:\/\/www.fst.uha.fr\/index.php\/formations\/\"},{\"@type\":\"ListItem\",\"position\":3,\"name\":\"Licences\",\"item\":\"https:\/\/www.fst.uha.fr\/index.php\/formations\/licences\/\"},{\"@type\":\"ListItem\",\"position\":4,\"name\":\"Licence 3 SPI : M\u00e9canique\"}]},{\"@type\":\"WebSite\",\"@id\":\"https:\/\/www.fst.uha.fr\/#website\",\"url\":\"https:\/\/www.fst.uha.fr\/\",\"name\":\"FST - Facult\u00e9 des Sciences et Techniques | Universit\u00e9 de Haute-Alsace\",\"description\":\"Campus Illberg | Universit\u00e9 de Haute-Alsace\",\"potentialAction\":[{\"@type\":\"SearchAction\",\"target\":{\"@type\":\"EntryPoint\",\"urlTemplate\":\"https:\/\/www.fst.uha.fr\/?s={search_term_string}\"},\"query-input\":{\"@type\":\"PropertyValueSpecification\",\"valueRequired\":true,\"valueName\":\"search_term_string\"}}],\"inLanguage\":\"fr-FR\"}]}<\/script>\n<!-- \/ Yoast SEO plugin. -->","yoast_head_json":{"title":"Licence 3 SPI : M\u00e9canique - FST - Facult\u00e9 des Sciences et Techniques | Universit\u00e9 de Haute-Alsace","robots":{"index":"index","follow":"follow","max-snippet":"max-snippet:-1","max-image-preview":"max-image-preview:large","max-video-preview":"max-video-preview:-1"},"canonical":"https:\/\/www.fst.uha.fr\/index.php\/formations\/licences\/licence-mecanique\/","og_locale":"fr_FR","og_type":"article","og_title":"Licence 3 SPI : M\u00e9canique - FST - Facult\u00e9 des Sciences et Techniques | Universit\u00e9 de Haute-Alsace","og_description":"Licences &gt; Licence 3 SPI : M\u00e9canique","og_url":"https:\/\/www.fst.uha.fr\/index.php\/formations\/licences\/licence-mecanique\/","og_site_name":"FST - Facult\u00e9 des Sciences et Techniques | Universit\u00e9 de Haute-Alsace","article_modified_time":"2025-03-13T14:19:28+00:00","og_image":[{"width":1024,"height":268,"url":"https:\/\/www.fst.uha.fr\/wp-content\/uploads\/2022\/12\/bandeau_meca_2022-1024x268.png","type":"image\/png"}],"twitter_card":"summary_large_image","twitter_misc":{"Dur\u00e9e de lecture estim\u00e9e":"3 minutes"},"schema":{"@context":"https:\/\/schema.org","@graph":[{"@type":"WebPage","@id":"https:\/\/www.fst.uha.fr\/index.php\/formations\/licences\/licence-mecanique\/","url":"https:\/\/www.fst.uha.fr\/index.php\/formations\/licences\/licence-mecanique\/","name":"Licence 3 SPI : M\u00e9canique - FST - Facult\u00e9 des Sciences et Techniques | Universit\u00e9 de Haute-Alsace","isPartOf":{"@id":"https:\/\/www.fst.uha.fr\/#website"},"primaryImageOfPage":{"@id":"https:\/\/www.fst.uha.fr\/index.php\/formations\/licences\/licence-mecanique\/#primaryimage"},"image":{"@id":"https:\/\/www.fst.uha.fr\/index.php\/formations\/licences\/licence-mecanique\/#primaryimage"},"thumbnailUrl":"https:\/\/www.fst.uha.fr\/wp-content\/uploads\/2022\/12\/bandeau_meca_2022-300x79.png","datePublished":"2018-04-25T14:01:36+00:00","dateModified":"2025-03-13T14:19:28+00:00","breadcrumb":{"@id":"https:\/\/www.fst.uha.fr\/index.php\/formations\/licences\/licence-mecanique\/#breadcrumb"},"inLanguage":"fr-FR","potentialAction":[{"@type":"ReadAction","target":["https:\/\/www.fst.uha.fr\/index.php\/formations\/licences\/licence-mecanique\/"]}]},{"@type":"ImageObject","inLanguage":"fr-FR","@id":"https:\/\/www.fst.uha.fr\/index.php\/formations\/licences\/licence-mecanique\/#primaryimage","url":"https:\/\/www.fst.uha.fr\/wp-content\/uploads\/2022\/12\/bandeau_meca_2022.png","contentUrl":"https:\/\/www.fst.uha.fr\/wp-content\/uploads\/2022\/12\/bandeau_meca_2022.png","width":7500,"height":1963},{"@type":"BreadcrumbList","@id":"https:\/\/www.fst.uha.fr\/index.php\/formations\/licences\/licence-mecanique\/#breadcrumb","itemListElement":[{"@type":"ListItem","position":1,"name":"Accueil","item":"https:\/\/www.fst.uha.fr\/"},{"@type":"ListItem","position":2,"name":"Nos formations","item":"https:\/\/www.fst.uha.fr\/index.php\/formations\/"},{"@type":"ListItem","position":3,"name":"Licences","item":"https:\/\/www.fst.uha.fr\/index.php\/formations\/licences\/"},{"@type":"ListItem","position":4,"name":"Licence 3 SPI : M\u00e9canique"}]},{"@type":"WebSite","@id":"https:\/\/www.fst.uha.fr\/#website","url":"https:\/\/www.fst.uha.fr\/","name":"FST - Facult\u00e9 des Sciences et Techniques | Universit\u00e9 de Haute-Alsace","description":"Campus Illberg | Universit\u00e9 de Haute-Alsace","potentialAction":[{"@type":"SearchAction","target":{"@type":"EntryPoint","urlTemplate":"https:\/\/www.fst.uha.fr\/?s={search_term_string}"},"query-input":{"@type":"PropertyValueSpecification","valueRequired":true,"valueName":"search_term_string"}}],"inLanguage":"fr-FR"}]}},"_links":{"self":[{"href":"https:\/\/www.fst.uha.fr\/index.php\/wp-json\/wp\/v2\/pages\/166","targetHints":{"allow":["GET"]}}],"collection":[{"href":"https:\/\/www.fst.uha.fr\/index.php\/wp-json\/wp\/v2\/pages"}],"about":[{"href":"https:\/\/www.fst.uha.fr\/index.php\/wp-json\/wp\/v2\/types\/page"}],"author":[{"embeddable":true,"href":"https:\/\/www.fst.uha.fr\/index.php\/wp-json\/wp\/v2\/users\/1"}],"replies":[{"embeddable":true,"href":"https:\/\/www.fst.uha.fr\/index.php\/wp-json\/wp\/v2\/comments?post=166"}],"version-history":[{"count":38,"href":"https:\/\/www.fst.uha.fr\/index.php\/wp-json\/wp\/v2\/pages\/166\/revisions"}],"predecessor-version":[{"id":4964,"href":"https:\/\/www.fst.uha.fr\/index.php\/wp-json\/wp\/v2\/pages\/166\/revisions\/4964"}],"up":[{"embeddable":true,"href":"https:\/\/www.fst.uha.fr\/index.php\/wp-json\/wp\/v2\/pages\/85"}],"wp:attachment":[{"href":"https:\/\/www.fst.uha.fr\/index.php\/wp-json\/wp\/v2\/media?parent=166"}],"wp:term":[{"taxonomy":"category","embeddable":true,"href":"https:\/\/www.fst.uha.fr\/index.php\/wp-json\/wp\/v2\/categories?post=166"},{"taxonomy":"post_tag","embeddable":true,"href":"https:\/\/www.fst.uha.fr\/index.php\/wp-json\/wp\/v2\/tags?post=166"}],"curies":[{"name":"wp","href":"https:\/\/api.w.org\/{rel}","templated":true}]}}