{"id":187,"date":"2018-04-25T16:10:22","date_gmt":"2018-04-25T14:10:22","guid":{"rendered":"https:\/\/www.fst.uha.fr\/?page_id=187"},"modified":"2025-01-17T11:37:44","modified_gmt":"2025-01-17T10:37:44","slug":"master-informatique-et-mobilite","status":"publish","type":"page","link":"https:\/\/www.fst.uha.fr\/index.php\/formations\/masters\/master-informatique-et-mobilite\/","title":{"rendered":"Master Informatique et Mobilit\u00e9"},"content":{"rendered":"<p><a href=\"https:\/\/www.fst.uha.fr\/index.php\/formations\/#masters\">Masters<\/a> &gt; <strong>Master informatique et Mobilit\u00e9<br \/>\n<\/strong><\/p>\n<p><img loading=\"lazy\" decoding=\"async\" class=\"alignnone size-full wp-image-508\" src=\"https:\/\/www.fst.uha.fr\/wp-content\/uploads\/2018\/04\/MIMR.png\" alt=\"\" width=\"1920\" height=\"501\" srcset=\"https:\/\/www.fst.uha.fr\/wp-content\/uploads\/2018\/04\/MIMR.png 1920w, https:\/\/www.fst.uha.fr\/wp-content\/uploads\/2018\/04\/MIMR-300x78.png 300w, https:\/\/www.fst.uha.fr\/wp-content\/uploads\/2018\/04\/MIMR-768x200.png 768w, https:\/\/www.fst.uha.fr\/wp-content\/uploads\/2018\/04\/MIMR-1024x267.png 1024w\" sizes=\"auto, (max-width: 1920px) 100vw, 1920px\" \/><\/p>\n<div class=\"su-row\"><div class=\"su-column su-column-size-3-4\"><div class=\"su-column-inner su-u-clearfix su-u-trim\">\n<h4><strong>Pr\u00e9sentation<\/strong><\/h4>\n<p>Le parcours IM du \u00abMaster Informatique\u00bb de l\u2019Universit\u00e9 de Haute-Alsace est co-accr\u00e9dit\u00e9 avec l\u2019Universit\u00e9 de Strasbourg. Il est dispens\u00e9 \u00e0 Mulhouse sur le campus de l\u2019Ilberg de l\u2019Universit\u00e9 de Haute-Alsace.<br \/>\nIl est destin\u00e9 aux \u00e9tudiants d\u00e9sirant d\u00e9velopper leurs connaissances informatiques avec un axe fort sur la mobilit\u00e9 et la programmation.<\/p>\n<h4><strong>Objectifs<\/strong><\/h4>\n<p>Le parcours IM contribue \u00e0 r\u00e9pondre \u00e0 une forte demande du march\u00e9 des applications mobiles et du march\u00e9 de l\u2019emploi dans le secteur du num\u00e9rique. Il a pour objectif de former des professionnels de haut niveau dans le domaine de la conception et du d\u00e9veloppement de syst\u00e8mes d\u2019information autour du num\u00e9rique et des donn\u00e9es multim\u00e9dia. Sp\u00e9cifiquement, le titulaire de ce dipl\u00f4me peut assurer la conception, la r\u00e9alisation et le d\u00e9ploiement d\u2019applications ou de services informatiques sur plateformes mobiles. Aussi, il ma\u00eetrise des m\u00e9thodologies fondamentales pour la gestion de projets informatiques. Ces comp\u00e9tences permettront aux \u00e9tudiants de s\u2019int\u00e9grer au sein d\u2019entreprises dans un contexte technologique \u00e9volutif.<br \/>\n<div class=\"su-spoiler su-spoiler-style-fancy su-spoiler-icon-plus-circle su-spoiler-closed\" data-scroll-offset=\"0\" data-anchor-in-url=\"no\"><div class=\"su-spoiler-title\" tabindex=\"0\" role=\"button\"><span class=\"su-spoiler-icon\"><\/span>Admission<\/div><div class=\"su-spoiler-content su-u-clearfix su-u-trim\">\n<p>Le M1 IM est accessible, apr\u00e8s examen du dossier de candidature, aux d\u00e9tenteurs d\u2019un L3 Informatique ou d\u2019un BAC+3 en informatique.<\/p>\n<p>Les candidatures en 1\u00e8re Ann\u00e9e de Master se font uniquement par dossier \u00e9lectronique sur la plateforme <a href=\"https:\/\/www.monmaster.gouv.fr\/?gclid=Cj0KCQjwla-hBhD7ARIsAM9tQKvUP-5j0sMl9gVXubV259nmlnkI-FnrJQtqbJALfINLIC-TKUi-gkEaArihEALw_wcB\" target=\"_blank\" rel=\"noopener\">mon Master<\/a>.<\/p>\n<p>L\u2019acc\u00e8s au M2 IM se fait de droit pour les d\u00e9tenteurs du M1 IM \u00e0 l\u2019UHA. Le recrutement se fait via la plateforme <a href=\"https:\/\/ecandidat.uha.fr\" target=\"_blank\" rel=\"noopener noreferrer\">ecandidat.uha.fr\u00a0<\/a> pour les autres candidats d\u00e9tenteurs d\u2019un M1 Informatique.<\/p>\n<p>Les \u00e9tudiants \u00e9trangers hors Union europ\u00e9enne doivent d\u00e9poser leur candidature sur le site de Campus France (<a href=\"https:\/\/www.campusfrance.org\/\" target=\"_blank\" rel=\"noopener\"><span id=\"OBJ_PREFIX_DWT674_com_zimbra_url\" class=\"Object\" role=\"link\"><span id=\"OBJ_PREFIX_DWT676_com_zimbra_url\" class=\"Object\" role=\"link\">https:\/\/www.campusfrance.org\/<\/span><\/span><\/a>). Les \u00e9tudiants d\u00e9posant une candidature pour le M1 doivent d\u00e9j\u00e0 \u00eatre en possession d&rsquo;un dipl\u00f4me de licence de troisi\u00e8me ann\u00e9e au moment du d\u00e9p\u00f4t. De la m\u00eame fa\u00e7on, les \u00e9tudiants d\u00e9posant leur candidature pour le M2 doivent d\u00e9j\u00e0 avoir le dipl\u00f4me du M1.<\/p>\n<p><a href=\"https:\/\/www.fst.uha.fr\/index.php\/formations\/inscriptions-bourses\/\" target=\"_blank\" rel=\"noopener noreferrer\">Obtenir plus d&rsquo;information sur les inscriptions<\/a><\/p>\n<\/div><\/div>\n<div class=\"su-spoiler su-spoiler-style-fancy su-spoiler-icon-plus-circle su-spoiler-closed\" data-scroll-offset=\"0\" data-anchor-in-url=\"no\"><div class=\"su-spoiler-title\" tabindex=\"0\" role=\"button\"><span class=\"su-spoiler-icon\"><\/span>Insertion professionnelle<\/div><div class=\"su-spoiler-content su-u-clearfix su-u-trim\">Ce Master en Informatique est tr\u00e8s demand\u00e9 sur le march\u00e9 du travail. Une grande majorit\u00e9 d\u2019\u00e9tudiants sont recrut\u00e9s tr\u00e8s rapidement apr\u00e8s l\u2019obtention de leur dipl\u00f4me. De plus, gr\u00e2ce \u00e0 la position g\u00e9ographique du lieu de la formation, les \u00e9tudiants ont acc\u00e8s \u00e0 un march\u00e9 du travail qui s\u2019\u00e9tend sur trois pays. Les types d\u2019emplois accessibles sont :<br \/>\n\u2013 Consultant en technologies mobiles<br \/>\n\u2013 Ing\u00e9nieur en informatique mobile<br \/>\n\u2013 Chef de projet web mobile<br \/>\n\u2013 Concepteur\/d\u00e9veloppeur d\u2019applications<br \/>\n\u2013 Architecte informatique<br \/>\n\u2013 Chef de projet informatique<br \/>\n\u2013 Ing\u00e9nieur d\u2019\u00e9tude et de d\u00e9veloppement<br \/>\n\u2013 Ing\u00e9nieur conseil en informatique<br \/>\n\u2013 Ing\u00e9nieur de recherche<br \/>\n\u2013 Chercheur ou enseignant-chercheur en informatique (apr\u00e8s doctorat)<\/p>\n<\/div><\/div>\n<div class=\"su-spoiler su-spoiler-style-fancy su-spoiler-icon-plus-circle su-spoiler-closed\" data-scroll-offset=\"0\" data-anchor-in-url=\"no\"><div class=\"su-spoiler-title\" tabindex=\"0\" role=\"button\"><span class=\"su-spoiler-icon\"><\/span>Programme<\/div><div class=\"su-spoiler-content su-u-clearfix su-u-trim\">Le parcours du Master IM s&rsquo;\u00e9tale sur deux ans avec 4 semestres. Les principales mati\u00e8res enseign\u00e9es sont:<br \/>\n\u2013 Programmation sur plateformes mobiles: Android, iOS, objets connect\u00e9s, mod\u00e9lisation de sc\u00e8nes 2D\/3D sur mobiles<br \/>\n\u2013 D\u00e9veloppement Web: JavaScript, bases de donn\u00e9es, architecture N-tiers<br \/>\n\u2013 S\u00e9curit\u00e9 et s\u00fbret\u00e9: introduction \u00e0 la cybers\u00e9curit\u00e9, s\u00e9curisation des applications, s\u00e9curisation des syst\u00e8mes d&rsquo;informations<br \/>\n\u2013 G\u00e9nie logiciel: UML, Design Pattern, m\u00e9thodes agiles, architecture \u00e0 objet<br \/>\n\u2013 Syst\u00e8mes et r\u00e9seaux<br \/>\n\u2013 Informatique d\u00e9cisionnelle: entrep\u00f4ts de donn\u00e9es, reporting<br \/>\n\u2013 Science des donn\u00e9es: fouilles de donn\u00e9es, calcul massivement parall\u00e8le<br \/>\n\u2013 Techniques de communication \u00e9crite et orale, langues vivantes<br \/>\n\u2013 Professionnalisation : projets, stages, initiation \u00e0 la recherche.<br \/>\n<\/div><\/div>\n<div class=\"su-spoiler su-spoiler-style-fancy su-spoiler-icon-plus-circle su-spoiler-closed\" data-scroll-offset=\"0\" data-anchor-in-url=\"no\"><div class=\"su-spoiler-title\" tabindex=\"0\" role=\"button\"><span class=\"su-spoiler-icon\"><\/span>Stage<\/div><div class=\"su-spoiler-content su-u-clearfix su-u-trim\">Le semestre 4 est compos\u00e9 d\u2019un Stage de fin d\u2019\u00e9tudes d\u2019une dur\u00e9e de 5 \u00e0 6 mois en entreprise ou en laboratoire de recherche. Ce stage peut s\u2019effectuer en France ou \u00e0 l\u2019\u00e9tranger.<br \/>\nCe stage long cl\u00f4turant le master permettra \u00e0 l\u2019\u00e9tudiant de mettre en application les connaissances acquises et les comp\u00e9tences d\u00e9velopp\u00e9es lors de son cursus.<br \/>\n<\/div><\/div>\n<div class=\"su-spoiler su-spoiler-style-fancy su-spoiler-icon-plus-circle su-spoiler-closed\" data-scroll-offset=\"0\" data-anchor-in-url=\"no\"><div class=\"su-spoiler-title\" tabindex=\"0\" role=\"button\"><span class=\"su-spoiler-icon\"><\/span>Ouverture \u00e0 l'international<\/div><div class=\"su-spoiler-content su-u-clearfix su-u-trim\">En concertation avec le responsable p\u00e9dagogique, les \u00e9tudiants peuvent choisir de passer un semestre dans un \u00e9tablissement \u00e0 l\u2019\u00e9tranger dans le cadre de partenariats d\u00e9j\u00e0 \u00e9tablis par le service des Relations Internationales de l\u2019UHA.<\/p>\n<p>Dans le cadre du projet Eucor, les \u00e9tudiants ont la possibilit\u00e9 de suivre un certain nombre de cours en Anglais dans des universit\u00e9s des pays frontaliers, en particulier, \u00e0 l\u2019Universit\u00e9 de B\u00e2le en Suisse.<br \/>\n<\/div><\/div>\n<div class=\"su-spoiler su-spoiler-style-fancy su-spoiler-icon-plus-circle su-spoiler-closed\" data-scroll-offset=\"0\" data-anchor-in-url=\"no\"><div class=\"su-spoiler-title\" tabindex=\"0\" role=\"button\"><span class=\"su-spoiler-icon\"><\/span>Le plus de la formation<\/div><div class=\"su-spoiler-content su-u-clearfix su-u-trim\">La formation int\u00e8gre \u00e9galement des aspects de Big Data et de s\u00e9curit\u00e9 informatique devenus, de nos jours, des connaissances indispensables \u00e0 tout informaticien.<br \/>\n<\/div><\/div>\n<\/div><\/div>\n<div class=\"su-column su-column-size-1-4\"><div class=\"su-column-inner su-u-clearfix su-u-trim\">\n<h4><\/h4>\n<p><strong>Directeur adjoint de la mention<\/strong><\/p>\n<p>Fr\u00e9d\u00e9ric Cordier<br \/>\n<a href=\"mailto:frederic.cordier@uha.fr\">frederic.cordier@uha.fr<\/a><\/p>\n<p><strong>Responsable de parcours<\/strong><\/p>\n<p>Karim Hammoudi<br \/>\n<a href=\"mailto:karim.hammoudi@uha.fr\">karim.hammoudi@uha.fr\u00a0<\/a><\/p>\n<div class=\"su-divider su-divider-style-default\" style=\"margin:15px 0;border-width:3px;border-color:#999999\"><\/div>\n<h4><strong>Scolarit\u00e9<\/strong><\/h4>\n<p>Patricia BONTE<br \/>\n<a href=\"mailto:patricia.bonte@uha.fr\">patricia.bonte@uha.fr\u00a0<\/a><br \/>\nT\u00e9l. : 03 89 33 60 86.<div class=\"su-divider su-divider-style-default\" style=\"margin:15px 0;border-width:3px;border-color:#999999\"><\/div>\n<h4><strong>En savoir plus<br \/>\n<\/strong><\/h4>\n<ul>\n<li><a href=\"https:\/\/www.linkedin.com\/company\/master-informatique-et-mobilite-uha\/\" target=\"_blank\" rel=\"noopener\">LinkedIn<\/a><\/li>\n<li><a href=\"https:\/\/www.fst.uha.fr\/wp-content\/uploads\/2025\/01\/Plaquette-master-info-mobi.pdf\" target=\"_blank\" rel=\"noopener\">Plaquette du master Informatique et Mobilit\u00e9<\/a><\/li>\n<li><a href=\"https:\/\/www.fst.uha.fr\/wp-content\/uploads\/2018\/06\/Programme-d\u00e9taill\u00e9-master-info-.pdf\" target=\"_blank\" rel=\"noopener noreferrer\">Programme<\/a><\/li>\n<li><a href=\"https:\/\/www.francecompetences.fr\/recherche\/rncp\/39278\/\" target=\"_blank\" rel=\"noopener\">Certification RNCP \u2013 France comp\u00e9tences<\/a><\/li>\n<\/ul>\n<p>Enqu\u00eate sur le devenir des dipl\u00f4m\u00e9s 2018 :<\/p>\n<ul>\n<li><a href=\"https:\/\/www.fst.uha.fr\/wp-content\/uploads\/2023\/01\/Master-Informatique-mobile-et-repartie-2018.pdf\" target=\"_blank\" rel=\"noopener\">Informatique, Mobile et R\u00e9partie<\/a><\/li>\n<\/ul>\n<p>&nbsp;<\/p>\n<\/div><\/div><\/div>\n","protected":false},"excerpt":{"rendered":"<p>Masters &gt; Master informatique et Mobilit\u00e9<\/p>\n","protected":false},"author":1,"featured_media":0,"parent":92,"menu_order":0,"comment_status":"closed","ping_status":"closed","template":"","meta":{"footnotes":""},"categories":[],"tags":[],"class_list":["post-187","page","type-page","status-publish","hentry"],"yoast_head":"<!-- This site is optimized with the Yoast SEO plugin v27.0 - https:\/\/yoast.com\/product\/yoast-seo-wordpress\/ -->\n<title>Master Informatique et Mobilit\u00e9 - FST - Facult\u00e9 des Sciences de Mulhouse<\/title>\n<meta name=\"description\" content=\"Le Master IM forme dans le domaine de la conception et du d\u00e9veloppement de syst\u00e8mes d&#039;information autour du num\u00e9rique et des donn\u00e9es multim\u00e9dia.\" \/>\n<meta name=\"robots\" content=\"index, follow, max-snippet:-1, max-image-preview:large, max-video-preview:-1\" \/>\n<link rel=\"canonical\" href=\"https:\/\/www.fst.uha.fr\/index.php\/formations\/masters\/master-informatique-et-mobilite\/\" \/>\n<meta property=\"og:locale\" content=\"fr_FR\" \/>\n<meta property=\"og:type\" content=\"article\" \/>\n<meta property=\"og:title\" content=\"Master Informatique et Mobilit\u00e9 - FST - Facult\u00e9 des Sciences de Mulhouse\" \/>\n<meta property=\"og:description\" content=\"Le Master IM forme dans le domaine de la conception et du d\u00e9veloppement de syst\u00e8mes d&#039;information autour du num\u00e9rique et des donn\u00e9es multim\u00e9dia.\" \/>\n<meta property=\"og:url\" content=\"https:\/\/www.fst.uha.fr\/index.php\/formations\/masters\/master-informatique-et-mobilite\/\" \/>\n<meta property=\"og:site_name\" content=\"FST - Facult\u00e9 des Sciences et Techniques | Universit\u00e9 de Haute-Alsace\" \/>\n<meta property=\"article:modified_time\" content=\"2025-01-17T10:37:44+00:00\" \/>\n<meta property=\"og:image\" content=\"https:\/\/www.fst.uha.fr\/wp-content\/uploads\/2018\/04\/MIMR.png\" \/>\n\t<meta property=\"og:image:width\" content=\"1920\" \/>\n\t<meta property=\"og:image:height\" content=\"501\" \/>\n\t<meta property=\"og:image:type\" content=\"image\/png\" \/>\n<meta name=\"twitter:card\" content=\"summary_large_image\" \/>\n<meta name=\"twitter:label1\" content=\"Dur\u00e9e de lecture estim\u00e9e\" \/>\n\t<meta name=\"twitter:data1\" content=\"4 minutes\" \/>\n<script type=\"application\/ld+json\" class=\"yoast-schema-graph\">{\"@context\":\"https:\/\/schema.org\",\"@graph\":[{\"@type\":\"WebPage\",\"@id\":\"https:\/\/www.fst.uha.fr\/index.php\/formations\/masters\/master-informatique-et-mobilite\/\",\"url\":\"https:\/\/www.fst.uha.fr\/index.php\/formations\/masters\/master-informatique-et-mobilite\/\",\"name\":\"Master Informatique et Mobilit\u00e9 - FST - Facult\u00e9 des Sciences de Mulhouse\",\"isPartOf\":{\"@id\":\"https:\/\/www.fst.uha.fr\/#website\"},\"primaryImageOfPage\":{\"@id\":\"https:\/\/www.fst.uha.fr\/index.php\/formations\/masters\/master-informatique-et-mobilite\/#primaryimage\"},\"image\":{\"@id\":\"https:\/\/www.fst.uha.fr\/index.php\/formations\/masters\/master-informatique-et-mobilite\/#primaryimage\"},\"thumbnailUrl\":\"https:\/\/www.fst.uha.fr\/wp-content\/uploads\/2018\/04\/MIMR.png\",\"datePublished\":\"2018-04-25T14:10:22+00:00\",\"dateModified\":\"2025-01-17T10:37:44+00:00\",\"description\":\"Le Master IM forme dans le domaine de la conception et du d\u00e9veloppement de syst\u00e8mes d'information autour du num\u00e9rique et des donn\u00e9es multim\u00e9dia.\",\"breadcrumb\":{\"@id\":\"https:\/\/www.fst.uha.fr\/index.php\/formations\/masters\/master-informatique-et-mobilite\/#breadcrumb\"},\"inLanguage\":\"fr-FR\",\"potentialAction\":[{\"@type\":\"ReadAction\",\"target\":[\"https:\/\/www.fst.uha.fr\/index.php\/formations\/masters\/master-informatique-et-mobilite\/\"]}]},{\"@type\":\"ImageObject\",\"inLanguage\":\"fr-FR\",\"@id\":\"https:\/\/www.fst.uha.fr\/index.php\/formations\/masters\/master-informatique-et-mobilite\/#primaryimage\",\"url\":\"https:\/\/www.fst.uha.fr\/wp-content\/uploads\/2018\/04\/MIMR.png\",\"contentUrl\":\"https:\/\/www.fst.uha.fr\/wp-content\/uploads\/2018\/04\/MIMR.png\",\"width\":1920,\"height\":501},{\"@type\":\"BreadcrumbList\",\"@id\":\"https:\/\/www.fst.uha.fr\/index.php\/formations\/masters\/master-informatique-et-mobilite\/#breadcrumb\",\"itemListElement\":[{\"@type\":\"ListItem\",\"position\":1,\"name\":\"Accueil\",\"item\":\"https:\/\/www.fst.uha.fr\/\"},{\"@type\":\"ListItem\",\"position\":2,\"name\":\"Nos formations\",\"item\":\"https:\/\/www.fst.uha.fr\/index.php\/formations\/\"},{\"@type\":\"ListItem\",\"position\":3,\"name\":\"Masters\",\"item\":\"https:\/\/www.fst.uha.fr\/index.php\/formations\/masters\/\"},{\"@type\":\"ListItem\",\"position\":4,\"name\":\"Master Informatique et Mobilit\u00e9\"}]},{\"@type\":\"WebSite\",\"@id\":\"https:\/\/www.fst.uha.fr\/#website\",\"url\":\"https:\/\/www.fst.uha.fr\/\",\"name\":\"FST - Facult\u00e9 des Sciences et Techniques | Universit\u00e9 de Haute-Alsace\",\"description\":\"Campus Illberg | Universit\u00e9 de Haute-Alsace\",\"potentialAction\":[{\"@type\":\"SearchAction\",\"target\":{\"@type\":\"EntryPoint\",\"urlTemplate\":\"https:\/\/www.fst.uha.fr\/?s={search_term_string}\"},\"query-input\":{\"@type\":\"PropertyValueSpecification\",\"valueRequired\":true,\"valueName\":\"search_term_string\"}}],\"inLanguage\":\"fr-FR\"}]}<\/script>\n<!-- \/ Yoast SEO plugin. -->","yoast_head_json":{"title":"Master Informatique et Mobilit\u00e9 - FST - Facult\u00e9 des Sciences de Mulhouse","description":"Le Master IM forme dans le domaine de la conception et du d\u00e9veloppement de syst\u00e8mes d'information autour du num\u00e9rique et des donn\u00e9es multim\u00e9dia.","robots":{"index":"index","follow":"follow","max-snippet":"max-snippet:-1","max-image-preview":"max-image-preview:large","max-video-preview":"max-video-preview:-1"},"canonical":"https:\/\/www.fst.uha.fr\/index.php\/formations\/masters\/master-informatique-et-mobilite\/","og_locale":"fr_FR","og_type":"article","og_title":"Master Informatique et Mobilit\u00e9 - FST - Facult\u00e9 des Sciences de Mulhouse","og_description":"Le Master IM forme dans le domaine de la conception et du d\u00e9veloppement de syst\u00e8mes d'information autour du num\u00e9rique et des donn\u00e9es multim\u00e9dia.","og_url":"https:\/\/www.fst.uha.fr\/index.php\/formations\/masters\/master-informatique-et-mobilite\/","og_site_name":"FST - Facult\u00e9 des Sciences et Techniques | Universit\u00e9 de Haute-Alsace","article_modified_time":"2025-01-17T10:37:44+00:00","og_image":[{"width":1920,"height":501,"url":"https:\/\/www.fst.uha.fr\/wp-content\/uploads\/2018\/04\/MIMR.png","type":"image\/png"}],"twitter_card":"summary_large_image","twitter_misc":{"Dur\u00e9e de lecture estim\u00e9e":"4 minutes"},"schema":{"@context":"https:\/\/schema.org","@graph":[{"@type":"WebPage","@id":"https:\/\/www.fst.uha.fr\/index.php\/formations\/masters\/master-informatique-et-mobilite\/","url":"https:\/\/www.fst.uha.fr\/index.php\/formations\/masters\/master-informatique-et-mobilite\/","name":"Master Informatique et Mobilit\u00e9 - FST - Facult\u00e9 des Sciences de Mulhouse","isPartOf":{"@id":"https:\/\/www.fst.uha.fr\/#website"},"primaryImageOfPage":{"@id":"https:\/\/www.fst.uha.fr\/index.php\/formations\/masters\/master-informatique-et-mobilite\/#primaryimage"},"image":{"@id":"https:\/\/www.fst.uha.fr\/index.php\/formations\/masters\/master-informatique-et-mobilite\/#primaryimage"},"thumbnailUrl":"https:\/\/www.fst.uha.fr\/wp-content\/uploads\/2018\/04\/MIMR.png","datePublished":"2018-04-25T14:10:22+00:00","dateModified":"2025-01-17T10:37:44+00:00","description":"Le Master IM forme dans le domaine de la conception et du d\u00e9veloppement de syst\u00e8mes d'information autour du num\u00e9rique et des donn\u00e9es multim\u00e9dia.","breadcrumb":{"@id":"https:\/\/www.fst.uha.fr\/index.php\/formations\/masters\/master-informatique-et-mobilite\/#breadcrumb"},"inLanguage":"fr-FR","potentialAction":[{"@type":"ReadAction","target":["https:\/\/www.fst.uha.fr\/index.php\/formations\/masters\/master-informatique-et-mobilite\/"]}]},{"@type":"ImageObject","inLanguage":"fr-FR","@id":"https:\/\/www.fst.uha.fr\/index.php\/formations\/masters\/master-informatique-et-mobilite\/#primaryimage","url":"https:\/\/www.fst.uha.fr\/wp-content\/uploads\/2018\/04\/MIMR.png","contentUrl":"https:\/\/www.fst.uha.fr\/wp-content\/uploads\/2018\/04\/MIMR.png","width":1920,"height":501},{"@type":"BreadcrumbList","@id":"https:\/\/www.fst.uha.fr\/index.php\/formations\/masters\/master-informatique-et-mobilite\/#breadcrumb","itemListElement":[{"@type":"ListItem","position":1,"name":"Accueil","item":"https:\/\/www.fst.uha.fr\/"},{"@type":"ListItem","position":2,"name":"Nos formations","item":"https:\/\/www.fst.uha.fr\/index.php\/formations\/"},{"@type":"ListItem","position":3,"name":"Masters","item":"https:\/\/www.fst.uha.fr\/index.php\/formations\/masters\/"},{"@type":"ListItem","position":4,"name":"Master Informatique et Mobilit\u00e9"}]},{"@type":"WebSite","@id":"https:\/\/www.fst.uha.fr\/#website","url":"https:\/\/www.fst.uha.fr\/","name":"FST - Facult\u00e9 des Sciences et Techniques | Universit\u00e9 de Haute-Alsace","description":"Campus Illberg | Universit\u00e9 de Haute-Alsace","potentialAction":[{"@type":"SearchAction","target":{"@type":"EntryPoint","urlTemplate":"https:\/\/www.fst.uha.fr\/?s={search_term_string}"},"query-input":{"@type":"PropertyValueSpecification","valueRequired":true,"valueName":"search_term_string"}}],"inLanguage":"fr-FR"}]}},"_links":{"self":[{"href":"https:\/\/www.fst.uha.fr\/index.php\/wp-json\/wp\/v2\/pages\/187","targetHints":{"allow":["GET"]}}],"collection":[{"href":"https:\/\/www.fst.uha.fr\/index.php\/wp-json\/wp\/v2\/pages"}],"about":[{"href":"https:\/\/www.fst.uha.fr\/index.php\/wp-json\/wp\/v2\/types\/page"}],"author":[{"embeddable":true,"href":"https:\/\/www.fst.uha.fr\/index.php\/wp-json\/wp\/v2\/users\/1"}],"replies":[{"embeddable":true,"href":"https:\/\/www.fst.uha.fr\/index.php\/wp-json\/wp\/v2\/comments?post=187"}],"version-history":[{"count":38,"href":"https:\/\/www.fst.uha.fr\/index.php\/wp-json\/wp\/v2\/pages\/187\/revisions"}],"predecessor-version":[{"id":4900,"href":"https:\/\/www.fst.uha.fr\/index.php\/wp-json\/wp\/v2\/pages\/187\/revisions\/4900"}],"up":[{"embeddable":true,"href":"https:\/\/www.fst.uha.fr\/index.php\/wp-json\/wp\/v2\/pages\/92"}],"wp:attachment":[{"href":"https:\/\/www.fst.uha.fr\/index.php\/wp-json\/wp\/v2\/media?parent=187"}],"wp:term":[{"taxonomy":"category","embeddable":true,"href":"https:\/\/www.fst.uha.fr\/index.php\/wp-json\/wp\/v2\/categories?post=187"},{"taxonomy":"post_tag","embeddable":true,"href":"https:\/\/www.fst.uha.fr\/index.php\/wp-json\/wp\/v2\/tags?post=187"}],"curies":[{"name":"wp","href":"https:\/\/api.w.org\/{rel}","templated":true}]}}