{"id":197,"date":"2018-04-25T16:12:00","date_gmt":"2018-04-25T14:12:00","guid":{"rendered":"https:\/\/www.fst.uha.fr\/?page_id=197"},"modified":"2025-01-27T11:43:28","modified_gmt":"2025-01-27T10:43:28","slug":"master-ingenierie-mathematique-et-data-science","status":"publish","type":"page","link":"https:\/\/www.fst.uha.fr\/index.php\/formations\/masters\/master-ingenierie-mathematique-et-data-science\/","title":{"rendered":"Master Ing\u00e9nierie Math\u00e9matique et Data Science"},"content":{"rendered":"<p><a href=\"https:\/\/www.fst.uha.fr\/index.php\/formations\/#masters\">Masters<\/a> &gt; <strong>Master Ing\u00e9nierie Math\u00e9matique et Data Science<br \/>\n<\/strong><\/p>\n<p><img loading=\"lazy\" decoding=\"async\" class=\"alignnone size-full wp-image-530\" src=\"https:\/\/www.fst.uha.fr\/wp-content\/uploads\/2018\/04\/MDS.png\" alt=\"\" width=\"1920\" height=\"501\" srcset=\"https:\/\/www.fst.uha.fr\/wp-content\/uploads\/2018\/04\/MDS.png 1920w, https:\/\/www.fst.uha.fr\/wp-content\/uploads\/2018\/04\/MDS-300x78.png 300w, https:\/\/www.fst.uha.fr\/wp-content\/uploads\/2018\/04\/MDS-768x200.png 768w, https:\/\/www.fst.uha.fr\/wp-content\/uploads\/2018\/04\/MDS-1024x267.png 1024w\" sizes=\"auto, (max-width: 1920px) 100vw, 1920px\" \/><\/p>\n<div class=\"su-row\"><div class=\"su-column su-column-size-3-4\"><div class=\"su-column-inner su-u-clearfix su-u-trim\">\n<h4><strong>Pr\u00e9sentation<\/strong><\/h4>\n<p>L\u2019objectif de la formation est de proposer une formation en ing\u00e9nierie math\u00e9matique et informatique pour une insertion professionnelle dans les secteurs d\u2019activit\u00e9 int\u00e9ress\u00e9s par les outils tr\u00e8s r\u00e9cents (optimisation, mod\u00e9lisation, data mining, Big data, machine learning, m\u00e9thodes statistiques). Ces outils interviennent dans des probl\u00e8mes industriels, \u00e9conomiques et plus particuli\u00e8rement dans le traitement des donn\u00e9es massives : marketing, r\u00e9seaux sociaux, secteur industriel, m\u00e9dical.<\/p>\n<p>La science des donn\u00e9es et la mod\u00e9lisation impactent fortement de nombreux secteurs. Les \u00e9tudiants issus de ses formations sont tr\u00e8s attendus sur le march\u00e9 du travail. Ces m\u00e9tiers se d\u00e9clinent de nombreuses fa\u00e7ons, allant de la mise en place de nouvelles g\u00e9n\u00e9rations de syst\u00e8mes d\u2019information d\u00e9cisionnels au d\u00e9veloppement d\u2019applications compl\u00e8tement nouvelles (autour du e-commerce, de la recommandation, mixage de r\u00e9seaux sociaux, fusion d\u2019information h\u00e9t\u00e9rog\u00e8nes pour la finance, gestion ou pour la sant\u00e9).<\/p>\n<p>Il s\u2019agit pour les \u00e9tudiants d\u2019identifier et assimiler des outils et techniques pour r\u00e9soudre des probl\u00e8mes complexes de mod\u00e9lisation, optimisation et d\u2019analyse des donn\u00e9es.<\/p>\n<h4><strong>Objectifs<\/strong><\/h4>\n<p>La formation pr\u00e9pare \u00e0 tous les m\u00e9tiers en lien avec l\u2019application des math\u00e9matiques et de l\u2019informatique dans les domaines \u00e9conomiques, du calcul, de l\u2019optimisation et science des donn\u00e9es (Data Science).<\/p>\n<div class=\"su-spoiler su-spoiler-style-fancy su-spoiler-icon-plus-circle su-spoiler-closed\" data-scroll-offset=\"0\" data-anchor-in-url=\"no\"><div class=\"su-spoiler-title\" tabindex=\"0\" role=\"button\"><span class=\"su-spoiler-icon\"><\/span>Admission<\/div><div class=\"su-spoiler-content su-u-clearfix su-u-trim\">L\u2019admission est sur dossier, la formation est ouverte aux \u00e9tudiants titulaires d\u2019une licence de math\u00e9matique ou Informatique, ou encore d\u2019un dipl\u00f4me d\u2019ing\u00e9nieur.<br \/>\nLa formation accueille aussi des \u00e9tudiants \u00e9trangers via le portail Campus France (proc\u00e9dure \u00ab Etudes en France \u00bb).<\/p>\n<p>Il est n\u00e9cessaire de maitriser les \u00e9l\u00e9ments de base de la programmation pour les \u00e9tudiants issus de la licence de math\u00e9matique et une bonne connaissance des math\u00e9matiques fondamentales (Alg\u00e8bre-Analyse-probabilit\u00e9s) pour les \u00e9tudiants issus de la licence d\u2019informatique.<\/p>\n<p><strong>Candidature au niveau M1 :<\/strong><\/p>\n<p>Les candidatures en 1\u00e8re Ann\u00e9e de Master se font uniquement par dossier \u00e9lectronique sur la plateforme <a href=\"https:\/\/www.monmaster.gouv.fr\/?gclid=Cj0KCQjwla-hBhD7ARIsAM9tQKvUP-5j0sMl9gVXubV259nmlnkI-FnrJQtqbJALfINLIC-TKUi-gkEaArihEALw_wcB\" target=\"_blank\" rel=\"noopener\">mon Master<\/a> (p\u00e9riode de candidature du 22 mars au 18 avril 2023).<\/p>\n<p><strong>Candidature au niveau M2 : <\/strong><\/p>\n<p>Les candidatures en 2\u00e8me Ann\u00e9e de Master se font uniquement par dossier \u00e9lectronique sur la plateforme <a href=\"https:\/\/ecandidat.uha.fr\" target=\"_blank\" rel=\"noopener noreferrer\">ecandidat.uha.fr\u00a0<\/a> (p\u00e9riode de candidature de mi avril \u00e0 mi juin 2023).<\/p>\n<p>Pour plus d\u2019informations veuillez <a href=\"mailto:Abdenacer.makhlouf@uha.fr\">contacter le responsable du Master<\/a><\/p>\n<\/div><\/div>\n<div class=\"su-spoiler su-spoiler-style-fancy su-spoiler-icon-plus-circle su-spoiler-closed\" data-scroll-offset=\"0\" data-anchor-in-url=\"no\"><div class=\"su-spoiler-title\" tabindex=\"0\" role=\"button\"><span class=\"su-spoiler-icon\"><\/span>Insertion Professionnelle<\/div><div class=\"su-spoiler-content su-u-clearfix su-u-trim\">\nUn dipl\u00f4m\u00e9 de cette formation exercera par exemple comme Data Analyste ou Data Scientist dont le m\u00e9tier consiste \u00e0 r\u00e9colter, traiter et tirer des conclusions sur les donn\u00e9es en rapport avec la probl\u00e9matique de l\u2019entreprise. Il est capable de les visualiser pour les communiquer au reste de l\u2019entreprise.<br \/>\nVoici les missions d\u2019un data scientist<br \/>\n1) Comprendre la probl\u00e9matique marketing, commerciale, fid\u00e9lisation clients, ressources humaines \u2026<br \/>\n2) Trouver une mod\u00e9lisation statistique pour r\u00e9pondre \u00e0 la probl\u00e9matique<br \/>\n3) D\u00e9terminer quelles sont les donn\u00e9es pertinentes (d\u00e9j\u00e0 existantes ou \u00e0 r\u00e9cup\u00e9rer).<br \/>\n4) Analyser les donn\u00e9es \u00e0 l\u2019aide d\u2019outils math\u00e9matiques et restituer les r\u00e9sultats.<\/p>\n<p>Un autre m\u00e9tier vis\u00e9 par la formation est Ing\u00e9nieur de Calcul.<\/p>\n<p>Une grande expertise en programmation et en \u00e9criture de code n\u2019est pas n\u00e9cessaire pour ces m\u00e9tiers car il suffit de savoir choisir et composer les bons logiciels et surtout de comprendre les math\u00e9matiques et l\u2019environnement du m\u00e9tier.<\/p>\n<p>La formation pr\u00e9pare \u00e0 tous les m\u00e9tiers en lien avec l\u2019application des math\u00e9matiques et de l\u2019informatique dans les domaines \u00e9conomiques, du calcul, de l\u2019optimisation et science des donn\u00e9es.<\/p>\n<p>La formation donne \u00e9galement les bagages n\u00e9cessaires pour pr\u00e9parer une th\u00e8se de doctorat dans le domaine des math\u00e9matiques appliqu\u00e9es ou Informatique th\u00e9orique.<\/div><\/div>\n<div class=\"su-spoiler su-spoiler-style-fancy su-spoiler-icon-plus-circle su-spoiler-closed\" data-scroll-offset=\"0\" data-anchor-in-url=\"no\"><div class=\"su-spoiler-title\" tabindex=\"0\" role=\"button\"><span class=\"su-spoiler-icon\"><\/span>Modalit\u00e9 d'enseignement<\/div><div class=\"su-spoiler-content su-u-clearfix su-u-trim\">\nCette formation est organis\u00e9e sur 4 semestres sur le campus Illberg de Mulhouse.<br \/>\nLes unit\u00e9s d\u2019enseignement disciplinaires sont assur\u00e9es par des enseignants-chercheurs (Professeurs ou Ma\u00eetre de Conf\u00e9rences) membres de l\u2019<a href=\"http:\/\/www.irimas.uha.fr\/\" target=\"_blank\" rel=\"noopener noreferrer\">Institut de Recherche en Informatique, Math\u00e9matiques Automatique et Signal (IRIMAS).<\/a><br \/>\nDes intervenants ext\u00e9rieurs, du monde des entreprises, viendront compl\u00e9ter la formation sur des aspects plus professionnels.<\/p>\n<\/div><\/div>\n<div class=\"su-spoiler su-spoiler-style-fancy su-spoiler-icon-plus-circle su-spoiler-closed\" data-scroll-offset=\"0\" data-anchor-in-url=\"no\"><div class=\"su-spoiler-title\" tabindex=\"0\" role=\"button\"><span class=\"su-spoiler-icon\"><\/span>Programme<\/div><div class=\"su-spoiler-content su-u-clearfix su-u-trim\">La premi\u00e8re ann\u00e9e consiste \u00e0 apprendre et renforcer les bases math\u00e9matiques et les outils n\u00e9cessaires \u00e0 la science des donn\u00e9es et la mod\u00e9lisation comme l\u2019Analyse appliqu\u00e9es, l\u2019analyse matricielle, la recherche op\u00e9rationnelle, les probabilit\u00e9s et statistiques ainsi que les \u00e9l\u00e9ments du calcul scientifique et l\u2019optimisation math\u00e9matiques. De plus l\u2019accent est mis aussi sur l\u2019informatique par des compl\u00e9ments de programmation, l\u2019algorithmique g\u00e9om\u00e9trique, les bases de java, la conception de syst\u00e8mes d\u2019information, l\u2019informatique d\u00e9cisionnelle ainsi que l\u2019Analyse et traitement d\u2019images.<\/p>\n<p>La deuxi\u00e8me ann\u00e9e permet d\u2019acqu\u00e9rir des comp\u00e9tences plus sp\u00e9cifiques dans le domaine de la statistique, la science des donn\u00e9es, l\u2019analyse big data et apprentissage, la math\u00e9matique du signal, la th\u00e9orie des graphes et l\u2019optimisation.<\/p>\n<p>L\u2019\u00e9tudiant doit r\u00e9aliser des projets en premi\u00e8re et deuxi\u00e8me ann\u00e9es. Un stage de 3 \u00e0 5 mois est pr\u00e9vu au second semestre de la deuxi\u00e8me ann\u00e9e. Par ailleurs des cours d\u2019anglais et de communication soci\u00e9tale sont pr\u00e9vus ainsi que des interventions de professionnels.<br \/>\n<\/div><\/div>\n<div class=\"su-spoiler su-spoiler-style-fancy su-spoiler-icon-plus-circle su-spoiler-closed\" data-scroll-offset=\"0\" data-anchor-in-url=\"no\"><div class=\"su-spoiler-title\" tabindex=\"0\" role=\"button\"><span class=\"su-spoiler-icon\"><\/span>Stage<\/div><div class=\"su-spoiler-content su-u-clearfix su-u-trim\">La formation inclut des stages en entreprises ou dans des laboratoires en deuxi\u00e8me ann\u00e9e. L\u2019\u00e9tudiant peut \u00e9galement suivre un stage en premi\u00e8re ann\u00e9e sous conditions.<\/div><\/div>\n<div class=\"su-spoiler su-spoiler-style-fancy su-spoiler-icon-plus-circle su-spoiler-closed\" data-scroll-offset=\"0\" data-anchor-in-url=\"no\"><div class=\"su-spoiler-title\" tabindex=\"0\" role=\"button\"><span class=\"su-spoiler-icon\"><\/span>Ouverture \u00e0 l'international<\/div><div class=\"su-spoiler-content su-u-clearfix su-u-trim\">L\u2019\u00e9tudiant a la possibilit\u00e9 d\u2019effectuer un semestre ou une ann\u00e9e \u00e0 l\u2019\u00e9tranger dans le cadre du programme Erasmus. L\u2019universit\u00e9 dispose d\u2019un grand nombre d\u2019accords avec des universit\u00e9s en Allemagne, Belgique, Espagne, Italie, Roumanie, Su\u00e8de, USA, \u2026.<br \/>\nL\u2019\u00e9tudiant utilisant la mobilit\u00e9 Erasmus+ b\u00e9n\u00e9ficiera d\u2019une bourse et d\u2019une validation automatique des cr\u00e9dits acquis \u00e0 l\u2019\u00e9tranger.<\/p>\n<p><a href=\"https:\/\/www.fst.uha.fr\/index.php\/international\/\" target=\"_blank\" rel=\"noopener noreferrer\">Voir la rubrique Relations internationales<\/a><\/p>\n<\/div><\/div>\n<div class=\"su-spoiler su-spoiler-style-fancy su-spoiler-icon-plus-circle su-spoiler-closed\" data-scroll-offset=\"0\" data-anchor-in-url=\"no\"><div class=\"su-spoiler-title\" tabindex=\"0\" role=\"button\"><span class=\"su-spoiler-icon\"><\/span>Les plus de la formation<\/div><div class=\"su-spoiler-content su-u-clearfix su-u-trim\">La formation propos\u00e9e r\u00e9pond \u00e0 un besoin grandissant dans le domaine de la science des donn\u00e9es, de la mod\u00e9lisation et de l\u2019optimisation.<\/p>\n<p>Le taux de placement des \u00e9tudiants sortants de ces formations est le plus \u00e9lev\u00e9 parmi toutes les disciplines, il se rapproche des 100%.<\/p>\n<\/div><\/div>\n<\/div><\/div>\n<div class=\"su-column su-column-size-1-4\"><div class=\"su-column-inner su-u-clearfix su-u-trim\">\n<h4><strong>Responsable<\/strong><\/h4>\n<div>Abdenacer MAKHLOUF<\/div>\n<div><a href=\"mailto:Abdenacer.makhlouf@uha.fr\">Abdenacer.makhlouf@uha.fr<\/a><\/div>\n<div><div class=\"su-divider su-divider-style-default\" style=\"margin:15px 0;border-width:3px;border-color:#999999\"><\/div><\/div>\n<div><\/div>\n<h4><strong>Scolarit\u00e9<\/strong><\/h4>\n<p>Mme Sol\u00e8ne Mounis<br \/>\n<a href=\"mailto:solene.mounis@uha.fr\">solene.mounis@uha.fr<\/a><\/p>\n<div>T\u00e9l. 03 89 33 62 10<\/div>\n<div class=\"su-divider su-divider-style-default\" style=\"margin:15px 0;border-width:3px;border-color:#999999\"><\/div>\n<h4><strong>En savoir plus<br \/>\n<\/strong><\/h4>\n<ul>\n<li><a href=\"https:\/\/www.fst.uha.fr\/wp-content\/uploads\/2025\/01\/Plaquette-master-IMDS.pdf\" target=\"_blank\" rel=\"noopener noreferrer\">Plaquette du master Ing\u00e9nierie Math\u00e9matique et Data Science<\/a><\/li>\n<li><a href=\"https:\/\/www.fst.uha.fr\/wp-content\/uploads\/2018\/06\/Programme-d\u00e9taill\u00e9-master-maths-et-applications-1-1.pdf\" target=\"_blank\" rel=\"noopener noreferrer\">Programme<\/a><\/li>\n<li><a href=\"http:\/\/www.onisep.fr\/Publications\/Zoom\/Les-metiers-des-mathematiques-et-de-l-informatique\" target=\"_blank\" rel=\"noopener noreferrer\">Les m\u00e9tiers des math\u00e9matiques, brochure Onisep \u00e0 consulter\u00a0<\/a><\/li>\n<li><a href=\"http:\/\/smf.emath.fr\/MathematiquesExplosionContinue\" target=\"_blank\" rel=\"noopener noreferrer\">voir l\u2019int\u00e9r\u00eat des math\u00e9matiques dans de nombreux domaines<\/a><\/li>\n<li><a href=\"https:\/\/www.francecompetences.fr\/recherche\/rncp\/39416\/\" target=\"_blank\" rel=\"noopener\">Certification RNCP \u2013 France comp\u00e9tences<\/a><\/li>\n<\/ul>\n<\/div><\/div><\/div>\n","protected":false},"excerpt":{"rendered":"<p>Masters &gt; Master Ing\u00e9nierie Math\u00e9matique et Data Science<\/p>\n","protected":false},"author":1,"featured_media":0,"parent":92,"menu_order":0,"comment_status":"closed","ping_status":"closed","template":"","meta":{"footnotes":""},"categories":[],"tags":[],"class_list":["post-197","page","type-page","status-publish","hentry"],"yoast_head":"<!-- This site is optimized with the Yoast SEO plugin v27.0 - https:\/\/yoast.com\/product\/yoast-seo-wordpress\/ -->\n<title>Master Ing\u00e9nierie Math\u00e9matique et Data Science - FST Mulhouse<\/title>\n<meta name=\"description\" content=\"Le master master ing\u00e9nierie math\u00e9matique et data science proposer une formation en ing\u00e9nierie math\u00e9matique et informatique sur analyse des donn\u00e9es.\" \/>\n<meta name=\"robots\" content=\"index, follow, max-snippet:-1, max-image-preview:large, max-video-preview:-1\" \/>\n<link rel=\"canonical\" href=\"https:\/\/www.fst.uha.fr\/index.php\/formations\/masters\/master-ingenierie-mathematique-et-data-science\/\" \/>\n<meta property=\"og:locale\" content=\"fr_FR\" \/>\n<meta property=\"og:type\" content=\"article\" \/>\n<meta property=\"og:title\" content=\"Master Ing\u00e9nierie Math\u00e9matique et Data Science - FST Mulhouse\" \/>\n<meta property=\"og:description\" content=\"Le master master ing\u00e9nierie math\u00e9matique et data science proposer une formation en ing\u00e9nierie math\u00e9matique et informatique sur analyse des donn\u00e9es.\" \/>\n<meta property=\"og:url\" content=\"https:\/\/www.fst.uha.fr\/index.php\/formations\/masters\/master-ingenierie-mathematique-et-data-science\/\" \/>\n<meta property=\"og:site_name\" content=\"FST - Facult\u00e9 des Sciences et Techniques | Universit\u00e9 de Haute-Alsace\" \/>\n<meta property=\"article:modified_time\" content=\"2025-01-27T10:43:28+00:00\" \/>\n<meta property=\"og:image\" content=\"https:\/\/www.fst.uha.fr\/wp-content\/uploads\/2018\/04\/MDS.png\" \/>\n\t<meta property=\"og:image:width\" content=\"1920\" \/>\n\t<meta property=\"og:image:height\" content=\"501\" \/>\n\t<meta property=\"og:image:type\" content=\"image\/png\" \/>\n<meta name=\"twitter:card\" content=\"summary_large_image\" \/>\n<meta name=\"twitter:label1\" content=\"Dur\u00e9e de lecture estim\u00e9e\" \/>\n\t<meta name=\"twitter:data1\" content=\"6 minutes\" \/>\n<script type=\"application\/ld+json\" class=\"yoast-schema-graph\">{\"@context\":\"https:\/\/schema.org\",\"@graph\":[{\"@type\":\"WebPage\",\"@id\":\"https:\/\/www.fst.uha.fr\/index.php\/formations\/masters\/master-ingenierie-mathematique-et-data-science\/\",\"url\":\"https:\/\/www.fst.uha.fr\/index.php\/formations\/masters\/master-ingenierie-mathematique-et-data-science\/\",\"name\":\"Master Ing\u00e9nierie Math\u00e9matique et Data Science - FST Mulhouse\",\"isPartOf\":{\"@id\":\"https:\/\/www.fst.uha.fr\/#website\"},\"primaryImageOfPage\":{\"@id\":\"https:\/\/www.fst.uha.fr\/index.php\/formations\/masters\/master-ingenierie-mathematique-et-data-science\/#primaryimage\"},\"image\":{\"@id\":\"https:\/\/www.fst.uha.fr\/index.php\/formations\/masters\/master-ingenierie-mathematique-et-data-science\/#primaryimage\"},\"thumbnailUrl\":\"https:\/\/www.fst.uha.fr\/wp-content\/uploads\/2018\/04\/MDS.png\",\"datePublished\":\"2018-04-25T14:12:00+00:00\",\"dateModified\":\"2025-01-27T10:43:28+00:00\",\"description\":\"Le master master ing\u00e9nierie math\u00e9matique et data science proposer une formation en ing\u00e9nierie math\u00e9matique et informatique sur analyse des donn\u00e9es.\",\"breadcrumb\":{\"@id\":\"https:\/\/www.fst.uha.fr\/index.php\/formations\/masters\/master-ingenierie-mathematique-et-data-science\/#breadcrumb\"},\"inLanguage\":\"fr-FR\",\"potentialAction\":[{\"@type\":\"ReadAction\",\"target\":[\"https:\/\/www.fst.uha.fr\/index.php\/formations\/masters\/master-ingenierie-mathematique-et-data-science\/\"]}]},{\"@type\":\"ImageObject\",\"inLanguage\":\"fr-FR\",\"@id\":\"https:\/\/www.fst.uha.fr\/index.php\/formations\/masters\/master-ingenierie-mathematique-et-data-science\/#primaryimage\",\"url\":\"https:\/\/www.fst.uha.fr\/wp-content\/uploads\/2018\/04\/MDS.png\",\"contentUrl\":\"https:\/\/www.fst.uha.fr\/wp-content\/uploads\/2018\/04\/MDS.png\"},{\"@type\":\"BreadcrumbList\",\"@id\":\"https:\/\/www.fst.uha.fr\/index.php\/formations\/masters\/master-ingenierie-mathematique-et-data-science\/#breadcrumb\",\"itemListElement\":[{\"@type\":\"ListItem\",\"position\":1,\"name\":\"Accueil\",\"item\":\"https:\/\/www.fst.uha.fr\/\"},{\"@type\":\"ListItem\",\"position\":2,\"name\":\"Nos formations\",\"item\":\"https:\/\/www.fst.uha.fr\/index.php\/formations\/\"},{\"@type\":\"ListItem\",\"position\":3,\"name\":\"Masters\",\"item\":\"https:\/\/www.fst.uha.fr\/index.php\/formations\/masters\/\"},{\"@type\":\"ListItem\",\"position\":4,\"name\":\"Master Ing\u00e9nierie Math\u00e9matique et Data Science\"}]},{\"@type\":\"WebSite\",\"@id\":\"https:\/\/www.fst.uha.fr\/#website\",\"url\":\"https:\/\/www.fst.uha.fr\/\",\"name\":\"FST - Facult\u00e9 des Sciences et Techniques | Universit\u00e9 de Haute-Alsace\",\"description\":\"Campus Illberg | Universit\u00e9 de Haute-Alsace\",\"potentialAction\":[{\"@type\":\"SearchAction\",\"target\":{\"@type\":\"EntryPoint\",\"urlTemplate\":\"https:\/\/www.fst.uha.fr\/?s={search_term_string}\"},\"query-input\":{\"@type\":\"PropertyValueSpecification\",\"valueRequired\":true,\"valueName\":\"search_term_string\"}}],\"inLanguage\":\"fr-FR\"}]}<\/script>\n<!-- \/ Yoast SEO plugin. -->","yoast_head_json":{"title":"Master Ing\u00e9nierie Math\u00e9matique et Data Science - FST Mulhouse","description":"Le master master ing\u00e9nierie math\u00e9matique et data science proposer une formation en ing\u00e9nierie math\u00e9matique et informatique sur analyse des donn\u00e9es.","robots":{"index":"index","follow":"follow","max-snippet":"max-snippet:-1","max-image-preview":"max-image-preview:large","max-video-preview":"max-video-preview:-1"},"canonical":"https:\/\/www.fst.uha.fr\/index.php\/formations\/masters\/master-ingenierie-mathematique-et-data-science\/","og_locale":"fr_FR","og_type":"article","og_title":"Master Ing\u00e9nierie Math\u00e9matique et Data Science - FST Mulhouse","og_description":"Le master master ing\u00e9nierie math\u00e9matique et data science proposer une formation en ing\u00e9nierie math\u00e9matique et informatique sur analyse des donn\u00e9es.","og_url":"https:\/\/www.fst.uha.fr\/index.php\/formations\/masters\/master-ingenierie-mathematique-et-data-science\/","og_site_name":"FST - Facult\u00e9 des Sciences et Techniques | Universit\u00e9 de Haute-Alsace","article_modified_time":"2025-01-27T10:43:28+00:00","og_image":[{"width":1920,"height":501,"url":"https:\/\/www.fst.uha.fr\/wp-content\/uploads\/2018\/04\/MDS.png","type":"image\/png"}],"twitter_card":"summary_large_image","twitter_misc":{"Dur\u00e9e de lecture estim\u00e9e":"6 minutes"},"schema":{"@context":"https:\/\/schema.org","@graph":[{"@type":"WebPage","@id":"https:\/\/www.fst.uha.fr\/index.php\/formations\/masters\/master-ingenierie-mathematique-et-data-science\/","url":"https:\/\/www.fst.uha.fr\/index.php\/formations\/masters\/master-ingenierie-mathematique-et-data-science\/","name":"Master Ing\u00e9nierie Math\u00e9matique et Data Science - FST Mulhouse","isPartOf":{"@id":"https:\/\/www.fst.uha.fr\/#website"},"primaryImageOfPage":{"@id":"https:\/\/www.fst.uha.fr\/index.php\/formations\/masters\/master-ingenierie-mathematique-et-data-science\/#primaryimage"},"image":{"@id":"https:\/\/www.fst.uha.fr\/index.php\/formations\/masters\/master-ingenierie-mathematique-et-data-science\/#primaryimage"},"thumbnailUrl":"https:\/\/www.fst.uha.fr\/wp-content\/uploads\/2018\/04\/MDS.png","datePublished":"2018-04-25T14:12:00+00:00","dateModified":"2025-01-27T10:43:28+00:00","description":"Le master master ing\u00e9nierie math\u00e9matique et data science proposer une formation en ing\u00e9nierie math\u00e9matique et informatique sur analyse des donn\u00e9es.","breadcrumb":{"@id":"https:\/\/www.fst.uha.fr\/index.php\/formations\/masters\/master-ingenierie-mathematique-et-data-science\/#breadcrumb"},"inLanguage":"fr-FR","potentialAction":[{"@type":"ReadAction","target":["https:\/\/www.fst.uha.fr\/index.php\/formations\/masters\/master-ingenierie-mathematique-et-data-science\/"]}]},{"@type":"ImageObject","inLanguage":"fr-FR","@id":"https:\/\/www.fst.uha.fr\/index.php\/formations\/masters\/master-ingenierie-mathematique-et-data-science\/#primaryimage","url":"https:\/\/www.fst.uha.fr\/wp-content\/uploads\/2018\/04\/MDS.png","contentUrl":"https:\/\/www.fst.uha.fr\/wp-content\/uploads\/2018\/04\/MDS.png"},{"@type":"BreadcrumbList","@id":"https:\/\/www.fst.uha.fr\/index.php\/formations\/masters\/master-ingenierie-mathematique-et-data-science\/#breadcrumb","itemListElement":[{"@type":"ListItem","position":1,"name":"Accueil","item":"https:\/\/www.fst.uha.fr\/"},{"@type":"ListItem","position":2,"name":"Nos formations","item":"https:\/\/www.fst.uha.fr\/index.php\/formations\/"},{"@type":"ListItem","position":3,"name":"Masters","item":"https:\/\/www.fst.uha.fr\/index.php\/formations\/masters\/"},{"@type":"ListItem","position":4,"name":"Master Ing\u00e9nierie Math\u00e9matique et Data Science"}]},{"@type":"WebSite","@id":"https:\/\/www.fst.uha.fr\/#website","url":"https:\/\/www.fst.uha.fr\/","name":"FST - Facult\u00e9 des Sciences et Techniques | Universit\u00e9 de Haute-Alsace","description":"Campus Illberg | Universit\u00e9 de Haute-Alsace","potentialAction":[{"@type":"SearchAction","target":{"@type":"EntryPoint","urlTemplate":"https:\/\/www.fst.uha.fr\/?s={search_term_string}"},"query-input":{"@type":"PropertyValueSpecification","valueRequired":true,"valueName":"search_term_string"}}],"inLanguage":"fr-FR"}]}},"_links":{"self":[{"href":"https:\/\/www.fst.uha.fr\/index.php\/wp-json\/wp\/v2\/pages\/197","targetHints":{"allow":["GET"]}}],"collection":[{"href":"https:\/\/www.fst.uha.fr\/index.php\/wp-json\/wp\/v2\/pages"}],"about":[{"href":"https:\/\/www.fst.uha.fr\/index.php\/wp-json\/wp\/v2\/types\/page"}],"author":[{"embeddable":true,"href":"https:\/\/www.fst.uha.fr\/index.php\/wp-json\/wp\/v2\/users\/1"}],"replies":[{"embeddable":true,"href":"https:\/\/www.fst.uha.fr\/index.php\/wp-json\/wp\/v2\/comments?post=197"}],"version-history":[{"count":30,"href":"https:\/\/www.fst.uha.fr\/index.php\/wp-json\/wp\/v2\/pages\/197\/revisions"}],"predecessor-version":[{"id":4910,"href":"https:\/\/www.fst.uha.fr\/index.php\/wp-json\/wp\/v2\/pages\/197\/revisions\/4910"}],"up":[{"embeddable":true,"href":"https:\/\/www.fst.uha.fr\/index.php\/wp-json\/wp\/v2\/pages\/92"}],"wp:attachment":[{"href":"https:\/\/www.fst.uha.fr\/index.php\/wp-json\/wp\/v2\/media?parent=197"}],"wp:term":[{"taxonomy":"category","embeddable":true,"href":"https:\/\/www.fst.uha.fr\/index.php\/wp-json\/wp\/v2\/categories?post=197"},{"taxonomy":"post_tag","embeddable":true,"href":"https:\/\/www.fst.uha.fr\/index.php\/wp-json\/wp\/v2\/tags?post=197"}],"curies":[{"name":"wp","href":"https:\/\/api.w.org\/{rel}","templated":true}]}}