{"id":20,"date":"2018-04-10T09:36:51","date_gmt":"2018-04-10T07:36:51","guid":{"rendered":"https:\/\/www.fst.uha.fr\/?page_id=20"},"modified":"2024-07-19T09:29:06","modified_gmt":"2024-07-19T07:29:06","slug":"fst","status":"publish","type":"page","link":"https:\/\/www.fst.uha.fr\/index.php\/fst\/","title":{"rendered":"FST"},"content":{"rendered":"<p><img loading=\"lazy\" decoding=\"async\" class=\"alignnone size-full wp-image-1325\" src=\"https:\/\/www.fst.uha.fr\/wp-content\/uploads\/2018\/07\/FST-100.jpg\" alt=\"\" width=\"1920\" height=\"501\" srcset=\"https:\/\/www.fst.uha.fr\/wp-content\/uploads\/2018\/07\/FST-100.jpg 1920w, https:\/\/www.fst.uha.fr\/wp-content\/uploads\/2018\/07\/FST-100-300x78.jpg 300w, https:\/\/www.fst.uha.fr\/wp-content\/uploads\/2018\/07\/FST-100-768x200.jpg 768w, https:\/\/www.fst.uha.fr\/wp-content\/uploads\/2018\/07\/FST-100-1024x267.jpg 1024w\" sizes=\"auto, (max-width: 1920px) 100vw, 1920px\" \/><br \/>\nLa Facult\u00e9 des Sciences et Techniques (FST) accueille chaque ann\u00e9e plus de 1200 \u00e9tudiants r\u00e9partis dans l\u2019un des 9 parcours de Licence, 6 parcours de Master et 3 \u00e9coles doctorales. Les formations de cette facult\u00e9 de l\u2019<a href=\"http:\/\/www.uha.fr\/\">Universit\u00e9 de Haute-Alsace (UHA)<\/a> s\u2019appuient sur les champs disciplinaires\u00a0:<\/p>\n<ul>\n<li><strong>Num\u00e9rique et Industrie du Futur<\/strong> o\u00f9 sont regroup\u00e9es les formations en math\u00e9matiques, informatique et science pour l\u2019ing\u00e9nieur,<\/li>\n<li><strong>Sciences et D\u00e9veloppement Durable<\/strong> o\u00f9 sont regroup\u00e9es les formations en chimie, physique et environnement.<\/li>\n<\/ul>\n<p>Six instituts ou laboratoires de recherche dans un large spectre de disciplines scientifiques sont associ\u00e9s \u00e0 la facult\u00e9. Depuis plus de 50 ans, la FST a su tisser d\u2019<strong>\u00e9troites collaborations avec les entreprises<\/strong> que ce soit pour la recherche ou pour la formation des \u00e9tudiants, futurs acteurs du monde socio-\u00e9conomique.<\/p>\n<p>La Facult\u00e9 des Sciences et Techniques est une communaut\u00e9 d\u2019une centaine d\u2019enseignants-chercheurs et de personnels administratifs et techniques pour transmettre le savoir aux \u00e9tudiants du niveau Licence jusqu\u2019au niveau Doctorat. Les \u00e9tudiants sont int\u00e9gr\u00e9s \u00e0 la vie et aux activit\u00e9s des laboratoires partenaires progressivement tout au long de leur cursus.<\/p>\n<p>L\u2019appartenance au <a href=\"https:\/\/www.unistra.fr\/index.php?id=contrat-de-site\">site Alsace<\/a> et \u00e0 <a href=\"http:\/\/www.eucor-uni.org\/\">Eucor &#8211; Le Campus europ\u00e9en<\/a> contribue \u00e0 offrir \u00e0 l\u2019UHA et \u00e0 ses composantes (facult\u00e9, \u00e9coles et IUT) une visibilit\u00e9 internationale. Sa situation g\u00e9ographique est un <strong>atout pour la mobilit\u00e9 des \u00e9tudiants<\/strong> comme celle des chercheurs. L\u2019UHA, pionni\u00e8re dans le domaine de l\u2019interculturalit\u00e9, propose des formations internationales en partenariat avec l\u2019Allemagne et la Suisse.<\/p>\n<p>Fort de l\u2019attachement de l\u2019Universit\u00e9 de Haute-Alsace \u00e0 la professionnalisation, la FST a d\u00e9velopp\u00e9 une <strong>\u00e9troite collaboration avec le tissu socio-\u00e9conomique<\/strong> qui assure une forte employabilit\u00e9 de ses \u00e9tudiant\u2022e\u2022s. Les stages d\u2019\u00e9tudes et les contrats d\u2019alternance permettent une insertion rapide dans le monde du travail. Les formations conduisent \u00e0 de <strong>tr\u00e8s bons taux d\u2019insertion professionnelle<\/strong> \u00e0 court et moyen termes. En contrepartie, la FST attend des \u00e9tudiants de la motivation, du s\u00e9rieux, de l\u2019envie et du travail. Chaque ann\u00e9e, elle adapte ses m\u00e9thodes de formation pour encadrer et accompagner au mieux la diversit\u00e9 des publics qu&rsquo;elle accueille.<\/p>\n<p>L\u2019<strong>innovation<\/strong> et la <strong>r\u00e9activit\u00e9<\/strong> sont les atouts ma\u00eetres dans l&rsquo;\u00e9tablissement afin de produire et diffuser le savoir. L\u2019ensemble constitue un environnement scientifique de qualit\u00e9 pour les \u00e9tudiants et les personnels au sein de la Facult\u00e9 des Sciences Techniques.<\/p>\n<div class=\"su-accordion su-u-trim\">\n<div class=\"su-spoiler su-spoiler-style-fancy su-spoiler-icon-plus-circle su-spoiler-closed\" data-scroll-offset=\"0\" data-anchor-in-url=\"no\"><div class=\"su-spoiler-title\" tabindex=\"0\" role=\"button\"><span class=\"su-spoiler-icon\"><\/span>Dates cl\u00e9s de la FST<\/div><div class=\"su-spoiler-content su-u-clearfix su-u-trim\">\n<ul>\n<li><strong>17 novembre 1958<\/strong> : inauguration du CSU (Coll\u00e8ge Scientifique Universitaire de Mulhouse)<\/li>\n<li><strong>1958 \u00e0 1962<\/strong> : le CSU si\u00e8ge rue du Fil<\/li>\n<li><strong>Rentr\u00e9e 1963 :<\/strong> r\u00e9ception de la premi\u00e8re tranche de construction des b\u00e2timents du CSU sur le campus Illberg<\/li>\n<li><strong>Rentr\u00e9e 1965 :<\/strong> fin des travaux sur le campus. Les amphith\u00e9\u00e2tres, les b\u00e2timents du CSU, l&rsquo;ESCM (\u00c9cole Sup\u00e9rieure de Chimie de Mulhouse), le Gymnase Universitaire et le Restaurant Universitaire sont construits<\/li>\n<li><strong>1975<\/strong> : le CSU devient ISEA (Institut des Sciences Exactes et Appliqu\u00e9es)<\/li>\n<li><strong>8 novembre 1985<\/strong> : l&rsquo;ISEA devient FST (Facult\u00e9 des Sciences et Techniques). Approbation au Conseil le 6 mars 1986.<\/li>\n<li><strong>Septembre 1989 :<\/strong> ouverture de la FST Colmar sur le campus du Grillenbreit jusqu\u2019en 2008<\/li>\n<li><strong>Septembre 1997<\/strong> : premi\u00e8re rentr\u00e9e dans le b\u00e2timent actuel situ\u00e9 au 18 rue des Fr\u00e8res Lumi\u00e8re (partag\u00e9 avec le SERFA)<\/li>\n<li><strong>Rentr\u00e9e 2009<\/strong> : mise en place du premier cycle pr\u00e9paratoire en physique-chimie<\/li>\n<li><strong>Rentr\u00e9e 2010 :<\/strong> mise en place de la premi\u00e8re formation trinationale Regio Chimica<\/li>\n<li><strong>201<\/strong><strong>6 :<\/strong> destruction de l\u2019ancien b\u00e2timent FST 4 pour laisser place au Learning Center<\/li>\n<li><strong>Juin 2017 :<\/strong> organisation et accueil des journ\u00e9es nationales de la MIAGE<\/li>\n<li><strong>Rentr\u00e9e 2019 :<\/strong> ouverture d&rsquo;une fili\u00e8re STAPS<\/li>\n<\/ul>\n<\/div><\/div><div class=\"su-spoiler su-spoiler-style-fancy su-spoiler-icon-plus-circle su-spoiler-closed\" data-scroll-offset=\"0\" data-anchor-in-url=\"no\"><div class=\"su-spoiler-title\" tabindex=\"0\" role=\"button\"><span class=\"su-spoiler-icon\"><\/span>Directeurs<\/div><div class=\"su-spoiler-content su-u-clearfix su-u-trim\">\n<ul>\n<li><strong>Pierre TAGLANG<\/strong> : 1<sup>er<\/sup> avril 1959 Directeur CSU de Mulhouse \u2013 renouvel\u00e9 dans ses fonctions jusqu&rsquo;au 30 mars 1971<\/li>\n<li><strong>Jacques STREITH<\/strong> : 16 d\u00e9cembre 1970 \u2013 d\u00e9mission le 14 f\u00e9vrier 1972<\/li>\n<li><strong>Fran\u00e7ois M. SCHMITT<\/strong> : 12 avril 1972 \u2013 12 avril 1975<\/li>\n<li><strong>Andr\u00e9 JUNG<\/strong> : 29 mai 1975 au 22 mars 1995<\/li>\n<li><strong>Michel GOZE<\/strong> : 23 mars 1995 au 22 mars 2000<\/li>\n<li><strong>Alain DABECHE<\/strong> : 23 mars 2000 au 31 ao\u00fbt 2003<\/li>\n<li><strong>Alain BRILLARD<\/strong> : 1<sup>er<\/sup> septembre 2003 au 31 mai 2007<\/li>\n<li><strong>Christophe KREMBEL<\/strong> : 1<sup>er<\/sup> juin 2007 au 15 juin 2017<\/li>\n<li><strong>Mickael DERIVAZ :<\/strong> depuis le 16 juin 2017<\/li>\n<\/ul>\n<\/div><\/div>\n<\/div>\n<p>&nbsp;<\/p>\n<div class=\"su-custom-gallery su-custom-gallery-align-left su-custom-gallery-title-always\"><div class=\"su-custom-gallery-slide\" style=\"width:860px;height:580px\"><a href=\"https:\/\/www.fst.uha.fr\/wp-content\/uploads\/2018\/08\/IMG_006f0-1.jpg\" target=\"_blank\" title=\"La facult\u00e9 des Sciences et Techniques\"><img loading=\"lazy\" decoding=\"async\" src=\"https:\/\/www.fst.uha.fr\/wp-content\/uploads\/2018\/08\/IMG_006f0-1-860x580.jpg\" alt=\"La facult\u00e9 des Sciences et Techniques\" width=\"860\" height=\"580\" \/><span class=\"su-custom-gallery-title\">La facult\u00e9 des Sciences et Techniques<\/span><\/a><\/div><div class=\"su-custom-gallery-slide\" style=\"width:860px;height:580px\"><a href=\"https:\/\/www.fst.uha.fr\/wp-content\/uploads\/2018\/04\/xwwx.png\" target=\"_blank\" title=\"Salle de Tp de chimie\"><img loading=\"lazy\" decoding=\"async\" src=\"https:\/\/www.fst.uha.fr\/wp-content\/uploads\/2018\/04\/xwwx-860x580.png\" alt=\"Salle de Tp de chimie\" width=\"860\" height=\"580\" \/><span class=\"su-custom-gallery-title\">Salle de Tp de chimie<\/span><\/a><\/div><div class=\"su-custom-gallery-slide\" style=\"width:860px;height:580px\"><a href=\"https:\/\/www.fst.uha.fr\/wp-content\/uploads\/2018\/08\/AIMG_003f4.jpg\" target=\"_blank\" title=\"l&rsquo;Amphi Gaston Berger (GB)\"><img loading=\"lazy\" decoding=\"async\" src=\"https:\/\/www.fst.uha.fr\/wp-content\/uploads\/2018\/08\/AIMG_003f4-860x580.jpg\" alt=\"l&rsquo;Amphi Gaston Berger (GB)\" width=\"860\" height=\"580\" \/><span class=\"su-custom-gallery-title\">l&rsquo;Amphi Gaston Berger (GB)<\/span><\/a><\/div><div class=\"su-custom-gallery-slide\" style=\"width:860px;height:580px\"><a href=\"https:\/\/www.fst.uha.fr\/wp-content\/uploads\/2018\/08\/AImage-1.png.jpg\" target=\"_blank\" title=\"Vu du patio 1\"><img loading=\"lazy\" decoding=\"async\" src=\"https:\/\/www.fst.uha.fr\/wp-content\/uploads\/2018\/08\/AImage-1.png-860x580.jpg\" alt=\"Vu du patio 1\" width=\"860\" height=\"580\" \/><span class=\"su-custom-gallery-title\">Vu du patio 1<\/span><\/a><\/div><div class=\"su-custom-gallery-slide\" style=\"width:860px;height:580px\"><a href=\"https:\/\/www.fst.uha.fr\/wp-content\/uploads\/2018\/05\/ACeremonie-diplome-master-2018-52.jpg\" target=\"_blank\" title=\"ACeremonie-diplome-master-2018 (52)\"><img loading=\"lazy\" decoding=\"async\" src=\"https:\/\/www.fst.uha.fr\/wp-content\/uploads\/2018\/05\/ACeremonie-diplome-master-2018-52-860x580.jpg\" alt=\"ACeremonie-diplome-master-2018 (52)\" width=\"860\" height=\"580\" \/><span class=\"su-custom-gallery-title\">ACeremonie-diplome-master-2018 (52)<\/span><\/a><\/div><div class=\"su-custom-gallery-slide\" style=\"width:860px;height:580px\"><a href=\"https:\/\/www.fst.uha.fr\/wp-content\/uploads\/2018\/08\/IMG_004f3.jpg\" target=\"_blank\" title=\"Vu du patio 2\"><img loading=\"lazy\" decoding=\"async\" src=\"https:\/\/www.fst.uha.fr\/wp-content\/uploads\/2018\/08\/IMG_004f3-860x580.jpg\" alt=\"Vu du patio 2\" width=\"860\" height=\"580\" \/><span class=\"su-custom-gallery-title\">Vu du patio 2<\/span><\/a><\/div><div class=\"su-custom-gallery-slide\" style=\"width:860px;height:580px\"><a href=\"https:\/\/www.fst.uha.fr\/wp-content\/uploads\/2018\/08\/IMG_0063.jpg\" target=\"_blank\" title=\"La Facult\u00e9 des Sciences et Techniques de Mulhouse\"><img loading=\"lazy\" decoding=\"async\" src=\"https:\/\/www.fst.uha.fr\/wp-content\/uploads\/2018\/08\/IMG_0063-860x580.jpg\" alt=\"La Facult\u00e9 des Sciences et Techniques de Mulhouse\" width=\"860\" height=\"580\" \/><span class=\"su-custom-gallery-title\">La Facult\u00e9 des Sciences et Techniques de Mulhouse<\/span><\/a><\/div><div class=\"su-clear\"><\/div><\/div>\n<p>&nbsp;<\/p>\n<hr \/>\n<p>D\u00e9couvrez \u00e9galement :<\/p>\n<ul>\n<li><a href=\"https:\/\/www.fst.uha.fr\/index.php\/category\/actualites\/\">Nos actualit\u00e9s<\/a><\/li>\n<li><a href=\"https:\/\/www.fst.uha.fr\/index.php\/fst\/partenariats-2\/\">Nos partenaires<\/a><\/li>\n<li><a href=\"https:\/\/www.fst.uha.fr\/index.php\/fst\/faitsmarquants\/\">Les faits marquants\u00a0<\/a><\/li>\n<li><a href=\"https:\/\/www.fst.uha.fr\/index.php\/fst\/temoignages\/\">Les T\u00e9moignages des anciens \u00e9tudiants<\/a><\/li>\n<li><a href=\"https:\/\/www.fst.uha.fr\/index.php\/fst\/universite-de-haute-alsace\/\">l&rsquo;Universit\u00e9 de Haute-Alsace<\/a><\/li>\n<li><a href=\"https:\/\/www.fst.uha.fr\/index.php\/fst\/developpement-durable\/\">Nos actions pour le d\u00e9veloppement durable<\/a><\/li>\n<\/ul>\n<p>&nbsp;<\/p>\n<p>&nbsp;<\/p>\n","protected":false},"excerpt":{"rendered":"<p>La Facult\u00e9 des Sciences et Techniques (FST) accueille chaque ann\u00e9e plus de 1200 \u00e9tudiants r\u00e9partis dans l\u2019un des 9 parcours de Licence, 6 parcours de Master et 3 \u00e9coles doctorales. Les formations de cette facult\u00e9 de l\u2019Universit\u00e9 de Haute-Alsace (UHA) s\u2019appuient sur les champs disciplinaires\u00a0: Num\u00e9rique et Industrie du Futur o\u00f9 sont regroup\u00e9es les formations [&hellip;]<\/p>\n","protected":false},"author":1,"featured_media":0,"parent":0,"menu_order":0,"comment_status":"closed","ping_status":"closed","template":"","meta":{"footnotes":""},"categories":[],"tags":[],"class_list":["post-20","page","type-page","status-publish","hentry"],"yoast_head":"<!-- This site is optimized with the Yoast SEO plugin v27.0 - https:\/\/yoast.com\/product\/yoast-seo-wordpress\/ -->\n<title>FST - FST - Facult\u00e9 des Sciences et Techniques | Universit\u00e9 de Haute-Alsace<\/title>\n<meta name=\"robots\" content=\"index, follow, max-snippet:-1, max-image-preview:large, max-video-preview:-1\" \/>\n<link rel=\"canonical\" href=\"https:\/\/www.fst.uha.fr\/index.php\/fst\/\" \/>\n<meta property=\"og:locale\" content=\"fr_FR\" \/>\n<meta property=\"og:type\" content=\"article\" \/>\n<meta property=\"og:title\" content=\"FST - FST - Facult\u00e9 des Sciences et Techniques | Universit\u00e9 de Haute-Alsace\" \/>\n<meta property=\"og:description\" content=\"La Facult\u00e9 des Sciences et Techniques (FST) accueille chaque ann\u00e9e plus de 1200 \u00e9tudiants r\u00e9partis dans l\u2019un des 9 parcours de Licence, 6 parcours de Master et 3 \u00e9coles doctorales. Les formations de cette facult\u00e9 de l\u2019Universit\u00e9 de Haute-Alsace (UHA) s\u2019appuient sur les champs disciplinaires\u00a0: Num\u00e9rique et Industrie du Futur o\u00f9 sont regroup\u00e9es les formations [&hellip;]\" \/>\n<meta property=\"og:url\" content=\"https:\/\/www.fst.uha.fr\/index.php\/fst\/\" \/>\n<meta property=\"og:site_name\" content=\"FST - Facult\u00e9 des Sciences et Techniques | Universit\u00e9 de Haute-Alsace\" \/>\n<meta property=\"article:modified_time\" content=\"2024-07-19T07:29:06+00:00\" \/>\n<meta property=\"og:image\" content=\"https:\/\/www.fst.uha.fr\/wp-content\/uploads\/2018\/07\/FST-100.jpg\" \/>\n<meta name=\"twitter:card\" content=\"summary_large_image\" \/>\n<meta name=\"twitter:label1\" content=\"Dur\u00e9e de lecture estim\u00e9e\" \/>\n\t<meta name=\"twitter:data1\" content=\"4 minutes\" \/>\n<script type=\"application\/ld+json\" class=\"yoast-schema-graph\">{\"@context\":\"https:\/\/schema.org\",\"@graph\":[{\"@type\":\"WebPage\",\"@id\":\"https:\/\/www.fst.uha.fr\/index.php\/fst\/\",\"url\":\"https:\/\/www.fst.uha.fr\/index.php\/fst\/\",\"name\":\"FST - FST - Facult\u00e9 des Sciences et Techniques | Universit\u00e9 de Haute-Alsace\",\"isPartOf\":{\"@id\":\"https:\/\/www.fst.uha.fr\/#website\"},\"primaryImageOfPage\":{\"@id\":\"https:\/\/www.fst.uha.fr\/index.php\/fst\/#primaryimage\"},\"image\":{\"@id\":\"https:\/\/www.fst.uha.fr\/index.php\/fst\/#primaryimage\"},\"thumbnailUrl\":\"https:\/\/www.fst.uha.fr\/wp-content\/uploads\/2018\/07\/FST-100.jpg\",\"datePublished\":\"2018-04-10T07:36:51+00:00\",\"dateModified\":\"2024-07-19T07:29:06+00:00\",\"breadcrumb\":{\"@id\":\"https:\/\/www.fst.uha.fr\/index.php\/fst\/#breadcrumb\"},\"inLanguage\":\"fr-FR\",\"potentialAction\":[{\"@type\":\"ReadAction\",\"target\":[\"https:\/\/www.fst.uha.fr\/index.php\/fst\/\"]}]},{\"@type\":\"ImageObject\",\"inLanguage\":\"fr-FR\",\"@id\":\"https:\/\/www.fst.uha.fr\/index.php\/fst\/#primaryimage\",\"url\":\"https:\/\/www.fst.uha.fr\/wp-content\/uploads\/2018\/07\/FST-100.jpg\",\"contentUrl\":\"https:\/\/www.fst.uha.fr\/wp-content\/uploads\/2018\/07\/FST-100.jpg\",\"width\":1920,\"height\":501},{\"@type\":\"BreadcrumbList\",\"@id\":\"https:\/\/www.fst.uha.fr\/index.php\/fst\/#breadcrumb\",\"itemListElement\":[{\"@type\":\"ListItem\",\"position\":1,\"name\":\"Accueil\",\"item\":\"https:\/\/www.fst.uha.fr\/\"},{\"@type\":\"ListItem\",\"position\":2,\"name\":\"FST\"}]},{\"@type\":\"WebSite\",\"@id\":\"https:\/\/www.fst.uha.fr\/#website\",\"url\":\"https:\/\/www.fst.uha.fr\/\",\"name\":\"FST - Facult\u00e9 des Sciences et Techniques | Universit\u00e9 de Haute-Alsace\",\"description\":\"Campus Illberg | Universit\u00e9 de Haute-Alsace\",\"potentialAction\":[{\"@type\":\"SearchAction\",\"target\":{\"@type\":\"EntryPoint\",\"urlTemplate\":\"https:\/\/www.fst.uha.fr\/?s={search_term_string}\"},\"query-input\":{\"@type\":\"PropertyValueSpecification\",\"valueRequired\":true,\"valueName\":\"search_term_string\"}}],\"inLanguage\":\"fr-FR\"}]}<\/script>\n<!-- \/ Yoast SEO plugin. -->","yoast_head_json":{"title":"FST - FST - Facult\u00e9 des Sciences et Techniques | Universit\u00e9 de Haute-Alsace","robots":{"index":"index","follow":"follow","max-snippet":"max-snippet:-1","max-image-preview":"max-image-preview:large","max-video-preview":"max-video-preview:-1"},"canonical":"https:\/\/www.fst.uha.fr\/index.php\/fst\/","og_locale":"fr_FR","og_type":"article","og_title":"FST - FST - Facult\u00e9 des Sciences et Techniques | Universit\u00e9 de Haute-Alsace","og_description":"La Facult\u00e9 des Sciences et Techniques (FST) accueille chaque ann\u00e9e plus de 1200 \u00e9tudiants r\u00e9partis dans l\u2019un des 9 parcours de Licence, 6 parcours de Master et 3 \u00e9coles doctorales. Les formations de cette facult\u00e9 de l\u2019Universit\u00e9 de Haute-Alsace (UHA) s\u2019appuient sur les champs disciplinaires\u00a0: Num\u00e9rique et Industrie du Futur o\u00f9 sont regroup\u00e9es les formations [&hellip;]","og_url":"https:\/\/www.fst.uha.fr\/index.php\/fst\/","og_site_name":"FST - Facult\u00e9 des Sciences et Techniques | Universit\u00e9 de Haute-Alsace","article_modified_time":"2024-07-19T07:29:06+00:00","og_image":[{"url":"https:\/\/www.fst.uha.fr\/wp-content\/uploads\/2018\/07\/FST-100.jpg","type":"","width":"","height":""}],"twitter_card":"summary_large_image","twitter_misc":{"Dur\u00e9e de lecture estim\u00e9e":"4 minutes"},"schema":{"@context":"https:\/\/schema.org","@graph":[{"@type":"WebPage","@id":"https:\/\/www.fst.uha.fr\/index.php\/fst\/","url":"https:\/\/www.fst.uha.fr\/index.php\/fst\/","name":"FST - FST - Facult\u00e9 des Sciences et Techniques | Universit\u00e9 de Haute-Alsace","isPartOf":{"@id":"https:\/\/www.fst.uha.fr\/#website"},"primaryImageOfPage":{"@id":"https:\/\/www.fst.uha.fr\/index.php\/fst\/#primaryimage"},"image":{"@id":"https:\/\/www.fst.uha.fr\/index.php\/fst\/#primaryimage"},"thumbnailUrl":"https:\/\/www.fst.uha.fr\/wp-content\/uploads\/2018\/07\/FST-100.jpg","datePublished":"2018-04-10T07:36:51+00:00","dateModified":"2024-07-19T07:29:06+00:00","breadcrumb":{"@id":"https:\/\/www.fst.uha.fr\/index.php\/fst\/#breadcrumb"},"inLanguage":"fr-FR","potentialAction":[{"@type":"ReadAction","target":["https:\/\/www.fst.uha.fr\/index.php\/fst\/"]}]},{"@type":"ImageObject","inLanguage":"fr-FR","@id":"https:\/\/www.fst.uha.fr\/index.php\/fst\/#primaryimage","url":"https:\/\/www.fst.uha.fr\/wp-content\/uploads\/2018\/07\/FST-100.jpg","contentUrl":"https:\/\/www.fst.uha.fr\/wp-content\/uploads\/2018\/07\/FST-100.jpg","width":1920,"height":501},{"@type":"BreadcrumbList","@id":"https:\/\/www.fst.uha.fr\/index.php\/fst\/#breadcrumb","itemListElement":[{"@type":"ListItem","position":1,"name":"Accueil","item":"https:\/\/www.fst.uha.fr\/"},{"@type":"ListItem","position":2,"name":"FST"}]},{"@type":"WebSite","@id":"https:\/\/www.fst.uha.fr\/#website","url":"https:\/\/www.fst.uha.fr\/","name":"FST - Facult\u00e9 des Sciences et Techniques | Universit\u00e9 de Haute-Alsace","description":"Campus Illberg | Universit\u00e9 de Haute-Alsace","potentialAction":[{"@type":"SearchAction","target":{"@type":"EntryPoint","urlTemplate":"https:\/\/www.fst.uha.fr\/?s={search_term_string}"},"query-input":{"@type":"PropertyValueSpecification","valueRequired":true,"valueName":"search_term_string"}}],"inLanguage":"fr-FR"}]}},"_links":{"self":[{"href":"https:\/\/www.fst.uha.fr\/index.php\/wp-json\/wp\/v2\/pages\/20","targetHints":{"allow":["GET"]}}],"collection":[{"href":"https:\/\/www.fst.uha.fr\/index.php\/wp-json\/wp\/v2\/pages"}],"about":[{"href":"https:\/\/www.fst.uha.fr\/index.php\/wp-json\/wp\/v2\/types\/page"}],"author":[{"embeddable":true,"href":"https:\/\/www.fst.uha.fr\/index.php\/wp-json\/wp\/v2\/users\/1"}],"replies":[{"embeddable":true,"href":"https:\/\/www.fst.uha.fr\/index.php\/wp-json\/wp\/v2\/comments?post=20"}],"version-history":[{"count":23,"href":"https:\/\/www.fst.uha.fr\/index.php\/wp-json\/wp\/v2\/pages\/20\/revisions"}],"predecessor-version":[{"id":4686,"href":"https:\/\/www.fst.uha.fr\/index.php\/wp-json\/wp\/v2\/pages\/20\/revisions\/4686"}],"wp:attachment":[{"href":"https:\/\/www.fst.uha.fr\/index.php\/wp-json\/wp\/v2\/media?parent=20"}],"wp:term":[{"taxonomy":"category","embeddable":true,"href":"https:\/\/www.fst.uha.fr\/index.php\/wp-json\/wp\/v2\/categories?post=20"},{"taxonomy":"post_tag","embeddable":true,"href":"https:\/\/www.fst.uha.fr\/index.php\/wp-json\/wp\/v2\/tags?post=20"}],"curies":[{"name":"wp","href":"https:\/\/api.w.org\/{rel}","templated":true}]}}