{"id":201,"date":"2018-04-25T16:12:31","date_gmt":"2018-04-25T14:12:31","guid":{"rendered":"https:\/\/www.fst.uha.fr\/?page_id=201"},"modified":"2025-01-17T11:40:37","modified_gmt":"2025-01-17T10:40:37","slug":"master-risques-technologiques-securite","status":"publish","type":"page","link":"https:\/\/www.fst.uha.fr\/index.php\/formations\/masters\/master-risques-technologiques-securite\/","title":{"rendered":"Master Risques technologiques, s\u00e9curit\u00e9"},"content":{"rendered":"<p><a href=\"https:\/\/www.fst.uha.fr\/index.php\/formations\/#masters\">Masters<\/a> &gt; <strong>Master Risques technologiques, s\u00e9curit\u00e9<br \/>\n<\/strong><\/p>\n<p><img loading=\"lazy\" decoding=\"async\" class=\"alignnone size-full wp-image-371\" src=\"https:\/\/www.fst.uha.fr\/wp-content\/uploads\/2018\/04\/ESR-2.png\" alt=\"\" width=\"1920\" height=\"501\" srcset=\"https:\/\/www.fst.uha.fr\/wp-content\/uploads\/2018\/04\/ESR-2.png 1920w, https:\/\/www.fst.uha.fr\/wp-content\/uploads\/2018\/04\/ESR-2-300x78.png 300w, https:\/\/www.fst.uha.fr\/wp-content\/uploads\/2018\/04\/ESR-2-768x200.png 768w, https:\/\/www.fst.uha.fr\/wp-content\/uploads\/2018\/04\/ESR-2-1024x267.png 1024w\" sizes=\"auto, (max-width: 1920px) 100vw, 1920px\" \/><\/p>\n<div class=\"su-row\"><div class=\"su-column su-column-size-3-4\"><div class=\"su-column-inner su-u-clearfix su-u-trim\">\n<h4><strong>Pr\u00e9sentation<\/strong><\/h4>\n<p>Depuis les ann\u00e9es 1970, au fil des catastrophes industrielles et pollutions, les contraintes r\u00e9glementaires et les normes se sont d\u00e9velopp\u00e9es pour limiter les risques et impacts environnementaux g\u00e9n\u00e9r\u00e9s par les activit\u00e9s anthropiques.<br \/>\nL\u2019identification et l\u2019analyse des risques, des impacts environnementaux et des besoins en \u00e9nergie sont aujourd\u2019hui des domaines essentiels \u00e0 prendre \u00e0 compte dans l\u2019entreprise avec leurs aspects techniques, r\u00e9glementaires, sociaux et \u00e9conomiques. Ces activit\u00e9s rel\u00e8vent des services Hygi\u00e8ne, S\u00e9curit\u00e9, Environnement (HSE), de bureaux d\u2019\u00e9tudes ou industries sp\u00e9cialis\u00e9s.<br \/>\nLe parcours \u201cRisques Technologiques, S\u00e9curit\u00e9\u201d (RTS) du master \u201cRisques et Environnement\u201d est une formation pluridisciplinaire qui offre un large spectre d\u2019insertion professionnelle dans diff\u00e9rents secteurs priv\u00e9s ou publics.<\/p>\n<h4><strong>Objectifs<\/strong><\/h4>\n<p>La sp\u00e9cialit\u00e9 RTS a pour objectif de former des sp\u00e9cialistes dans l\u2019identification, l\u2019analyse et la gestion des risques (risques chimiques, incendies, explosions, etc.) et la mise en place de proc\u00e9d\u00e9s industriels prenant en compte l\u2019aspect s\u00e9curitaire. Parall\u00e8lement aux enseignements scientifiques fondamentaux, la typologie des risques, la r\u00e9glementation en vigueur et une introduction aux sciences des risques sont dispens\u00e9s au premier semestre ainsi que les d\u00e9marches de gestion qualit\u00e9, s\u00e9curit\u00e9, environnement. Au cours des semestres 2 et 3, une sp\u00e9cialisation dans les domaines de la s\u00e9curit\u00e9, des m\u00e9thodes et outils n\u00e9cessaires \u00e0 l\u2019analyse des risques, de la mod\u00e9lisation des risques incendie-explosion et de la gestion de crises et \u00e0 l\u2019organisation des secours est assur\u00e9e.<\/p>\n<div class=\"su-accordion su-u-trim\">\n<div class=\"su-spoiler su-spoiler-style-fancy su-spoiler-icon-plus-circle su-spoiler-closed\" data-scroll-offset=\"0\" data-anchor-in-url=\"no\"><div class=\"su-spoiler-title\" tabindex=\"0\" role=\"button\"><span class=\"su-spoiler-icon\"><\/span>Admission<\/div><div class=\"su-spoiler-content su-u-clearfix su-u-trim\">\n<p>LES CANDIDATURES\u00a0 se font sur <a href=\"https:\/\/www.monmaster.gouv.fr\" target=\"_blank\" rel=\"noopener\">https:\/\/www.monmaster.gouv.fr<\/a>,<\/p>\n<p>23 places en apprentissage et 2 places en formation initiale (basculables en apprentissage) sont disponibles pour le parcours RTS.<\/p>\n<p>Il n&rsquo;est pas n\u00e9cessaire d&rsquo;avoir d\u00e9j\u00e0 un apprentissage pour postuler, indiquer simplement que vous \u00eates en recherche d&rsquo;une entreprise.<\/p>\n<p>Si votre dossier est retenu, nous vous fournirons de tr\u00e8s nombreuses offres d&rsquo;apprentissage r\u00e9parties sur toute la France. Sur les 4 derni\u00e8res ann\u00e9es, nous avions entre 50 et 60 offres d&rsquo;apprentissage non pourvues \/an.<\/p>\n<\/div><\/div>\n<div class=\"su-spoiler su-spoiler-style-fancy su-spoiler-icon-plus-circle su-spoiler-closed\" data-scroll-offset=\"0\" data-anchor-in-url=\"no\"><div class=\"su-spoiler-title\" tabindex=\"0\" role=\"button\"><span class=\"su-spoiler-icon\"><\/span>Insertion professionnelle<\/div><div class=\"su-spoiler-content su-u-clearfix su-u-trim\">\nLes entreprises des secteurs priv\u00e9s (industries et bureaux d\u2019\u00e9tudes) et publics recrutent les dipl\u00f4m\u00e9s du master mention \u00ab\u00a0Risques et Environnement\u00a0\u00bb en tant que cadre responsable Hygi\u00e8ne, S\u00e9curit\u00e9, Qualit\u00e9, Environnement (HSQE), ing\u00e9nieur analyse, s\u00fbret\u00e9, cadre analyse et gestion des risques, cadre de production dans l\u2019industrie chimique ou p\u00e9trochimique, ing\u00e9nieur hygi\u00e8ne et s\u00e9curit\u00e9, ing\u00e9nieur pr\u00e9venteur, charg\u00e9 d\u2019\u00e9tudes s\u00e9curit\u00e9-environnement, officier de sapeurs-pompiers (apr\u00e8s concours).<br \/>\nLe d\u00e9tail est disponible sur <a href=\"https:\/\/www.master-risques-environnement.fr\/parcours-risques-technologiques-securite\/\">le site du Master Risques et Environnement<\/a><\/p>\n<\/div><\/div>\n<div class=\"su-spoiler su-spoiler-style-fancy su-spoiler-icon-plus-circle su-spoiler-closed\" data-scroll-offset=\"0\" data-anchor-in-url=\"no\"><div class=\"su-spoiler-title\" tabindex=\"0\" role=\"button\"><span class=\"su-spoiler-icon\"><\/span>Modalit\u00e9 d'enseignements<\/div><div class=\"su-spoiler-content su-u-clearfix su-u-trim\">\nLe master est une formation pluridisciplinaire \u00e0 forte dimension professionnelle.<br \/>\nLes parcours RTS est ouvert en formation initiale \u00e0 temps plein, en formation initiale par apprentissage ou en formation continue. La formation par alternance est possible sur l\u2019ensemble du cursus ou uniquement en deuxi\u00e8me ann\u00e9e. Le face-\u00e0-face p\u00e9dagogique est commun pour les diff\u00e9rents types de formation propos\u00e9s (initiale temps plein, initiale par apprentissage ou continue).<br \/>\nFormation initiale<br \/>\nLes \u00e9tudiants inscrits en formation initiale acqui\u00e8rent des savoir-faire et d\u00e9veloppent une exp\u00e9rience professionnelle par la r\u00e9alisation de deux stages : de 8 \u00e0 16 semaines en 1\u00e8re ann\u00e9e et d\u2019une dur\u00e9e de 6 mois en 2\u00e8me ann\u00e9e. Les stages peuvent \u00eatre r\u00e9alis\u00e9s \u00e0 l\u2019\u00e9tranger. Les stages sont r\u00e9alis\u00e9s dans une entreprise, une collectivit\u00e9, un organisme public ou un laboratoire de recherche.<br \/>\nFormation par alternance (initiale par apprentissage ou continue)<br \/>\nLes \u00e9tudiants alternent entre des p\u00e9riodes d&rsquo;acquisition de savoir-faire en entreprise et des p\u00e9riodes de formation (principalement orient\u00e9es sur l\u2019acquisition de savoirs). Les taux de pr\u00e9sence des \u00e9tudiants dans le centre de formation (UHA) et dans l\u2019entreprise d\u2019accueil varient de fa\u00e7on progressive au cours des semestres. Ainsi en premi\u00e8re ann\u00e9e les \u00e9tudiants sont pr\u00e9sents \u00e0 50% (au semestre 1) et 33% (au semestre 2) de leur temps au centre de formation. En deuxi\u00e8me ann\u00e9e, ce temps de pr\u00e9sence \u00e0 l\u2019UHA est de 46% au semestre 3. Le semestre 4 est totalement r\u00e9serv\u00e9 \u00e0 l\u2019immersion en entreprise.<br \/>\nLa r\u00e9alisation, en 2\u00e8me ann\u00e9e, d\u2019un double dipl\u00f4me, nomm\u00e9 \u00ab double comp\u00e9tence int\u00e9gr\u00e9e en management de projets \u00bb, en partenariat avec la Facult\u00e9 de Sciences Economiques, Sociales et Juridiques (FSESJ) de l\u2019UHA, est propos\u00e9. Ce double dipl\u00f4me permet le d\u00e9veloppement de comp\u00e9tences professionnelles compl\u00e9mentaires \u00e0 celles d\u00e9livr\u00e9es par le Master \u00ab Risques et Environnement \u00bb. Cette double comp\u00e9tence implique un face-\u00e0-face p\u00e9dagogique de 4 mois suppl\u00e9mentaire.<\/p>\n<\/div><\/div>\n<div class=\"su-spoiler su-spoiler-style-fancy su-spoiler-icon-plus-circle su-spoiler-closed\" data-scroll-offset=\"0\" data-anchor-in-url=\"no\"><div class=\"su-spoiler-title\" tabindex=\"0\" role=\"button\"><span class=\"su-spoiler-icon\"><\/span>Programme<\/div><div class=\"su-spoiler-content su-u-clearfix su-u-trim\">Les enseignements dispens\u00e9s dans les parcours RTS sont r\u00e9partis entre UE fondamentales, transversales et \u00e0 ouverture professionnelle, avec un d\u00e9veloppement progressif des comp\u00e9tences au cours de la formation.<br \/>\nLes enseignements dispens\u00e9s en 1\u00e8re ann\u00e9e permettent d\u2019acqu\u00e9rir des connaissances scientifiques fondamentales ainsi que des connaissances et savoir-faire g\u00e9n\u00e9raux dans les domaines compl\u00e9mentaires que sont les risques, la s\u00e9curit\u00e9 et l&rsquo;environnement. Un enseignement de champs disciplinaires compl\u00e9mentaires (droit, langues, \u00e9conomie, management de projets) compl\u00e8te la formation.<br \/>\nEn 2\u00e8me ann\u00e9e, les enseignements sont orient\u00e9s en particulier selon 4 axes compl\u00e9mentaires :<br \/>\n&#8211; Les m\u00e9thodes et outils pour l&rsquo;analyse des risques,<br \/>\n&#8211; Les facteurs humains dans la gestion des risques et organisation des secours,<br \/>\n&#8211; L\u2019ing\u00e9nierie des risques incendies,<br \/>\n&#8211; La s\u00e9curit\u00e9 et proc\u00e9d\u00e9s dans l&rsquo;industrie.<br \/>\nDes cours de langues et un projet transdisciplinaire compl\u00e8te la formation.<\/p>\n<p><a href=\"https:\/\/www.master-risques-environnement.fr\/programme\/\">D\u00e9couvrez les d\u00e9tails du programme<\/a><\/p>\n<\/div><\/div>\n<div class=\"su-spoiler su-spoiler-style-fancy su-spoiler-icon-plus-circle su-spoiler-closed\" data-scroll-offset=\"0\" data-anchor-in-url=\"no\"><div class=\"su-spoiler-title\" tabindex=\"0\" role=\"button\"><span class=\"su-spoiler-icon\"><\/span>Stage et Apprentissage<\/div><div class=\"su-spoiler-content su-u-clearfix su-u-trim\">Formation initiale :<br \/>\nStage de 8 \u00e0 16 semaines en 1\u00e8re ann\u00e9e et d\u2019une dur\u00e9e de 6 mois en 2\u00e8me ann\u00e9e. Les stages peuvent \u00eatre r\u00e9alis\u00e9s \u00e0 l\u2019\u00e9tranger. Les stages sont r\u00e9alis\u00e9s dans une entreprise, une collectivit\u00e9, un organisme public ou un laboratoire de recherche.<\/p>\n<p>Formation par alternance :<br \/>\nLe parcours RTS est ouvert en formation par apprentissage ou en formation continue sur l\u2019ensemble du Master ou uniquement en Master 2, au choix de l\u2019\u00e9tudiant.<\/p>\n<\/div><\/div>\n<div class=\"su-spoiler su-spoiler-style-fancy su-spoiler-icon-plus-circle su-spoiler-closed\" data-scroll-offset=\"0\" data-anchor-in-url=\"no\"><div class=\"su-spoiler-title\" tabindex=\"0\" role=\"button\"><span class=\"su-spoiler-icon\"><\/span>Ouverture \u00e0 l'international<\/div><div class=\"su-spoiler-content su-u-clearfix su-u-trim\">Les stages peuvent \u00eatre r\u00e9alis\u00e9s \u00e0 l\u2019\u00e9tranger.<\/p>\n<p><a href=\"https:\/\/www.fst.uha.fr\/index.php\/international\/\">Voir la rubrique Relations internationales<\/a><\/p>\n<\/div><\/div>\n<div class=\"su-spoiler su-spoiler-style-fancy su-spoiler-icon-plus-circle su-spoiler-closed\" data-scroll-offset=\"0\" data-anchor-in-url=\"no\"><div class=\"su-spoiler-title\" tabindex=\"0\" role=\"button\"><span class=\"su-spoiler-icon\"><\/span>Les plus de la formation<\/div><div class=\"su-spoiler-content su-u-clearfix su-u-trim\">&#8211; Apprentissage possible sur les deux ann\u00e9es du Master,<br \/>\n&#8211; Cursus en Double comp\u00e9tence int\u00e9gr\u00e9e, conduisant \u00e0 l\u2019obtention de deux Master : Master \u201cRisques et Environnement\u201d et Master \u201cManagement de projets\u201d,<br \/>\n&#8211; Participation active de nombreux professionnels dans la formation (47% en Master 1, 69% en Master 2),<br \/>\n&#8211; R\u00e9seau fort de 358 anciens dipl\u00f4m\u00e9s depuis 1996 diffusant les offres de stages, d\u2019apprentissage et d\u2019emploi,<br \/>\n&#8211; Module de formation sur le th\u00e8me de l\u2019ing\u00e9nierie de la s\u00e9curit\u00e9 incendie assez unique,<br \/>\n&#8211; Lien fort existant avec l\u2019Ecole Nationale Sup\u00e9rieure des Officiers de Sapeurs-Pompiers (ENSOSP) permettant une tr\u00e8s forte r\u00e9ussite aux concours de Lieutenant de Sapeur-pompier et de Capitaine,<br \/>\n&#8211; Tr\u00e8s bonne insertion professionnelle,<br \/>\n&#8211; 25 \u00e9tudiants maximum par promotion pour un suivi personnalis\u00e9 de chaque \u00e9tudiant par un tuteur enseignant.<\/p>\n<\/div><\/div>\n<\/div>\n<\/div><\/div>\n<div class=\"su-column su-column-size-1-4\"><div class=\"su-column-inner su-u-clearfix su-u-trim\">\n<h4><strong>Responsable<\/strong><\/h4>\n<div>David HABERMACHER<\/div>\n<div><a href=\"mailto:David.habermacher@uha.fr\">David.habermacher@uha.fr<\/a><\/div>\n<div><div class=\"su-divider su-divider-style-default\" style=\"margin:15px 0;border-width:3px;border-color:#999999\"><\/div><\/div>\n<div><\/div>\n<h4><strong>Scolarit\u00e9<\/strong><\/h4>\n<div>Evelyne BUYLE<\/div>\n<div><a href=\"mailto:Evelyne.buyle@uha.fr\">Evelyne.buyle@uha.fr<\/a><\/div>\n<div>T\u00e9l. : 03 89 33 61 55<\/div>\n<div class=\"su-divider su-divider-style-default\" style=\"margin:15px 0;border-width:3px;border-color:#999999\"><\/div>\n<h4><strong>En savoir plus<br \/>\n<\/strong><\/h4>\n<ul>\n<li><a href=\"https:\/\/www.fst.uha.fr\/wp-content\/uploads\/2025\/01\/Plaquette-risques-RTS.pdf\">Plaquette du master Risques technologiques, s\u00e9curit\u00e9<\/a><\/li>\n<li><a href=\"https:\/\/www.fst.uha.fr\/wp-content\/uploads\/2018\/06\/Programme-d\u00e9taill\u00e9-master-RE-RTS-.pdf\">Programme du master Risques technologiques, s\u00e9curit\u00e9<\/a><\/li>\n<li><a href=\"https:\/\/www.master-risques-environnement.fr\">Site internet<\/a><\/li>\n<li><a href=\"https:\/\/www.francecompetences.fr\/recherche\/rncp\/39265\/\" target=\"_blank\" rel=\"noopener\">Certification RNCP \u2013 France comp\u00e9tences<\/a><\/li>\n<\/ul>\n<span class=\"su-lightbox\" data-mfp-src=\"https:\/\/www.youtube-nocookie.com\/embed\/VUNLpfFSv4k\" data-mfp-type=\"iframe\" data-mobile=\"yes\"><img loading=\"lazy\" decoding=\"async\" class=\"aligncenter wp-image-2846 size-large\" src=\"https:\/\/www.fst.uha.fr\/wp-content\/uploads\/2021\/03\/master-risque-environnement-1024x539.jpg\" alt=\"Master Risques et environnement\" width=\"750\" height=\"395\" srcset=\"https:\/\/www.fst.uha.fr\/wp-content\/uploads\/2021\/03\/master-risque-environnement-1024x539.jpg 1024w, https:\/\/www.fst.uha.fr\/wp-content\/uploads\/2021\/03\/master-risque-environnement-300x158.jpg 300w, https:\/\/www.fst.uha.fr\/wp-content\/uploads\/2021\/03\/master-risque-environnement-768x404.jpg 768w, https:\/\/www.fst.uha.fr\/wp-content\/uploads\/2021\/03\/master-risque-environnement.jpg 1278w\" sizes=\"auto, (max-width: 750px) 100vw, 750px\" \/><\/span>\n<p>Enqu\u00eate sur le devenir des dipl\u00f4m\u00e9s 2018 :<\/p>\n<ul>\n<li><a href=\"https:\/\/www.fst.uha.fr\/wp-content\/uploads\/2023\/01\/Master-Risques-technologiques-securite-2018.pdf\" target=\"_blank\" rel=\"noopener\">Risques Technologiques, S\u00e9curit\u00e9<\/a><\/li>\n<\/ul>\n<p>&nbsp;<\/p>\n<\/div><\/div><\/div>\n","protected":false},"excerpt":{"rendered":"<p>Masters &gt; Master Risques technologiques, s\u00e9curit\u00e9<\/p>\n","protected":false},"author":1,"featured_media":0,"parent":92,"menu_order":0,"comment_status":"closed","ping_status":"closed","template":"","meta":{"footnotes":""},"categories":[],"tags":[],"class_list":["post-201","page","type-page","status-publish","hentry"],"yoast_head":"<!-- This site is optimized with the Yoast SEO plugin v27.0 - https:\/\/yoast.com\/product\/yoast-seo-wordpress\/ -->\n<title>Master Risques technologiques, s\u00e9curit\u00e9 RTS - FST Mulhouse<\/title>\n<meta name=\"description\" content=\"La sp\u00e9cialit\u00e9 RTS a pour objectif de former des sp\u00e9cialistes dans l\u2019identification, l\u2019analyse et la gestion des risques.\" \/>\n<meta name=\"robots\" content=\"index, follow, max-snippet:-1, max-image-preview:large, max-video-preview:-1\" \/>\n<link rel=\"canonical\" href=\"https:\/\/www.fst.uha.fr\/index.php\/formations\/masters\/master-risques-technologiques-securite\/\" \/>\n<meta property=\"og:locale\" content=\"fr_FR\" \/>\n<meta property=\"og:type\" content=\"article\" \/>\n<meta property=\"og:title\" content=\"Master Risques technologiques, s\u00e9curit\u00e9 RTS - FST Mulhouse\" \/>\n<meta property=\"og:description\" content=\"La sp\u00e9cialit\u00e9 RTS a pour objectif de former des sp\u00e9cialistes dans l\u2019identification, l\u2019analyse et la gestion des risques.\" \/>\n<meta property=\"og:url\" content=\"https:\/\/www.fst.uha.fr\/index.php\/formations\/masters\/master-risques-technologiques-securite\/\" \/>\n<meta property=\"og:site_name\" content=\"FST - Facult\u00e9 des Sciences et Techniques | Universit\u00e9 de Haute-Alsace\" \/>\n<meta property=\"article:modified_time\" content=\"2025-01-17T10:40:37+00:00\" \/>\n<meta property=\"og:image\" content=\"https:\/\/www.fst.uha.fr\/wp-content\/uploads\/2018\/04\/ESR-2.png\" \/>\n\t<meta property=\"og:image:width\" content=\"1920\" \/>\n\t<meta property=\"og:image:height\" content=\"501\" \/>\n\t<meta property=\"og:image:type\" content=\"image\/png\" \/>\n<meta name=\"twitter:card\" content=\"summary_large_image\" \/>\n<meta name=\"twitter:label1\" content=\"Dur\u00e9e de lecture estim\u00e9e\" \/>\n\t<meta name=\"twitter:data1\" content=\"7 minutes\" \/>\n<script type=\"application\/ld+json\" class=\"yoast-schema-graph\">{\"@context\":\"https:\/\/schema.org\",\"@graph\":[{\"@type\":\"WebPage\",\"@id\":\"https:\/\/www.fst.uha.fr\/index.php\/formations\/masters\/master-risques-technologiques-securite\/\",\"url\":\"https:\/\/www.fst.uha.fr\/index.php\/formations\/masters\/master-risques-technologiques-securite\/\",\"name\":\"Master Risques technologiques, s\u00e9curit\u00e9 RTS - FST Mulhouse\",\"isPartOf\":{\"@id\":\"https:\/\/www.fst.uha.fr\/#website\"},\"primaryImageOfPage\":{\"@id\":\"https:\/\/www.fst.uha.fr\/index.php\/formations\/masters\/master-risques-technologiques-securite\/#primaryimage\"},\"image\":{\"@id\":\"https:\/\/www.fst.uha.fr\/index.php\/formations\/masters\/master-risques-technologiques-securite\/#primaryimage\"},\"thumbnailUrl\":\"https:\/\/www.fst.uha.fr\/wp-content\/uploads\/2018\/04\/ESR-2.png\",\"datePublished\":\"2018-04-25T14:12:31+00:00\",\"dateModified\":\"2025-01-17T10:40:37+00:00\",\"description\":\"La sp\u00e9cialit\u00e9 RTS a pour objectif de former des sp\u00e9cialistes dans l\u2019identification, l\u2019analyse et la gestion des risques.\",\"breadcrumb\":{\"@id\":\"https:\/\/www.fst.uha.fr\/index.php\/formations\/masters\/master-risques-technologiques-securite\/#breadcrumb\"},\"inLanguage\":\"fr-FR\",\"potentialAction\":[{\"@type\":\"ReadAction\",\"target\":[\"https:\/\/www.fst.uha.fr\/index.php\/formations\/masters\/master-risques-technologiques-securite\/\"]}]},{\"@type\":\"ImageObject\",\"inLanguage\":\"fr-FR\",\"@id\":\"https:\/\/www.fst.uha.fr\/index.php\/formations\/masters\/master-risques-technologiques-securite\/#primaryimage\",\"url\":\"https:\/\/www.fst.uha.fr\/wp-content\/uploads\/2018\/04\/ESR-2.png\",\"contentUrl\":\"https:\/\/www.fst.uha.fr\/wp-content\/uploads\/2018\/04\/ESR-2.png\"},{\"@type\":\"BreadcrumbList\",\"@id\":\"https:\/\/www.fst.uha.fr\/index.php\/formations\/masters\/master-risques-technologiques-securite\/#breadcrumb\",\"itemListElement\":[{\"@type\":\"ListItem\",\"position\":1,\"name\":\"Accueil\",\"item\":\"https:\/\/www.fst.uha.fr\/\"},{\"@type\":\"ListItem\",\"position\":2,\"name\":\"Nos formations\",\"item\":\"https:\/\/www.fst.uha.fr\/index.php\/formations\/\"},{\"@type\":\"ListItem\",\"position\":3,\"name\":\"Masters\",\"item\":\"https:\/\/www.fst.uha.fr\/index.php\/formations\/masters\/\"},{\"@type\":\"ListItem\",\"position\":4,\"name\":\"Master Risques technologiques, s\u00e9curit\u00e9\"}]},{\"@type\":\"WebSite\",\"@id\":\"https:\/\/www.fst.uha.fr\/#website\",\"url\":\"https:\/\/www.fst.uha.fr\/\",\"name\":\"FST - Facult\u00e9 des Sciences et Techniques | Universit\u00e9 de Haute-Alsace\",\"description\":\"Campus Illberg | Universit\u00e9 de Haute-Alsace\",\"potentialAction\":[{\"@type\":\"SearchAction\",\"target\":{\"@type\":\"EntryPoint\",\"urlTemplate\":\"https:\/\/www.fst.uha.fr\/?s={search_term_string}\"},\"query-input\":{\"@type\":\"PropertyValueSpecification\",\"valueRequired\":true,\"valueName\":\"search_term_string\"}}],\"inLanguage\":\"fr-FR\"}]}<\/script>\n<!-- \/ Yoast SEO plugin. -->","yoast_head_json":{"title":"Master Risques technologiques, s\u00e9curit\u00e9 RTS - FST Mulhouse","description":"La sp\u00e9cialit\u00e9 RTS a pour objectif de former des sp\u00e9cialistes dans l\u2019identification, l\u2019analyse et la gestion des risques.","robots":{"index":"index","follow":"follow","max-snippet":"max-snippet:-1","max-image-preview":"max-image-preview:large","max-video-preview":"max-video-preview:-1"},"canonical":"https:\/\/www.fst.uha.fr\/index.php\/formations\/masters\/master-risques-technologiques-securite\/","og_locale":"fr_FR","og_type":"article","og_title":"Master Risques technologiques, s\u00e9curit\u00e9 RTS - FST Mulhouse","og_description":"La sp\u00e9cialit\u00e9 RTS a pour objectif de former des sp\u00e9cialistes dans l\u2019identification, l\u2019analyse et la gestion des risques.","og_url":"https:\/\/www.fst.uha.fr\/index.php\/formations\/masters\/master-risques-technologiques-securite\/","og_site_name":"FST - Facult\u00e9 des Sciences et Techniques | Universit\u00e9 de Haute-Alsace","article_modified_time":"2025-01-17T10:40:37+00:00","og_image":[{"width":1920,"height":501,"url":"https:\/\/www.fst.uha.fr\/wp-content\/uploads\/2018\/04\/ESR-2.png","type":"image\/png"}],"twitter_card":"summary_large_image","twitter_misc":{"Dur\u00e9e de lecture estim\u00e9e":"7 minutes"},"schema":{"@context":"https:\/\/schema.org","@graph":[{"@type":"WebPage","@id":"https:\/\/www.fst.uha.fr\/index.php\/formations\/masters\/master-risques-technologiques-securite\/","url":"https:\/\/www.fst.uha.fr\/index.php\/formations\/masters\/master-risques-technologiques-securite\/","name":"Master Risques technologiques, s\u00e9curit\u00e9 RTS - FST Mulhouse","isPartOf":{"@id":"https:\/\/www.fst.uha.fr\/#website"},"primaryImageOfPage":{"@id":"https:\/\/www.fst.uha.fr\/index.php\/formations\/masters\/master-risques-technologiques-securite\/#primaryimage"},"image":{"@id":"https:\/\/www.fst.uha.fr\/index.php\/formations\/masters\/master-risques-technologiques-securite\/#primaryimage"},"thumbnailUrl":"https:\/\/www.fst.uha.fr\/wp-content\/uploads\/2018\/04\/ESR-2.png","datePublished":"2018-04-25T14:12:31+00:00","dateModified":"2025-01-17T10:40:37+00:00","description":"La sp\u00e9cialit\u00e9 RTS a pour objectif de former des sp\u00e9cialistes dans l\u2019identification, l\u2019analyse et la gestion des risques.","breadcrumb":{"@id":"https:\/\/www.fst.uha.fr\/index.php\/formations\/masters\/master-risques-technologiques-securite\/#breadcrumb"},"inLanguage":"fr-FR","potentialAction":[{"@type":"ReadAction","target":["https:\/\/www.fst.uha.fr\/index.php\/formations\/masters\/master-risques-technologiques-securite\/"]}]},{"@type":"ImageObject","inLanguage":"fr-FR","@id":"https:\/\/www.fst.uha.fr\/index.php\/formations\/masters\/master-risques-technologiques-securite\/#primaryimage","url":"https:\/\/www.fst.uha.fr\/wp-content\/uploads\/2018\/04\/ESR-2.png","contentUrl":"https:\/\/www.fst.uha.fr\/wp-content\/uploads\/2018\/04\/ESR-2.png"},{"@type":"BreadcrumbList","@id":"https:\/\/www.fst.uha.fr\/index.php\/formations\/masters\/master-risques-technologiques-securite\/#breadcrumb","itemListElement":[{"@type":"ListItem","position":1,"name":"Accueil","item":"https:\/\/www.fst.uha.fr\/"},{"@type":"ListItem","position":2,"name":"Nos formations","item":"https:\/\/www.fst.uha.fr\/index.php\/formations\/"},{"@type":"ListItem","position":3,"name":"Masters","item":"https:\/\/www.fst.uha.fr\/index.php\/formations\/masters\/"},{"@type":"ListItem","position":4,"name":"Master Risques technologiques, s\u00e9curit\u00e9"}]},{"@type":"WebSite","@id":"https:\/\/www.fst.uha.fr\/#website","url":"https:\/\/www.fst.uha.fr\/","name":"FST - Facult\u00e9 des Sciences et Techniques | Universit\u00e9 de Haute-Alsace","description":"Campus Illberg | Universit\u00e9 de Haute-Alsace","potentialAction":[{"@type":"SearchAction","target":{"@type":"EntryPoint","urlTemplate":"https:\/\/www.fst.uha.fr\/?s={search_term_string}"},"query-input":{"@type":"PropertyValueSpecification","valueRequired":true,"valueName":"search_term_string"}}],"inLanguage":"fr-FR"}]}},"_links":{"self":[{"href":"https:\/\/www.fst.uha.fr\/index.php\/wp-json\/wp\/v2\/pages\/201","targetHints":{"allow":["GET"]}}],"collection":[{"href":"https:\/\/www.fst.uha.fr\/index.php\/wp-json\/wp\/v2\/pages"}],"about":[{"href":"https:\/\/www.fst.uha.fr\/index.php\/wp-json\/wp\/v2\/types\/page"}],"author":[{"embeddable":true,"href":"https:\/\/www.fst.uha.fr\/index.php\/wp-json\/wp\/v2\/users\/1"}],"replies":[{"embeddable":true,"href":"https:\/\/www.fst.uha.fr\/index.php\/wp-json\/wp\/v2\/comments?post=201"}],"version-history":[{"count":29,"href":"https:\/\/www.fst.uha.fr\/index.php\/wp-json\/wp\/v2\/pages\/201\/revisions"}],"predecessor-version":[{"id":4575,"href":"https:\/\/www.fst.uha.fr\/index.php\/wp-json\/wp\/v2\/pages\/201\/revisions\/4575"}],"up":[{"embeddable":true,"href":"https:\/\/www.fst.uha.fr\/index.php\/wp-json\/wp\/v2\/pages\/92"}],"wp:attachment":[{"href":"https:\/\/www.fst.uha.fr\/index.php\/wp-json\/wp\/v2\/media?parent=201"}],"wp:term":[{"taxonomy":"category","embeddable":true,"href":"https:\/\/www.fst.uha.fr\/index.php\/wp-json\/wp\/v2\/categories?post=201"},{"taxonomy":"post_tag","embeddable":true,"href":"https:\/\/www.fst.uha.fr\/index.php\/wp-json\/wp\/v2\/tags?post=201"}],"curies":[{"name":"wp","href":"https:\/\/api.w.org\/{rel}","templated":true}]}}