{"id":205,"date":"2018-04-25T16:13:17","date_gmt":"2018-04-25T14:13:17","guid":{"rendered":"https:\/\/www.fst.uha.fr\/?page_id=205"},"modified":"2025-03-17T13:57:32","modified_gmt":"2025-03-17T12:57:32","slug":"master-gestion-des-risques-de-securite-civile","status":"publish","type":"page","link":"https:\/\/www.fst.uha.fr\/index.php\/formations\/masters\/master-gestion-des-risques-de-securite-civile\/","title":{"rendered":"Master Gestion des Risques de S\u00e9curit\u00e9 Civile"},"content":{"rendered":"<p><a href=\"https:\/\/www.fst.uha.fr\/index.php\/formations\/#masters\">Masters<\/a> &gt; <strong>Master Gestion des Risques de S\u00e9curit\u00e9 Civile<br \/>\n<\/strong><\/p>\n<p>&nbsp;<\/p>\n<p><img loading=\"lazy\" decoding=\"async\" class=\"alignnone size-full wp-image-569\" src=\"https:\/\/www.fst.uha.fr\/wp-content\/uploads\/2018\/04\/MGRSC.png\" alt=\"\" width=\"1920\" height=\"501\" srcset=\"https:\/\/www.fst.uha.fr\/wp-content\/uploads\/2018\/04\/MGRSC.png 1920w, https:\/\/www.fst.uha.fr\/wp-content\/uploads\/2018\/04\/MGRSC-300x78.png 300w, https:\/\/www.fst.uha.fr\/wp-content\/uploads\/2018\/04\/MGRSC-768x200.png 768w, https:\/\/www.fst.uha.fr\/wp-content\/uploads\/2018\/04\/MGRSC-1024x267.png 1024w\" sizes=\"auto, (max-width: 1920px) 100vw, 1920px\" \/><\/p>\n<div class=\"su-row\"><div class=\"su-column su-column-size-3-4\"><div class=\"su-column-inner su-u-clearfix su-u-trim\">\n<h4><strong>Pr\u00e9sentation<\/strong><\/h4>\n<p>L\u2019option Gestion des Risques de S\u00e9curit\u00e9 Civile (GRSC) du Master Risques et Environnement est un parcours atypique, uniquement ouvert en formation continue. Il s\u2019adresse exclusivement \u00e0 des professionnels du domaine de la s\u00e9curit\u00e9 civile (officiers de sapeur-pompiers, officiers militaires et marins-pompiers, fonctionnaires des collectivit\u00e9s territoriales, responsables s\u00e9curit\u00e9 de centres hospitaliers, cadres dans le domaine de la gestion des risques au sein des villes, conseils g\u00e9n\u00e9raux et r\u00e9gionaux, cadres de l\u2019industrie \u2026).<\/p>\n<h4><strong>Objectifs<\/strong><\/h4>\n<p>Les enseignements dispens\u00e9s aux \u00e9tudiants inscrits dans l\u2019option GRSC permettent former des cadres d\u00e9j\u00e0 en activit\u00e9 \u00e0 l\u2019identification, l\u2019analyse, la pr\u00e9vention et \u00e0 la pr\u00e9vision des risques et \u00e0 la gestion des crises dans le domaine de la s\u00e9curit\u00e9 civile. Les enseignements d\u00e9velopp\u00e9s permettent aux stagiaires d\u2019acqu\u00e9rir une vision globale de la gestion des risques et des crises sur un territoire. Les outils d\u00e9velopp\u00e9s sont, entre autres, ceux propos\u00e9s aux \u00e9tudiants de la sp\u00e9cialit\u00e9 \u00ab Risques Technologiques, S\u00e9curit\u00e9 \u00bb.<\/p>\n<div class=\"su-spoiler su-spoiler-style-fancy su-spoiler-icon-plus-circle su-spoiler-closed\" data-scroll-offset=\"0\" data-anchor-in-url=\"no\"><div class=\"su-spoiler-title\" tabindex=\"0\" role=\"button\"><span class=\"su-spoiler-icon\"><\/span><\/p>\n<h4><strong>Admission<\/strong><\/h4>\n<p><\/div><div class=\"su-spoiler-content su-u-clearfix su-u-trim\">\nLa s\u00e9lection des candidats s\u2019effectue par un jury mixte UHA\/ENSOSP. Les candidats peuvent \u00eatre issus d\u2019une formation de type BAC+2 avec une quinzaine d\u2019ann\u00e9es d\u2019exp\u00e9rience dans le domaine de la gestion des risques de s\u00e9curit\u00e9 civile.<br \/>\nDans ce cas un dossier de VAP doit \u00eatre pr\u00e9sent\u00e9 par le candidat conjointement \u00e0 sa demande d\u2019inscription.<\/p>\n<p>Les candidatures sont \u00e0 envoyer \u00e0 l&rsquo;<span data-original-name=\"\u00c9cole nationale sup\u00e9rieure des officiers de sapeurs-pompiers\">\u00c9cole nationale sup\u00e9rieure des officiers de sapeurs-pompiers<\/span> (ENSOSP) qui nous font parvenir par la suite.<\/p>\n<\/div><\/div>\n<div class=\"su-spoiler su-spoiler-style-fancy su-spoiler-icon-plus-circle su-spoiler-closed\" data-scroll-offset=\"0\" data-anchor-in-url=\"no\"><div class=\"su-spoiler-title\" tabindex=\"0\" role=\"button\"><span class=\"su-spoiler-icon\"><\/span><\/p>\n<h4><strong>Insertion professionnelle<\/strong><\/h4>\n<p><\/div><div class=\"su-spoiler-content su-u-clearfix su-u-trim\">\nPoursuites en doctorat peu fr\u00e9quentes mais possibles.<br \/>\n<\/div><\/div>\n<div class=\"su-spoiler su-spoiler-style-fancy su-spoiler-icon-plus-circle su-spoiler-closed\" data-scroll-offset=\"0\" data-anchor-in-url=\"no\"><div class=\"su-spoiler-title\" tabindex=\"0\" role=\"button\"><span class=\"su-spoiler-icon\"><\/span><\/p>\n<h4><strong>Modalit\u00e9 d'enseignements<\/strong><\/h4>\n<p><\/div><div class=\"su-spoiler-content su-u-clearfix su-u-trim\">\nL\u2019option GRCS est uniquement ouverte en formation continue<br \/>\n<\/div><\/div>\n<div class=\"su-spoiler su-spoiler-style-fancy su-spoiler-icon-plus-circle su-spoiler-closed\" data-scroll-offset=\"0\" data-anchor-in-url=\"no\"><div class=\"su-spoiler-title\" tabindex=\"0\" role=\"button\"><span class=\"su-spoiler-icon\"><\/span><\/p>\n<h4><strong>Programme<\/strong><\/h4>\n<p><\/div><div class=\"su-spoiler-content su-u-clearfix su-u-trim\">\nL\u2019option GRCS se d\u00e9roule sur 6 p\u00e9riodes de cours de 2 semaines r\u00e9parties sur 2 ans, afin de s\u2019adapter aux contraintes professionnelles des stagiaires qui sont tous cadres en activit\u00e9. Les enseignements ont lieu pour moiti\u00e9 \u00e0 l\u2019UHA et pour moiti\u00e9 \u00e0 l\u2019ENSOSP (Ecole Nationale Sup\u00e9rieure d\u2019Officiers de Sapeurs-Pompiers), situ\u00e9e \u00e0 Aix en Provence. L\u2019encadrement p\u00e9dagogique est assur\u00e9 conjointement par un enseignant-chercheur de l\u2019UHA et un officier sup\u00e9rieur de l\u2019ENSOSP.<br \/>\n<\/div><\/div>\n<div class=\"su-spoiler su-spoiler-style-fancy su-spoiler-icon-plus-circle su-spoiler-closed\" data-scroll-offset=\"0\" data-anchor-in-url=\"no\"><div class=\"su-spoiler-title\" tabindex=\"0\" role=\"button\"><span class=\"su-spoiler-icon\"><\/span><\/p>\n<h4><strong>Stage<br \/>\n<\/strong><\/h4>\n<p><\/div><div class=\"su-spoiler-content su-u-clearfix su-u-trim\">\nUn travail individuel de m\u00e9moire donne lieu \u00e0 la restitution d\u2019un rapport et \u00e0 une soutenance devant un jury compos\u00e9 de membres de l\u2019\u00e9quipe p\u00e9dagogique mixte (UHA et ENSOSP).<br \/>\nLe sujet du m\u00e9moire est d\u00e9fini par le stagiaire en fonction de ses attentes professionnelles mais \u00e9galement de ses aspirations personnelles. Le sujet est valid\u00e9 par l\u2019\u00e9quipe p\u00e9dagogique et un suivi des avanc\u00e9es des travaux est effectu\u00e9 sous forme de r\u00e9unions p\u00e9riodiques au cours des 4 derni\u00e8res quinzaines de cours.<br \/>\n<\/div><\/div>\n<div class=\"su-spoiler su-spoiler-style-fancy su-spoiler-icon-plus-circle su-spoiler-closed\" data-scroll-offset=\"0\" data-anchor-in-url=\"no\"><div class=\"su-spoiler-title\" tabindex=\"0\" role=\"button\"><span class=\"su-spoiler-icon\"><\/span><\/p>\n<h4><strong>Ouverture \u00e0 l'international<\/strong><\/h4>\n<p><\/div><div class=\"su-spoiler-content su-u-clearfix su-u-trim\">La formation a accueilli et accueille des stagiaires \u00e9trangers francophones (4 stagiaires alg\u00e9riens et 2 stagiaires canadiens).<\/p>\n<\/div><\/div>\n<div class=\"su-spoiler su-spoiler-style-fancy su-spoiler-icon-plus-circle su-spoiler-closed\" data-scroll-offset=\"0\" data-anchor-in-url=\"no\"><div class=\"su-spoiler-title\" tabindex=\"0\" role=\"button\"><span class=\"su-spoiler-icon\"><\/span><\/p>\n<h4><strong>Les plus de la formation<\/strong><\/h4>\n<p><\/div><div class=\"su-spoiler-content su-u-clearfix su-u-trim\">Formation d\u00e9velopp\u00e9e en partenariat avec l\u2019ENSOSP pour couvrir le large spectre de savoir et savoir-faire dans le domaine de la gestion des risques et des crises de s\u00e9curit\u00e9 civile.<\/p>\n<p>Mixit\u00e9 pour le public de cette formation : officiers sup\u00e9rieurs de sapeurs-pompiers, militaires, police, cadres des collectivit\u00e9s locales, responsable s\u00e9curit\u00e9 des h\u00f4pitaux, cadres de l\u2019industrie, etc. qui favorise les \u00e9changes et enrichissement au-del\u00e0 des s\u00e9quences p\u00e9dagogiques.<\/p>\n<\/div><\/div>\n<\/div><\/div>\n<div class=\"su-column su-column-size-1-4\"><div class=\"su-column-inner su-u-clearfix su-u-trim\">\n<p>&nbsp;<\/p>\n<p><strong>Responsable p\u00e9dagogique<\/strong><\/p>\n<p><a href=\"mailto:forcrise@ensosp.fr\">forcrise@ensosp.fr\u00a0<\/a><\/p>\n<div><div class=\"su-divider su-divider-style-default\" style=\"margin:15px 0;border-width:3px;border-color:#999999\"><\/div><\/div>\n<div><\/div>\n<h4><strong>Scolarit\u00e9<\/strong><\/h4>\n<p>Virginie LABARRE<br \/>\n<a href=\"mailto:virginie.labarre@ensosp.fr\">virginie.labarre@ensosp.fr<\/a><br \/>\nT\u00e9l. 04 42 39 05 36<\/p>\n<div class=\"su-divider su-divider-style-default\" style=\"margin:15px 0;border-width:3px;border-color:#999999\"><\/div>\n<h4><strong>En savoir plus<br \/>\n<\/strong><\/h4>\n<ul>\n<li><a href=\"https:\/\/www.fst.uha.fr\/wp-content\/uploads\/2018\/04\/Plaquette-Master-GRSC-ENSOSP-2016.pdf\"> Plaquette du master<\/a><a href=\"https:\/\/www.fst.uha.fr\/wp-content\/uploads\/2018\/04\/Plaquette-Master-GRSC-ENSOSP-2016.pdf\">\u00a0Gestion des Risques de S\u00e9curit\u00e9 Civile<\/a><\/li>\n<li><a href=\"https:\/\/www.fst.uha.fr\/wp-content\/uploads\/2018\/06\/Programme-d\u00e9taill\u00e9-master-RE-GRSC-.pdf\">Programme du master Risques technologiques, s\u00e9curit\u00e9<\/a><\/li>\n<li><a href=\"https:\/\/www.master-risques-environnement.fr\">Site internet<\/a><\/li>\n<li><a href=\"https:\/\/www.francecompetences.fr\/recherche\/rncp\/39265\/\" target=\"_blank\" rel=\"noopener\">Certification RNCP \u2013 France comp\u00e9tences<\/a><\/li>\n<\/ul>\n<p>&nbsp;<\/p>\n<\/div><\/div><\/div>\n","protected":false},"excerpt":{"rendered":"<p>Masters &gt; Master Gestion des Risques de S\u00e9curit\u00e9 Civile &nbsp;<\/p>\n","protected":false},"author":1,"featured_media":0,"parent":92,"menu_order":0,"comment_status":"closed","ping_status":"closed","template":"","meta":{"footnotes":""},"categories":[],"tags":[],"class_list":["post-205","page","type-page","status-publish","hentry"],"yoast_head":"<!-- This site is optimized with the Yoast SEO plugin v27.0 - https:\/\/yoast.com\/product\/yoast-seo-wordpress\/ -->\n<title>Master Gestion des Risques de S\u00e9curit\u00e9 Civile GRSC - FST<\/title>\n<meta name=\"description\" content=\"Le master GRSC s\u2019adresse exclusivement \u00e0 des professionnels du domaine de la s\u00e9curit\u00e9 civile, il forme des cadres dans le domaine de la gestion des risques\" \/>\n<meta name=\"robots\" content=\"index, follow, max-snippet:-1, max-image-preview:large, max-video-preview:-1\" \/>\n<link rel=\"canonical\" href=\"https:\/\/www.fst.uha.fr\/index.php\/formations\/masters\/master-gestion-des-risques-de-securite-civile\/\" \/>\n<meta property=\"og:locale\" content=\"fr_FR\" \/>\n<meta property=\"og:type\" content=\"article\" \/>\n<meta property=\"og:title\" content=\"Master Gestion des Risques de S\u00e9curit\u00e9 Civile GRSC - FST\" \/>\n<meta property=\"og:description\" content=\"Le master GRSC s\u2019adresse exclusivement \u00e0 des professionnels du domaine de la s\u00e9curit\u00e9 civile, il forme des cadres dans le domaine de la gestion des risques\" \/>\n<meta property=\"og:url\" content=\"https:\/\/www.fst.uha.fr\/index.php\/formations\/masters\/master-gestion-des-risques-de-securite-civile\/\" \/>\n<meta property=\"og:site_name\" content=\"FST - Facult\u00e9 des Sciences et Techniques | Universit\u00e9 de Haute-Alsace\" \/>\n<meta property=\"article:modified_time\" content=\"2025-03-17T12:57:32+00:00\" \/>\n<meta property=\"og:image\" content=\"https:\/\/www.fst.uha.fr\/wp-content\/uploads\/2018\/04\/MGRSC.png\" \/>\n\t<meta property=\"og:image:width\" content=\"1920\" \/>\n\t<meta property=\"og:image:height\" content=\"501\" \/>\n\t<meta property=\"og:image:type\" content=\"image\/png\" \/>\n<meta name=\"twitter:card\" content=\"summary_large_image\" \/>\n<meta name=\"twitter:label1\" content=\"Dur\u00e9e de lecture estim\u00e9e\" \/>\n\t<meta name=\"twitter:data1\" content=\"4 minutes\" \/>\n<script type=\"application\/ld+json\" class=\"yoast-schema-graph\">{\"@context\":\"https:\/\/schema.org\",\"@graph\":[{\"@type\":\"WebPage\",\"@id\":\"https:\/\/www.fst.uha.fr\/index.php\/formations\/masters\/master-gestion-des-risques-de-securite-civile\/\",\"url\":\"https:\/\/www.fst.uha.fr\/index.php\/formations\/masters\/master-gestion-des-risques-de-securite-civile\/\",\"name\":\"Master Gestion des Risques de S\u00e9curit\u00e9 Civile GRSC - FST\",\"isPartOf\":{\"@id\":\"https:\/\/www.fst.uha.fr\/#website\"},\"primaryImageOfPage\":{\"@id\":\"https:\/\/www.fst.uha.fr\/index.php\/formations\/masters\/master-gestion-des-risques-de-securite-civile\/#primaryimage\"},\"image\":{\"@id\":\"https:\/\/www.fst.uha.fr\/index.php\/formations\/masters\/master-gestion-des-risques-de-securite-civile\/#primaryimage\"},\"thumbnailUrl\":\"https:\/\/www.fst.uha.fr\/wp-content\/uploads\/2018\/04\/MGRSC.png\",\"datePublished\":\"2018-04-25T14:13:17+00:00\",\"dateModified\":\"2025-03-17T12:57:32+00:00\",\"description\":\"Le master GRSC s\u2019adresse exclusivement \u00e0 des professionnels du domaine de la s\u00e9curit\u00e9 civile, il forme des cadres dans le domaine de la gestion des risques\",\"breadcrumb\":{\"@id\":\"https:\/\/www.fst.uha.fr\/index.php\/formations\/masters\/master-gestion-des-risques-de-securite-civile\/#breadcrumb\"},\"inLanguage\":\"fr-FR\",\"potentialAction\":[{\"@type\":\"ReadAction\",\"target\":[\"https:\/\/www.fst.uha.fr\/index.php\/formations\/masters\/master-gestion-des-risques-de-securite-civile\/\"]}]},{\"@type\":\"ImageObject\",\"inLanguage\":\"fr-FR\",\"@id\":\"https:\/\/www.fst.uha.fr\/index.php\/formations\/masters\/master-gestion-des-risques-de-securite-civile\/#primaryimage\",\"url\":\"https:\/\/www.fst.uha.fr\/wp-content\/uploads\/2018\/04\/MGRSC.png\",\"contentUrl\":\"https:\/\/www.fst.uha.fr\/wp-content\/uploads\/2018\/04\/MGRSC.png\"},{\"@type\":\"BreadcrumbList\",\"@id\":\"https:\/\/www.fst.uha.fr\/index.php\/formations\/masters\/master-gestion-des-risques-de-securite-civile\/#breadcrumb\",\"itemListElement\":[{\"@type\":\"ListItem\",\"position\":1,\"name\":\"Accueil\",\"item\":\"https:\/\/www.fst.uha.fr\/\"},{\"@type\":\"ListItem\",\"position\":2,\"name\":\"Nos formations\",\"item\":\"https:\/\/www.fst.uha.fr\/index.php\/formations\/\"},{\"@type\":\"ListItem\",\"position\":3,\"name\":\"Masters\",\"item\":\"https:\/\/www.fst.uha.fr\/index.php\/formations\/masters\/\"},{\"@type\":\"ListItem\",\"position\":4,\"name\":\"Master Gestion des Risques de S\u00e9curit\u00e9 Civile\"}]},{\"@type\":\"WebSite\",\"@id\":\"https:\/\/www.fst.uha.fr\/#website\",\"url\":\"https:\/\/www.fst.uha.fr\/\",\"name\":\"FST - Facult\u00e9 des Sciences et Techniques | Universit\u00e9 de Haute-Alsace\",\"description\":\"Campus Illberg | Universit\u00e9 de Haute-Alsace\",\"potentialAction\":[{\"@type\":\"SearchAction\",\"target\":{\"@type\":\"EntryPoint\",\"urlTemplate\":\"https:\/\/www.fst.uha.fr\/?s={search_term_string}\"},\"query-input\":{\"@type\":\"PropertyValueSpecification\",\"valueRequired\":true,\"valueName\":\"search_term_string\"}}],\"inLanguage\":\"fr-FR\"}]}<\/script>\n<!-- \/ Yoast SEO plugin. -->","yoast_head_json":{"title":"Master Gestion des Risques de S\u00e9curit\u00e9 Civile GRSC - FST","description":"Le master GRSC s\u2019adresse exclusivement \u00e0 des professionnels du domaine de la s\u00e9curit\u00e9 civile, il forme des cadres dans le domaine de la gestion des risques","robots":{"index":"index","follow":"follow","max-snippet":"max-snippet:-1","max-image-preview":"max-image-preview:large","max-video-preview":"max-video-preview:-1"},"canonical":"https:\/\/www.fst.uha.fr\/index.php\/formations\/masters\/master-gestion-des-risques-de-securite-civile\/","og_locale":"fr_FR","og_type":"article","og_title":"Master Gestion des Risques de S\u00e9curit\u00e9 Civile GRSC - FST","og_description":"Le master GRSC s\u2019adresse exclusivement \u00e0 des professionnels du domaine de la s\u00e9curit\u00e9 civile, il forme des cadres dans le domaine de la gestion des risques","og_url":"https:\/\/www.fst.uha.fr\/index.php\/formations\/masters\/master-gestion-des-risques-de-securite-civile\/","og_site_name":"FST - Facult\u00e9 des Sciences et Techniques | Universit\u00e9 de Haute-Alsace","article_modified_time":"2025-03-17T12:57:32+00:00","og_image":[{"width":1920,"height":501,"url":"https:\/\/www.fst.uha.fr\/wp-content\/uploads\/2018\/04\/MGRSC.png","type":"image\/png"}],"twitter_card":"summary_large_image","twitter_misc":{"Dur\u00e9e de lecture estim\u00e9e":"4 minutes"},"schema":{"@context":"https:\/\/schema.org","@graph":[{"@type":"WebPage","@id":"https:\/\/www.fst.uha.fr\/index.php\/formations\/masters\/master-gestion-des-risques-de-securite-civile\/","url":"https:\/\/www.fst.uha.fr\/index.php\/formations\/masters\/master-gestion-des-risques-de-securite-civile\/","name":"Master Gestion des Risques de S\u00e9curit\u00e9 Civile GRSC - FST","isPartOf":{"@id":"https:\/\/www.fst.uha.fr\/#website"},"primaryImageOfPage":{"@id":"https:\/\/www.fst.uha.fr\/index.php\/formations\/masters\/master-gestion-des-risques-de-securite-civile\/#primaryimage"},"image":{"@id":"https:\/\/www.fst.uha.fr\/index.php\/formations\/masters\/master-gestion-des-risques-de-securite-civile\/#primaryimage"},"thumbnailUrl":"https:\/\/www.fst.uha.fr\/wp-content\/uploads\/2018\/04\/MGRSC.png","datePublished":"2018-04-25T14:13:17+00:00","dateModified":"2025-03-17T12:57:32+00:00","description":"Le master GRSC s\u2019adresse exclusivement \u00e0 des professionnels du domaine de la s\u00e9curit\u00e9 civile, il forme des cadres dans le domaine de la gestion des risques","breadcrumb":{"@id":"https:\/\/www.fst.uha.fr\/index.php\/formations\/masters\/master-gestion-des-risques-de-securite-civile\/#breadcrumb"},"inLanguage":"fr-FR","potentialAction":[{"@type":"ReadAction","target":["https:\/\/www.fst.uha.fr\/index.php\/formations\/masters\/master-gestion-des-risques-de-securite-civile\/"]}]},{"@type":"ImageObject","inLanguage":"fr-FR","@id":"https:\/\/www.fst.uha.fr\/index.php\/formations\/masters\/master-gestion-des-risques-de-securite-civile\/#primaryimage","url":"https:\/\/www.fst.uha.fr\/wp-content\/uploads\/2018\/04\/MGRSC.png","contentUrl":"https:\/\/www.fst.uha.fr\/wp-content\/uploads\/2018\/04\/MGRSC.png"},{"@type":"BreadcrumbList","@id":"https:\/\/www.fst.uha.fr\/index.php\/formations\/masters\/master-gestion-des-risques-de-securite-civile\/#breadcrumb","itemListElement":[{"@type":"ListItem","position":1,"name":"Accueil","item":"https:\/\/www.fst.uha.fr\/"},{"@type":"ListItem","position":2,"name":"Nos formations","item":"https:\/\/www.fst.uha.fr\/index.php\/formations\/"},{"@type":"ListItem","position":3,"name":"Masters","item":"https:\/\/www.fst.uha.fr\/index.php\/formations\/masters\/"},{"@type":"ListItem","position":4,"name":"Master Gestion des Risques de S\u00e9curit\u00e9 Civile"}]},{"@type":"WebSite","@id":"https:\/\/www.fst.uha.fr\/#website","url":"https:\/\/www.fst.uha.fr\/","name":"FST - Facult\u00e9 des Sciences et Techniques | Universit\u00e9 de Haute-Alsace","description":"Campus Illberg | Universit\u00e9 de Haute-Alsace","potentialAction":[{"@type":"SearchAction","target":{"@type":"EntryPoint","urlTemplate":"https:\/\/www.fst.uha.fr\/?s={search_term_string}"},"query-input":{"@type":"PropertyValueSpecification","valueRequired":true,"valueName":"search_term_string"}}],"inLanguage":"fr-FR"}]}},"_links":{"self":[{"href":"https:\/\/www.fst.uha.fr\/index.php\/wp-json\/wp\/v2\/pages\/205","targetHints":{"allow":["GET"]}}],"collection":[{"href":"https:\/\/www.fst.uha.fr\/index.php\/wp-json\/wp\/v2\/pages"}],"about":[{"href":"https:\/\/www.fst.uha.fr\/index.php\/wp-json\/wp\/v2\/types\/page"}],"author":[{"embeddable":true,"href":"https:\/\/www.fst.uha.fr\/index.php\/wp-json\/wp\/v2\/users\/1"}],"replies":[{"embeddable":true,"href":"https:\/\/www.fst.uha.fr\/index.php\/wp-json\/wp\/v2\/comments?post=205"}],"version-history":[{"count":15,"href":"https:\/\/www.fst.uha.fr\/index.php\/wp-json\/wp\/v2\/pages\/205\/revisions"}],"predecessor-version":[{"id":4965,"href":"https:\/\/www.fst.uha.fr\/index.php\/wp-json\/wp\/v2\/pages\/205\/revisions\/4965"}],"up":[{"embeddable":true,"href":"https:\/\/www.fst.uha.fr\/index.php\/wp-json\/wp\/v2\/pages\/92"}],"wp:attachment":[{"href":"https:\/\/www.fst.uha.fr\/index.php\/wp-json\/wp\/v2\/media?parent=205"}],"wp:term":[{"taxonomy":"category","embeddable":true,"href":"https:\/\/www.fst.uha.fr\/index.php\/wp-json\/wp\/v2\/categories?post=205"},{"taxonomy":"post_tag","embeddable":true,"href":"https:\/\/www.fst.uha.fr\/index.php\/wp-json\/wp\/v2\/tags?post=205"}],"curies":[{"name":"wp","href":"https:\/\/api.w.org\/{rel}","templated":true}]}}