{"id":22,"date":"2018-05-10T09:37:05","date_gmt":"2018-05-10T07:37:05","guid":{"rendered":"https:\/\/www.fst.uha.fr\/?page_id=22"},"modified":"2025-02-17T15:36:56","modified_gmt":"2025-02-17T14:36:56","slug":"formations","status":"publish","type":"page","link":"https:\/\/www.fst.uha.fr\/index.php\/formations\/","title":{"rendered":"Nos formations"},"content":{"rendered":"<p>La Facult\u00e9 des Sciences et Techniques propose des formations de diff\u00e9rents niveaux (licence, master, doctorat) r\u00e9parties en diff\u00e9rents domaines (informatique, math\u00e9matiques, physique, chimie, environnement et EEA, staps et agrosciences.)<\/p>\n<div class=\"su-custom-gallery su-custom-gallery-align-left su-custom-gallery-title-always\"><div class=\"su-custom-gallery-slide\" style=\"width:1600px;height:900px\"><a href=\"https:\/\/www.fst.uha.fr\/wp-content\/uploads\/2024\/03\/Offre-formation-FST-scaled.jpg\" target=\"_blank\" title=\"Offre-formation-FST\"><img loading=\"lazy\" decoding=\"async\" src=\"https:\/\/www.fst.uha.fr\/wp-content\/uploads\/2024\/03\/Offre-formation-FST-scaled.jpg\" alt=\"Offre-formation-FST\" width=\"1600\" height=\"900\" \/><span class=\"su-custom-gallery-title\">Offre-formation-FST<\/span><\/a><\/div><div class=\"su-clear\"><\/div><\/div>\n<h2>Liste des formations<\/h2>\n<p><a id=\"licences\"><\/a><br \/>\n<div class=\"su-box su-box-style-default\" id=\"\" style=\"border-color:#007bbc;border-radius:4px;\"><div class=\"su-box-title\" style=\"background-color:#00AEEF;color:#FFFFFF;border-top-left-radius:2px;border-top-right-radius:2px\">Licences<\/div><div class=\"su-box-content su-u-clearfix su-u-trim\" style=\"border-bottom-left-radius:2px;border-bottom-right-radius:2px\">\n<div class=\"su-row\">\n<div class=\"su-column su-column-size-1-3\"><div class=\"su-column-inner su-u-clearfix su-u-trim\">\n<h4>Informatique \u2013 Math\u00e9matiques<\/h4>\n<ul>\n<li><a href=\"https:\/\/www.fst.uha.fr\/index.php\/formations\/licences\/licence-de-mathematiques\/\">Math\u00e9matiques<\/a><\/li>\n<li><a href=\"https:\/\/www.fst.uha.fr\/index.php\/formations\/licences\/licence-dinformatique\/\">Informatique<\/a><\/li>\n<li><a href=\"https:\/\/www.fst.uha.fr\/index.php\/formations\/licences\/licence-dinformatique\/\">M\u00e9thodes Informatiques Appliqu\u00e9es \u00e0 la Gestion des Entreprises (MIAGE)<\/a><\/li>\n<\/ul>\n<h4>Agrosciences<\/h4>\n<ul>\n<li><a href=\"https:\/\/www.fst.uha.fr\/index.php\/formations\/licences\/licence-sciences-de-la-vie-agronomie-agroalimentaire\/\" target=\"_blank\" rel=\"noopener\">Licence 3 Sciences de la vie \u2013 parcours Agronomie, Agroalimentaire<\/a><\/li>\n<li><a href=\"https:\/\/www.fst.uha.fr\/index.php\/formations\/licences\/licence-professionnelle-valorisation-des-agroressources-vins-avenir\/\" target=\"_blank\" rel=\"noopener\">Licence Professionnelle Valorisation des agroressources \u2013 parcours Vins d\u2019Avenir<\/a><\/li>\n<li><a href=\"https:\/\/www.fst.uha.fr\/index.php\/formations\/licences\/licence-professionnelle-valorisation-des-agroressources-parcours-bieres-et-spiritueux\/\" target=\"_blank\" rel=\"noopener\">Licence Professionnelle Valorisation des agroressources &#8211; parcours Bi\u00e8res et Spiritueux<\/a><\/li>\n<\/ul>\n<\/div><\/div>\n<div class=\"su-column su-column-size-1-3\"><div class=\"su-column-inner su-u-clearfix su-u-trim\">\n<h4>Physique-Chimie-Environnement<\/h4>\n<ul>\n<li><a href=\"https:\/\/www.fst.uha.fr\/index.php\/formations\/licences\/licence-physique\/\">Physique<\/a><\/li>\n<li><a href=\"https:\/\/www.fst.uha.fr\/index.php\/formations\/licences\/licence-chimie\/\">Chimie<\/a><\/li>\n<li><a href=\"https:\/\/www.fst.uha.fr\/index.php\/formations\/licences\/licence-environnement-securite-risques\/\">Environnement, S\u00e9curit\u00e9, Risques<\/a><\/li>\n<li><a href=\"https:\/\/www.fst.uha.fr\/index.php\/formations\/licences\/licence-regio-chimica\/\">Regio Chimica<\/a><\/li>\n<li><a href=\"https:\/\/www.fst.uha.fr\/index.php\/formations\/licences\/licence-renforcee-physchem\/\">Licence renforc\u00e9e Physchem<\/a><\/li>\n<\/ul>\n<\/div><\/div>\n<div class=\"su-column su-column-size-1-3\"><div class=\"su-column-inner su-u-clearfix su-u-trim\">\n<h4>Sciences pour l\u2019Ing\u00e9nieur<\/h4>\n<ul>\n<li><a href=\"https:\/\/www.fst.uha.fr\/index.php\/formations\/licences\/licence-eea\">\u00c9lectronique, \u00c9nergie \u00e9lectrique et Automatique<\/a><\/li>\n<li><a href=\"https:\/\/www.fst.uha.fr\/index.php\/formations\/licences\/licence-mecanique\/\">M\u00e9canique<\/a><\/li>\n<\/ul>\n<h4>Sport<\/h4>\n<ul>\n<li><a href=\"https:\/\/www.fst.uha.fr\/index.php\/formations\/licences\/licence-sciences-et-techniques-des-activites-physiques-et-sportives-staps\/\">Sciences et techniques des activit\u00e9s physiques et sportives (STAPS)<\/a><\/li>\n<\/ul>\n<\/div><\/div>\n<\/div>\n<\/div><\/div>\n<a id=\"masters\"><\/a><br \/>\n<div class=\"su-box su-box-style-default\" id=\"\" style=\"border-color:#00206c;border-radius:4px;\"><div class=\"su-box-title\" style=\"background-color:#00539F;color:#FFFFFF;border-top-left-radius:2px;border-top-right-radius:2px\">Masters<\/div><div class=\"su-box-content su-u-clearfix su-u-trim\" style=\"border-bottom-left-radius:2px;border-bottom-right-radius:2px\">\n<div class=\"su-row\">\n<div class=\"su-column su-column-size-1-3\"><div class=\"su-column-inner su-u-clearfix su-u-trim\">\n<h4>Chimie<\/h4>\n<ul>\n<li><a href=\"https:\/\/www.fst.uha.fr\/index.php\/formations\/masters\/master-de-chimie-moleculaire-et-macro-moleculaire\/\">Chimie mol\u00e9culaire et macro-mol\u00e9culaire<\/a><\/li>\n<\/ul>\n<\/div><\/div>\n<div class=\"su-column su-column-size-1-3\"><div class=\"su-column-inner su-u-clearfix su-u-trim\">\n<h4>\u00c9lectronique, \u00c9nergie \u00e9lectrique et Automatique<\/h4>\n<ul>\n<li><a href=\"https:\/\/www.fst.uha.fr\/index.php\/formations\/masters\/master-automatique-et-informatique-industrielle-systemes-embarques\/\">Automatique et Informatique Industrielle \u2013 Syst\u00e8mes embarqu\u00e9s<\/a><\/li>\n<li><a href=\"https:\/\/www.fst.uha.fr\/index.php\/formations\/masters\/master-automatique-et-informatique-industrielle-systemes-embarques\/\">Automatique et Informatique Industrielle \u2013 Automatique signal image<\/a><\/li>\n<\/ul>\n<\/div><\/div>\n<div class=\"su-column su-column-size-1-3\"><div class=\"su-column-inner su-u-clearfix su-u-trim\">\n<h4>Informatique<\/h4>\n<ul>\n<li><a href=\"https:\/\/www.fst.uha.fr\/index.php\/formations\/masters\/master-informatique-et-mobilite\/\">Informatique et mobilit\u00e9<\/a><\/li>\n<\/ul>\n<\/div><\/div>\n<\/div>\n<div class=\"su-row\">\n<div class=\"su-column su-column-size-1-3\"><div class=\"su-column-inner su-u-clearfix su-u-trim\">\n<h4>Math\u00e9matiques et Applications<\/h4>\n<ul>\n<li><a href=\"https:\/\/www.fst.uha.fr\/index.php\/formations\/masters\/master-ingenierie-mathematique-et-data-science\/\">Ing\u00e9nierie math\u00e9matique et Data Science<\/a><\/li>\n<\/ul>\n<\/div><\/div>\n<div class=\"su-column su-column-size-1-3\"><div class=\"su-column-inner su-u-clearfix su-u-trim\">\n<h4>M\u00e9thodes Informatiques Appliqu\u00e9es \u00e0 la Gestion des Entreprises (MIAGE)<\/h4>\n<ul>\n<li><a href=\"https:\/\/www.fst.uha.fr\/index.php\/formations\/masters\/master-miage\/\">MIAGE<\/a><\/li>\n<\/ul>\n<h4>Agrosciences<\/h4>\n<ul>\n<li><a href=\"https:\/\/www.fst.uha.fr\/index.php\/formations\/masters\/master-st2ae-viticulture-durable\/\" target=\"_blank\" rel=\"noopener\">Master ST2AE \u2013 parcours Viticulture Durable<\/a><\/li>\n<li><a href=\"https:\/\/www.fst.uha.fr\/index.php\/formations\/masters\/master-st2ae-sciences-agronomiques-et-environnementales\/\" target=\"_blank\" rel=\"noopener\">Master ST2AE \u2013 parcours Sciences Agronomiques et Environnementales<\/a><\/li>\n<li><a href=\"https:\/\/www.fst.uha.fr\/index.php\/formations\/masters\/master-st2ae-sciences-alimentaires-et-qualite\/\" target=\"_blank\" rel=\"noopener\">Master ST2AE \u2013 parcours Sciences Alimentaires et Qualit\u00e9\u00a0<\/a><\/li>\n<li><a href=\"https:\/\/www.fst.uha.fr\/index.php\/formations\/masters\/master-st2ae-franco-allemand-oenologie-et-viticulture\/\" target=\"_blank\" rel=\"noopener\">Master ST2AE \u2013 parcours franco-allemand \u0152nologie et Viticulture (MoVE)<\/a><\/li>\n<\/ul>\n<\/div><\/div>\n<div class=\"su-column su-column-size-1-3\"><div class=\"su-column-inner su-u-clearfix su-u-trim\">\n<h4>Risques et Environnement<\/h4>\n<ul>\n<li><a href=\"https:\/\/www.fst.uha.fr\/index.php\/formations\/masters\/master-risques-technologiques-securite\/\">Risques technologiques, s\u00e9curit\u00e9<\/a><\/li>\n<li><a href=\"https:\/\/www.fst.uha.fr\/index.php\/formations\/masters\/master-ingenierie-environnementale-et-energies-nouvelles\/\">Ing\u00e9nierie environnementale et \u00c9nergies Nouvelles<\/a><\/li>\n<li><a href=\"https:\/\/www.fst.uha.fr\/index.php\/formations\/masters\/master-gestion-des-risques-de-securite-civile\/\">Gestion des risques de s\u00e9curit\u00e9 civile<\/a><\/li>\n<\/ul>\n<\/div><\/div>\n<\/div>\n<div class=\"su-row\">\n<div class=\"su-column su-column-size-1-3\"><div class=\"su-column-inner su-u-clearfix su-u-trim\">\n<h4>Sciences et g\u00e9nie des mat\u00e9riaux<\/h4>\n<ul>\n<li><a href=\"https:\/\/www.fst.uha.fr\/index.php\/formations\/masters\/sciences-et-genie-des-materiaux\/\">Sciences et G\u00e9nie des Mat\u00e9riaux<\/a><\/li>\n<\/ul>\n<\/div><\/div>\n<\/div>\n<\/div><\/div>\n<hr \/>\n<p>Obtenez plus d&rsquo;informations sur :<\/p>\n<ul>\n<li><a href=\"https:\/\/www.fst.uha.fr\/index.php\/formations\/formations-transfrontalieres\/\">Nos formations transfrontali\u00e8res<\/a><\/li>\n<li><a href=\"https:\/\/www.fst.uha.fr\/index.php\/2024\/03\/05\/les-formations-en-apprentissage-a-la-fst\/\" target=\"_blank\" rel=\"noopener\">Nos formations par apprentissage<\/a><\/li>\n<li><a href=\"https:\/\/www.fst.uha.fr\/index.php\/formations\/inscriptions-bourses\/\">Les inscriptions et bourses<\/a><\/li>\n<li><a href=\"https:\/\/www.fst.uha.fr\/index.php\/fst\/reglementation\/\">Les r\u00e8glementation<\/a><\/li>\n<li><a href=\"https:\/\/www.fst.uha.fr\/index.php\/formations\/stage-insertion-professionnelle\/\">Les stage &amp; insertion professionnelle<\/a><\/li>\n<li><a href=\"https:\/\/www.fst.uha.fr\/wp-content\/uploads\/2023\/01\/Master-Synthese-2018.pdf\" target=\"_blank\" rel=\"noopener\">Enqu\u00eate insertion professionnelle &#8211; Synth\u00e8se<\/a><\/li>\n<\/ul>\n","protected":false},"excerpt":{"rendered":"<p>La Facult\u00e9 des Sciences et Techniques propose des formations de diff\u00e9rents niveaux (licence, master, doctorat) r\u00e9parties en diff\u00e9rents domaines (informatique, math\u00e9matiques, physique, chimie, environnement et EEA, staps et agrosciences.) Liste des formations Obtenez plus d&rsquo;informations sur : Nos formations transfrontali\u00e8res Nos formations par apprentissage Les inscriptions et bourses Les r\u00e8glementation Les stage &amp; insertion professionnelle [&hellip;]<\/p>\n","protected":false},"author":1,"featured_media":419,"parent":0,"menu_order":0,"comment_status":"closed","ping_status":"closed","template":"","meta":{"footnotes":""},"categories":[7],"tags":[],"class_list":["post-22","page","type-page","status-publish","has-post-thumbnail","hentry","category-futurs-etudiants"],"yoast_head":"<!-- This site is optimized with the Yoast SEO plugin v27.0 - https:\/\/yoast.com\/product\/yoast-seo-wordpress\/ -->\n<title>Nos formations - FST - Facult\u00e9 des Sciences et Techniques | Universit\u00e9 de Haute-Alsace<\/title>\n<meta name=\"robots\" content=\"index, follow, max-snippet:-1, max-image-preview:large, max-video-preview:-1\" \/>\n<link rel=\"canonical\" href=\"https:\/\/www.fst.uha.fr\/index.php\/formations\/\" \/>\n<meta property=\"og:locale\" content=\"fr_FR\" \/>\n<meta property=\"og:type\" content=\"article\" \/>\n<meta property=\"og:title\" content=\"Nos formations - FST - Facult\u00e9 des Sciences et Techniques | Universit\u00e9 de Haute-Alsace\" \/>\n<meta property=\"og:description\" content=\"La Facult\u00e9 des Sciences et Techniques propose des formations de diff\u00e9rents niveaux (licence, master, doctorat) r\u00e9parties en diff\u00e9rents domaines (informatique, math\u00e9matiques, physique, chimie, environnement et EEA, staps et agrosciences.) Liste des formations Obtenez plus d&rsquo;informations sur : Nos formations transfrontali\u00e8res Nos formations par apprentissage Les inscriptions et bourses Les r\u00e8glementation Les stage &amp; insertion professionnelle [&hellip;]\" \/>\n<meta property=\"og:url\" content=\"https:\/\/www.fst.uha.fr\/index.php\/formations\/\" \/>\n<meta property=\"og:site_name\" content=\"FST - Facult\u00e9 des Sciences et Techniques | Universit\u00e9 de Haute-Alsace\" \/>\n<meta property=\"article:modified_time\" content=\"2025-02-17T14:36:56+00:00\" \/>\n<meta property=\"og:image\" content=\"https:\/\/www.fst.uha.fr\/wp-content\/uploads\/2018\/05\/faculte-des-sciences-et-techniques-fst-38726-685-0.jpg\" \/>\n\t<meta property=\"og:image:width\" content=\"685\" \/>\n\t<meta property=\"og:image:height\" content=\"457\" \/>\n\t<meta property=\"og:image:type\" content=\"image\/jpeg\" \/>\n<meta name=\"twitter:card\" content=\"summary_large_image\" \/>\n<meta name=\"twitter:label1\" content=\"Dur\u00e9e de lecture estim\u00e9e\" \/>\n\t<meta name=\"twitter:data1\" content=\"2 minutes\" \/>\n<script type=\"application\/ld+json\" class=\"yoast-schema-graph\">{\"@context\":\"https:\/\/schema.org\",\"@graph\":[{\"@type\":\"WebPage\",\"@id\":\"https:\/\/www.fst.uha.fr\/index.php\/formations\/\",\"url\":\"https:\/\/www.fst.uha.fr\/index.php\/formations\/\",\"name\":\"Nos formations - FST - Facult\u00e9 des Sciences et Techniques | Universit\u00e9 de Haute-Alsace\",\"isPartOf\":{\"@id\":\"https:\/\/www.fst.uha.fr\/#website\"},\"primaryImageOfPage\":{\"@id\":\"https:\/\/www.fst.uha.fr\/index.php\/formations\/#primaryimage\"},\"image\":{\"@id\":\"https:\/\/www.fst.uha.fr\/index.php\/formations\/#primaryimage\"},\"thumbnailUrl\":\"https:\/\/www.fst.uha.fr\/wp-content\/uploads\/2018\/05\/faculte-des-sciences-et-techniques-fst-38726-685-0.jpg\",\"datePublished\":\"2018-05-10T07:37:05+00:00\",\"dateModified\":\"2025-02-17T14:36:56+00:00\",\"breadcrumb\":{\"@id\":\"https:\/\/www.fst.uha.fr\/index.php\/formations\/#breadcrumb\"},\"inLanguage\":\"fr-FR\",\"potentialAction\":[{\"@type\":\"ReadAction\",\"target\":[\"https:\/\/www.fst.uha.fr\/index.php\/formations\/\"]}]},{\"@type\":\"ImageObject\",\"inLanguage\":\"fr-FR\",\"@id\":\"https:\/\/www.fst.uha.fr\/index.php\/formations\/#primaryimage\",\"url\":\"https:\/\/www.fst.uha.fr\/wp-content\/uploads\/2018\/05\/faculte-des-sciences-et-techniques-fst-38726-685-0.jpg\",\"contentUrl\":\"https:\/\/www.fst.uha.fr\/wp-content\/uploads\/2018\/05\/faculte-des-sciences-et-techniques-fst-38726-685-0.jpg\",\"width\":685,\"height\":457},{\"@type\":\"BreadcrumbList\",\"@id\":\"https:\/\/www.fst.uha.fr\/index.php\/formations\/#breadcrumb\",\"itemListElement\":[{\"@type\":\"ListItem\",\"position\":1,\"name\":\"Accueil\",\"item\":\"https:\/\/www.fst.uha.fr\/\"},{\"@type\":\"ListItem\",\"position\":2,\"name\":\"Nos formations\"}]},{\"@type\":\"WebSite\",\"@id\":\"https:\/\/www.fst.uha.fr\/#website\",\"url\":\"https:\/\/www.fst.uha.fr\/\",\"name\":\"FST - Facult\u00e9 des Sciences et Techniques | Universit\u00e9 de Haute-Alsace\",\"description\":\"Campus Illberg | Universit\u00e9 de Haute-Alsace\",\"potentialAction\":[{\"@type\":\"SearchAction\",\"target\":{\"@type\":\"EntryPoint\",\"urlTemplate\":\"https:\/\/www.fst.uha.fr\/?s={search_term_string}\"},\"query-input\":{\"@type\":\"PropertyValueSpecification\",\"valueRequired\":true,\"valueName\":\"search_term_string\"}}],\"inLanguage\":\"fr-FR\"}]}<\/script>\n<!-- \/ Yoast SEO plugin. -->","yoast_head_json":{"title":"Nos formations - FST - Facult\u00e9 des Sciences et Techniques | Universit\u00e9 de Haute-Alsace","robots":{"index":"index","follow":"follow","max-snippet":"max-snippet:-1","max-image-preview":"max-image-preview:large","max-video-preview":"max-video-preview:-1"},"canonical":"https:\/\/www.fst.uha.fr\/index.php\/formations\/","og_locale":"fr_FR","og_type":"article","og_title":"Nos formations - FST - Facult\u00e9 des Sciences et Techniques | Universit\u00e9 de Haute-Alsace","og_description":"La Facult\u00e9 des Sciences et Techniques propose des formations de diff\u00e9rents niveaux (licence, master, doctorat) r\u00e9parties en diff\u00e9rents domaines (informatique, math\u00e9matiques, physique, chimie, environnement et EEA, staps et agrosciences.) Liste des formations Obtenez plus d&rsquo;informations sur : Nos formations transfrontali\u00e8res Nos formations par apprentissage Les inscriptions et bourses Les r\u00e8glementation Les stage &amp; insertion professionnelle [&hellip;]","og_url":"https:\/\/www.fst.uha.fr\/index.php\/formations\/","og_site_name":"FST - Facult\u00e9 des Sciences et Techniques | Universit\u00e9 de Haute-Alsace","article_modified_time":"2025-02-17T14:36:56+00:00","og_image":[{"width":685,"height":457,"url":"https:\/\/www.fst.uha.fr\/wp-content\/uploads\/2018\/05\/faculte-des-sciences-et-techniques-fst-38726-685-0.jpg","type":"image\/jpeg"}],"twitter_card":"summary_large_image","twitter_misc":{"Dur\u00e9e de lecture estim\u00e9e":"2 minutes"},"schema":{"@context":"https:\/\/schema.org","@graph":[{"@type":"WebPage","@id":"https:\/\/www.fst.uha.fr\/index.php\/formations\/","url":"https:\/\/www.fst.uha.fr\/index.php\/formations\/","name":"Nos formations - FST - Facult\u00e9 des Sciences et Techniques | Universit\u00e9 de Haute-Alsace","isPartOf":{"@id":"https:\/\/www.fst.uha.fr\/#website"},"primaryImageOfPage":{"@id":"https:\/\/www.fst.uha.fr\/index.php\/formations\/#primaryimage"},"image":{"@id":"https:\/\/www.fst.uha.fr\/index.php\/formations\/#primaryimage"},"thumbnailUrl":"https:\/\/www.fst.uha.fr\/wp-content\/uploads\/2018\/05\/faculte-des-sciences-et-techniques-fst-38726-685-0.jpg","datePublished":"2018-05-10T07:37:05+00:00","dateModified":"2025-02-17T14:36:56+00:00","breadcrumb":{"@id":"https:\/\/www.fst.uha.fr\/index.php\/formations\/#breadcrumb"},"inLanguage":"fr-FR","potentialAction":[{"@type":"ReadAction","target":["https:\/\/www.fst.uha.fr\/index.php\/formations\/"]}]},{"@type":"ImageObject","inLanguage":"fr-FR","@id":"https:\/\/www.fst.uha.fr\/index.php\/formations\/#primaryimage","url":"https:\/\/www.fst.uha.fr\/wp-content\/uploads\/2018\/05\/faculte-des-sciences-et-techniques-fst-38726-685-0.jpg","contentUrl":"https:\/\/www.fst.uha.fr\/wp-content\/uploads\/2018\/05\/faculte-des-sciences-et-techniques-fst-38726-685-0.jpg","width":685,"height":457},{"@type":"BreadcrumbList","@id":"https:\/\/www.fst.uha.fr\/index.php\/formations\/#breadcrumb","itemListElement":[{"@type":"ListItem","position":1,"name":"Accueil","item":"https:\/\/www.fst.uha.fr\/"},{"@type":"ListItem","position":2,"name":"Nos formations"}]},{"@type":"WebSite","@id":"https:\/\/www.fst.uha.fr\/#website","url":"https:\/\/www.fst.uha.fr\/","name":"FST - Facult\u00e9 des Sciences et Techniques | Universit\u00e9 de Haute-Alsace","description":"Campus Illberg | Universit\u00e9 de Haute-Alsace","potentialAction":[{"@type":"SearchAction","target":{"@type":"EntryPoint","urlTemplate":"https:\/\/www.fst.uha.fr\/?s={search_term_string}"},"query-input":{"@type":"PropertyValueSpecification","valueRequired":true,"valueName":"search_term_string"}}],"inLanguage":"fr-FR"}]}},"_links":{"self":[{"href":"https:\/\/www.fst.uha.fr\/index.php\/wp-json\/wp\/v2\/pages\/22","targetHints":{"allow":["GET"]}}],"collection":[{"href":"https:\/\/www.fst.uha.fr\/index.php\/wp-json\/wp\/v2\/pages"}],"about":[{"href":"https:\/\/www.fst.uha.fr\/index.php\/wp-json\/wp\/v2\/types\/page"}],"author":[{"embeddable":true,"href":"https:\/\/www.fst.uha.fr\/index.php\/wp-json\/wp\/v2\/users\/1"}],"replies":[{"embeddable":true,"href":"https:\/\/www.fst.uha.fr\/index.php\/wp-json\/wp\/v2\/comments?post=22"}],"version-history":[{"count":59,"href":"https:\/\/www.fst.uha.fr\/index.php\/wp-json\/wp\/v2\/pages\/22\/revisions"}],"predecessor-version":[{"id":4953,"href":"https:\/\/www.fst.uha.fr\/index.php\/wp-json\/wp\/v2\/pages\/22\/revisions\/4953"}],"wp:featuredmedia":[{"embeddable":true,"href":"https:\/\/www.fst.uha.fr\/index.php\/wp-json\/wp\/v2\/media\/419"}],"wp:attachment":[{"href":"https:\/\/www.fst.uha.fr\/index.php\/wp-json\/wp\/v2\/media?parent=22"}],"wp:term":[{"taxonomy":"category","embeddable":true,"href":"https:\/\/www.fst.uha.fr\/index.php\/wp-json\/wp\/v2\/categories?post=22"},{"taxonomy":"post_tag","embeddable":true,"href":"https:\/\/www.fst.uha.fr\/index.php\/wp-json\/wp\/v2\/tags?post=22"}],"curies":[{"name":"wp","href":"https:\/\/api.w.org\/{rel}","templated":true}]}}