{"id":24,"date":"2018-04-10T09:37:16","date_gmt":"2018-04-10T07:37:16","guid":{"rendered":"https:\/\/www.fst.uha.fr\/?page_id=24"},"modified":"2023-11-22T11:13:38","modified_gmt":"2023-11-22T10:13:38","slug":"recherche","status":"publish","type":"page","link":"https:\/\/www.fst.uha.fr\/index.php\/recherche\/","title":{"rendered":"Recherche"},"content":{"rendered":"<p><img loading=\"lazy\" decoding=\"async\" class=\"alignnone size-full wp-image-641\" src=\"https:\/\/www.fst.uha.fr\/wp-content\/uploads\/2018\/06\/recherche.png\" alt=\"\" width=\"1920\" height=\"501\" srcset=\"https:\/\/www.fst.uha.fr\/wp-content\/uploads\/2018\/06\/recherche.png 1920w, https:\/\/www.fst.uha.fr\/wp-content\/uploads\/2018\/06\/recherche-300x78.png 300w, https:\/\/www.fst.uha.fr\/wp-content\/uploads\/2018\/06\/recherche-768x200.png 768w, https:\/\/www.fst.uha.fr\/wp-content\/uploads\/2018\/06\/recherche-1024x267.png 1024w\" sizes=\"auto, (max-width: 1920px) 100vw, 1920px\" \/><\/p>\n<p>L\u2019<a href=\"http:\/\/www.uha.fr\/\">Universit\u00e9 de Haute-Alsace<\/a>, h\u00e9riti\u00e8re d\u2019une longue tradition d\u2019innovation scientifique et technique est le fruit d\u2019une synergie entre la recherche, l\u2019industrie et la formation.<\/p>\n<p>De nos jours, l\u2019Universit\u00e9 accorde un effort tout particulier \u00e0 d\u00e9multiplier les relations partenariales avec les entreprises de toutes tailles, ceci gr\u00e2ce \u00e0 la structuration d\u2019une \u00e9quipe au service des laboratoires et des entreprises. Un effort tout particulier a \u00e9t\u00e9 fait ces derni\u00e8res ann\u00e9es pour tisser des liens solides avec le milieu socio-\u00e9conomique, notamment les PME et ETI.<\/p>\n<p>Les \u00e9tudiants passionn\u00e9s par la recherche peuvent finaliser leur formation par des \u00e9tudes en Doctorat dans les laboratoires de recherche universitaires ou industriels.<\/p>\n<h2>Laboratoires en lien avec la Facult\u00e9 des Sciences et Techniques<\/h2>\n<p>La recherche fondamentale ou appliqu\u00e9e occupe une place importante gr\u00e2ce aux laboratoires en pointe que ce soit en chimie, physique, automatique, informatique ou math\u00e9matiques. D\u00e9couvrez les laboratoires de rattachement des enseignants de la FST\u00a0:<\/p>\n<div class=\"su-row\">\n<div class=\"su-column su-column-size-1-2\"><div class=\"su-column-inner su-u-clearfix su-u-trim\">\n<h3>Institut de Recherche en Informatique, Math\u00e9matiques, Automatique et Signal | IRIMAS<\/h3>\n<div class=\"su-pullquote su-pullquote-align-left\"><img loading=\"lazy\" decoding=\"async\" class=\"size-full wp-image-1174 aligncenter\" src=\"https:\/\/www.fst.uha.fr\/wp-content\/uploads\/2018\/07\/logo-irimas-150px150px-1.png\" alt=\"\" width=\"150\" height=\"65\" \/><\/div>\n<p>12 rue des fr\u00e8res Lumi\u00e8re<br \/>\n68093 Mulhouse<br \/>\n<a href=\"http:\/\/www.irimas.uha.fr\/\">En savoir plus<\/a><\/p>\n<p>&nbsp;<\/p>\n<h3>Institut de Science des Mat\u00e9riaux de Mulhouse |\u00a0IS2M<\/h3>\n<div class=\"su-pullquote su-pullquote-align-left\"><img loading=\"lazy\" decoding=\"async\" class=\"aligncenter wp-image-865\" src=\"https:\/\/www.fst.uha.fr\/wp-content\/uploads\/2018\/06\/IS2M.png\" alt=\"\" width=\"65\" height=\"65\" \/><\/div>\n<p>15 rue Jean Starcky &#8211;\u00a0BP 2488<br \/>\n68057 Mulhouse cedex<br \/>\n<a href=\"http:\/\/www.is2m.uha.fr\/\">En savoir plus<\/a><\/p>\n<h3>Laboratoire de Gestion des Risques et Environnement | LGRE<\/h3>\n<div class=\"su-pullquote su-pullquote-align-left\"><img loading=\"lazy\" decoding=\"async\" class=\"aligncenter wp-image-861\" src=\"https:\/\/www.fst.uha.fr\/wp-content\/uploads\/2018\/06\/Logo-Final-gre-150x150.png\" alt=\"\" width=\"67\" height=\"65\" srcset=\"https:\/\/www.fst.uha.fr\/wp-content\/uploads\/2018\/06\/Logo-Final-gre-300x290.png 300w, https:\/\/www.fst.uha.fr\/wp-content\/uploads\/2018\/06\/Logo-Final-gre-768x743.png 768w, https:\/\/www.fst.uha.fr\/wp-content\/uploads\/2018\/06\/Logo-Final-gre-1024x991.png 1024w\" sizes=\"auto, (max-width: 67px) 100vw, 67px\" \/><\/div>\n<p>Institut de recherche Jean-Baptiste Donnet<br \/>\n3 bis rue Alfred Werner<br \/>\n68100 Mulhouse<br \/>\n<a href=\"http:\/\/www.gre.uha.fr\/\">En savoir plus<\/a><\/p>\n<\/div><\/div>\n<div class=\"su-column su-column-size-1-2\"><div class=\"su-column-inner su-u-clearfix su-u-trim\">\n<h3>Laboratoire d\u2019Innovation Mol\u00e9culaire et Application | LIMA<\/h3>\n<div class=\"su-pullquote su-pullquote-align-left\"><img loading=\"lazy\" decoding=\"async\" class=\"wp-image-1053 aligncenter\" src=\"https:\/\/www.fst.uha.fr\/wp-content\/uploads\/2018\/06\/index-150x150.png\" alt=\"\" width=\"106\" height=\"106\" srcset=\"https:\/\/www.fst.uha.fr\/wp-content\/uploads\/2018\/06\/index-150x150.png 150w, https:\/\/www.fst.uha.fr\/wp-content\/uploads\/2018\/06\/index.png 225w\" sizes=\"auto, (max-width: 106px) 100vw, 106px\" \/><\/div>\n<p>\u00c9cole Nationale Sup\u00e9rieure de Chimie de Mulhouse<br \/>\n3 rue Alfred Werner<br \/>\n68093 Mulhouse Cedex<br \/>\n<a href=\"http:\/\/lima.unistra.fr\/\">En savoir plus<\/a><\/p>\n<h3>Laboratoire de Photochimie et d&rsquo;Ing\u00e9nierie Macromol\u00e9culaire | LPIM<\/h3>\n<div class=\"su-pullquote su-pullquote-align-left\"><img loading=\"lazy\" decoding=\"async\" class=\"wp-image-868 aligncenter\" src=\"https:\/\/www.fst.uha.fr\/wp-content\/uploads\/2018\/06\/Lpim-e1529331014305.png\" alt=\"\" width=\"96\" height=\"65\" \/><\/div>\n<p>Institut de recherche Jean-Baptiste Donnet<br \/>\n3 bis rue Alfred Werner<br \/>\n68100 Mulhouse<br \/>\n<a href=\"http:\/\/www.lpim.uha.fr\/index.html\">En savoir plus<\/a><\/p>\n<h3>Laboratoire Vigne Biotechnologie et Environnement | LVBE<\/h3>\n<div class=\"su-pullquote su-pullquote-align-left\"><img loading=\"lazy\" decoding=\"async\" class=\"wp-image-1485 aligncenter\" src=\"https:\/\/www.fst.uha.fr\/wp-content\/uploads\/2018\/07\/Logo-LVBE-trans.png\" alt=\"\" width=\"118\" height=\"81\" srcset=\"https:\/\/www.fst.uha.fr\/wp-content\/uploads\/2018\/07\/Logo-LVBE-trans.png 450w, https:\/\/www.fst.uha.fr\/wp-content\/uploads\/2018\/07\/Logo-LVBE-trans-300x207.png 300w\" sizes=\"auto, (max-width: 118px) 100vw, 118px\" \/><\/div>\n<p>P\u00f4le Agrosciences Biop\u00f4le<br \/>\n33 rue de Herrlisheim<br \/>\nBP 50568 &#8211; 68008 Colmar cedex<br \/>\n<a href=\"http:\/\/www.lvbe.uha.fr\">En savoir plus<\/a><\/p>\n<\/div><\/div><\/div>\n","protected":false},"excerpt":{"rendered":"<p>L\u2019Universit\u00e9 de Haute-Alsace, h\u00e9riti\u00e8re d\u2019une longue tradition d\u2019innovation scientifique et technique est le fruit d\u2019une synergie entre la recherche, l\u2019industrie et la formation. De nos jours, l\u2019Universit\u00e9 accorde un effort tout particulier \u00e0 d\u00e9multiplier les relations partenariales avec les entreprises de toutes tailles, ceci gr\u00e2ce \u00e0 la structuration d\u2019une \u00e9quipe au service des laboratoires et [&hellip;]<\/p>\n","protected":false},"author":1,"featured_media":0,"parent":0,"menu_order":0,"comment_status":"closed","ping_status":"closed","template":"","meta":{"footnotes":""},"categories":[],"tags":[],"class_list":["post-24","page","type-page","status-publish","hentry"],"yoast_head":"<!-- This site is optimized with the Yoast SEO plugin v27.0 - https:\/\/yoast.com\/product\/yoast-seo-wordpress\/ -->\n<title>Recherche - FST - Facult\u00e9 des Sciences et Techniques | Universit\u00e9 de Haute-Alsace<\/title>\n<meta name=\"robots\" content=\"index, follow, max-snippet:-1, max-image-preview:large, max-video-preview:-1\" \/>\n<link rel=\"canonical\" href=\"https:\/\/www.fst.uha.fr\/index.php\/recherche\/\" \/>\n<meta property=\"og:locale\" content=\"fr_FR\" \/>\n<meta property=\"og:type\" content=\"article\" \/>\n<meta property=\"og:title\" content=\"Recherche - FST - Facult\u00e9 des Sciences et Techniques | Universit\u00e9 de Haute-Alsace\" \/>\n<meta property=\"og:description\" content=\"L\u2019Universit\u00e9 de Haute-Alsace, h\u00e9riti\u00e8re d\u2019une longue tradition d\u2019innovation scientifique et technique est le fruit d\u2019une synergie entre la recherche, l\u2019industrie et la formation. De nos jours, l\u2019Universit\u00e9 accorde un effort tout particulier \u00e0 d\u00e9multiplier les relations partenariales avec les entreprises de toutes tailles, ceci gr\u00e2ce \u00e0 la structuration d\u2019une \u00e9quipe au service des laboratoires et [&hellip;]\" \/>\n<meta property=\"og:url\" content=\"https:\/\/www.fst.uha.fr\/index.php\/recherche\/\" \/>\n<meta property=\"og:site_name\" content=\"FST - Facult\u00e9 des Sciences et Techniques | Universit\u00e9 de Haute-Alsace\" \/>\n<meta property=\"article:modified_time\" content=\"2023-11-22T10:13:38+00:00\" \/>\n<meta property=\"og:image\" content=\"https:\/\/www.fst.uha.fr\/wp-content\/uploads\/2018\/06\/recherche.png\" \/>\n<meta name=\"twitter:card\" content=\"summary_large_image\" \/>\n<meta name=\"twitter:label1\" content=\"Dur\u00e9e de lecture estim\u00e9e\" \/>\n\t<meta name=\"twitter:data1\" content=\"3 minutes\" \/>\n<script type=\"application\/ld+json\" class=\"yoast-schema-graph\">{\"@context\":\"https:\/\/schema.org\",\"@graph\":[{\"@type\":\"WebPage\",\"@id\":\"https:\/\/www.fst.uha.fr\/index.php\/recherche\/\",\"url\":\"https:\/\/www.fst.uha.fr\/index.php\/recherche\/\",\"name\":\"Recherche - FST - Facult\u00e9 des Sciences et Techniques | Universit\u00e9 de Haute-Alsace\",\"isPartOf\":{\"@id\":\"https:\/\/www.fst.uha.fr\/#website\"},\"primaryImageOfPage\":{\"@id\":\"https:\/\/www.fst.uha.fr\/index.php\/recherche\/#primaryimage\"},\"image\":{\"@id\":\"https:\/\/www.fst.uha.fr\/index.php\/recherche\/#primaryimage\"},\"thumbnailUrl\":\"https:\/\/www.fst.uha.fr\/wp-content\/uploads\/2018\/06\/recherche.png\",\"datePublished\":\"2018-04-10T07:37:16+00:00\",\"dateModified\":\"2023-11-22T10:13:38+00:00\",\"breadcrumb\":{\"@id\":\"https:\/\/www.fst.uha.fr\/index.php\/recherche\/#breadcrumb\"},\"inLanguage\":\"fr-FR\",\"potentialAction\":[{\"@type\":\"ReadAction\",\"target\":[\"https:\/\/www.fst.uha.fr\/index.php\/recherche\/\"]}]},{\"@type\":\"ImageObject\",\"inLanguage\":\"fr-FR\",\"@id\":\"https:\/\/www.fst.uha.fr\/index.php\/recherche\/#primaryimage\",\"url\":\"https:\/\/www.fst.uha.fr\/wp-content\/uploads\/2018\/06\/recherche.png\",\"contentUrl\":\"https:\/\/www.fst.uha.fr\/wp-content\/uploads\/2018\/06\/recherche.png\",\"width\":1920,\"height\":501},{\"@type\":\"BreadcrumbList\",\"@id\":\"https:\/\/www.fst.uha.fr\/index.php\/recherche\/#breadcrumb\",\"itemListElement\":[{\"@type\":\"ListItem\",\"position\":1,\"name\":\"Accueil\",\"item\":\"https:\/\/www.fst.uha.fr\/\"},{\"@type\":\"ListItem\",\"position\":2,\"name\":\"Recherche\"}]},{\"@type\":\"WebSite\",\"@id\":\"https:\/\/www.fst.uha.fr\/#website\",\"url\":\"https:\/\/www.fst.uha.fr\/\",\"name\":\"FST - Facult\u00e9 des Sciences et Techniques | Universit\u00e9 de Haute-Alsace\",\"description\":\"Campus Illberg | Universit\u00e9 de Haute-Alsace\",\"potentialAction\":[{\"@type\":\"SearchAction\",\"target\":{\"@type\":\"EntryPoint\",\"urlTemplate\":\"https:\/\/www.fst.uha.fr\/?s={search_term_string}\"},\"query-input\":{\"@type\":\"PropertyValueSpecification\",\"valueRequired\":true,\"valueName\":\"search_term_string\"}}],\"inLanguage\":\"fr-FR\"}]}<\/script>\n<!-- \/ Yoast SEO plugin. -->","yoast_head_json":{"title":"Recherche - FST - Facult\u00e9 des Sciences et Techniques | Universit\u00e9 de Haute-Alsace","robots":{"index":"index","follow":"follow","max-snippet":"max-snippet:-1","max-image-preview":"max-image-preview:large","max-video-preview":"max-video-preview:-1"},"canonical":"https:\/\/www.fst.uha.fr\/index.php\/recherche\/","og_locale":"fr_FR","og_type":"article","og_title":"Recherche - FST - Facult\u00e9 des Sciences et Techniques | Universit\u00e9 de Haute-Alsace","og_description":"L\u2019Universit\u00e9 de Haute-Alsace, h\u00e9riti\u00e8re d\u2019une longue tradition d\u2019innovation scientifique et technique est le fruit d\u2019une synergie entre la recherche, l\u2019industrie et la formation. De nos jours, l\u2019Universit\u00e9 accorde un effort tout particulier \u00e0 d\u00e9multiplier les relations partenariales avec les entreprises de toutes tailles, ceci gr\u00e2ce \u00e0 la structuration d\u2019une \u00e9quipe au service des laboratoires et [&hellip;]","og_url":"https:\/\/www.fst.uha.fr\/index.php\/recherche\/","og_site_name":"FST - Facult\u00e9 des Sciences et Techniques | Universit\u00e9 de Haute-Alsace","article_modified_time":"2023-11-22T10:13:38+00:00","og_image":[{"url":"https:\/\/www.fst.uha.fr\/wp-content\/uploads\/2018\/06\/recherche.png","type":"","width":"","height":""}],"twitter_card":"summary_large_image","twitter_misc":{"Dur\u00e9e de lecture estim\u00e9e":"3 minutes"},"schema":{"@context":"https:\/\/schema.org","@graph":[{"@type":"WebPage","@id":"https:\/\/www.fst.uha.fr\/index.php\/recherche\/","url":"https:\/\/www.fst.uha.fr\/index.php\/recherche\/","name":"Recherche - FST - Facult\u00e9 des Sciences et Techniques | Universit\u00e9 de Haute-Alsace","isPartOf":{"@id":"https:\/\/www.fst.uha.fr\/#website"},"primaryImageOfPage":{"@id":"https:\/\/www.fst.uha.fr\/index.php\/recherche\/#primaryimage"},"image":{"@id":"https:\/\/www.fst.uha.fr\/index.php\/recherche\/#primaryimage"},"thumbnailUrl":"https:\/\/www.fst.uha.fr\/wp-content\/uploads\/2018\/06\/recherche.png","datePublished":"2018-04-10T07:37:16+00:00","dateModified":"2023-11-22T10:13:38+00:00","breadcrumb":{"@id":"https:\/\/www.fst.uha.fr\/index.php\/recherche\/#breadcrumb"},"inLanguage":"fr-FR","potentialAction":[{"@type":"ReadAction","target":["https:\/\/www.fst.uha.fr\/index.php\/recherche\/"]}]},{"@type":"ImageObject","inLanguage":"fr-FR","@id":"https:\/\/www.fst.uha.fr\/index.php\/recherche\/#primaryimage","url":"https:\/\/www.fst.uha.fr\/wp-content\/uploads\/2018\/06\/recherche.png","contentUrl":"https:\/\/www.fst.uha.fr\/wp-content\/uploads\/2018\/06\/recherche.png","width":1920,"height":501},{"@type":"BreadcrumbList","@id":"https:\/\/www.fst.uha.fr\/index.php\/recherche\/#breadcrumb","itemListElement":[{"@type":"ListItem","position":1,"name":"Accueil","item":"https:\/\/www.fst.uha.fr\/"},{"@type":"ListItem","position":2,"name":"Recherche"}]},{"@type":"WebSite","@id":"https:\/\/www.fst.uha.fr\/#website","url":"https:\/\/www.fst.uha.fr\/","name":"FST - Facult\u00e9 des Sciences et Techniques | Universit\u00e9 de Haute-Alsace","description":"Campus Illberg | Universit\u00e9 de Haute-Alsace","potentialAction":[{"@type":"SearchAction","target":{"@type":"EntryPoint","urlTemplate":"https:\/\/www.fst.uha.fr\/?s={search_term_string}"},"query-input":{"@type":"PropertyValueSpecification","valueRequired":true,"valueName":"search_term_string"}}],"inLanguage":"fr-FR"}]}},"_links":{"self":[{"href":"https:\/\/www.fst.uha.fr\/index.php\/wp-json\/wp\/v2\/pages\/24","targetHints":{"allow":["GET"]}}],"collection":[{"href":"https:\/\/www.fst.uha.fr\/index.php\/wp-json\/wp\/v2\/pages"}],"about":[{"href":"https:\/\/www.fst.uha.fr\/index.php\/wp-json\/wp\/v2\/types\/page"}],"author":[{"embeddable":true,"href":"https:\/\/www.fst.uha.fr\/index.php\/wp-json\/wp\/v2\/users\/1"}],"replies":[{"embeddable":true,"href":"https:\/\/www.fst.uha.fr\/index.php\/wp-json\/wp\/v2\/comments?post=24"}],"version-history":[{"count":27,"href":"https:\/\/www.fst.uha.fr\/index.php\/wp-json\/wp\/v2\/pages\/24\/revisions"}],"predecessor-version":[{"id":3992,"href":"https:\/\/www.fst.uha.fr\/index.php\/wp-json\/wp\/v2\/pages\/24\/revisions\/3992"}],"wp:attachment":[{"href":"https:\/\/www.fst.uha.fr\/index.php\/wp-json\/wp\/v2\/media?parent=24"}],"wp:term":[{"taxonomy":"category","embeddable":true,"href":"https:\/\/www.fst.uha.fr\/index.php\/wp-json\/wp\/v2\/categories?post=24"},{"taxonomy":"post_tag","embeddable":true,"href":"https:\/\/www.fst.uha.fr\/index.php\/wp-json\/wp\/v2\/tags?post=24"}],"curies":[{"name":"wp","href":"https:\/\/api.w.org\/{rel}","templated":true}]}}