{"id":26,"date":"2018-04-10T09:37:28","date_gmt":"2018-04-10T07:37:28","guid":{"rendered":"https:\/\/www.fst.uha.fr\/?page_id=26"},"modified":"2025-05-13T08:45:37","modified_gmt":"2025-05-13T06:45:37","slug":"international","status":"publish","type":"page","link":"https:\/\/www.fst.uha.fr\/index.php\/international\/","title":{"rendered":"International"},"content":{"rendered":"<p><img loading=\"lazy\" decoding=\"async\" class=\"alignnone size-full wp-image-643\" src=\"https:\/\/www.fst.uha.fr\/wp-content\/uploads\/2018\/06\/international.png\" alt=\"\" width=\"1920\" height=\"501\" srcset=\"https:\/\/www.fst.uha.fr\/wp-content\/uploads\/2018\/06\/international.png 1920w, https:\/\/www.fst.uha.fr\/wp-content\/uploads\/2018\/06\/international-300x78.png 300w, https:\/\/www.fst.uha.fr\/wp-content\/uploads\/2018\/06\/international-768x200.png 768w, https:\/\/www.fst.uha.fr\/wp-content\/uploads\/2018\/06\/international-1024x267.png 1024w\" sizes=\"auto, (max-width: 1920px) 100vw, 1920px\" \/><\/p>\n<div class=\"su-pullquote su-pullquote-align-right\"><img loading=\"lazy\" decoding=\"async\" class=\"size-full wp-image-220 alignright\" src=\"https:\/\/www.fst.uha.fr\/wp-content\/uploads\/2018\/04\/carte-transfrontalier.png\" alt=\"\" width=\"374\" height=\"380\" srcset=\"https:\/\/www.fst.uha.fr\/wp-content\/uploads\/2018\/04\/carte-transfrontalier.png 374w, https:\/\/www.fst.uha.fr\/wp-content\/uploads\/2018\/04\/carte-transfrontalier-295x300.png 295w\" sizes=\"auto, (max-width: 374px) 100vw, 374px\" \/><\/div>\n<p>B\u00e9n\u00e9ficiant d\u2019une situation g\u00e9ographique privil\u00e9gi\u00e9e, \u00e0 proximit\u00e9 de l\u2019Allemagne et de la Suisse, la Facult\u00e9 des Sciences et Techniques (FST) de l\u2019<a href=\"http:\/\/www.uha.fr\/\">Universit\u00e9 de Haute-Alsace<\/a> propose des formations transfrontali\u00e8res et favorise les \u00e9changes internationaux notamment avec les universit\u00e9s partenaires d&rsquo;<a href=\"http:\/\/www.eucor-uni.org\">Eucor &#8211; Le Campus europ\u00e9en<\/a>, du programme ERASMUS+ et plus largement dans le cadre d\u2019accord bilat\u00e9raux avec des universit\u00e9s du monde entier.<\/p>\n<p>L\u2019\u00e9quipe relations internationales et l\u2019ensemble du personnel FST mettent tout en \u0153uvre pour accueillir les \u00e9tudiant\u2022e\u2022s \u00e9tranger\u2022e\u2022s dans de bonnes conditions et bien pr\u00e9parer les mobilit\u00e9s sortantes dans\u00a0les disciplines suivantes\u00a0:<\/p>\n<ul>\n<li>Math\u00e9matiques,<\/li>\n<li>Informatique (avec notamment une Licence en partenariat avec l\u2019Allemagne),<\/li>\n<li>\u00c9lectrique, \u00c9nergie \u00e9lectrique et Automatique (avec notamment 2 Licences trinationales en collaboration avec l\u2019Allemagne et la Suisse),<\/li>\n<li>Physique,<\/li>\n<li>Chimie (avec notamment une Licence franco-allemande),<\/li>\n<li>Risques et environnement.<\/li>\n<\/ul>\n<div class=\"su-box su-box-style-default\" id=\"\" style=\"border-color:#000000;border-radius:3px;\"><div class=\"su-box-title\" style=\"background-color:#333333;color:#FFFFFF;border-top-left-radius:1px;border-top-right-radius:1px\">\u00c0 d\u00e9couvrir<\/div><div class=\"su-box-content su-u-clearfix su-u-trim\" style=\"border-bottom-left-radius:1px;border-bottom-right-radius:1px\">\n<ul>\n<li><a href=\"https:\/\/www.fst.uha.fr\/index.php\/international\/formations-internationales\/\">Formations internationales de la FST<\/a><\/li>\n<li><a href=\"https:\/\/www.fst.uha.fr\/index.php\/international\/partir-a-letranger-via-la-fst\/\">Partir \u00e0 l&rsquo;\u00e9tranger<\/a><\/li>\n<li><a href=\"https:\/\/www.fst.uha.fr\/index.php\/international\/venir-etudier-a-la-fst\/\">Venir \u00e9tudier \u00e0 la FST<\/a><\/li>\n<\/ul>\n<\/div><\/div>\n<h2>Contact<\/h2>\n<p><strong>M. Abdenacer MAKHLOUF<\/strong><br \/>\nProfesseur Coordonnateur des relations internationales<br \/>\n<a href=\"mailto:abdenacer.makhlouf@uha.fr\">abdenacer.makhlouf@uha.fr<\/a><\/p>\n<p><strong>Mme Sabah AMATRUDA<\/strong><br \/>\nR\u00e9f\u00e9rente relations internationales<br \/>\n<a href=\"mailto:sabah.amatruda@uha.fr\">sabah.amatruda@uha.fr<\/a><\/p>\n<p><strong>Lyes GUEBGHID<br \/>\n<\/strong>R\u00e9f\u00e9rent accueil \u00e9tudiants internationaux<br \/>\n<a href=\"mailto:lyes.guebghid@uha.fr\">lyes.guebghid@uha.fr@uha.fr<\/a><\/p>\n<p><strong>Jorge SALAZAR CABALLERO<br \/>\n<\/strong>R\u00e9f\u00e9rent accueil \u00e9tudiants internationaux<br \/>\n<strong><a href=\"mailto:jorge.salazar-caballero@uha.fr\">jorge.salazar-caballero@uha.fr<\/a><\/strong><\/p>\n<div class=\"su-row\">\n<div class=\"su-column su-column-size-1-3\"><div class=\"su-column-inner su-u-clearfix su-u-trim\"><\/div><\/div>\n<div class=\"su-column su-column-size-1-3\"><div class=\"su-column-inner su-u-clearfix su-u-trim\"><\/div><\/div>\n<\/div>\n<hr \/>\n<p>Obtenez plus d'informations sur :<\/p>\n<ul>\n<li><a href=\"https:\/\/www.fst.uha.fr\/index.php\/international\/formations-internationales\/\">Nos formations internationales<\/a><\/li>\n<li><a href=\"https:\/\/www.fst.uha.fr\/index.php\/international\/venir-etudier-a-la-fst\/\">Comment venir \u00e9tudier \u00e0 la FST ?<\/a><\/li>\n<li><a href=\"https:\/\/www.fst.uha.fr\/index.php\/international\/partir-a-letranger-via-la-fst\/\">Comment partir \u00e0 l'\u00e9tranger ?<\/a><\/li>\n<\/ul>\n","protected":false},"excerpt":{"rendered":"<p>B\u00e9n\u00e9ficiant d\u2019une situation g\u00e9ographique privil\u00e9gi\u00e9e, \u00e0 proximit\u00e9 de l\u2019Allemagne et de la Suisse, la Facult\u00e9 des Sciences et Techniques (FST) de l\u2019Universit\u00e9 de Haute-Alsace propose des formations transfrontali\u00e8res et favorise les \u00e9changes internationaux notamment avec les universit\u00e9s partenaires d&rsquo;Eucor &#8211; Le Campus europ\u00e9en, du programme ERASMUS+ et plus largement dans le cadre d\u2019accord bilat\u00e9raux avec [&hellip;]<\/p>\n","protected":false},"author":1,"featured_media":643,"parent":0,"menu_order":0,"comment_status":"closed","ping_status":"closed","template":"","meta":{"footnotes":""},"categories":[],"tags":[],"class_list":["post-26","page","type-page","status-publish","has-post-thumbnail","hentry"],"yoast_head":"<!-- This site is optimized with the Yoast SEO plugin v27.0 - https:\/\/yoast.com\/product\/yoast-seo-wordpress\/ -->\n<title>International - FST - Facult\u00e9 des Sciences et Techniques | Universit\u00e9 de Haute-Alsace<\/title>\n<meta name=\"robots\" content=\"index, follow, max-snippet:-1, max-image-preview:large, max-video-preview:-1\" \/>\n<link rel=\"canonical\" href=\"https:\/\/www.fst.uha.fr\/index.php\/international\/\" \/>\n<meta property=\"og:locale\" content=\"fr_FR\" \/>\n<meta property=\"og:type\" content=\"article\" \/>\n<meta property=\"og:title\" content=\"International - FST - Facult\u00e9 des Sciences et Techniques | Universit\u00e9 de Haute-Alsace\" \/>\n<meta property=\"og:description\" content=\"B\u00e9n\u00e9ficiant d\u2019une situation g\u00e9ographique privil\u00e9gi\u00e9e, \u00e0 proximit\u00e9 de l\u2019Allemagne et de la Suisse, la Facult\u00e9 des Sciences et Techniques (FST) de l\u2019Universit\u00e9 de Haute-Alsace propose des formations transfrontali\u00e8res et favorise les \u00e9changes internationaux notamment avec les universit\u00e9s partenaires d&rsquo;Eucor &#8211; Le Campus europ\u00e9en, du programme ERASMUS+ et plus largement dans le cadre d\u2019accord bilat\u00e9raux avec [&hellip;]\" \/>\n<meta property=\"og:url\" content=\"https:\/\/www.fst.uha.fr\/index.php\/international\/\" \/>\n<meta property=\"og:site_name\" content=\"FST - Facult\u00e9 des Sciences et Techniques | Universit\u00e9 de Haute-Alsace\" \/>\n<meta property=\"article:modified_time\" content=\"2025-05-13T06:45:37+00:00\" \/>\n<meta property=\"og:image\" content=\"https:\/\/www.fst.uha.fr\/wp-content\/uploads\/2018\/06\/international.png\" \/>\n\t<meta property=\"og:image:width\" content=\"1920\" \/>\n\t<meta property=\"og:image:height\" content=\"501\" \/>\n\t<meta property=\"og:image:type\" content=\"image\/png\" \/>\n<meta name=\"twitter:card\" content=\"summary_large_image\" \/>\n<meta name=\"twitter:label1\" content=\"Dur\u00e9e de lecture estim\u00e9e\" \/>\n\t<meta name=\"twitter:data1\" content=\"2 minutes\" \/>\n<script type=\"application\/ld+json\" class=\"yoast-schema-graph\">{\"@context\":\"https:\/\/schema.org\",\"@graph\":[{\"@type\":\"WebPage\",\"@id\":\"https:\/\/www.fst.uha.fr\/index.php\/international\/\",\"url\":\"https:\/\/www.fst.uha.fr\/index.php\/international\/\",\"name\":\"International - FST - Facult\u00e9 des Sciences et Techniques | Universit\u00e9 de Haute-Alsace\",\"isPartOf\":{\"@id\":\"https:\/\/www.fst.uha.fr\/#website\"},\"primaryImageOfPage\":{\"@id\":\"https:\/\/www.fst.uha.fr\/index.php\/international\/#primaryimage\"},\"image\":{\"@id\":\"https:\/\/www.fst.uha.fr\/index.php\/international\/#primaryimage\"},\"thumbnailUrl\":\"https:\/\/www.fst.uha.fr\/wp-content\/uploads\/2018\/06\/international.png\",\"datePublished\":\"2018-04-10T07:37:28+00:00\",\"dateModified\":\"2025-05-13T06:45:37+00:00\",\"breadcrumb\":{\"@id\":\"https:\/\/www.fst.uha.fr\/index.php\/international\/#breadcrumb\"},\"inLanguage\":\"fr-FR\",\"potentialAction\":[{\"@type\":\"ReadAction\",\"target\":[\"https:\/\/www.fst.uha.fr\/index.php\/international\/\"]}]},{\"@type\":\"ImageObject\",\"inLanguage\":\"fr-FR\",\"@id\":\"https:\/\/www.fst.uha.fr\/index.php\/international\/#primaryimage\",\"url\":\"https:\/\/www.fst.uha.fr\/wp-content\/uploads\/2018\/06\/international.png\",\"contentUrl\":\"https:\/\/www.fst.uha.fr\/wp-content\/uploads\/2018\/06\/international.png\",\"width\":1920,\"height\":501},{\"@type\":\"BreadcrumbList\",\"@id\":\"https:\/\/www.fst.uha.fr\/index.php\/international\/#breadcrumb\",\"itemListElement\":[{\"@type\":\"ListItem\",\"position\":1,\"name\":\"Accueil\",\"item\":\"https:\/\/www.fst.uha.fr\/\"},{\"@type\":\"ListItem\",\"position\":2,\"name\":\"International\"}]},{\"@type\":\"WebSite\",\"@id\":\"https:\/\/www.fst.uha.fr\/#website\",\"url\":\"https:\/\/www.fst.uha.fr\/\",\"name\":\"FST - Facult\u00e9 des Sciences et Techniques | Universit\u00e9 de Haute-Alsace\",\"description\":\"Campus Illberg | Universit\u00e9 de Haute-Alsace\",\"potentialAction\":[{\"@type\":\"SearchAction\",\"target\":{\"@type\":\"EntryPoint\",\"urlTemplate\":\"https:\/\/www.fst.uha.fr\/?s={search_term_string}\"},\"query-input\":{\"@type\":\"PropertyValueSpecification\",\"valueRequired\":true,\"valueName\":\"search_term_string\"}}],\"inLanguage\":\"fr-FR\"}]}<\/script>\n<!-- \/ Yoast SEO plugin. -->","yoast_head_json":{"title":"International - FST - Facult\u00e9 des Sciences et Techniques | Universit\u00e9 de Haute-Alsace","robots":{"index":"index","follow":"follow","max-snippet":"max-snippet:-1","max-image-preview":"max-image-preview:large","max-video-preview":"max-video-preview:-1"},"canonical":"https:\/\/www.fst.uha.fr\/index.php\/international\/","og_locale":"fr_FR","og_type":"article","og_title":"International - FST - Facult\u00e9 des Sciences et Techniques | Universit\u00e9 de Haute-Alsace","og_description":"B\u00e9n\u00e9ficiant d\u2019une situation g\u00e9ographique privil\u00e9gi\u00e9e, \u00e0 proximit\u00e9 de l\u2019Allemagne et de la Suisse, la Facult\u00e9 des Sciences et Techniques (FST) de l\u2019Universit\u00e9 de Haute-Alsace propose des formations transfrontali\u00e8res et favorise les \u00e9changes internationaux notamment avec les universit\u00e9s partenaires d&rsquo;Eucor &#8211; Le Campus europ\u00e9en, du programme ERASMUS+ et plus largement dans le cadre d\u2019accord bilat\u00e9raux avec [&hellip;]","og_url":"https:\/\/www.fst.uha.fr\/index.php\/international\/","og_site_name":"FST - Facult\u00e9 des Sciences et Techniques | Universit\u00e9 de Haute-Alsace","article_modified_time":"2025-05-13T06:45:37+00:00","og_image":[{"width":1920,"height":501,"url":"https:\/\/www.fst.uha.fr\/wp-content\/uploads\/2018\/06\/international.png","type":"image\/png"}],"twitter_card":"summary_large_image","twitter_misc":{"Dur\u00e9e de lecture estim\u00e9e":"2 minutes"},"schema":{"@context":"https:\/\/schema.org","@graph":[{"@type":"WebPage","@id":"https:\/\/www.fst.uha.fr\/index.php\/international\/","url":"https:\/\/www.fst.uha.fr\/index.php\/international\/","name":"International - FST - Facult\u00e9 des Sciences et Techniques | Universit\u00e9 de Haute-Alsace","isPartOf":{"@id":"https:\/\/www.fst.uha.fr\/#website"},"primaryImageOfPage":{"@id":"https:\/\/www.fst.uha.fr\/index.php\/international\/#primaryimage"},"image":{"@id":"https:\/\/www.fst.uha.fr\/index.php\/international\/#primaryimage"},"thumbnailUrl":"https:\/\/www.fst.uha.fr\/wp-content\/uploads\/2018\/06\/international.png","datePublished":"2018-04-10T07:37:28+00:00","dateModified":"2025-05-13T06:45:37+00:00","breadcrumb":{"@id":"https:\/\/www.fst.uha.fr\/index.php\/international\/#breadcrumb"},"inLanguage":"fr-FR","potentialAction":[{"@type":"ReadAction","target":["https:\/\/www.fst.uha.fr\/index.php\/international\/"]}]},{"@type":"ImageObject","inLanguage":"fr-FR","@id":"https:\/\/www.fst.uha.fr\/index.php\/international\/#primaryimage","url":"https:\/\/www.fst.uha.fr\/wp-content\/uploads\/2018\/06\/international.png","contentUrl":"https:\/\/www.fst.uha.fr\/wp-content\/uploads\/2018\/06\/international.png","width":1920,"height":501},{"@type":"BreadcrumbList","@id":"https:\/\/www.fst.uha.fr\/index.php\/international\/#breadcrumb","itemListElement":[{"@type":"ListItem","position":1,"name":"Accueil","item":"https:\/\/www.fst.uha.fr\/"},{"@type":"ListItem","position":2,"name":"International"}]},{"@type":"WebSite","@id":"https:\/\/www.fst.uha.fr\/#website","url":"https:\/\/www.fst.uha.fr\/","name":"FST - Facult\u00e9 des Sciences et Techniques | Universit\u00e9 de Haute-Alsace","description":"Campus Illberg | Universit\u00e9 de Haute-Alsace","potentialAction":[{"@type":"SearchAction","target":{"@type":"EntryPoint","urlTemplate":"https:\/\/www.fst.uha.fr\/?s={search_term_string}"},"query-input":{"@type":"PropertyValueSpecification","valueRequired":true,"valueName":"search_term_string"}}],"inLanguage":"fr-FR"}]}},"_links":{"self":[{"href":"https:\/\/www.fst.uha.fr\/index.php\/wp-json\/wp\/v2\/pages\/26","targetHints":{"allow":["GET"]}}],"collection":[{"href":"https:\/\/www.fst.uha.fr\/index.php\/wp-json\/wp\/v2\/pages"}],"about":[{"href":"https:\/\/www.fst.uha.fr\/index.php\/wp-json\/wp\/v2\/types\/page"}],"author":[{"embeddable":true,"href":"https:\/\/www.fst.uha.fr\/index.php\/wp-json\/wp\/v2\/users\/1"}],"replies":[{"embeddable":true,"href":"https:\/\/www.fst.uha.fr\/index.php\/wp-json\/wp\/v2\/comments?post=26"}],"version-history":[{"count":36,"href":"https:\/\/www.fst.uha.fr\/index.php\/wp-json\/wp\/v2\/pages\/26\/revisions"}],"predecessor-version":[{"id":5012,"href":"https:\/\/www.fst.uha.fr\/index.php\/wp-json\/wp\/v2\/pages\/26\/revisions\/5012"}],"wp:featuredmedia":[{"embeddable":true,"href":"https:\/\/www.fst.uha.fr\/index.php\/wp-json\/wp\/v2\/media\/643"}],"wp:attachment":[{"href":"https:\/\/www.fst.uha.fr\/index.php\/wp-json\/wp\/v2\/media?parent=26"}],"wp:term":[{"taxonomy":"category","embeddable":true,"href":"https:\/\/www.fst.uha.fr\/index.php\/wp-json\/wp\/v2\/categories?post=26"},{"taxonomy":"post_tag","embeddable":true,"href":"https:\/\/www.fst.uha.fr\/index.php\/wp-json\/wp\/v2\/tags?post=26"}],"curies":[{"name":"wp","href":"https:\/\/api.w.org\/{rel}","templated":true}]}}