{"id":2632,"date":"2020-12-15T17:09:18","date_gmt":"2020-12-15T16:09:18","guid":{"rendered":"https:\/\/www.fst.uha.fr\/?page_id=2632"},"modified":"2024-09-20T13:41:47","modified_gmt":"2024-09-20T11:41:47","slug":"du","status":"publish","type":"page","link":"https:\/\/www.fst.uha.fr\/index.php\/du\/","title":{"rendered":"DU UHA 4.0"},"content":{"rendered":"<div class=\"su-row\"><div class=\"su-column su-column-size-3-4\"><div class=\"su-column-inner su-u-clearfix su-u-trim\">\n<h2>Pr\u00e9sentation\u00a0:<\/h2>\n<p style=\"text-align: justify; background: white; vertical-align: baseline; margin: 0cm 0cm 15.0pt 0cm;\"><span style=\"font-size: 11.5pt; font-family: 'Arial',sans-serif; color: #444444;\"><strong>UHA 4.0 est un parcours dipl\u00f4mant fond\u00e9 sur la p\u00e9dagogie par projets et la validation de comp\u00e9tences<\/strong>. Il s\u2019adresse \u00e0 un public h\u00e9t\u00e9rog\u00e8ne d\u2019apprenants (n\u00e9o-bacheliers ou issus de formations \u00ab classiques \u00bb) et de personnes en reconversion professionnelle et en reprise d\u2019\u00e9tude (demandeurs d\u2019emploi).<\/span><\/p>\n<p style=\"text-align: justify; background: white; vertical-align: baseline; margin: 0cm 0cm 15.0pt 0cm;\"><span style=\"font-size: 11.5pt; font-family: 'Arial',sans-serif; color: #444444;\">La formation UHA 4.0 vise \u00e0 pr\u00e9parer tous ces \u00e9tudiants aux profils h\u00e9t\u00e9rog\u00e8nes aux m\u00e9tiers du num\u00e9rique. UHA 4.0 d\u00e9ploie une p\u00e9dagogie sp\u00e9cifique o\u00f9 chaque \u00e9tudiant est acteur de sa formation et de sa r\u00e9ussite. Les apprenants b\u00e9n\u00e9ficient d\u2019un mode d\u2019apprentissage hybride et d\u2019une immersion professionnelle pr\u00e9coce qui favorisent l\u2019insertion professionnelle. Les \u00e9tudiants b\u00e9n\u00e9ficient de m\u00e9thodes et d\u2019outils professionnels et sont encadr\u00e9s par une \u00e9quipe p\u00e9dagogique d\u00e9di\u00e9e.<\/span><\/p>\n<p style=\"text-align: justify; background: white; vertical-align: baseline; margin: 0cm 0cm 15.0pt 0cm;\"><span style=\"font-size: 11.5pt; font-family: 'Arial',sans-serif; color: #444444;\">UHA 4.0 a obtenu le label \u00ab\u00a0Grande Ecole du Num\u00e9rique\u00a0\u00bb et le prix PEPS (\u00ab\u00a0Passion Enseignement et P\u00e9dagogie dans le Sup\u00e9rieur\u00a0\u00bb en 2019 dans la cat\u00e9gorie \u00ab\u00a0Innovation p\u00e9dagogique\u00a0\u00bb.<\/span><\/p>\n<h2>Objectifs de la formation<\/h2>\n<p>L\u2019objectif est de former les apprenants au De\u0301veloppement Informatique en Mode Projet afin qu\u2019ils acqui\u00e8rent les comp\u00e9tences techniques et transverses par la pratique.<\/p>\n<p><strong>UHA 4.0 est une voie de formation alternative pour l\u2019obtention des diplo\u0302mes de Licence Professionnelle M\u00e9tiers de l\u2019Informatique\u00a0: Conception, d\u00e9veloppement et tests de logiciels et de Master Informatique Mobile de l\u2019Universite\u0301 de Haute-Alsace par validation de comp\u00e9tences.<\/strong><\/p>\n<p>UHA 4.0 propose 2 parcours\u00a0:<\/p>\n<ul>\n<li><strong>Parcours Bachelor<\/strong>\u00a0: Dipl\u00f4me d\u2019Universit\u00e9 qui correspond au bloc de comp\u00e9tences de la Licence Professionnelle M\u00e9tiers de l\u2019informatique<\/li>\n<li><strong>Parcours Master<\/strong>\u00a0: les comp\u00e9tences correspondent au Master Informatique et Mobilit\u00e9<\/li>\n<\/ul>\n<div class=\"su-accordion su-u-trim\">\n<div class=\"su-spoiler su-spoiler-style-fancy su-spoiler-icon-plus-circle su-spoiler-closed\" data-scroll-offset=\"0\" data-anchor-in-url=\"no\"><div class=\"su-spoiler-title\" tabindex=\"0\" role=\"button\"><span class=\"su-spoiler-icon\"><\/span>Admission<\/div><div class=\"su-spoiler-content su-u-clearfix su-u-trim\">\n<p>Sont admissibles \u00e0 la formation UHA 4.0\u00a0:<\/p>\n<p>\u00b7\u00a0\u00a0\u00a0\u00a0\u00a0\u00a0\u00a0\u00a0 Ne\u0301o-bacheliers (UHA 4.0.1 apparait sur Parcoursup).<\/p>\n<p>\u00b7\u00a0\u00a0\u00a0\u00a0\u00a0\u00a0\u00a0\u00a0 Personnes issues d\u2019autres formations (DUT, BTS, Licences&#8230;).<\/p>\n<p>\u00b7\u00a0\u00a0\u00a0\u00a0\u00a0\u00a0\u00a0\u00a0 Demandeurs d\u2019emploi en re\u0301orientation professionnelle. (le bac n\u2019est pas un pre\u0301- requis)<\/p>\n<p>\u00b7\u00a0\u00a0\u00a0\u00a0\u00a0\u00a0\u00a0\u00a0 Toute personne passionne\u0301e par le de\u0301veloppement informatique souhaitant une re\u0301orientation ou une poursuite d\u2019e\u0301tude dans le domaine.<\/p>\n<\/div><\/div>\n<div class=\"su-spoiler su-spoiler-style-fancy su-spoiler-icon-plus-circle su-spoiler-closed\" data-scroll-offset=\"0\" data-anchor-in-url=\"no\"><div class=\"su-spoiler-title\" tabindex=\"0\" role=\"button\"><span class=\"su-spoiler-icon\"><\/span>Poursuite d'\u00e9tudes<\/div><div class=\"su-spoiler-content su-u-clearfix su-u-trim\">\n<p>Les d\u00e9tenteurs du DU 4.0.3 ayant valid\u00e9 la Licence Professionnelle M\u00e9tiers de l\u2019informatique peuvent poursuivre en parcours Master (UHA 4.0 ou non).<\/p>\n<\/div><\/div>\n<div class=\"su-spoiler su-spoiler-style-fancy su-spoiler-icon-plus-circle su-spoiler-closed\" data-scroll-offset=\"0\" data-anchor-in-url=\"no\"><div class=\"su-spoiler-title\" tabindex=\"0\" role=\"button\"><span class=\"su-spoiler-icon\"><\/span>Modalit\u00e9s d'enseignement<\/div><div class=\"su-spoiler-content su-u-clearfix su-u-trim\">\n<ul>\n<li>Parcours Bachelor\u00a0:\n<ul>\n<li>P\u00e9dagogie par projets (personnels et d\u2019entreprise), apprentissage hybride<\/li>\n<li>Stages en entreprise ou possibilit\u00e9 de contrats de professionnalisation<\/li>\n<li>Validation de comp\u00e9tences (proc\u00e9dure VAPP) pour l\u2019obtention de la Licence Professionnelle<\/li>\n<li>Chaque DU (niveau) se pr\u00e9pare sur 10 \u00e0 11 mois, stage compris<\/li>\n<li>Possibilit\u00e9 d\u2019obtenir le statut E\u0301tudiant-Entrepreneur (r\u00e9alisation du stage dans le cadre d\u2019un projet de cr\u00e9ation d\u2019entreprise).<\/li>\n<\/ul>\n<\/li>\n<\/ul>\n<\/div><\/div>\n<div class=\"su-spoiler su-spoiler-style-fancy su-spoiler-icon-plus-circle su-spoiler-closed\" data-scroll-offset=\"0\" data-anchor-in-url=\"no\"><div class=\"su-spoiler-title\" tabindex=\"0\" role=\"button\"><span class=\"su-spoiler-icon\"><\/span>Comp\u00e9tences d\u00e9velopp\u00e9es<\/div><div class=\"su-spoiler-content su-u-clearfix su-u-trim\">\n<p><strong>Niveau Bachelor\u00a0:<\/strong><\/p>\n<ul>\n<li>D\u00e9velopper des environnements num\u00e9riques complexes avec des langages de programmation<\/li>\n<li>Qualifier son d\u00e9veloppement<\/li>\n<li>D\u00e9ployer son site web et une application complexe de mani\u00e8re automatis\u00e9e et optimis\u00e9e<\/li>\n<li>G\u00e9rer des t\u00e2ches au sein d\u2019une \u00e9quipe<\/li>\n<li>G\u00e9rer les contraintes techniques d\u2019un projet informatique<\/li>\n<li>Valoriser sa participation aux projets et son projet professionnel<\/li>\n<\/ul>\n<p><strong>Niveau Master\u00a0:<\/strong><\/p>\n<ul>\n<li>Piloter des \u00e9quipes de projet informatique<\/li>\n<li>Concevoir et d\u00e9ployer des services informatiques et plateformes mobiles complexes<\/li>\n<li>Ma\u00eetriser tous les aspects du d\u00e9veloppement informatique<\/li>\n<\/ul>\n<\/div><\/div>\n<div class=\"su-spoiler su-spoiler-style-fancy su-spoiler-icon-plus-circle su-spoiler-closed\" data-scroll-offset=\"0\" data-anchor-in-url=\"no\"><div class=\"su-spoiler-title\" tabindex=\"0\" role=\"button\"><span class=\"su-spoiler-icon\"><\/span>Programme<\/div><div class=\"su-spoiler-content su-u-clearfix su-u-trim\">\n<p>Au cours de chaque anne\u0301e d\u2019e\u0301tude, les e\u0301tudiants de\u0301veloppent des compe\u0301tences pratiques et transversales (autonomie, savoir-e\u0302tre, organisation, travail en groupe&#8230;), et utilisent des outils professionnels de de\u0301veloppement et de gestion de projets.<\/p>\n<p><strong>Niveau Bachelor (DU 4.0.1., DU 4.0.2., DU 4.0.3.)\u00a0:<\/strong><\/p>\n<ul>\n<li>Mai\u0302trise de l\u2019informatique, des outils de d\u00e9veloppement et des me\u0301thodes de ge\u0301nie logiciel.<\/li>\n<li>De\u0301veloppement d\u2019applications web et mobiles<\/li>\n<li>Gestion de projets informatiques agiles<\/li>\n<li>Savoir-e\u0302tre professionnel, communication et anglais<\/li>\n<li>Stage long en entreprise<\/li>\n<\/ul>\n<p><strong>Niveau Master (DU 4.0.4., DU 4.0.5.)<\/strong><\/p>\n<ul>\n<li>Synth\u00e8se d\u2019images<\/li>\n<li>Apprentissage profond \/ IA<\/li>\n<li>Entrep\u00f4t de donn\u00e9es<\/li>\n<li>Introduction \u00e0 la cybers\u00e9curit\u00e9<\/li>\n<li>Optimisation combinatoire<\/li>\n<li>Num\u00e9risation de sc\u00e8nes 2D\/3D<\/li>\n<li>Fouille de donn\u00e9es<\/li>\n<li>Calcul massivement parall\u00e8le<\/li>\n<li>Initiation \u00e0 la recherche<\/li>\n<li>Anglais<\/li>\n<li>P\u00e9riodes d\u2019alternance en entreprise<\/li>\n<\/ul>\n<p>&nbsp;<\/p>\n<div class=\"su-spoiler su-spoiler-style-fancy su-spoiler-icon-plus-circle su-spoiler-closed\" data-scroll-offset=\"0\" data-anchor-in-url=\"no\"><div class=\"su-spoiler-title\" tabindex=\"0\" role=\"button\"><span class=\"su-spoiler-icon\"><\/span>Stage et apprentissage<\/div><div class=\"su-spoiler-content su-u-clearfix su-u-trim\"><\/div><\/div>\n<p><strong>Parcours Bachelor (DU 4.0.1., DU 4.0.2., DU 4.0.3.)\u00a0:<\/strong><\/p>\n<ul>\n<li>DU 4.0.1.\u00a0: stage de minimum 4 mois<\/li>\n<li>DU 4.0.2. et DU 4.0.3.\u00a0: stage de 6 mois ou contrat de professionnalisation<\/li>\n<\/ul>\n<p><strong>Parcours Master\u00a0:<\/strong><\/p>\n<ul>\n<li>Obligation d\u2019avoir un contrat de professionnalisation dans une entreprise<\/li>\n<\/ul>\n<\/div><\/div>\n<div class=\"su-spoiler su-spoiler-style-fancy su-spoiler-icon-plus-circle su-spoiler-closed\" data-scroll-offset=\"0\" data-anchor-in-url=\"no\"><div class=\"su-spoiler-title\" tabindex=\"0\" role=\"button\"><span class=\"su-spoiler-icon\"><\/span>Le plus de la formation<\/div><div class=\"su-spoiler-content su-u-clearfix su-u-trim\">\n<p>Les \u00e9tudiants b\u00e9n\u00e9ficient d\u2019un accompagnement p\u00e9dagogique personnalis\u00e9 et sont immerg\u00e9s dans un contexte professionnel d\u00e8s la sortie du Bac.<\/p>\n<\/div><\/div>\n<\/div>\n<\/div><\/div>\n<div class=\"su-column su-column-size-1-4\"><div class=\"su-column-inner su-u-clearfix su-u-trim\">\n<h4><strong>En savoir plus<br \/>\n<\/strong><\/h4>\n<p><a href=\"https:\/\/www.uha4point0.fr\/\" target=\"_blank\" rel=\"noopener\">Lien site<\/a><\/p>\n<p><a href=\"https:\/\/www.youtube.com\/watch?v=t0tHwE4M3Rg&amp;feature=emb_title\" target=\"_blank\" rel=\"noopener\">Vid\u00e9o de pr\u00e9sentation<\/a><\/p>\n<div class=\"su-divider su-divider-style-default\" style=\"margin:15px 0;border-width:3px;border-color:#999999\"><\/div>\n<\/div><\/div><\/div>\n<p>&nbsp;<\/p>\n<p>&nbsp;<\/p>\n<p>&nbsp;<\/p>\n<p>&nbsp;<\/p>\n<p>&nbsp;<\/p>\n","protected":false},"excerpt":{"rendered":"<p>&nbsp; &nbsp; &nbsp; &nbsp; &nbsp;<\/p>\n","protected":false},"author":8,"featured_media":0,"parent":0,"menu_order":0,"comment_status":"closed","ping_status":"closed","template":"","meta":{"footnotes":""},"categories":[],"tags":[],"class_list":["post-2632","page","type-page","status-publish","hentry"],"yoast_head":"<!-- This site is optimized with the Yoast SEO plugin v27.4 - https:\/\/yoast.com\/product\/yoast-seo-wordpress\/ -->\n<title>DU UHA 4.0 - FST - Facult\u00e9 des Sciences et Techniques | Universit\u00e9 de Haute-Alsace<\/title>\n<meta name=\"robots\" content=\"index, follow, max-snippet:-1, max-image-preview:large, max-video-preview:-1\" \/>\n<link rel=\"canonical\" href=\"https:\/\/www.fst.uha.fr\/index.php\/du\/\" \/>\n<meta property=\"og:locale\" content=\"fr_FR\" \/>\n<meta property=\"og:type\" content=\"article\" \/>\n<meta property=\"og:title\" content=\"DU UHA 4.0 - FST - Facult\u00e9 des Sciences et Techniques | Universit\u00e9 de Haute-Alsace\" \/>\n<meta property=\"og:description\" content=\"&nbsp; &nbsp; &nbsp; &nbsp; &nbsp;\" \/>\n<meta property=\"og:url\" content=\"https:\/\/www.fst.uha.fr\/index.php\/du\/\" \/>\n<meta property=\"og:site_name\" content=\"FST - Facult\u00e9 des Sciences et Techniques | Universit\u00e9 de Haute-Alsace\" \/>\n<meta property=\"article:modified_time\" content=\"2024-09-20T11:41:47+00:00\" \/>\n<meta name=\"twitter:card\" content=\"summary_large_image\" \/>\n<meta name=\"twitter:label1\" content=\"Dur\u00e9e de lecture estim\u00e9e\" \/>\n\t<meta name=\"twitter:data1\" content=\"4 minutes\" \/>\n<script type=\"application\/ld+json\" class=\"yoast-schema-graph\">{\"@context\":\"https:\\\/\\\/schema.org\",\"@graph\":[{\"@type\":\"WebPage\",\"@id\":\"https:\\\/\\\/www.fst.uha.fr\\\/index.php\\\/du\\\/\",\"url\":\"https:\\\/\\\/www.fst.uha.fr\\\/index.php\\\/du\\\/\",\"name\":\"DU UHA 4.0 - FST - Facult\u00e9 des Sciences et Techniques | Universit\u00e9 de Haute-Alsace\",\"isPartOf\":{\"@id\":\"https:\\\/\\\/www.fst.uha.fr\\\/#website\"},\"datePublished\":\"2020-12-15T16:09:18+00:00\",\"dateModified\":\"2024-09-20T11:41:47+00:00\",\"breadcrumb\":{\"@id\":\"https:\\\/\\\/www.fst.uha.fr\\\/index.php\\\/du\\\/#breadcrumb\"},\"inLanguage\":\"fr-FR\",\"potentialAction\":[{\"@type\":\"ReadAction\",\"target\":[\"https:\\\/\\\/www.fst.uha.fr\\\/index.php\\\/du\\\/\"]}]},{\"@type\":\"BreadcrumbList\",\"@id\":\"https:\\\/\\\/www.fst.uha.fr\\\/index.php\\\/du\\\/#breadcrumb\",\"itemListElement\":[{\"@type\":\"ListItem\",\"position\":1,\"name\":\"Accueil\",\"item\":\"https:\\\/\\\/www.fst.uha.fr\\\/\"},{\"@type\":\"ListItem\",\"position\":2,\"name\":\"DU UHA 4.0\"}]},{\"@type\":\"WebSite\",\"@id\":\"https:\\\/\\\/www.fst.uha.fr\\\/#website\",\"url\":\"https:\\\/\\\/www.fst.uha.fr\\\/\",\"name\":\"FST - Facult\u00e9 des Sciences et Techniques | Universit\u00e9 de Haute-Alsace\",\"description\":\"Campus Illberg | Universit\u00e9 de Haute-Alsace\",\"potentialAction\":[{\"@type\":\"SearchAction\",\"target\":{\"@type\":\"EntryPoint\",\"urlTemplate\":\"https:\\\/\\\/www.fst.uha.fr\\\/?s={search_term_string}\"},\"query-input\":{\"@type\":\"PropertyValueSpecification\",\"valueRequired\":true,\"valueName\":\"search_term_string\"}}],\"inLanguage\":\"fr-FR\"}]}<\/script>\n<!-- \/ Yoast SEO plugin. -->","yoast_head_json":{"title":"DU UHA 4.0 - FST - Facult\u00e9 des Sciences et Techniques | Universit\u00e9 de Haute-Alsace","robots":{"index":"index","follow":"follow","max-snippet":"max-snippet:-1","max-image-preview":"max-image-preview:large","max-video-preview":"max-video-preview:-1"},"canonical":"https:\/\/www.fst.uha.fr\/index.php\/du\/","og_locale":"fr_FR","og_type":"article","og_title":"DU UHA 4.0 - FST - Facult\u00e9 des Sciences et Techniques | Universit\u00e9 de Haute-Alsace","og_description":"&nbsp; &nbsp; &nbsp; &nbsp; &nbsp;","og_url":"https:\/\/www.fst.uha.fr\/index.php\/du\/","og_site_name":"FST - Facult\u00e9 des Sciences et Techniques | Universit\u00e9 de Haute-Alsace","article_modified_time":"2024-09-20T11:41:47+00:00","twitter_card":"summary_large_image","twitter_misc":{"Dur\u00e9e de lecture estim\u00e9e":"4 minutes"},"schema":{"@context":"https:\/\/schema.org","@graph":[{"@type":"WebPage","@id":"https:\/\/www.fst.uha.fr\/index.php\/du\/","url":"https:\/\/www.fst.uha.fr\/index.php\/du\/","name":"DU UHA 4.0 - FST - Facult\u00e9 des Sciences et Techniques | Universit\u00e9 de Haute-Alsace","isPartOf":{"@id":"https:\/\/www.fst.uha.fr\/#website"},"datePublished":"2020-12-15T16:09:18+00:00","dateModified":"2024-09-20T11:41:47+00:00","breadcrumb":{"@id":"https:\/\/www.fst.uha.fr\/index.php\/du\/#breadcrumb"},"inLanguage":"fr-FR","potentialAction":[{"@type":"ReadAction","target":["https:\/\/www.fst.uha.fr\/index.php\/du\/"]}]},{"@type":"BreadcrumbList","@id":"https:\/\/www.fst.uha.fr\/index.php\/du\/#breadcrumb","itemListElement":[{"@type":"ListItem","position":1,"name":"Accueil","item":"https:\/\/www.fst.uha.fr\/"},{"@type":"ListItem","position":2,"name":"DU UHA 4.0"}]},{"@type":"WebSite","@id":"https:\/\/www.fst.uha.fr\/#website","url":"https:\/\/www.fst.uha.fr\/","name":"FST - Facult\u00e9 des Sciences et Techniques | Universit\u00e9 de Haute-Alsace","description":"Campus Illberg | Universit\u00e9 de Haute-Alsace","potentialAction":[{"@type":"SearchAction","target":{"@type":"EntryPoint","urlTemplate":"https:\/\/www.fst.uha.fr\/?s={search_term_string}"},"query-input":{"@type":"PropertyValueSpecification","valueRequired":true,"valueName":"search_term_string"}}],"inLanguage":"fr-FR"}]}},"_links":{"self":[{"href":"https:\/\/www.fst.uha.fr\/index.php\/wp-json\/wp\/v2\/pages\/2632","targetHints":{"allow":["GET"]}}],"collection":[{"href":"https:\/\/www.fst.uha.fr\/index.php\/wp-json\/wp\/v2\/pages"}],"about":[{"href":"https:\/\/www.fst.uha.fr\/index.php\/wp-json\/wp\/v2\/types\/page"}],"author":[{"embeddable":true,"href":"https:\/\/www.fst.uha.fr\/index.php\/wp-json\/wp\/v2\/users\/8"}],"replies":[{"embeddable":true,"href":"https:\/\/www.fst.uha.fr\/index.php\/wp-json\/wp\/v2\/comments?post=2632"}],"version-history":[{"count":25,"href":"https:\/\/www.fst.uha.fr\/index.php\/wp-json\/wp\/v2\/pages\/2632\/revisions"}],"predecessor-version":[{"id":4793,"href":"https:\/\/www.fst.uha.fr\/index.php\/wp-json\/wp\/v2\/pages\/2632\/revisions\/4793"}],"wp:attachment":[{"href":"https:\/\/www.fst.uha.fr\/index.php\/wp-json\/wp\/v2\/media?parent=2632"}],"wp:term":[{"taxonomy":"category","embeddable":true,"href":"https:\/\/www.fst.uha.fr\/index.php\/wp-json\/wp\/v2\/categories?post=2632"},{"taxonomy":"post_tag","embeddable":true,"href":"https:\/\/www.fst.uha.fr\/index.php\/wp-json\/wp\/v2\/tags?post=2632"}],"curies":[{"name":"wp","href":"https:\/\/api.w.org\/{rel}","templated":true}]}}