{"id":28,"date":"2018-04-10T09:37:39","date_gmt":"2018-04-10T07:37:39","guid":{"rendered":"https:\/\/www.fst.uha.fr\/?page_id=28"},"modified":"2018-07-11T17:22:24","modified_gmt":"2018-07-11T15:22:24","slug":"vie-etudiante","status":"publish","type":"page","link":"https:\/\/www.fst.uha.fr\/index.php\/vie-etudiante\/","title":{"rendered":"Vie \u00e9tudiante"},"content":{"rendered":"<p><img loading=\"lazy\" decoding=\"async\" class=\"alignnone size-full wp-image-639\" src=\"https:\/\/www.fst.uha.fr\/wp-content\/uploads\/2018\/06\/vie-\u00e9tudiante.png\" alt=\"\" width=\"1920\" height=\"501\" srcset=\"https:\/\/www.fst.uha.fr\/wp-content\/uploads\/2018\/06\/vie-\u00e9tudiante.png 1920w, https:\/\/www.fst.uha.fr\/wp-content\/uploads\/2018\/06\/vie-\u00e9tudiante-300x78.png 300w, https:\/\/www.fst.uha.fr\/wp-content\/uploads\/2018\/06\/vie-\u00e9tudiante-768x200.png 768w, https:\/\/www.fst.uha.fr\/wp-content\/uploads\/2018\/06\/vie-\u00e9tudiante-1024x267.png 1024w\" sizes=\"auto, (max-width: 1920px) 100vw, 1920px\" \/><\/p>\n<p>En plus de proposer des formations, l\u2019<a href=\"http:\/\/www.uha.fr\/\">Universit\u00e9 de Haute-Alsace<\/a> propose une multitude d\u2019activit\u00e9s culturelles, artistiques, sociales et sportives pour se d\u00e9tendre et faire des rencontres apr\u00e8s les cours !<\/p>\n<p>Pour plus d\u2019informations, n\u2019h\u00e9sitez pas \u00e0 vous adresser au <a href=\"http:\/\/www.uha.fr\/la-vie-universitaire\/vie-etudiante\/\">Bureau de la Vie \u00c9tudiante<\/a>, situ\u00e9 \u00e0 la Maison de l\u2019\u00c9tudiant sur le campus Illberg et \u00e0 consulter sa <a href=\"https:\/\/www.facebook.com\/vieetudiante.uha\">page Facebook<\/a> pour \u00eatre inform\u00e9 des derni\u00e8res actualit\u00e9s !<\/p>\n<p>D\u00e9couvrez \u00e9galement :<\/p>\n<ul>\n<li><a href=\"https:\/\/www.fst.uha.fr\/index.php\/vie-etudiante\/associations-etudiantes\/\">les associations \u00e9tudiantes qui concerne la FST<\/a><\/li>\n<li><a href=\"https:\/\/www.fst.uha.fr\/index.php\/vie-etudiante\/vivre-a-mulhouse\/logement\/\">les logements, co\u00fbts et restauration<\/a><\/li>\n<li><a href=\"https:\/\/www.fst.uha.fr\/index.php\/vie-etudiante\/vivre-a-mulhouse\/\">la vie \u00e0 Mulhouse<\/a><\/li>\n<li><a href=\"https:\/\/www.fst.uha.fr\/index.php\/vie-etudiante\/le-campus-de-lillberg\/\">la vie sur le campus<\/a><\/li>\n<\/ul>\n","protected":false},"excerpt":{"rendered":"<p>En plus de proposer des formations, l\u2019Universit\u00e9 de Haute-Alsace propose une multitude d\u2019activit\u00e9s culturelles, artistiques, sociales et sportives pour se d\u00e9tendre et faire des rencontres apr\u00e8s les cours ! Pour plus d\u2019informations, n\u2019h\u00e9sitez pas \u00e0 vous adresser au Bureau de la Vie \u00c9tudiante, situ\u00e9 \u00e0 la Maison de l\u2019\u00c9tudiant sur le campus Illberg et \u00e0 [&hellip;]<\/p>\n","protected":false},"author":1,"featured_media":0,"parent":0,"menu_order":0,"comment_status":"closed","ping_status":"closed","template":"","meta":{"footnotes":""},"categories":[],"tags":[],"class_list":["post-28","page","type-page","status-publish","hentry"],"yoast_head":"<!-- This site is optimized with the Yoast SEO plugin v27.0 - https:\/\/yoast.com\/product\/yoast-seo-wordpress\/ -->\n<title>Vie \u00e9tudiante - FST - Facult\u00e9 des Sciences et Techniques | Universit\u00e9 de Haute-Alsace<\/title>\n<meta name=\"robots\" content=\"index, follow, max-snippet:-1, max-image-preview:large, max-video-preview:-1\" \/>\n<link rel=\"canonical\" href=\"https:\/\/www.fst.uha.fr\/index.php\/vie-etudiante\/\" \/>\n<meta property=\"og:locale\" content=\"fr_FR\" \/>\n<meta property=\"og:type\" content=\"article\" \/>\n<meta property=\"og:title\" content=\"Vie \u00e9tudiante - FST - Facult\u00e9 des Sciences et Techniques | Universit\u00e9 de Haute-Alsace\" \/>\n<meta property=\"og:description\" content=\"En plus de proposer des formations, l\u2019Universit\u00e9 de Haute-Alsace propose une multitude d\u2019activit\u00e9s culturelles, artistiques, sociales et sportives pour se d\u00e9tendre et faire des rencontres apr\u00e8s les cours ! Pour plus d\u2019informations, n\u2019h\u00e9sitez pas \u00e0 vous adresser au Bureau de la Vie \u00c9tudiante, situ\u00e9 \u00e0 la Maison de l\u2019\u00c9tudiant sur le campus Illberg et \u00e0 [&hellip;]\" \/>\n<meta property=\"og:url\" content=\"https:\/\/www.fst.uha.fr\/index.php\/vie-etudiante\/\" \/>\n<meta property=\"og:site_name\" content=\"FST - Facult\u00e9 des Sciences et Techniques | Universit\u00e9 de Haute-Alsace\" \/>\n<meta property=\"article:modified_time\" content=\"2018-07-11T15:22:24+00:00\" \/>\n<meta property=\"og:image\" content=\"https:\/\/www.fst.uha.fr\/wp-content\/uploads\/2018\/06\/vie-\u00e9tudiante.png\" \/>\n<meta name=\"twitter:card\" content=\"summary_large_image\" \/>\n<script type=\"application\/ld+json\" class=\"yoast-schema-graph\">{\"@context\":\"https:\/\/schema.org\",\"@graph\":[{\"@type\":\"WebPage\",\"@id\":\"https:\/\/www.fst.uha.fr\/index.php\/vie-etudiante\/\",\"url\":\"https:\/\/www.fst.uha.fr\/index.php\/vie-etudiante\/\",\"name\":\"Vie \u00e9tudiante - FST - Facult\u00e9 des Sciences et Techniques | Universit\u00e9 de Haute-Alsace\",\"isPartOf\":{\"@id\":\"https:\/\/www.fst.uha.fr\/#website\"},\"datePublished\":\"2018-04-10T07:37:39+00:00\",\"dateModified\":\"2018-07-11T15:22:24+00:00\",\"breadcrumb\":{\"@id\":\"https:\/\/www.fst.uha.fr\/index.php\/vie-etudiante\/#breadcrumb\"},\"inLanguage\":\"fr-FR\",\"potentialAction\":[{\"@type\":\"ReadAction\",\"target\":[\"https:\/\/www.fst.uha.fr\/index.php\/vie-etudiante\/\"]}]},{\"@type\":\"BreadcrumbList\",\"@id\":\"https:\/\/www.fst.uha.fr\/index.php\/vie-etudiante\/#breadcrumb\",\"itemListElement\":[{\"@type\":\"ListItem\",\"position\":1,\"name\":\"Accueil\",\"item\":\"https:\/\/www.fst.uha.fr\/\"},{\"@type\":\"ListItem\",\"position\":2,\"name\":\"Vie \u00e9tudiante\"}]},{\"@type\":\"WebSite\",\"@id\":\"https:\/\/www.fst.uha.fr\/#website\",\"url\":\"https:\/\/www.fst.uha.fr\/\",\"name\":\"FST - Facult\u00e9 des Sciences et Techniques | Universit\u00e9 de Haute-Alsace\",\"description\":\"Campus Illberg | Universit\u00e9 de Haute-Alsace\",\"potentialAction\":[{\"@type\":\"SearchAction\",\"target\":{\"@type\":\"EntryPoint\",\"urlTemplate\":\"https:\/\/www.fst.uha.fr\/?s={search_term_string}\"},\"query-input\":{\"@type\":\"PropertyValueSpecification\",\"valueRequired\":true,\"valueName\":\"search_term_string\"}}],\"inLanguage\":\"fr-FR\"}]}<\/script>\n<!-- \/ Yoast SEO plugin. -->","yoast_head_json":{"title":"Vie \u00e9tudiante - FST - Facult\u00e9 des Sciences et Techniques | Universit\u00e9 de Haute-Alsace","robots":{"index":"index","follow":"follow","max-snippet":"max-snippet:-1","max-image-preview":"max-image-preview:large","max-video-preview":"max-video-preview:-1"},"canonical":"https:\/\/www.fst.uha.fr\/index.php\/vie-etudiante\/","og_locale":"fr_FR","og_type":"article","og_title":"Vie \u00e9tudiante - FST - Facult\u00e9 des Sciences et Techniques | Universit\u00e9 de Haute-Alsace","og_description":"En plus de proposer des formations, l\u2019Universit\u00e9 de Haute-Alsace propose une multitude d\u2019activit\u00e9s culturelles, artistiques, sociales et sportives pour se d\u00e9tendre et faire des rencontres apr\u00e8s les cours ! Pour plus d\u2019informations, n\u2019h\u00e9sitez pas \u00e0 vous adresser au Bureau de la Vie \u00c9tudiante, situ\u00e9 \u00e0 la Maison de l\u2019\u00c9tudiant sur le campus Illberg et \u00e0 [&hellip;]","og_url":"https:\/\/www.fst.uha.fr\/index.php\/vie-etudiante\/","og_site_name":"FST - Facult\u00e9 des Sciences et Techniques | Universit\u00e9 de Haute-Alsace","article_modified_time":"2018-07-11T15:22:24+00:00","og_image":[{"url":"https:\/\/www.fst.uha.fr\/wp-content\/uploads\/2018\/06\/vie-\u00e9tudiante.png","type":"","width":"","height":""}],"twitter_card":"summary_large_image","schema":{"@context":"https:\/\/schema.org","@graph":[{"@type":"WebPage","@id":"https:\/\/www.fst.uha.fr\/index.php\/vie-etudiante\/","url":"https:\/\/www.fst.uha.fr\/index.php\/vie-etudiante\/","name":"Vie \u00e9tudiante - FST - Facult\u00e9 des Sciences et Techniques | Universit\u00e9 de Haute-Alsace","isPartOf":{"@id":"https:\/\/www.fst.uha.fr\/#website"},"datePublished":"2018-04-10T07:37:39+00:00","dateModified":"2018-07-11T15:22:24+00:00","breadcrumb":{"@id":"https:\/\/www.fst.uha.fr\/index.php\/vie-etudiante\/#breadcrumb"},"inLanguage":"fr-FR","potentialAction":[{"@type":"ReadAction","target":["https:\/\/www.fst.uha.fr\/index.php\/vie-etudiante\/"]}]},{"@type":"BreadcrumbList","@id":"https:\/\/www.fst.uha.fr\/index.php\/vie-etudiante\/#breadcrumb","itemListElement":[{"@type":"ListItem","position":1,"name":"Accueil","item":"https:\/\/www.fst.uha.fr\/"},{"@type":"ListItem","position":2,"name":"Vie \u00e9tudiante"}]},{"@type":"WebSite","@id":"https:\/\/www.fst.uha.fr\/#website","url":"https:\/\/www.fst.uha.fr\/","name":"FST - Facult\u00e9 des Sciences et Techniques | Universit\u00e9 de Haute-Alsace","description":"Campus Illberg | Universit\u00e9 de Haute-Alsace","potentialAction":[{"@type":"SearchAction","target":{"@type":"EntryPoint","urlTemplate":"https:\/\/www.fst.uha.fr\/?s={search_term_string}"},"query-input":{"@type":"PropertyValueSpecification","valueRequired":true,"valueName":"search_term_string"}}],"inLanguage":"fr-FR"}]}},"_links":{"self":[{"href":"https:\/\/www.fst.uha.fr\/index.php\/wp-json\/wp\/v2\/pages\/28","targetHints":{"allow":["GET"]}}],"collection":[{"href":"https:\/\/www.fst.uha.fr\/index.php\/wp-json\/wp\/v2\/pages"}],"about":[{"href":"https:\/\/www.fst.uha.fr\/index.php\/wp-json\/wp\/v2\/types\/page"}],"author":[{"embeddable":true,"href":"https:\/\/www.fst.uha.fr\/index.php\/wp-json\/wp\/v2\/users\/1"}],"replies":[{"embeddable":true,"href":"https:\/\/www.fst.uha.fr\/index.php\/wp-json\/wp\/v2\/comments?post=28"}],"version-history":[{"count":10,"href":"https:\/\/www.fst.uha.fr\/index.php\/wp-json\/wp\/v2\/pages\/28\/revisions"}],"predecessor-version":[{"id":1335,"href":"https:\/\/www.fst.uha.fr\/index.php\/wp-json\/wp\/v2\/pages\/28\/revisions\/1335"}],"wp:attachment":[{"href":"https:\/\/www.fst.uha.fr\/index.php\/wp-json\/wp\/v2\/media?parent=28"}],"wp:term":[{"taxonomy":"category","embeddable":true,"href":"https:\/\/www.fst.uha.fr\/index.php\/wp-json\/wp\/v2\/categories?post=28"},{"taxonomy":"post_tag","embeddable":true,"href":"https:\/\/www.fst.uha.fr\/index.php\/wp-json\/wp\/v2\/tags?post=28"}],"curies":[{"name":"wp","href":"https:\/\/api.w.org\/{rel}","templated":true}]}}