{"id":3875,"date":"2023-12-01T09:05:08","date_gmt":"2023-12-01T08:05:08","guid":{"rendered":"https:\/\/www.fst.uha.fr\/?page_id=3875"},"modified":"2026-03-24T11:40:56","modified_gmt":"2026-03-24T10:40:56","slug":"licence-sciences-de-la-vie-agronomie-agroalimentaire","status":"publish","type":"page","link":"https:\/\/www.fst.uha.fr\/index.php\/formations\/licences\/licence-sciences-de-la-vie-agronomie-agroalimentaire\/","title":{"rendered":"Licence 3 Sciences de la vie &#8211; parcours Agronomie, Agroalimentaire"},"content":{"rendered":"<p><img loading=\"lazy\" decoding=\"async\" class=\"size-full wp-image-2181 aligncenter\" src=\"https:\/\/www.fst.uha.fr\/wp-content\/uploads\/2023\/10\/licence-agronomie-1.jpg\" alt=\"Master STAAE parcours SAQ\" width=\"1170\" height=\"337\" \/><br \/>\n<div class=\"su-row\"><div class=\"su-column su-column-size-3-4\"><div class=\"su-column-inner su-u-clearfix su-u-trim\">\n<h2>Pr\u00e9sentation &amp; objectifs<\/h2>\n<p>La licence sciences de la vie parcours agronomie, agroalimentaire, co-accr\u00e9dit\u00e9e <a href=\"https:\/\/www.uha.fr\/fr\/index.html\" target=\"_blank\" rel=\"noopener\">Universit\u00e9 de Haute-Alsace<\/a> \/ <a href=\"https:\/\/www.unistra.fr\/\" target=\"_blank\" rel=\"noopener\">Universit\u00e9 de Strasbourg<\/a>, permet aux \u00e9tudiants d&rsquo;<strong>acqu\u00e9rir des comp\u00e9tences pluridisciplinaires en qualit\u00e9 et gestion des productions agricoles et agroalimentaires<\/strong>.<\/p>\n<p>La formation est orient\u00e9e vers la <strong>professionnalisation<\/strong> de son contenu. Ainsi, une place pr\u00e9pond\u00e9rante est accord\u00e9e aux vacataires professionnels qui apportent leurs exp\u00e9riences de terrain aux enseignements. Les travaux pratiques, sorties sur le terrain et autres actions en rapport direct avec les entreprises sont privil\u00e9gi\u00e9es. Un stage vient compl\u00e9ter la mise en application des connaissances et des comp\u00e9tences.<\/p>\n<p>La formation d\u00e9veloppe \u00e9galement la <strong>p\u00e9dagogie par projet<\/strong>. Ainsi, de nombreux enseignements sont organis\u00e9s autour d&rsquo;un projet p\u00e9dagogique dans le domaine de l&rsquo;agronomie ou de l&rsquo;alimentaire.<\/p>\n<div class=\"su-row\"><\/div><div class=\"su-column su-column-size-1-2\"><div class=\"su-column-inner su-u-clearfix su-u-trim\"><\/div><\/div>\n<div class=\"su-accordion su-u-trim\">\n<div class=\"su-spoiler su-spoiler-style-fancy su-spoiler-icon-plus-circle su-spoiler-closed\" data-scroll-offset=\"0\" data-anchor-in-url=\"no\"><div class=\"su-spoiler-title\" tabindex=\"0\" role=\"button\"><span class=\"su-spoiler-icon\"><\/span>Admission<\/div><div class=\"su-spoiler-content su-u-clearfix su-u-trim\">\n<p>L\u2019entr\u00e9e en L1 Sciences de la Vie, y compris pour une r\u00e9orientation, est soumise \u00e0 l\u2019inscription sur le portail <a href=\"https:\/\/www.parcoursup.fr\/\" target=\"_blank\" rel=\"noopener\">Parcoursup<\/a>. Les deux premi\u00e8res ann\u00e9es de Licence Sciences de la Vie sont dispens\u00e9es \u00e0 l&rsquo;<a href=\"https:\/\/www.unistra.fr\/\" target=\"_blank\" rel=\"noopener\">Universit\u00e9 de Strasbourg<\/a> (pour les conditions d&rsquo;admission en L1 et\/ou L2, s&rsquo;adresser \u00e0 la Facult\u00e9 des Sciences de la Vie de l&rsquo;UNISTRA).<\/p>\n<p>Admission dans le parcours Agronomie Agroalimentaire :<\/p>\n<ul>\n<li>Pour les candidats r\u00e9sidents en France : via la plateforme <a href=\"https:\/\/ecandidat.uha.fr\/ecandidat\/#!accueilView\" target=\"_blank\" rel=\"noopener\">e-candidat<\/a>.<\/li>\n<li>Pour les candidats r\u00e9sidents de l\u2019UE EEE, Suisse, Monaco et Andorre, et candidats hors proc\u00e9dure CEF : Demande du dossier par mail.<\/li>\n<\/ul>\n<p>Il vous sera n\u00e9cessaire de ma\u00eetriser la langue fran\u00e7aise et d&rsquo;avoir au minimum un niveau B1 en anglais.<\/p>\n<\/div><\/div>\n<div class=\"su-spoiler su-spoiler-style-fancy su-spoiler-icon-plus-circle su-spoiler-closed\" data-scroll-offset=\"0\" data-anchor-in-url=\"no\"><div class=\"su-spoiler-title\" tabindex=\"0\" role=\"button\"><span class=\"su-spoiler-icon\"><\/span>Poursuite d'\u00e9tudes<\/div><div class=\"su-spoiler-content su-u-clearfix su-u-trim\">\n<p>La poursuite d\u2019\u00e9tude pourra se faire , selon le projet professionnel de l\u2019\u00e9tudiant, au sein de diff\u00e9rents masters:<\/p>\n<ul>\n<li>Master Sciences et Technologies de l&rsquo;Agriculture, de l&rsquo;Alimentation et de l&rsquo;Environnement dispens\u00e9 sur le m\u00eame site : Parcours Sciences Alimentaires et Qualit\u00e9 \/ Sciences Agronomiques et Environnementales \/ Viticulture durable \/ \u0152nologie et viticulture (parcours franco-allemand)<\/li>\n<li>Autres masters dans le domaine de l&rsquo;agronomie ou de l&rsquo;agroalimentaire<\/li>\n<li>\u00c9coles d&rsquo;ing\u00e9nieurs<\/li>\n<\/ul>\n<\/div><\/div>\n<div class=\"su-spoiler su-spoiler-style-fancy su-spoiler-icon-plus-circle su-spoiler-closed\" data-scroll-offset=\"0\" data-anchor-in-url=\"no\"><div class=\"su-spoiler-title\" tabindex=\"0\" role=\"button\"><span class=\"su-spoiler-icon\"><\/span>Modalit\u00e9s d'enseignement<\/div><div class=\"su-spoiler-content su-u-clearfix su-u-trim\">\n<p>Chaque semestre comprend des enseignements avec un tronc commun mais \u00e9galement des options au choix \u00e0 chaque semestre dans le domaine de l&rsquo;agronomie et de l&rsquo;alimentaire.<\/p>\n<p>Le tronc commun est compos\u00e9 d&rsquo;enseignements transversaux (statistiques appliqu\u00e9es, anglais, techniques de recherche de stage, recherche documentaire, agroalimentaire, \u00e9conomie, hygi\u00e8ne alimentaire..).<\/p>\n<p>Quant aux options, elles permettent de d\u00e9couvrir l&rsquo;amont et l&rsquo;aval de la production alimentaire, soit de renforcer ses connaissances et comp\u00e9tences dans le domaine de l&rsquo;agronomie ( sciences du sol, phytopathologie) ou de l&rsquo;alimentaire (microbiologie, conservation des aliments). Cette d\u00e9marche permet de vous pr\u00e9parer au mieux pour la poursuite d&rsquo;\u00e9tude en master.<\/p>\n<\/div><\/div>\n<div class=\"su-spoiler su-spoiler-style-fancy su-spoiler-icon-plus-circle su-spoiler-closed\" data-scroll-offset=\"0\" data-anchor-in-url=\"no\"><div class=\"su-spoiler-title\" tabindex=\"0\" role=\"button\"><span class=\"su-spoiler-icon\"><\/span>Programme<\/div><div class=\"su-spoiler-content su-u-clearfix su-u-trim\"> Au cours de cette ann\u00e9e, de nombreuses comp\u00e9tences et savoir-faire seront d\u00e9velopp\u00e9s :<\/p>\n<ul>\n<li>Identifier les r\u00e9glementations sp\u00e9cifiques et mettre en \u0153uvre les principales mesures de pr\u00e9vention en mati\u00e8re d&rsquo;hygi\u00e8ne, de s\u00e9curit\u00e9 et de qualit\u00e9, notamment dans les domaines de la qualit\u00e9 alimentaire et du management de la qualit\u00e9.<\/li>\n<li>Appr\u00e9hender les syst\u00e8mes de productions agricoles afin de pouvoir les g\u00e9rer au mieux dans le respect des organismes et de l&rsquo;environnement.<\/li>\n<li>Comprendre les dangers inh\u00e9rents aux productions agricoles et alimentaires afin de les ma\u00eetriser.<\/li>\n<li>Mobiliser les notions de fili\u00e8res afin de pouvoir traiter les probl\u00e9matiques amont et aval de l&rsquo;alimentation humaine et animale.<\/li>\n<li>D\u00e9velopper une argumentation avec un esprit critique.<\/li>\n<li>Travailler en \u00e9quipe autant qu&rsquo;en autonomie et responsabilit\u00e9 au service d&rsquo;un projet.<\/li>\n<\/ul>\n<p>Pour plus d&rsquo;informations, vous pouvez \u00e9galement consulter la <a href=\"https:\/\/www.fst.uha.fr\/wp-content\/uploads\/2026\/03\/maquette-Licence-SV-parcours-AA-25-26-moodle.pdf\" target=\"_blank\" rel=\"noopener\">maquette de la Licence 3<\/a>.<\/p>\n<\/div><\/div>\n<div class=\"su-spoiler su-spoiler-style-fancy su-spoiler-icon-plus-circle su-spoiler-closed\" data-scroll-offset=\"0\" data-anchor-in-url=\"no\"><div class=\"su-spoiler-title\" tabindex=\"0\" role=\"button\"><span class=\"su-spoiler-icon\"><\/span>Stage et Apprentissage<\/div><div class=\"su-spoiler-content su-u-clearfix su-u-trim\">\n<p>Un stage obligatoire de 9 semaines est \u00e0 r\u00e9aliser \u00e0 la fin de l&rsquo;ann\u00e9e, au semestre 6.<\/p>\n<\/div><\/div>\n<div class=\"su-spoiler su-spoiler-style-fancy su-spoiler-icon-plus-circle su-spoiler-closed\" data-scroll-offset=\"0\" data-anchor-in-url=\"no\"><div class=\"su-spoiler-title\" tabindex=\"0\" role=\"button\"><span class=\"su-spoiler-icon\"><\/span>Ouverture \u00e0 l'international<\/div><div class=\"su-spoiler-content su-u-clearfix su-u-trim\"> Vous pouvez effectuer ce stage de fin d&rsquo;ann\u00e9e \u00e0 l\u2019\u00e9tranger.<br \/>\n<a href=\"https:\/\/www.fst.uha.fr\/index.php\/international\/\">Voir la rubrique Relations internationales<\/a><br \/>\n<\/div><\/div>\n<\/div>\n<\/div><\/div>\n<div class=\"su-column su-column-size-1-4\"><div class=\"su-column-inner su-u-clearfix su-u-trim\">\n<h3><strong>Contact<\/strong><\/h3>\n<p><strong>Responsable<\/strong> : Flore Mazet<br \/>\n<strong>Courriel<\/strong> : <a href=\"mailto:secretariat.agrosciences.fst@uha.fr\">secretariat.agrosciences.fst@uha.fr<\/a><\/p>\n<div class=\"su-divider su-divider-style-default\" style=\"margin:15px 0;border-width:3px;border-color:#999999\"><\/div>\n<h3>Liens utiles<\/h3>\n<p><a href=\"https:\/\/www.fst.uha.fr\/wp-content\/uploads\/2026\/03\/maquette-Licence-SV-parcours-AA-25-26-moodle.pdf\" target=\"_blank\" rel=\"noopener\">Maquette de la licence 3<\/a><\/p>\n<p><a href=\"https:\/\/www.fma.uha.fr\/formations\/licences\/licence-gestion-parcours-marketing\/\">Licence gestion &#8211; parcours marketing<\/a><\/p>\n<p><a href=\"https:\/\/www.fma.uha.fr\/projets-innovation\/trophee-alsacien-de-linnovation-alimentaire\/\">Troph\u00e9e R\u00e9gional d&rsquo;Innovation Alimentaire du Grand Est<\/a><\/p>\n<p><a href=\"http:\/\/eCandidat.uha.fr\" target=\"_blank\" rel=\"noopener\">eCandidat.uha.fr<\/a><\/p>\n<p><a href=\"https:\/\/www.fst.uha.fr\/index.php\/formations\/masters\/master-st2ae-sciences-alimentaires-et-qualite\/\" target=\"_blank\" rel=\"noopener\">Master ST2AE &#8211; parcours Sciences Alimentaires et Qualit\u00e9<\/a><\/p>\n<p><a href=\"https:\/\/www.fst.uha.fr\/index.php\/formations\/masters\/master-st2ae-sciences-agronomiques-et-environnementales\/\" target=\"_blank\" rel=\"noopener\">Master ST2AE &#8211; parcours Sciences Agronomiques et Environnementales<\/a><\/p>\n<p><a href=\"https:\/\/www.fst.uha.fr\/index.php\/formations\/masters\/master-st2ae-viticulture-durable\/\" target=\"_blank\" rel=\"noopener\">Master ST2AE &#8211; parcours Viticulture Durable<\/a><\/p>\n<p><a href=\"https:\/\/www.fst.uha.fr\/index.php\/formations\/masters\/master-st2ae-franco-allemand-oenologie-et-viticulture\/\" target=\"_blank\" rel=\"noopener\">Master ST2AE &#8211; parcours franco-allemand \u0152nologie et viticulture (Move)<\/a><\/p>\n<p><a href=\"https:\/\/sciencesvie.unistra.fr\/\" target=\"_blank\" rel=\"noopener\">Facult\u00e9 des Sciences de la Vie | Universit\u00e9 de Strasbourg<\/a><\/p>\n<p><a href=\"https:\/\/formations.uha.fr\/fr\/catalogue-des-formations-1\/licence-L\/licence-sciences-de-la-vie-L2HQ0A4Z\/\/licence-sciences-de-la-vie-parcours-agronomie-agroalimentaire-l3-L2HQ0AAI.html\" target=\"_blank\" rel=\"noopener\">UHA | Offre de formation<\/a><\/p>\n<p><a href=\"http:\/\/www.uha.fr\/\" target=\"_blank\" rel=\"noopener\">Universit\u00e9 de Haute-Alsace<\/a><\/p>\n<p><a href=\"https:\/\/www.francecompetences.fr\/recherche\/rncp\/39517\/\" target=\"_blank\" rel=\"noopener\">Certification RNCP &#8211; France Comp\u00e9tences\u00a0<\/a><\/p>\n<\/div><\/div><\/div>\n","protected":false},"excerpt":{"rendered":"","protected":false},"author":14,"featured_media":0,"parent":85,"menu_order":0,"comment_status":"closed","ping_status":"closed","template":"","meta":{"footnotes":""},"categories":[],"tags":[],"class_list":["post-3875","page","type-page","status-publish","hentry"],"yoast_head":"<!-- This site is optimized with the Yoast SEO plugin v27.0 - https:\/\/yoast.com\/product\/yoast-seo-wordpress\/ -->\n<title>Licence 3 Sciences de la vie - parcours Agronomie, Agroalimentaire - FST - Facult\u00e9 des Sciences et Techniques | Universit\u00e9 de Haute-Alsace<\/title>\n<meta name=\"robots\" content=\"index, follow, max-snippet:-1, max-image-preview:large, max-video-preview:-1\" \/>\n<link rel=\"canonical\" href=\"https:\/\/www.fst.uha.fr\/index.php\/formations\/licences\/licence-sciences-de-la-vie-agronomie-agroalimentaire\/\" \/>\n<meta property=\"og:locale\" content=\"fr_FR\" \/>\n<meta property=\"og:type\" content=\"article\" \/>\n<meta property=\"og:title\" content=\"Licence 3 Sciences de la vie - parcours Agronomie, Agroalimentaire - FST - Facult\u00e9 des Sciences et Techniques | Universit\u00e9 de Haute-Alsace\" \/>\n<meta property=\"og:url\" content=\"https:\/\/www.fst.uha.fr\/index.php\/formations\/licences\/licence-sciences-de-la-vie-agronomie-agroalimentaire\/\" \/>\n<meta property=\"og:site_name\" content=\"FST - Facult\u00e9 des Sciences et Techniques | Universit\u00e9 de Haute-Alsace\" \/>\n<meta property=\"article:modified_time\" content=\"2026-03-24T10:40:56+00:00\" \/>\n<meta name=\"twitter:card\" content=\"summary_large_image\" \/>\n<meta name=\"twitter:label1\" content=\"Dur\u00e9e de lecture estim\u00e9e\" \/>\n\t<meta name=\"twitter:data1\" content=\"4 minutes\" \/>\n<script type=\"application\/ld+json\" class=\"yoast-schema-graph\">{\"@context\":\"https:\/\/schema.org\",\"@graph\":[{\"@type\":\"WebPage\",\"@id\":\"https:\/\/www.fst.uha.fr\/index.php\/formations\/licences\/licence-sciences-de-la-vie-agronomie-agroalimentaire\/\",\"url\":\"https:\/\/www.fst.uha.fr\/index.php\/formations\/licences\/licence-sciences-de-la-vie-agronomie-agroalimentaire\/\",\"name\":\"Licence 3 Sciences de la vie - parcours Agronomie, Agroalimentaire - FST - Facult\u00e9 des Sciences et Techniques | Universit\u00e9 de Haute-Alsace\",\"isPartOf\":{\"@id\":\"https:\/\/www.fst.uha.fr\/#website\"},\"primaryImageOfPage\":{\"@id\":\"https:\/\/www.fst.uha.fr\/index.php\/formations\/licences\/licence-sciences-de-la-vie-agronomie-agroalimentaire\/#primaryimage\"},\"image\":{\"@id\":\"https:\/\/www.fst.uha.fr\/index.php\/formations\/licences\/licence-sciences-de-la-vie-agronomie-agroalimentaire\/#primaryimage\"},\"thumbnailUrl\":\"https:\/\/www.fst.uha.fr\/wp-content\/uploads\/2023\/10\/licence-agronomie-1.jpg\",\"datePublished\":\"2023-12-01T08:05:08+00:00\",\"dateModified\":\"2026-03-24T10:40:56+00:00\",\"breadcrumb\":{\"@id\":\"https:\/\/www.fst.uha.fr\/index.php\/formations\/licences\/licence-sciences-de-la-vie-agronomie-agroalimentaire\/#breadcrumb\"},\"inLanguage\":\"fr-FR\",\"potentialAction\":[{\"@type\":\"ReadAction\",\"target\":[\"https:\/\/www.fst.uha.fr\/index.php\/formations\/licences\/licence-sciences-de-la-vie-agronomie-agroalimentaire\/\"]}]},{\"@type\":\"ImageObject\",\"inLanguage\":\"fr-FR\",\"@id\":\"https:\/\/www.fst.uha.fr\/index.php\/formations\/licences\/licence-sciences-de-la-vie-agronomie-agroalimentaire\/#primaryimage\",\"url\":\"\",\"contentUrl\":\"\"},{\"@type\":\"BreadcrumbList\",\"@id\":\"https:\/\/www.fst.uha.fr\/index.php\/formations\/licences\/licence-sciences-de-la-vie-agronomie-agroalimentaire\/#breadcrumb\",\"itemListElement\":[{\"@type\":\"ListItem\",\"position\":1,\"name\":\"Accueil\",\"item\":\"https:\/\/www.fst.uha.fr\/\"},{\"@type\":\"ListItem\",\"position\":2,\"name\":\"Nos formations\",\"item\":\"https:\/\/www.fst.uha.fr\/index.php\/formations\/\"},{\"@type\":\"ListItem\",\"position\":3,\"name\":\"Licences\",\"item\":\"https:\/\/www.fst.uha.fr\/index.php\/formations\/licences\/\"},{\"@type\":\"ListItem\",\"position\":4,\"name\":\"Licence 3 Sciences de la vie &#8211; parcours Agronomie, Agroalimentaire\"}]},{\"@type\":\"WebSite\",\"@id\":\"https:\/\/www.fst.uha.fr\/#website\",\"url\":\"https:\/\/www.fst.uha.fr\/\",\"name\":\"FST - Facult\u00e9 des Sciences et Techniques | Universit\u00e9 de Haute-Alsace\",\"description\":\"Campus Illberg | Universit\u00e9 de Haute-Alsace\",\"potentialAction\":[{\"@type\":\"SearchAction\",\"target\":{\"@type\":\"EntryPoint\",\"urlTemplate\":\"https:\/\/www.fst.uha.fr\/?s={search_term_string}\"},\"query-input\":{\"@type\":\"PropertyValueSpecification\",\"valueRequired\":true,\"valueName\":\"search_term_string\"}}],\"inLanguage\":\"fr-FR\"}]}<\/script>\n<!-- \/ Yoast SEO plugin. -->","yoast_head_json":{"title":"Licence 3 Sciences de la vie - parcours Agronomie, Agroalimentaire - FST - Facult\u00e9 des Sciences et Techniques | Universit\u00e9 de Haute-Alsace","robots":{"index":"index","follow":"follow","max-snippet":"max-snippet:-1","max-image-preview":"max-image-preview:large","max-video-preview":"max-video-preview:-1"},"canonical":"https:\/\/www.fst.uha.fr\/index.php\/formations\/licences\/licence-sciences-de-la-vie-agronomie-agroalimentaire\/","og_locale":"fr_FR","og_type":"article","og_title":"Licence 3 Sciences de la vie - parcours Agronomie, Agroalimentaire - FST - Facult\u00e9 des Sciences et Techniques | Universit\u00e9 de Haute-Alsace","og_url":"https:\/\/www.fst.uha.fr\/index.php\/formations\/licences\/licence-sciences-de-la-vie-agronomie-agroalimentaire\/","og_site_name":"FST - Facult\u00e9 des Sciences et Techniques | Universit\u00e9 de Haute-Alsace","article_modified_time":"2026-03-24T10:40:56+00:00","twitter_card":"summary_large_image","twitter_misc":{"Dur\u00e9e de lecture estim\u00e9e":"4 minutes"},"schema":{"@context":"https:\/\/schema.org","@graph":[{"@type":"WebPage","@id":"https:\/\/www.fst.uha.fr\/index.php\/formations\/licences\/licence-sciences-de-la-vie-agronomie-agroalimentaire\/","url":"https:\/\/www.fst.uha.fr\/index.php\/formations\/licences\/licence-sciences-de-la-vie-agronomie-agroalimentaire\/","name":"Licence 3 Sciences de la vie - parcours Agronomie, Agroalimentaire - FST - Facult\u00e9 des Sciences et Techniques | Universit\u00e9 de Haute-Alsace","isPartOf":{"@id":"https:\/\/www.fst.uha.fr\/#website"},"primaryImageOfPage":{"@id":"https:\/\/www.fst.uha.fr\/index.php\/formations\/licences\/licence-sciences-de-la-vie-agronomie-agroalimentaire\/#primaryimage"},"image":{"@id":"https:\/\/www.fst.uha.fr\/index.php\/formations\/licences\/licence-sciences-de-la-vie-agronomie-agroalimentaire\/#primaryimage"},"thumbnailUrl":"https:\/\/www.fst.uha.fr\/wp-content\/uploads\/2023\/10\/licence-agronomie-1.jpg","datePublished":"2023-12-01T08:05:08+00:00","dateModified":"2026-03-24T10:40:56+00:00","breadcrumb":{"@id":"https:\/\/www.fst.uha.fr\/index.php\/formations\/licences\/licence-sciences-de-la-vie-agronomie-agroalimentaire\/#breadcrumb"},"inLanguage":"fr-FR","potentialAction":[{"@type":"ReadAction","target":["https:\/\/www.fst.uha.fr\/index.php\/formations\/licences\/licence-sciences-de-la-vie-agronomie-agroalimentaire\/"]}]},{"@type":"ImageObject","inLanguage":"fr-FR","@id":"https:\/\/www.fst.uha.fr\/index.php\/formations\/licences\/licence-sciences-de-la-vie-agronomie-agroalimentaire\/#primaryimage","url":"","contentUrl":""},{"@type":"BreadcrumbList","@id":"https:\/\/www.fst.uha.fr\/index.php\/formations\/licences\/licence-sciences-de-la-vie-agronomie-agroalimentaire\/#breadcrumb","itemListElement":[{"@type":"ListItem","position":1,"name":"Accueil","item":"https:\/\/www.fst.uha.fr\/"},{"@type":"ListItem","position":2,"name":"Nos formations","item":"https:\/\/www.fst.uha.fr\/index.php\/formations\/"},{"@type":"ListItem","position":3,"name":"Licences","item":"https:\/\/www.fst.uha.fr\/index.php\/formations\/licences\/"},{"@type":"ListItem","position":4,"name":"Licence 3 Sciences de la vie &#8211; parcours Agronomie, Agroalimentaire"}]},{"@type":"WebSite","@id":"https:\/\/www.fst.uha.fr\/#website","url":"https:\/\/www.fst.uha.fr\/","name":"FST - Facult\u00e9 des Sciences et Techniques | Universit\u00e9 de Haute-Alsace","description":"Campus Illberg | Universit\u00e9 de Haute-Alsace","potentialAction":[{"@type":"SearchAction","target":{"@type":"EntryPoint","urlTemplate":"https:\/\/www.fst.uha.fr\/?s={search_term_string}"},"query-input":{"@type":"PropertyValueSpecification","valueRequired":true,"valueName":"search_term_string"}}],"inLanguage":"fr-FR"}]}},"_links":{"self":[{"href":"https:\/\/www.fst.uha.fr\/index.php\/wp-json\/wp\/v2\/pages\/3875","targetHints":{"allow":["GET"]}}],"collection":[{"href":"https:\/\/www.fst.uha.fr\/index.php\/wp-json\/wp\/v2\/pages"}],"about":[{"href":"https:\/\/www.fst.uha.fr\/index.php\/wp-json\/wp\/v2\/types\/page"}],"author":[{"embeddable":true,"href":"https:\/\/www.fst.uha.fr\/index.php\/wp-json\/wp\/v2\/users\/14"}],"replies":[{"embeddable":true,"href":"https:\/\/www.fst.uha.fr\/index.php\/wp-json\/wp\/v2\/comments?post=3875"}],"version-history":[{"count":23,"href":"https:\/\/www.fst.uha.fr\/index.php\/wp-json\/wp\/v2\/pages\/3875\/revisions"}],"predecessor-version":[{"id":4195,"href":"https:\/\/www.fst.uha.fr\/index.php\/wp-json\/wp\/v2\/pages\/3875\/revisions\/4195"}],"up":[{"embeddable":true,"href":"https:\/\/www.fst.uha.fr\/index.php\/wp-json\/wp\/v2\/pages\/85"}],"wp:attachment":[{"href":"https:\/\/www.fst.uha.fr\/index.php\/wp-json\/wp\/v2\/media?parent=3875"}],"wp:term":[{"taxonomy":"category","embeddable":true,"href":"https:\/\/www.fst.uha.fr\/index.php\/wp-json\/wp\/v2\/categories?post=3875"},{"taxonomy":"post_tag","embeddable":true,"href":"https:\/\/www.fst.uha.fr\/index.php\/wp-json\/wp\/v2\/tags?post=3875"}],"curies":[{"name":"wp","href":"https:\/\/api.w.org\/{rel}","templated":true}]}}