{"id":3889,"date":"2023-12-01T09:10:56","date_gmt":"2023-12-01T08:10:56","guid":{"rendered":"https:\/\/www.fst.uha.fr\/?page_id=3889"},"modified":"2025-01-17T11:44:26","modified_gmt":"2025-01-17T10:44:26","slug":"master-st2ae-sciences-agronomiques-et-environnementales","status":"publish","type":"page","link":"https:\/\/www.fst.uha.fr\/index.php\/formations\/masters\/master-st2ae-sciences-agronomiques-et-environnementales\/","title":{"rendered":"Master ST2AE &#8211; parcours Sciences Agronomiques et Environnementales"},"content":{"rendered":"<p><img loading=\"lazy\" decoding=\"async\" class=\"size-full wp-image-2181 aligncenter\" src=\"https:\/\/www.fst.uha.fr\/wp-content\/uploads\/2023\/10\/master-staae-parcours-sae-1.jpg\" alt=\"Master STAAE parcours SAQ\" width=\"1170\" height=\"337\" \/><br \/>\n<div class=\"su-row\"><div class=\"su-column su-column-size-3-4\"><div class=\"su-column-inner su-u-clearfix su-u-trim\">\n<h2>Pr\u00e9sentation &amp; objectifs<\/h2>\n<h3><img loading=\"lazy\" decoding=\"async\" class=\"size-medium wp-image-1476 alignright\" src=\"https:\/\/www.fst.uha.fr\/wp-content\/uploads\/2023\/12\/master-ST2AE-agro-300x265-1.jpg\" alt=\"master ST2AE SAE\" width=\"300\" height=\"265\" \/><\/h3>\n<p>Le master <strong>Sciences et technologies de l&rsquo;agriculture, de l&rsquo;alimentation et de l&rsquo;environnement<\/strong> | ST2AE est une <strong>formation professionnalisante<\/strong> qui permet \u00e0 tous les \u00e9tudiants de pouvoir appr\u00e9hender des probl\u00e9matiques aussi bien en amont qu&rsquo;en aval de la production alimentaire. Deux parcours sont propos\u00e9s en fonction du projet professionnel :<\/p>\n<ul>\n<li><a href=\"https:\/\/www.fst.uha.fr\/index.php\/formations\/masters\/master-st2ae-sciences-agronomiques-et-environnementales\/\" target=\"_blank\" rel=\"noopener\">Parcours Sciences Agronomiques et Environnementales<\/a><\/li>\n<li><a href=\"https:\/\/www.fst.uha.fr\/index.php\/formations\/masters\/master-st2ae-sciences-alimentaires-et-qualite\/\" target=\"_blank\" rel=\"noopener\">Parcours Sciences Alimentaires et Qualit\u00e9.<\/a><\/li>\n<li><a href=\"https:\/\/www.fst.uha.fr\/index.php\/formations\/masters\/master-st2ae-viticulture-durable\/\" target=\"_blank\" rel=\"noopener\">Parcours Viticulture Durable<\/a><\/li>\n<li><a href=\"https:\/\/www.fst.uha.fr\/index.php\/formations\/masters\/master-st2ae-franco-allemand-oenologie-et-viticulture\/\" target=\"_blank\" rel=\"noopener\">Parcours franco-allemand \u0152nologie et Viticulture (MoVE)<\/a><\/li>\n<\/ul>\n<p>Le parcours <strong>Sciences agronomiques et environnementales<\/strong> | SAE vise \u00e0 acqu\u00e9rir des connaissances et des comp\u00e9tences pluridisciplinaires solides en productions agricoles, sur les proc\u00e9d\u00e9s de transformation, la gestion des ressources et sur la ma\u00eetrise de la qualit\u00e9 des produits agricoles en int\u00e9grant les contraintes environnementales et le d\u00e9veloppement durable.<\/p>\n<p>La formation est propos\u00e9e en Formation initiale (FI) ou en alternance (FA).<\/p>\n<p>La <strong>professionnalisation<\/strong> du master s&rsquo;appuie sur :<\/p>\n<ul>\n<li>L&rsquo;intervention de nombreux professionnels, soit pour des conf\u00e9rences ponctuelles, soit pour des enseignements plus complets<\/li>\n<li>Des travaux pratiques en salle<\/li>\n<li>Des visites d&rsquo;entreprises<\/li>\n<li>Des applications concr\u00e8tes en entreprises<\/li>\n<li>Un projet tutor\u00e9 qui r\u00e9pond \u00e0 une commande d&rsquo;entreprise<\/li>\n<li>Un stage de 6 mois en FI<\/li>\n<\/ul>\n<p>L\u2019<strong>apprentissage par projet<\/strong> est un aspect important de la formation. En effet, les \u00e9tudiants se retrouvent dans des conditions proches de celles qu\u2019ils pourront trouver dans le monde professionnel (entreprise, laboratoire, organisme public). Durant un an, ils se pr\u00eatent au jeu d\u2019une soci\u00e9t\u00e9 de service, analysent une probl\u00e9matique pos\u00e9e par un organisme ext\u00e9rieur et y apportent des r\u00e9ponses. Cette mise en situation professionnelle permet de d\u00e9velopper des comp\u00e9tences critiques, organisationnelles et relationnelles.<\/p>\n<div class=\"su-accordion su-u-trim\">\n<div class=\"su-spoiler su-spoiler-style-fancy su-spoiler-icon-plus-circle su-spoiler-closed\" data-scroll-offset=\"0\" data-anchor-in-url=\"no\"><div class=\"su-spoiler-title\" tabindex=\"0\" role=\"button\"><span class=\"su-spoiler-icon\"><\/span>Admission<\/div><div class=\"su-spoiler-content su-u-clearfix su-u-trim\">\n<p><strong>Pour int\u00e9grer la premi\u00e8re ann\u00e9e de Master<\/strong> : D\u00e9p\u00f4t des candidatures sur la plateforme <a href=\"https:\/\/www.monmaster.gouv.fr\" target=\"_blank\" rel=\"noopener\">Mon Master<\/a>.<\/p>\n<p>Vous devez \u00eatre titulaire d&rsquo;un dipl\u00f4me Bac+3 ou \u00e9quivalent dans le domaine de la biologie, de l&rsquo;agroalimentaire ou de l&rsquo;environnement.\u00a0 Il vous sera n\u00e9cessaire d&rsquo;avoir des connaissances scientifiques g\u00e9n\u00e9rales, biologiques en particulier. De plus des connaissances en biologie v\u00e9g\u00e9tale et les bases de l&rsquo;agronomie vous seront demander.<\/p>\n<p>Pour les \u00e9tudiants de nationalit\u00e9 \u00e9trang\u00e8re, il sera demander de justifier un niveau de fran\u00e7ais attest\u00e9 B2\/C1<\/p>\n<p>Le recrutement en FA n\u00e9cessite l&rsquo;obtention d&rsquo;un contrat d&rsquo;apprentissage ou de professionnalisation.<\/p>\n<p>En Formation initiale (FI), la capacit\u00e9 d&rsquo;accueil est de 20 \u00e9tudiants. Elle est de 10 \u00e9tudiants pour la formation en alternance (FA).<\/p>\n<\/div><\/div>\n<div class=\"su-spoiler su-spoiler-style-fancy su-spoiler-icon-plus-circle su-spoiler-closed\" data-scroll-offset=\"0\" data-anchor-in-url=\"no\"><div class=\"su-spoiler-title\" tabindex=\"0\" role=\"button\"><span class=\"su-spoiler-icon\"><\/span>Insertion professionnelle<\/div><div class=\"su-spoiler-content su-u-clearfix su-u-trim\">\n<p>Cadres d&rsquo;entreprises alimentaires, de soci\u00e9t\u00e9s de conseil, d&rsquo;instituts publics ou priv\u00e9s, d&rsquo;associations :<\/p>\n<ul>\n<li>Animateur agricole<\/li>\n<li>Conseiller en agriculture<\/li>\n<li>Charg\u00e9 de mission en agriculture<\/li>\n<li>Charg\u00e9 d&rsquo;\u00e9tudes en d\u00e9veloppement agricole<\/li>\n<li>Charg\u00e9 d&rsquo;\u00e9tudes en agroenvironnement<\/li>\n<li>Charg\u00e9 d&rsquo;exp\u00e9rimentation agricole<\/li>\n<\/ul>\n<p>Le Master ST2AE \u2013 parcours Sciences Alimentaires et Qualit\u00e9 vous permet \u00e9galement de postuler pour une th\u00e8se de doctorat. Pour plus d&rsquo;infos sur <a href=\"https:\/\/www.fst.uha.fr\/index.php\/recherche\/\" target=\"_blank\" rel=\"noopener\">la recherche \u00e0 la FST<\/a>.<\/p>\n<\/div><\/div>\n<div class=\"su-spoiler su-spoiler-style-fancy su-spoiler-icon-plus-circle su-spoiler-closed\" data-scroll-offset=\"0\" data-anchor-in-url=\"no\"><div class=\"su-spoiler-title\" tabindex=\"0\" role=\"button\"><span class=\"su-spoiler-icon\"><\/span>Modalit\u00e9s d'enseignement<\/div><div class=\"su-spoiler-content su-u-clearfix su-u-trim\">Les enseignements dispens\u00e9s dans le parcours Sciences Agronomiques et Environnementales du Master ST2AE\u00a0 sont r\u00e9partis entre UE fondamentales, transversales et \u00e0 ouverture professionnelle, avec un d\u00e9veloppement progressif des comp\u00e9tences au cours de la formation.<\/p>\n<p>Les enseignements vous sont d\u00e9livr\u00e9s par des enseignants chercheurs ou des professionnels. Ses enseignements fondamentaux pluridisciplinaires sont sous la forme de cours magistraux (CM), de travaux dirig\u00e9s (TD) ou de travaux pratiques (TP). A cela s&rsquo;ajoutent des visites sur le terrain, en entreprises. Les fondamentaux abord\u00e9s tourneront autour de ses th\u00e9matiques :<\/p>\n<ul>\n<li>Agriculture et environnement<\/li>\n<li>Viticulture et \u0153nologie<\/li>\n<li>Syst\u00e8mes de culture<\/li>\n<li>Gestion des ressources<\/li>\n<li>Sciences du sol<\/li>\n<li>\u00c9conomie agricole<\/li>\n<li>Biotechnologies<\/li>\n<li>Qualit\u00e9<\/li>\n<li>Marketing<\/li>\n<li>Anglais<\/li>\n<\/ul>\n<p>Un projet d&rsquo;\u00e9tude en partenariat avec une entreprise est r\u00e9alis\u00e9 par groupes sur les deux ann\u00e9es de Master (S2 et S3 en FI).<br \/>\nUn stage obligatoire de 6 mois est r\u00e9alis\u00e9 au cours du 2\u00e8me semestre de master 2 (FI).<\/p>\n<\/div><\/div>\n<div class=\"su-spoiler su-spoiler-style-fancy su-spoiler-icon-plus-circle su-spoiler-closed\" data-scroll-offset=\"0\" data-anchor-in-url=\"no\"><div class=\"su-spoiler-title\" tabindex=\"0\" role=\"button\"><span class=\"su-spoiler-icon\"><\/span>Programme<\/div><div class=\"su-spoiler-content su-u-clearfix su-u-trim\">Les enseignements dispens\u00e9s dans le parcours Sciences Agronomiques et Environnementales du Master ST2AE\u00a0 sont r\u00e9partis entre UE fondamentales, transversales et \u00e0 ouverture professionnelle, avec un d\u00e9veloppement progressif des comp\u00e9tences au cours de la formation.<\/p>\n<p><strong>Comp\u00e9tences disciplinaires :<\/strong><\/p>\n<ul>\n<li>Concevoir des itin\u00e9raires culturaux int\u00e9grant les exigences environnementales dans une perspective de d\u00e9veloppement durable<\/li>\n<li>Savoir utiliser les m\u00e9thodologies et les outils d&rsquo;\u00e9valuation et de suivi d&rsquo;impacts de l&rsquo;agriculture sur l&rsquo;environnement et le territoire<\/li>\n<li>Comprendre les fonctions du sol vis-\u00e0-vis de l&rsquo;agriculture et de l&rsquo;environnement<\/li>\n<li>Conna\u00eetre les caract\u00e9ristiques des produits phytosanitaires dans le sol<\/li>\n<li>Conna\u00eetre les notions de droit de l&rsquo;environnement<\/li>\n<\/ul>\n<p><strong>Comp\u00e9tences transversales et professionnelles :<\/strong><\/p>\n<ul>\n<li>\u00catre capable de comprendre et d&rsquo;analyser le fonctionnement d&rsquo;une entreprise<\/li>\n<li>Travailler en \u00e9quipe, autant qu&rsquo;en autonomie et responsabilit\u00e9 au service d&rsquo;un projet<\/li>\n<\/ul>\n<\/div><\/div>\n<div class=\"su-spoiler su-spoiler-style-fancy su-spoiler-icon-plus-circle su-spoiler-closed\" data-scroll-offset=\"0\" data-anchor-in-url=\"no\"><div class=\"su-spoiler-title\" tabindex=\"0\" role=\"button\"><span class=\"su-spoiler-icon\"><\/span>Stage et Apprentissage<\/div><div class=\"su-spoiler-content su-u-clearfix su-u-trim\">\n<p>En formation initiale (FI), un stage obligatoire de 6 mois est r\u00e9alis\u00e9 au cours du 2\u00e8me semestre de master 2.<\/p>\n<\/div><\/div>\n<div class=\"su-spoiler su-spoiler-style-fancy su-spoiler-icon-plus-circle su-spoiler-closed\" data-scroll-offset=\"0\" data-anchor-in-url=\"no\"><div class=\"su-spoiler-title\" tabindex=\"0\" role=\"button\"><span class=\"su-spoiler-icon\"><\/span>Ouverture \u00e0 l'international<\/div><div class=\"su-spoiler-content su-u-clearfix su-u-trim\"> En FI, ce stage peut \u00eatre effectu\u00e9 \u00e0 l\u2019\u00e9tranger.<br \/>\n<a href=\"https:\/\/www.fst.uha.fr\/index.php\/international\/\">Voir la rubrique Relations internationales<\/a><br \/>\n<\/div><\/div>\n<\/div>\n<\/div><\/div>\n<div class=\"su-column su-column-size-1-4\"><div class=\"su-column-inner su-u-clearfix su-u-trim\">\n<h3><strong>Contact<\/strong><\/h3>\n<p><strong>Responsable<\/strong> : Isabelle SOUSTRE-GACOUGNOLLE<br \/>\n<strong>Courriel<\/strong> : <a href=\"mailto:secretariat.agrosciences.fst@uha.fr\">secretariat.agrosciences.fst@uha.fr<\/a><\/p>\n<div class=\"su-divider su-divider-style-default\" style=\"margin:15px 0;border-width:3px;border-color:#999999\"><\/div>\n<h3>Liens utiles<\/h3>\n<div class=\"su-list\" style=\"margin-left:0px\"><\/div>\n<ul>\n<li><a href=\"https:\/\/www.monmaster.gouv.fr\/\" target=\"_blank\" rel=\"noopener\">Portail national des masters<\/a><\/li>\n<li><a href=\"https:\/\/formations.uha.fr\/fr\/catalogue-des-formations-1\/master-M\/master-sciences-et-technologies-de-l-agriculture-de-l-alimentation-et-de-l-environnement-L45FMGMP\/master-st-aae-parcours-sciences-alimentaires-et-qualite-L45FMHML.html\" target=\"_blank\" rel=\"noopener\">UHA | Offre de formation<\/a><\/li>\n<li><a href=\"https:\/\/www.fst.uha.fr\/wp-content\/uploads\/2025\/01\/Plaquette-STAAE-SAE.pdf\" target=\"_blank\" rel=\"noopener\">Plaquette du Master ST2AE - parcours Sciences Agronomiques et Environnementales<\/a><\/li>\n<li><a href=\"http:\/\/www.uha.fr\/\" target=\"_blank\" rel=\"noopener\">Universit\u00e9 de Haute-Alsace<\/a><\/li>\n<li><a href=\"https:\/\/www.francecompetences.fr\/recherche\/rncp\/39195\/\">Certification RNCP - France Comp\u00e9tences\u00a0<\/a><\/li>\n<\/ul>\n<\/div><\/div><\/div>\n","protected":false},"excerpt":{"rendered":"","protected":false},"author":14,"featured_media":0,"parent":92,"menu_order":0,"comment_status":"closed","ping_status":"closed","template":"","meta":{"footnotes":""},"categories":[],"tags":[],"class_list":["post-3889","page","type-page","status-publish","hentry"],"yoast_head":"<!-- This site is optimized with the Yoast SEO plugin v27.0 - https:\/\/yoast.com\/product\/yoast-seo-wordpress\/ -->\n<title>Master ST2AE - parcours Sciences Agronomiques et Environnementales - FST - Facult\u00e9 des Sciences et Techniques | Universit\u00e9 de Haute-Alsace<\/title>\n<meta name=\"robots\" content=\"index, follow, max-snippet:-1, max-image-preview:large, max-video-preview:-1\" \/>\n<link rel=\"canonical\" href=\"https:\/\/www.fst.uha.fr\/index.php\/formations\/masters\/master-st2ae-sciences-agronomiques-et-environnementales\/\" \/>\n<meta property=\"og:locale\" content=\"fr_FR\" \/>\n<meta property=\"og:type\" content=\"article\" \/>\n<meta property=\"og:title\" content=\"Master ST2AE - parcours Sciences Agronomiques et Environnementales - FST - Facult\u00e9 des Sciences et Techniques | Universit\u00e9 de Haute-Alsace\" \/>\n<meta property=\"og:url\" content=\"https:\/\/www.fst.uha.fr\/index.php\/formations\/masters\/master-st2ae-sciences-agronomiques-et-environnementales\/\" \/>\n<meta property=\"og:site_name\" content=\"FST - Facult\u00e9 des Sciences et Techniques | Universit\u00e9 de Haute-Alsace\" \/>\n<meta property=\"article:modified_time\" content=\"2025-01-17T10:44:26+00:00\" \/>\n<meta name=\"twitter:card\" content=\"summary_large_image\" \/>\n<meta name=\"twitter:label1\" content=\"Dur\u00e9e de lecture estim\u00e9e\" \/>\n\t<meta name=\"twitter:data1\" content=\"5 minutes\" \/>\n<script type=\"application\/ld+json\" class=\"yoast-schema-graph\">{\"@context\":\"https:\/\/schema.org\",\"@graph\":[{\"@type\":\"WebPage\",\"@id\":\"https:\/\/www.fst.uha.fr\/index.php\/formations\/masters\/master-st2ae-sciences-agronomiques-et-environnementales\/\",\"url\":\"https:\/\/www.fst.uha.fr\/index.php\/formations\/masters\/master-st2ae-sciences-agronomiques-et-environnementales\/\",\"name\":\"Master ST2AE - parcours Sciences Agronomiques et Environnementales - FST - Facult\u00e9 des Sciences et Techniques | Universit\u00e9 de Haute-Alsace\",\"isPartOf\":{\"@id\":\"https:\/\/www.fst.uha.fr\/#website\"},\"primaryImageOfPage\":{\"@id\":\"https:\/\/www.fst.uha.fr\/index.php\/formations\/masters\/master-st2ae-sciences-agronomiques-et-environnementales\/#primaryimage\"},\"image\":{\"@id\":\"https:\/\/www.fst.uha.fr\/index.php\/formations\/masters\/master-st2ae-sciences-agronomiques-et-environnementales\/#primaryimage\"},\"thumbnailUrl\":\"https:\/\/www.fst.uha.fr\/wp-content\/uploads\/2023\/10\/master-staae-parcours-sae-1.jpg\",\"datePublished\":\"2023-12-01T08:10:56+00:00\",\"dateModified\":\"2025-01-17T10:44:26+00:00\",\"breadcrumb\":{\"@id\":\"https:\/\/www.fst.uha.fr\/index.php\/formations\/masters\/master-st2ae-sciences-agronomiques-et-environnementales\/#breadcrumb\"},\"inLanguage\":\"fr-FR\",\"potentialAction\":[{\"@type\":\"ReadAction\",\"target\":[\"https:\/\/www.fst.uha.fr\/index.php\/formations\/masters\/master-st2ae-sciences-agronomiques-et-environnementales\/\"]}]},{\"@type\":\"ImageObject\",\"inLanguage\":\"fr-FR\",\"@id\":\"https:\/\/www.fst.uha.fr\/index.php\/formations\/masters\/master-st2ae-sciences-agronomiques-et-environnementales\/#primaryimage\",\"url\":\"\",\"contentUrl\":\"\"},{\"@type\":\"BreadcrumbList\",\"@id\":\"https:\/\/www.fst.uha.fr\/index.php\/formations\/masters\/master-st2ae-sciences-agronomiques-et-environnementales\/#breadcrumb\",\"itemListElement\":[{\"@type\":\"ListItem\",\"position\":1,\"name\":\"Accueil\",\"item\":\"https:\/\/www.fst.uha.fr\/\"},{\"@type\":\"ListItem\",\"position\":2,\"name\":\"Nos formations\",\"item\":\"https:\/\/www.fst.uha.fr\/index.php\/formations\/\"},{\"@type\":\"ListItem\",\"position\":3,\"name\":\"Masters\",\"item\":\"https:\/\/www.fst.uha.fr\/index.php\/formations\/masters\/\"},{\"@type\":\"ListItem\",\"position\":4,\"name\":\"Master ST2AE &#8211; parcours Sciences Agronomiques et Environnementales\"}]},{\"@type\":\"WebSite\",\"@id\":\"https:\/\/www.fst.uha.fr\/#website\",\"url\":\"https:\/\/www.fst.uha.fr\/\",\"name\":\"FST - Facult\u00e9 des Sciences et Techniques | Universit\u00e9 de Haute-Alsace\",\"description\":\"Campus Illberg | Universit\u00e9 de Haute-Alsace\",\"potentialAction\":[{\"@type\":\"SearchAction\",\"target\":{\"@type\":\"EntryPoint\",\"urlTemplate\":\"https:\/\/www.fst.uha.fr\/?s={search_term_string}\"},\"query-input\":{\"@type\":\"PropertyValueSpecification\",\"valueRequired\":true,\"valueName\":\"search_term_string\"}}],\"inLanguage\":\"fr-FR\"}]}<\/script>\n<!-- \/ Yoast SEO plugin. -->","yoast_head_json":{"title":"Master ST2AE - parcours Sciences Agronomiques et Environnementales - FST - Facult\u00e9 des Sciences et Techniques | Universit\u00e9 de Haute-Alsace","robots":{"index":"index","follow":"follow","max-snippet":"max-snippet:-1","max-image-preview":"max-image-preview:large","max-video-preview":"max-video-preview:-1"},"canonical":"https:\/\/www.fst.uha.fr\/index.php\/formations\/masters\/master-st2ae-sciences-agronomiques-et-environnementales\/","og_locale":"fr_FR","og_type":"article","og_title":"Master ST2AE - parcours Sciences Agronomiques et Environnementales - FST - Facult\u00e9 des Sciences et Techniques | Universit\u00e9 de Haute-Alsace","og_url":"https:\/\/www.fst.uha.fr\/index.php\/formations\/masters\/master-st2ae-sciences-agronomiques-et-environnementales\/","og_site_name":"FST - Facult\u00e9 des Sciences et Techniques | Universit\u00e9 de Haute-Alsace","article_modified_time":"2025-01-17T10:44:26+00:00","twitter_card":"summary_large_image","twitter_misc":{"Dur\u00e9e de lecture estim\u00e9e":"5 minutes"},"schema":{"@context":"https:\/\/schema.org","@graph":[{"@type":"WebPage","@id":"https:\/\/www.fst.uha.fr\/index.php\/formations\/masters\/master-st2ae-sciences-agronomiques-et-environnementales\/","url":"https:\/\/www.fst.uha.fr\/index.php\/formations\/masters\/master-st2ae-sciences-agronomiques-et-environnementales\/","name":"Master ST2AE - parcours Sciences Agronomiques et Environnementales - FST - Facult\u00e9 des Sciences et Techniques | Universit\u00e9 de Haute-Alsace","isPartOf":{"@id":"https:\/\/www.fst.uha.fr\/#website"},"primaryImageOfPage":{"@id":"https:\/\/www.fst.uha.fr\/index.php\/formations\/masters\/master-st2ae-sciences-agronomiques-et-environnementales\/#primaryimage"},"image":{"@id":"https:\/\/www.fst.uha.fr\/index.php\/formations\/masters\/master-st2ae-sciences-agronomiques-et-environnementales\/#primaryimage"},"thumbnailUrl":"https:\/\/www.fst.uha.fr\/wp-content\/uploads\/2023\/10\/master-staae-parcours-sae-1.jpg","datePublished":"2023-12-01T08:10:56+00:00","dateModified":"2025-01-17T10:44:26+00:00","breadcrumb":{"@id":"https:\/\/www.fst.uha.fr\/index.php\/formations\/masters\/master-st2ae-sciences-agronomiques-et-environnementales\/#breadcrumb"},"inLanguage":"fr-FR","potentialAction":[{"@type":"ReadAction","target":["https:\/\/www.fst.uha.fr\/index.php\/formations\/masters\/master-st2ae-sciences-agronomiques-et-environnementales\/"]}]},{"@type":"ImageObject","inLanguage":"fr-FR","@id":"https:\/\/www.fst.uha.fr\/index.php\/formations\/masters\/master-st2ae-sciences-agronomiques-et-environnementales\/#primaryimage","url":"","contentUrl":""},{"@type":"BreadcrumbList","@id":"https:\/\/www.fst.uha.fr\/index.php\/formations\/masters\/master-st2ae-sciences-agronomiques-et-environnementales\/#breadcrumb","itemListElement":[{"@type":"ListItem","position":1,"name":"Accueil","item":"https:\/\/www.fst.uha.fr\/"},{"@type":"ListItem","position":2,"name":"Nos formations","item":"https:\/\/www.fst.uha.fr\/index.php\/formations\/"},{"@type":"ListItem","position":3,"name":"Masters","item":"https:\/\/www.fst.uha.fr\/index.php\/formations\/masters\/"},{"@type":"ListItem","position":4,"name":"Master ST2AE &#8211; parcours Sciences Agronomiques et Environnementales"}]},{"@type":"WebSite","@id":"https:\/\/www.fst.uha.fr\/#website","url":"https:\/\/www.fst.uha.fr\/","name":"FST - Facult\u00e9 des Sciences et Techniques | Universit\u00e9 de Haute-Alsace","description":"Campus Illberg | Universit\u00e9 de Haute-Alsace","potentialAction":[{"@type":"SearchAction","target":{"@type":"EntryPoint","urlTemplate":"https:\/\/www.fst.uha.fr\/?s={search_term_string}"},"query-input":{"@type":"PropertyValueSpecification","valueRequired":true,"valueName":"search_term_string"}}],"inLanguage":"fr-FR"}]}},"_links":{"self":[{"href":"https:\/\/www.fst.uha.fr\/index.php\/wp-json\/wp\/v2\/pages\/3889","targetHints":{"allow":["GET"]}}],"collection":[{"href":"https:\/\/www.fst.uha.fr\/index.php\/wp-json\/wp\/v2\/pages"}],"about":[{"href":"https:\/\/www.fst.uha.fr\/index.php\/wp-json\/wp\/v2\/types\/page"}],"author":[{"embeddable":true,"href":"https:\/\/www.fst.uha.fr\/index.php\/wp-json\/wp\/v2\/users\/14"}],"replies":[{"embeddable":true,"href":"https:\/\/www.fst.uha.fr\/index.php\/wp-json\/wp\/v2\/comments?post=3889"}],"version-history":[{"count":27,"href":"https:\/\/www.fst.uha.fr\/index.php\/wp-json\/wp\/v2\/pages\/3889\/revisions"}],"predecessor-version":[{"id":4906,"href":"https:\/\/www.fst.uha.fr\/index.php\/wp-json\/wp\/v2\/pages\/3889\/revisions\/4906"}],"up":[{"embeddable":true,"href":"https:\/\/www.fst.uha.fr\/index.php\/wp-json\/wp\/v2\/pages\/92"}],"wp:attachment":[{"href":"https:\/\/www.fst.uha.fr\/index.php\/wp-json\/wp\/v2\/media?parent=3889"}],"wp:term":[{"taxonomy":"category","embeddable":true,"href":"https:\/\/www.fst.uha.fr\/index.php\/wp-json\/wp\/v2\/categories?post=3889"},{"taxonomy":"post_tag","embeddable":true,"href":"https:\/\/www.fst.uha.fr\/index.php\/wp-json\/wp\/v2\/tags?post=3889"}],"curies":[{"name":"wp","href":"https:\/\/api.w.org\/{rel}","templated":true}]}}