{"id":3998,"date":"2023-12-01T10:27:27","date_gmt":"2023-12-01T09:27:27","guid":{"rendered":"https:\/\/www.fst.uha.fr\/?page_id=3998"},"modified":"2024-06-19T10:46:08","modified_gmt":"2024-06-19T08:46:08","slug":"campus-des-metiers-et-des-qualifications","status":"publish","type":"page","link":"https:\/\/www.fst.uha.fr\/index.php\/campus-des-metiers-et-des-qualifications\/","title":{"rendered":"Campus des m\u00e9tiers et des qualifications agroalimentaire d\u2019excellence Grand Est"},"content":{"rendered":"<p>&nbsp;<\/p>\n<p><img loading=\"lazy\" decoding=\"async\" class=\"alignnone wp-image-2555 size-full\" src=\"https:\/\/www.fma.uha.fr\/wp-content\/uploads\/2021\/06\/cmqa.jpg\" alt=\"CMQA\" width=\"1170\" height=\"337\" \/><\/p>\n<p>Le Campus des M\u00e9tiers et des Qualifications Agroalimentaire Grand Est a \u00e9t\u00e9 labellis\u00e9 en f\u00e9vrier 2017, puis <strong>re-labellis\u00e9 en Campus d&rsquo;Excellence en 2022<\/strong> pour 3 ans. Ce campus des m\u00e9tiers, le deuxi\u00e8me en Alsace apr\u00e8s celui consacr\u00e9 \u00e0 l\u2019\u00e9coconstruction et l\u2019efficacit\u00e9 \u00e9nerg\u00e9tique dans le b\u00e2timent, vise \u00e0 structurer un r\u00e9seau d\u2019acteurs de la formation initiale et continue pour renforcer l\u2019attractivit\u00e9 des formations et des fili\u00e8res en lien avec l\u2019agroalimentaire.<\/p>\n<p>Port\u00e9 par le Conseil r\u00e9gional <a href=\"https:\/\/www.grandest.fr\/\" target=\"_blank\" rel=\"noopener\">Grand Est<\/a>, l\u2019<a href=\"https:\/\/www.ac-strasbourg.fr\/\" target=\"_blank\" rel=\"noopener\">Acad\u00e9mie de Strasbourg<\/a>, la Direction R\u00e9gionale de l&rsquo;Alimentation de l&rsquo;Agriculture et de la For\u00eat (<a href=\"https:\/\/draaf.grand-est.agriculture.gouv.fr\/\" target=\"_blank\" rel=\"noopener\">DRAAF<\/a>) Grand Est et l\u2019Association R\u00e9gionale des Industries Alimentaires de la Lorraine (AGRIA Grand Est), l\u2019Universit\u00e9 de Haute-Alsace est l\u2019\u00e9tablissement support du campus par l\u2019interm\u00e9diaire de la Facult\u00e9 de Marketing et d\u2019Agrosciences de Colmar.<\/p>\n<p>Les principaux acteurs du campus sont des \u00e9tablissements de l&rsquo;\u00c9ducation nationale (lyc\u00e9es Lavoisier \u00e0 Mulhouse, Blaise-Pascal \u00e0 Colmar, Aristide Briand \u00e0 Schilitigheim, Jean Rostand \u00e0 Strasbourg et Paul-\u00c9mile Victor \u00e0 Obernai,&#8230;), de l&rsquo;enseignement agricole (l\u2019\u00e9tablissement Public Local d&rsquo;Enseignement et de Formation Professionnelle Agricole Les Sillons de Haute-Alsace, le Lyc\u00e9e Agricole d&rsquo;Obernai, le lyc\u00e9e agricole de Bar le Duc, le lyc\u00e9e agricole de Pix\u00e9r\u00e9court&#8230;), des CFA (Marcel Rudloff, Roosevelt, <a href=\"http:\/\/www.cfau.fr\/\" target=\"_blank\" rel=\"noopener\">CFAU<\/a>) et des \u00e9tablissements de l&rsquo;enseignement sup\u00e9rieur (<a href=\"https:\/\/www.iutcolmar.uha.fr\/\" target=\"_blank\" rel=\"noopener\">IUT de Colmar<\/a>, <a href=\"https:\/\/iutlps.unistra.fr\/iut\/accueil.html\" target=\"_blank\" rel=\"noopener\">IUT de Schiltigheim<\/a>, l&rsquo;<a href=\"https:\/\/ensaia.univ-lorraine.fr\/\" target=\"_blank\" rel=\"noopener\">ENSAIA<\/a> \u00e0 Nancy, In&amp;Ma \u00e0 Ch\u00e2lons-en-Champagne\u2026). Sont \u00e9galement membres de ce campus des acteurs de la recherche comme l&rsquo;Institut Pluridisciplinaire Hubert Curien (<a href=\"http:\/\/www.iphc.cnrs.fr\/\" target=\"_blank\" rel=\"noopener\">IPHC<\/a>), le Laboratoire Vigne, Biotechnologies et Environnement (<a href=\"https:\/\/www.lvbe.uha.fr\/\" target=\"_blank\" rel=\"noopener\">LVBE<\/a>) de l&rsquo;UHA, le <a href=\"https:\/\/www.aerial-crt.com\/\" target=\"_blank\" rel=\"noopener\">CRT\/ITAI A\u00e9rial<\/a>, la DIRECCTE, l&rsquo;OCAPIAT et des professionnels du monde de l&rsquo;agroalimentaire.<\/p>\n<div class=\"su-accordion su-u-trim\"><div class=\"su-spoiler su-spoiler-style-fancy su-spoiler-icon-plus su-spoiler-closed\" data-scroll-offset=\"0\" data-anchor-in-url=\"no\"><div class=\"su-spoiler-title\" tabindex=\"0\" role=\"button\"><span class=\"su-spoiler-icon\"><\/span>Actions de promotions des m\u00e9tiers et des formations<\/div><div class=\"su-spoiler-content su-u-clearfix su-u-trim\">\n<p>Le CMQ organise des sessions de sensibilisation aux m\u00e9tiers et formations de l\u2019agroalimentaire \u00e0 destination d\u2019\u00e9l\u00e8ves de lyc\u00e9es de s\u00e9rie g\u00e9n\u00e9rale, technologique et professionnelle. Il est \u00e9galement pr\u00e9sent sur les salons d\u2019orientation r\u00e9gionaux comme le Salon Formation Emploi Alsace et la Journ\u00e9e des Carri\u00e8res. Par ailleurs, il organise des Food Tour \u00c9ducatif, dont le but est de permettre \u00e0 une classe de coll\u00e9giens de visiter sur une journ\u00e9e plusieurs industries agroalimentaires. Enfin, il a d\u00e9ploy\u00e9 un serious game de mise en situation de fonctionnement d\u2019une mini-usine de cr\u00eapes, l\u2019outil \u00ab Une industrie dans ma classe \u00bb qui permet \u00e0 une vingtaine d\u2019\u00e9l\u00e8ves d\u2019incarner diff\u00e9rents services d\u2019une industrie afin de r\u00e9pondre \u00e0 la commande fictive d\u2019une quinzaine de clients. Depuis 2021, le CMQ d\u00e9ploie \u00e9galement un outil de promotion des m\u00e9tiers en VR \u00e0 destination des \u00e9l\u00e8ves de coll\u00e8ge &amp; lyc\u00e9e; cet outil permet d&rsquo;explorer le m\u00e9tier de conducteur de ligne en industrie alimentaire. En 2023, le CMQ explore une autre technologie, les vid\u00e9os et photos 360 pour proposer des immersions virtuelles dans des espaces industriels.<\/p>\n<\/div><\/div>\n<div class=\"su-spoiler su-spoiler-style-fancy su-spoiler-icon-plus su-spoiler-closed\" data-scroll-offset=\"0\" data-anchor-in-url=\"no\"><div class=\"su-spoiler-title\" tabindex=\"0\" role=\"button\"><span class=\"su-spoiler-icon\"><\/span>Actions de r\u00e9ponses aux besoins de qualification du tissu \u00e9conomique<\/div><div class=\"su-spoiler-content su-u-clearfix su-u-trim\">\n<p>Pour ce faire, le CMQ a r\u00e9alis\u00e9 des sessions de formation \u00e0 l\u2019\u00e9co-conception via un serious game \u00ab BtoGreen \u00bb \u00e0 destination des enseignants des \u00e9tablissements membres du CMQ dans un souci \u00e0 terme de transmission des savoirs et d\u2019exploitation de l\u2019outil au sein des formations. Par ailleurs, ces m\u00eames enseignants ont eu l\u2019opportunit\u00e9 de suivre une formation de niveau expert en microbiologie.<\/p>\n<p>Enfin, l\u2019action la plus importante reste celle de la mise en place d\u2019une nouvelle formation en brasserie cons\u00e9cutive \u00e0 l\u2019analyse des besoins en comp\u00e9tences et qualifications des brasseurs locaux. En effet, le CMQ a ralli\u00e9 autour de ce projet 6 \u00e9tablissements d\u2019enseignement, 4 professionnels du secteur et une start-up innovante. Cette formation d\u00e9marr\u00e9e le 30 novembre 2020 au CFPPA d\u2019Obernai a pour vocation d\u2019explorer quatre grands modules autour des technologies brassicoles, la qualit\u00e9 hygi\u00e8ne s\u00e9curit\u00e9 environnement, le marketing et technique de commercialisation et enfin, l\u2019entrepreneuriat et gestion d\u2019entreprise.\u00a0Cette formation est devenu en 2022 le <a href=\"https:\/\/www.fma.uha.fr\/formations\/diplomes-duniversite\/du-production-et-commercialisation-brassicoles-bierologie\/\">DU Production et commercialisation brassicoles, bi\u00e9rologie<\/a>.<\/p>\n<\/div><\/div>\n<div class=\"su-spoiler su-spoiler-style-fancy su-spoiler-icon-plus su-spoiler-closed\" data-scroll-offset=\"0\" data-anchor-in-url=\"no\"><div class=\"su-spoiler-title\" tabindex=\"0\" role=\"button\"><span class=\"su-spoiler-icon\"><\/span>Actions pour consolider les relations entre membres du CMQ et monde \u00e9conomique<\/div><div class=\"su-spoiler-content su-u-clearfix su-u-trim\">\n<p>Dans cette optique, le CMQ a particip\u00e9 \u00e0 la mixit\u00e9 de public dans le cadre de projets \u00e9tudiants, permettant ainsi \u00e0 des apprenants de CFA ou de lyc\u00e9es d\u2019intervenir dans les projets d\u2019innovation alimentaire d\u00e9velopp\u00e9s par les \u00e9tudiants de Licence 3 Agronomie-agroalimentaire et Licence 3 Gestion de la FMA pour le Troph\u00e9e alsacien d\u2019innovation alimentaire. Par ailleurs, le fort lien du CMQ avec le monde \u00e9conomique a permis d\u2019int\u00e9grer des professionnels du secteur dans ces projets. Hormis ces projets d\u2019innovation, le CMQ a \u00e9galement fait du lien pour d\u2019autres projets multi-partenariales impliquant des professionnels notamment avec l\u2019appui au d\u00e9veloppement de gammes de produit d\u2019une jeune association strasbourgeoise \u00ab Les retoqu\u00e9s \u00bb dont l\u2019objectif est de d\u00e9velopper des produits utilisant des mati\u00e8res premi\u00e8res d\u00e9class\u00e9es des mara\u00eechers bio du Nord Alsace.<\/p>\n<\/div><\/div><\/div>\n<p>Chaque ann\u00e9e le CMQ s&rsquo;enrichit de nouvelles actions et projets pour permettre une meilleure visibilit\u00e9 des m\u00e9tiers et des formations en agroalimentaire.<\/p>\n<div class=\"su-row\"><div class=\"su-column su-column-size-1-2\"><div class=\"su-column-inner su-u-clearfix su-u-trim\">\n<h3>Contacts<\/h3>\n<p>Courriel : <a href=\"mailto:cmqa@uha.fr\" target=\"_blank\" rel=\"noopener\">cmqa@uha.fr<\/a><br \/>\nT\u00e9l. : <a href=\"tel:0672118006\">06 72 11 80 06<\/a><\/p>\n<\/div><\/div><div class=\"su-column su-column-size-1-2\"><div class=\"su-column-inner su-u-clearfix su-u-trim\">\n<h3>Liens utiles<\/h3>\n<\/div><\/div> <div class=\"su-column su-column-size-1-2\"><div class=\"su-column-inner su-u-clearfix su-u-trim\"><img loading=\"lazy\" decoding=\"async\" class=\"alignnone wp-image-4375 size-medium\" src=\"https:\/\/www.fst.uha.fr\/wp-content\/uploads\/2023\/11\/2022_logos_CMQX_agroalimentaire_Grand_Est-300x182-1.jpg\" alt=\"Logo Campus des M\u00e9tiers et des Qualifications Agroalimentaire Grand Est - CMQe AGE\" width=\"300\" height=\"182\" \/><\/div><\/div><\/div>\n","protected":false},"excerpt":{"rendered":"<p>&nbsp; Le Campus des M\u00e9tiers et des Qualifications Agroalimentaire Grand Est a \u00e9t\u00e9 labellis\u00e9 en f\u00e9vrier 2017, puis re-labellis\u00e9 en Campus d&rsquo;Excellence en 2022 pour 3 ans. Ce campus des m\u00e9tiers, le deuxi\u00e8me en Alsace apr\u00e8s celui consacr\u00e9 \u00e0 l\u2019\u00e9coconstruction et l\u2019efficacit\u00e9 \u00e9nerg\u00e9tique dans le b\u00e2timent, vise \u00e0 structurer un r\u00e9seau d\u2019acteurs de la formation [&hellip;]<\/p>\n","protected":false},"author":14,"featured_media":0,"parent":0,"menu_order":0,"comment_status":"closed","ping_status":"closed","template":"","meta":{"footnotes":""},"categories":[],"tags":[],"class_list":["post-3998","page","type-page","status-publish","hentry"],"yoast_head":"<!-- This site is optimized with the Yoast SEO plugin v27.0 - https:\/\/yoast.com\/product\/yoast-seo-wordpress\/ -->\n<title>Campus des m\u00e9tiers et des qualifications agroalimentaire d\u2019excellence Grand Est - FST - Facult\u00e9 des Sciences et Techniques | Universit\u00e9 de Haute-Alsace<\/title>\n<meta name=\"robots\" content=\"index, follow, max-snippet:-1, max-image-preview:large, max-video-preview:-1\" \/>\n<link rel=\"canonical\" href=\"https:\/\/www.fst.uha.fr\/index.php\/campus-des-metiers-et-des-qualifications\/\" \/>\n<meta property=\"og:locale\" content=\"fr_FR\" \/>\n<meta property=\"og:type\" content=\"article\" \/>\n<meta property=\"og:title\" content=\"Campus des m\u00e9tiers et des qualifications agroalimentaire d\u2019excellence Grand Est - FST - Facult\u00e9 des Sciences et Techniques | Universit\u00e9 de Haute-Alsace\" \/>\n<meta property=\"og:description\" content=\"&nbsp; Le Campus des M\u00e9tiers et des Qualifications Agroalimentaire Grand Est a \u00e9t\u00e9 labellis\u00e9 en f\u00e9vrier 2017, puis re-labellis\u00e9 en Campus d&rsquo;Excellence en 2022 pour 3 ans. Ce campus des m\u00e9tiers, le deuxi\u00e8me en Alsace apr\u00e8s celui consacr\u00e9 \u00e0 l\u2019\u00e9coconstruction et l\u2019efficacit\u00e9 \u00e9nerg\u00e9tique dans le b\u00e2timent, vise \u00e0 structurer un r\u00e9seau d\u2019acteurs de la formation [&hellip;]\" \/>\n<meta property=\"og:url\" content=\"https:\/\/www.fst.uha.fr\/index.php\/campus-des-metiers-et-des-qualifications\/\" \/>\n<meta property=\"og:site_name\" content=\"FST - Facult\u00e9 des Sciences et Techniques | Universit\u00e9 de Haute-Alsace\" \/>\n<meta property=\"article:modified_time\" content=\"2024-06-19T08:46:08+00:00\" \/>\n<meta property=\"og:image\" content=\"https:\/\/www.fma.uha.fr\/wp-content\/uploads\/2021\/06\/cmqa.jpg\" \/>\n<meta name=\"twitter:card\" content=\"summary_large_image\" \/>\n<meta name=\"twitter:label1\" content=\"Dur\u00e9e de lecture estim\u00e9e\" \/>\n\t<meta name=\"twitter:data1\" content=\"5 minutes\" \/>\n<script type=\"application\/ld+json\" class=\"yoast-schema-graph\">{\"@context\":\"https:\/\/schema.org\",\"@graph\":[{\"@type\":\"WebPage\",\"@id\":\"https:\/\/www.fst.uha.fr\/index.php\/campus-des-metiers-et-des-qualifications\/\",\"url\":\"https:\/\/www.fst.uha.fr\/index.php\/campus-des-metiers-et-des-qualifications\/\",\"name\":\"Campus des m\u00e9tiers et des qualifications agroalimentaire d\u2019excellence Grand Est - FST - Facult\u00e9 des Sciences et Techniques | Universit\u00e9 de Haute-Alsace\",\"isPartOf\":{\"@id\":\"https:\/\/www.fst.uha.fr\/#website\"},\"primaryImageOfPage\":{\"@id\":\"https:\/\/www.fst.uha.fr\/index.php\/campus-des-metiers-et-des-qualifications\/#primaryimage\"},\"image\":{\"@id\":\"https:\/\/www.fst.uha.fr\/index.php\/campus-des-metiers-et-des-qualifications\/#primaryimage\"},\"thumbnailUrl\":\"https:\/\/www.fma.uha.fr\/wp-content\/uploads\/2021\/06\/cmqa.jpg\",\"datePublished\":\"2023-12-01T09:27:27+00:00\",\"dateModified\":\"2024-06-19T08:46:08+00:00\",\"breadcrumb\":{\"@id\":\"https:\/\/www.fst.uha.fr\/index.php\/campus-des-metiers-et-des-qualifications\/#breadcrumb\"},\"inLanguage\":\"fr-FR\",\"potentialAction\":[{\"@type\":\"ReadAction\",\"target\":[\"https:\/\/www.fst.uha.fr\/index.php\/campus-des-metiers-et-des-qualifications\/\"]}]},{\"@type\":\"ImageObject\",\"inLanguage\":\"fr-FR\",\"@id\":\"https:\/\/www.fst.uha.fr\/index.php\/campus-des-metiers-et-des-qualifications\/#primaryimage\",\"url\":\"https:\/\/www.fma.uha.fr\/wp-content\/uploads\/2021\/06\/cmqa.jpg\",\"contentUrl\":\"https:\/\/www.fma.uha.fr\/wp-content\/uploads\/2021\/06\/cmqa.jpg\"},{\"@type\":\"BreadcrumbList\",\"@id\":\"https:\/\/www.fst.uha.fr\/index.php\/campus-des-metiers-et-des-qualifications\/#breadcrumb\",\"itemListElement\":[{\"@type\":\"ListItem\",\"position\":1,\"name\":\"Accueil\",\"item\":\"https:\/\/www.fst.uha.fr\/\"},{\"@type\":\"ListItem\",\"position\":2,\"name\":\"Campus des m\u00e9tiers et des qualifications agroalimentaire d\u2019excellence Grand Est\"}]},{\"@type\":\"WebSite\",\"@id\":\"https:\/\/www.fst.uha.fr\/#website\",\"url\":\"https:\/\/www.fst.uha.fr\/\",\"name\":\"FST - Facult\u00e9 des Sciences et Techniques | Universit\u00e9 de Haute-Alsace\",\"description\":\"Campus Illberg | Universit\u00e9 de Haute-Alsace\",\"potentialAction\":[{\"@type\":\"SearchAction\",\"target\":{\"@type\":\"EntryPoint\",\"urlTemplate\":\"https:\/\/www.fst.uha.fr\/?s={search_term_string}\"},\"query-input\":{\"@type\":\"PropertyValueSpecification\",\"valueRequired\":true,\"valueName\":\"search_term_string\"}}],\"inLanguage\":\"fr-FR\"}]}<\/script>\n<!-- \/ Yoast SEO plugin. -->","yoast_head_json":{"title":"Campus des m\u00e9tiers et des qualifications agroalimentaire d\u2019excellence Grand Est - FST - Facult\u00e9 des Sciences et Techniques | Universit\u00e9 de Haute-Alsace","robots":{"index":"index","follow":"follow","max-snippet":"max-snippet:-1","max-image-preview":"max-image-preview:large","max-video-preview":"max-video-preview:-1"},"canonical":"https:\/\/www.fst.uha.fr\/index.php\/campus-des-metiers-et-des-qualifications\/","og_locale":"fr_FR","og_type":"article","og_title":"Campus des m\u00e9tiers et des qualifications agroalimentaire d\u2019excellence Grand Est - FST - Facult\u00e9 des Sciences et Techniques | Universit\u00e9 de Haute-Alsace","og_description":"&nbsp; Le Campus des M\u00e9tiers et des Qualifications Agroalimentaire Grand Est a \u00e9t\u00e9 labellis\u00e9 en f\u00e9vrier 2017, puis re-labellis\u00e9 en Campus d&rsquo;Excellence en 2022 pour 3 ans. Ce campus des m\u00e9tiers, le deuxi\u00e8me en Alsace apr\u00e8s celui consacr\u00e9 \u00e0 l\u2019\u00e9coconstruction et l\u2019efficacit\u00e9 \u00e9nerg\u00e9tique dans le b\u00e2timent, vise \u00e0 structurer un r\u00e9seau d\u2019acteurs de la formation [&hellip;]","og_url":"https:\/\/www.fst.uha.fr\/index.php\/campus-des-metiers-et-des-qualifications\/","og_site_name":"FST - Facult\u00e9 des Sciences et Techniques | Universit\u00e9 de Haute-Alsace","article_modified_time":"2024-06-19T08:46:08+00:00","og_image":[{"url":"https:\/\/www.fma.uha.fr\/wp-content\/uploads\/2021\/06\/cmqa.jpg","type":"","width":"","height":""}],"twitter_card":"summary_large_image","twitter_misc":{"Dur\u00e9e de lecture estim\u00e9e":"5 minutes"},"schema":{"@context":"https:\/\/schema.org","@graph":[{"@type":"WebPage","@id":"https:\/\/www.fst.uha.fr\/index.php\/campus-des-metiers-et-des-qualifications\/","url":"https:\/\/www.fst.uha.fr\/index.php\/campus-des-metiers-et-des-qualifications\/","name":"Campus des m\u00e9tiers et des qualifications agroalimentaire d\u2019excellence Grand Est - FST - Facult\u00e9 des Sciences et Techniques | Universit\u00e9 de Haute-Alsace","isPartOf":{"@id":"https:\/\/www.fst.uha.fr\/#website"},"primaryImageOfPage":{"@id":"https:\/\/www.fst.uha.fr\/index.php\/campus-des-metiers-et-des-qualifications\/#primaryimage"},"image":{"@id":"https:\/\/www.fst.uha.fr\/index.php\/campus-des-metiers-et-des-qualifications\/#primaryimage"},"thumbnailUrl":"https:\/\/www.fma.uha.fr\/wp-content\/uploads\/2021\/06\/cmqa.jpg","datePublished":"2023-12-01T09:27:27+00:00","dateModified":"2024-06-19T08:46:08+00:00","breadcrumb":{"@id":"https:\/\/www.fst.uha.fr\/index.php\/campus-des-metiers-et-des-qualifications\/#breadcrumb"},"inLanguage":"fr-FR","potentialAction":[{"@type":"ReadAction","target":["https:\/\/www.fst.uha.fr\/index.php\/campus-des-metiers-et-des-qualifications\/"]}]},{"@type":"ImageObject","inLanguage":"fr-FR","@id":"https:\/\/www.fst.uha.fr\/index.php\/campus-des-metiers-et-des-qualifications\/#primaryimage","url":"https:\/\/www.fma.uha.fr\/wp-content\/uploads\/2021\/06\/cmqa.jpg","contentUrl":"https:\/\/www.fma.uha.fr\/wp-content\/uploads\/2021\/06\/cmqa.jpg"},{"@type":"BreadcrumbList","@id":"https:\/\/www.fst.uha.fr\/index.php\/campus-des-metiers-et-des-qualifications\/#breadcrumb","itemListElement":[{"@type":"ListItem","position":1,"name":"Accueil","item":"https:\/\/www.fst.uha.fr\/"},{"@type":"ListItem","position":2,"name":"Campus des m\u00e9tiers et des qualifications agroalimentaire d\u2019excellence Grand Est"}]},{"@type":"WebSite","@id":"https:\/\/www.fst.uha.fr\/#website","url":"https:\/\/www.fst.uha.fr\/","name":"FST - Facult\u00e9 des Sciences et Techniques | Universit\u00e9 de Haute-Alsace","description":"Campus Illberg | Universit\u00e9 de Haute-Alsace","potentialAction":[{"@type":"SearchAction","target":{"@type":"EntryPoint","urlTemplate":"https:\/\/www.fst.uha.fr\/?s={search_term_string}"},"query-input":{"@type":"PropertyValueSpecification","valueRequired":true,"valueName":"search_term_string"}}],"inLanguage":"fr-FR"}]}},"_links":{"self":[{"href":"https:\/\/www.fst.uha.fr\/index.php\/wp-json\/wp\/v2\/pages\/3998","targetHints":{"allow":["GET"]}}],"collection":[{"href":"https:\/\/www.fst.uha.fr\/index.php\/wp-json\/wp\/v2\/pages"}],"about":[{"href":"https:\/\/www.fst.uha.fr\/index.php\/wp-json\/wp\/v2\/types\/page"}],"author":[{"embeddable":true,"href":"https:\/\/www.fst.uha.fr\/index.php\/wp-json\/wp\/v2\/users\/14"}],"replies":[{"embeddable":true,"href":"https:\/\/www.fst.uha.fr\/index.php\/wp-json\/wp\/v2\/comments?post=3998"}],"version-history":[{"count":5,"href":"https:\/\/www.fst.uha.fr\/index.php\/wp-json\/wp\/v2\/pages\/3998\/revisions"}],"predecessor-version":[{"id":4597,"href":"https:\/\/www.fst.uha.fr\/index.php\/wp-json\/wp\/v2\/pages\/3998\/revisions\/4597"}],"wp:attachment":[{"href":"https:\/\/www.fst.uha.fr\/index.php\/wp-json\/wp\/v2\/media?parent=3998"}],"wp:term":[{"taxonomy":"category","embeddable":true,"href":"https:\/\/www.fst.uha.fr\/index.php\/wp-json\/wp\/v2\/categories?post=3998"},{"taxonomy":"post_tag","embeddable":true,"href":"https:\/\/www.fst.uha.fr\/index.php\/wp-json\/wp\/v2\/tags?post=3998"}],"curies":[{"name":"wp","href":"https:\/\/api.w.org\/{rel}","templated":true}]}}