{"id":4489,"date":"2024-04-24T13:59:32","date_gmt":"2024-04-24T11:59:32","guid":{"rendered":"https:\/\/www.fst.uha.fr\/?page_id=4489"},"modified":"2025-08-26T14:27:12","modified_gmt":"2025-08-26T12:27:12","slug":"taxe-dapprentissage","status":"publish","type":"page","link":"https:\/\/www.fst.uha.fr\/index.php\/fst\/taxe-dapprentissage\/","title":{"rendered":"Taxe d&rsquo;apprentissage 2025"},"content":{"rendered":"<p>Le solde de la taxe d&rsquo;apprentissage 2025 est une ressource primordiale pour notre facult\u00e9. <strong>Cet investissement dans la formation de nos \u00e9tudiants nous permet de leur offrir les moyens n\u00e9cessaires \u00e0 leur r\u00e9ussite universitaire et \u00e0 leur insertion professionnelle<\/strong>. Chaque entreprise est libre de choisir le b\u00e9n\u00e9ficiaire du versement du solde de sa taxe d&rsquo;apprentissage. C&rsquo;est une contribution obligatoire qui doit \u00eatre vers\u00e9e chaque ann\u00e9e par l&#8217;employeur au titre de l&rsquo;ann\u00e9e civile en cours.<br \/>\n<div class=\"su-row\"><div class=\"su-column su-column-size-3-4\"><div class=\"su-column-inner su-u-clearfix su-u-trim\">\n<h2><strong>Qu&rsquo;est-ce que la taxe d&rsquo;apprentissage ?<\/strong><\/h2>\n<p><img loading=\"lazy\" decoding=\"async\" class=\"wp-image-5023 alignleft\" src=\"https:\/\/www.fst.uha.fr\/wp-content\/uploads\/2025\/05\/affiche_taxe_apprentissage_2025-300x193.jpg\" alt=\"Campagne pour la taxe d'apprentissage 2025\" width=\"428\" height=\"276\" srcset=\"https:\/\/www.fst.uha.fr\/wp-content\/uploads\/2025\/05\/affiche_taxe_apprentissage_2025-300x193.jpg 300w, https:\/\/www.fst.uha.fr\/wp-content\/uploads\/2025\/05\/affiche_taxe_apprentissage_2025-1024x658.jpg 1024w, https:\/\/www.fst.uha.fr\/wp-content\/uploads\/2025\/05\/affiche_taxe_apprentissage_2025-768x493.jpg 768w, https:\/\/www.fst.uha.fr\/wp-content\/uploads\/2025\/05\/affiche_taxe_apprentissage_2025.jpg 1428w\" sizes=\"auto, (max-width: 428px) 100vw, 428px\" \/>La taxe d\u2019apprentissage est un imp\u00f4t repr\u00e9sentant 0,68% de la masse salariale brute ou 0,44% pour les entreprises en Alsace-Moselle.<\/p>\n<p><strong>Elle est compos\u00e9e de :<\/strong><\/p>\n<ul>\n<li>87% de la taxe d\u2019apprentissage (ex \u00ab quota \u00bb) qui contribue au financement des formations en apprentissage,<\/li>\n<li>13% de la taxe d\u2019apprentissage (ex \u00ab hors quota \u00bb) contribue au d\u00e9veloppement des formations initiales technologiques et professionnelles et \u00e0 l\u2019insertion professionnelle.<\/li>\n<\/ul>\n<p><strong>Les entreprises bas\u00e9es en Alsace-Moselle ne sont soumises qu&rsquo;aux 87% destin\u00e9s uniquement au financement de l\u2019apprentissage<\/strong>. La FST peut ainsi percevoir le versement de la partie de 13% uniquement par des entreprises bas\u00e9es hors Alsace-Moselle, ou ayant des filiales hors Alsace-Moselle.<\/p>\n<h2 id=\"section-2\"><strong>Quelles sont les d\u00e9marches pour verser le solde de votre taxe d&rsquo;apprentissage \u00e0 la FST ?<\/strong><\/h2>\n<p>Il est directement collect\u00e9 par l\u2019URSSAF et la Mutualit\u00e9 Sociale Agricole qui le transf\u00e8reront \u00e0 la Caisse des D\u00e9p\u00f4ts. La r\u00e9partition se r\u00e9alisera ensuite en ligne via <a href=\"https:\/\/www.soltea.gouv.fr\/espace-public\/soltea-plateforme-employeurs-solde-taxe-apprentissage\">SOLT\u00e9A<\/a>, la plateforme nationale d\u00e9di\u00e9e \u00e0 la r\u00e9partition du solde de la taxe d\u2019apprentissage.<\/p>\n<p><b><span class=\"field field--name-title field--type-string field--label-hidden\">La campagne de versement 2025 de la taxe d\u2019apprentissage est ouverte jusqu\u2019au 24 octobre inclus !<br \/>\n<\/span><\/b><\/p>\n<ul>\n<li><strong>\u00c9tape 1 :<\/strong> jusqu\u2019au 24 octobre 2025, rendez-vous sur <a title=\"(s'ouvre dans une nouvelle fen\u00eatre)\" href=\"https:\/\/www.soltea.gouv.fr\/espace-public\/\" target=\"_blank\" rel=\"noreferrer noopener\">SOLT\u00e9A<\/a> et connectez-vous sur la plateforme avec votre compte net-entreprises.fr pour fl\u00e9cher votre solde. <a href=\"https:\/\/www.soltea.education.gouv.fr\/espace-public\/calendrier-2024-de-la-plateforme-soltea\">Retrouvez le calendrier complet sur le site de SOLT\u00e9A.<\/a><\/li>\n<li><strong>\u00c9tape 2 :<\/strong>\u00a0indiquez le num\u00e9ro Siret de l\u2019Universit\u00e9 de Haute-Alsace :\u00a0<strong><span id=\"page6R_mcid15\" class=\"markedContent\"><span dir=\"ltr\" role=\"presentation\">196 811 665 00013<\/span><\/span><\/strong><span id=\"page6R_mcid15\" class=\"markedContent\"><span dir=\"ltr\" role=\"presentation\">.<\/span><\/span><\/li>\n<li><strong>\u00c9tape 3 :\u00a0<\/strong>identifiez \u00ab Facult\u00e9 des Sciences et Techniques \u00bb \u2013 <strong>code de gestion (UAI) :<\/strong> <strong>0680096K<\/strong> dans le moteur de recherche puis renseignez les cr\u00e9dits que vous souhaitez affecter. Pour fl\u00e9cher une formation de la FST, identifiez un dipl\u00f4me avec le <strong>code RNCP\u00a0<\/strong>(<a href=\"https:\/\/docs.google.com\/spreadsheets\/d\/148W3yMql3zf8nFwDrSSbKXzuIm8DJMT45Id1PGGn1fs\/edit#gid=0\">voir la liste en cliquant ici<\/a>).<\/li>\n<li><strong>\u00c9tape 4\u00a0<\/strong>: informez-nous de votre contribution \u00e0 l&rsquo;adresse suivante : <a href=\"mailto: martine.annino@uha.fr\">martine.annino@uha.fr\u00a0<\/a><\/li>\n<\/ul>\n<p>Vous pouvez \u00e9galement retrouver une vid\u00e9o explicative juste en dessous :<br \/>\n<div class=\"su-youtube su-u-responsive-media-yes\"><iframe loading=\"lazy\" width=\"400\" height=\"200\" src=\"https:\/\/www.youtube.com\/embed\/n8g2RKTn5_Y?\" frameborder=\"0\" allowfullscreen allow=\"autoplay; encrypted-media; picture-in-picture\" title=\"La taxe d&#039;apprentissage\"><\/iframe><\/div>\n<h2><strong>Que faisons-nous de la taxe d&rsquo;apprentissage ?<\/strong><\/h2>\n<p>Cette taxe d&rsquo;apprentissage repr\u00e9sente un soutien pr\u00e9cieux \u00e0 la r\u00e9ussite de nos projets ainsi qu&rsquo;\u00e0 l&rsquo;achat de mat\u00e9riel p\u00e9dagogique et son renouvellement.<br \/>\nCe mat\u00e9riel comporte : C\u00f4ne calorim\u00e8tre, chromatographe, spectrophotom\u00e8tre, imprimante 3D, calculateur, mat\u00e9riels num\u00e9riques..<\/p>\n<p>Cibler votre taxe d\u2019apprentissage vers les formations de la FST revient \u00e0 <strong>investir dans votre futur capital humain<\/strong>\u00a0!<\/p>\n<p>Nous vous remercions par avance pour le soutien et l\u2019int\u00e9r\u00eat que vous nous portez.<\/p>\n<h2><strong>Pour en savoir plus sur nos formations<\/strong><\/h2>\n<p>Si vous souhaitez en savoir plus sur nos formations et leurs parcours, vous pouvez les retrouver en <a href=\"https:\/\/www.fst.uha.fr\/index.php\/formations\/\">cliquant juste ici.<\/a><\/p>\n<\/div><\/div>\n<div class=\"su-column su-column-size-1-4\"><div class=\"su-column-inner su-u-clearfix su-u-trim\">\n<h2>Contact<\/h2>\n<p>Madame Martine ANNINO<br \/>\nCourriel : <a href=\"mailto: martine.annino@uha.fr\">martine.annino@uha.fr\u00a0<\/a><br \/>\nTel : <a href=\"tel:0389336204\" target=\"_blank\" rel=\"noopener\">+33 (0)3 89 33 62 04<\/a><br \/>\n<div class=\"su-divider su-divider-style-default\" style=\"margin:15px 0;border-width:3px;border-color:#999999\"><\/div>\n<\/div><\/div><\/div>\n","protected":false},"excerpt":{"rendered":"<p>Le solde de la taxe d&rsquo;apprentissage 2025 est une ressource primordiale pour notre facult\u00e9. Cet investissement dans la formation de nos \u00e9tudiants nous permet de leur offrir les moyens n\u00e9cessaires \u00e0 leur r\u00e9ussite universitaire et \u00e0 leur insertion professionnelle. Chaque entreprise est libre de choisir le b\u00e9n\u00e9ficiaire du versement du solde de sa taxe d&rsquo;apprentissage. [&hellip;]<\/p>\n","protected":false},"author":14,"featured_media":4522,"parent":20,"menu_order":3,"comment_status":"closed","ping_status":"closed","template":"","meta":{"footnotes":""},"categories":[3,13,9],"tags":[],"class_list":["post-4489","page","type-page","status-publish","has-post-thumbnail","hentry","category-actualites","category-articles","category-entreprises"],"yoast_head":"<!-- This site is optimized with the Yoast SEO plugin v27.0 - https:\/\/yoast.com\/product\/yoast-seo-wordpress\/ -->\n<title>Taxe d&#039;apprentissage 2025 - FST - Facult\u00e9 des Sciences et Techniques | Universit\u00e9 de Haute-Alsace<\/title>\n<meta name=\"description\" content=\"Le solde de la taxe d&#039;apprentissage est une ressource primordiale pour notre facult\u00e9. Cet investissement dans la formation de nos \u00e9tudiants nous permet de leur offrir les moyens n\u00e9cessaires \u00e0 leur r\u00e9ussite universitaire et \u00e0 leur insertion professionnelle.\" \/>\n<meta name=\"robots\" content=\"index, follow, max-snippet:-1, max-image-preview:large, max-video-preview:-1\" \/>\n<link rel=\"canonical\" href=\"https:\/\/www.fst.uha.fr\/index.php\/fst\/taxe-dapprentissage\/\" \/>\n<meta property=\"og:locale\" content=\"fr_FR\" \/>\n<meta property=\"og:type\" content=\"article\" \/>\n<meta property=\"og:title\" content=\"Taxe d&#039;apprentissage 2025 - FST - Facult\u00e9 des Sciences et Techniques | Universit\u00e9 de Haute-Alsace\" \/>\n<meta property=\"og:description\" content=\"Le solde de la taxe d&#039;apprentissage est une ressource primordiale pour notre facult\u00e9. Cet investissement dans la formation de nos \u00e9tudiants nous permet de leur offrir les moyens n\u00e9cessaires \u00e0 leur r\u00e9ussite universitaire et \u00e0 leur insertion professionnelle.\" \/>\n<meta property=\"og:url\" content=\"https:\/\/www.fst.uha.fr\/index.php\/fst\/taxe-dapprentissage\/\" \/>\n<meta property=\"og:site_name\" content=\"FST - Facult\u00e9 des Sciences et Techniques | Universit\u00e9 de Haute-Alsace\" \/>\n<meta property=\"article:modified_time\" content=\"2025-08-26T12:27:12+00:00\" \/>\n<meta property=\"og:image\" content=\"https:\/\/www.fst.uha.fr\/wp-content\/uploads\/2024\/04\/affiche_taxe_apprentissage_2024.jpg\" \/>\n\t<meta property=\"og:image:width\" content=\"1428\" \/>\n\t<meta property=\"og:image:height\" content=\"917\" \/>\n\t<meta property=\"og:image:type\" content=\"image\/jpeg\" \/>\n<meta name=\"twitter:card\" content=\"summary_large_image\" \/>\n<meta name=\"twitter:label1\" content=\"Dur\u00e9e de lecture estim\u00e9e\" \/>\n\t<meta name=\"twitter:data1\" content=\"3 minutes\" \/>\n<script type=\"application\/ld+json\" class=\"yoast-schema-graph\">{\"@context\":\"https:\/\/schema.org\",\"@graph\":[{\"@type\":\"WebPage\",\"@id\":\"https:\/\/www.fst.uha.fr\/index.php\/fst\/taxe-dapprentissage\/\",\"url\":\"https:\/\/www.fst.uha.fr\/index.php\/fst\/taxe-dapprentissage\/\",\"name\":\"Taxe d'apprentissage 2025 - FST - Facult\u00e9 des Sciences et Techniques | Universit\u00e9 de Haute-Alsace\",\"isPartOf\":{\"@id\":\"https:\/\/www.fst.uha.fr\/#website\"},\"primaryImageOfPage\":{\"@id\":\"https:\/\/www.fst.uha.fr\/index.php\/fst\/taxe-dapprentissage\/#primaryimage\"},\"image\":{\"@id\":\"https:\/\/www.fst.uha.fr\/index.php\/fst\/taxe-dapprentissage\/#primaryimage\"},\"thumbnailUrl\":\"https:\/\/www.fst.uha.fr\/wp-content\/uploads\/2024\/04\/affiche_taxe_apprentissage_2024.jpg\",\"datePublished\":\"2024-04-24T11:59:32+00:00\",\"dateModified\":\"2025-08-26T12:27:12+00:00\",\"description\":\"Le solde de la taxe d'apprentissage est une ressource primordiale pour notre facult\u00e9. Cet investissement dans la formation de nos \u00e9tudiants nous permet de leur offrir les moyens n\u00e9cessaires \u00e0 leur r\u00e9ussite universitaire et \u00e0 leur insertion professionnelle.\",\"breadcrumb\":{\"@id\":\"https:\/\/www.fst.uha.fr\/index.php\/fst\/taxe-dapprentissage\/#breadcrumb\"},\"inLanguage\":\"fr-FR\",\"potentialAction\":[{\"@type\":\"ReadAction\",\"target\":[\"https:\/\/www.fst.uha.fr\/index.php\/fst\/taxe-dapprentissage\/\"]}]},{\"@type\":\"ImageObject\",\"inLanguage\":\"fr-FR\",\"@id\":\"https:\/\/www.fst.uha.fr\/index.php\/fst\/taxe-dapprentissage\/#primaryimage\",\"url\":\"https:\/\/www.fst.uha.fr\/wp-content\/uploads\/2024\/04\/affiche_taxe_apprentissage_2024.jpg\",\"contentUrl\":\"https:\/\/www.fst.uha.fr\/wp-content\/uploads\/2024\/04\/affiche_taxe_apprentissage_2024.jpg\",\"width\":1428,\"height\":917,\"caption\":\"Campagne Taxe d'apprentissage 2024\"},{\"@type\":\"BreadcrumbList\",\"@id\":\"https:\/\/www.fst.uha.fr\/index.php\/fst\/taxe-dapprentissage\/#breadcrumb\",\"itemListElement\":[{\"@type\":\"ListItem\",\"position\":1,\"name\":\"Accueil\",\"item\":\"https:\/\/www.fst.uha.fr\/\"},{\"@type\":\"ListItem\",\"position\":2,\"name\":\"FST\",\"item\":\"https:\/\/www.fst.uha.fr\/index.php\/fst\/\"},{\"@type\":\"ListItem\",\"position\":3,\"name\":\"Taxe d&rsquo;apprentissage 2025\"}]},{\"@type\":\"WebSite\",\"@id\":\"https:\/\/www.fst.uha.fr\/#website\",\"url\":\"https:\/\/www.fst.uha.fr\/\",\"name\":\"FST - Facult\u00e9 des Sciences et Techniques | Universit\u00e9 de Haute-Alsace\",\"description\":\"Campus Illberg | Universit\u00e9 de Haute-Alsace\",\"potentialAction\":[{\"@type\":\"SearchAction\",\"target\":{\"@type\":\"EntryPoint\",\"urlTemplate\":\"https:\/\/www.fst.uha.fr\/?s={search_term_string}\"},\"query-input\":{\"@type\":\"PropertyValueSpecification\",\"valueRequired\":true,\"valueName\":\"search_term_string\"}}],\"inLanguage\":\"fr-FR\"}]}<\/script>\n<!-- \/ Yoast SEO plugin. -->","yoast_head_json":{"title":"Taxe d'apprentissage 2025 - FST - Facult\u00e9 des Sciences et Techniques | Universit\u00e9 de Haute-Alsace","description":"Le solde de la taxe d'apprentissage est une ressource primordiale pour notre facult\u00e9. Cet investissement dans la formation de nos \u00e9tudiants nous permet de leur offrir les moyens n\u00e9cessaires \u00e0 leur r\u00e9ussite universitaire et \u00e0 leur insertion professionnelle.","robots":{"index":"index","follow":"follow","max-snippet":"max-snippet:-1","max-image-preview":"max-image-preview:large","max-video-preview":"max-video-preview:-1"},"canonical":"https:\/\/www.fst.uha.fr\/index.php\/fst\/taxe-dapprentissage\/","og_locale":"fr_FR","og_type":"article","og_title":"Taxe d'apprentissage 2025 - FST - Facult\u00e9 des Sciences et Techniques | Universit\u00e9 de Haute-Alsace","og_description":"Le solde de la taxe d'apprentissage est une ressource primordiale pour notre facult\u00e9. Cet investissement dans la formation de nos \u00e9tudiants nous permet de leur offrir les moyens n\u00e9cessaires \u00e0 leur r\u00e9ussite universitaire et \u00e0 leur insertion professionnelle.","og_url":"https:\/\/www.fst.uha.fr\/index.php\/fst\/taxe-dapprentissage\/","og_site_name":"FST - Facult\u00e9 des Sciences et Techniques | Universit\u00e9 de Haute-Alsace","article_modified_time":"2025-08-26T12:27:12+00:00","og_image":[{"width":1428,"height":917,"url":"https:\/\/www.fst.uha.fr\/wp-content\/uploads\/2024\/04\/affiche_taxe_apprentissage_2024.jpg","type":"image\/jpeg"}],"twitter_card":"summary_large_image","twitter_misc":{"Dur\u00e9e de lecture estim\u00e9e":"3 minutes"},"schema":{"@context":"https:\/\/schema.org","@graph":[{"@type":"WebPage","@id":"https:\/\/www.fst.uha.fr\/index.php\/fst\/taxe-dapprentissage\/","url":"https:\/\/www.fst.uha.fr\/index.php\/fst\/taxe-dapprentissage\/","name":"Taxe d'apprentissage 2025 - FST - Facult\u00e9 des Sciences et Techniques | Universit\u00e9 de Haute-Alsace","isPartOf":{"@id":"https:\/\/www.fst.uha.fr\/#website"},"primaryImageOfPage":{"@id":"https:\/\/www.fst.uha.fr\/index.php\/fst\/taxe-dapprentissage\/#primaryimage"},"image":{"@id":"https:\/\/www.fst.uha.fr\/index.php\/fst\/taxe-dapprentissage\/#primaryimage"},"thumbnailUrl":"https:\/\/www.fst.uha.fr\/wp-content\/uploads\/2024\/04\/affiche_taxe_apprentissage_2024.jpg","datePublished":"2024-04-24T11:59:32+00:00","dateModified":"2025-08-26T12:27:12+00:00","description":"Le solde de la taxe d'apprentissage est une ressource primordiale pour notre facult\u00e9. Cet investissement dans la formation de nos \u00e9tudiants nous permet de leur offrir les moyens n\u00e9cessaires \u00e0 leur r\u00e9ussite universitaire et \u00e0 leur insertion professionnelle.","breadcrumb":{"@id":"https:\/\/www.fst.uha.fr\/index.php\/fst\/taxe-dapprentissage\/#breadcrumb"},"inLanguage":"fr-FR","potentialAction":[{"@type":"ReadAction","target":["https:\/\/www.fst.uha.fr\/index.php\/fst\/taxe-dapprentissage\/"]}]},{"@type":"ImageObject","inLanguage":"fr-FR","@id":"https:\/\/www.fst.uha.fr\/index.php\/fst\/taxe-dapprentissage\/#primaryimage","url":"https:\/\/www.fst.uha.fr\/wp-content\/uploads\/2024\/04\/affiche_taxe_apprentissage_2024.jpg","contentUrl":"https:\/\/www.fst.uha.fr\/wp-content\/uploads\/2024\/04\/affiche_taxe_apprentissage_2024.jpg","width":1428,"height":917,"caption":"Campagne Taxe d'apprentissage 2024"},{"@type":"BreadcrumbList","@id":"https:\/\/www.fst.uha.fr\/index.php\/fst\/taxe-dapprentissage\/#breadcrumb","itemListElement":[{"@type":"ListItem","position":1,"name":"Accueil","item":"https:\/\/www.fst.uha.fr\/"},{"@type":"ListItem","position":2,"name":"FST","item":"https:\/\/www.fst.uha.fr\/index.php\/fst\/"},{"@type":"ListItem","position":3,"name":"Taxe d&rsquo;apprentissage 2025"}]},{"@type":"WebSite","@id":"https:\/\/www.fst.uha.fr\/#website","url":"https:\/\/www.fst.uha.fr\/","name":"FST - Facult\u00e9 des Sciences et Techniques | Universit\u00e9 de Haute-Alsace","description":"Campus Illberg | Universit\u00e9 de Haute-Alsace","potentialAction":[{"@type":"SearchAction","target":{"@type":"EntryPoint","urlTemplate":"https:\/\/www.fst.uha.fr\/?s={search_term_string}"},"query-input":{"@type":"PropertyValueSpecification","valueRequired":true,"valueName":"search_term_string"}}],"inLanguage":"fr-FR"}]}},"_links":{"self":[{"href":"https:\/\/www.fst.uha.fr\/index.php\/wp-json\/wp\/v2\/pages\/4489","targetHints":{"allow":["GET"]}}],"collection":[{"href":"https:\/\/www.fst.uha.fr\/index.php\/wp-json\/wp\/v2\/pages"}],"about":[{"href":"https:\/\/www.fst.uha.fr\/index.php\/wp-json\/wp\/v2\/types\/page"}],"author":[{"embeddable":true,"href":"https:\/\/www.fst.uha.fr\/index.php\/wp-json\/wp\/v2\/users\/14"}],"replies":[{"embeddable":true,"href":"https:\/\/www.fst.uha.fr\/index.php\/wp-json\/wp\/v2\/comments?post=4489"}],"version-history":[{"count":43,"href":"https:\/\/www.fst.uha.fr\/index.php\/wp-json\/wp\/v2\/pages\/4489\/revisions"}],"predecessor-version":[{"id":5022,"href":"https:\/\/www.fst.uha.fr\/index.php\/wp-json\/wp\/v2\/pages\/4489\/revisions\/5022"}],"up":[{"embeddable":true,"href":"https:\/\/www.fst.uha.fr\/index.php\/wp-json\/wp\/v2\/pages\/20"}],"wp:featuredmedia":[{"embeddable":true,"href":"https:\/\/www.fst.uha.fr\/index.php\/wp-json\/wp\/v2\/media\/4522"}],"wp:attachment":[{"href":"https:\/\/www.fst.uha.fr\/index.php\/wp-json\/wp\/v2\/media?parent=4489"}],"wp:term":[{"taxonomy":"category","embeddable":true,"href":"https:\/\/www.fst.uha.fr\/index.php\/wp-json\/wp\/v2\/categories?post=4489"},{"taxonomy":"post_tag","embeddable":true,"href":"https:\/\/www.fst.uha.fr\/index.php\/wp-json\/wp\/v2\/tags?post=4489"}],"curies":[{"name":"wp","href":"https:\/\/api.w.org\/{rel}","templated":true}]}}