{"id":4795,"date":"2024-09-23T15:15:18","date_gmt":"2024-09-23T13:15:18","guid":{"rendered":"https:\/\/www.fst.uha.fr\/?page_id=4795"},"modified":"2026-01-23T09:56:28","modified_gmt":"2026-01-23T08:56:28","slug":"uha-4-0-licence-professionnelle-metiers-de-linformatique-conception-developpement-et-tests-de-logiciels","status":"publish","type":"page","link":"https:\/\/www.fst.uha.fr\/index.php\/formations\/licences\/uha-4-0-licence-professionnelle-metiers-de-linformatique-conception-developpement-et-tests-de-logiciels\/","title":{"rendered":"UHA 4.0 Licence Professionnelle M\u00e9tiers de l\u2019Informatique : Conception, d\u00e9veloppement et tests de logiciels"},"content":{"rendered":"<p><img loading=\"lazy\" decoding=\"async\" class=\"alignnone size-full wp-image-802\" src=\"https:\/\/www.fst.uha.fr\/wp-content\/uploads\/2024\/09\/AdobeStock_323792539-scaled.jpeg\" alt=\"\" width=\"1920\" height=\"501\" \/><\/p>\r\n<div class=\"su-row\"><div class=\"su-column su-column-size-3-4\"><div class=\"su-column-inner su-u-clearfix su-u-trim\">\r\n<h2>Pr\u00e9sentation<\/h2>\r\n<p style=\"text-align: justify; background: white; vertical-align: baseline; margin: 0cm 0cm 15.0pt 0cm;\"><span style=\"font-size: 11.5pt; font-family: 'Arial',sans-serif; color: #444444;\">La Licence Professionnelle Parcours UHA 4.0 est<strong> fond\u00e9e sur la p\u00e9dagogie par projets et l\u2019alternance en entreprise.<\/strong> Il s\u2019adresse aux personnes souhaitant acqu\u00e9rir des comp\u00e9tences techniques et transverses de d\u00e9veloppeur informatique.<\/span><\/p>\r\n<p style=\"text-align: justify; background: white; vertical-align: baseline; margin: 0cm 0cm 15.0pt 0cm;\"><span style=\"font-size: 11.5pt; font-family: 'Arial',sans-serif; color: #444444;\"><strong>La formation est d\u00e9ploy\u00e9e sur 3 ans avec obligation pour les \u00e9tudiants d\u2019avoir un contrat d\u2019apprentissage.<\/strong> Elle<\/span><span style=\"font-size: 11.5pt; font-family: 'Arial',sans-serif; color: #444444;\">\u00a0d\u00e9ploie une p\u00e9dagogie sp\u00e9cifique par projet o\u00f9 chaque \u00e9tudiant est acteur de sa formation et de sa r\u00e9ussite. Les \u00e9tudiants b\u00e9n\u00e9ficient d\u2019une immersion professionnelle pr\u00e9coce qui favorise l\u2019insertion professionnelle. Ils b\u00e9n\u00e9ficient de m\u00e9thodes et d\u2019outils professionnels et sont encadr\u00e9s par une \u00e9quipe p\u00e9dagogique d\u00e9di\u00e9e.<\/span><\/p>\r\n<h2>Objectifs<\/h2>\r\n<p style=\"text-align: justify; background: white; vertical-align: baseline; margin: 0cm 0cm 15.0pt 0cm;\"><span style=\"font-size: 11.5pt; font-family: 'Arial',sans-serif; color: #444444;\">L\u2019objectif est de former les \u00e9tudiants au D\u00e9veloppement Informatique en Mode Projet afin qu\u2019ils acqui\u00e8rent toutes les comp\u00e9tences techniques et transverses par la pratique de cas r\u00e9els. <\/span><\/p>\r\n<div class=\"su-accordion su-u-trim\"> <div class=\"su-spoiler su-spoiler-style-fancy su-spoiler-icon-plus-circle su-spoiler-closed\" data-scroll-offset=\"0\" data-anchor-in-url=\"no\"><div class=\"su-spoiler-title\" tabindex=\"0\" role=\"button\"><span class=\"su-spoiler-icon\"><\/span>Admission<\/div><div class=\"su-spoiler-content su-u-clearfix su-u-trim\"> Sont admissibles\u00a0:<\/p>\r\n<ul>\r\n<li><strong>Licence Professionnelle 1<sup>\u00e8re<\/sup> ann\u00e9e<\/strong> (via <strong><a href=\"https:\/\/dossier.parcoursup.fr\/Candidats\/public\/fiches\/afficherFicheFormation?g_ta_cod=46779&amp;typeBac=0\" target=\"_blank\" rel=\"noopener\">Parcoursup<\/a><\/strong>)\u00a0: les n\u00e9o-bacheliers ayant d\u00e9montr\u00e9 leur motivation \u00e0 devenir d\u00e9veloppeur<\/li>\r\n<li><strong>Licence Professionnelle 2<sup>\u00e8me<\/sup> et 3<sup>\u00e8me<\/sup> ann\u00e9e<\/strong> (via <strong><a href=\"https:\/\/ecandidat.uha.fr\/ecandidat\/#!accueilView\" target=\"_blank\" rel=\"noopener\">e-candidat<\/a><\/strong>) : les \u00e9tudiants ayant d\u00e9j\u00e0 valid\u00e9 1 ou 2 ann\u00e9es dans le domaine du d\u00e9veloppement informatique<\/li>\r\n<li>Dans tous les cas, <strong>l\u2019admission se fait uniquement avec un contrat d\u2019apprentissage valid\u00e9 par le CFAU<\/strong> (Centre de Formation pour Apprentis Universitaire)<\/li>\r\n<\/ul>\r\n<\/div><\/div> <div class=\"su-spoiler su-spoiler-style-fancy su-spoiler-icon-plus-circle su-spoiler-closed\" data-scroll-offset=\"0\" data-anchor-in-url=\"no\"><div class=\"su-spoiler-title\" tabindex=\"0\" role=\"button\"><span class=\"su-spoiler-icon\"><\/span>Poursuite d\u2019\u00e9tudes<\/div><div class=\"su-spoiler-content su-u-clearfix su-u-trim\"> Les d\u00e9tenteurs de la Licence Professionnelle M\u00e9tiers de l\u2019informatique peuvent poursuivre en parcours Master (UHA 4.0 ou non). Apr\u00e8s l&rsquo;obtention de la licence, vous pouvez postuler \u00e0 des postes comme d\u00e9veloppeur informatique Fullstack, d\u00e9veloppeur Web, int\u00e9grateurs d&rsquo;applications web et\/ou mobiles, chef de projet informatique. Vous pouvez en apprendre plus sur la page <a href=\"https:\/\/www.uha4point0.fr\/quelsmetiers\/\" target=\"_blank\" rel=\"noopener\">Quels m\u00e9tiers apr\u00e8s UHA 4.0 ?<\/a> <\/div><\/div> <div class=\"su-spoiler su-spoiler-style-fancy su-spoiler-icon-plus-circle su-spoiler-closed\" data-scroll-offset=\"0\" data-anchor-in-url=\"no\"><div class=\"su-spoiler-title\" tabindex=\"0\" role=\"button\"><span class=\"su-spoiler-icon\"><\/span>Modalit\u00e9s d\u2019enseignements<\/div><div class=\"su-spoiler-content su-u-clearfix su-u-trim\">\r\n<ul>\r\n<li>Mode projet\u00a0: projet personnel et tutor\u00e9<\/li>\r\n<li>\u00c9quipe p\u00e9dagogique d\u00e9di\u00e9e<\/li>\r\n<\/ul>\r\n<\/div><\/div> <div class=\"su-spoiler su-spoiler-style-fancy su-spoiler-icon-plus-circle su-spoiler-closed\" data-scroll-offset=\"0\" data-anchor-in-url=\"no\"><div class=\"su-spoiler-title\" tabindex=\"0\" role=\"button\"><span class=\"su-spoiler-icon\"><\/span>Comp\u00e9tences d\u00e9velopp\u00e9es<\/div><div class=\"su-spoiler-content su-u-clearfix su-u-trim\">\r\n<ul>\r\n<li>Ma\u00eetriser des outils de d\u00e9veloppement et des m\u00e9thodes du g\u00e9nie logiciel<\/li>\r\n<li>D\u00e9velopper, tester et maintenir les applications web et mobiles<\/li>\r\n<li>G\u00e9rer des projets informatiques en mode agile<\/li>\r\n<\/ul>\r\n<\/div><\/div> <div class=\"su-spoiler su-spoiler-style-fancy su-spoiler-icon-plus-circle su-spoiler-closed\" data-scroll-offset=\"0\" data-anchor-in-url=\"no\"><div class=\"su-spoiler-title\" tabindex=\"0\" role=\"button\"><span class=\"su-spoiler-icon\"><\/span>Programme<\/div><div class=\"su-spoiler-content su-u-clearfix su-u-trim\">Ce parcours de licence s\u2019articule en 3 ann\u00e9es : Licence Professionnelle 1<sup>\u00e8re<\/sup> ann\u00e9e\u00a0:<\/p>\r\n<ul>\r\n<li>Syst\u00e8me d\u2019exploitation et programmation (algorithmique, Linux\u2026)<\/li>\r\n<li>Programmation web, d\u00e9veloppement et d\u00e9ploiement (maquettes, HTML, CSS, Javascript, PHP, architectures web)<\/li>\r\n<li>Gestion de projet informatique (framework Scrum)<\/li>\r\n<li>Manipulation de bases de donn\u00e9es (jointures et alg\u00e8bre relationnels, SGDBR)<\/li>\r\n<li>Communication \u00e9crite et orale, anglais<\/li>\r\n<\/ul>\r\n<p>Licence Professionnelle 2<sup>\u00e8me<\/sup> ann\u00e9e\u00a0:<\/p>\r\n<ul>\r\n<li>Programmation avanc\u00e9e pour le web\u00a0: Programmation Orient\u00e9e Objet, mod\u00e9lisation UML, frameworks web<\/li>\r\n<li>Outils de g\u00e9nie logiciel\u00a0: MVP d\u2019un produit, outils et m\u00e9thodes de gestion de projets<\/li>\r\n<li>Bases de donn\u00e9es\u00a0: relationnelles, ORM et persistance<\/li>\r\n<li>Communication \u00e9crite et orale, anglais<\/li>\r\n<\/ul>\r\n<p>Licence Professionnelle 3<sup>\u00e8me<\/sup> ann\u00e9e\u00a0:<\/p>\r\n<ul>\r\n<li>Gestion de projet informatique\u00a0: pilotage de projets en mode agile, analyse et cahiers des charges, droit informatique<\/li>\r\n<li>D\u00e9veloppement informatique\u00a0: mobile, s\u00e9curit\u00e9 des applications<\/li>\r\n<li>Gestion de BDD\u00a0: analyse UML, conception et \u00e9laboration de BDD<\/li>\r\n<li>D\u00e9ploiement de solutions\u00a0: d\u00e9ploiement et int\u00e9gration continus, tests logiciels, qualit\u00e9 du code<\/li>\r\n<li>Communication \u00e9crite et orale, anglais<\/li>\r\n<\/ul>\r\n<\/div><\/div> <div class=\"su-spoiler su-spoiler-style-fancy su-spoiler-icon-plus-circle su-spoiler-closed\" data-scroll-offset=\"0\" data-anchor-in-url=\"no\"><div class=\"su-spoiler-title\" tabindex=\"0\" role=\"button\"><span class=\"su-spoiler-icon\"><\/span>Apprentissage<\/div><div class=\"su-spoiler-content su-u-clearfix su-u-trim\"> Parcours accessible uniquement en alternance\u00a0: contrat d\u2019apprentissage <\/div><\/div> <div class=\"su-spoiler su-spoiler-style-fancy su-spoiler-icon-plus-circle su-spoiler-closed\" data-scroll-offset=\"0\" data-anchor-in-url=\"no\"><div class=\"su-spoiler-title\" tabindex=\"0\" role=\"button\"><span class=\"su-spoiler-icon\"><\/span>Ouverture \u00e0 l'international<\/div><div class=\"su-spoiler-content su-u-clearfix su-u-trim\"> Les \u00e9tudiants UHA 4.0 b\u00e9n\u00e9ficient des accords et relations de l\u2019Universit\u00e9 de Haute Alsace avec ses partenaires internationaux. Certains projets tuteur\u00e9s sont apport\u00e9s par des entreprises internationales, et les \u00e9tudiants b\u00e9n\u00e9ficient des ressources du Learning Center et de cours d\u2019anglais afin d\u2019accro\u00eetre leurs comp\u00e9tences en langues \u00e9trang\u00e8res. <strong>Vous avez \u00e9galement la possibilit\u00e9 d\u2019effectuer un semestre ou une ann\u00e9e \u00e0 l\u2019\u00e9tranger dans le cadre du programme Erasmus+.<\/strong> Pour plus de renseignements, consultez la rubrique <a href=\"https:\/\/www.fst.uha.fr\/index.php\/international\/\">International<\/a> <\/div><\/div> <div class=\"su-spoiler su-spoiler-style-fancy su-spoiler-icon-plus-circle su-spoiler-closed\" data-scroll-offset=\"0\" data-anchor-in-url=\"no\"><div class=\"su-spoiler-title\" tabindex=\"0\" role=\"button\"><span class=\"su-spoiler-icon\"><\/span>Les plus de la formation<\/div><div class=\"su-spoiler-content su-u-clearfix su-u-trim\"> Les \u00e9tudiants b\u00e9n\u00e9ficient d\u2019un accompagnement p\u00e9dagogique personnalis\u00e9 et sont immerg\u00e9s dans un contexte professionnel d\u00e8s la sortie du Bac gr\u00e2ce \u00e0 l\u2019alternance et aux projets tutor\u00e9s apport\u00e9s par des entreprises. <\/div><\/div> <\/div> <\/div><\/div> <div class=\"su-column su-column-size-1-4\"><div class=\"su-column-inner su-u-clearfix su-u-trim\">\r\n<h2>Responsable<\/h2>\r\n<p>Mounir ELBAZ <br \/>Courriel : <a href=\"mailto:mounir.elbaz@uha.fr\">mounir.elbaz@uha.fr<\/a> <div class=\"su-divider su-divider-style-default\" style=\"margin:15px 0;border-width:3px;border-color:#999999\"><\/div>\r\n<h2>Scolarit\u00e9<\/h2>\r\n<p>Courriel :<a href=\"mailto:uha40@uha.fr\" target=\"_blank\" rel=\"noopener\"> uha40@uha.fr<\/a> <br \/>T\u00e9l. : <a href=\"tel:0389336438\" target=\"_blank\" rel=\"noopener\">+33 (0)3 89 33 64 38<\/a> <div class=\"su-divider su-divider-style-default\" style=\"margin:15px 0;border-width:3px;border-color:#999999\"><\/div>\r\n<h2>En savoir plus<\/h2>\r\n<ul>\r\n<li><a href=\"https:\/\/www.uha4point0.fr\/\" target=\"_blank\" rel=\"noopener\">Site Web UHA 4.0<\/a><\/li>\r\n<li><a href=\"https:\/\/www.francecompetences.fr\/recherche\/rncp\/40319\/\" target=\"_blank\" rel=\"noopener\">Certification RNCP \u2013 France comp\u00e9tences<\/a><\/li>\r\n<\/ul>\r\n<\/div><\/div><\/div>\r\n\r\n<p>&nbsp;<\/p>\r\n","protected":false},"excerpt":{"rendered":"<p>\u00a0 &nbsp;<\/p>\n","protected":false},"author":14,"featured_media":0,"parent":85,"menu_order":0,"comment_status":"closed","ping_status":"closed","template":"","meta":{"footnotes":""},"categories":[],"tags":[],"class_list":["post-4795","page","type-page","status-publish","hentry"],"yoast_head":"<!-- This site is optimized with the Yoast SEO plugin v27.0 - https:\/\/yoast.com\/product\/yoast-seo-wordpress\/ -->\n<title>UHA 4.0 Licence Professionnelle M\u00e9tiers de l\u2019Informatique : Conception, d\u00e9veloppement et tests de logiciels - FST - Facult\u00e9 des Sciences et Techniques | Universit\u00e9 de Haute-Alsace<\/title>\n<meta name=\"robots\" content=\"index, follow, max-snippet:-1, max-image-preview:large, max-video-preview:-1\" \/>\n<link rel=\"canonical\" href=\"https:\/\/www.fst.uha.fr\/index.php\/formations\/licences\/uha-4-0-licence-professionnelle-metiers-de-linformatique-conception-developpement-et-tests-de-logiciels\/\" \/>\n<meta property=\"og:locale\" content=\"fr_FR\" \/>\n<meta property=\"og:type\" content=\"article\" \/>\n<meta property=\"og:title\" content=\"UHA 4.0 Licence Professionnelle M\u00e9tiers de l\u2019Informatique : Conception, d\u00e9veloppement et tests de logiciels - FST - Facult\u00e9 des Sciences et Techniques | Universit\u00e9 de Haute-Alsace\" \/>\n<meta property=\"og:description\" content=\"\u00a0 &nbsp;\" \/>\n<meta property=\"og:url\" content=\"https:\/\/www.fst.uha.fr\/index.php\/formations\/licences\/uha-4-0-licence-professionnelle-metiers-de-linformatique-conception-developpement-et-tests-de-logiciels\/\" \/>\n<meta property=\"og:site_name\" content=\"FST - Facult\u00e9 des Sciences et Techniques | Universit\u00e9 de Haute-Alsace\" \/>\n<meta property=\"article:modified_time\" content=\"2026-01-23T08:56:28+00:00\" \/>\n<meta property=\"og:image\" content=\"https:\/\/www.fst.uha.fr\/wp-content\/uploads\/2018\/06\/geqgqeg.png\" \/>\n\t<meta property=\"og:image:width\" content=\"1920\" \/>\n\t<meta property=\"og:image:height\" content=\"501\" \/>\n\t<meta property=\"og:image:type\" content=\"image\/png\" \/>\n<meta name=\"twitter:card\" content=\"summary_large_image\" \/>\n<meta name=\"twitter:label1\" content=\"Dur\u00e9e de lecture estim\u00e9e\" \/>\n\t<meta name=\"twitter:data1\" content=\"4 minutes\" \/>\n<script type=\"application\/ld+json\" class=\"yoast-schema-graph\">{\"@context\":\"https:\/\/schema.org\",\"@graph\":[{\"@type\":\"WebPage\",\"@id\":\"https:\/\/www.fst.uha.fr\/index.php\/formations\/licences\/uha-4-0-licence-professionnelle-metiers-de-linformatique-conception-developpement-et-tests-de-logiciels\/\",\"url\":\"https:\/\/www.fst.uha.fr\/index.php\/formations\/licences\/uha-4-0-licence-professionnelle-metiers-de-linformatique-conception-developpement-et-tests-de-logiciels\/\",\"name\":\"UHA 4.0 Licence Professionnelle M\u00e9tiers de l\u2019Informatique : Conception, d\u00e9veloppement et tests de logiciels - FST - Facult\u00e9 des Sciences et Techniques | Universit\u00e9 de Haute-Alsace\",\"isPartOf\":{\"@id\":\"https:\/\/www.fst.uha.fr\/#website\"},\"primaryImageOfPage\":{\"@id\":\"https:\/\/www.fst.uha.fr\/index.php\/formations\/licences\/uha-4-0-licence-professionnelle-metiers-de-linformatique-conception-developpement-et-tests-de-logiciels\/#primaryimage\"},\"image\":{\"@id\":\"https:\/\/www.fst.uha.fr\/index.php\/formations\/licences\/uha-4-0-licence-professionnelle-metiers-de-linformatique-conception-developpement-et-tests-de-logiciels\/#primaryimage\"},\"thumbnailUrl\":\"https:\/\/www.fst.uha.fr\/wp-content\/uploads\/2024\/09\/AdobeStock_323792539-scaled.jpeg\",\"datePublished\":\"2024-09-23T13:15:18+00:00\",\"dateModified\":\"2026-01-23T08:56:28+00:00\",\"breadcrumb\":{\"@id\":\"https:\/\/www.fst.uha.fr\/index.php\/formations\/licences\/uha-4-0-licence-professionnelle-metiers-de-linformatique-conception-developpement-et-tests-de-logiciels\/#breadcrumb\"},\"inLanguage\":\"fr-FR\",\"potentialAction\":[{\"@type\":\"ReadAction\",\"target\":[\"https:\/\/www.fst.uha.fr\/index.php\/formations\/licences\/uha-4-0-licence-professionnelle-metiers-de-linformatique-conception-developpement-et-tests-de-logiciels\/\"]}]},{\"@type\":\"ImageObject\",\"inLanguage\":\"fr-FR\",\"@id\":\"https:\/\/www.fst.uha.fr\/index.php\/formations\/licences\/uha-4-0-licence-professionnelle-metiers-de-linformatique-conception-developpement-et-tests-de-logiciels\/#primaryimage\",\"url\":\"https:\/\/www.fst.uha.fr\/wp-content\/uploads\/2018\/06\/geqgqeg.png\",\"contentUrl\":\"https:\/\/www.fst.uha.fr\/wp-content\/uploads\/2018\/06\/geqgqeg.png\",\"width\":1920,\"height\":501},{\"@type\":\"BreadcrumbList\",\"@id\":\"https:\/\/www.fst.uha.fr\/index.php\/formations\/licences\/uha-4-0-licence-professionnelle-metiers-de-linformatique-conception-developpement-et-tests-de-logiciels\/#breadcrumb\",\"itemListElement\":[{\"@type\":\"ListItem\",\"position\":1,\"name\":\"Accueil\",\"item\":\"https:\/\/www.fst.uha.fr\/\"},{\"@type\":\"ListItem\",\"position\":2,\"name\":\"Nos formations\",\"item\":\"https:\/\/www.fst.uha.fr\/index.php\/formations\/\"},{\"@type\":\"ListItem\",\"position\":3,\"name\":\"Licences\",\"item\":\"https:\/\/www.fst.uha.fr\/index.php\/formations\/licences\/\"},{\"@type\":\"ListItem\",\"position\":4,\"name\":\"UHA 4.0 Licence Professionnelle M\u00e9tiers de l\u2019Informatique : Conception, d\u00e9veloppement et tests de logiciels\"}]},{\"@type\":\"WebSite\",\"@id\":\"https:\/\/www.fst.uha.fr\/#website\",\"url\":\"https:\/\/www.fst.uha.fr\/\",\"name\":\"FST - Facult\u00e9 des Sciences et Techniques | Universit\u00e9 de Haute-Alsace\",\"description\":\"Campus Illberg | Universit\u00e9 de Haute-Alsace\",\"potentialAction\":[{\"@type\":\"SearchAction\",\"target\":{\"@type\":\"EntryPoint\",\"urlTemplate\":\"https:\/\/www.fst.uha.fr\/?s={search_term_string}\"},\"query-input\":{\"@type\":\"PropertyValueSpecification\",\"valueRequired\":true,\"valueName\":\"search_term_string\"}}],\"inLanguage\":\"fr-FR\"}]}<\/script>\n<!-- \/ Yoast SEO plugin. -->","yoast_head_json":{"title":"UHA 4.0 Licence Professionnelle M\u00e9tiers de l\u2019Informatique : Conception, d\u00e9veloppement et tests de logiciels - FST - Facult\u00e9 des Sciences et Techniques | Universit\u00e9 de Haute-Alsace","robots":{"index":"index","follow":"follow","max-snippet":"max-snippet:-1","max-image-preview":"max-image-preview:large","max-video-preview":"max-video-preview:-1"},"canonical":"https:\/\/www.fst.uha.fr\/index.php\/formations\/licences\/uha-4-0-licence-professionnelle-metiers-de-linformatique-conception-developpement-et-tests-de-logiciels\/","og_locale":"fr_FR","og_type":"article","og_title":"UHA 4.0 Licence Professionnelle M\u00e9tiers de l\u2019Informatique : Conception, d\u00e9veloppement et tests de logiciels - FST - Facult\u00e9 des Sciences et Techniques | Universit\u00e9 de Haute-Alsace","og_description":"\u00a0 &nbsp;","og_url":"https:\/\/www.fst.uha.fr\/index.php\/formations\/licences\/uha-4-0-licence-professionnelle-metiers-de-linformatique-conception-developpement-et-tests-de-logiciels\/","og_site_name":"FST - Facult\u00e9 des Sciences et Techniques | Universit\u00e9 de Haute-Alsace","article_modified_time":"2026-01-23T08:56:28+00:00","og_image":[{"width":1920,"height":501,"url":"https:\/\/www.fst.uha.fr\/wp-content\/uploads\/2018\/06\/geqgqeg.png","type":"image\/png"}],"twitter_card":"summary_large_image","twitter_misc":{"Dur\u00e9e de lecture estim\u00e9e":"4 minutes"},"schema":{"@context":"https:\/\/schema.org","@graph":[{"@type":"WebPage","@id":"https:\/\/www.fst.uha.fr\/index.php\/formations\/licences\/uha-4-0-licence-professionnelle-metiers-de-linformatique-conception-developpement-et-tests-de-logiciels\/","url":"https:\/\/www.fst.uha.fr\/index.php\/formations\/licences\/uha-4-0-licence-professionnelle-metiers-de-linformatique-conception-developpement-et-tests-de-logiciels\/","name":"UHA 4.0 Licence Professionnelle M\u00e9tiers de l\u2019Informatique : Conception, d\u00e9veloppement et tests de logiciels - FST - Facult\u00e9 des Sciences et Techniques | Universit\u00e9 de Haute-Alsace","isPartOf":{"@id":"https:\/\/www.fst.uha.fr\/#website"},"primaryImageOfPage":{"@id":"https:\/\/www.fst.uha.fr\/index.php\/formations\/licences\/uha-4-0-licence-professionnelle-metiers-de-linformatique-conception-developpement-et-tests-de-logiciels\/#primaryimage"},"image":{"@id":"https:\/\/www.fst.uha.fr\/index.php\/formations\/licences\/uha-4-0-licence-professionnelle-metiers-de-linformatique-conception-developpement-et-tests-de-logiciels\/#primaryimage"},"thumbnailUrl":"https:\/\/www.fst.uha.fr\/wp-content\/uploads\/2024\/09\/AdobeStock_323792539-scaled.jpeg","datePublished":"2024-09-23T13:15:18+00:00","dateModified":"2026-01-23T08:56:28+00:00","breadcrumb":{"@id":"https:\/\/www.fst.uha.fr\/index.php\/formations\/licences\/uha-4-0-licence-professionnelle-metiers-de-linformatique-conception-developpement-et-tests-de-logiciels\/#breadcrumb"},"inLanguage":"fr-FR","potentialAction":[{"@type":"ReadAction","target":["https:\/\/www.fst.uha.fr\/index.php\/formations\/licences\/uha-4-0-licence-professionnelle-metiers-de-linformatique-conception-developpement-et-tests-de-logiciels\/"]}]},{"@type":"ImageObject","inLanguage":"fr-FR","@id":"https:\/\/www.fst.uha.fr\/index.php\/formations\/licences\/uha-4-0-licence-professionnelle-metiers-de-linformatique-conception-developpement-et-tests-de-logiciels\/#primaryimage","url":"https:\/\/www.fst.uha.fr\/wp-content\/uploads\/2018\/06\/geqgqeg.png","contentUrl":"https:\/\/www.fst.uha.fr\/wp-content\/uploads\/2018\/06\/geqgqeg.png","width":1920,"height":501},{"@type":"BreadcrumbList","@id":"https:\/\/www.fst.uha.fr\/index.php\/formations\/licences\/uha-4-0-licence-professionnelle-metiers-de-linformatique-conception-developpement-et-tests-de-logiciels\/#breadcrumb","itemListElement":[{"@type":"ListItem","position":1,"name":"Accueil","item":"https:\/\/www.fst.uha.fr\/"},{"@type":"ListItem","position":2,"name":"Nos formations","item":"https:\/\/www.fst.uha.fr\/index.php\/formations\/"},{"@type":"ListItem","position":3,"name":"Licences","item":"https:\/\/www.fst.uha.fr\/index.php\/formations\/licences\/"},{"@type":"ListItem","position":4,"name":"UHA 4.0 Licence Professionnelle M\u00e9tiers de l\u2019Informatique : Conception, d\u00e9veloppement et tests de logiciels"}]},{"@type":"WebSite","@id":"https:\/\/www.fst.uha.fr\/#website","url":"https:\/\/www.fst.uha.fr\/","name":"FST - Facult\u00e9 des Sciences et Techniques | Universit\u00e9 de Haute-Alsace","description":"Campus Illberg | Universit\u00e9 de Haute-Alsace","potentialAction":[{"@type":"SearchAction","target":{"@type":"EntryPoint","urlTemplate":"https:\/\/www.fst.uha.fr\/?s={search_term_string}"},"query-input":{"@type":"PropertyValueSpecification","valueRequired":true,"valueName":"search_term_string"}}],"inLanguage":"fr-FR"}]}},"_links":{"self":[{"href":"https:\/\/www.fst.uha.fr\/index.php\/wp-json\/wp\/v2\/pages\/4795","targetHints":{"allow":["GET"]}}],"collection":[{"href":"https:\/\/www.fst.uha.fr\/index.php\/wp-json\/wp\/v2\/pages"}],"about":[{"href":"https:\/\/www.fst.uha.fr\/index.php\/wp-json\/wp\/v2\/types\/page"}],"author":[{"embeddable":true,"href":"https:\/\/www.fst.uha.fr\/index.php\/wp-json\/wp\/v2\/users\/14"}],"replies":[{"embeddable":true,"href":"https:\/\/www.fst.uha.fr\/index.php\/wp-json\/wp\/v2\/comments?post=4795"}],"version-history":[{"count":6,"href":"https:\/\/www.fst.uha.fr\/index.php\/wp-json\/wp\/v2\/pages\/4795\/revisions"}],"predecessor-version":[{"id":5392,"href":"https:\/\/www.fst.uha.fr\/index.php\/wp-json\/wp\/v2\/pages\/4795\/revisions\/5392"}],"up":[{"embeddable":true,"href":"https:\/\/www.fst.uha.fr\/index.php\/wp-json\/wp\/v2\/pages\/85"}],"wp:attachment":[{"href":"https:\/\/www.fst.uha.fr\/index.php\/wp-json\/wp\/v2\/media?parent=4795"}],"wp:term":[{"taxonomy":"category","embeddable":true,"href":"https:\/\/www.fst.uha.fr\/index.php\/wp-json\/wp\/v2\/categories?post=4795"},{"taxonomy":"post_tag","embeddable":true,"href":"https:\/\/www.fst.uha.fr\/index.php\/wp-json\/wp\/v2\/tags?post=4795"}],"curies":[{"name":"wp","href":"https:\/\/api.w.org\/{rel}","templated":true}]}}