{"id":5121,"date":"2025-07-17T15:31:47","date_gmt":"2025-07-17T13:31:47","guid":{"rendered":"https:\/\/www.fst.uha.fr\/?page_id=5121"},"modified":"2025-09-22T14:31:46","modified_gmt":"2025-09-22T12:31:46","slug":"concours-regional-faites-de-la-science","status":"publish","type":"page","link":"https:\/\/www.fst.uha.fr\/index.php\/concours-regional-faites-de-la-science\/","title":{"rendered":"Concours r\u00e9gional \u00ab\u00a0Faites de la science\u00a0\u00bb"},"content":{"rendered":"<p><img loading=\"lazy\" decoding=\"async\" class=\"alignnone size-full wp-image-5128\" src=\"https:\/\/www.fst.uha.fr\/wp-content\/uploads\/2025\/07\/banniere-fds-web-scaled.jpg\" alt=\"Concours faites de la science - 29 avril 2026\" width=\"2560\" height=\"800\" srcset=\"https:\/\/www.fst.uha.fr\/wp-content\/uploads\/2025\/07\/banniere-fds-web-scaled.jpg 2560w, https:\/\/www.fst.uha.fr\/wp-content\/uploads\/2025\/07\/banniere-fds-web-300x94.jpg 300w, https:\/\/www.fst.uha.fr\/wp-content\/uploads\/2025\/07\/banniere-fds-web-1024x320.jpg 1024w, https:\/\/www.fst.uha.fr\/wp-content\/uploads\/2025\/07\/banniere-fds-web-768x240.jpg 768w, https:\/\/www.fst.uha.fr\/wp-content\/uploads\/2025\/07\/banniere-fds-web-1536x480.jpg 1536w, https:\/\/www.fst.uha.fr\/wp-content\/uploads\/2025\/07\/banniere-fds-web-2048x640.jpg 2048w\" sizes=\"auto, (max-width: 2560px) 100vw, 2560px\" \/><\/p>\n<p>Le 29 avril 2026, <strong>La Facult\u00e9 des Sciences et Techniques (FST) \u00e0 l&rsquo;honneur d&rsquo;accueillir le concours &lsquo;Faites de la Science\u00a0\u00bb<\/strong>. Il s&rsquo;adresse aux \u00e9l\u00e8ves de lyc\u00e9es et coll\u00e8ges de l&rsquo;acad\u00e9mie de Strasbourg. Ce concours est organis\u00e9 sous l&rsquo;\u00e9gide de <a href=\"https:\/\/cdus.fr\/\" target=\"_blank\" rel=\"noopener\">la CDUS<\/a> (Conf\u00e9rence des Doyens et directeurs des UFR Scientifiques de France). <strong>Ses objectifs sont multiples :<\/strong><\/p>\n<p>\u2013 <strong>D\u00e9velopper l\u2019int\u00e9r\u00eat<\/strong> des jeunes pour les sciences par la r\u00e9alisation de projets concrets et attrayants.<br data-rich-text-line-break=\"true\" \/>\u2013 <strong>Susciter leur curiosit\u00e9<\/strong> et leur enthousiasme pour les \u00e9tudes scientifiques.<br data-rich-text-line-break=\"true\" \/>\u2013 <strong>D\u00e9velopper une culture scientifique<\/strong> de base aupr\u00e8s du plus grand nombre d\u2019entre eux, en soutenant les initiatives de sensibilisation des jeunes \u00e0 la recherche scientifique au sein des \u00e9tablissements du second degr\u00e9.<br \/>\n\u2013 <strong>Attirer les talents de demain<\/strong> dans le domaine des sciences<\/p>\n<h2>Comment participer au concours ?<\/h2>\n<p>Pour inscrire votre \u00e9tablissement au concours \u00ab\u00a0Faites de la science\u00a0\u00bb, nous vous invitons \u00e0 remplir <a href=\"https:\/\/www.fst.uha.fr\/wp-content\/uploads\/2025\/07\/Dossier-de-candidature-2025-2026-organisateurs-locaux.pdf\" target=\"_blank\" rel=\"noopener\">le formulaire du dossier de candidature<\/a>. Vous pouvez \u00e9galement retrouver toutes les informations <a href=\"https:\/\/www.faitesdelascience.com\/?page_id=98\" target=\"_blank\" rel=\"noopener\">dans le r\u00e8glement du concours<\/a><\/p>\n<h3>Vous aussi, en tant qu&rsquo;entreprise, vous pouvez participer !<\/h3>\n<p>En tant qu&rsquo;entreprise, <strong>vous pouvez soutenir financi\u00e8rement le concours<\/strong>.<\/p>\n<p>Gr\u00e2ce \u00e0 votre soutien, nous pourrons r\u00e9compenser les \u00e9l\u00e8ves pour leur travail et leur engagement ! Vous avez \u00e9galement la possibilit\u00e9 de participer au jury du concours qui aura lieu le 29 avril au sein de la FST.<\/p>\n<p><strong>Si cela vous int\u00e9resse, contactez-nous \u00e0 l&rsquo;adresse <a href=\"mailto:concours.fds.fst@uha.fr\">concours.fds.fst@uha.fr<\/a> pour recevoir toutes les informations n\u00e9cessaires.<\/strong><\/p>\n<h2>Un concours r\u00e9gional et national<\/h2>\n<p>Dans la phase r\u00e9gionale, les \u00e9tablissements du second degr\u00e9 r\u00e9pondent \u00e0 <strong>un appel \u00e0 projets lanc\u00e9<\/strong> <strong>en septembre 2025.\u00a0<\/strong>A partir de la mi-d\u00e9cembre, une s\u00e9lection d&rsquo;un maximum de 10 projets est r\u00e9alis\u00e9e par un jury local. <strong>Les projets retenus recevront une bourse de 300\u20ac<\/strong> pour les aider dans leur r\u00e9alisation.<\/p>\n<p><strong>Le 29 avril 2026, des \u00e9l\u00e8ves ambassadeurs pr\u00e9senteront leurs projets devant le jury<\/strong>. Un prix sera d\u00e9cern\u00e9 \u00e0 chaque groupe et les laur\u00e9ats du concours obtiendront le financement de leur d\u00e9placement \u00e0 la finale nationale. au cours de laquelle ils repr\u00e9senteront l\u2019Alsace ! Elle aura lieu du 4 au 6 juin 2025 \u00e0 l&rsquo;Universit\u00e9 de Bretagne Occidentale.<\/p>\n","protected":false},"excerpt":{"rendered":"<p>Le 29 avril 2026, La Facult\u00e9 des Sciences et Techniques (FST) \u00e0 l&rsquo;honneur d&rsquo;accueillir le concours &lsquo;Faites de la Science\u00a0\u00bb. Il s&rsquo;adresse aux \u00e9l\u00e8ves de lyc\u00e9es et coll\u00e8ges de l&rsquo;acad\u00e9mie de Strasbourg. Ce concours est organis\u00e9 sous l&rsquo;\u00e9gide de la CDUS (Conf\u00e9rence des Doyens et directeurs des UFR Scientifiques de France). Ses objectifs sont multiples [&hellip;]<\/p>\n","protected":false},"author":14,"featured_media":5130,"parent":0,"menu_order":0,"comment_status":"closed","ping_status":"closed","template":"","meta":{"footnotes":""},"categories":[3,13,9],"tags":[],"class_list":["post-5121","page","type-page","status-publish","has-post-thumbnail","hentry","category-actualites","category-articles","category-entreprises"],"yoast_head":"<!-- This site is optimized with the Yoast SEO plugin v27.0 - https:\/\/yoast.com\/product\/yoast-seo-wordpress\/ -->\n<title>Concours r\u00e9gional &quot;Faites de la science&quot; - FST - Facult\u00e9 des Sciences et Techniques | Universit\u00e9 de Haute-Alsace<\/title>\n<meta name=\"robots\" content=\"index, follow, max-snippet:-1, max-image-preview:large, max-video-preview:-1\" \/>\n<link rel=\"canonical\" href=\"https:\/\/www.fst.uha.fr\/index.php\/concours-regional-faites-de-la-science\/\" \/>\n<meta property=\"og:locale\" content=\"fr_FR\" \/>\n<meta property=\"og:type\" content=\"article\" \/>\n<meta property=\"og:title\" content=\"Concours r\u00e9gional &quot;Faites de la science&quot; - FST - Facult\u00e9 des Sciences et Techniques | Universit\u00e9 de Haute-Alsace\" \/>\n<meta property=\"og:description\" content=\"Le 29 avril 2026, La Facult\u00e9 des Sciences et Techniques (FST) \u00e0 l&rsquo;honneur d&rsquo;accueillir le concours &lsquo;Faites de la Science\u00a0\u00bb. Il s&rsquo;adresse aux \u00e9l\u00e8ves de lyc\u00e9es et coll\u00e8ges de l&rsquo;acad\u00e9mie de Strasbourg. Ce concours est organis\u00e9 sous l&rsquo;\u00e9gide de la CDUS (Conf\u00e9rence des Doyens et directeurs des UFR Scientifiques de France). Ses objectifs sont multiples [&hellip;]\" \/>\n<meta property=\"og:url\" content=\"https:\/\/www.fst.uha.fr\/index.php\/concours-regional-faites-de-la-science\/\" \/>\n<meta property=\"og:site_name\" content=\"FST - Facult\u00e9 des Sciences et Techniques | Universit\u00e9 de Haute-Alsace\" \/>\n<meta property=\"article:modified_time\" content=\"2025-09-22T12:31:46+00:00\" \/>\n<meta property=\"og:image\" content=\"https:\/\/www.fst.uha.fr\/wp-content\/uploads\/2025\/07\/vignette-fds-web.jpg\" \/>\n\t<meta property=\"og:image:width\" content=\"368\" \/>\n\t<meta property=\"og:image:height\" content=\"368\" \/>\n\t<meta property=\"og:image:type\" content=\"image\/jpeg\" \/>\n<meta name=\"twitter:card\" content=\"summary_large_image\" \/>\n<meta name=\"twitter:label1\" content=\"Dur\u00e9e de lecture estim\u00e9e\" \/>\n\t<meta name=\"twitter:data1\" content=\"3 minutes\" \/>\n<script type=\"application\/ld+json\" class=\"yoast-schema-graph\">{\"@context\":\"https:\/\/schema.org\",\"@graph\":[{\"@type\":\"WebPage\",\"@id\":\"https:\/\/www.fst.uha.fr\/index.php\/concours-regional-faites-de-la-science\/\",\"url\":\"https:\/\/www.fst.uha.fr\/index.php\/concours-regional-faites-de-la-science\/\",\"name\":\"Concours r\u00e9gional \\\"Faites de la science\\\" - FST - Facult\u00e9 des Sciences et Techniques | Universit\u00e9 de Haute-Alsace\",\"isPartOf\":{\"@id\":\"https:\/\/www.fst.uha.fr\/#website\"},\"primaryImageOfPage\":{\"@id\":\"https:\/\/www.fst.uha.fr\/index.php\/concours-regional-faites-de-la-science\/#primaryimage\"},\"image\":{\"@id\":\"https:\/\/www.fst.uha.fr\/index.php\/concours-regional-faites-de-la-science\/#primaryimage\"},\"thumbnailUrl\":\"https:\/\/www.fst.uha.fr\/wp-content\/uploads\/2025\/07\/vignette-fds-web.jpg\",\"datePublished\":\"2025-07-17T13:31:47+00:00\",\"dateModified\":\"2025-09-22T12:31:46+00:00\",\"breadcrumb\":{\"@id\":\"https:\/\/www.fst.uha.fr\/index.php\/concours-regional-faites-de-la-science\/#breadcrumb\"},\"inLanguage\":\"fr-FR\",\"potentialAction\":[{\"@type\":\"ReadAction\",\"target\":[\"https:\/\/www.fst.uha.fr\/index.php\/concours-regional-faites-de-la-science\/\"]}]},{\"@type\":\"ImageObject\",\"inLanguage\":\"fr-FR\",\"@id\":\"https:\/\/www.fst.uha.fr\/index.php\/concours-regional-faites-de-la-science\/#primaryimage\",\"url\":\"https:\/\/www.fst.uha.fr\/wp-content\/uploads\/2025\/07\/vignette-fds-web.jpg\",\"contentUrl\":\"https:\/\/www.fst.uha.fr\/wp-content\/uploads\/2025\/07\/vignette-fds-web.jpg\",\"width\":368,\"height\":368,\"caption\":\"Concours faites de la science - 29 avril 2026\"},{\"@type\":\"BreadcrumbList\",\"@id\":\"https:\/\/www.fst.uha.fr\/index.php\/concours-regional-faites-de-la-science\/#breadcrumb\",\"itemListElement\":[{\"@type\":\"ListItem\",\"position\":1,\"name\":\"Accueil\",\"item\":\"https:\/\/www.fst.uha.fr\/\"},{\"@type\":\"ListItem\",\"position\":2,\"name\":\"Concours r\u00e9gional \u00ab\u00a0Faites de la science\u00a0\u00bb\"}]},{\"@type\":\"WebSite\",\"@id\":\"https:\/\/www.fst.uha.fr\/#website\",\"url\":\"https:\/\/www.fst.uha.fr\/\",\"name\":\"FST - Facult\u00e9 des Sciences et Techniques | Universit\u00e9 de Haute-Alsace\",\"description\":\"Campus Illberg | Universit\u00e9 de Haute-Alsace\",\"potentialAction\":[{\"@type\":\"SearchAction\",\"target\":{\"@type\":\"EntryPoint\",\"urlTemplate\":\"https:\/\/www.fst.uha.fr\/?s={search_term_string}\"},\"query-input\":{\"@type\":\"PropertyValueSpecification\",\"valueRequired\":true,\"valueName\":\"search_term_string\"}}],\"inLanguage\":\"fr-FR\"}]}<\/script>\n<!-- \/ Yoast SEO plugin. -->","yoast_head_json":{"title":"Concours r\u00e9gional \"Faites de la science\" - FST - Facult\u00e9 des Sciences et Techniques | Universit\u00e9 de Haute-Alsace","robots":{"index":"index","follow":"follow","max-snippet":"max-snippet:-1","max-image-preview":"max-image-preview:large","max-video-preview":"max-video-preview:-1"},"canonical":"https:\/\/www.fst.uha.fr\/index.php\/concours-regional-faites-de-la-science\/","og_locale":"fr_FR","og_type":"article","og_title":"Concours r\u00e9gional \"Faites de la science\" - FST - Facult\u00e9 des Sciences et Techniques | Universit\u00e9 de Haute-Alsace","og_description":"Le 29 avril 2026, La Facult\u00e9 des Sciences et Techniques (FST) \u00e0 l&rsquo;honneur d&rsquo;accueillir le concours &lsquo;Faites de la Science\u00a0\u00bb. Il s&rsquo;adresse aux \u00e9l\u00e8ves de lyc\u00e9es et coll\u00e8ges de l&rsquo;acad\u00e9mie de Strasbourg. Ce concours est organis\u00e9 sous l&rsquo;\u00e9gide de la CDUS (Conf\u00e9rence des Doyens et directeurs des UFR Scientifiques de France). Ses objectifs sont multiples [&hellip;]","og_url":"https:\/\/www.fst.uha.fr\/index.php\/concours-regional-faites-de-la-science\/","og_site_name":"FST - Facult\u00e9 des Sciences et Techniques | Universit\u00e9 de Haute-Alsace","article_modified_time":"2025-09-22T12:31:46+00:00","og_image":[{"width":368,"height":368,"url":"https:\/\/www.fst.uha.fr\/wp-content\/uploads\/2025\/07\/vignette-fds-web.jpg","type":"image\/jpeg"}],"twitter_card":"summary_large_image","twitter_misc":{"Dur\u00e9e de lecture estim\u00e9e":"3 minutes"},"schema":{"@context":"https:\/\/schema.org","@graph":[{"@type":"WebPage","@id":"https:\/\/www.fst.uha.fr\/index.php\/concours-regional-faites-de-la-science\/","url":"https:\/\/www.fst.uha.fr\/index.php\/concours-regional-faites-de-la-science\/","name":"Concours r\u00e9gional \"Faites de la science\" - FST - Facult\u00e9 des Sciences et Techniques | Universit\u00e9 de Haute-Alsace","isPartOf":{"@id":"https:\/\/www.fst.uha.fr\/#website"},"primaryImageOfPage":{"@id":"https:\/\/www.fst.uha.fr\/index.php\/concours-regional-faites-de-la-science\/#primaryimage"},"image":{"@id":"https:\/\/www.fst.uha.fr\/index.php\/concours-regional-faites-de-la-science\/#primaryimage"},"thumbnailUrl":"https:\/\/www.fst.uha.fr\/wp-content\/uploads\/2025\/07\/vignette-fds-web.jpg","datePublished":"2025-07-17T13:31:47+00:00","dateModified":"2025-09-22T12:31:46+00:00","breadcrumb":{"@id":"https:\/\/www.fst.uha.fr\/index.php\/concours-regional-faites-de-la-science\/#breadcrumb"},"inLanguage":"fr-FR","potentialAction":[{"@type":"ReadAction","target":["https:\/\/www.fst.uha.fr\/index.php\/concours-regional-faites-de-la-science\/"]}]},{"@type":"ImageObject","inLanguage":"fr-FR","@id":"https:\/\/www.fst.uha.fr\/index.php\/concours-regional-faites-de-la-science\/#primaryimage","url":"https:\/\/www.fst.uha.fr\/wp-content\/uploads\/2025\/07\/vignette-fds-web.jpg","contentUrl":"https:\/\/www.fst.uha.fr\/wp-content\/uploads\/2025\/07\/vignette-fds-web.jpg","width":368,"height":368,"caption":"Concours faites de la science - 29 avril 2026"},{"@type":"BreadcrumbList","@id":"https:\/\/www.fst.uha.fr\/index.php\/concours-regional-faites-de-la-science\/#breadcrumb","itemListElement":[{"@type":"ListItem","position":1,"name":"Accueil","item":"https:\/\/www.fst.uha.fr\/"},{"@type":"ListItem","position":2,"name":"Concours r\u00e9gional \u00ab\u00a0Faites de la science\u00a0\u00bb"}]},{"@type":"WebSite","@id":"https:\/\/www.fst.uha.fr\/#website","url":"https:\/\/www.fst.uha.fr\/","name":"FST - Facult\u00e9 des Sciences et Techniques | Universit\u00e9 de Haute-Alsace","description":"Campus Illberg | Universit\u00e9 de Haute-Alsace","potentialAction":[{"@type":"SearchAction","target":{"@type":"EntryPoint","urlTemplate":"https:\/\/www.fst.uha.fr\/?s={search_term_string}"},"query-input":{"@type":"PropertyValueSpecification","valueRequired":true,"valueName":"search_term_string"}}],"inLanguage":"fr-FR"}]}},"_links":{"self":[{"href":"https:\/\/www.fst.uha.fr\/index.php\/wp-json\/wp\/v2\/pages\/5121","targetHints":{"allow":["GET"]}}],"collection":[{"href":"https:\/\/www.fst.uha.fr\/index.php\/wp-json\/wp\/v2\/pages"}],"about":[{"href":"https:\/\/www.fst.uha.fr\/index.php\/wp-json\/wp\/v2\/types\/page"}],"author":[{"embeddable":true,"href":"https:\/\/www.fst.uha.fr\/index.php\/wp-json\/wp\/v2\/users\/14"}],"replies":[{"embeddable":true,"href":"https:\/\/www.fst.uha.fr\/index.php\/wp-json\/wp\/v2\/comments?post=5121"}],"version-history":[{"count":9,"href":"https:\/\/www.fst.uha.fr\/index.php\/wp-json\/wp\/v2\/pages\/5121\/revisions"}],"predecessor-version":[{"id":5195,"href":"https:\/\/www.fst.uha.fr\/index.php\/wp-json\/wp\/v2\/pages\/5121\/revisions\/5195"}],"wp:featuredmedia":[{"embeddable":true,"href":"https:\/\/www.fst.uha.fr\/index.php\/wp-json\/wp\/v2\/media\/5130"}],"wp:attachment":[{"href":"https:\/\/www.fst.uha.fr\/index.php\/wp-json\/wp\/v2\/media?parent=5121"}],"wp:term":[{"taxonomy":"category","embeddable":true,"href":"https:\/\/www.fst.uha.fr\/index.php\/wp-json\/wp\/v2\/categories?post=5121"},{"taxonomy":"post_tag","embeddable":true,"href":"https:\/\/www.fst.uha.fr\/index.php\/wp-json\/wp\/v2\/tags?post=5121"}],"curies":[{"name":"wp","href":"https:\/\/api.w.org\/{rel}","templated":true}]}}