{"id":621,"date":"2018-06-07T16:00:26","date_gmt":"2018-06-07T14:00:26","guid":{"rendered":"https:\/\/www.fst.uha.fr\/?page_id=621"},"modified":"2026-01-23T09:53:16","modified_gmt":"2026-01-23T08:53:16","slug":"licence-renforcee-physchem","status":"publish","type":"page","link":"https:\/\/www.fst.uha.fr\/index.php\/formations\/licences\/licence-renforcee-physchem\/","title":{"rendered":"Licence renforc\u00e9e Physchem"},"content":{"rendered":"<p><a href=\"https:\/\/www.fst.uha.fr\/index.php\/formations\/\">Licences<\/a> &gt; <strong>Licence renforc\u00e9e Physchem<br \/><\/strong><\/p>\r\n<p>Lien vers la <a href=\"https:\/\/dossier.parcoursup.fr\/Candidats\/public\/fiches\/afficherFicheFormation?g_ta_cod=8144&amp;typeBac=0\" target=\"_blank\" rel=\"noopener noreferrer\">formation sur PARCOURSUP 2026<\/a><\/p>\r\n<p><img loading=\"lazy\" decoding=\"async\" class=\"alignnone size-full wp-image-622\" src=\"https:\/\/www.fst.uha.fr\/wp-content\/uploads\/2018\/06\/Physchem.png\" alt=\"\" width=\"1920\" height=\"501\" srcset=\"https:\/\/www.fst.uha.fr\/wp-content\/uploads\/2018\/06\/Physchem.png 1920w, https:\/\/www.fst.uha.fr\/wp-content\/uploads\/2018\/06\/Physchem-300x78.png 300w, https:\/\/www.fst.uha.fr\/wp-content\/uploads\/2018\/06\/Physchem-768x200.png 768w, https:\/\/www.fst.uha.fr\/wp-content\/uploads\/2018\/06\/Physchem-1024x267.png 1024w\" sizes=\"auto, (max-width: 1920px) 100vw, 1920px\" \/><\/p>\r\n<div class=\"su-row\"><div class=\"su-column su-column-size-3-4\"><div class=\"su-column-inner su-u-clearfix su-u-trim\">\r\n<h2>Pr\u00e9sentation<\/h2>\r\n<p>Ce parcours s\u00e9lectif s\u2019appuie sur la formation g\u00e9n\u00e9rale de la licence de Physique et de Chimie. Il offre un niveau de connaissance renforc\u00e9 en Physique et \/ou en Chimie, ainsi qu\u2019une formation g\u00e9n\u00e9rale en Math\u00e9matiques. Cette formation bi-disciplinaire de Physique et de Chimie int\u00e8gre \u00e9galement une Classe Universitaire Pr\u00e9paratoire aux concours d\u2019entr\u00e9e aux Grandes \u00c9coles d\u2019ing\u00e9nieurs (CUPGE).<\/p>\r\n<p><strong>Des partenariats avec les \u00e9coles d\u2019ing\u00e9nieurs mulhousiennes (<a href=\"http:\/\/www.ensisa.uha.fr\/\">ENSISA<\/a>, <a href=\"http:\/\/www.enscmu.uha.fr\/\">ENSCMu<\/a>) en font une fili\u00e8re privil\u00e9gi\u00e9e pour les \u00e9tudiants souhaitant int\u00e9grer ces \u00e9coles, sans toutefois r\u00e9duire le spectre des possibilit\u00e9s pour d\u2019autres formations.<\/strong> Ce parcours permet \u00e9galement la pleine r\u00e9alisation d\u2019un Master de Mat\u00e9riaux dans le domaine des Nanosciences en particulier, pour lequel la double comp\u00e9tence Physique et Chimie au niveau licence est primordiale. La sp\u00e9cialisation en Physique ou en Chimie intervient progressivement \u00e0 partir de la deuxi\u00e8me ann\u00e9e du cursus.<\/p>\r\n<h2>Objectifs<\/h2>\r\n<p><strong>L\u2019objectif de ce parcours est de donner aux \u00e9tudiants une formation et des comp\u00e9tences g\u00e9n\u00e9rales et solide en Physique, Chimie et Math\u00e9matiques.<\/strong> Son int\u00e9r\u00eat est double :<\/p>\r\n<ul>\r\n<li>Parall\u00e8lement \u00e0 la Licence de Physique\/chimie, les enseignements de renforts des deux premi\u00e8res ann\u00e9es sont consacr\u00e9s \u00e0 la pr\u00e9paration aux concours d\u2019entr\u00e9e aux \u00c9coles d\u2019ing\u00e9nieurs au niveau national (int\u00e9gration en premi\u00e8re ann\u00e9e de cycle ing\u00e9nieur).<\/li>\r\n<li>La troisi\u00e8me ann\u00e9e propose un approfondissement des connaissances pour candidater en Master et des enseignements professionnalisants afin de faciliter l\u2019int\u00e9gration dans le monde professionnel.<\/li>\r\n<\/ul>\r\n<div class=\"su-accordion su-u-trim\"><div class=\"su-spoiler su-spoiler-style-fancy su-spoiler-icon-plus-circle su-spoiler-closed\" data-scroll-offset=\"0\" data-anchor-in-url=\"no\"><div class=\"su-spoiler-title\" tabindex=\"0\" role=\"button\"><span class=\"su-spoiler-icon\"><\/span>Admission<\/div><div class=\"su-spoiler-content su-u-clearfix su-u-trim\">\r\n<ul>\r\n<li><strong>Admission en L1 :<\/strong> Baccalaur\u00e9at g\u00e9n\u00e9ral \u00e0 dominante Scientifique, avec mention, et apr\u00e8s \u00e9valuation du dossier sur Parcoursup. L&rsquo;outil math\u00e9matique \u00e9tant essentiel pour la r\u00e9ussite dans cette fili\u00e8re, voici les profils conseill\u00e9s des candidats par ordre de pr\u00e9f\u00e9rence :<\/li>\r\n<\/ul>\r\n<p>\u00a0\u00a0\u00a0\u00a0\u00a0\u00a0\u00a0\u00a0\u00a0 1. Sp\u00e9cialit\u00e9 Math\u00e9matiques en Terminale et \u00e9ventuellement une autre sp\u00e9cialit\u00e9 scientifique (Physique-Chimie, SVT ou SI).<\/p>\r\n<p>\u00a0 \u00a0 \u00a0 \u00a0 \u00a0 2. Sp\u00e9cialit\u00e9 Physique-Chimie ou Sciences de l\u2019ing\u00e9nieur, accompagn\u00e9e obligatoirement de l\u2019Option math\u00e9matiques compl\u00e9mentaires, avec un tr\u00e8s bon niveau.<\/p>\r\n<p>\u00a0 \u00a0 \u00a0 \u00a0 \u00a0 3. Baccalaur\u00e9at STI2D avec un excellent niveau.<\/p>\r\n<p>Lien vers la <a href=\"https:\/\/dossier.parcoursup.fr\/Candidats\/public\/fiches\/afficherFicheFormation?g_ta_cod=8144&amp;typeBac=0\" target=\"_blank\" rel=\"noopener noreferrer\">formation sur PARCOURSUP 2026<\/a><\/p>\r\n<ul>\r\n<li><strong>Admission en L2 ou L3<\/strong> : Classe pr\u00e9paratoire ou L1\/L2 uniquement par dossier \u00e9lectronique sur la plateforme <a href=\"https:\/\/ecandidat.uha.fr\" target=\"_blank\" rel=\"noopener\">https:\/\/ecandidat.uha.fr<\/a> (p\u00e9riode de candidature de mi avril \u00e0 fin mai).<\/li>\r\n<\/ul>\r\n<\/div><\/div><div class=\"su-spoiler su-spoiler-style-fancy su-spoiler-icon-plus-circle su-spoiler-closed\" data-scroll-offset=\"0\" data-anchor-in-url=\"no\"><div class=\"su-spoiler-title\" tabindex=\"0\" role=\"button\"><span class=\"su-spoiler-icon\"><\/span>Poursuite d\u2019\u00e9tudes<\/div><div class=\"su-spoiler-content su-u-clearfix su-u-trim\">\r\n<ul>\r\n<li>Entr\u00e9e en premi\u00e8re ann\u00e9e d\u2019\u00c9cole d\u2019ing\u00e9nieurs apr\u00e8s concours ou dossiers (Partenariat ENSISA \u2013 ENSCMu \u2013 Mines Nancy, concours Pass\u2019Ing\u00e9nieur, ParisTech, PolyTech, etc\u2026)<\/li>\r\n<li>Masters du domaine Physique, Chimie ou Mat\u00e9riaux (Recherche et D\u00e9veloppement), gestion des risques et environnements<\/li>\r\n<li>Master m\u00e9tiers de l\u2019enseignement, de l\u2019\u00e9ducation et de la formation (MEEF)<\/li>\r\n<\/ul>\r\n<\/div><\/div><div class=\"su-spoiler su-spoiler-style-fancy su-spoiler-icon-plus-circle su-spoiler-closed\" data-scroll-offset=\"0\" data-anchor-in-url=\"no\"><div class=\"su-spoiler-title\" tabindex=\"0\" role=\"button\"><span class=\"su-spoiler-icon\"><\/span>Modalit\u00e9s d\u2019enseignements<\/div><div class=\"su-spoiler-content su-u-clearfix su-u-trim\">\r\n<p>Le parcours renforc\u00e9 PhysChem comprend un volume d\u2019enseignement d\u2019environ 2100 heures sur 3 ans. Ces enseignements, r\u00e9partis en Cours Int\u00e9gr\u00e9s (CI), Cours Magistraux (CM), Travaux dirig\u00e9s (TD), Travaux pratiques (TP) et Projets, sont regroup\u00e9s en Blocs de Comp\u00e9tences auxquels sont affect\u00e9s un nombre d\u2019ECTS (European Credits Transfer System). <strong>Un semestre universitaire repr\u00e9sente 30 ECTS et le dipl\u00f4me de licence est d\u00e9livr\u00e9 apr\u00e8s l\u2019obtention de 180 ECTS.<\/strong><\/p>\r\n<p>La professionnalisation est introduite par l\u2019existence, \u00e0 chaque semestre, d\u2019une UE visant \u00e0 pr\u00e9parer l\u2019\u00e9tudiant dans le cadre de son projet professionnel. <strong>L\u2019\u00e9tudiant aura \u00e9galement la possibilit\u00e9 d\u2019int\u00e9grer le monde professionnel au travers d\u2019un stage obligatoire (8 semaines en 3\u00e8me ann\u00e9e) ou de stages volontaires suppl\u00e9mentaires.<\/strong><\/p>\r\n<p>Les enseignements de renforts s\u2019articulent dans un Bloc de Comp\u00e9tences suppl\u00e9mentaire dispens\u00e9 pendant les 3 ann\u00e9es et permet d\u2019obtenir progressivement jusqu\u2019\u00e0 30 cr\u00e9dits ECTS suppl\u00e9mentaires. Ces cr\u00e9dits (dits Hors-Maquette) ne permettent pas de compenser des cr\u00e9dits manquants pour l\u2019obtention d\u2019un semestre, mais sont capitalisables et facilitent l\u2019accession \u00e0 certains Masters de haut niveau sous forme de suppl\u00e9ments au Dipl\u00f4me de la Licence.<\/p>\r\n<\/div><\/div>\r\n<div class=\"su-spoiler su-spoiler-style-fancy su-spoiler-icon-plus-circle su-spoiler-closed\" data-scroll-offset=\"0\" data-anchor-in-url=\"no\"><div class=\"su-spoiler-title\" tabindex=\"0\" role=\"button\"><span class=\"su-spoiler-icon\"><\/span>Comp\u00e9tences d\u00e9velopp\u00e9es<\/div><div class=\"su-spoiler-content su-u-clearfix su-u-trim\">\r\n<p><strong>Le programme de cette licence s\u2019articule autour de 5 grandes comp\u00e9tences d\u00e9finies en 3 niveaux progressifs acquis au cours des trois ann\u00e9es de formation\u00a0:<\/strong><\/p>\r\n<p>Le premier Bloc de Comp\u00e9tences concerne des savoir fondamentaux en Physique et en Chimie qui permettront \u00e0 terme \u00e0 l\u2019\u00e9tudiant d\u2019analyser, mod\u00e9liser et r\u00e9soudre des probl\u00e8mes complexes.<\/p>\r\n<p>Ce bloc s\u2019accompagne d\u2019un Bloc de Comp\u00e9tences exp\u00e9rimentales visant \u00e0 mettre en \u0153uvre une d\u00e9marche exp\u00e9rimentale et en communiquer les r\u00e9sultats scientifiques.<\/p>\r\n<p>Ces deux blocs s\u2019accompagnent d\u2019un troisi\u00e8me Bloc de Comp\u00e9tences n\u00e9cessitant la ma\u00eetrise et l\u2019utilisation de l\u2019outil math\u00e9matique et des outils num\u00e9riques.<\/p>\r\n<p>Un quatri\u00e8me bloc de comp\u00e9tence compl\u00e8te la formation par une approche transversale et pluridisciplinaire permettant \u00e0 l\u2019\u00e9tudiant de d\u00e9velopper son projet professionnel, son int\u00e9gration dans le monde du travail en d\u00e9veloppant ses comp\u00e9tences de communication en langue fran\u00e7aise ou \u00e9trang\u00e8re.<\/p>\r\n<p>Le cinqui\u00e8me bloc de comp\u00e9tences est sp\u00e9cifique au parcours renforc\u00e9, et permet essentiellement l\u2019approfondissement du premier Bloc de Comp\u00e9tences, tout en permettant \u00e9galement \u00e0 l\u2019\u00e9tudiant de se pr\u00e9parer aux \u00e9preuves d\u2019entr\u00e9e en \u00e9cole d\u2019ing\u00e9nieur ou d\u2019entretien oral pour sa poursuite d\u2019\u00e9tude<\/p>\r\n<\/div><\/div>\r\n<div class=\"su-spoiler su-spoiler-style-fancy su-spoiler-icon-plus-circle su-spoiler-closed\" data-scroll-offset=\"0\" data-anchor-in-url=\"no\"><div class=\"su-spoiler-title\" tabindex=\"0\" role=\"button\"><span class=\"su-spoiler-icon\"><\/span>Programme<\/div><div class=\"su-spoiler-content su-u-clearfix su-u-trim\">Ce parcours de licence s\u2019articule en 3 ann\u00e9es :<\/p>\r\n<ol>\r\n<li><strong>Premi\u00e8re ann\u00e9e commune (L1)<\/strong> :<br \/>Formation pluridisciplinaire Physique, Chimie, Math\u00e9matiques et Informatique au premier semestre.<br \/>Formation pluridisciplinaire Physique, Chimie, Math\u00e9matiques, au second semestre.<br \/>Chaque semestre propose des UE de renforts en Math\u00e9matiques, Physique et Chimie.<\/li>\r\n<li><strong>Deuxi\u00e8me ann\u00e9e (L2)<\/strong> :<br \/>Formation pluridisciplinaire Physique, Chimie et Math\u00e9matiques au troisi\u00e8me semestre.<br \/>Formation pluridisciplinaire Physique, Chimie, Math\u00e9matiques au quatri\u00e8me semestre.<br \/>La sp\u00e9cialisation d\u00e9bute au quatri\u00e8me semestre en proposant deux UE de renforts sp\u00e9cialis\u00e9es et deux UE g\u00e9n\u00e9rales. Une pr\u00e9paration sp\u00e9ciale aux \u00e9preuves d\u2019entretien en anglais et en fran\u00e7ais des concours d\u2019entr\u00e9e en \u00c9cole d\u2019ing\u00e9nieurs est propos\u00e9e.<\/li>\r\n<li><strong>Troisi\u00e8me ann\u00e9e (L3)<\/strong> :<br \/>Formation disciplinaire Physique ou Chimie, avec des compl\u00e9ments de Math\u00e9matiques et Mat\u00e9riaux, au cinqui\u00e8me et sixi\u00e8me semestre ainsi que des UE de renforts disciplinaires pour une pr\u00e9paration au Master.<br \/>Un stage (8 semaines) est r\u00e9alis\u00e9 dans l\u2019industrie ou un laboratoire de recherche.<\/li>\r\n<\/ol>\r\n<p>Vous pouvez \u00e9galement retrouver le programme d\u00e9taill\u00e9 dans la section \u00ab\u00a0En savoir plus\u00a0\u00bb<\/p>\r\n<\/div><\/div><div class=\"su-spoiler su-spoiler-style-fancy su-spoiler-icon-plus-circle su-spoiler-closed\" data-scroll-offset=\"0\" data-anchor-in-url=\"no\"><div class=\"su-spoiler-title\" tabindex=\"0\" role=\"button\"><span class=\"su-spoiler-icon\"><\/span>Stage<\/div><div class=\"su-spoiler-content su-u-clearfix su-u-trim\">Un stage obligatoire d\u2019une dur\u00e9e de 8 semaines est \u00e0 r\u00e9aliser en troisi\u00e8me ann\u00e9e. Ce dernier peut se d\u00e9rouler en entreprise, collectivit\u00e9, laboratoire de recherche ou en \u00e9tablissement d&rsquo;enseignement.<br \/>L\u2019\u00e9tudiant \u00e0 la possibilit\u00e9 s\u2019il le d\u00e9sire, d\u2019effectuer son stage \u00e0 l\u2019\u00e9tranger.<br \/><\/div><\/div><div class=\"su-spoiler su-spoiler-style-fancy su-spoiler-icon-plus-circle su-spoiler-closed\" data-scroll-offset=\"0\" data-anchor-in-url=\"no\"><div class=\"su-spoiler-title\" tabindex=\"0\" role=\"button\"><span class=\"su-spoiler-icon\"><\/span>Ouverture \u00e0 l'international<\/div><div class=\"su-spoiler-content su-u-clearfix su-u-trim\">Dans le cadre d&rsquo;<a href=\"http:\/\/www.eucor-uni.org\/\">Eucor &#8211; Le Campus europ\u00e9en<\/a>, tous les \u00e9tudiants de l\u2019<a href=\"http:\/\/www.uha.fr\/\">Universit\u00e9 de Haute-Alsace<\/a>, peuvent, s\u2019ils le souhaitent, exercer une UE libre en Allemagne ou en Suisse.<\/p>\r\n<p><strong>Vous avez \u00e9galement la possibilit\u00e9 d\u2019effectuer un semestre ou une ann\u00e9e \u00e0 l\u2019\u00e9tranger dans le cadre du programme Erasmus+.<\/strong><br \/>Pour plus de renseignements, consultez la rubrique <a href=\"https:\/\/www.fst.uha.fr\/index.php\/international\/\">International<\/a><\/p>\r\n<\/div><\/div>\r\n<div class=\"su-spoiler su-spoiler-style-fancy su-spoiler-icon-plus-circle su-spoiler-closed\" data-scroll-offset=\"0\" data-anchor-in-url=\"no\"><div class=\"su-spoiler-title\" tabindex=\"0\" role=\"button\"><span class=\"su-spoiler-icon\"><\/span>Les plus de la formation<\/div><div class=\"su-spoiler-content su-u-clearfix su-u-trim\">\r\n<ul>\r\n<li>\r\n<p>Un parcours s\u00e9lectif avec un nombre d\u2019\u00e9tudiants contenu, permettant un suivi personnalis\u00e9 pour l\u2019orientation et les candidatures dans les formations ult\u00e9rieures<\/p>\r\n<\/li>\r\n<li>\r\n<p>Une pr\u00e9paration sp\u00e9ciale pour les concours d\u2019entr\u00e9e en \u00c9cole d\u2019ing\u00e9nieurs<\/p>\r\n<\/li>\r\n<li>\r\n<p>Un partenariat avec les \u00c9coles d\u2019ing\u00e9nieurs du campus mulhousien, en d\u00e9veloppement sur le Grand-Est<\/p>\r\n<\/li>\r\n<li>\r\n<p>Une formation en double comp\u00e9tences Physique et Chimie<\/p>\r\n<\/li>\r\n<li>\r\n<p>Des Cr\u00e9dits ECTS suppl\u00e9mentaires validant des comp\u00e9tences pour offrir plus de choix pour une candidature en Master<\/p>\r\n<\/li>\r\n<li>\r\n<p>Une passerelle possible chaque semestre entre le parcours renforc\u00e9 PhysChem et la formation classique dans le but de favoriser au maximum la r\u00e9ussite de l\u2019\u00e9tudiant dans son projet<\/p>\r\n<\/li>\r\n<\/ul>\r\n<\/div><\/div>\r\n<\/div>\r\n<\/div><\/div>\r\n<div class=\"su-column su-column-size-1-4\"><div class=\"su-column-inner su-u-clearfix su-u-trim\">\r\n<h2>Responsable<\/h2>\r\n<p>Monsieur Fran\u00e7ois VONAU<br \/>Courriel : <a href=\"mailto:francois.vonau@uha.fr\">francois.vonau@uha.fr<\/a><br \/><div class=\"su-divider su-divider-style-default\" style=\"margin:15px 0;border-width:3px;border-color:#999999\"><\/div>\r\n<h2>Scolarit\u00e9<\/h2>\r\n<p>Madame Sol\u00e8ne MOUNIS<br \/>Courriel : <a href=\"mailto:solene.mounis@uha.fr\">solene.mounis@uha.fr<\/a><br \/>T\u00e9l. : <a href=\"tel:0389336263\" target=\"_blank\" rel=\"noopener\">+33 (0)3 89 33 62 10<\/a><br \/><div class=\"su-divider su-divider-style-default\" style=\"margin:15px 0;border-width:3px;border-color:#999999\"><\/div>\r\n<h2>En savoir plus<\/h2>\r\n<ul>\r\n<li><a href=\"https:\/\/www.fst.uha.fr\/wp-content\/uploads\/2025\/01\/Plaquette-Licence-CUPGE.pdf\" target=\"_blank\" rel=\"noopener noreferrer\">Plaquette licence de Physique-Chimie Renforc\u00e9e Physchem<\/a><\/li>\r\n<li><a href=\"https:\/\/www.fst.uha.fr\/wp-content\/uploads\/2024\/09\/Programme-Licence-Renforcee-2024.pdf\" target=\"_blank\" rel=\"noopener\">Programme d\u00e9taill\u00e9 de la licence de Physique-Chimie Renforc\u00e9e Physchem<\/a><\/li>\r\n<li><a href=\"https:\/\/www.francecompetences.fr\/recherche\/rncp\/38979\/\" target=\"_blank\" rel=\"noopener\">Certification RNCP \u2013 France comp\u00e9tences<\/a><\/li>\r\n<\/ul>\r\n<\/div><\/div><\/div>\r\n\r\n<p>&nbsp;<\/p>\r\n","protected":false},"excerpt":{"rendered":"<p>Licences &gt; Licence renforc\u00e9e Physchem Lien vers la formation sur PARCOURSUP 2026 &nbsp;<\/p>\n","protected":false},"author":1,"featured_media":0,"parent":85,"menu_order":0,"comment_status":"closed","ping_status":"closed","template":"","meta":{"footnotes":""},"categories":[],"tags":[],"class_list":["post-621","page","type-page","status-publish","hentry"],"yoast_head":"<!-- This site is optimized with the Yoast SEO plugin v27.0 - https:\/\/yoast.com\/product\/yoast-seo-wordpress\/ -->\n<title>Licence renforc\u00e9e Physchem - FST - Facult\u00e9 des Sciences et Techniques | Universit\u00e9 de Haute-Alsace<\/title>\n<meta name=\"robots\" content=\"index, follow, max-snippet:-1, max-image-preview:large, max-video-preview:-1\" \/>\n<link rel=\"canonical\" href=\"https:\/\/www.fst.uha.fr\/index.php\/formations\/licences\/licence-renforcee-physchem\/\" \/>\n<meta property=\"og:locale\" content=\"fr_FR\" \/>\n<meta property=\"og:type\" content=\"article\" \/>\n<meta property=\"og:title\" content=\"Licence renforc\u00e9e Physchem - FST - Facult\u00e9 des Sciences et Techniques | Universit\u00e9 de Haute-Alsace\" \/>\n<meta property=\"og:description\" content=\"Licences &gt; Licence renforc\u00e9e Physchem Lien vers la formation sur PARCOURSUP 2026 &nbsp;\" \/>\n<meta property=\"og:url\" content=\"https:\/\/www.fst.uha.fr\/index.php\/formations\/licences\/licence-renforcee-physchem\/\" \/>\n<meta property=\"og:site_name\" content=\"FST - Facult\u00e9 des Sciences et Techniques | Universit\u00e9 de Haute-Alsace\" \/>\n<meta property=\"article:modified_time\" content=\"2026-01-23T08:53:16+00:00\" \/>\n<meta property=\"og:image\" content=\"https:\/\/www.fst.uha.fr\/wp-content\/uploads\/2018\/06\/Physchem.png\" \/>\n\t<meta property=\"og:image:width\" content=\"1920\" \/>\n\t<meta property=\"og:image:height\" content=\"501\" \/>\n\t<meta property=\"og:image:type\" content=\"image\/png\" \/>\n<meta name=\"twitter:card\" content=\"summary_large_image\" \/>\n<meta name=\"twitter:label1\" content=\"Dur\u00e9e de lecture estim\u00e9e\" \/>\n\t<meta name=\"twitter:data1\" content=\"7 minutes\" \/>\n<script type=\"application\/ld+json\" class=\"yoast-schema-graph\">{\"@context\":\"https:\/\/schema.org\",\"@graph\":[{\"@type\":\"WebPage\",\"@id\":\"https:\/\/www.fst.uha.fr\/index.php\/formations\/licences\/licence-renforcee-physchem\/\",\"url\":\"https:\/\/www.fst.uha.fr\/index.php\/formations\/licences\/licence-renforcee-physchem\/\",\"name\":\"Licence renforc\u00e9e Physchem - FST - Facult\u00e9 des Sciences et Techniques | Universit\u00e9 de Haute-Alsace\",\"isPartOf\":{\"@id\":\"https:\/\/www.fst.uha.fr\/#website\"},\"primaryImageOfPage\":{\"@id\":\"https:\/\/www.fst.uha.fr\/index.php\/formations\/licences\/licence-renforcee-physchem\/#primaryimage\"},\"image\":{\"@id\":\"https:\/\/www.fst.uha.fr\/index.php\/formations\/licences\/licence-renforcee-physchem\/#primaryimage\"},\"thumbnailUrl\":\"https:\/\/www.fst.uha.fr\/wp-content\/uploads\/2018\/06\/Physchem.png\",\"datePublished\":\"2018-06-07T14:00:26+00:00\",\"dateModified\":\"2026-01-23T08:53:16+00:00\",\"breadcrumb\":{\"@id\":\"https:\/\/www.fst.uha.fr\/index.php\/formations\/licences\/licence-renforcee-physchem\/#breadcrumb\"},\"inLanguage\":\"fr-FR\",\"potentialAction\":[{\"@type\":\"ReadAction\",\"target\":[\"https:\/\/www.fst.uha.fr\/index.php\/formations\/licences\/licence-renforcee-physchem\/\"]}]},{\"@type\":\"ImageObject\",\"inLanguage\":\"fr-FR\",\"@id\":\"https:\/\/www.fst.uha.fr\/index.php\/formations\/licences\/licence-renforcee-physchem\/#primaryimage\",\"url\":\"https:\/\/www.fst.uha.fr\/wp-content\/uploads\/2018\/06\/Physchem.png\",\"contentUrl\":\"https:\/\/www.fst.uha.fr\/wp-content\/uploads\/2018\/06\/Physchem.png\"},{\"@type\":\"BreadcrumbList\",\"@id\":\"https:\/\/www.fst.uha.fr\/index.php\/formations\/licences\/licence-renforcee-physchem\/#breadcrumb\",\"itemListElement\":[{\"@type\":\"ListItem\",\"position\":1,\"name\":\"Accueil\",\"item\":\"https:\/\/www.fst.uha.fr\/\"},{\"@type\":\"ListItem\",\"position\":2,\"name\":\"Nos formations\",\"item\":\"https:\/\/www.fst.uha.fr\/index.php\/formations\/\"},{\"@type\":\"ListItem\",\"position\":3,\"name\":\"Licences\",\"item\":\"https:\/\/www.fst.uha.fr\/index.php\/formations\/licences\/\"},{\"@type\":\"ListItem\",\"position\":4,\"name\":\"Licence renforc\u00e9e Physchem\"}]},{\"@type\":\"WebSite\",\"@id\":\"https:\/\/www.fst.uha.fr\/#website\",\"url\":\"https:\/\/www.fst.uha.fr\/\",\"name\":\"FST - Facult\u00e9 des Sciences et Techniques | Universit\u00e9 de Haute-Alsace\",\"description\":\"Campus Illberg | Universit\u00e9 de Haute-Alsace\",\"potentialAction\":[{\"@type\":\"SearchAction\",\"target\":{\"@type\":\"EntryPoint\",\"urlTemplate\":\"https:\/\/www.fst.uha.fr\/?s={search_term_string}\"},\"query-input\":{\"@type\":\"PropertyValueSpecification\",\"valueRequired\":true,\"valueName\":\"search_term_string\"}}],\"inLanguage\":\"fr-FR\"}]}<\/script>\n<!-- \/ Yoast SEO plugin. -->","yoast_head_json":{"title":"Licence renforc\u00e9e Physchem - FST - Facult\u00e9 des Sciences et Techniques | Universit\u00e9 de Haute-Alsace","robots":{"index":"index","follow":"follow","max-snippet":"max-snippet:-1","max-image-preview":"max-image-preview:large","max-video-preview":"max-video-preview:-1"},"canonical":"https:\/\/www.fst.uha.fr\/index.php\/formations\/licences\/licence-renforcee-physchem\/","og_locale":"fr_FR","og_type":"article","og_title":"Licence renforc\u00e9e Physchem - FST - Facult\u00e9 des Sciences et Techniques | Universit\u00e9 de Haute-Alsace","og_description":"Licences &gt; Licence renforc\u00e9e Physchem Lien vers la formation sur PARCOURSUP 2026 &nbsp;","og_url":"https:\/\/www.fst.uha.fr\/index.php\/formations\/licences\/licence-renforcee-physchem\/","og_site_name":"FST - Facult\u00e9 des Sciences et Techniques | Universit\u00e9 de Haute-Alsace","article_modified_time":"2026-01-23T08:53:16+00:00","og_image":[{"width":1920,"height":501,"url":"https:\/\/www.fst.uha.fr\/wp-content\/uploads\/2018\/06\/Physchem.png","type":"image\/png"}],"twitter_card":"summary_large_image","twitter_misc":{"Dur\u00e9e de lecture estim\u00e9e":"7 minutes"},"schema":{"@context":"https:\/\/schema.org","@graph":[{"@type":"WebPage","@id":"https:\/\/www.fst.uha.fr\/index.php\/formations\/licences\/licence-renforcee-physchem\/","url":"https:\/\/www.fst.uha.fr\/index.php\/formations\/licences\/licence-renforcee-physchem\/","name":"Licence renforc\u00e9e Physchem - FST - Facult\u00e9 des Sciences et Techniques | Universit\u00e9 de Haute-Alsace","isPartOf":{"@id":"https:\/\/www.fst.uha.fr\/#website"},"primaryImageOfPage":{"@id":"https:\/\/www.fst.uha.fr\/index.php\/formations\/licences\/licence-renforcee-physchem\/#primaryimage"},"image":{"@id":"https:\/\/www.fst.uha.fr\/index.php\/formations\/licences\/licence-renforcee-physchem\/#primaryimage"},"thumbnailUrl":"https:\/\/www.fst.uha.fr\/wp-content\/uploads\/2018\/06\/Physchem.png","datePublished":"2018-06-07T14:00:26+00:00","dateModified":"2026-01-23T08:53:16+00:00","breadcrumb":{"@id":"https:\/\/www.fst.uha.fr\/index.php\/formations\/licences\/licence-renforcee-physchem\/#breadcrumb"},"inLanguage":"fr-FR","potentialAction":[{"@type":"ReadAction","target":["https:\/\/www.fst.uha.fr\/index.php\/formations\/licences\/licence-renforcee-physchem\/"]}]},{"@type":"ImageObject","inLanguage":"fr-FR","@id":"https:\/\/www.fst.uha.fr\/index.php\/formations\/licences\/licence-renforcee-physchem\/#primaryimage","url":"https:\/\/www.fst.uha.fr\/wp-content\/uploads\/2018\/06\/Physchem.png","contentUrl":"https:\/\/www.fst.uha.fr\/wp-content\/uploads\/2018\/06\/Physchem.png"},{"@type":"BreadcrumbList","@id":"https:\/\/www.fst.uha.fr\/index.php\/formations\/licences\/licence-renforcee-physchem\/#breadcrumb","itemListElement":[{"@type":"ListItem","position":1,"name":"Accueil","item":"https:\/\/www.fst.uha.fr\/"},{"@type":"ListItem","position":2,"name":"Nos formations","item":"https:\/\/www.fst.uha.fr\/index.php\/formations\/"},{"@type":"ListItem","position":3,"name":"Licences","item":"https:\/\/www.fst.uha.fr\/index.php\/formations\/licences\/"},{"@type":"ListItem","position":4,"name":"Licence renforc\u00e9e Physchem"}]},{"@type":"WebSite","@id":"https:\/\/www.fst.uha.fr\/#website","url":"https:\/\/www.fst.uha.fr\/","name":"FST - Facult\u00e9 des Sciences et Techniques | Universit\u00e9 de Haute-Alsace","description":"Campus Illberg | Universit\u00e9 de Haute-Alsace","potentialAction":[{"@type":"SearchAction","target":{"@type":"EntryPoint","urlTemplate":"https:\/\/www.fst.uha.fr\/?s={search_term_string}"},"query-input":{"@type":"PropertyValueSpecification","valueRequired":true,"valueName":"search_term_string"}}],"inLanguage":"fr-FR"}]}},"_links":{"self":[{"href":"https:\/\/www.fst.uha.fr\/index.php\/wp-json\/wp\/v2\/pages\/621","targetHints":{"allow":["GET"]}}],"collection":[{"href":"https:\/\/www.fst.uha.fr\/index.php\/wp-json\/wp\/v2\/pages"}],"about":[{"href":"https:\/\/www.fst.uha.fr\/index.php\/wp-json\/wp\/v2\/types\/page"}],"author":[{"embeddable":true,"href":"https:\/\/www.fst.uha.fr\/index.php\/wp-json\/wp\/v2\/users\/1"}],"replies":[{"embeddable":true,"href":"https:\/\/www.fst.uha.fr\/index.php\/wp-json\/wp\/v2\/comments?post=621"}],"version-history":[{"count":37,"href":"https:\/\/www.fst.uha.fr\/index.php\/wp-json\/wp\/v2\/pages\/621\/revisions"}],"predecessor-version":[{"id":5386,"href":"https:\/\/www.fst.uha.fr\/index.php\/wp-json\/wp\/v2\/pages\/621\/revisions\/5386"}],"up":[{"embeddable":true,"href":"https:\/\/www.fst.uha.fr\/index.php\/wp-json\/wp\/v2\/pages\/85"}],"wp:attachment":[{"href":"https:\/\/www.fst.uha.fr\/index.php\/wp-json\/wp\/v2\/media?parent=621"}],"wp:term":[{"taxonomy":"category","embeddable":true,"href":"https:\/\/www.fst.uha.fr\/index.php\/wp-json\/wp\/v2\/categories?post=621"},{"taxonomy":"post_tag","embeddable":true,"href":"https:\/\/www.fst.uha.fr\/index.php\/wp-json\/wp\/v2\/tags?post=621"}],"curies":[{"name":"wp","href":"https:\/\/api.w.org\/{rel}","templated":true}]}}