{"id":678,"date":"2018-06-11T13:58:46","date_gmt":"2018-06-11T11:58:46","guid":{"rendered":"https:\/\/www.fst.uha.fr\/?page_id=678"},"modified":"2022-08-24T15:21:19","modified_gmt":"2022-08-24T13:21:19","slug":"formations-internationales","status":"publish","type":"page","link":"https:\/\/www.fst.uha.fr\/index.php\/international\/formations-internationales\/","title":{"rendered":"Formations internationales"},"content":{"rendered":"<p><img loading=\"lazy\" decoding=\"async\" class=\"alignnone size-full wp-image-832\" src=\"https:\/\/www.fst.uha.fr\/wp-content\/uploads\/2018\/06\/dzadza.png\" alt=\"\" width=\"1920\" height=\"501\" srcset=\"https:\/\/www.fst.uha.fr\/wp-content\/uploads\/2018\/06\/dzadza.png 1920w, https:\/\/www.fst.uha.fr\/wp-content\/uploads\/2018\/06\/dzadza-300x78.png 300w, https:\/\/www.fst.uha.fr\/wp-content\/uploads\/2018\/06\/dzadza-768x200.png 768w, https:\/\/www.fst.uha.fr\/wp-content\/uploads\/2018\/06\/dzadza-1024x267.png 1024w\" sizes=\"auto, (max-width: 1920px) 100vw, 1920px\" \/><\/p>\n<p>Vous souhaitez partir \u00e9tudiez \u00e0 l&rsquo;\u00e9tranger ? d\u00e9couvrez nos formations internationales.<\/p>\n<h2>Formations transfrontali\u00e8res de la FST<\/h2>\n<p>Le march\u00e9 de l\u2019emploi dans la r\u00e9gion du Rhin Sup\u00e9rieur, en Europe et dans le monde a besoin d\u2019acteurs dynamiques, multilingues, faisant preuve d\u2019initiative, capables de travailler en \u00e9quipe dans des contextes culturels diff\u00e9rents. B\u00e9n\u00e9ficiant d\u2019une situation g\u00e9ographique privil\u00e9gi\u00e9e la FST propose des formations transfrontali\u00e8res binationales ou trinationales en favorisant les \u00e9changes internationaux notamment avec les universit\u00e9s partenaires d&rsquo;Eucor &#8211; Le Campus europ\u00e9en (France, Allemagne, Suisse).<\/p>\n<p><a href=\"https:\/\/www.fst.uha.fr\/index.php\/formations\/formations-transfrontalieres\/\">En savoir plus<\/a><\/p>\n<p>&nbsp;<\/p>\n","protected":false},"excerpt":{"rendered":"<p>Vous souhaitez partir \u00e9tudiez \u00e0 l&rsquo;\u00e9tranger ? d\u00e9couvrez nos formations internationales. Formations transfrontali\u00e8res de la FST Le march\u00e9 de l\u2019emploi dans la r\u00e9gion du Rhin Sup\u00e9rieur, en Europe et dans le monde a besoin d\u2019acteurs dynamiques, multilingues, faisant preuve d\u2019initiative, capables de travailler en \u00e9quipe dans des contextes culturels diff\u00e9rents. B\u00e9n\u00e9ficiant d\u2019une situation g\u00e9ographique privil\u00e9gi\u00e9e [&hellip;]<\/p>\n","protected":false},"author":1,"featured_media":0,"parent":26,"menu_order":0,"comment_status":"closed","ping_status":"closed","template":"","meta":{"footnotes":""},"categories":[],"tags":[],"class_list":["post-678","page","type-page","status-publish","hentry"],"yoast_head":"<!-- This site is optimized with the Yoast SEO plugin v27.0 - https:\/\/yoast.com\/product\/yoast-seo-wordpress\/ -->\n<title>Formations internationales - Facult\u00e9 des Sciences de Mulhouse<\/title>\n<meta name=\"description\" content=\"Vous souhaitez partir \u00e9tudiez \u00e0 l&#039;\u00e9tranger ? d\u00e9couvrez nos formations internationales.\" \/>\n<meta name=\"robots\" content=\"index, follow, max-snippet:-1, max-image-preview:large, max-video-preview:-1\" \/>\n<link rel=\"canonical\" href=\"https:\/\/www.fst.uha.fr\/index.php\/international\/formations-internationales\/\" \/>\n<meta property=\"og:locale\" content=\"fr_FR\" \/>\n<meta property=\"og:type\" content=\"article\" \/>\n<meta property=\"og:title\" content=\"Formations internationales - Facult\u00e9 des Sciences de Mulhouse\" \/>\n<meta property=\"og:description\" content=\"Vous souhaitez partir \u00e9tudiez \u00e0 l&#039;\u00e9tranger ? d\u00e9couvrez nos formations internationales.\" \/>\n<meta property=\"og:url\" content=\"https:\/\/www.fst.uha.fr\/index.php\/international\/formations-internationales\/\" \/>\n<meta property=\"og:site_name\" content=\"FST - Facult\u00e9 des Sciences et Techniques | Universit\u00e9 de Haute-Alsace\" \/>\n<meta property=\"article:modified_time\" content=\"2022-08-24T13:21:19+00:00\" \/>\n<meta property=\"og:image\" content=\"https:\/\/www.fst.uha.fr\/wp-content\/uploads\/2018\/06\/dzadza.png\" \/>\n<meta name=\"twitter:card\" content=\"summary_large_image\" \/>\n<meta name=\"twitter:label1\" content=\"Dur\u00e9e de lecture estim\u00e9e\" \/>\n\t<meta name=\"twitter:data1\" content=\"1 minute\" \/>\n<script type=\"application\/ld+json\" class=\"yoast-schema-graph\">{\"@context\":\"https:\/\/schema.org\",\"@graph\":[{\"@type\":\"WebPage\",\"@id\":\"https:\/\/www.fst.uha.fr\/index.php\/international\/formations-internationales\/\",\"url\":\"https:\/\/www.fst.uha.fr\/index.php\/international\/formations-internationales\/\",\"name\":\"Formations internationales - Facult\u00e9 des Sciences de Mulhouse\",\"isPartOf\":{\"@id\":\"https:\/\/www.fst.uha.fr\/#website\"},\"primaryImageOfPage\":{\"@id\":\"https:\/\/www.fst.uha.fr\/index.php\/international\/formations-internationales\/#primaryimage\"},\"image\":{\"@id\":\"https:\/\/www.fst.uha.fr\/index.php\/international\/formations-internationales\/#primaryimage\"},\"thumbnailUrl\":\"https:\/\/www.fst.uha.fr\/wp-content\/uploads\/2018\/06\/dzadza.png\",\"datePublished\":\"2018-06-11T11:58:46+00:00\",\"dateModified\":\"2022-08-24T13:21:19+00:00\",\"description\":\"Vous souhaitez partir \u00e9tudiez \u00e0 l'\u00e9tranger ? d\u00e9couvrez nos formations internationales.\",\"breadcrumb\":{\"@id\":\"https:\/\/www.fst.uha.fr\/index.php\/international\/formations-internationales\/#breadcrumb\"},\"inLanguage\":\"fr-FR\",\"potentialAction\":[{\"@type\":\"ReadAction\",\"target\":[\"https:\/\/www.fst.uha.fr\/index.php\/international\/formations-internationales\/\"]}]},{\"@type\":\"ImageObject\",\"inLanguage\":\"fr-FR\",\"@id\":\"https:\/\/www.fst.uha.fr\/index.php\/international\/formations-internationales\/#primaryimage\",\"url\":\"https:\/\/www.fst.uha.fr\/wp-content\/uploads\/2018\/06\/dzadza.png\",\"contentUrl\":\"https:\/\/www.fst.uha.fr\/wp-content\/uploads\/2018\/06\/dzadza.png\",\"width\":1920,\"height\":501},{\"@type\":\"BreadcrumbList\",\"@id\":\"https:\/\/www.fst.uha.fr\/index.php\/international\/formations-internationales\/#breadcrumb\",\"itemListElement\":[{\"@type\":\"ListItem\",\"position\":1,\"name\":\"Accueil\",\"item\":\"https:\/\/www.fst.uha.fr\/\"},{\"@type\":\"ListItem\",\"position\":2,\"name\":\"International\",\"item\":\"https:\/\/www.fst.uha.fr\/index.php\/international\/\"},{\"@type\":\"ListItem\",\"position\":3,\"name\":\"Formations internationales\"}]},{\"@type\":\"WebSite\",\"@id\":\"https:\/\/www.fst.uha.fr\/#website\",\"url\":\"https:\/\/www.fst.uha.fr\/\",\"name\":\"FST - Facult\u00e9 des Sciences et Techniques | Universit\u00e9 de Haute-Alsace\",\"description\":\"Campus Illberg | Universit\u00e9 de Haute-Alsace\",\"potentialAction\":[{\"@type\":\"SearchAction\",\"target\":{\"@type\":\"EntryPoint\",\"urlTemplate\":\"https:\/\/www.fst.uha.fr\/?s={search_term_string}\"},\"query-input\":{\"@type\":\"PropertyValueSpecification\",\"valueRequired\":true,\"valueName\":\"search_term_string\"}}],\"inLanguage\":\"fr-FR\"}]}<\/script>\n<!-- \/ Yoast SEO plugin. -->","yoast_head_json":{"title":"Formations internationales - Facult\u00e9 des Sciences de Mulhouse","description":"Vous souhaitez partir \u00e9tudiez \u00e0 l'\u00e9tranger ? d\u00e9couvrez nos formations internationales.","robots":{"index":"index","follow":"follow","max-snippet":"max-snippet:-1","max-image-preview":"max-image-preview:large","max-video-preview":"max-video-preview:-1"},"canonical":"https:\/\/www.fst.uha.fr\/index.php\/international\/formations-internationales\/","og_locale":"fr_FR","og_type":"article","og_title":"Formations internationales - Facult\u00e9 des Sciences de Mulhouse","og_description":"Vous souhaitez partir \u00e9tudiez \u00e0 l'\u00e9tranger ? d\u00e9couvrez nos formations internationales.","og_url":"https:\/\/www.fst.uha.fr\/index.php\/international\/formations-internationales\/","og_site_name":"FST - Facult\u00e9 des Sciences et Techniques | Universit\u00e9 de Haute-Alsace","article_modified_time":"2022-08-24T13:21:19+00:00","og_image":[{"url":"https:\/\/www.fst.uha.fr\/wp-content\/uploads\/2018\/06\/dzadza.png","type":"","width":"","height":""}],"twitter_card":"summary_large_image","twitter_misc":{"Dur\u00e9e de lecture estim\u00e9e":"1 minute"},"schema":{"@context":"https:\/\/schema.org","@graph":[{"@type":"WebPage","@id":"https:\/\/www.fst.uha.fr\/index.php\/international\/formations-internationales\/","url":"https:\/\/www.fst.uha.fr\/index.php\/international\/formations-internationales\/","name":"Formations internationales - Facult\u00e9 des Sciences de Mulhouse","isPartOf":{"@id":"https:\/\/www.fst.uha.fr\/#website"},"primaryImageOfPage":{"@id":"https:\/\/www.fst.uha.fr\/index.php\/international\/formations-internationales\/#primaryimage"},"image":{"@id":"https:\/\/www.fst.uha.fr\/index.php\/international\/formations-internationales\/#primaryimage"},"thumbnailUrl":"https:\/\/www.fst.uha.fr\/wp-content\/uploads\/2018\/06\/dzadza.png","datePublished":"2018-06-11T11:58:46+00:00","dateModified":"2022-08-24T13:21:19+00:00","description":"Vous souhaitez partir \u00e9tudiez \u00e0 l'\u00e9tranger ? d\u00e9couvrez nos formations internationales.","breadcrumb":{"@id":"https:\/\/www.fst.uha.fr\/index.php\/international\/formations-internationales\/#breadcrumb"},"inLanguage":"fr-FR","potentialAction":[{"@type":"ReadAction","target":["https:\/\/www.fst.uha.fr\/index.php\/international\/formations-internationales\/"]}]},{"@type":"ImageObject","inLanguage":"fr-FR","@id":"https:\/\/www.fst.uha.fr\/index.php\/international\/formations-internationales\/#primaryimage","url":"https:\/\/www.fst.uha.fr\/wp-content\/uploads\/2018\/06\/dzadza.png","contentUrl":"https:\/\/www.fst.uha.fr\/wp-content\/uploads\/2018\/06\/dzadza.png","width":1920,"height":501},{"@type":"BreadcrumbList","@id":"https:\/\/www.fst.uha.fr\/index.php\/international\/formations-internationales\/#breadcrumb","itemListElement":[{"@type":"ListItem","position":1,"name":"Accueil","item":"https:\/\/www.fst.uha.fr\/"},{"@type":"ListItem","position":2,"name":"International","item":"https:\/\/www.fst.uha.fr\/index.php\/international\/"},{"@type":"ListItem","position":3,"name":"Formations internationales"}]},{"@type":"WebSite","@id":"https:\/\/www.fst.uha.fr\/#website","url":"https:\/\/www.fst.uha.fr\/","name":"FST - Facult\u00e9 des Sciences et Techniques | Universit\u00e9 de Haute-Alsace","description":"Campus Illberg | Universit\u00e9 de Haute-Alsace","potentialAction":[{"@type":"SearchAction","target":{"@type":"EntryPoint","urlTemplate":"https:\/\/www.fst.uha.fr\/?s={search_term_string}"},"query-input":{"@type":"PropertyValueSpecification","valueRequired":true,"valueName":"search_term_string"}}],"inLanguage":"fr-FR"}]}},"_links":{"self":[{"href":"https:\/\/www.fst.uha.fr\/index.php\/wp-json\/wp\/v2\/pages\/678","targetHints":{"allow":["GET"]}}],"collection":[{"href":"https:\/\/www.fst.uha.fr\/index.php\/wp-json\/wp\/v2\/pages"}],"about":[{"href":"https:\/\/www.fst.uha.fr\/index.php\/wp-json\/wp\/v2\/types\/page"}],"author":[{"embeddable":true,"href":"https:\/\/www.fst.uha.fr\/index.php\/wp-json\/wp\/v2\/users\/1"}],"replies":[{"embeddable":true,"href":"https:\/\/www.fst.uha.fr\/index.php\/wp-json\/wp\/v2\/comments?post=678"}],"version-history":[{"count":17,"href":"https:\/\/www.fst.uha.fr\/index.php\/wp-json\/wp\/v2\/pages\/678\/revisions"}],"predecessor-version":[{"id":3418,"href":"https:\/\/www.fst.uha.fr\/index.php\/wp-json\/wp\/v2\/pages\/678\/revisions\/3418"}],"up":[{"embeddable":true,"href":"https:\/\/www.fst.uha.fr\/index.php\/wp-json\/wp\/v2\/pages\/26"}],"wp:attachment":[{"href":"https:\/\/www.fst.uha.fr\/index.php\/wp-json\/wp\/v2\/media?parent=678"}],"wp:term":[{"taxonomy":"category","embeddable":true,"href":"https:\/\/www.fst.uha.fr\/index.php\/wp-json\/wp\/v2\/categories?post=678"},{"taxonomy":"post_tag","embeddable":true,"href":"https:\/\/www.fst.uha.fr\/index.php\/wp-json\/wp\/v2\/tags?post=678"}],"curies":[{"name":"wp","href":"https:\/\/api.w.org\/{rel}","templated":true}]}}