{"id":7,"date":"2018-04-10T09:30:09","date_gmt":"2018-04-10T07:30:09","guid":{"rendered":"https:\/\/www.fst.uha.fr\/?page_id=7"},"modified":"2018-07-19T11:27:43","modified_gmt":"2018-07-19T09:27:43","slug":"mentions-legales","status":"publish","type":"page","link":"https:\/\/www.fst.uha.fr\/index.php\/mentions-legales\/","title":{"rendered":"Mentions l\u00e9gales"},"content":{"rendered":"<h2>Qui est responsable de cette publication ?<\/h2>\n<p>Ce site est \u00e9dit\u00e9 par la Facult\u00e9 des Sciences et Techniques (FST) de l\u2019<a href=\"http:\/\/www.uha.fr\">Universit\u00e9 de Haute-Alsace<\/a> (UHA)<\/p>\n<p><strong>Responsable de la publication :<\/strong><br \/>Micka\u00ebl Derivaz<br \/>Directeur de la FST<\/p>\n<h2>Coordonn\u00e9es postales<\/h2>\n<p>Facult\u00e9 des Sciences et Techniques &#8211; FST<br \/>Universit\u00e9 de Haute-Alsace \u2013 UHA<br \/>18, rue des Fr\u00e8res Lumi\u00e8re<br \/>F-68093 Mulhouse Cedex<br \/>T\u00e9l : <a href=\"tel:0389336200\">+33 (0)3 89 33 62 00<\/a><\/p>\n<h2>H\u00e9bergement<\/h2>\n<p>L\u2019h\u00e9bergement du site <a href=\"https:\/\/www.fst.uha.fr\/\">fst.uha.fr<\/a> est assur\u00e9 par l\u2019UHA.<\/p>\n<h2>Donn\u00e9es personnelles<\/h2>\n<p>Aucune donn\u00e9e personnelle n\u2019est collect\u00e9e \u00e0 l\u2019insu des visiteurs du site de la FST. Les seules donn\u00e9es personnelles susceptibles d\u2019\u00eatre collect\u00e9es sur le site sont des adresses de courrier \u00e9lectronique. Elles ne sont recueillies par le site qu\u2019\u00e0 la suite de leur communication volontaire par les internautes souhaitant :<\/p>\n<ul>\n<li>recevoir la lettre d\u2019information du site ; Vous pourrez \u00e0 tout moment demander votre d\u00e9sinscription en utilisant le lien indiqu\u00e9 \u00e0 la fin de la lettre d\u2019information.<\/li>\n<li>recevoir une r\u00e9ponse au courrier qu\u2019ils souhaiterait adresser \u00e0 la FST via le site <a href=\"https:\/\/www.fst.uha.fr\/\">fst.uha.fr<\/a>.<\/li>\n<\/ul>\n<p>La FST s\u2019engage \u00e0 r\u00e9server ces adresses \u00e0 ce seul usage et garantit la confidentialit\u00e9 de ces donn\u00e9es, qui ne sont en aucun cas c\u00e9d\u00e9es ou rendues accessibles \u00e0 aucune entit\u00e9 tierce.<br \/>Vous disposez d\u2019un droit d\u2019acc\u00e8s et de rectification en contactant le webmaster : <a href=\"mailto:fst@uha.fr\">fst@uha.fr<\/a><\/p>\n<h2>Droit d\u2019auteur<\/h2>\n<p>L\u2019ensemble de ce site (contenu et pr\u00e9sentation) constitue une \u0153uvre prot\u00e9g\u00e9e par la l\u00e9gislation fran\u00e7aise et internationale en vigueur sur le droit d\u2019auteur et d\u2019une mani\u00e8re g\u00e9n\u00e9rale sur la propri\u00e9t\u00e9 intellectuelle et industrielle.<\/p>\n<p><strong>Tous les droits de propri\u00e9t\u00e9 intellectuelle et industrielle<\/strong> (droits d\u2019auteur, brevets, marques), dont en particulier les droits d\u2019exploitation, les droits de reproduction et d\u2019extraction sur tout support, de tout ou partie des donn\u00e9es, fichiers et tous \u00e9l\u00e9ments figurant dans les pages web de ce site, ainsi que les droits de repr\u00e9sentation et droits de reproduction sur tout support, de tout ou partie du site lui-m\u00eame, les droits de modification, d\u2019adaptation ou de traduction, <strong>sont r\u00e9serv\u00e9s exclusivement \u00e0 la Facult\u00e9 des Sciences et Techniques de l\u2019Universit\u00e9 de Haute-Alsace<\/strong>, \u2013 et \u00e0 ses \u00e9ventuels tiers donneurs de licence -, y compris notamment en ce qui concerne les documents t\u00e9l\u00e9chargeables, les repr\u00e9sentations graphiques, iconographiques, photographiques, num\u00e9riques ou audiovisuelles, et ce, sous r\u00e9serve des droits pr\u00e9existants de tiers (S\u00e9bastien North, Gis\u00e8le Jactat, GC \u00c9motions, Service communication UHA, Ludovic Holbein, Catherine Lourdel\u2026) ayant autoris\u00e9 la reproduction num\u00e9rique et\/ou l\u2019int\u00e9gration dans ce site, par la Facult\u00e9 des Sciences et Techniques, de leurs \u0153uvres de quelque nature qu\u2019elles soient.<\/p>\n<p>La reproduction partielle ou int\u00e9grale des \u00e9l\u00e9ments pr\u00e9cit\u00e9s et d\u2019une mani\u00e8re g\u00e9n\u00e9rale, la reproduction de tout ou partie de ce site sur un support \u00e9lectronique quel qu\u2019il soit, est formellement interdite, sans l\u2019accord \u00e9crit et pr\u00e9alable de la Facult\u00e9 des Sciences et Techniques.<\/p>\n<p>La reproduction des textes et pages web du site sur un support papier demeure autoris\u00e9e, sous r\u00e9serve du respect des conditions cumulatives suivantes : gratuit\u00e9 de la diffusion, respect de l\u2019int\u00e9grit\u00e9 et de la finalit\u00e9 des documents reproduits (ni modifications, ni alt\u00e9rations), respect de la finalit\u00e9 du site dans l\u2019utilisation de ces informations et \u00e9l\u00e9ments, citation claire et lisible de la source avec mention du nom du site, de son adresse internet et du copyright Facult\u00e9 des Sciences et Techniques &#8211; Universit\u00e9 de Haute-Alsace.<\/p>\n<p>Par ailleurs, toutes les marques cit\u00e9es et logos repr\u00e9sent\u00e9s sur ce site sont propri\u00e9t\u00e9 de leurs titulaires respectifs.<\/p>\n<h2>Contact<\/h2>\n<p>Nous vous invitons, pour toute question ou r\u00e9action concernant le site, \u00e0 nous contacter \u00e0 l\u2019adresse <a href=\"mailto:fst@uha.fr\">fst@uha.fr<\/a><\/p>\n","protected":false},"excerpt":{"rendered":"<p>Qui est responsable de cette publication ? Ce site est \u00e9dit\u00e9 par la Facult\u00e9 des Sciences et Techniques (FST) de l\u2019Universit\u00e9 de Haute-Alsace (UHA) Responsable de la publication :Micka\u00ebl DerivazDirecteur de la FST Coordonn\u00e9es postales Facult\u00e9 des Sciences et Techniques &#8211; FSTUniversit\u00e9 de Haute-Alsace \u2013 UHA18, rue des Fr\u00e8res Lumi\u00e8reF-68093 Mulhouse CedexT\u00e9l : +33 (0)3 [&hellip;]<\/p>\n","protected":false},"author":1,"featured_media":0,"parent":0,"menu_order":0,"comment_status":"closed","ping_status":"closed","template":"","meta":{"footnotes":""},"categories":[],"tags":[],"class_list":["post-7","page","type-page","status-publish","hentry"],"yoast_head":"<!-- This site is optimized with the Yoast SEO plugin v27.0 - https:\/\/yoast.com\/product\/yoast-seo-wordpress\/ -->\n<title>Mentions l\u00e9gales - FST - Facult\u00e9 des Sciences et Techniques | Universit\u00e9 de Haute-Alsace<\/title>\n<meta name=\"robots\" content=\"index, follow, max-snippet:-1, max-image-preview:large, max-video-preview:-1\" \/>\n<link rel=\"canonical\" href=\"https:\/\/www.fst.uha.fr\/index.php\/mentions-legales\/\" \/>\n<meta property=\"og:locale\" content=\"fr_FR\" \/>\n<meta property=\"og:type\" content=\"article\" \/>\n<meta property=\"og:title\" content=\"Mentions l\u00e9gales - FST - Facult\u00e9 des Sciences et Techniques | Universit\u00e9 de Haute-Alsace\" \/>\n<meta property=\"og:description\" content=\"Qui est responsable de cette publication ? Ce site est \u00e9dit\u00e9 par la Facult\u00e9 des Sciences et Techniques (FST) de l\u2019Universit\u00e9 de Haute-Alsace (UHA) Responsable de la publication :Micka\u00ebl DerivazDirecteur de la FST Coordonn\u00e9es postales Facult\u00e9 des Sciences et Techniques &#8211; FSTUniversit\u00e9 de Haute-Alsace \u2013 UHA18, rue des Fr\u00e8res Lumi\u00e8reF-68093 Mulhouse CedexT\u00e9l : +33 (0)3 [&hellip;]\" \/>\n<meta property=\"og:url\" content=\"https:\/\/www.fst.uha.fr\/index.php\/mentions-legales\/\" \/>\n<meta property=\"og:site_name\" content=\"FST - Facult\u00e9 des Sciences et Techniques | Universit\u00e9 de Haute-Alsace\" \/>\n<meta property=\"article:modified_time\" content=\"2018-07-19T09:27:43+00:00\" \/>\n<meta name=\"twitter:card\" content=\"summary_large_image\" \/>\n<meta name=\"twitter:label1\" content=\"Dur\u00e9e de lecture estim\u00e9e\" \/>\n\t<meta name=\"twitter:data1\" content=\"3 minutes\" \/>\n<script type=\"application\/ld+json\" class=\"yoast-schema-graph\">{\"@context\":\"https:\/\/schema.org\",\"@graph\":[{\"@type\":\"WebPage\",\"@id\":\"https:\/\/www.fst.uha.fr\/index.php\/mentions-legales\/\",\"url\":\"https:\/\/www.fst.uha.fr\/index.php\/mentions-legales\/\",\"name\":\"Mentions l\u00e9gales - FST - Facult\u00e9 des Sciences et Techniques | Universit\u00e9 de Haute-Alsace\",\"isPartOf\":{\"@id\":\"https:\/\/www.fst.uha.fr\/#website\"},\"datePublished\":\"2018-04-10T07:30:09+00:00\",\"dateModified\":\"2018-07-19T09:27:43+00:00\",\"breadcrumb\":{\"@id\":\"https:\/\/www.fst.uha.fr\/index.php\/mentions-legales\/#breadcrumb\"},\"inLanguage\":\"fr-FR\",\"potentialAction\":[{\"@type\":\"ReadAction\",\"target\":[\"https:\/\/www.fst.uha.fr\/index.php\/mentions-legales\/\"]}]},{\"@type\":\"BreadcrumbList\",\"@id\":\"https:\/\/www.fst.uha.fr\/index.php\/mentions-legales\/#breadcrumb\",\"itemListElement\":[{\"@type\":\"ListItem\",\"position\":1,\"name\":\"Accueil\",\"item\":\"https:\/\/www.fst.uha.fr\/\"},{\"@type\":\"ListItem\",\"position\":2,\"name\":\"Mentions l\u00e9gales\"}]},{\"@type\":\"WebSite\",\"@id\":\"https:\/\/www.fst.uha.fr\/#website\",\"url\":\"https:\/\/www.fst.uha.fr\/\",\"name\":\"FST - Facult\u00e9 des Sciences et Techniques | Universit\u00e9 de Haute-Alsace\",\"description\":\"Campus Illberg | Universit\u00e9 de Haute-Alsace\",\"potentialAction\":[{\"@type\":\"SearchAction\",\"target\":{\"@type\":\"EntryPoint\",\"urlTemplate\":\"https:\/\/www.fst.uha.fr\/?s={search_term_string}\"},\"query-input\":{\"@type\":\"PropertyValueSpecification\",\"valueRequired\":true,\"valueName\":\"search_term_string\"}}],\"inLanguage\":\"fr-FR\"}]}<\/script>\n<!-- \/ Yoast SEO plugin. -->","yoast_head_json":{"title":"Mentions l\u00e9gales - FST - Facult\u00e9 des Sciences et Techniques | Universit\u00e9 de Haute-Alsace","robots":{"index":"index","follow":"follow","max-snippet":"max-snippet:-1","max-image-preview":"max-image-preview:large","max-video-preview":"max-video-preview:-1"},"canonical":"https:\/\/www.fst.uha.fr\/index.php\/mentions-legales\/","og_locale":"fr_FR","og_type":"article","og_title":"Mentions l\u00e9gales - FST - Facult\u00e9 des Sciences et Techniques | Universit\u00e9 de Haute-Alsace","og_description":"Qui est responsable de cette publication ? Ce site est \u00e9dit\u00e9 par la Facult\u00e9 des Sciences et Techniques (FST) de l\u2019Universit\u00e9 de Haute-Alsace (UHA) Responsable de la publication :Micka\u00ebl DerivazDirecteur de la FST Coordonn\u00e9es postales Facult\u00e9 des Sciences et Techniques &#8211; FSTUniversit\u00e9 de Haute-Alsace \u2013 UHA18, rue des Fr\u00e8res Lumi\u00e8reF-68093 Mulhouse CedexT\u00e9l : +33 (0)3 [&hellip;]","og_url":"https:\/\/www.fst.uha.fr\/index.php\/mentions-legales\/","og_site_name":"FST - Facult\u00e9 des Sciences et Techniques | Universit\u00e9 de Haute-Alsace","article_modified_time":"2018-07-19T09:27:43+00:00","twitter_card":"summary_large_image","twitter_misc":{"Dur\u00e9e de lecture estim\u00e9e":"3 minutes"},"schema":{"@context":"https:\/\/schema.org","@graph":[{"@type":"WebPage","@id":"https:\/\/www.fst.uha.fr\/index.php\/mentions-legales\/","url":"https:\/\/www.fst.uha.fr\/index.php\/mentions-legales\/","name":"Mentions l\u00e9gales - FST - Facult\u00e9 des Sciences et Techniques | Universit\u00e9 de Haute-Alsace","isPartOf":{"@id":"https:\/\/www.fst.uha.fr\/#website"},"datePublished":"2018-04-10T07:30:09+00:00","dateModified":"2018-07-19T09:27:43+00:00","breadcrumb":{"@id":"https:\/\/www.fst.uha.fr\/index.php\/mentions-legales\/#breadcrumb"},"inLanguage":"fr-FR","potentialAction":[{"@type":"ReadAction","target":["https:\/\/www.fst.uha.fr\/index.php\/mentions-legales\/"]}]},{"@type":"BreadcrumbList","@id":"https:\/\/www.fst.uha.fr\/index.php\/mentions-legales\/#breadcrumb","itemListElement":[{"@type":"ListItem","position":1,"name":"Accueil","item":"https:\/\/www.fst.uha.fr\/"},{"@type":"ListItem","position":2,"name":"Mentions l\u00e9gales"}]},{"@type":"WebSite","@id":"https:\/\/www.fst.uha.fr\/#website","url":"https:\/\/www.fst.uha.fr\/","name":"FST - Facult\u00e9 des Sciences et Techniques | Universit\u00e9 de Haute-Alsace","description":"Campus Illberg | Universit\u00e9 de Haute-Alsace","potentialAction":[{"@type":"SearchAction","target":{"@type":"EntryPoint","urlTemplate":"https:\/\/www.fst.uha.fr\/?s={search_term_string}"},"query-input":{"@type":"PropertyValueSpecification","valueRequired":true,"valueName":"search_term_string"}}],"inLanguage":"fr-FR"}]}},"_links":{"self":[{"href":"https:\/\/www.fst.uha.fr\/index.php\/wp-json\/wp\/v2\/pages\/7","targetHints":{"allow":["GET"]}}],"collection":[{"href":"https:\/\/www.fst.uha.fr\/index.php\/wp-json\/wp\/v2\/pages"}],"about":[{"href":"https:\/\/www.fst.uha.fr\/index.php\/wp-json\/wp\/v2\/types\/page"}],"author":[{"embeddable":true,"href":"https:\/\/www.fst.uha.fr\/index.php\/wp-json\/wp\/v2\/users\/1"}],"replies":[{"embeddable":true,"href":"https:\/\/www.fst.uha.fr\/index.php\/wp-json\/wp\/v2\/comments?post=7"}],"version-history":[{"count":2,"href":"https:\/\/www.fst.uha.fr\/index.php\/wp-json\/wp\/v2\/pages\/7\/revisions"}],"predecessor-version":[{"id":1514,"href":"https:\/\/www.fst.uha.fr\/index.php\/wp-json\/wp\/v2\/pages\/7\/revisions\/1514"}],"wp:attachment":[{"href":"https:\/\/www.fst.uha.fr\/index.php\/wp-json\/wp\/v2\/media?parent=7"}],"wp:term":[{"taxonomy":"category","embeddable":true,"href":"https:\/\/www.fst.uha.fr\/index.php\/wp-json\/wp\/v2\/categories?post=7"},{"taxonomy":"post_tag","embeddable":true,"href":"https:\/\/www.fst.uha.fr\/index.php\/wp-json\/wp\/v2\/tags?post=7"}],"curies":[{"name":"wp","href":"https:\/\/api.w.org\/{rel}","templated":true}]}}