{"id":702,"date":"2018-06-13T17:17:08","date_gmt":"2018-06-13T15:17:08","guid":{"rendered":"https:\/\/www.fst.uha.fr\/?page_id=702"},"modified":"2025-05-06T15:25:49","modified_gmt":"2025-05-06T13:25:49","slug":"developpement-durable","status":"publish","type":"page","link":"https:\/\/www.fst.uha.fr\/index.php\/fst\/developpement-durable\/","title":{"rendered":"D\u00e9veloppement durable"},"content":{"rendered":"<p><img loading=\"lazy\" decoding=\"async\" class=\"alignnone size-full wp-image-830\" src=\"https:\/\/www.fst.uha.fr\/wp-content\/uploads\/2018\/06\/sqcsqcsq.png\" alt=\"\" width=\"1920\" height=\"501\" srcset=\"https:\/\/www.fst.uha.fr\/wp-content\/uploads\/2018\/06\/sqcsqcsq.png 1920w, https:\/\/www.fst.uha.fr\/wp-content\/uploads\/2018\/06\/sqcsqcsq-300x78.png 300w, https:\/\/www.fst.uha.fr\/wp-content\/uploads\/2018\/06\/sqcsqcsq-768x200.png 768w, https:\/\/www.fst.uha.fr\/wp-content\/uploads\/2018\/06\/sqcsqcsq-1024x267.png 1024w\" sizes=\"auto, (max-width: 1920px) 100vw, 1920px\" \/><\/p>\n<p>La Facult\u00e9 des Sciences et Techniques \u0153uvre jour apr\u00e8s jour pour ma\u00eetriser au mieux ses consommations. En 2012, elle s\u2019est lanc\u00e9e au c\u00f4t\u00e9 de l&rsquo;<a href=\"http:\/\/www.uha.fr\/\">Universit\u00e9 de Haute-Alsace<\/a> dans une d\u00e9marche de d\u00e9veloppement durable notamment par une ambitieuse gestion de l\u2019\u00e9nergie. Les efforts de tous ont \u00e9t\u00e9 r\u00e9compens\u00e9s puisque l\u2019UHA est devenue, en 2014, la premi\u00e8re universit\u00e9 fran\u00e7aise certifi\u00e9e ISO 50001 \u201cSyst\u00e8me de management de l\u2019\u00e9nergie\u201d et la deuxi\u00e8me \u00e0 l\u2019\u00eatre au niveau international.<\/p>\n<div class=\"su-row\"><div class=\"su-column su-column-size-1-2\"><div class=\"su-column-inner su-u-clearfix su-u-trim\">\n<p>La FST fait \u00e9galement partie de la d\u00e9marche \u00ab\u00a0\u00e9co-campus\u00a0\u00bb qui comprend cinq th\u00e9matiques :<\/p>\n<ul>\n<li>Politique \u00e9nerg\u00e9tique<\/li>\n<li>Gestion des d\u00e9chets<\/li>\n<li>Constructions et r\u00e9novations durables<\/li>\n<li>Informer \/ sensibiliser \/ communiquer<\/li>\n<li>Enseignement \/ recherche \/ formation<\/li>\n<\/ul>\n<p>Dans ce contexte, les \u00e9tablissements d\u2019enseignements sup\u00e9rieurs exercent une triple responsabilit\u00e9 :<\/p>\n<ul>\n<li>celle de la formation en pr\u00e9parant au mieux les g\u00e9n\u00e9rations futures \u00e0 la transition vers un monde plus durable,<\/li>\n<li>celle de la recherche en contribuant au d\u00e9veloppement de l\u2019\u00e9conomie verte par l\u2019innovation technologique et l\u2019\u00e9tude de nouveaux mod\u00e8les de croissance,<\/li>\n<li>celle de l\u2019exemplarit\u00e9 en identifiant l\u2019Universit\u00e9 comme vitrine des bonnes pratiques au sein de son territoire.<\/li>\n<\/ul>\n<p>Ensemble, soyons acteurs d\u2019une Universit\u00e9 durable !<br \/>\n<\/div><\/div>\n<div class=\"su-column su-column-size-1-2\"><div class=\"su-column-inner su-u-clearfix su-u-trim\">\nConsultez \u00e9galement :<\/p>\n<ul>\n<li><a href=\"https:\/\/www.fst.uha.fr\/wp-content\/uploads\/2018\/06\/Charte-politique-e\u0301nergetique-e\u0301tudiants.pdf\">Charte d\u00e9veloppement durable<\/a><\/li>\n<li><a href=\"https:\/\/www.fst.uha.fr\/wp-content\/uploads\/2025\/05\/202505_Politique_Energetique.pdf\" target=\"_blank\" rel=\"noopener\">Politique \u00e9nerg\u00e9tique<\/a><\/li>\n<\/ul>\n<p>Pour en savoir plus, rendez-vous sur le <a href=\"http:\/\/www.uha.fr\/luha\/developpement-durable\/\">site web de l&rsquo;UHA<\/a><\/p>\n<span class=\"su-lightbox\" data-mfp-src=\"https:\/\/www.youtube-nocookie.com\/embed\/EnkhNINkbb0\" data-mfp-type=\"iframe\" data-mobile=\"yes\"><img loading=\"lazy\" decoding=\"async\" class=\"aligncenter wp-image-2817 size-large\" src=\"https:\/\/www.fst.uha.fr\/wp-content\/uploads\/2021\/03\/certification-iso-50001-1024x539.jpg\" alt=\"Certification ISO 50001\" width=\"750\" height=\"395\" srcset=\"https:\/\/www.fst.uha.fr\/wp-content\/uploads\/2021\/03\/certification-iso-50001-1024x539.jpg 1024w, https:\/\/www.fst.uha.fr\/wp-content\/uploads\/2021\/03\/certification-iso-50001-300x158.jpg 300w, https:\/\/www.fst.uha.fr\/wp-content\/uploads\/2021\/03\/certification-iso-50001-768x404.jpg 768w, https:\/\/www.fst.uha.fr\/wp-content\/uploads\/2021\/03\/certification-iso-50001.jpg 1278w\" sizes=\"auto, (max-width: 750px) 100vw, 750px\" \/><\/span>\n<\/div><\/div><\/div>\n<p>&nbsp;<\/p>\n","protected":false},"excerpt":{"rendered":"<p>La Facult\u00e9 des Sciences et Techniques \u0153uvre jour apr\u00e8s jour pour ma\u00eetriser au mieux ses consommations. En 2012, elle s\u2019est lanc\u00e9e au c\u00f4t\u00e9 de l&rsquo;Universit\u00e9 de Haute-Alsace dans une d\u00e9marche de d\u00e9veloppement durable notamment par une ambitieuse gestion de l\u2019\u00e9nergie. Les efforts de tous ont \u00e9t\u00e9 r\u00e9compens\u00e9s puisque l\u2019UHA est devenue, en 2014, la premi\u00e8re [&hellip;]<\/p>\n","protected":false},"author":1,"featured_media":0,"parent":20,"menu_order":0,"comment_status":"closed","ping_status":"closed","template":"","meta":{"footnotes":""},"categories":[],"tags":[],"class_list":["post-702","page","type-page","status-publish","hentry"],"yoast_head":"<!-- This site is optimized with the Yoast SEO plugin v27.0 - https:\/\/yoast.com\/product\/yoast-seo-wordpress\/ -->\n<title>D\u00e9veloppement durable - FST - Facult\u00e9 des Sciences et Techniques<\/title>\n<meta name=\"description\" content=\"La Facult\u00e9 des Sciences de Mulhouse \u0153uvre au c\u00f4t\u00e9 du l&#039;universit\u00e9 de Haute-Alsace dans le but d&#039;agir au quotidien pour le d\u00e9veloppement durable.\" \/>\n<meta name=\"robots\" content=\"index, follow, max-snippet:-1, max-image-preview:large, max-video-preview:-1\" \/>\n<link rel=\"canonical\" href=\"https:\/\/www.fst.uha.fr\/index.php\/fst\/developpement-durable\/\" \/>\n<meta property=\"og:locale\" content=\"fr_FR\" \/>\n<meta property=\"og:type\" content=\"article\" \/>\n<meta property=\"og:title\" content=\"D\u00e9veloppement durable - FST - Facult\u00e9 des Sciences et Techniques\" \/>\n<meta property=\"og:description\" content=\"La Facult\u00e9 des Sciences de Mulhouse \u0153uvre au c\u00f4t\u00e9 du l&#039;universit\u00e9 de Haute-Alsace dans le but d&#039;agir au quotidien pour le d\u00e9veloppement durable.\" \/>\n<meta property=\"og:url\" content=\"https:\/\/www.fst.uha.fr\/index.php\/fst\/developpement-durable\/\" \/>\n<meta property=\"og:site_name\" content=\"FST - Facult\u00e9 des Sciences et Techniques | Universit\u00e9 de Haute-Alsace\" \/>\n<meta property=\"article:modified_time\" content=\"2025-05-06T13:25:49+00:00\" \/>\n<meta property=\"og:image\" content=\"https:\/\/www.fst.uha.fr\/wp-content\/uploads\/2018\/06\/sqcsqcsq.png\" \/>\n\t<meta property=\"og:image:width\" content=\"1920\" \/>\n\t<meta property=\"og:image:height\" content=\"501\" \/>\n\t<meta property=\"og:image:type\" content=\"image\/png\" \/>\n<meta name=\"twitter:card\" content=\"summary_large_image\" \/>\n<meta name=\"twitter:label1\" content=\"Dur\u00e9e de lecture estim\u00e9e\" \/>\n\t<meta name=\"twitter:data1\" content=\"2 minutes\" \/>\n<script type=\"application\/ld+json\" class=\"yoast-schema-graph\">{\"@context\":\"https:\/\/schema.org\",\"@graph\":[{\"@type\":\"WebPage\",\"@id\":\"https:\/\/www.fst.uha.fr\/index.php\/fst\/developpement-durable\/\",\"url\":\"https:\/\/www.fst.uha.fr\/index.php\/fst\/developpement-durable\/\",\"name\":\"D\u00e9veloppement durable - FST - Facult\u00e9 des Sciences et Techniques\",\"isPartOf\":{\"@id\":\"https:\/\/www.fst.uha.fr\/#website\"},\"primaryImageOfPage\":{\"@id\":\"https:\/\/www.fst.uha.fr\/index.php\/fst\/developpement-durable\/#primaryimage\"},\"image\":{\"@id\":\"https:\/\/www.fst.uha.fr\/index.php\/fst\/developpement-durable\/#primaryimage\"},\"thumbnailUrl\":\"https:\/\/www.fst.uha.fr\/wp-content\/uploads\/2018\/06\/sqcsqcsq.png\",\"datePublished\":\"2018-06-13T15:17:08+00:00\",\"dateModified\":\"2025-05-06T13:25:49+00:00\",\"description\":\"La Facult\u00e9 des Sciences de Mulhouse \u0153uvre au c\u00f4t\u00e9 du l'universit\u00e9 de Haute-Alsace dans le but d'agir au quotidien pour le d\u00e9veloppement durable.\",\"breadcrumb\":{\"@id\":\"https:\/\/www.fst.uha.fr\/index.php\/fst\/developpement-durable\/#breadcrumb\"},\"inLanguage\":\"fr-FR\",\"potentialAction\":[{\"@type\":\"ReadAction\",\"target\":[\"https:\/\/www.fst.uha.fr\/index.php\/fst\/developpement-durable\/\"]}]},{\"@type\":\"ImageObject\",\"inLanguage\":\"fr-FR\",\"@id\":\"https:\/\/www.fst.uha.fr\/index.php\/fst\/developpement-durable\/#primaryimage\",\"url\":\"https:\/\/www.fst.uha.fr\/wp-content\/uploads\/2018\/06\/sqcsqcsq.png\",\"contentUrl\":\"https:\/\/www.fst.uha.fr\/wp-content\/uploads\/2018\/06\/sqcsqcsq.png\"},{\"@type\":\"BreadcrumbList\",\"@id\":\"https:\/\/www.fst.uha.fr\/index.php\/fst\/developpement-durable\/#breadcrumb\",\"itemListElement\":[{\"@type\":\"ListItem\",\"position\":1,\"name\":\"Accueil\",\"item\":\"https:\/\/www.fst.uha.fr\/\"},{\"@type\":\"ListItem\",\"position\":2,\"name\":\"FST\",\"item\":\"https:\/\/www.fst.uha.fr\/index.php\/fst\/\"},{\"@type\":\"ListItem\",\"position\":3,\"name\":\"D\u00e9veloppement durable\"}]},{\"@type\":\"WebSite\",\"@id\":\"https:\/\/www.fst.uha.fr\/#website\",\"url\":\"https:\/\/www.fst.uha.fr\/\",\"name\":\"FST - Facult\u00e9 des Sciences et Techniques | Universit\u00e9 de Haute-Alsace\",\"description\":\"Campus Illberg | Universit\u00e9 de Haute-Alsace\",\"potentialAction\":[{\"@type\":\"SearchAction\",\"target\":{\"@type\":\"EntryPoint\",\"urlTemplate\":\"https:\/\/www.fst.uha.fr\/?s={search_term_string}\"},\"query-input\":{\"@type\":\"PropertyValueSpecification\",\"valueRequired\":true,\"valueName\":\"search_term_string\"}}],\"inLanguage\":\"fr-FR\"}]}<\/script>\n<!-- \/ Yoast SEO plugin. -->","yoast_head_json":{"title":"D\u00e9veloppement durable - FST - Facult\u00e9 des Sciences et Techniques","description":"La Facult\u00e9 des Sciences de Mulhouse \u0153uvre au c\u00f4t\u00e9 du l'universit\u00e9 de Haute-Alsace dans le but d'agir au quotidien pour le d\u00e9veloppement durable.","robots":{"index":"index","follow":"follow","max-snippet":"max-snippet:-1","max-image-preview":"max-image-preview:large","max-video-preview":"max-video-preview:-1"},"canonical":"https:\/\/www.fst.uha.fr\/index.php\/fst\/developpement-durable\/","og_locale":"fr_FR","og_type":"article","og_title":"D\u00e9veloppement durable - FST - Facult\u00e9 des Sciences et Techniques","og_description":"La Facult\u00e9 des Sciences de Mulhouse \u0153uvre au c\u00f4t\u00e9 du l'universit\u00e9 de Haute-Alsace dans le but d'agir au quotidien pour le d\u00e9veloppement durable.","og_url":"https:\/\/www.fst.uha.fr\/index.php\/fst\/developpement-durable\/","og_site_name":"FST - Facult\u00e9 des Sciences et Techniques | Universit\u00e9 de Haute-Alsace","article_modified_time":"2025-05-06T13:25:49+00:00","og_image":[{"width":1920,"height":501,"url":"https:\/\/www.fst.uha.fr\/wp-content\/uploads\/2018\/06\/sqcsqcsq.png","type":"image\/png"}],"twitter_card":"summary_large_image","twitter_misc":{"Dur\u00e9e de lecture estim\u00e9e":"2 minutes"},"schema":{"@context":"https:\/\/schema.org","@graph":[{"@type":"WebPage","@id":"https:\/\/www.fst.uha.fr\/index.php\/fst\/developpement-durable\/","url":"https:\/\/www.fst.uha.fr\/index.php\/fst\/developpement-durable\/","name":"D\u00e9veloppement durable - FST - Facult\u00e9 des Sciences et Techniques","isPartOf":{"@id":"https:\/\/www.fst.uha.fr\/#website"},"primaryImageOfPage":{"@id":"https:\/\/www.fst.uha.fr\/index.php\/fst\/developpement-durable\/#primaryimage"},"image":{"@id":"https:\/\/www.fst.uha.fr\/index.php\/fst\/developpement-durable\/#primaryimage"},"thumbnailUrl":"https:\/\/www.fst.uha.fr\/wp-content\/uploads\/2018\/06\/sqcsqcsq.png","datePublished":"2018-06-13T15:17:08+00:00","dateModified":"2025-05-06T13:25:49+00:00","description":"La Facult\u00e9 des Sciences de Mulhouse \u0153uvre au c\u00f4t\u00e9 du l'universit\u00e9 de Haute-Alsace dans le but d'agir au quotidien pour le d\u00e9veloppement durable.","breadcrumb":{"@id":"https:\/\/www.fst.uha.fr\/index.php\/fst\/developpement-durable\/#breadcrumb"},"inLanguage":"fr-FR","potentialAction":[{"@type":"ReadAction","target":["https:\/\/www.fst.uha.fr\/index.php\/fst\/developpement-durable\/"]}]},{"@type":"ImageObject","inLanguage":"fr-FR","@id":"https:\/\/www.fst.uha.fr\/index.php\/fst\/developpement-durable\/#primaryimage","url":"https:\/\/www.fst.uha.fr\/wp-content\/uploads\/2018\/06\/sqcsqcsq.png","contentUrl":"https:\/\/www.fst.uha.fr\/wp-content\/uploads\/2018\/06\/sqcsqcsq.png"},{"@type":"BreadcrumbList","@id":"https:\/\/www.fst.uha.fr\/index.php\/fst\/developpement-durable\/#breadcrumb","itemListElement":[{"@type":"ListItem","position":1,"name":"Accueil","item":"https:\/\/www.fst.uha.fr\/"},{"@type":"ListItem","position":2,"name":"FST","item":"https:\/\/www.fst.uha.fr\/index.php\/fst\/"},{"@type":"ListItem","position":3,"name":"D\u00e9veloppement durable"}]},{"@type":"WebSite","@id":"https:\/\/www.fst.uha.fr\/#website","url":"https:\/\/www.fst.uha.fr\/","name":"FST - Facult\u00e9 des Sciences et Techniques | Universit\u00e9 de Haute-Alsace","description":"Campus Illberg | Universit\u00e9 de Haute-Alsace","potentialAction":[{"@type":"SearchAction","target":{"@type":"EntryPoint","urlTemplate":"https:\/\/www.fst.uha.fr\/?s={search_term_string}"},"query-input":{"@type":"PropertyValueSpecification","valueRequired":true,"valueName":"search_term_string"}}],"inLanguage":"fr-FR"}]}},"_links":{"self":[{"href":"https:\/\/www.fst.uha.fr\/index.php\/wp-json\/wp\/v2\/pages\/702","targetHints":{"allow":["GET"]}}],"collection":[{"href":"https:\/\/www.fst.uha.fr\/index.php\/wp-json\/wp\/v2\/pages"}],"about":[{"href":"https:\/\/www.fst.uha.fr\/index.php\/wp-json\/wp\/v2\/types\/page"}],"author":[{"embeddable":true,"href":"https:\/\/www.fst.uha.fr\/index.php\/wp-json\/wp\/v2\/users\/1"}],"replies":[{"embeddable":true,"href":"https:\/\/www.fst.uha.fr\/index.php\/wp-json\/wp\/v2\/comments?post=702"}],"version-history":[{"count":19,"href":"https:\/\/www.fst.uha.fr\/index.php\/wp-json\/wp\/v2\/pages\/702\/revisions"}],"predecessor-version":[{"id":5011,"href":"https:\/\/www.fst.uha.fr\/index.php\/wp-json\/wp\/v2\/pages\/702\/revisions\/5011"}],"up":[{"embeddable":true,"href":"https:\/\/www.fst.uha.fr\/index.php\/wp-json\/wp\/v2\/pages\/20"}],"wp:attachment":[{"href":"https:\/\/www.fst.uha.fr\/index.php\/wp-json\/wp\/v2\/media?parent=702"}],"wp:term":[{"taxonomy":"category","embeddable":true,"href":"https:\/\/www.fst.uha.fr\/index.php\/wp-json\/wp\/v2\/categories?post=702"},{"taxonomy":"post_tag","embeddable":true,"href":"https:\/\/www.fst.uha.fr\/index.php\/wp-json\/wp\/v2\/tags?post=702"}],"curies":[{"name":"wp","href":"https:\/\/api.w.org\/{rel}","templated":true}]}}