{"id":714,"date":"2018-06-14T16:56:36","date_gmt":"2018-06-14T14:56:36","guid":{"rendered":"https:\/\/www.fst.uha.fr\/?page_id=714"},"modified":"2018-07-03T16:44:15","modified_gmt":"2018-07-03T14:44:15","slug":"deposer-un-temoignage","status":"publish","type":"page","link":"https:\/\/www.fst.uha.fr\/index.php\/deposer-un-temoignage\/","title":{"rendered":"D\u00e9poser un t\u00e9moignage"},"content":{"rendered":"<p><img loading=\"lazy\" decoding=\"async\" class=\"alignnone size-full wp-image-745\" src=\"https:\/\/www.fst.uha.fr\/wp-content\/uploads\/2018\/06\/diplomes.png\" alt=\"\" width=\"1920\" height=\"501\" srcset=\"https:\/\/www.fst.uha.fr\/wp-content\/uploads\/2018\/06\/diplomes.png 1920w, https:\/\/www.fst.uha.fr\/wp-content\/uploads\/2018\/06\/diplomes-300x78.png 300w, https:\/\/www.fst.uha.fr\/wp-content\/uploads\/2018\/06\/diplomes-768x200.png 768w, https:\/\/www.fst.uha.fr\/wp-content\/uploads\/2018\/06\/diplomes-1024x267.png 1024w\" sizes=\"auto, (max-width: 1920px) 100vw, 1920px\" \/><\/p>\n<p>Vous souhaitez soutenir votre formation et contribuer au site internet en d\u00e9posant un t\u00e9moignage ? <strong>Remplissez le questionnaire ci dessous !<\/strong><\/p>\n\n<div class=\"wpcf7 no-js\" id=\"wpcf7-f1184-o1\" lang=\"fr-FR\" dir=\"ltr\" data-wpcf7-id=\"1184\">\n<div class=\"screen-reader-response\"><p role=\"status\" aria-live=\"polite\" aria-atomic=\"true\"><\/p> <ul><\/ul><\/div>\n<form action=\"\/index.php\/wp-json\/wp\/v2\/pages\/714#wpcf7-f1184-o1\" method=\"post\" class=\"wpcf7-form init\" aria-label=\"Formulaire de contact\" novalidate=\"novalidate\" data-status=\"init\">\n<fieldset class=\"hidden-fields-container\"><input type=\"hidden\" name=\"_wpcf7\" value=\"1184\" \/><input type=\"hidden\" name=\"_wpcf7_version\" value=\"6.1.5\" \/><input type=\"hidden\" name=\"_wpcf7_locale\" value=\"fr_FR\" \/><input type=\"hidden\" name=\"_wpcf7_unit_tag\" value=\"wpcf7-f1184-o1\" \/><input type=\"hidden\" name=\"_wpcf7_container_post\" value=\"0\" \/><input type=\"hidden\" name=\"_wpcf7_posted_data_hash\" value=\"\" \/><input type=\"hidden\" name=\"_wpcf7_recaptcha_response\" value=\"\" \/>\n<\/fieldset>\n<p><label> Votre nom (obligatoire)<br \/>\n<span class=\"wpcf7-form-control-wrap\" data-name=\"your-name\"><input size=\"40\" maxlength=\"400\" class=\"wpcf7-form-control wpcf7-text wpcf7-validates-as-required\" aria-required=\"true\" aria-invalid=\"false\" placeholder=\"FISCHER\" value=\"\" type=\"text\" name=\"your-name\" \/><\/span><\/label>\n<\/p>\n<p><label> Votre pr\u00e9nom (obligatoire)<br \/>\n<span class=\"wpcf7-form-control-wrap\" data-name=\"prenom\"><input size=\"40\" maxlength=\"400\" class=\"wpcf7-form-control wpcf7-text wpcf7-validates-as-required\" aria-required=\"true\" aria-invalid=\"false\" placeholder=\"Marc\" value=\"\" type=\"text\" name=\"prenom\" \/><\/span><\/label>\n<\/p>\n<p><label> Votre adresse de messagerie (obligatoire)<br \/>\n<span class=\"wpcf7-form-control-wrap\" data-name=\"your-email\"><input size=\"40\" maxlength=\"400\" class=\"wpcf7-form-control wpcf7-email wpcf7-validates-as-required wpcf7-text wpcf7-validates-as-email\" aria-required=\"true\" aria-invalid=\"false\" placeholder=\"exemple@uha.fr\" value=\"\" type=\"email\" name=\"your-email\" \/><\/span> <\/label>\n<\/p>\n<p><label> Votre ann\u00e9e de promotion (obligatoire)<br \/>\n<span class=\"wpcf7-form-control-wrap\" data-name=\"Annnedepromotion\"><select class=\"wpcf7-form-control wpcf7-select wpcf7-validates-as-required\" aria-required=\"true\" aria-invalid=\"false\" name=\"Annnedepromotion\"><option value=\"1960\">1960<\/option><option value=\"1961\">1961<\/option><option value=\"1962\">1962<\/option><option value=\"1963\">1963<\/option><option value=\"1964\">1964<\/option><option value=\"1965\">1965<\/option><option value=\"1966\">1966<\/option><option value=\"1967\">1967<\/option><option value=\"1968\">1968<\/option><option value=\"1969\">1969<\/option><option value=\"1970\">1970<\/option><option value=\"1971\">1971<\/option><option value=\"1972\">1972<\/option><option value=\"1973\">1973<\/option><option value=\"1974\">1974<\/option><option value=\"1975\">1975<\/option><option value=\"1976\">1976<\/option><option value=\"1977\">1977<\/option><option value=\"1978\">1978<\/option><option value=\"1979\">1979<\/option><option value=\"1980\">1980<\/option><option value=\"1981\">1981<\/option><option value=\"1982\">1982<\/option><option value=\"1983\">1983<\/option><option value=\"1984\">1984<\/option><option value=\"1985\">1985<\/option><option value=\"1986\">1986<\/option><option value=\"1987\">1987<\/option><option value=\"1988\">1988<\/option><option value=\"1989\">1989<\/option><option value=\"1990\">1990<\/option><option value=\"1991\">1991<\/option><option value=\"1992\">1992<\/option><option value=\"1993\">1993<\/option><option value=\"1994\">1994<\/option><option value=\"1995\">1995<\/option><option value=\"1996\">1996<\/option><option value=\"1997\">1997<\/option><option value=\"1998\">1998<\/option><option value=\"1999\">1999<\/option><option value=\"2000\">2000<\/option><option value=\"2001\">2001<\/option><option value=\"2002\">2002<\/option><option value=\"2003\">2003<\/option><option value=\"2004\">2004<\/option><option value=\"2005\">2005<\/option><option value=\"2006\">2006<\/option><option value=\"2007\">2007<\/option><option value=\"2008\">2008<\/option><option value=\"2009\">2009<\/option><option value=\"2010\">2010<\/option><option value=\"2011\">2011<\/option><option value=\"2012\">2012<\/option><option value=\"2013\">2013<\/option><option value=\"2014\">2014<\/option><option value=\"2015\">2015<\/option><option value=\"2016\">2016<\/option><option value=\"2017\">2017<\/option><option value=\"2018\">2018<\/option><\/select><\/span><\/label>\n<\/p>\n<p><label> Votre dipl\u00f4me (obligatoire)<br \/>\n<span class=\"wpcf7-form-control-wrap\" data-name=\"Diplme\"><input size=\"40\" maxlength=\"400\" class=\"wpcf7-form-control wpcf7-text wpcf7-validates-as-required\" aria-required=\"true\" aria-invalid=\"false\" placeholder=\"Licence Chimie\" value=\"\" type=\"text\" name=\"Diplme\" \/><\/span><\/label>\n<\/p>\n<p><label> Votre t\u00e9moignage (obligatoire)<br \/>\n<span class=\"wpcf7-form-control-wrap\" data-name=\"your-message\"><textarea cols=\"40\" rows=\"10\" maxlength=\"2000\" class=\"wpcf7-form-control wpcf7-textarea\" aria-invalid=\"false\" name=\"your-message\"><\/textarea><\/span> <\/label>\n<\/p>\n<h4><span class=\"wpcf7-form-control-wrap\" data-name=\"Adiffusion\"><span class=\"wpcf7-form-control wpcf7-checkbox wpcf7-validates-as-required wpcf7-exclusive-checkbox\"><span class=\"wpcf7-list-item first last\"><span class=\"wpcf7-list-item-label\">J&#039;accepte la diffusion de mon t\u00e9moignage sur le site internet de la FST (obligatoire).<\/span><input type=\"checkbox\" name=\"Adiffusion\" value=\"J&#039;accepte la diffusion de mon t\u00e9moignage sur le site internet de la FST (obligatoire).\" \/><\/span><\/span><\/span>\n<\/h4>\n\n<p><input class=\"wpcf7-form-control wpcf7-submit has-spinner\" type=\"submit\" value=\"Envoyer\" \/>\n<\/p><div class=\"wpcf7-response-output\" aria-hidden=\"true\"><\/div>\n<\/form>\n<\/div>\n\n<p>Vous\u00a0 souhaitez consulter des t\u00e9moignages d&rsquo;anciens \u00e9tudiants ? Retrouvez-les dans <a href=\"https:\/\/www.fst.uha.fr\/index.php\/fst\/temoignages\/\">la rubrique t\u00e9moignages<\/a><\/p>\n","protected":false},"excerpt":{"rendered":"<p>Vous souhaitez soutenir votre formation et contribuer au site internet en d\u00e9posant un t\u00e9moignage ? Remplissez le questionnaire ci dessous ! Vous\u00a0 souhaitez consulter des t\u00e9moignages d&rsquo;anciens \u00e9tudiants ? Retrouvez-les dans la rubrique t\u00e9moignages<\/p>\n","protected":false},"author":1,"featured_media":850,"parent":0,"menu_order":0,"comment_status":"closed","ping_status":"closed","template":"","meta":{"footnotes":""},"categories":[8],"tags":[],"class_list":["post-714","page","type-page","status-publish","has-post-thumbnail","hentry","category-anciens-etudiants"],"yoast_head":"<!-- This site is optimized with the Yoast SEO plugin v27.0 - https:\/\/yoast.com\/product\/yoast-seo-wordpress\/ -->\n<title>D\u00e9poser un t\u00e9moignage - FST - Facult\u00e9 des Sciences Mulhouse<\/title>\n<meta name=\"description\" content=\"D\u00e9poser votre t\u00e9moignage ici gr\u00e2ce \u00e0 un formulaire\" \/>\n<meta name=\"robots\" content=\"index, follow, max-snippet:-1, max-image-preview:large, max-video-preview:-1\" \/>\n<link rel=\"canonical\" href=\"https:\/\/www.fst.uha.fr\/index.php\/deposer-un-temoignage\/\" \/>\n<meta property=\"og:locale\" content=\"fr_FR\" \/>\n<meta property=\"og:type\" content=\"article\" \/>\n<meta property=\"og:title\" content=\"D\u00e9poser un t\u00e9moignage - FST - Facult\u00e9 des Sciences Mulhouse\" \/>\n<meta property=\"og:description\" content=\"D\u00e9poser votre t\u00e9moignage ici gr\u00e2ce \u00e0 un formulaire\" \/>\n<meta property=\"og:url\" content=\"https:\/\/www.fst.uha.fr\/index.php\/deposer-un-temoignage\/\" \/>\n<meta property=\"og:site_name\" content=\"FST - Facult\u00e9 des Sciences et Techniques | Universit\u00e9 de Haute-Alsace\" \/>\n<meta property=\"article:modified_time\" content=\"2018-07-03T14:44:15+00:00\" \/>\n<meta property=\"og:image\" content=\"https:\/\/www.fst.uha.fr\/wp-content\/uploads\/2018\/06\/DSC09292-1024x683.jpg\" \/>\n\t<meta property=\"og:image:width\" content=\"1024\" \/>\n\t<meta property=\"og:image:height\" content=\"683\" \/>\n\t<meta property=\"og:image:type\" content=\"image\/jpeg\" \/>\n<meta name=\"twitter:card\" content=\"summary_large_image\" \/>\n<script type=\"application\/ld+json\" class=\"yoast-schema-graph\">{\"@context\":\"https:\/\/schema.org\",\"@graph\":[{\"@type\":\"WebPage\",\"@id\":\"https:\/\/www.fst.uha.fr\/index.php\/deposer-un-temoignage\/\",\"url\":\"https:\/\/www.fst.uha.fr\/index.php\/deposer-un-temoignage\/\",\"name\":\"D\u00e9poser un t\u00e9moignage - FST - Facult\u00e9 des Sciences Mulhouse\",\"isPartOf\":{\"@id\":\"https:\/\/www.fst.uha.fr\/#website\"},\"primaryImageOfPage\":{\"@id\":\"https:\/\/www.fst.uha.fr\/index.php\/deposer-un-temoignage\/#primaryimage\"},\"image\":{\"@id\":\"https:\/\/www.fst.uha.fr\/index.php\/deposer-un-temoignage\/#primaryimage\"},\"thumbnailUrl\":\"https:\/\/www.fst.uha.fr\/wp-content\/uploads\/2018\/06\/DSC09292.jpg\",\"datePublished\":\"2018-06-14T14:56:36+00:00\",\"dateModified\":\"2018-07-03T14:44:15+00:00\",\"description\":\"D\u00e9poser votre t\u00e9moignage ici gr\u00e2ce \u00e0 un formulaire\",\"breadcrumb\":{\"@id\":\"https:\/\/www.fst.uha.fr\/index.php\/deposer-un-temoignage\/#breadcrumb\"},\"inLanguage\":\"fr-FR\",\"potentialAction\":[{\"@type\":\"ReadAction\",\"target\":[\"https:\/\/www.fst.uha.fr\/index.php\/deposer-un-temoignage\/\"]}]},{\"@type\":\"ImageObject\",\"inLanguage\":\"fr-FR\",\"@id\":\"https:\/\/www.fst.uha.fr\/index.php\/deposer-un-temoignage\/#primaryimage\",\"url\":\"https:\/\/www.fst.uha.fr\/wp-content\/uploads\/2018\/06\/DSC09292.jpg\",\"contentUrl\":\"https:\/\/www.fst.uha.fr\/wp-content\/uploads\/2018\/06\/DSC09292.jpg\",\"width\":5472,\"height\":3648},{\"@type\":\"BreadcrumbList\",\"@id\":\"https:\/\/www.fst.uha.fr\/index.php\/deposer-un-temoignage\/#breadcrumb\",\"itemListElement\":[{\"@type\":\"ListItem\",\"position\":1,\"name\":\"Accueil\",\"item\":\"https:\/\/www.fst.uha.fr\/\"},{\"@type\":\"ListItem\",\"position\":2,\"name\":\"D\u00e9poser un t\u00e9moignage\"}]},{\"@type\":\"WebSite\",\"@id\":\"https:\/\/www.fst.uha.fr\/#website\",\"url\":\"https:\/\/www.fst.uha.fr\/\",\"name\":\"FST - Facult\u00e9 des Sciences et Techniques | Universit\u00e9 de Haute-Alsace\",\"description\":\"Campus Illberg | Universit\u00e9 de Haute-Alsace\",\"potentialAction\":[{\"@type\":\"SearchAction\",\"target\":{\"@type\":\"EntryPoint\",\"urlTemplate\":\"https:\/\/www.fst.uha.fr\/?s={search_term_string}\"},\"query-input\":{\"@type\":\"PropertyValueSpecification\",\"valueRequired\":true,\"valueName\":\"search_term_string\"}}],\"inLanguage\":\"fr-FR\"}]}<\/script>\n<!-- \/ Yoast SEO plugin. -->","yoast_head_json":{"title":"D\u00e9poser un t\u00e9moignage - FST - Facult\u00e9 des Sciences Mulhouse","description":"D\u00e9poser votre t\u00e9moignage ici gr\u00e2ce \u00e0 un formulaire","robots":{"index":"index","follow":"follow","max-snippet":"max-snippet:-1","max-image-preview":"max-image-preview:large","max-video-preview":"max-video-preview:-1"},"canonical":"https:\/\/www.fst.uha.fr\/index.php\/deposer-un-temoignage\/","og_locale":"fr_FR","og_type":"article","og_title":"D\u00e9poser un t\u00e9moignage - FST - Facult\u00e9 des Sciences Mulhouse","og_description":"D\u00e9poser votre t\u00e9moignage ici gr\u00e2ce \u00e0 un formulaire","og_url":"https:\/\/www.fst.uha.fr\/index.php\/deposer-un-temoignage\/","og_site_name":"FST - Facult\u00e9 des Sciences et Techniques | Universit\u00e9 de Haute-Alsace","article_modified_time":"2018-07-03T14:44:15+00:00","og_image":[{"width":1024,"height":683,"url":"https:\/\/www.fst.uha.fr\/wp-content\/uploads\/2018\/06\/DSC09292-1024x683.jpg","type":"image\/jpeg"}],"twitter_card":"summary_large_image","schema":{"@context":"https:\/\/schema.org","@graph":[{"@type":"WebPage","@id":"https:\/\/www.fst.uha.fr\/index.php\/deposer-un-temoignage\/","url":"https:\/\/www.fst.uha.fr\/index.php\/deposer-un-temoignage\/","name":"D\u00e9poser un t\u00e9moignage - FST - Facult\u00e9 des Sciences Mulhouse","isPartOf":{"@id":"https:\/\/www.fst.uha.fr\/#website"},"primaryImageOfPage":{"@id":"https:\/\/www.fst.uha.fr\/index.php\/deposer-un-temoignage\/#primaryimage"},"image":{"@id":"https:\/\/www.fst.uha.fr\/index.php\/deposer-un-temoignage\/#primaryimage"},"thumbnailUrl":"https:\/\/www.fst.uha.fr\/wp-content\/uploads\/2018\/06\/DSC09292.jpg","datePublished":"2018-06-14T14:56:36+00:00","dateModified":"2018-07-03T14:44:15+00:00","description":"D\u00e9poser votre t\u00e9moignage ici gr\u00e2ce \u00e0 un formulaire","breadcrumb":{"@id":"https:\/\/www.fst.uha.fr\/index.php\/deposer-un-temoignage\/#breadcrumb"},"inLanguage":"fr-FR","potentialAction":[{"@type":"ReadAction","target":["https:\/\/www.fst.uha.fr\/index.php\/deposer-un-temoignage\/"]}]},{"@type":"ImageObject","inLanguage":"fr-FR","@id":"https:\/\/www.fst.uha.fr\/index.php\/deposer-un-temoignage\/#primaryimage","url":"https:\/\/www.fst.uha.fr\/wp-content\/uploads\/2018\/06\/DSC09292.jpg","contentUrl":"https:\/\/www.fst.uha.fr\/wp-content\/uploads\/2018\/06\/DSC09292.jpg","width":5472,"height":3648},{"@type":"BreadcrumbList","@id":"https:\/\/www.fst.uha.fr\/index.php\/deposer-un-temoignage\/#breadcrumb","itemListElement":[{"@type":"ListItem","position":1,"name":"Accueil","item":"https:\/\/www.fst.uha.fr\/"},{"@type":"ListItem","position":2,"name":"D\u00e9poser un t\u00e9moignage"}]},{"@type":"WebSite","@id":"https:\/\/www.fst.uha.fr\/#website","url":"https:\/\/www.fst.uha.fr\/","name":"FST - Facult\u00e9 des Sciences et Techniques | Universit\u00e9 de Haute-Alsace","description":"Campus Illberg | Universit\u00e9 de Haute-Alsace","potentialAction":[{"@type":"SearchAction","target":{"@type":"EntryPoint","urlTemplate":"https:\/\/www.fst.uha.fr\/?s={search_term_string}"},"query-input":{"@type":"PropertyValueSpecification","valueRequired":true,"valueName":"search_term_string"}}],"inLanguage":"fr-FR"}]}},"_links":{"self":[{"href":"https:\/\/www.fst.uha.fr\/index.php\/wp-json\/wp\/v2\/pages\/714","targetHints":{"allow":["GET"]}}],"collection":[{"href":"https:\/\/www.fst.uha.fr\/index.php\/wp-json\/wp\/v2\/pages"}],"about":[{"href":"https:\/\/www.fst.uha.fr\/index.php\/wp-json\/wp\/v2\/types\/page"}],"author":[{"embeddable":true,"href":"https:\/\/www.fst.uha.fr\/index.php\/wp-json\/wp\/v2\/users\/1"}],"replies":[{"embeddable":true,"href":"https:\/\/www.fst.uha.fr\/index.php\/wp-json\/wp\/v2\/comments?post=714"}],"version-history":[{"count":6,"href":"https:\/\/www.fst.uha.fr\/index.php\/wp-json\/wp\/v2\/pages\/714\/revisions"}],"predecessor-version":[{"id":1224,"href":"https:\/\/www.fst.uha.fr\/index.php\/wp-json\/wp\/v2\/pages\/714\/revisions\/1224"}],"wp:featuredmedia":[{"embeddable":true,"href":"https:\/\/www.fst.uha.fr\/index.php\/wp-json\/wp\/v2\/media\/850"}],"wp:attachment":[{"href":"https:\/\/www.fst.uha.fr\/index.php\/wp-json\/wp\/v2\/media?parent=714"}],"wp:term":[{"taxonomy":"category","embeddable":true,"href":"https:\/\/www.fst.uha.fr\/index.php\/wp-json\/wp\/v2\/categories?post=714"},{"taxonomy":"post_tag","embeddable":true,"href":"https:\/\/www.fst.uha.fr\/index.php\/wp-json\/wp\/v2\/tags?post=714"}],"curies":[{"name":"wp","href":"https:\/\/api.w.org\/{rel}","templated":true}]}}