{"id":788,"date":"2018-05-18T08:07:18","date_gmt":"2018-05-18T06:07:18","guid":{"rendered":"https:\/\/www.fst.uha.fr\/?page_id=788"},"modified":"2018-08-30T16:13:11","modified_gmt":"2018-08-30T14:13:11","slug":"bien-reussir-sa-premiere-annee","status":"publish","type":"page","link":"https:\/\/www.fst.uha.fr\/index.php\/bien-reussir-sa-premiere-annee\/","title":{"rendered":"Bien r\u00e9ussir sa premi\u00e8re ann\u00e9e"},"content":{"rendered":"<div class=\"entry-content\">\n<h1><img loading=\"lazy\" decoding=\"async\" class=\"alignnone size-full wp-image-1014\" src=\"https:\/\/www.fst.uha.fr\/wp-content\/uploads\/2018\/06\/dsfs.png\" alt=\"\" width=\"1920\" height=\"501\" srcset=\"https:\/\/www.fst.uha.fr\/wp-content\/uploads\/2018\/06\/dsfs.png 1920w, https:\/\/www.fst.uha.fr\/wp-content\/uploads\/2018\/06\/dsfs-300x78.png 300w, https:\/\/www.fst.uha.fr\/wp-content\/uploads\/2018\/06\/dsfs-768x200.png 768w, https:\/\/www.fst.uha.fr\/wp-content\/uploads\/2018\/06\/dsfs-1024x267.png 1024w\" sizes=\"auto, (max-width: 1920px) 100vw, 1920px\" \/><\/h1>\n<h1>Orientation active<\/h1>\n<p>L\u2019orientation active est une d\u00e9marche d\u2019information, un conseil personnalis\u00e9 des futurs bacheliers \u00e9mis par les enseignants-chercheurs des fili\u00e8res non s\u00e9lectives (Licences). Son objectif est d\u2019informer les futurs \u00e9tudiants des contenus des formations, de leur permettre de faire des choix d\u2019orientation r\u00e9fl\u00e9chis, et de les aider \u00e0 int\u00e9grer des fili\u00e8res qui leur correspondent.<\/p>\n<\/div>\n<p>Changements par rapport au lyc\u00e9e<\/p>\n<div class=\"entry-content\">\n<div class=\"su-tabs su-tabs-style-default\" data-active=\"1\">\n<div class=\"su-tabs-nav\"><span class=\"\" data-url=\"\" data-target=\"blank\">Changement de rythme<\/span><span class=\"\" data-url=\"\" data-target=\"blank\">Changement de m\u00e9thodologie et de p\u00e9dagogie<\/span><span class=\"\" data-url=\"\" data-target=\"blank\">Changement du mode d&rsquo;\u00e9valuation<\/span><\/div>\n<div class=\"su-tabs-panes\">\n<div class=\"su-tabs-pane su-clearfix\">\n<p>Deux semestres :<\/p>\n<ul>\n<li>le 1<sup>er<\/sup> semestre d\u2019orientation comprend des enseignements fondamentaux, des mati\u00e8res compl\u00e9mentaires de d\u00e9couvertes et des cours de m\u00e9thodologie.<\/li>\n<li>le 2<sup>nd<\/sup> semestre met davantage l\u2019accent sur les enseignements disciplinaires.<\/li>\n<\/ul>\n<\/div>\n<div class=\"su-tabs-pane su-clearfix\">\n<p>Plusieurs types de cours :<\/p>\n<ul>\n<li>les Cours int\u00e9gr\u00e9s (CI) en petits groupes, en salles de TD, en premi\u00e8re ann\u00e9e de licence.<\/li>\n<li>les Cours Magistraux (CM) en amphith\u00e9\u00e2tre.<\/li>\n<li>les Travaux Dirig\u00e9s (TD).<\/li>\n<li>et les Travaux Pratiques (TP) pour les scientifiques.<\/li>\n<\/ul>\n<p>Tous les enseignements s\u2019appuient sur la recherche.<\/p>\n<\/div>\n<div class=\"su-tabs-pane su-clearfix\">\n<p>Un examen a lieu pour chaque Unit\u00e9 d\u2019Enseignement (UE), g\u00e9n\u00e9ralement en fin de semestre. Les \u00e9tudiants de premi\u00e8re ann\u00e9e sont \u00e9valu\u00e9s en contr\u00f4le continu.<\/p>\n<p>Un rattrapage (2<sup>\u00e8me<\/sup> session) est pr\u00e9vu en cas de non-r\u00e9ussite \u00e0 la 1<sup>\u00e8re<\/sup> session.<\/p>\n<\/div>\n<\/div>\n<\/div>\n<div class=\"su-accordion su-u-trim\">\n<div class=\"su-spoiler su-spoiler-style-fancy su-spoiler-icon-plus-circle su-spoiler-closed\" data-scroll-offset=\"0\" data-anchor-in-url=\"no\"><div class=\"su-spoiler-title\" tabindex=\"0\" role=\"button\"><span class=\"su-spoiler-icon\"><\/span>Quelques conseils pour r\u00e9ussir<\/div><div class=\"su-spoiler-content su-u-clearfix su-u-trim\">\n<p>Ces diff\u00e9rents changements n\u00e9cessitent d\u2019adopter tr\u00e8s vite une nouvelle m\u00e9thodologie et une bonne organisation du travail afin de r\u00e9ussir son ann\u00e9e :<\/p>\n<ul>\n<li>Ma\u00eetriser les techniques de prises de notes (CM) et de la dissertation (examen)<\/li>\n<li>Avoir un go\u00fbt pour la th\u00e9orie et les recherches personnelles<\/li>\n<li>Approfondir les cours en fr\u00e9quentant les biblioth\u00e8ques<\/li>\n<li>Fournir un travail personnel r\u00e9gulier<\/li>\n<li>Utiliser <a href=\"http:\/\/www.unisciel.fr\/\">Unisciel<\/a> afin d&rsquo;obtenir des compl\u00e9ments de cours<\/li>\n<li>Ne pas attendre la veille des examens pour r\u00e9viser<\/li>\n<li>Se projeter dans l\u2019avenir en r\u00e9fl\u00e9chissant \u00e0 un projet d\u2019orientation voire professionnel<\/li>\n<\/ul>\n<\/div><\/div><div class=\"su-spoiler su-spoiler-style-fancy su-spoiler-icon-plus-circle su-spoiler-closed\" data-scroll-offset=\"0\" data-anchor-in-url=\"no\"><div class=\"su-spoiler-title\" tabindex=\"0\" role=\"button\"><span class=\"su-spoiler-icon\"><\/span>Les dispositifs pour r\u00e9ussir<\/div><div class=\"su-spoiler-content su-u-clearfix su-u-trim\">\n<p><strong>Les cours TD int\u00e9gr\u00e9s (CI)<\/strong><br \/>\nCours\/TD en petits groupes (moins de 40\/classe), afin de limiter l&rsquo;utilisation des amphis et ainsi conserver un niveau de concentration proche de celui du lyc\u00e9e.<\/p>\n<p><strong>Le Tutorat<\/strong><br \/>\nIl permet b\u00e9n\u00e9ficier des conseils et de l\u2019exp\u00e9rience d\u2019\u00e9tudiants de 3<sup>\u00e8me<\/sup> ou 4<sup>\u00e8me<\/sup> ann\u00e9e<\/p>\n<p><strong>Le professeur r\u00e9f\u00e9rent<\/strong><br \/>\nIl vous aidera dans votre d\u00e9marche p\u00e9dagogique<\/p>\n<p><strong>La semaine de rentr\u00e9e<\/strong><br \/>\nR\u00e9unions d\u2019informations, visite du campus, des b\u00e2timents\u2026<\/p>\n<p><strong>Les diff\u00e9rents services de l\u2019universit\u00e9<\/strong><br \/>\nLe Service d\u2019Information et d\u2019Orientation (SIO), la Scolarit\u00e9 Centrale, le Bureau de la Vie \u00c9tudiante (BVE), le Service Commun de Documentation (SCD)<\/p>\n<\/div><\/div><div class=\"su-spoiler su-spoiler-style-fancy su-spoiler-icon-plus-circle su-spoiler-closed\" data-scroll-offset=\"0\" data-anchor-in-url=\"no\"><div class=\"su-spoiler-title\" tabindex=\"0\" role=\"button\"><span class=\"su-spoiler-icon\"><\/span>Pour approfondir vos recherches<\/div><div class=\"su-spoiler-content su-u-clearfix su-u-trim\">\n<ul>\n<li>entretien personnalis\u00e9 au <a href=\"https:\/\/www.uha.fr\/la-formation\/etudier-a-luniversite\/infos-pratiques\/information-orientation\/\">Service d\u2019Information et d\u2019Orientation (SIO)<\/a><\/li>\n<li>quelques liens vers des sites web : UHA, <a href=\"http:\/\/www.onisep.fr\/\" target=\"_blank\" rel=\"noopener\">ONISEP<\/a>, <a href=\"http:\/\/www.cidj.com\/\" target=\"_blank\" rel=\"noopener\">CIDJ<\/a>\u2026<\/li>\n<li>\u00e0 la recherche de m\u00e9tiers, de secteurs d\u2019activit\u00e9s ou de formations ? En quelques minutes, ce <a href=\"http:\/\/www.onisep.fr\/Decouvrir-les-metiers\/Des-metiers-selon-mes-gouts\/Quiz-quels-metiers-pour-moi\">quizz<\/a> vous donnera des id\u00e9es.<\/li>\n<\/ul>\n<\/div><\/div>\n<\/div>\n<\/div>\n","protected":false},"excerpt":{"rendered":"<p>Orientation active L\u2019orientation active est une d\u00e9marche d\u2019information, un conseil personnalis\u00e9 des futurs bacheliers \u00e9mis par les enseignants-chercheurs des fili\u00e8res non s\u00e9lectives (Licences). Son objectif est d\u2019informer les futurs \u00e9tudiants des contenus des formations, de leur permettre de faire des choix d\u2019orientation r\u00e9fl\u00e9chis, et de les aider \u00e0 int\u00e9grer des fili\u00e8res qui leur correspondent. Changements [&hellip;]<\/p>\n","protected":false},"author":1,"featured_media":789,"parent":0,"menu_order":0,"comment_status":"closed","ping_status":"closed","template":"","meta":{"footnotes":""},"categories":[7,10],"tags":[],"class_list":["post-788","page","type-page","status-publish","has-post-thumbnail","hentry","category-futurs-etudiants","category-parents"],"yoast_head":"<!-- This site is optimized with the Yoast SEO plugin v27.0 - https:\/\/yoast.com\/product\/yoast-seo-wordpress\/ -->\n<title>Bien r\u00e9ussir sa premi\u00e8re ann\u00e9e - FST - Facult\u00e9 des Sciences et Techniques | Universit\u00e9 de Haute-Alsace<\/title>\n<meta name=\"robots\" content=\"index, follow, max-snippet:-1, max-image-preview:large, max-video-preview:-1\" \/>\n<link rel=\"canonical\" href=\"https:\/\/www.fst.uha.fr\/index.php\/bien-reussir-sa-premiere-annee\/\" \/>\n<meta property=\"og:locale\" content=\"fr_FR\" \/>\n<meta property=\"og:type\" content=\"article\" \/>\n<meta property=\"og:title\" content=\"Bien r\u00e9ussir sa premi\u00e8re ann\u00e9e - FST - Facult\u00e9 des Sciences et Techniques | Universit\u00e9 de Haute-Alsace\" \/>\n<meta property=\"og:description\" content=\"Orientation active L\u2019orientation active est une d\u00e9marche d\u2019information, un conseil personnalis\u00e9 des futurs bacheliers \u00e9mis par les enseignants-chercheurs des fili\u00e8res non s\u00e9lectives (Licences). Son objectif est d\u2019informer les futurs \u00e9tudiants des contenus des formations, de leur permettre de faire des choix d\u2019orientation r\u00e9fl\u00e9chis, et de les aider \u00e0 int\u00e9grer des fili\u00e8res qui leur correspondent. Changements [&hellip;]\" \/>\n<meta property=\"og:url\" content=\"https:\/\/www.fst.uha.fr\/index.php\/bien-reussir-sa-premiere-annee\/\" \/>\n<meta property=\"og:site_name\" content=\"FST - Facult\u00e9 des Sciences et Techniques | Universit\u00e9 de Haute-Alsace\" \/>\n<meta property=\"article:modified_time\" content=\"2018-08-30T14:13:11+00:00\" \/>\n<meta property=\"og:image\" content=\"https:\/\/www.fst.uha.fr\/wp-content\/uploads\/2018\/06\/DSC09290-683x1024.jpg\" \/>\n\t<meta property=\"og:image:width\" content=\"683\" \/>\n\t<meta property=\"og:image:height\" content=\"1024\" \/>\n\t<meta property=\"og:image:type\" content=\"image\/jpeg\" \/>\n<meta name=\"twitter:card\" content=\"summary_large_image\" \/>\n<meta name=\"twitter:label1\" content=\"Dur\u00e9e de lecture estim\u00e9e\" \/>\n\t<meta name=\"twitter:data1\" content=\"3 minutes\" \/>\n<script type=\"application\/ld+json\" class=\"yoast-schema-graph\">{\"@context\":\"https:\/\/schema.org\",\"@graph\":[{\"@type\":\"WebPage\",\"@id\":\"https:\/\/www.fst.uha.fr\/index.php\/bien-reussir-sa-premiere-annee\/\",\"url\":\"https:\/\/www.fst.uha.fr\/index.php\/bien-reussir-sa-premiere-annee\/\",\"name\":\"Bien r\u00e9ussir sa premi\u00e8re ann\u00e9e - FST - Facult\u00e9 des Sciences et Techniques | Universit\u00e9 de Haute-Alsace\",\"isPartOf\":{\"@id\":\"https:\/\/www.fst.uha.fr\/#website\"},\"primaryImageOfPage\":{\"@id\":\"https:\/\/www.fst.uha.fr\/index.php\/bien-reussir-sa-premiere-annee\/#primaryimage\"},\"image\":{\"@id\":\"https:\/\/www.fst.uha.fr\/index.php\/bien-reussir-sa-premiere-annee\/#primaryimage\"},\"thumbnailUrl\":\"https:\/\/www.fst.uha.fr\/wp-content\/uploads\/2018\/06\/DSC09290.jpg\",\"datePublished\":\"2018-05-18T06:07:18+00:00\",\"dateModified\":\"2018-08-30T14:13:11+00:00\",\"breadcrumb\":{\"@id\":\"https:\/\/www.fst.uha.fr\/index.php\/bien-reussir-sa-premiere-annee\/#breadcrumb\"},\"inLanguage\":\"fr-FR\",\"potentialAction\":[{\"@type\":\"ReadAction\",\"target\":[\"https:\/\/www.fst.uha.fr\/index.php\/bien-reussir-sa-premiere-annee\/\"]}]},{\"@type\":\"ImageObject\",\"inLanguage\":\"fr-FR\",\"@id\":\"https:\/\/www.fst.uha.fr\/index.php\/bien-reussir-sa-premiere-annee\/#primaryimage\",\"url\":\"https:\/\/www.fst.uha.fr\/wp-content\/uploads\/2018\/06\/DSC09290.jpg\",\"contentUrl\":\"https:\/\/www.fst.uha.fr\/wp-content\/uploads\/2018\/06\/DSC09290.jpg\",\"width\":3648,\"height\":5472},{\"@type\":\"BreadcrumbList\",\"@id\":\"https:\/\/www.fst.uha.fr\/index.php\/bien-reussir-sa-premiere-annee\/#breadcrumb\",\"itemListElement\":[{\"@type\":\"ListItem\",\"position\":1,\"name\":\"Accueil\",\"item\":\"https:\/\/www.fst.uha.fr\/\"},{\"@type\":\"ListItem\",\"position\":2,\"name\":\"Bien r\u00e9ussir sa premi\u00e8re ann\u00e9e\"}]},{\"@type\":\"WebSite\",\"@id\":\"https:\/\/www.fst.uha.fr\/#website\",\"url\":\"https:\/\/www.fst.uha.fr\/\",\"name\":\"FST - Facult\u00e9 des Sciences et Techniques | Universit\u00e9 de Haute-Alsace\",\"description\":\"Campus Illberg | Universit\u00e9 de Haute-Alsace\",\"potentialAction\":[{\"@type\":\"SearchAction\",\"target\":{\"@type\":\"EntryPoint\",\"urlTemplate\":\"https:\/\/www.fst.uha.fr\/?s={search_term_string}\"},\"query-input\":{\"@type\":\"PropertyValueSpecification\",\"valueRequired\":true,\"valueName\":\"search_term_string\"}}],\"inLanguage\":\"fr-FR\"}]}<\/script>\n<!-- \/ Yoast SEO plugin. -->","yoast_head_json":{"title":"Bien r\u00e9ussir sa premi\u00e8re ann\u00e9e - FST - Facult\u00e9 des Sciences et Techniques | Universit\u00e9 de Haute-Alsace","robots":{"index":"index","follow":"follow","max-snippet":"max-snippet:-1","max-image-preview":"max-image-preview:large","max-video-preview":"max-video-preview:-1"},"canonical":"https:\/\/www.fst.uha.fr\/index.php\/bien-reussir-sa-premiere-annee\/","og_locale":"fr_FR","og_type":"article","og_title":"Bien r\u00e9ussir sa premi\u00e8re ann\u00e9e - FST - Facult\u00e9 des Sciences et Techniques | Universit\u00e9 de Haute-Alsace","og_description":"Orientation active L\u2019orientation active est une d\u00e9marche d\u2019information, un conseil personnalis\u00e9 des futurs bacheliers \u00e9mis par les enseignants-chercheurs des fili\u00e8res non s\u00e9lectives (Licences). Son objectif est d\u2019informer les futurs \u00e9tudiants des contenus des formations, de leur permettre de faire des choix d\u2019orientation r\u00e9fl\u00e9chis, et de les aider \u00e0 int\u00e9grer des fili\u00e8res qui leur correspondent. Changements [&hellip;]","og_url":"https:\/\/www.fst.uha.fr\/index.php\/bien-reussir-sa-premiere-annee\/","og_site_name":"FST - Facult\u00e9 des Sciences et Techniques | Universit\u00e9 de Haute-Alsace","article_modified_time":"2018-08-30T14:13:11+00:00","og_image":[{"width":683,"height":1024,"url":"https:\/\/www.fst.uha.fr\/wp-content\/uploads\/2018\/06\/DSC09290-683x1024.jpg","type":"image\/jpeg"}],"twitter_card":"summary_large_image","twitter_misc":{"Dur\u00e9e de lecture estim\u00e9e":"3 minutes"},"schema":{"@context":"https:\/\/schema.org","@graph":[{"@type":"WebPage","@id":"https:\/\/www.fst.uha.fr\/index.php\/bien-reussir-sa-premiere-annee\/","url":"https:\/\/www.fst.uha.fr\/index.php\/bien-reussir-sa-premiere-annee\/","name":"Bien r\u00e9ussir sa premi\u00e8re ann\u00e9e - FST - Facult\u00e9 des Sciences et Techniques | Universit\u00e9 de Haute-Alsace","isPartOf":{"@id":"https:\/\/www.fst.uha.fr\/#website"},"primaryImageOfPage":{"@id":"https:\/\/www.fst.uha.fr\/index.php\/bien-reussir-sa-premiere-annee\/#primaryimage"},"image":{"@id":"https:\/\/www.fst.uha.fr\/index.php\/bien-reussir-sa-premiere-annee\/#primaryimage"},"thumbnailUrl":"https:\/\/www.fst.uha.fr\/wp-content\/uploads\/2018\/06\/DSC09290.jpg","datePublished":"2018-05-18T06:07:18+00:00","dateModified":"2018-08-30T14:13:11+00:00","breadcrumb":{"@id":"https:\/\/www.fst.uha.fr\/index.php\/bien-reussir-sa-premiere-annee\/#breadcrumb"},"inLanguage":"fr-FR","potentialAction":[{"@type":"ReadAction","target":["https:\/\/www.fst.uha.fr\/index.php\/bien-reussir-sa-premiere-annee\/"]}]},{"@type":"ImageObject","inLanguage":"fr-FR","@id":"https:\/\/www.fst.uha.fr\/index.php\/bien-reussir-sa-premiere-annee\/#primaryimage","url":"https:\/\/www.fst.uha.fr\/wp-content\/uploads\/2018\/06\/DSC09290.jpg","contentUrl":"https:\/\/www.fst.uha.fr\/wp-content\/uploads\/2018\/06\/DSC09290.jpg","width":3648,"height":5472},{"@type":"BreadcrumbList","@id":"https:\/\/www.fst.uha.fr\/index.php\/bien-reussir-sa-premiere-annee\/#breadcrumb","itemListElement":[{"@type":"ListItem","position":1,"name":"Accueil","item":"https:\/\/www.fst.uha.fr\/"},{"@type":"ListItem","position":2,"name":"Bien r\u00e9ussir sa premi\u00e8re ann\u00e9e"}]},{"@type":"WebSite","@id":"https:\/\/www.fst.uha.fr\/#website","url":"https:\/\/www.fst.uha.fr\/","name":"FST - Facult\u00e9 des Sciences et Techniques | Universit\u00e9 de Haute-Alsace","description":"Campus Illberg | Universit\u00e9 de Haute-Alsace","potentialAction":[{"@type":"SearchAction","target":{"@type":"EntryPoint","urlTemplate":"https:\/\/www.fst.uha.fr\/?s={search_term_string}"},"query-input":{"@type":"PropertyValueSpecification","valueRequired":true,"valueName":"search_term_string"}}],"inLanguage":"fr-FR"}]}},"_links":{"self":[{"href":"https:\/\/www.fst.uha.fr\/index.php\/wp-json\/wp\/v2\/pages\/788","targetHints":{"allow":["GET"]}}],"collection":[{"href":"https:\/\/www.fst.uha.fr\/index.php\/wp-json\/wp\/v2\/pages"}],"about":[{"href":"https:\/\/www.fst.uha.fr\/index.php\/wp-json\/wp\/v2\/types\/page"}],"author":[{"embeddable":true,"href":"https:\/\/www.fst.uha.fr\/index.php\/wp-json\/wp\/v2\/users\/1"}],"replies":[{"embeddable":true,"href":"https:\/\/www.fst.uha.fr\/index.php\/wp-json\/wp\/v2\/comments?post=788"}],"version-history":[{"count":11,"href":"https:\/\/www.fst.uha.fr\/index.php\/wp-json\/wp\/v2\/pages\/788\/revisions"}],"predecessor-version":[{"id":1541,"href":"https:\/\/www.fst.uha.fr\/index.php\/wp-json\/wp\/v2\/pages\/788\/revisions\/1541"}],"wp:featuredmedia":[{"embeddable":true,"href":"https:\/\/www.fst.uha.fr\/index.php\/wp-json\/wp\/v2\/media\/789"}],"wp:attachment":[{"href":"https:\/\/www.fst.uha.fr\/index.php\/wp-json\/wp\/v2\/media?parent=788"}],"wp:term":[{"taxonomy":"category","embeddable":true,"href":"https:\/\/www.fst.uha.fr\/index.php\/wp-json\/wp\/v2\/categories?post=788"},{"taxonomy":"post_tag","embeddable":true,"href":"https:\/\/www.fst.uha.fr\/index.php\/wp-json\/wp\/v2\/tags?post=788"}],"curies":[{"name":"wp","href":"https:\/\/api.w.org\/{rel}","templated":true}]}}