{"id":87,"date":"2018-04-25T14:53:10","date_gmt":"2018-04-25T12:53:10","guid":{"rendered":"https:\/\/www.fst.uha.fr\/?page_id=87"},"modified":"2026-01-23T09:51:59","modified_gmt":"2026-01-23T08:51:59","slug":"licence-chimie","status":"publish","type":"page","link":"https:\/\/www.fst.uha.fr\/index.php\/formations\/licences\/licence-chimie\/","title":{"rendered":"Licence de Chimie"},"content":{"rendered":"<p><a href=\"https:\/\/www.fst.uha.fr\/index.php\/formations\/\">Licences<\/a> &gt; <strong>Licence de Chimie<\/strong><\/p>\n<p>Lien vers la <a href=\"https:\/\/dossier.parcoursup.fr\/Candidats\/public\/fiches\/afficherFicheFormation?g_ta_cod=8157&amp;typeBac=0\" target=\"_blank\" rel=\"noopener noreferrer\">formation sur PARCOURSUP 2026<\/a><\/p>\n<p><img loading=\"lazy\" decoding=\"async\" class=\"alignnone size-full wp-image-322\" src=\"https:\/\/www.fst.uha.fr\/wp-content\/uploads\/2018\/04\/chimie.png\" alt=\"\" width=\"1920\" height=\"501\" srcset=\"https:\/\/www.fst.uha.fr\/wp-content\/uploads\/2018\/04\/chimie.png 1920w, https:\/\/www.fst.uha.fr\/wp-content\/uploads\/2018\/04\/chimie-300x78.png 300w, https:\/\/www.fst.uha.fr\/wp-content\/uploads\/2018\/04\/chimie-768x200.png 768w, https:\/\/www.fst.uha.fr\/wp-content\/uploads\/2018\/04\/chimie-1024x267.png 1024w\" sizes=\"auto, (max-width: 1920px) 100vw, 1920px\" \/><\/p>\n<div class=\"su-row\"><div class=\"su-column su-column-size-3-4\"><div class=\"su-column-inner su-u-clearfix su-u-trim\">\n<h2>Pr\u00e9sentation<\/h2>\n<p>La Licence de chimie est une formation en trois ans qui vise \u00e0 apporter aux \u00e9tudiants une solide formation scientifique g\u00e9n\u00e9rale (physique, chimie, math\u00e9matique, informatique) compl\u00e9t\u00e9e par une sp\u00e9cialisation progressive en chimie. Les principaux domaines de la chimie sont abord\u00e9s (chimie organique, chimie inorganique, chimie-physique, chimie des polym\u00e8res et chimie des mat\u00e9riaux) avec une part importante des enseignements sous forme de Travaux Pratiques (350h).<\/p>\n<h2>Objectifs<\/h2>\n<p>L\u2019objectif du parcours \u00ab Chimie \u00bb de la licence est de donner aux \u00e9tudiants une <strong>solide formation dans les diff\u00e9rents domaines de la Chimie en s\u2019appuyant sur de bonnes bases en physique et en math\u00e9matiques<\/strong>. Les concepts fondamentaux de la chimie (et la physique) sont \u00e9galement abord\u00e9s dans le cadre des Travaux Pratiques afin de permettre aux \u00e9tudiants d\u2019acqu\u00e9rir de solides comp\u00e9tences exp\u00e9rimentales. Cette formation est compl\u00e9t\u00e9e par des enseignements professionnalisants afin de faciliter l\u2019int\u00e9gration dans le monde professionnel.<\/p>\n<p>Cette formation concerne tous les secteurs d\u2019activit\u00e9s li\u00e9s aux sciences chimiques (cosm\u00e9tique, pharmacie, \u00e9nergie, mat\u00e9riaux, environnement, sant\u00e9, s\u00e9curit\u00e9, agro-alimentaire, formulation) ainsi que les domaines li\u00e9s \u00e0 la recherche et \u00e0 l\u2019enseignement.<br \/>\n<div class=\"su-accordion su-u-trim\">\n<div class=\"su-spoiler su-spoiler-style-fancy su-spoiler-icon-plus-circle su-spoiler-closed\" data-scroll-offset=\"0\" data-anchor-in-url=\"no\"><div class=\"su-spoiler-title\" tabindex=\"0\" role=\"button\"><span class=\"su-spoiler-icon\"><\/span>Admission<\/div><div class=\"su-spoiler-content su-u-clearfix su-u-trim\">\n<p>La Licence est accessible aux \u00e9tudiants \u00e9trangers qui \u00e9tudient \u00e0 l&rsquo;\u00e9tranger via une candidature <a href=\"https:\/\/www.campusfrance.org\/fr\" target=\"_blank\" rel=\"noopener\">Campus France<\/a> (niveau de fran\u00e7ais B2 minimum).<\/p>\n<p><strong>Admission en L1<\/strong> : Admission sur titre en L1 (baccalaur\u00e9at g\u00e9n\u00e9ral de type scientifique) apr\u00e8s \u00e9valuation du dossier sur Parcoursup.<\/p>\n<p>Lien vers la formation sur PARCOURSUP 2026 :<a href=\"https:\/\/dossier.parcoursup.fr\/Candidats\/public\/fiches\/afficherFicheFormation?g_ta_cod=8157&amp;typeBac=0\" target=\"_blank\" rel=\"noopener noreferrer\"> Cliquer ici.<\/a><\/p>\n<p>(Le choix de parcours se fera lors de l&rsquo;inscription p\u00e9dagogique \u00e0 l&rsquo;universit\u00e9)<\/p>\n<p>Les candidatures en L2 et L3 pour les \u00e9tudiants d\u2019autres universit\u00e9s fran\u00e7aises (ex : r\u00e9orientation apr\u00e8s la PACES), les \u00e9tudiants titulaires d\u2019un DUT (Chimie ou Mesures physiques) ou d\u2019un BTS chimie, et les \u00e9l\u00e8ves des CPGE se font uniquement par dossier \u00e9lectronique sur la plateforme <a href=\"https:\/\/ecandidat.uha.fr\" target=\"_blank\" rel=\"noopener\">e-candidat.uha.fr<\/a>.<br \/>\n<\/div><\/div>\n<div class=\"su-spoiler su-spoiler-style-fancy su-spoiler-icon-plus-circle su-spoiler-closed\" data-scroll-offset=\"0\" data-anchor-in-url=\"no\"><div class=\"su-spoiler-title\" tabindex=\"0\" role=\"button\"><span class=\"su-spoiler-icon\"><\/span>Poursuite d\u2019\u00e9tudes<\/div><div class=\"su-spoiler-content su-u-clearfix su-u-trim\">La poursuite d\u2019\u00e9tude se fera, selon le projet professionnel de l\u2019\u00e9tudiant et sous certaines conditions, dans<\/p>\n<ul>\n<li>un master \u00ab\u00a0Chimie\u00a0\u00bb ou un Master \u00ab\u00a0Mat\u00e9riaux\/Formulation\u00a0\u00bb ou un Master \u00ab\u00a0Risques et Environnement\u00a0\u00bb (formations FST).<\/li>\n<li>un Master de pr\u00e9paration aux m\u00e9tiers de l\u2019enseignement (Master MEEF Physique et Chimie, Agr\u00e9gation)<\/li>\n<li>une \u00e9cole d\u2019ing\u00e9nieurs du domaine Chimie ou Chimie-Physique.<\/li>\n<\/ul>\n<p>\u00c0 l\u2019issue de la 2<sup>\u00e8me<\/sup> ann\u00e9e, l\u2019acc\u00e8s en Licence Professionnelle (3<sup>\u00e8me<\/sup> ann\u00e9e) est \u00e9galement possible localement avec :<\/p>\n<ol>\n<li>un parcours Licence Pro \u00ab \u00c9nergie et G\u00e9nie Climatique &#8211; \u00c9nergies nouvelles &amp; D\u00e9veloppement Durable \u00bb<\/li>\n<li>un parcours Licence Pro \u00ab Plasturgie et Mat\u00e9riaux Composites : Applications industrielles des mat\u00e9riaux polym\u00e8res \u00bb.<\/li>\n<\/ol>\n<p>Les d\u00e9bouch\u00e9s concernent les m\u00e9tiers de la chimie tels que :<\/p>\n<ul>\n<li>technicien sup\u00e9rieur chimiste,<\/li>\n<li>cadre technique ou ing\u00e9nieur,<\/li>\n<li>chercheur,<\/li>\n<li>enseignant.<\/li>\n<\/ul>\n<\/div><\/div>\n<div class=\"su-spoiler su-spoiler-style-fancy su-spoiler-icon-plus-circle su-spoiler-closed\" data-scroll-offset=\"0\" data-anchor-in-url=\"no\"><div class=\"su-spoiler-title\" tabindex=\"0\" role=\"button\"><span class=\"su-spoiler-icon\"><\/span>Modalit\u00e9s d\u2019enseignements<\/div><div class=\"su-spoiler-content su-u-clearfix su-u-trim\">La licence de Chimie comprend un volume d\u2019enseignement d\u2019environ 1600 heures sur 3 ans. Ces enseignements, r\u00e9partis en cours, Travaux dirig\u00e9s (TD), Travaux pratiques (TP) et Projets, sont regroup\u00e9s en Unit\u00e9s d&rsquo;Enseignement (UE) auxquelles sont affect\u00e9s un nombre d\u2019ECTS (European Credits Transfer System). Un semestre universitaire repr\u00e9sente 30 ECTS et le dipl\u00f4me de licence est d\u00e9livr\u00e9 apr\u00e8s l\u2019obtention de 180 ECTS.<\/p>\n<p>Les enseignements sont r\u00e9partis en UE disciplinaires (math\u00e9matiques, informatique, physique, chimie), des UE d\u2019ouverture et des UE transversales (m\u00e9thodologie, expression, langues).<\/p>\n<p>La professionnalisation est introduite par l\u2019existence, \u00e0 chaque semestre, d\u2019un UE visant \u00e0 pr\u00e9parer l\u2019\u00e9tudiant dans le cadre de son projet professionnel :<\/p>\n<p><strong>En 1<sup>\u00e8re<\/sup> ann\u00e9e<\/strong> :<\/p>\n<ul>\n<li>m\u00e9thodologie de travail<\/li>\n<li>Projet Professionnel Personnel (PPP) et outils informatiques<\/li>\n<\/ul>\n<p><strong>En 2<sup>\u00e8me<\/sup> ann\u00e9e<\/strong> :<\/p>\n<ul>\n<li>m\u00e9thodologies d\u2019expression<\/li>\n<li>pr\u00e9vention des risques chimique et physique<\/li>\n<li>TP sous forme de projet o\u00f9 l\u2019\u00e9tudiant d\u00e9veloppe lui-m\u00eame son exp\u00e9rimentation sur un sujet choisi en ad\u00e9quation avec son projet professionnel<\/li>\n<\/ul>\n<p><strong>En 3<sup>\u00e8me<\/sup> ann\u00e9e<\/strong> :<\/p>\n<ul>\n<li>pr\u00e9paration au stage<\/li>\n<li>recherche documentaire.<\/li>\n<\/ul>\n<p>L\u2019\u00e9tudiant aura \u00e9galement la possibilit\u00e9 d\u2019int\u00e9grer le monde professionnel au travers d\u2019UE d\u2019immersion : stage obligatoire (8 semaines en 3<sup>\u00e8me<\/sup> ann\u00e9e) ou stage volontaire.<br \/>\n<\/div><\/div>\n<div class=\"su-spoiler su-spoiler-style-fancy su-spoiler-icon-plus-circle su-spoiler-closed\" data-scroll-offset=\"0\" data-anchor-in-url=\"no\"><div class=\"su-spoiler-title\" tabindex=\"0\" role=\"button\"><span class=\"su-spoiler-icon\"><\/span>Programme<\/div><div class=\"su-spoiler-content su-u-clearfix su-u-trim\">La premi\u00e8re ann\u00e9e de la formation, commune avec le parcours \u00ab Physique \u00bb et \u00ab Gestion des Risques Environnement \u00bb de la licence mention \u00ab Physique, Chimie \u00bb, est pluridisciplinaire avec des UE telles que math\u00e9matiques, informatique, physique, chimie et des UE transversales (m\u00e9thodologie, expression, langues).<\/p>\n<p>Cette formation scientifique g\u00e9n\u00e9rale se poursuit au semestre 3 pour se sp\u00e9cialiser progressivement en chimie au 4<sup>\u00e8me<\/sup> semestre avec des enseignements sp\u00e9cifiques tels que la r\u00e9activit\u00e9 en Chimie Organique, la Chimie Inorganique, la Chimie-Physique et des Travaux Pratiques de Chimie r\u00e9alis\u00e9s dans le cadre d\u2019un projet.<\/p>\n<p>La 3<sup>\u00e8me<\/sup> ann\u00e9e permet aux \u00e9tudiants d\u2019approfondir leurs connaissances dans les diff\u00e9rents domaines de la chimie avec une part importante de TP (&gt; 160h). C\u2019est aussi l\u2019opportunit\u00e9 d\u2019affiner leur projet professionnel par le choix d\u2019une option de 60h &#8211; Chimie mol\u00e9culaire ou Science des Mat\u00e9riaux &#8211; et d\u2019un stage (8 semaines) r\u00e9alis\u00e9 dans l\u2019industrie ou un laboratoire de recherche acad\u00e9mique.<br \/>\n<\/div><\/div>\n<div class=\"su-spoiler su-spoiler-style-fancy su-spoiler-icon-plus-circle su-spoiler-closed\" data-scroll-offset=\"0\" data-anchor-in-url=\"no\"><div class=\"su-spoiler-title\" tabindex=\"0\" role=\"button\"><span class=\"su-spoiler-icon\"><\/span>Stage<\/div><div class=\"su-spoiler-content su-u-clearfix su-u-trim\">Stage obligatoire en L3 : stage en entreprise, en laboratoire de recherche ou dans un \u00e9tablissement d\u2019enseignement du primaire ou du secondaire.<br \/>\nDur\u00e9e du stage : 8 semaines<br \/>\n<\/div><\/div>\n<div class=\"su-spoiler su-spoiler-style-fancy su-spoiler-icon-plus-circle su-spoiler-closed\" data-scroll-offset=\"0\" data-anchor-in-url=\"no\"><div class=\"su-spoiler-title\" tabindex=\"0\" role=\"button\"><span class=\"su-spoiler-icon\"><\/span>Ouverture \u00e0 l'international<\/div><div class=\"su-spoiler-content su-u-clearfix su-u-trim\">Dans le cadre d&rsquo;<a href=\"http:\/\/www.eucor-uni.org\/\">Eucor &#8211; Le Campus europ\u00e9en<\/a>, tous les \u00e9tudiants de l\u2019<a href=\"http:\/\/www.uha.fr\/\">Universit\u00e9 de Haute-Alsace<\/a>, peuvent s\u2019ils le souhaitent, exercer une UE libre en Allemagne ou en Suisse.<\/p>\n<p>L\u2019\u00e9tudiant a \u00e9galement la possibilit\u00e9 d\u2019effectuer un semestre ou une ann\u00e9e \u00e0 l\u2019\u00e9tranger dans le cadre du programme Erasmus+.<br \/>\n<\/div><\/div>\n<div class=\"su-spoiler su-spoiler-style-fancy su-spoiler-icon-plus-circle su-spoiler-closed\" data-scroll-offset=\"0\" data-anchor-in-url=\"no\"><div class=\"su-spoiler-title\" tabindex=\"0\" role=\"button\"><span class=\"su-spoiler-icon\"><\/span>Les plus de la formation<\/div><div class=\"su-spoiler-content su-u-clearfix su-u-trim\">\n<ul>\n<li>Afin de faciliter la transition Lyc\u00e9e-Universit\u00e9, les enseignements de premi\u00e8re ann\u00e9e sont r\u00e9alis\u00e9s en petits groupes (Cours\/TD int\u00e9gr\u00e9).<\/li>\n<li>Des enseignements sous forme de projets sont \u00e9galement propos\u00e9s dans le cadre des TP et d\u2019UE professionnalisantes.<\/li>\n<li>Certains enseignements et projets sont r\u00e9alis\u00e9s en anglais en 2<sup>\u00e8me<\/sup> et 3<sup>\u00e8me<\/sup> ann\u00e9e.<\/li>\n<\/ul>\n<\/div><\/div>\n<\/div>\n<\/div><\/div>\n<div class=\"su-column su-column-size-1-4\"><div class=\"su-column-inner su-u-clearfix su-u-trim\">\n<h2><img loading=\"lazy\" decoding=\"async\" class=\"alignnone size-medium wp-image-3575\" src=\"https:\/\/www.fst.uha.fr\/wp-content\/uploads\/2022\/12\/DL_01_DNL_blanc-260x300.png\" alt=\"\" width=\"260\" height=\"300\" srcset=\"https:\/\/www.fst.uha.fr\/wp-content\/uploads\/2022\/12\/DL_01_DNL_blanc-260x300.png 260w, https:\/\/www.fst.uha.fr\/wp-content\/uploads\/2022\/12\/DL_01_DNL_blanc.png 600w\" sizes=\"auto, (max-width: 260px) 100vw, 260px\" \/><\/h2>\n<h2>Responsable<\/h2>\n<p>Monsieur Arnaud PONCHE<br \/>\nCourriel : <a href=\"mailto:arnaud.ponche@uha.fr\">arnaud.ponche@uha.fr<\/a><br \/>\n<div class=\"su-divider su-divider-style-default\" style=\"margin:15px 0;border-width:3px;border-color:#999999\"><\/div>\n<h2>Scolarit\u00e9<\/h2>\n<p>Madame Sol\u00e8ne MOUNIS<br \/>\nCourriel : <a href=\"mailto:solene.mounis@uha.fr\">solene.mounis@uha.fr\u00a0<\/a><br \/>\nT\u00e9l. : <a href=\"tel:0389336210\">+33 (0)3 89 33 62 10<\/a><div class=\"su-divider su-divider-style-default\" style=\"margin:15px 0;border-width:3px;border-color:#999999\"><\/div>\n<h2>En savoir plus<\/h2>\n<ul>\n<li><a href=\"https:\/\/www.fst.uha.fr\/wp-content\/uploads\/2025\/01\/Plaquette-Licence-Chimie.pdf\" target=\"_blank\" rel=\"noopener noreferrer\">Plaquette licence de Chimie<\/a><\/li>\n<li><a href=\"https:\/\/www.fst.uha.fr\/wp-content\/uploads\/2018\/06\/Programme-d\u00e9taill\u00e9-licence-chimie-.pdf\" target=\"_blank\" rel=\"noopener noreferrer\">Programme d\u00e9taill\u00e9 de la licence de Chimie<\/a><\/li>\n<li><a href=\"https:\/\/www.francecompetences.fr\/recherche\/rncp\/38979\/\" target=\"_blank\" rel=\"noopener\">Certification RNCP &#8211; France comp\u00e9tences<\/a><\/li>\n<\/ul>\n<span class=\"su-lightbox\" data-mfp-src=\"https:\/\/www.youtube-nocookie.com\/embed\/q2mHJGp6qEE\" data-mfp-type=\"iframe\" data-mobile=\"yes\">\n<p><img loading=\"lazy\" decoding=\"async\" class=\"wp-image-3291 aligncenter\" src=\"https:\/\/www.fst.uha.fr\/wp-content\/uploads\/2022\/04\/miniature-physique-chimie-environnement.jpg\" alt=\"Licence Physique Chimie Environnement\" width=\"575\" height=\"303\" srcset=\"https:\/\/www.fst.uha.fr\/wp-content\/uploads\/2022\/04\/miniature-physique-chimie-environnement.jpg 1278w, https:\/\/www.fst.uha.fr\/wp-content\/uploads\/2022\/04\/miniature-physique-chimie-environnement-300x158.jpg 300w, https:\/\/www.fst.uha.fr\/wp-content\/uploads\/2022\/04\/miniature-physique-chimie-environnement-1024x539.jpg 1024w, https:\/\/www.fst.uha.fr\/wp-content\/uploads\/2022\/04\/miniature-physique-chimie-environnement-768x404.jpg 768w\" sizes=\"auto, (max-width: 575px) 100vw, 575px\" \/><\/p>\n<p>&nbsp;<\/p>\n<\/span>\n<\/div><\/div><\/div>\n","protected":false},"excerpt":{"rendered":"<p>Licences &gt; Licence de Chimie Lien vers la formation sur PARCOURSUP 2026<\/p>\n","protected":false},"author":1,"featured_media":0,"parent":85,"menu_order":0,"comment_status":"closed","ping_status":"closed","template":"","meta":{"footnotes":""},"categories":[],"tags":[],"class_list":["post-87","page","type-page","status-publish","hentry"],"yoast_head":"<!-- This site is optimized with the Yoast SEO plugin v27.0 - https:\/\/yoast.com\/product\/yoast-seo-wordpress\/ -->\n<title>Licence de Chimie - FST - Facult\u00e9 des Sciences de Mulhouse<\/title>\n<meta name=\"description\" content=\"Une formation visant \u00e0 apporter aux \u00e9tudiants une solide formation scientifique g\u00e9n\u00e9rale compl\u00e9t\u00e9e par une sp\u00e9cialisation progressive en chimie.\" \/>\n<meta name=\"robots\" content=\"index, follow, max-snippet:-1, max-image-preview:large, max-video-preview:-1\" \/>\n<link rel=\"canonical\" href=\"https:\/\/www.fst.uha.fr\/index.php\/formations\/licences\/licence-chimie\/\" \/>\n<meta property=\"og:locale\" content=\"fr_FR\" \/>\n<meta property=\"og:type\" content=\"article\" \/>\n<meta property=\"og:title\" content=\"Licence de Chimie - FST - Facult\u00e9 des Sciences de Mulhouse\" \/>\n<meta property=\"og:description\" content=\"Une formation visant \u00e0 apporter aux \u00e9tudiants une solide formation scientifique g\u00e9n\u00e9rale compl\u00e9t\u00e9e par une sp\u00e9cialisation progressive en chimie.\" \/>\n<meta property=\"og:url\" content=\"https:\/\/www.fst.uha.fr\/index.php\/formations\/licences\/licence-chimie\/\" \/>\n<meta property=\"og:site_name\" content=\"FST - Facult\u00e9 des Sciences et Techniques | Universit\u00e9 de Haute-Alsace\" \/>\n<meta property=\"article:modified_time\" content=\"2026-01-23T08:51:59+00:00\" \/>\n<meta property=\"og:image\" content=\"https:\/\/www.fst.uha.fr\/wp-content\/uploads\/2018\/04\/chimie.png\" \/>\n\t<meta property=\"og:image:width\" content=\"1920\" \/>\n\t<meta property=\"og:image:height\" content=\"501\" \/>\n\t<meta property=\"og:image:type\" content=\"image\/png\" \/>\n<meta name=\"twitter:card\" content=\"summary_large_image\" \/>\n<meta name=\"twitter:label1\" content=\"Dur\u00e9e de lecture estim\u00e9e\" \/>\n\t<meta name=\"twitter:data1\" content=\"6 minutes\" \/>\n<script type=\"application\/ld+json\" class=\"yoast-schema-graph\">{\"@context\":\"https:\/\/schema.org\",\"@graph\":[{\"@type\":\"WebPage\",\"@id\":\"https:\/\/www.fst.uha.fr\/index.php\/formations\/licences\/licence-chimie\/\",\"url\":\"https:\/\/www.fst.uha.fr\/index.php\/formations\/licences\/licence-chimie\/\",\"name\":\"Licence de Chimie - FST - Facult\u00e9 des Sciences de Mulhouse\",\"isPartOf\":{\"@id\":\"https:\/\/www.fst.uha.fr\/#website\"},\"primaryImageOfPage\":{\"@id\":\"https:\/\/www.fst.uha.fr\/index.php\/formations\/licences\/licence-chimie\/#primaryimage\"},\"image\":{\"@id\":\"https:\/\/www.fst.uha.fr\/index.php\/formations\/licences\/licence-chimie\/#primaryimage\"},\"thumbnailUrl\":\"https:\/\/www.fst.uha.fr\/wp-content\/uploads\/2018\/04\/chimie.png\",\"datePublished\":\"2018-04-25T12:53:10+00:00\",\"dateModified\":\"2026-01-23T08:51:59+00:00\",\"description\":\"Une formation visant \u00e0 apporter aux \u00e9tudiants une solide formation scientifique g\u00e9n\u00e9rale compl\u00e9t\u00e9e par une sp\u00e9cialisation progressive en chimie.\",\"breadcrumb\":{\"@id\":\"https:\/\/www.fst.uha.fr\/index.php\/formations\/licences\/licence-chimie\/#breadcrumb\"},\"inLanguage\":\"fr-FR\",\"potentialAction\":[{\"@type\":\"ReadAction\",\"target\":[\"https:\/\/www.fst.uha.fr\/index.php\/formations\/licences\/licence-chimie\/\"]}]},{\"@type\":\"ImageObject\",\"inLanguage\":\"fr-FR\",\"@id\":\"https:\/\/www.fst.uha.fr\/index.php\/formations\/licences\/licence-chimie\/#primaryimage\",\"url\":\"https:\/\/www.fst.uha.fr\/wp-content\/uploads\/2018\/04\/chimie.png\",\"contentUrl\":\"https:\/\/www.fst.uha.fr\/wp-content\/uploads\/2018\/04\/chimie.png\"},{\"@type\":\"BreadcrumbList\",\"@id\":\"https:\/\/www.fst.uha.fr\/index.php\/formations\/licences\/licence-chimie\/#breadcrumb\",\"itemListElement\":[{\"@type\":\"ListItem\",\"position\":1,\"name\":\"Accueil\",\"item\":\"https:\/\/www.fst.uha.fr\/\"},{\"@type\":\"ListItem\",\"position\":2,\"name\":\"Nos formations\",\"item\":\"https:\/\/www.fst.uha.fr\/index.php\/formations\/\"},{\"@type\":\"ListItem\",\"position\":3,\"name\":\"Licences\",\"item\":\"https:\/\/www.fst.uha.fr\/index.php\/formations\/licences\/\"},{\"@type\":\"ListItem\",\"position\":4,\"name\":\"Licence de Chimie\"}]},{\"@type\":\"WebSite\",\"@id\":\"https:\/\/www.fst.uha.fr\/#website\",\"url\":\"https:\/\/www.fst.uha.fr\/\",\"name\":\"FST - Facult\u00e9 des Sciences et Techniques | Universit\u00e9 de Haute-Alsace\",\"description\":\"Campus Illberg | Universit\u00e9 de Haute-Alsace\",\"potentialAction\":[{\"@type\":\"SearchAction\",\"target\":{\"@type\":\"EntryPoint\",\"urlTemplate\":\"https:\/\/www.fst.uha.fr\/?s={search_term_string}\"},\"query-input\":{\"@type\":\"PropertyValueSpecification\",\"valueRequired\":true,\"valueName\":\"search_term_string\"}}],\"inLanguage\":\"fr-FR\"}]}<\/script>\n<!-- \/ Yoast SEO plugin. -->","yoast_head_json":{"title":"Licence de Chimie - FST - Facult\u00e9 des Sciences de Mulhouse","description":"Une formation visant \u00e0 apporter aux \u00e9tudiants une solide formation scientifique g\u00e9n\u00e9rale compl\u00e9t\u00e9e par une sp\u00e9cialisation progressive en chimie.","robots":{"index":"index","follow":"follow","max-snippet":"max-snippet:-1","max-image-preview":"max-image-preview:large","max-video-preview":"max-video-preview:-1"},"canonical":"https:\/\/www.fst.uha.fr\/index.php\/formations\/licences\/licence-chimie\/","og_locale":"fr_FR","og_type":"article","og_title":"Licence de Chimie - FST - Facult\u00e9 des Sciences de Mulhouse","og_description":"Une formation visant \u00e0 apporter aux \u00e9tudiants une solide formation scientifique g\u00e9n\u00e9rale compl\u00e9t\u00e9e par une sp\u00e9cialisation progressive en chimie.","og_url":"https:\/\/www.fst.uha.fr\/index.php\/formations\/licences\/licence-chimie\/","og_site_name":"FST - Facult\u00e9 des Sciences et Techniques | Universit\u00e9 de Haute-Alsace","article_modified_time":"2026-01-23T08:51:59+00:00","og_image":[{"width":1920,"height":501,"url":"https:\/\/www.fst.uha.fr\/wp-content\/uploads\/2018\/04\/chimie.png","type":"image\/png"}],"twitter_card":"summary_large_image","twitter_misc":{"Dur\u00e9e de lecture estim\u00e9e":"6 minutes"},"schema":{"@context":"https:\/\/schema.org","@graph":[{"@type":"WebPage","@id":"https:\/\/www.fst.uha.fr\/index.php\/formations\/licences\/licence-chimie\/","url":"https:\/\/www.fst.uha.fr\/index.php\/formations\/licences\/licence-chimie\/","name":"Licence de Chimie - FST - Facult\u00e9 des Sciences de Mulhouse","isPartOf":{"@id":"https:\/\/www.fst.uha.fr\/#website"},"primaryImageOfPage":{"@id":"https:\/\/www.fst.uha.fr\/index.php\/formations\/licences\/licence-chimie\/#primaryimage"},"image":{"@id":"https:\/\/www.fst.uha.fr\/index.php\/formations\/licences\/licence-chimie\/#primaryimage"},"thumbnailUrl":"https:\/\/www.fst.uha.fr\/wp-content\/uploads\/2018\/04\/chimie.png","datePublished":"2018-04-25T12:53:10+00:00","dateModified":"2026-01-23T08:51:59+00:00","description":"Une formation visant \u00e0 apporter aux \u00e9tudiants une solide formation scientifique g\u00e9n\u00e9rale compl\u00e9t\u00e9e par une sp\u00e9cialisation progressive en chimie.","breadcrumb":{"@id":"https:\/\/www.fst.uha.fr\/index.php\/formations\/licences\/licence-chimie\/#breadcrumb"},"inLanguage":"fr-FR","potentialAction":[{"@type":"ReadAction","target":["https:\/\/www.fst.uha.fr\/index.php\/formations\/licences\/licence-chimie\/"]}]},{"@type":"ImageObject","inLanguage":"fr-FR","@id":"https:\/\/www.fst.uha.fr\/index.php\/formations\/licences\/licence-chimie\/#primaryimage","url":"https:\/\/www.fst.uha.fr\/wp-content\/uploads\/2018\/04\/chimie.png","contentUrl":"https:\/\/www.fst.uha.fr\/wp-content\/uploads\/2018\/04\/chimie.png"},{"@type":"BreadcrumbList","@id":"https:\/\/www.fst.uha.fr\/index.php\/formations\/licences\/licence-chimie\/#breadcrumb","itemListElement":[{"@type":"ListItem","position":1,"name":"Accueil","item":"https:\/\/www.fst.uha.fr\/"},{"@type":"ListItem","position":2,"name":"Nos formations","item":"https:\/\/www.fst.uha.fr\/index.php\/formations\/"},{"@type":"ListItem","position":3,"name":"Licences","item":"https:\/\/www.fst.uha.fr\/index.php\/formations\/licences\/"},{"@type":"ListItem","position":4,"name":"Licence de Chimie"}]},{"@type":"WebSite","@id":"https:\/\/www.fst.uha.fr\/#website","url":"https:\/\/www.fst.uha.fr\/","name":"FST - Facult\u00e9 des Sciences et Techniques | Universit\u00e9 de Haute-Alsace","description":"Campus Illberg | Universit\u00e9 de Haute-Alsace","potentialAction":[{"@type":"SearchAction","target":{"@type":"EntryPoint","urlTemplate":"https:\/\/www.fst.uha.fr\/?s={search_term_string}"},"query-input":{"@type":"PropertyValueSpecification","valueRequired":true,"valueName":"search_term_string"}}],"inLanguage":"fr-FR"}]}},"_links":{"self":[{"href":"https:\/\/www.fst.uha.fr\/index.php\/wp-json\/wp\/v2\/pages\/87","targetHints":{"allow":["GET"]}}],"collection":[{"href":"https:\/\/www.fst.uha.fr\/index.php\/wp-json\/wp\/v2\/pages"}],"about":[{"href":"https:\/\/www.fst.uha.fr\/index.php\/wp-json\/wp\/v2\/types\/page"}],"author":[{"embeddable":true,"href":"https:\/\/www.fst.uha.fr\/index.php\/wp-json\/wp\/v2\/users\/1"}],"replies":[{"embeddable":true,"href":"https:\/\/www.fst.uha.fr\/index.php\/wp-json\/wp\/v2\/comments?post=87"}],"version-history":[{"count":40,"href":"https:\/\/www.fst.uha.fr\/index.php\/wp-json\/wp\/v2\/pages\/87\/revisions"}],"predecessor-version":[{"id":5384,"href":"https:\/\/www.fst.uha.fr\/index.php\/wp-json\/wp\/v2\/pages\/87\/revisions\/5384"}],"up":[{"embeddable":true,"href":"https:\/\/www.fst.uha.fr\/index.php\/wp-json\/wp\/v2\/pages\/85"}],"wp:attachment":[{"href":"https:\/\/www.fst.uha.fr\/index.php\/wp-json\/wp\/v2\/media?parent=87"}],"wp:term":[{"taxonomy":"category","embeddable":true,"href":"https:\/\/www.fst.uha.fr\/index.php\/wp-json\/wp\/v2\/categories?post=87"},{"taxonomy":"post_tag","embeddable":true,"href":"https:\/\/www.fst.uha.fr\/index.php\/wp-json\/wp\/v2\/tags?post=87"}],"curies":[{"name":"wp","href":"https:\/\/api.w.org\/{rel}","templated":true}]}}