{"id":895,"date":"2018-04-19T16:24:09","date_gmt":"2018-04-19T14:24:09","guid":{"rendered":"https:\/\/www.fst.uha.fr\/?page_id=895"},"modified":"2025-09-22T16:04:57","modified_gmt":"2025-09-22T14:04:57","slug":"reglementation","status":"publish","type":"page","link":"https:\/\/www.fst.uha.fr\/index.php\/formations\/reglementation\/","title":{"rendered":"R\u00e8glementation &#038; documents importants"},"content":{"rendered":"<p>Retrouvez ici l&rsquo;int\u00e9gralit\u00e9 des r\u00e8glements \u00e0 appliquer et les documents essentiels lorsque l&rsquo;on \u00e9tudie \u00e0 la FST.<\/p>\n<div class=\"su-row\">\n<div class=\"su-column su-column-size-1-2\"><div class=\"su-column-inner su-u-clearfix su-u-trim\">\n<h2>R\u00e8glements g\u00e9n\u00e9raux<\/h2>\n<ul>\n<li><a href=\"https:\/\/www.fst.uha.fr\/wp-content\/uploads\/2025\/08\/INFORMATIONS-IMPORTANTES-REGLES-PARTICULIERES-FST-LICENCE-MASTER-2.pdf\" target=\"_blank\" rel=\"noopener noreferrer\">Informations importantes<\/a><\/li>\n<li><a href=\"https:\/\/www.fst.uha.fr\/wp-content\/uploads\/2024\/11\/REGLEMENT-INTERIEUR-FST-20-09-2024-travail-Vvotee-relu-GT.pdf\" target=\"_blank\" rel=\"noopener noreferrer\">R\u00e8glement int\u00e9rieur de la FST<\/a><\/li>\n<li><a href=\"https:\/\/www.fst.uha.fr\/wp-content\/uploads\/2022\/10\/Reglement-des-examens-UHA-2020.pdf\" target=\"_blank\" rel=\"noopener noreferrer\">R\u00e8glement des examens<\/a><\/li>\n<li><a href=\"https:\/\/www.fst.uha.fr\/wp-content\/uploads\/2024\/07\/Regles-generales-du-cursus-Licence_approuvees_CFVU_du_18042024.pdf\" target=\"_blank\" rel=\"noopener noreferrer\">R\u00e8gles g\u00e9n\u00e9rales de contr\u00f4le des connaissances (Cursus licence)<\/a><\/li>\n<li><a href=\"https:\/\/www.fst.uha.fr\/wp-content\/uploads\/2024\/07\/Regles-generales-Master_approuvees_CFVU_du_18042024.pdf\" target=\"_blank\" rel=\"noopener\">R\u00e8gles g\u00e9n\u00e9rales de contr\u00f4le des connaissances (Cursus master)<\/a><\/li>\n<li><a href=\"https:\/\/www.fst.uha.fr\/wp-content\/uploads\/2024\/07\/Regles-generales-LP_CFVU-du-23-Mai-2024.pdf\" target=\"_blank\" rel=\"noopener\">R\u00e8gles g\u00e9n\u00e9rales de contr\u00f4le des connaissances (Cursus licence professionnelle)<\/a><\/li>\n<\/ul>\n<p>&nbsp;<\/p>\n<\/div><\/div>\n<div class=\"su-column su-column-size-1-2\"><div class=\"su-column-inner su-u-clearfix su-u-trim\">\n<h2>R\u00e8glement informatique<\/h2>\n<ul>\n<li><a href=\"https:\/\/www.fst.uha.fr\/wp-content\/uploads\/2018\/06\/CHUHA_V3.0.pdf\">Charte li\u00e9e \u00e0 l&rsquo;utilisation des ressources informatiques de l&rsquo;UHA<\/a><\/li>\n<\/ul>\n<\/div><\/div>\n<div class=\"su-column su-column-size-1-2\"><div class=\"su-column-inner su-u-clearfix su-u-trim\">\n<h2>R\u00e8glement Hygi\u00e8ne et S\u00e9curit\u00e9<\/h2>\n<ul>\n<li><a href=\"https:\/\/www.fst.uha.fr\/wp-content\/uploads\/2023\/10\/2023_ENSCMu_Charte-Hygiene-Securite.pdf\" target=\"_blank\" rel=\"noopener\">Charte li\u00e9e \u00e0 l&rsquo;hygi\u00e8ne et s\u00e9curit\u00e9<\/a><\/li>\n<\/ul>\n<\/div><\/div>\n<\/div>\n<div class=\"su-row\">\n<div class=\"su-column su-column-size-1-2\"><div class=\"su-column-inner su-u-clearfix su-u-trim\">\n<h2>Documents Importants<\/h2>\n<p><a href=\"https:\/\/www.fst.uha.fr\/index.php\/livret-etudiant\/\" target=\"_blank\" rel=\"noopener\">Lien vers les livrets \u00e9tudiants<\/a><\/p>\n<p><a href=\"https:\/\/www.fst.uha.fr\/wp-content\/uploads\/2025\/09\/Dossier-de-demande-RSE-25.26-FST.docx\" target=\"_blank\" rel=\"noopener\">Demande de r\u00e9gime sp\u00e9cial d&rsquo;\u00e9tudes &#8211; RSE<\/a><\/p>\n<p><a href=\"https:\/\/www.fst.uha.fr\/wp-content\/uploads\/2025\/09\/Note-RSE-25-26.pdf\" target=\"_blank\" rel=\"noopener\">Note RSE 2025-2026<\/a><\/p>\n<p><a href=\"https:\/\/www.fst.uha.fr\/wp-content\/uploads\/2024\/08\/Demande-duplicata-releve-notes.docx\" target=\"_blank\" rel=\"noopener\">Duplicata de relev\u00e9 de notes<\/a><\/p>\n<p><a href=\"https:\/\/www.fst.uha.fr\/wp-content\/uploads\/2024\/08\/Demande-duplicata-attestation-reussite.docx\" target=\"_blank\" rel=\"noopener\">Duplicata d&rsquo;attestation de r\u00e9ussite<\/a><\/p>\n<p><a href=\"https:\/\/www.fst.uha.fr\/wp-content\/uploads\/2020\/08\/Document-plagiat.pdf\" target=\"_blank\" rel=\"noopener noreferrer\">Formulaire d&rsquo;information sur le plagiat<\/a>.<\/p>\n<\/div><\/div>\n<div class=\"su-column su-column-size-1-2\"><div class=\"su-column-inner su-u-clearfix su-u-trim\">\n<h2>Certificat de scolarit\u00e9<\/h2>\n<p>Le certificat de scolarit\u00e9 est un document important, qui est valable pour la dur\u00e9e d&rsquo;une ann\u00e9e universitaire, et qui peut notamment \u00eatre n\u00e9cessaire lorsque vous demandez certaines aides sociales ou dispositifs particuliers (bourses CROUS, logement \u00e9tudiant, r\u00e9ductions SNCF, adh\u00e9sion \u00e0 certaines mutuelles, revenu minimum \u00e9tudiant, r\u00e9ductions dans les transports en commun, etc.). Ce document est compl\u00e9mentaire de votre carte Pass campus. <strong>Pour y acc\u00e9der et le t\u00e9l\u00e9charger, rendez-vous sur <a href=\"http:\/\/mondossierweb.uha.fr\" target=\"_blank\" rel=\"noopener\">mondossierweb.uha.fr<\/a><\/strong><\/p>\n<\/div><\/div>\n<\/div>\n","protected":false},"excerpt":{"rendered":"<p>Retrouvez ici l&rsquo;int\u00e9gralit\u00e9 des r\u00e8glements \u00e0 appliquer et les documents essentiels lorsque l&rsquo;on \u00e9tudie \u00e0 la FST.<\/p>\n","protected":false},"author":1,"featured_media":1498,"parent":22,"menu_order":0,"comment_status":"closed","ping_status":"closed","template":"","meta":{"footnotes":""},"categories":[3,13,14,7,10],"tags":[],"class_list":["post-895","page","type-page","status-publish","has-post-thumbnail","hentry","category-actualites","category-articles","category-etudiants","category-futurs-etudiants","category-parents"],"yoast_head":"<!-- This site is optimized with the Yoast SEO plugin v27.0 - https:\/\/yoast.com\/product\/yoast-seo-wordpress\/ -->\n<title>R\u00e8glementation &amp; documents importants - FST - Facult\u00e9 des Sciences de Mulhouse<\/title>\n<meta name=\"description\" content=\"Retrouvez ici l&#039;ensemble de la r\u00e8glementation concernant la facult\u00e9 des sciences et technique de Mulhouse\" \/>\n<meta name=\"robots\" content=\"index, follow, max-snippet:-1, max-image-preview:large, max-video-preview:-1\" \/>\n<link rel=\"canonical\" href=\"https:\/\/www.fst.uha.fr\/index.php\/formations\/reglementation\/\" \/>\n<meta property=\"og:locale\" content=\"fr_FR\" \/>\n<meta property=\"og:type\" content=\"article\" \/>\n<meta property=\"og:title\" content=\"R\u00e8glementation &amp; documents importants - FST - Facult\u00e9 des Sciences de Mulhouse\" \/>\n<meta property=\"og:description\" content=\"Retrouvez ici l&#039;ensemble de la r\u00e8glementation concernant la facult\u00e9 des sciences et technique de Mulhouse\" \/>\n<meta property=\"og:url\" content=\"https:\/\/www.fst.uha.fr\/index.php\/formations\/reglementation\/\" \/>\n<meta property=\"og:site_name\" content=\"FST - Facult\u00e9 des Sciences et Techniques | Universit\u00e9 de Haute-Alsace\" \/>\n<meta property=\"article:modified_time\" content=\"2025-09-22T14:04:57+00:00\" \/>\n<meta property=\"og:image\" content=\"https:\/\/www.fst.uha.fr\/wp-content\/uploads\/2018\/07\/AdobeStock_89232349-1024x683.jpeg\" \/>\n\t<meta property=\"og:image:width\" content=\"1024\" \/>\n\t<meta property=\"og:image:height\" content=\"683\" \/>\n\t<meta property=\"og:image:type\" content=\"image\/jpeg\" \/>\n<meta name=\"twitter:card\" content=\"summary_large_image\" \/>\n<meta name=\"twitter:label1\" content=\"Dur\u00e9e de lecture estim\u00e9e\" \/>\n\t<meta name=\"twitter:data1\" content=\"2 minutes\" \/>\n<script type=\"application\/ld+json\" class=\"yoast-schema-graph\">{\"@context\":\"https:\/\/schema.org\",\"@graph\":[{\"@type\":\"WebPage\",\"@id\":\"https:\/\/www.fst.uha.fr\/index.php\/formations\/reglementation\/\",\"url\":\"https:\/\/www.fst.uha.fr\/index.php\/formations\/reglementation\/\",\"name\":\"R\u00e8glementation & documents importants - FST - Facult\u00e9 des Sciences de Mulhouse\",\"isPartOf\":{\"@id\":\"https:\/\/www.fst.uha.fr\/#website\"},\"primaryImageOfPage\":{\"@id\":\"https:\/\/www.fst.uha.fr\/index.php\/formations\/reglementation\/#primaryimage\"},\"image\":{\"@id\":\"https:\/\/www.fst.uha.fr\/index.php\/formations\/reglementation\/#primaryimage\"},\"thumbnailUrl\":\"https:\/\/www.fst.uha.fr\/wp-content\/uploads\/2018\/07\/AdobeStock_89232349.jpeg\",\"datePublished\":\"2018-04-19T14:24:09+00:00\",\"dateModified\":\"2025-09-22T14:04:57+00:00\",\"description\":\"Retrouvez ici l'ensemble de la r\u00e8glementation concernant la facult\u00e9 des sciences et technique de Mulhouse\",\"breadcrumb\":{\"@id\":\"https:\/\/www.fst.uha.fr\/index.php\/formations\/reglementation\/#breadcrumb\"},\"inLanguage\":\"fr-FR\",\"potentialAction\":[{\"@type\":\"ReadAction\",\"target\":[\"https:\/\/www.fst.uha.fr\/index.php\/formations\/reglementation\/\"]}]},{\"@type\":\"ImageObject\",\"inLanguage\":\"fr-FR\",\"@id\":\"https:\/\/www.fst.uha.fr\/index.php\/formations\/reglementation\/#primaryimage\",\"url\":\"https:\/\/www.fst.uha.fr\/wp-content\/uploads\/2018\/07\/AdobeStock_89232349.jpeg\",\"contentUrl\":\"https:\/\/www.fst.uha.fr\/wp-content\/uploads\/2018\/07\/AdobeStock_89232349.jpeg\",\"width\":5760,\"height\":3840,\"caption\":\"Couple of beautiful young classmates having fun on cell phone after class\"},{\"@type\":\"BreadcrumbList\",\"@id\":\"https:\/\/www.fst.uha.fr\/index.php\/formations\/reglementation\/#breadcrumb\",\"itemListElement\":[{\"@type\":\"ListItem\",\"position\":1,\"name\":\"Accueil\",\"item\":\"https:\/\/www.fst.uha.fr\/\"},{\"@type\":\"ListItem\",\"position\":2,\"name\":\"Nos formations\",\"item\":\"https:\/\/www.fst.uha.fr\/index.php\/formations\/\"},{\"@type\":\"ListItem\",\"position\":3,\"name\":\"R\u00e8glementation &#038; documents importants\"}]},{\"@type\":\"WebSite\",\"@id\":\"https:\/\/www.fst.uha.fr\/#website\",\"url\":\"https:\/\/www.fst.uha.fr\/\",\"name\":\"FST - Facult\u00e9 des Sciences et Techniques | Universit\u00e9 de Haute-Alsace\",\"description\":\"Campus Illberg | Universit\u00e9 de Haute-Alsace\",\"potentialAction\":[{\"@type\":\"SearchAction\",\"target\":{\"@type\":\"EntryPoint\",\"urlTemplate\":\"https:\/\/www.fst.uha.fr\/?s={search_term_string}\"},\"query-input\":{\"@type\":\"PropertyValueSpecification\",\"valueRequired\":true,\"valueName\":\"search_term_string\"}}],\"inLanguage\":\"fr-FR\"}]}<\/script>\n<!-- \/ Yoast SEO plugin. -->","yoast_head_json":{"title":"R\u00e8glementation & documents importants - FST - Facult\u00e9 des Sciences de Mulhouse","description":"Retrouvez ici l'ensemble de la r\u00e8glementation concernant la facult\u00e9 des sciences et technique de Mulhouse","robots":{"index":"index","follow":"follow","max-snippet":"max-snippet:-1","max-image-preview":"max-image-preview:large","max-video-preview":"max-video-preview:-1"},"canonical":"https:\/\/www.fst.uha.fr\/index.php\/formations\/reglementation\/","og_locale":"fr_FR","og_type":"article","og_title":"R\u00e8glementation & documents importants - FST - Facult\u00e9 des Sciences de Mulhouse","og_description":"Retrouvez ici l'ensemble de la r\u00e8glementation concernant la facult\u00e9 des sciences et technique de Mulhouse","og_url":"https:\/\/www.fst.uha.fr\/index.php\/formations\/reglementation\/","og_site_name":"FST - Facult\u00e9 des Sciences et Techniques | Universit\u00e9 de Haute-Alsace","article_modified_time":"2025-09-22T14:04:57+00:00","og_image":[{"width":1024,"height":683,"url":"https:\/\/www.fst.uha.fr\/wp-content\/uploads\/2018\/07\/AdobeStock_89232349-1024x683.jpeg","type":"image\/jpeg"}],"twitter_card":"summary_large_image","twitter_misc":{"Dur\u00e9e de lecture estim\u00e9e":"2 minutes"},"schema":{"@context":"https:\/\/schema.org","@graph":[{"@type":"WebPage","@id":"https:\/\/www.fst.uha.fr\/index.php\/formations\/reglementation\/","url":"https:\/\/www.fst.uha.fr\/index.php\/formations\/reglementation\/","name":"R\u00e8glementation & documents importants - FST - Facult\u00e9 des Sciences de Mulhouse","isPartOf":{"@id":"https:\/\/www.fst.uha.fr\/#website"},"primaryImageOfPage":{"@id":"https:\/\/www.fst.uha.fr\/index.php\/formations\/reglementation\/#primaryimage"},"image":{"@id":"https:\/\/www.fst.uha.fr\/index.php\/formations\/reglementation\/#primaryimage"},"thumbnailUrl":"https:\/\/www.fst.uha.fr\/wp-content\/uploads\/2018\/07\/AdobeStock_89232349.jpeg","datePublished":"2018-04-19T14:24:09+00:00","dateModified":"2025-09-22T14:04:57+00:00","description":"Retrouvez ici l'ensemble de la r\u00e8glementation concernant la facult\u00e9 des sciences et technique de Mulhouse","breadcrumb":{"@id":"https:\/\/www.fst.uha.fr\/index.php\/formations\/reglementation\/#breadcrumb"},"inLanguage":"fr-FR","potentialAction":[{"@type":"ReadAction","target":["https:\/\/www.fst.uha.fr\/index.php\/formations\/reglementation\/"]}]},{"@type":"ImageObject","inLanguage":"fr-FR","@id":"https:\/\/www.fst.uha.fr\/index.php\/formations\/reglementation\/#primaryimage","url":"https:\/\/www.fst.uha.fr\/wp-content\/uploads\/2018\/07\/AdobeStock_89232349.jpeg","contentUrl":"https:\/\/www.fst.uha.fr\/wp-content\/uploads\/2018\/07\/AdobeStock_89232349.jpeg","width":5760,"height":3840,"caption":"Couple of beautiful young classmates having fun on cell phone after class"},{"@type":"BreadcrumbList","@id":"https:\/\/www.fst.uha.fr\/index.php\/formations\/reglementation\/#breadcrumb","itemListElement":[{"@type":"ListItem","position":1,"name":"Accueil","item":"https:\/\/www.fst.uha.fr\/"},{"@type":"ListItem","position":2,"name":"Nos formations","item":"https:\/\/www.fst.uha.fr\/index.php\/formations\/"},{"@type":"ListItem","position":3,"name":"R\u00e8glementation &#038; documents importants"}]},{"@type":"WebSite","@id":"https:\/\/www.fst.uha.fr\/#website","url":"https:\/\/www.fst.uha.fr\/","name":"FST - Facult\u00e9 des Sciences et Techniques | Universit\u00e9 de Haute-Alsace","description":"Campus Illberg | Universit\u00e9 de Haute-Alsace","potentialAction":[{"@type":"SearchAction","target":{"@type":"EntryPoint","urlTemplate":"https:\/\/www.fst.uha.fr\/?s={search_term_string}"},"query-input":{"@type":"PropertyValueSpecification","valueRequired":true,"valueName":"search_term_string"}}],"inLanguage":"fr-FR"}]}},"_links":{"self":[{"href":"https:\/\/www.fst.uha.fr\/index.php\/wp-json\/wp\/v2\/pages\/895","targetHints":{"allow":["GET"]}}],"collection":[{"href":"https:\/\/www.fst.uha.fr\/index.php\/wp-json\/wp\/v2\/pages"}],"about":[{"href":"https:\/\/www.fst.uha.fr\/index.php\/wp-json\/wp\/v2\/types\/page"}],"author":[{"embeddable":true,"href":"https:\/\/www.fst.uha.fr\/index.php\/wp-json\/wp\/v2\/users\/1"}],"replies":[{"embeddable":true,"href":"https:\/\/www.fst.uha.fr\/index.php\/wp-json\/wp\/v2\/comments?post=895"}],"version-history":[{"count":53,"href":"https:\/\/www.fst.uha.fr\/index.php\/wp-json\/wp\/v2\/pages\/895\/revisions"}],"predecessor-version":[{"id":5203,"href":"https:\/\/www.fst.uha.fr\/index.php\/wp-json\/wp\/v2\/pages\/895\/revisions\/5203"}],"up":[{"embeddable":true,"href":"https:\/\/www.fst.uha.fr\/index.php\/wp-json\/wp\/v2\/pages\/22"}],"wp:featuredmedia":[{"embeddable":true,"href":"https:\/\/www.fst.uha.fr\/index.php\/wp-json\/wp\/v2\/media\/1498"}],"wp:attachment":[{"href":"https:\/\/www.fst.uha.fr\/index.php\/wp-json\/wp\/v2\/media?parent=895"}],"wp:term":[{"taxonomy":"category","embeddable":true,"href":"https:\/\/www.fst.uha.fr\/index.php\/wp-json\/wp\/v2\/categories?post=895"},{"taxonomy":"post_tag","embeddable":true,"href":"https:\/\/www.fst.uha.fr\/index.php\/wp-json\/wp\/v2\/tags?post=895"}],"curies":[{"name":"wp","href":"https:\/\/api.w.org\/{rel}","templated":true}]}}