{"id":9,"date":"2018-04-10T09:30:24","date_gmt":"2018-04-10T07:30:24","guid":{"rendered":"https:\/\/www.fst.uha.fr\/?page_id=9"},"modified":"2020-01-15T15:23:17","modified_gmt":"2020-01-15T14:23:17","slug":"accessibilite","status":"publish","type":"page","link":"https:\/\/www.fst.uha.fr\/index.php\/accessibilite\/","title":{"rendered":"Accessibilit\u00e9"},"content":{"rendered":"<h2>Qu\u2019est-ce-que l\u2019accessibilit\u00e9 num\u00e9rique ?<\/h2>\n<p>Selon Tim Berners-Lee (directeur du\u00a0W3C\u00a0et inventeur du World Wide Web), l\u2019accessibilit\u00e9 consiste \u00e0 mettre le web et ses services \u00e0 la disposition de tous les individus, quels que soient leur mat\u00e9riel ou logiciel, leur infrastructure r\u00e9seau, leur langue maternelle, leur culture, leur localisation g\u00e9ographique ou leurs aptitudes physiques ou mentales.<\/p>\n<p>Un site internet est \u201caccessible\u201d quand toute personne peut y naviguer sans difficult\u00e9 en utilisant un navigateur et\/ou un outil d\u2019assistance.<\/p>\n<h2>Respect des standards<\/h2>\n<p>Le code HTML est conforme \u00e0 la sp\u00e9cification HTML5. Il est test\u00e9 \u00e0 l\u2019aide du validateur HTML du W3C.<\/p>\n<p>Si malgr\u00e9 nos efforts, des erreurs \u00e9taient d\u00e9tect\u00e9es suite \u00e0 des validations, nous vous remercions de nous les signaler.<\/p>\n<h2>Structure et pr\u00e9sentation<\/h2>\n<p>La mise en forme du site est s\u00e9par\u00e9e de son contenu gr\u00e2ce \u00e0 l\u2019utilisation des feuilles de style. L\u2019utilisation des propri\u00e9t\u00e9s de positionnement CSS, en s\u00e9parant totalement pr\u00e9sentation et contenu, permet aux documents de conserver hors CSS un ordre coh\u00e9rent : titre, menus, contenu, etc.<\/p>\n<h2>Fil d\u2019ariane<\/h2>\n<p>Le fil d\u2019ariane vous indique le chemin de navigation que vous avez emprunt\u00e9 en situant la page affich\u00e9e \u00e0 l\u2019\u00e9cran et vous permet de remonter dans l\u2019arborescence.<\/p>\n<h2>Ajustement de la taille du texte ou de la page<\/h2>\n<p>Afin de permettre aux utilisateurs de modifier la pr\u00e9sentation du site, et sp\u00e9cialement la taille des caract\u00e8res affich\u00e9s, la mise en page repose sur l\u2019emploi d\u2019unit\u00e9s relatives. Ainsi, la taille du texte et\/ou de la page peut \u00eatre agrandie :<\/p>\n<ul>\n<li>Avec la majorit\u00e9 des navigateurs : Ctrl + molette de la souris<\/li>\n<li>ou Ctrl+ pour augmenter la taille de la police et Ctrl- pour la diminuer.<\/li>\n<\/ul>\n<p>Sur les versions ant\u00e9rieures \u00e0 Internet explorer 7 : dans la barre de menu en haut du navigateur, aller sur Affichage&gt; Taille du texte et choisir la taille qui vous convient.<\/p>\n<h2>Version imprimable<\/h2>\n<p>La fonction \u201cImprimer\u201d se trouve \u00e9galement, sur l\u2019ensemble des navigateurs, dans la barre de menu en haut du navigateur, sur Fichier &gt; Imprimer.<\/p>\n<p>Lors de l\u2019impression d\u2019une page, l\u2019ensemble des \u00e9l\u00e9ments de navigation du site seront masqu\u00e9s afin que vous puissiez imprimer uniquement le contenu utile de votre information. Merci de prendre en consid\u00e9ration votre responsabilit\u00e9 environnementale avant d\u2019imprimer.<\/p>\n<h2>Ajouter ce site \u00e0 vos \u201cfavoris\u201d<\/h2>\n<p>Dans la barre de menu en haut du navigateur :<\/p>\n<ul>\n<li>sous Internet Explorer : Favoris &gt; Ajouter aux favoris<\/li>\n<li>sous Mozilla Firefox : Marque-pages &gt; Marquer cette page<\/li>\n<li>sous Safari : Signets &gt; Ajouter aux signets<\/li>\n<li>sous Op\u00e9ra : Signets &gt; Signet vers la page<\/li>\n<\/ul>\n<p>Vous avez des difficult\u00e9s \u00e0 consulter ce site : nous vous remercions de nous le signaler.<\/p>\n<h2>\u00c0 savoir<\/h2>\n<p>Le logo de la FST permet par un simple clic de retourner sur <a href=\"https:\/\/www.fst.uha.fr\/\">la page d\u2019accueil.<\/a><\/p>\n","protected":false},"excerpt":{"rendered":"<p>Qu\u2019est-ce-que l\u2019accessibilit\u00e9 num\u00e9rique ? Selon Tim Berners-Lee (directeur du\u00a0W3C\u00a0et inventeur du World Wide Web), l\u2019accessibilit\u00e9 consiste \u00e0 mettre le web et ses services \u00e0 la disposition de tous les individus, quels que soient leur mat\u00e9riel ou logiciel, leur infrastructure r\u00e9seau, leur langue maternelle, leur culture, leur localisation g\u00e9ographique ou leurs aptitudes physiques ou mentales. Un [&hellip;]<\/p>\n","protected":false},"author":1,"featured_media":0,"parent":0,"menu_order":0,"comment_status":"closed","ping_status":"closed","template":"","meta":{"footnotes":""},"categories":[],"tags":[],"class_list":["post-9","page","type-page","status-publish","hentry"],"yoast_head":"<!-- This site is optimized with the Yoast SEO plugin v27.0 - https:\/\/yoast.com\/product\/yoast-seo-wordpress\/ -->\n<title>Accessibilit\u00e9 - FST - Facult\u00e9 des Sciences de Mulhouse<\/title>\n<meta name=\"robots\" content=\"index, follow, max-snippet:-1, max-image-preview:large, max-video-preview:-1\" \/>\n<link rel=\"canonical\" href=\"https:\/\/www.fst.uha.fr\/index.php\/accessibilite\/\" \/>\n<meta property=\"og:locale\" content=\"fr_FR\" \/>\n<meta property=\"og:type\" content=\"article\" \/>\n<meta property=\"og:title\" content=\"Accessibilit\u00e9 - FST - Facult\u00e9 des Sciences de Mulhouse\" \/>\n<meta property=\"og:description\" content=\"Qu\u2019est-ce-que l\u2019accessibilit\u00e9 num\u00e9rique ? Selon Tim Berners-Lee (directeur du\u00a0W3C\u00a0et inventeur du World Wide Web), l\u2019accessibilit\u00e9 consiste \u00e0 mettre le web et ses services \u00e0 la disposition de tous les individus, quels que soient leur mat\u00e9riel ou logiciel, leur infrastructure r\u00e9seau, leur langue maternelle, leur culture, leur localisation g\u00e9ographique ou leurs aptitudes physiques ou mentales. Un [&hellip;]\" \/>\n<meta property=\"og:url\" content=\"https:\/\/www.fst.uha.fr\/index.php\/accessibilite\/\" \/>\n<meta property=\"og:site_name\" content=\"FST - Facult\u00e9 des Sciences et Techniques | Universit\u00e9 de Haute-Alsace\" \/>\n<meta property=\"article:modified_time\" content=\"2020-01-15T14:23:17+00:00\" \/>\n<meta name=\"twitter:card\" content=\"summary_large_image\" \/>\n<meta name=\"twitter:label1\" content=\"Dur\u00e9e de lecture estim\u00e9e\" \/>\n\t<meta name=\"twitter:data1\" content=\"3 minutes\" \/>\n<script type=\"application\/ld+json\" class=\"yoast-schema-graph\">{\"@context\":\"https:\/\/schema.org\",\"@graph\":[{\"@type\":\"WebPage\",\"@id\":\"https:\/\/www.fst.uha.fr\/index.php\/accessibilite\/\",\"url\":\"https:\/\/www.fst.uha.fr\/index.php\/accessibilite\/\",\"name\":\"Accessibilit\u00e9 - FST - Facult\u00e9 des Sciences de Mulhouse\",\"isPartOf\":{\"@id\":\"https:\/\/www.fst.uha.fr\/#website\"},\"datePublished\":\"2018-04-10T07:30:24+00:00\",\"dateModified\":\"2020-01-15T14:23:17+00:00\",\"breadcrumb\":{\"@id\":\"https:\/\/www.fst.uha.fr\/index.php\/accessibilite\/#breadcrumb\"},\"inLanguage\":\"fr-FR\",\"potentialAction\":[{\"@type\":\"ReadAction\",\"target\":[\"https:\/\/www.fst.uha.fr\/index.php\/accessibilite\/\"]}]},{\"@type\":\"BreadcrumbList\",\"@id\":\"https:\/\/www.fst.uha.fr\/index.php\/accessibilite\/#breadcrumb\",\"itemListElement\":[{\"@type\":\"ListItem\",\"position\":1,\"name\":\"Accueil\",\"item\":\"https:\/\/www.fst.uha.fr\/\"},{\"@type\":\"ListItem\",\"position\":2,\"name\":\"Accessibilit\u00e9\"}]},{\"@type\":\"WebSite\",\"@id\":\"https:\/\/www.fst.uha.fr\/#website\",\"url\":\"https:\/\/www.fst.uha.fr\/\",\"name\":\"FST - Facult\u00e9 des Sciences et Techniques | Universit\u00e9 de Haute-Alsace\",\"description\":\"Campus Illberg | Universit\u00e9 de Haute-Alsace\",\"potentialAction\":[{\"@type\":\"SearchAction\",\"target\":{\"@type\":\"EntryPoint\",\"urlTemplate\":\"https:\/\/www.fst.uha.fr\/?s={search_term_string}\"},\"query-input\":{\"@type\":\"PropertyValueSpecification\",\"valueRequired\":true,\"valueName\":\"search_term_string\"}}],\"inLanguage\":\"fr-FR\"}]}<\/script>\n<!-- \/ Yoast SEO plugin. -->","yoast_head_json":{"title":"Accessibilit\u00e9 - FST - Facult\u00e9 des Sciences de Mulhouse","robots":{"index":"index","follow":"follow","max-snippet":"max-snippet:-1","max-image-preview":"max-image-preview:large","max-video-preview":"max-video-preview:-1"},"canonical":"https:\/\/www.fst.uha.fr\/index.php\/accessibilite\/","og_locale":"fr_FR","og_type":"article","og_title":"Accessibilit\u00e9 - FST - Facult\u00e9 des Sciences de Mulhouse","og_description":"Qu\u2019est-ce-que l\u2019accessibilit\u00e9 num\u00e9rique ? Selon Tim Berners-Lee (directeur du\u00a0W3C\u00a0et inventeur du World Wide Web), l\u2019accessibilit\u00e9 consiste \u00e0 mettre le web et ses services \u00e0 la disposition de tous les individus, quels que soient leur mat\u00e9riel ou logiciel, leur infrastructure r\u00e9seau, leur langue maternelle, leur culture, leur localisation g\u00e9ographique ou leurs aptitudes physiques ou mentales. Un [&hellip;]","og_url":"https:\/\/www.fst.uha.fr\/index.php\/accessibilite\/","og_site_name":"FST - Facult\u00e9 des Sciences et Techniques | Universit\u00e9 de Haute-Alsace","article_modified_time":"2020-01-15T14:23:17+00:00","twitter_card":"summary_large_image","twitter_misc":{"Dur\u00e9e de lecture estim\u00e9e":"3 minutes"},"schema":{"@context":"https:\/\/schema.org","@graph":[{"@type":"WebPage","@id":"https:\/\/www.fst.uha.fr\/index.php\/accessibilite\/","url":"https:\/\/www.fst.uha.fr\/index.php\/accessibilite\/","name":"Accessibilit\u00e9 - FST - Facult\u00e9 des Sciences de Mulhouse","isPartOf":{"@id":"https:\/\/www.fst.uha.fr\/#website"},"datePublished":"2018-04-10T07:30:24+00:00","dateModified":"2020-01-15T14:23:17+00:00","breadcrumb":{"@id":"https:\/\/www.fst.uha.fr\/index.php\/accessibilite\/#breadcrumb"},"inLanguage":"fr-FR","potentialAction":[{"@type":"ReadAction","target":["https:\/\/www.fst.uha.fr\/index.php\/accessibilite\/"]}]},{"@type":"BreadcrumbList","@id":"https:\/\/www.fst.uha.fr\/index.php\/accessibilite\/#breadcrumb","itemListElement":[{"@type":"ListItem","position":1,"name":"Accueil","item":"https:\/\/www.fst.uha.fr\/"},{"@type":"ListItem","position":2,"name":"Accessibilit\u00e9"}]},{"@type":"WebSite","@id":"https:\/\/www.fst.uha.fr\/#website","url":"https:\/\/www.fst.uha.fr\/","name":"FST - Facult\u00e9 des Sciences et Techniques | Universit\u00e9 de Haute-Alsace","description":"Campus Illberg | Universit\u00e9 de Haute-Alsace","potentialAction":[{"@type":"SearchAction","target":{"@type":"EntryPoint","urlTemplate":"https:\/\/www.fst.uha.fr\/?s={search_term_string}"},"query-input":{"@type":"PropertyValueSpecification","valueRequired":true,"valueName":"search_term_string"}}],"inLanguage":"fr-FR"}]}},"_links":{"self":[{"href":"https:\/\/www.fst.uha.fr\/index.php\/wp-json\/wp\/v2\/pages\/9","targetHints":{"allow":["GET"]}}],"collection":[{"href":"https:\/\/www.fst.uha.fr\/index.php\/wp-json\/wp\/v2\/pages"}],"about":[{"href":"https:\/\/www.fst.uha.fr\/index.php\/wp-json\/wp\/v2\/types\/page"}],"author":[{"embeddable":true,"href":"https:\/\/www.fst.uha.fr\/index.php\/wp-json\/wp\/v2\/users\/1"}],"replies":[{"embeddable":true,"href":"https:\/\/www.fst.uha.fr\/index.php\/wp-json\/wp\/v2\/comments?post=9"}],"version-history":[{"count":6,"href":"https:\/\/www.fst.uha.fr\/index.php\/wp-json\/wp\/v2\/pages\/9\/revisions"}],"predecessor-version":[{"id":3990,"href":"https:\/\/www.fst.uha.fr\/index.php\/wp-json\/wp\/v2\/pages\/9\/revisions\/3990"}],"wp:attachment":[{"href":"https:\/\/www.fst.uha.fr\/index.php\/wp-json\/wp\/v2\/media?parent=9"}],"wp:term":[{"taxonomy":"category","embeddable":true,"href":"https:\/\/www.fst.uha.fr\/index.php\/wp-json\/wp\/v2\/categories?post=9"},{"taxonomy":"post_tag","embeddable":true,"href":"https:\/\/www.fst.uha.fr\/index.php\/wp-json\/wp\/v2\/tags?post=9"}],"curies":[{"name":"wp","href":"https:\/\/api.w.org\/{rel}","templated":true}]}}