{"id":94,"date":"2018-04-25T14:58:38","date_gmt":"2018-04-25T12:58:38","guid":{"rendered":"https:\/\/www.fst.uha.fr\/?page_id=94"},"modified":"2019-07-18T09:42:30","modified_gmt":"2019-07-18T07:42:30","slug":"formations-transfrontalieres","status":"publish","type":"page","link":"https:\/\/www.fst.uha.fr\/index.php\/formations\/formations-transfrontalieres\/","title":{"rendered":"Formations transfrontali\u00e8res"},"content":{"rendered":"<p><img loading=\"lazy\" decoding=\"async\" class=\"alignnone size-full wp-image-754\" src=\"https:\/\/www.fst.uha.fr\/wp-content\/uploads\/2018\/06\/zefze.png\" alt=\"\" width=\"1920\" height=\"501\" srcset=\"https:\/\/www.fst.uha.fr\/wp-content\/uploads\/2018\/06\/zefze.png 1920w, https:\/\/www.fst.uha.fr\/wp-content\/uploads\/2018\/06\/zefze-300x78.png 300w, https:\/\/www.fst.uha.fr\/wp-content\/uploads\/2018\/06\/zefze-768x200.png 768w, https:\/\/www.fst.uha.fr\/wp-content\/uploads\/2018\/06\/zefze-1024x267.png 1024w\" sizes=\"auto, (max-width: 1920px) 100vw, 1920px\" \/><\/p>\n<p>Le march\u00e9 de l\u2019emploi dans la r\u00e9gion du Rhin Sup\u00e9rieur, en Europe et dans le monde a besoin d\u2019acteurs dynamiques, multilingues, faisant preuve d\u2019initiative, capables de travailler en \u00e9quipe dans des contextes culturels diff\u00e9rents. B\u00e9n\u00e9ficiant d\u2019une situation g\u00e9ographique privil\u00e9gi\u00e9e la FST propose des formations transfrontali\u00e8res binationales ou trinationales et favorise les \u00e9changes internationaux notamment avec les universit\u00e9s partenaires d&rsquo;Eucor &#8211; Le Campus europ\u00e9en (France, Allemagne, Suisse).<\/p>\n<div class=\"su-row\">\n<div class=\"su-column su-column-size-1-2\"><div class=\"su-column-inner su-u-clearfix su-u-trim\">\n<h2>Avantages de ces formations<\/h2>\n<ul>\n<li>Acqu\u00e9rir de solides connaissances dans votre sp\u00e9cialit\u00e9<\/li>\n<li>Ma\u00eetriser l\u2019allemand et l\u2019anglais \u00e0 un niveau d\u2019usage professionnel<\/li>\n<li>Apprendre et travailler en \u00e9quipe internationale<\/li>\n<li>Vivre une exp\u00e9rience d\u2019\u00e9tudes \u00e0 l\u2019\u00e9tranger<\/li>\n<li>D\u00e9velopper des comp\u00e9tences interculturelles, sociales et professionnelles pour une carri\u00e8re r\u00e9ussie<\/li>\n<\/ul>\n<h2>Conditions d&rsquo;admission<\/h2>\n<ul>\n<li>Niveau de langue \u00e0 l\u2019entr\u00e9e<\/li>\n<li>Int\u00e9r\u00eat pour la discipline enseign\u00e9e<\/li>\n<li>Licence : Baccalaur\u00e9at ou dipl\u00f4me \u00e9quivalent<\/li>\n<\/ul>\n<\/div><\/div>\n<div class=\"su-column su-column-size-1-2\"><div class=\"su-column-inner su-u-clearfix su-u-trim\">\n<h2>Formations propos\u00e9es par la FST<\/h2>\n<p>Formations binationales :<\/p>\n<ul>\n<li><a href=\"https:\/\/www.fst.uha.fr\/index.php\/formations\/licences\/licence-regio-chimica\">Licence Regio Chimica<\/a><\/li>\n<\/ul>\n<h2>Formations propos\u00e9es par l&rsquo;IUT de Mulhouse et la FST<\/h2>\n<p>Formations trinationales :<\/p>\n<ul>\n<li><a href=\"http:\/\/www.iutmulhouse.uha.fr\/management-de-projet-en-mecatronique\/management-de-projet-en-mecatronique.html\">Management de projet en m\u00e9catronique (FTM)<\/a><\/li>\n<li><a href=\"http:\/\/www.iutmulhouse.uha.fr\/information-communication-systems\/information-communication-systems.html\">Information Communication Systems (ICS)<\/a><\/li>\n<\/ul>\n<\/div><\/div>\n<\/div>\n","protected":false},"excerpt":{"rendered":"<p>Le march\u00e9 de l\u2019emploi dans la r\u00e9gion du Rhin Sup\u00e9rieur, en Europe et dans le monde a besoin d\u2019acteurs dynamiques, multilingues, faisant preuve d\u2019initiative, capables de travailler en \u00e9quipe dans des contextes culturels diff\u00e9rents. B\u00e9n\u00e9ficiant d\u2019une situation g\u00e9ographique privil\u00e9gi\u00e9e la FST propose des formations transfrontali\u00e8res binationales ou trinationales et favorise les \u00e9changes internationaux notamment avec [&hellip;]<\/p>\n","protected":false},"author":1,"featured_media":0,"parent":22,"menu_order":0,"comment_status":"closed","ping_status":"closed","template":"","meta":{"footnotes":""},"categories":[],"tags":[],"class_list":["post-94","page","type-page","status-publish","hentry"],"yoast_head":"<!-- This site is optimized with the Yoast SEO plugin v27.0 - https:\/\/yoast.com\/product\/yoast-seo-wordpress\/ -->\n<title>Formations transfrontali\u00e8res - FST - Facult\u00e9 des Sciences de Mulhouse<\/title>\n<meta name=\"description\" content=\"Situ\u00e9 au c\u0153ur de trois fronti\u00e8res, la FST d\u00e9veloppe des formations transfrontali\u00e8res transfrontali\u00e8res binationales ou trinationales et favorise les \u00e9changes internationaux.\" \/>\n<meta name=\"robots\" content=\"index, follow, max-snippet:-1, max-image-preview:large, max-video-preview:-1\" \/>\n<link rel=\"canonical\" href=\"https:\/\/www.fst.uha.fr\/index.php\/formations\/formations-transfrontalieres\/\" \/>\n<meta property=\"og:locale\" content=\"fr_FR\" \/>\n<meta property=\"og:type\" content=\"article\" \/>\n<meta property=\"og:title\" content=\"Formations transfrontali\u00e8res - FST - Facult\u00e9 des Sciences de Mulhouse\" \/>\n<meta property=\"og:description\" content=\"Situ\u00e9 au c\u0153ur de trois fronti\u00e8res, la FST d\u00e9veloppe des formations transfrontali\u00e8res transfrontali\u00e8res binationales ou trinationales et favorise les \u00e9changes internationaux.\" \/>\n<meta property=\"og:url\" content=\"https:\/\/www.fst.uha.fr\/index.php\/formations\/formations-transfrontalieres\/\" \/>\n<meta property=\"og:site_name\" content=\"FST - Facult\u00e9 des Sciences et Techniques | Universit\u00e9 de Haute-Alsace\" \/>\n<meta property=\"article:modified_time\" content=\"2019-07-18T07:42:30+00:00\" \/>\n<meta property=\"og:image\" content=\"https:\/\/www.fst.uha.fr\/wp-content\/uploads\/2018\/06\/zefze.png\" \/>\n<meta name=\"twitter:card\" content=\"summary_large_image\" \/>\n<meta name=\"twitter:label1\" content=\"Dur\u00e9e de lecture estim\u00e9e\" \/>\n\t<meta name=\"twitter:data1\" content=\"1 minute\" \/>\n<script type=\"application\/ld+json\" class=\"yoast-schema-graph\">{\"@context\":\"https:\/\/schema.org\",\"@graph\":[{\"@type\":\"WebPage\",\"@id\":\"https:\/\/www.fst.uha.fr\/index.php\/formations\/formations-transfrontalieres\/\",\"url\":\"https:\/\/www.fst.uha.fr\/index.php\/formations\/formations-transfrontalieres\/\",\"name\":\"Formations transfrontali\u00e8res - FST - Facult\u00e9 des Sciences de Mulhouse\",\"isPartOf\":{\"@id\":\"https:\/\/www.fst.uha.fr\/#website\"},\"primaryImageOfPage\":{\"@id\":\"https:\/\/www.fst.uha.fr\/index.php\/formations\/formations-transfrontalieres\/#primaryimage\"},\"image\":{\"@id\":\"https:\/\/www.fst.uha.fr\/index.php\/formations\/formations-transfrontalieres\/#primaryimage\"},\"thumbnailUrl\":\"https:\/\/www.fst.uha.fr\/wp-content\/uploads\/2018\/06\/zefze.png\",\"datePublished\":\"2018-04-25T12:58:38+00:00\",\"dateModified\":\"2019-07-18T07:42:30+00:00\",\"description\":\"Situ\u00e9 au c\u0153ur de trois fronti\u00e8res, la FST d\u00e9veloppe des formations transfrontali\u00e8res transfrontali\u00e8res binationales ou trinationales et favorise les \u00e9changes internationaux.\",\"breadcrumb\":{\"@id\":\"https:\/\/www.fst.uha.fr\/index.php\/formations\/formations-transfrontalieres\/#breadcrumb\"},\"inLanguage\":\"fr-FR\",\"potentialAction\":[{\"@type\":\"ReadAction\",\"target\":[\"https:\/\/www.fst.uha.fr\/index.php\/formations\/formations-transfrontalieres\/\"]}]},{\"@type\":\"ImageObject\",\"inLanguage\":\"fr-FR\",\"@id\":\"https:\/\/www.fst.uha.fr\/index.php\/formations\/formations-transfrontalieres\/#primaryimage\",\"url\":\"https:\/\/www.fst.uha.fr\/wp-content\/uploads\/2018\/06\/zefze.png\",\"contentUrl\":\"https:\/\/www.fst.uha.fr\/wp-content\/uploads\/2018\/06\/zefze.png\",\"width\":1920,\"height\":501},{\"@type\":\"BreadcrumbList\",\"@id\":\"https:\/\/www.fst.uha.fr\/index.php\/formations\/formations-transfrontalieres\/#breadcrumb\",\"itemListElement\":[{\"@type\":\"ListItem\",\"position\":1,\"name\":\"Accueil\",\"item\":\"https:\/\/www.fst.uha.fr\/\"},{\"@type\":\"ListItem\",\"position\":2,\"name\":\"Nos formations\",\"item\":\"https:\/\/www.fst.uha.fr\/index.php\/formations\/\"},{\"@type\":\"ListItem\",\"position\":3,\"name\":\"Formations transfrontali\u00e8res\"}]},{\"@type\":\"WebSite\",\"@id\":\"https:\/\/www.fst.uha.fr\/#website\",\"url\":\"https:\/\/www.fst.uha.fr\/\",\"name\":\"FST - Facult\u00e9 des Sciences et Techniques | Universit\u00e9 de Haute-Alsace\",\"description\":\"Campus Illberg | Universit\u00e9 de Haute-Alsace\",\"potentialAction\":[{\"@type\":\"SearchAction\",\"target\":{\"@type\":\"EntryPoint\",\"urlTemplate\":\"https:\/\/www.fst.uha.fr\/?s={search_term_string}\"},\"query-input\":{\"@type\":\"PropertyValueSpecification\",\"valueRequired\":true,\"valueName\":\"search_term_string\"}}],\"inLanguage\":\"fr-FR\"}]}<\/script>\n<!-- \/ Yoast SEO plugin. -->","yoast_head_json":{"title":"Formations transfrontali\u00e8res - FST - Facult\u00e9 des Sciences de Mulhouse","description":"Situ\u00e9 au c\u0153ur de trois fronti\u00e8res, la FST d\u00e9veloppe des formations transfrontali\u00e8res transfrontali\u00e8res binationales ou trinationales et favorise les \u00e9changes internationaux.","robots":{"index":"index","follow":"follow","max-snippet":"max-snippet:-1","max-image-preview":"max-image-preview:large","max-video-preview":"max-video-preview:-1"},"canonical":"https:\/\/www.fst.uha.fr\/index.php\/formations\/formations-transfrontalieres\/","og_locale":"fr_FR","og_type":"article","og_title":"Formations transfrontali\u00e8res - FST - Facult\u00e9 des Sciences de Mulhouse","og_description":"Situ\u00e9 au c\u0153ur de trois fronti\u00e8res, la FST d\u00e9veloppe des formations transfrontali\u00e8res transfrontali\u00e8res binationales ou trinationales et favorise les \u00e9changes internationaux.","og_url":"https:\/\/www.fst.uha.fr\/index.php\/formations\/formations-transfrontalieres\/","og_site_name":"FST - Facult\u00e9 des Sciences et Techniques | Universit\u00e9 de Haute-Alsace","article_modified_time":"2019-07-18T07:42:30+00:00","og_image":[{"url":"https:\/\/www.fst.uha.fr\/wp-content\/uploads\/2018\/06\/zefze.png","type":"","width":"","height":""}],"twitter_card":"summary_large_image","twitter_misc":{"Dur\u00e9e de lecture estim\u00e9e":"1 minute"},"schema":{"@context":"https:\/\/schema.org","@graph":[{"@type":"WebPage","@id":"https:\/\/www.fst.uha.fr\/index.php\/formations\/formations-transfrontalieres\/","url":"https:\/\/www.fst.uha.fr\/index.php\/formations\/formations-transfrontalieres\/","name":"Formations transfrontali\u00e8res - FST - Facult\u00e9 des Sciences de Mulhouse","isPartOf":{"@id":"https:\/\/www.fst.uha.fr\/#website"},"primaryImageOfPage":{"@id":"https:\/\/www.fst.uha.fr\/index.php\/formations\/formations-transfrontalieres\/#primaryimage"},"image":{"@id":"https:\/\/www.fst.uha.fr\/index.php\/formations\/formations-transfrontalieres\/#primaryimage"},"thumbnailUrl":"https:\/\/www.fst.uha.fr\/wp-content\/uploads\/2018\/06\/zefze.png","datePublished":"2018-04-25T12:58:38+00:00","dateModified":"2019-07-18T07:42:30+00:00","description":"Situ\u00e9 au c\u0153ur de trois fronti\u00e8res, la FST d\u00e9veloppe des formations transfrontali\u00e8res transfrontali\u00e8res binationales ou trinationales et favorise les \u00e9changes internationaux.","breadcrumb":{"@id":"https:\/\/www.fst.uha.fr\/index.php\/formations\/formations-transfrontalieres\/#breadcrumb"},"inLanguage":"fr-FR","potentialAction":[{"@type":"ReadAction","target":["https:\/\/www.fst.uha.fr\/index.php\/formations\/formations-transfrontalieres\/"]}]},{"@type":"ImageObject","inLanguage":"fr-FR","@id":"https:\/\/www.fst.uha.fr\/index.php\/formations\/formations-transfrontalieres\/#primaryimage","url":"https:\/\/www.fst.uha.fr\/wp-content\/uploads\/2018\/06\/zefze.png","contentUrl":"https:\/\/www.fst.uha.fr\/wp-content\/uploads\/2018\/06\/zefze.png","width":1920,"height":501},{"@type":"BreadcrumbList","@id":"https:\/\/www.fst.uha.fr\/index.php\/formations\/formations-transfrontalieres\/#breadcrumb","itemListElement":[{"@type":"ListItem","position":1,"name":"Accueil","item":"https:\/\/www.fst.uha.fr\/"},{"@type":"ListItem","position":2,"name":"Nos formations","item":"https:\/\/www.fst.uha.fr\/index.php\/formations\/"},{"@type":"ListItem","position":3,"name":"Formations transfrontali\u00e8res"}]},{"@type":"WebSite","@id":"https:\/\/www.fst.uha.fr\/#website","url":"https:\/\/www.fst.uha.fr\/","name":"FST - Facult\u00e9 des Sciences et Techniques | Universit\u00e9 de Haute-Alsace","description":"Campus Illberg | Universit\u00e9 de Haute-Alsace","potentialAction":[{"@type":"SearchAction","target":{"@type":"EntryPoint","urlTemplate":"https:\/\/www.fst.uha.fr\/?s={search_term_string}"},"query-input":{"@type":"PropertyValueSpecification","valueRequired":true,"valueName":"search_term_string"}}],"inLanguage":"fr-FR"}]}},"_links":{"self":[{"href":"https:\/\/www.fst.uha.fr\/index.php\/wp-json\/wp\/v2\/pages\/94","targetHints":{"allow":["GET"]}}],"collection":[{"href":"https:\/\/www.fst.uha.fr\/index.php\/wp-json\/wp\/v2\/pages"}],"about":[{"href":"https:\/\/www.fst.uha.fr\/index.php\/wp-json\/wp\/v2\/types\/page"}],"author":[{"embeddable":true,"href":"https:\/\/www.fst.uha.fr\/index.php\/wp-json\/wp\/v2\/users\/1"}],"replies":[{"embeddable":true,"href":"https:\/\/www.fst.uha.fr\/index.php\/wp-json\/wp\/v2\/comments?post=94"}],"version-history":[{"count":18,"href":"https:\/\/www.fst.uha.fr\/index.php\/wp-json\/wp\/v2\/pages\/94\/revisions"}],"predecessor-version":[{"id":1943,"href":"https:\/\/www.fst.uha.fr\/index.php\/wp-json\/wp\/v2\/pages\/94\/revisions\/1943"}],"up":[{"embeddable":true,"href":"https:\/\/www.fst.uha.fr\/index.php\/wp-json\/wp\/v2\/pages\/22"}],"wp:attachment":[{"href":"https:\/\/www.fst.uha.fr\/index.php\/wp-json\/wp\/v2\/media?parent=94"}],"wp:term":[{"taxonomy":"category","embeddable":true,"href":"https:\/\/www.fst.uha.fr\/index.php\/wp-json\/wp\/v2\/categories?post=94"},{"taxonomy":"post_tag","embeddable":true,"href":"https:\/\/www.fst.uha.fr\/index.php\/wp-json\/wp\/v2\/tags?post=94"}],"curies":[{"name":"wp","href":"https:\/\/api.w.org\/{rel}","templated":true}]}}