{"id":96,"date":"2018-04-25T14:59:05","date_gmt":"2018-04-25T12:59:05","guid":{"rendered":"https:\/\/www.fst.uha.fr\/?page_id=96"},"modified":"2025-10-01T15:01:07","modified_gmt":"2025-10-01T13:01:07","slug":"formations-par-apprentissage","status":"publish","type":"page","link":"https:\/\/www.fst.uha.fr\/index.php\/formations\/formations-par-apprentissage\/","title":{"rendered":"Formations par apprentissage"},"content":{"rendered":"<p><img loading=\"lazy\" decoding=\"async\" class=\"alignnone size-full wp-image-810\" src=\"https:\/\/www.fst.uha.fr\/wp-content\/uploads\/2018\/06\/fgerge.png\" alt=\"\" width=\"1920\" height=\"501\" srcset=\"https:\/\/www.fst.uha.fr\/wp-content\/uploads\/2018\/06\/fgerge.png 1920w, https:\/\/www.fst.uha.fr\/wp-content\/uploads\/2018\/06\/fgerge-300x78.png 300w, https:\/\/www.fst.uha.fr\/wp-content\/uploads\/2018\/06\/fgerge-768x200.png 768w, https:\/\/www.fst.uha.fr\/wp-content\/uploads\/2018\/06\/fgerge-1024x267.png 1024w\" sizes=\"auto, (max-width: 1920px) 100vw, 1920px\" \/><\/p>\n<p>L\u2019apprentissage s\u2019adresse aux jeunes de 15 \u00e0 25 ans qui veulent pr\u00e9parer un dipl\u00f4me de fa\u00e7on pratique \u00e0 la fois en entreprise et au CFA (centre de formation d\u2019apprentis). L\u2019apprenti est li\u00e9 \u00e0 l\u2019entreprise par un contrat d\u2019apprentissage qui est un contrat de travail. Celui-ci formalise les engagements de l\u2019employeur et de l\u2019apprenti.<\/p>\n<div class=\"su-row\">\n<div class=\"su-column su-column-size-2-3\"><div class=\"su-column-inner su-u-clearfix su-u-trim\">\n<h2>Formations en apprentissage \u00e0 la FST<\/h2>\n<p>La facult\u00e9 propose 3 Licences et 4 Masters r\u00e9alisables en apprentissage :<\/p>\n<div class=\"su-service\"><div class=\"su-service-title\" style=\"padding-left:46px;min-height:32px;line-height:32px\"><i class=\"sui sui-graduation-cap\" style=\"font-size:32px;color:#004996\"><\/i> Licence Professionnelle Valorisation des agroressources \u2013 parcours Vins d\u2019Avenir<\/div><div class=\"su-service-content su-u-clearfix su-u-trim\" style=\"padding-left:46px\"><a href=\"https:\/\/www.fst.uha.fr\/index.php\/formations\/licences\/licence-professionnelle-valorisation-des-agroressources-vins-avenir\/\" target=\"_blank\" rel=\"noopener\">En savoir plus<\/a><\/div><\/div>\n<div class=\"su-service\"><div class=\"su-service-title\" style=\"padding-left:46px;min-height:32px;line-height:32px\"><i class=\"sui sui-graduation-cap\" style=\"font-size:32px;color:#004996\"><\/i> Licence Professionnelle Valorisation des agroressources \u2013 parcours Bi\u00e8res et Spiritueux<\/div><div class=\"su-service-content su-u-clearfix su-u-trim\" style=\"padding-left:46px\"><a href=\"https:\/\/www.fst.uha.fr\/index.php\/formations\/licences\/licence-professionnelle-valorisation-des-agroressources-parcours-bieres-et-spiritueux\/\" target=\"_blank\" rel=\"noopener\">En savoir plus<\/a><\/div><\/div>\n<div class=\"su-service\"><div class=\"su-service-title\" style=\"padding-left:46px;min-height:32px;line-height:32px\"><i class=\"sui sui-graduation-cap\" style=\"font-size:32px;color:#004996\"><\/i> Licence Environnement, S\u00e9curit\u00e9, Risques<\/div><div class=\"su-service-content su-u-clearfix su-u-trim\" style=\"padding-left:46px\"><a href=\"https:\/\/www.fst.uha.fr\/index.php\/formations\/licences\/licence-environnement-securite-risques\/\" target=\"_blank\" rel=\"noopener\">En savoir plus<\/a><\/div><\/div>\n<p>&nbsp;<\/p>\n<div class=\"su-service\"><div class=\"su-service-title\" style=\"padding-left:46px;min-height:32px;line-height:32px\"><i class=\"sui sui-graduation-cap\" style=\"font-size:32px;color:#004996\"><\/i> Master \u00c9lectronique, \u00c9nergie \u00e9lectrique, Automatique<\/div><div class=\"su-service-content su-u-clearfix su-u-trim\" style=\"padding-left:46px\"><a href=\"https:\/\/www.fst.uha.fr\/index.php\/formations\/masters\/master-automatique-et-informatique-industrielle-systemes-embarques\/\" target=\"_blank\" rel=\"noopener\">En savoir plus<\/a><\/div><\/div>\n<div class=\"su-service\"><div class=\"su-service-title\" style=\"padding-left:46px;min-height:32px;line-height:32px\"><i class=\"sui sui-graduation-cap\" style=\"font-size:32px;color:#004996\"><\/i> Master M\u00e9thodes Informatiques Appliqu\u00e9es \u00e0 la Gestion des Entreprises - MIAGE<\/div><div class=\"su-service-content su-u-clearfix su-u-trim\" style=\"padding-left:46px\"><a href=\"https:\/\/www.fst.uha.fr\/index.php\/formations\/masters\/master-miage\/\">En savoir plus<\/a><\/div><\/div>\n<div class=\"su-service\"><div class=\"su-service-title\" style=\"padding-left:46px;min-height:32px;line-height:32px\"><i class=\"sui sui-graduation-cap\" style=\"font-size:32px;color:#004996\"><\/i> Master Risques et Environnement<\/div><div class=\"su-service-content su-u-clearfix su-u-trim\" style=\"padding-left:46px\">Accessible en double comp\u00e9tence Management de Projet, plus d\u2019informations sur la page de chaque master :<br \/>\n&#8211; <a href=\"https:\/\/www.fst.uha.fr\/index.php\/formations\/masters\/master-risques-technologiques-securite\/\">Parcours Sp\u00e9cialit\u00e9 Risques Technologiques, S\u00e9curit\u00e9<\/a><br \/>\n&#8211; <a href=\"https:\/\/www.fst.uha.fr\/index.php\/formations\/masters\/master-ingenierie-environnementale-et-energies-nouvelles\/\">Parcours Sp\u00e9cialit\u00e9 Ing\u00e9nierie Environnementale et \u00c9nergies Nouvelles<\/a><\/div><\/div>\n<div class=\"su-service\"><div class=\"su-service-title\" style=\"padding-left:46px;min-height:32px;line-height:32px\"><i class=\"sui sui-graduation-cap\" style=\"font-size:32px;color:#004996\"><\/i> Master Sciences et G\u00e9nie des Mat\u00e9riaux<\/div><div class=\"su-service-content su-u-clearfix su-u-trim\" style=\"padding-left:46px\"><a href=\"https:\/\/www.fst.uha.fr\/index.php\/formations\/masters\/sciences-et-genie-des-materiaux\/\" target=\"_blank\" rel=\"noopener\">En savoir plus<\/a><\/div><\/div>\n<div class=\"su-service\"><div class=\"su-service-title\" style=\"padding-left:46px;min-height:32px;line-height:32px\"><i class=\"sui sui-graduation-cap\" style=\"font-size:32px;color:#004996\"><\/i> Master Sciences et technologies de l\u2019agriculture, de l\u2019alimentation et de l\u2019environnement :<\/div><div class=\"su-service-content su-u-clearfix su-u-trim\" style=\"padding-left:46px\">\n&#8211; <a href=\"https:\/\/www.fst.uha.fr\/index.php\/formations\/masters\/master-st2ae-franco-allemand-oenologie-et-viticulture\/\" target=\"_blank\" rel=\"noopener\">Parcours franco-allemand \u0152nologie et Viticulture (MoVE)<\/a><br \/>\n&#8211; <a href=\"https:\/\/www.fst.uha.fr\/index.php\/formations\/masters\/master-st2ae-sciences-agronomiques-et-environnementales\/\" target=\"_blank\" rel=\"noopener\">Parcours Sciences Agronomiques et Environnementales<\/a><br \/>\n&#8211; <a href=\"https:\/\/www.fst.uha.fr\/index.php\/formations\/masters\/master-st2ae-sciences-alimentaires-et-qualite\/\" target=\"_blank\" rel=\"noopener\">Parcours Sciences Alimentaires et Qualit\u00e9<\/a><br \/>\n&#8211; <a href=\"https:\/\/www.fst.uha.fr\/index.php\/formations\/masters\/master-st2ae-viticulture-durable\/\" target=\"_blank\" rel=\"noopener\">Parcours Viticulture Durable<\/a><br \/>\n<\/div><\/div>\n<\/div><\/div>\n<div class=\"su-column su-column-size-1-3\"><div class=\"su-column-inner su-u-clearfix su-u-trim\">\n<h2>Avantages de l\u2019apprentissage<\/h2>\n<ul>\n<li>une formation alliant la th\u00e9orie \u00e0 la pratique<\/li>\n<li>une insertion dans le monde du travail facilit\u00e9e par une exp\u00e9rience professionnelle<\/li>\n<li>un statut de salari\u00e9<\/li>\n<li>une formation gratuite et r\u00e9mun\u00e9r\u00e9e<\/li>\n<li>un taux de r\u00e9ussite remarquable aux examens<\/li>\n<li>un dipl\u00f4me identique \u00e0 celui obtenu en formation initiale temps plein<\/li>\n<\/ul>\n<\/div><\/div>\n<\/div>\n<div class=\"su-box su-box-style-default\" id=\"\" style=\"border-color:#000000;border-radius:3px;\"><div class=\"su-box-title\" style=\"background-color:#333333;color:#FFFFFF;border-top-left-radius:1px;border-top-right-radius:1px\">Points importants<\/div><div class=\"su-box-content su-u-clearfix su-u-trim\" style=\"border-bottom-left-radius:1px;border-bottom-right-radius:1px\">\n<p>Depuis le 1<sup>er<\/sup> novembre 2016, les \u00e9tudiants \u00e9trangers ne peuvent plus signer de contrat d&rsquo;apprentissage ou de professionnalisation durant leur premi\u00e8re ann\u00e9e d&rsquo;\u00e9tude en France. Ils devront attendre la 2<sup>\u00e8me<\/sup> ann\u00e9e pour pouvoir devenir apprenti.<\/p>\n<p>Depuis le 1<sup>er<\/sup> janvier 2017, toute personne \u00e2g\u00e9e de 26 \u00e0 30 ans r\u00e9volus peut signer un contrat d&rsquo;apprentissage en R\u00e9gion Grand Est, \u00e0 condition :<\/p>\n<ul>\n<li>que le contrat d\u00e9bute avant le 31<sup>\u00e8me<\/sup> anniversaire de l&rsquo;apprenti,<\/li>\n<li>que la formation suivie par l&rsquo;apprenti soit dispens\u00e9e dans un CFA situ\u00e9 dans le Grand Est, quel que soit le lieu d&rsquo;implantation de l&rsquo;entreprise.<\/li>\n<\/ul>\n<p>Il n\u2019y a pas de limite d\u2019\u00e2ge pour les personnes reconnues travailleurs handicap\u00e9s.<\/p>\n<\/div><\/div>\n<p>Plus d&rsquo;informations sur <a href=\"http:\/\/www.cfau.fr\/\">le site web du CFAU<\/a><\/p>\n","protected":false},"excerpt":{"rendered":"<p>L\u2019apprentissage s\u2019adresse aux jeunes de 15 \u00e0 25 ans qui veulent pr\u00e9parer un dipl\u00f4me de fa\u00e7on pratique \u00e0 la fois en entreprise et au CFA (centre de formation d\u2019apprentis). L\u2019apprenti est li\u00e9 \u00e0 l\u2019entreprise par un contrat d\u2019apprentissage qui est un contrat de travail. Celui-ci formalise les engagements de l\u2019employeur et de l\u2019apprenti. Plus d&rsquo;informations [&hellip;]<\/p>\n","protected":false},"author":1,"featured_media":0,"parent":22,"menu_order":0,"comment_status":"closed","ping_status":"closed","template":"","meta":{"footnotes":""},"categories":[],"tags":[],"class_list":["post-96","page","type-page","status-publish","hentry"],"yoast_head":"<!-- This site is optimized with the Yoast SEO plugin v27.0 - https:\/\/yoast.com\/product\/yoast-seo-wordpress\/ -->\n<title>Formations par apprentissage - FST - Facult\u00e9 des Sciences de Mulhouse<\/title>\n<meta name=\"description\" content=\"L\u2019apprentissage s\u2019adresse aux jeunes de 15 \u00e0 25 ans qui veulent pr\u00e9parer un dipl\u00f4me de fa\u00e7on pratique \u00e0 la fois en entreprise et au CFA.\" \/>\n<meta name=\"robots\" content=\"index, follow, max-snippet:-1, max-image-preview:large, max-video-preview:-1\" \/>\n<link rel=\"canonical\" href=\"https:\/\/www.fst.uha.fr\/index.php\/formations\/formations-par-apprentissage\/\" \/>\n<meta property=\"og:locale\" content=\"fr_FR\" \/>\n<meta property=\"og:type\" content=\"article\" \/>\n<meta property=\"og:title\" content=\"Formations par apprentissage - FST - Facult\u00e9 des Sciences de Mulhouse\" \/>\n<meta property=\"og:description\" content=\"L\u2019apprentissage s\u2019adresse aux jeunes de 15 \u00e0 25 ans qui veulent pr\u00e9parer un dipl\u00f4me de fa\u00e7on pratique \u00e0 la fois en entreprise et au CFA.\" \/>\n<meta property=\"og:url\" content=\"https:\/\/www.fst.uha.fr\/index.php\/formations\/formations-par-apprentissage\/\" \/>\n<meta property=\"og:site_name\" content=\"FST - Facult\u00e9 des Sciences et Techniques | Universit\u00e9 de Haute-Alsace\" \/>\n<meta property=\"article:modified_time\" content=\"2025-10-01T13:01:07+00:00\" \/>\n<meta property=\"og:image\" content=\"https:\/\/www.fst.uha.fr\/wp-content\/uploads\/2018\/06\/fgerge.png\" \/>\n\t<meta property=\"og:image:width\" content=\"1920\" \/>\n\t<meta property=\"og:image:height\" content=\"501\" \/>\n\t<meta property=\"og:image:type\" content=\"image\/png\" \/>\n<meta name=\"twitter:card\" content=\"summary_large_image\" \/>\n<meta name=\"twitter:label1\" content=\"Dur\u00e9e de lecture estim\u00e9e\" \/>\n\t<meta name=\"twitter:data1\" content=\"3 minutes\" \/>\n<script type=\"application\/ld+json\" class=\"yoast-schema-graph\">{\"@context\":\"https:\/\/schema.org\",\"@graph\":[{\"@type\":\"WebPage\",\"@id\":\"https:\/\/www.fst.uha.fr\/index.php\/formations\/formations-par-apprentissage\/\",\"url\":\"https:\/\/www.fst.uha.fr\/index.php\/formations\/formations-par-apprentissage\/\",\"name\":\"Formations par apprentissage - FST - Facult\u00e9 des Sciences de Mulhouse\",\"isPartOf\":{\"@id\":\"https:\/\/www.fst.uha.fr\/#website\"},\"primaryImageOfPage\":{\"@id\":\"https:\/\/www.fst.uha.fr\/index.php\/formations\/formations-par-apprentissage\/#primaryimage\"},\"image\":{\"@id\":\"https:\/\/www.fst.uha.fr\/index.php\/formations\/formations-par-apprentissage\/#primaryimage\"},\"thumbnailUrl\":\"https:\/\/www.fst.uha.fr\/wp-content\/uploads\/2018\/06\/fgerge.png\",\"datePublished\":\"2018-04-25T12:59:05+00:00\",\"dateModified\":\"2025-10-01T13:01:07+00:00\",\"description\":\"L\u2019apprentissage s\u2019adresse aux jeunes de 15 \u00e0 25 ans qui veulent pr\u00e9parer un dipl\u00f4me de fa\u00e7on pratique \u00e0 la fois en entreprise et au CFA.\",\"breadcrumb\":{\"@id\":\"https:\/\/www.fst.uha.fr\/index.php\/formations\/formations-par-apprentissage\/#breadcrumb\"},\"inLanguage\":\"fr-FR\",\"potentialAction\":[{\"@type\":\"ReadAction\",\"target\":[\"https:\/\/www.fst.uha.fr\/index.php\/formations\/formations-par-apprentissage\/\"]}]},{\"@type\":\"ImageObject\",\"inLanguage\":\"fr-FR\",\"@id\":\"https:\/\/www.fst.uha.fr\/index.php\/formations\/formations-par-apprentissage\/#primaryimage\",\"url\":\"https:\/\/www.fst.uha.fr\/wp-content\/uploads\/2018\/06\/fgerge.png\",\"contentUrl\":\"https:\/\/www.fst.uha.fr\/wp-content\/uploads\/2018\/06\/fgerge.png\",\"width\":1920,\"height\":501},{\"@type\":\"BreadcrumbList\",\"@id\":\"https:\/\/www.fst.uha.fr\/index.php\/formations\/formations-par-apprentissage\/#breadcrumb\",\"itemListElement\":[{\"@type\":\"ListItem\",\"position\":1,\"name\":\"Accueil\",\"item\":\"https:\/\/www.fst.uha.fr\/\"},{\"@type\":\"ListItem\",\"position\":2,\"name\":\"Nos formations\",\"item\":\"https:\/\/www.fst.uha.fr\/index.php\/formations\/\"},{\"@type\":\"ListItem\",\"position\":3,\"name\":\"Formations par apprentissage\"}]},{\"@type\":\"WebSite\",\"@id\":\"https:\/\/www.fst.uha.fr\/#website\",\"url\":\"https:\/\/www.fst.uha.fr\/\",\"name\":\"FST - Facult\u00e9 des Sciences et Techniques | Universit\u00e9 de Haute-Alsace\",\"description\":\"Campus Illberg | Universit\u00e9 de Haute-Alsace\",\"potentialAction\":[{\"@type\":\"SearchAction\",\"target\":{\"@type\":\"EntryPoint\",\"urlTemplate\":\"https:\/\/www.fst.uha.fr\/?s={search_term_string}\"},\"query-input\":{\"@type\":\"PropertyValueSpecification\",\"valueRequired\":true,\"valueName\":\"search_term_string\"}}],\"inLanguage\":\"fr-FR\"}]}<\/script>\n<!-- \/ Yoast SEO plugin. -->","yoast_head_json":{"title":"Formations par apprentissage - FST - Facult\u00e9 des Sciences de Mulhouse","description":"L\u2019apprentissage s\u2019adresse aux jeunes de 15 \u00e0 25 ans qui veulent pr\u00e9parer un dipl\u00f4me de fa\u00e7on pratique \u00e0 la fois en entreprise et au CFA.","robots":{"index":"index","follow":"follow","max-snippet":"max-snippet:-1","max-image-preview":"max-image-preview:large","max-video-preview":"max-video-preview:-1"},"canonical":"https:\/\/www.fst.uha.fr\/index.php\/formations\/formations-par-apprentissage\/","og_locale":"fr_FR","og_type":"article","og_title":"Formations par apprentissage - FST - Facult\u00e9 des Sciences de Mulhouse","og_description":"L\u2019apprentissage s\u2019adresse aux jeunes de 15 \u00e0 25 ans qui veulent pr\u00e9parer un dipl\u00f4me de fa\u00e7on pratique \u00e0 la fois en entreprise et au CFA.","og_url":"https:\/\/www.fst.uha.fr\/index.php\/formations\/formations-par-apprentissage\/","og_site_name":"FST - Facult\u00e9 des Sciences et Techniques | Universit\u00e9 de Haute-Alsace","article_modified_time":"2025-10-01T13:01:07+00:00","og_image":[{"width":1920,"height":501,"url":"https:\/\/www.fst.uha.fr\/wp-content\/uploads\/2018\/06\/fgerge.png","type":"image\/png"}],"twitter_card":"summary_large_image","twitter_misc":{"Dur\u00e9e de lecture estim\u00e9e":"3 minutes"},"schema":{"@context":"https:\/\/schema.org","@graph":[{"@type":"WebPage","@id":"https:\/\/www.fst.uha.fr\/index.php\/formations\/formations-par-apprentissage\/","url":"https:\/\/www.fst.uha.fr\/index.php\/formations\/formations-par-apprentissage\/","name":"Formations par apprentissage - FST - Facult\u00e9 des Sciences de Mulhouse","isPartOf":{"@id":"https:\/\/www.fst.uha.fr\/#website"},"primaryImageOfPage":{"@id":"https:\/\/www.fst.uha.fr\/index.php\/formations\/formations-par-apprentissage\/#primaryimage"},"image":{"@id":"https:\/\/www.fst.uha.fr\/index.php\/formations\/formations-par-apprentissage\/#primaryimage"},"thumbnailUrl":"https:\/\/www.fst.uha.fr\/wp-content\/uploads\/2018\/06\/fgerge.png","datePublished":"2018-04-25T12:59:05+00:00","dateModified":"2025-10-01T13:01:07+00:00","description":"L\u2019apprentissage s\u2019adresse aux jeunes de 15 \u00e0 25 ans qui veulent pr\u00e9parer un dipl\u00f4me de fa\u00e7on pratique \u00e0 la fois en entreprise et au CFA.","breadcrumb":{"@id":"https:\/\/www.fst.uha.fr\/index.php\/formations\/formations-par-apprentissage\/#breadcrumb"},"inLanguage":"fr-FR","potentialAction":[{"@type":"ReadAction","target":["https:\/\/www.fst.uha.fr\/index.php\/formations\/formations-par-apprentissage\/"]}]},{"@type":"ImageObject","inLanguage":"fr-FR","@id":"https:\/\/www.fst.uha.fr\/index.php\/formations\/formations-par-apprentissage\/#primaryimage","url":"https:\/\/www.fst.uha.fr\/wp-content\/uploads\/2018\/06\/fgerge.png","contentUrl":"https:\/\/www.fst.uha.fr\/wp-content\/uploads\/2018\/06\/fgerge.png","width":1920,"height":501},{"@type":"BreadcrumbList","@id":"https:\/\/www.fst.uha.fr\/index.php\/formations\/formations-par-apprentissage\/#breadcrumb","itemListElement":[{"@type":"ListItem","position":1,"name":"Accueil","item":"https:\/\/www.fst.uha.fr\/"},{"@type":"ListItem","position":2,"name":"Nos formations","item":"https:\/\/www.fst.uha.fr\/index.php\/formations\/"},{"@type":"ListItem","position":3,"name":"Formations par apprentissage"}]},{"@type":"WebSite","@id":"https:\/\/www.fst.uha.fr\/#website","url":"https:\/\/www.fst.uha.fr\/","name":"FST - Facult\u00e9 des Sciences et Techniques | Universit\u00e9 de Haute-Alsace","description":"Campus Illberg | Universit\u00e9 de Haute-Alsace","potentialAction":[{"@type":"SearchAction","target":{"@type":"EntryPoint","urlTemplate":"https:\/\/www.fst.uha.fr\/?s={search_term_string}"},"query-input":{"@type":"PropertyValueSpecification","valueRequired":true,"valueName":"search_term_string"}}],"inLanguage":"fr-FR"}]}},"_links":{"self":[{"href":"https:\/\/www.fst.uha.fr\/index.php\/wp-json\/wp\/v2\/pages\/96","targetHints":{"allow":["GET"]}}],"collection":[{"href":"https:\/\/www.fst.uha.fr\/index.php\/wp-json\/wp\/v2\/pages"}],"about":[{"href":"https:\/\/www.fst.uha.fr\/index.php\/wp-json\/wp\/v2\/types\/page"}],"author":[{"embeddable":true,"href":"https:\/\/www.fst.uha.fr\/index.php\/wp-json\/wp\/v2\/users\/1"}],"replies":[{"embeddable":true,"href":"https:\/\/www.fst.uha.fr\/index.php\/wp-json\/wp\/v2\/comments?post=96"}],"version-history":[{"count":30,"href":"https:\/\/www.fst.uha.fr\/index.php\/wp-json\/wp\/v2\/pages\/96\/revisions"}],"predecessor-version":[{"id":5216,"href":"https:\/\/www.fst.uha.fr\/index.php\/wp-json\/wp\/v2\/pages\/96\/revisions\/5216"}],"up":[{"embeddable":true,"href":"https:\/\/www.fst.uha.fr\/index.php\/wp-json\/wp\/v2\/pages\/22"}],"wp:attachment":[{"href":"https:\/\/www.fst.uha.fr\/index.php\/wp-json\/wp\/v2\/media?parent=96"}],"wp:term":[{"taxonomy":"category","embeddable":true,"href":"https:\/\/www.fst.uha.fr\/index.php\/wp-json\/wp\/v2\/categories?post=96"},{"taxonomy":"post_tag","embeddable":true,"href":"https:\/\/www.fst.uha.fr\/index.php\/wp-json\/wp\/v2\/tags?post=96"}],"curies":[{"name":"wp","href":"https:\/\/api.w.org\/{rel}","templated":true}]}}